{"id":24280,"date":"2023-07-24T10:10:09","date_gmt":"2023-07-24T10:10:09","guid":{"rendered":"https:\/\/www.ull.es\/portal\/cienciaull\/?page_id=24280"},"modified":"2024-02-16T13:09:38","modified_gmt":"2024-02-16T13:09:38","slug":"irene-marquez","status":"publish","type":"page","link":"https:\/\/www.ull.es\/portal\/cienciaull\/irene-marquez\/","title":{"rendered":"Irene M\u00e1rquez &#8211; Matem\u00e1tica"},"content":{"rendered":"<p>[vc_row][vc_column][vc_empty_space]\n<div id=\"rev_slider_260_1_wrapper\" class=\"rev_slider_wrapper fullwidthbanner-container\" data-source=\"gallery\" style=\"margin:0px auto;background:transparent;padding:0px;margin-top:0px;margin-bottom:0px;\">\n<!-- START REVOLUTION SLIDER 5.4.7.3 auto mode -->\n\t<div id=\"rev_slider_260_1\" class=\"rev_slider fullwidthabanner\" style=\"display:none;\" data-version=\"5.4.7.3\">\n<ul>\t<!-- SLIDE  -->\n\t<li data-index=\"rs-295\" data-transition=\"fade\" data-slotamount=\"default\" data-hideafterloop=\"0\" data-hideslideonmobile=\"off\"  data-easein=\"default\" data-easeout=\"default\" data-masterspeed=\"300\"  data-rotate=\"0\"  data-saveperformance=\"off\"  data-title=\"Slide\" data-param1=\"\" data-param2=\"\" data-param3=\"\" data-param4=\"\" data-param5=\"\" data-param6=\"\" data-param7=\"\" data-param8=\"\" data-param9=\"\" data-param10=\"\" data-description=\"\">\n\t\t<!-- MAIN IMAGE -->\n\t\t<img src=\"https:\/\/www.ull.es\/portal\/cienciaull\/wp-content\/plugins\/revslider\/admin\/assets\/images\/transparent.png\"  alt=\"\" title=\"Irene M\u00e1rquez &#8211; Matem\u00e1tica\"  data-bgposition=\"center center\" data-bgfit=\"cover\" data-bgrepeat=\"no-repeat\" class=\"rev-slidebg\" data-no-retina>\n\t\t<!-- LAYERS -->\n\n\t\t<!-- LAYER NR. 1 -->\n\t\t<div class=\"tp-caption   tp-resizeme\" \n\t\t\t id=\"slide-295-layer-1\" \n\t\t\t data-x=\"2\" \n\t\t\t data-y=\"\" \n\t\t\t\t\t\tdata-width=\"['none','none','none','none']\"\n\t\t\tdata-height=\"['none','none','none','none']\"\n \n\t\t\tdata-type=\"image\" \n\t\t\tdata-responsive_offset=\"on\" \n\n\t\t\tdata-frames='[{\"delay\":0,\"speed\":300,\"frame\":\"0\",\"from\":\"opacity:0;\",\"to\":\"o:1;\",\"ease\":\"Power3.easeInOut\"},{\"delay\":\"wait\",\"speed\":300,\"frame\":\"999\",\"to\":\"opacity:0;\",\"ease\":\"Power3.easeInOut\"}]'\n\t\t\tdata-textAlign=\"['inherit','inherit','inherit','inherit']\"\n\t\t\tdata-paddingtop=\"[0,0,0,0]\"\n\t\t\tdata-paddingright=\"[0,0,0,0]\"\n\t\t\tdata-paddingbottom=\"[0,0,0,0]\"\n\t\t\tdata-paddingleft=\"[0,0,0,0]\"\n\n\t\t\tstyle=\"z-index: 5;\"><img src=\"https:\/\/www.ull.es\/portal\/cienciaull\/wp-content\/uploads\/sites\/24\/2023\/12\/Banner-Web-Chicas-con-Cienci@ULL-Irene-Marquez.jpg\" alt=\"\" data-ww=\"1500px\" data-hh=\"500px\" width=\"1500\" height=\"500\" data-no-retina> <\/div>\n\t<\/li>\n<\/ul>\n<div class=\"tp-bannertimer tp-bottom\" style=\"visibility: hidden !important;\"><\/div>\t<\/div>\n<script>var htmlDiv = document.getElementById(\"rs-plugin-settings-inline-css\"); var htmlDivCss=\"\";\r\n\t\t\t\tif(htmlDiv) {\r\n\t\t\t\t\thtmlDiv.innerHTML = htmlDiv.innerHTML + htmlDivCss;\r\n\t\t\t\t}else{\r\n\t\t\t\t\tvar htmlDiv = document.createElement(\"div\");\r\n\t\t\t\t\thtmlDiv.innerHTML = \"<style>\" + htmlDivCss + \"<\/style>\";\r\n\t\t\t\t\tdocument.getElementsByTagName(\"head\")[0].appendChild(htmlDiv.childNodes[0]);\r\n\t\t\t\t}\r\n\t\t\t<\/script>\n\t\t<script type=\"text\/javascript\">\r\nif (setREVStartSize!==undefined) setREVStartSize(\r\n\t{c: '#rev_slider_260_1', gridwidth: [1500], gridheight: [500], sliderLayout: 'auto'});\r\n\t\t\t\r\nvar revapi260,\r\n\ttpj;\t\r\n(function() {\t\t\t\r\n\tif (!\/loaded|interactive|complete\/.test(document.readyState)) document.addEventListener(\"DOMContentLoaded\",onLoad); else onLoad();\t\r\n\tfunction onLoad() {\t\t\t\t\r\n\t\tif (tpj===undefined) { tpj = jQuery; if(\"off\" == \"on\") tpj.noConflict();}\r\n\tif(tpj(\"#rev_slider_260_1\").revolution == undefined){\n\t\trevslider_showDoubleJqueryError(\"#rev_slider_260_1\");\n\t}else{\n\t\trevapi260 = tpj(\"#rev_slider_260_1\").show().revolution({\n\t\t\tsliderType:\"hero\",\n\t\t\tjsFileLocation:\"\/\/www.ull.es\/portal\/cienciaull\/wp-content\/plugins\/revslider\/public\/assets\/js\/\",\n\t\t\tsliderLayout:\"auto\",\n\t\t\tdottedOverlay:\"none\",\n\t\t\tdelay:9000,\n\t\t\tvisibilityLevels:[1240,1024,778,480],\n\t\t\tgridwidth:1500,\n\t\t\tgridheight:500,\n\t\t\tlazyType:\"none\",\n\t\t\tshadow:0,\n\t\t\tspinner:\"spinner0\",\n\t\t\tautoHeight:\"off\",\n\t\t\tdisableProgressBar:\"on\",\n\t\t\thideThumbsOnMobile:\"off\",\n\t\t\thideSliderAtLimit:0,\n\t\t\thideCaptionAtLimit:0,\n\t\t\thideAllCaptionAtLilmit:0,\n\t\t\tdebugMode:false,\n\t\t\tfallbacks: {\n\t\t\t\tsimplifyAll:\"off\",\n\t\t\t\tdisableFocusListener:false,\n\t\t\t}\n\t\t});\n\t}; \/* END OF revapi call *\/\n\t\n }; \/* END OF ON LOAD FUNCTION *\/\r\n}()); \/* END OF WRAPPING FUNCTION *\/\r\n<\/script>\r\n\t\t<\/div><!-- END REVOLUTION SLIDER -->[\/vc_column][\/vc_row][vc_row][vc_column width=\u00bb2\/3&#8243;][vc_empty_space][vc_custom_heading text=\u00bb\u00c1rea Ciencia y Tecnolog\u00eda\u00bb font_container=\u00bbtag:h2|text_align:left|color:%23ff8034&#8243; google_fonts=\u00bbfont_family:Roboto%20Slab%3A100%2C300%2Cregular%2C700|font_style:700%20bold%20regular%3A700%3Anormal\u00bb][vc_custom_heading text=\u00bbCap\u00edtulo 18. Irene M\u00e1rquez &#8211; Matem\u00e1tica\u00bb font_container=\u00bbtag:h3|text_align:left|color:%23ff8034&#8243; google_fonts=\u00bbfont_family:Roboto%20Slab%3A100%2C300%2Cregular%2C700|font_style:700%20bold%20regular%3A700%3Anormal\u00bb][vc_custom_heading text=\u00bb<strong>Biograf\u00eda<\/strong>\u00bb font_container=\u00bbtag:h4|text_align:left|color:%23535968&#8243; google_fonts=\u00bbfont_family:Roboto%20Slab%3A100%2C300%2Cregular%2C700|font_style:700%20bold%20regular%3A700%3Anormal\u00bb][vc_column_text]<\/p>\n<p style=\"text-align: justify\">Es profesora Contratada Doctor del \u00c1rea de \u00c1lgebra del Departamento de Matem\u00e1ticas, Estad\u00edstica e I.O. (Universidad de La Laguna). Licenciada en Matem\u00e1ticas por la ULL, complet\u00f3 su formaci\u00f3n con un m\u00e1ster de investigaci\u00f3n en la especialidad de Criptograf\u00eda, redes y protocolos por la Universidad Paris Diderot (Par\u00eds VII), gracias a una beca internacional de la Caixa para estudios de post-grado y, posteriormente, con los cursos de doctorado por la Uva (Universidad de Valladolid).<\/p>\n<p style=\"text-align: justify\">Su tesis doctoral (realizada con un contrato de investigaci\u00f3n FPU y defendida en junio de 2013 con menci\u00f3n internacional) recibi\u00f3 el premio extraordinario de doctorado en Ciencias por la UVa. En su tesis, titulada \u201cA Combinatorial Commutative Algebra Approach to Complete Decoding\u201d, utiliz\u00f3 distintas t\u00e9cnicas algebraicas para atacar el problema de decodificar c\u00f3digos correctores de errores lineales. Durante el doctorado, realiz\u00f3 diversas estancias de investigaci\u00f3n en el \u201cEuler Institue for discrete Mathematics\u201d de la TUe (Holanda) que tuvieron como resultado la publicaci\u00f3n de algunos art\u00edculos considerados de impacto en la especialidad de \u201cCriptograf\u00eda basada en C\u00f3digos\u201d.<\/p>\n<p style=\"text-align: justify\">En Julio de 2021 recibi\u00f3 uno de los premios que otorg\u00f3 la comunidad \u00abApplications of Computer Algebra\u00bb como joven investigadora durante la \u00ab26th International Conference on Applications of Computer Algebra\u00bb, el premio \u00abThe Applications of Computer Algebra Early Researcher Award 2021 &#8211; ACA-ERA 2021\u00bb.<\/p>\n<p style=\"text-align: justify\">Durante su periodo postdoctoral, obtuvo una beca en INRIA Saclay (Par\u00eds), dentro del equipo de investigaci\u00f3n GRACE liderado por el prof. Daniel Augot (sept. 2013- dic. 2014) y una beca FSMP (Fondation Science Mathematiques de Paris), considerada una beca post-doctoral europea de excelencia en Matem\u00e1ticas e Inform\u00e1tica, en este caso asociada al centro de investigaci\u00f3n INRIA (tambi\u00e9n en Paris), en el equipo SECRET dirigido por Anne Canteaut (ene. de 2015 a dic. de 2015).<\/p>\n<p style=\"text-align: justify\">A partir de mayo de 2016 le surgi\u00f3 la oportunidad de incorporarse a la ULL, primero como investigadora del equipo ATLAS, liderado por la Dra. Pino Caballero, y luego como profesora contratada de la ULL.<\/p>\n<p style=\"text-align: justify\">La especialidad de Criptograf\u00eda basada en C\u00f3digos tiene en la actualidad un potencial muy amplio, ya que constituye una de las t\u00e9cnicas propuestas para reemplazar la criptograf\u00eda de clave p\u00fablica actual en criptosistemas que sean resistentes al ordenador cu\u00e1ntico. Como muestra de este inter\u00e9s, la profesora M\u00e1rquez-Corbella lider\u00f3 en 2015 la creaci\u00f3n de un MOOC con esta tem\u00e1tica que cont\u00f3 con la participaci\u00f3n reconocidos investigadores de INRIA y CryptoExperts, como Nicol\u00e1s Sendrier y Matthieu Finiasz, combinando de este modo la investigaci\u00f3n b\u00e1sica en centros p\u00fablicos y la ineludible necesidad de transferencia de resultados a las empresas que demandan esta t\u00e9cnica. Este MOOC, con t\u00edtulo \u201cCode-Based Cryptography\u201d, fue lanzado por la plataforma FUN (France Universit\u00e9 Numerique) durante los cursos 2015-2016 y 2016-2017. En su primera versi\u00f3n cont\u00f3 con m\u00e1s de 2400 inscripciones de estudiantes procedentes de 93 pa\u00edses diferentes<\/p>\n<p>[\/vc_column_text][vc_custom_heading text=\u00bb<strong>Departamento<\/strong>\u00bb font_container=\u00bbtag:h4|text_align:left|color:%23535968&#8243; google_fonts=\u00bbfont_family:Roboto%20Slab%3A100%2C300%2Cregular%2C700|font_style:700%20bold%20regular%3A700%3Anormal\u00bb][vc_column_text]<\/p>\n<ul>\n<li><a href=\"https:\/\/portalciencia.ull.es\/unidades\/2897\/detalle\" target=\"_blank\" rel=\"noopener\">Matem\u00e1ticas, Estad\u00edstica e Investigaci\u00f3n Operativa<\/a><\/li>\n<\/ul>\n<p>[\/vc_column_text][vc_custom_heading text=\u00bb<strong>L\u00edneas de investigaci\u00f3n<\/strong>\u00bb font_container=\u00bbtag:h4|text_align:left|color:%23535968&#8243; google_fonts=\u00bbfont_family:Roboto%20Slab%3A100%2C300%2Cregular%2C700|font_style:700%20bold%20regular%3A700%3Anormal\u00bb][vc_column_text]<\/p>\n<ul>\n<li>\u00c1lgebra Conmutativa<\/li>\n<li>Teor\u00eda de C\u00f3digos<\/li>\n<li>Criptograf\u00eda post-cu\u00e1ntica<\/li>\n<\/ul>\n<p>[\/vc_column_text][vc_custom_heading text=\u00bb<strong>Grupo de investigaci\u00f3n<\/strong>\u00bb font_container=\u00bbtag:h4|text_align:left|color:%23535968&#8243; google_fonts=\u00bbfont_family:Roboto%20Slab%3A100%2C300%2Cregular%2C700|font_style:700%20bold%20regular%3A700%3Anormal\u00bb][vc_column_text]<a href=\"https:\/\/portalciencia.ull.es\/grupos\/6511\/detalle\" target=\"_blank\" rel=\"noopener\">Grupo GasiULL : Geometr\u00eda Algebraica: singularidades e invariantes<\/a>[\/vc_column_text][\/vc_column][vc_column width=\u00bb1\/3&#8243;][vc_empty_space height=\u00bb135px\u00bb][vc_custom_heading text=\u00bb<strong>V\u00eddeo<\/strong>\u00bb font_container=\u00bbtag:h4|text_align:left|color:%23535968&#8243; google_fonts=\u00bbfont_family:Roboto%20Slab%3A100%2C300%2Cregular%2C700|font_style:700%20bold%20regular%3A700%3Anormal\u00bb css=\u00bb.vc_custom_1690193290633{margin-bottom: 5px !important;border-bottom-width: 5px !important;padding-bottom: 5px !important;}\u00bb][vc_video link=\u00bbhttps:\/\/youtu.be\/V4yG26NcnnM\u00bb][vc_empty_space css=\u00bb.vc_custom_1690193317096{margin-bottom: 3px !important;border-bottom-width: 3px !important;padding-bottom: 3px !important;}\u00bb][vc_btn title=\u00bbSerie Chicas con Cienci@ULL\u00bb color=\u00bbwarning\u00bb size=\u00bblg\u00bb align=\u00bbcenter\u00bb button_block=\u00bbtrue\u00bb link=\u00bburl:https%3A%2F%2Fwww.ull.es%2Fportal%2Fcienciaull%2F4a-temporada-chicas-con-cienciull%2F\u00bb css=\u00bb.vc_custom_1690193358343{margin-bottom: 3px !important;border-bottom-width: 3px !important;padding-bottom: 3px !important;}\u00bb][vc_btn title=\u00bbProducci\u00f3n cient\u00edfica\u00bb color=\u00bbdanger\u00bb size=\u00bblg\u00bb align=\u00bbcenter\u00bb button_block=\u00bbtrue\u00bb link=\u00bburl:https%3A%2F%2Fportalciencia.ull.es%2Finvestigadores%2F81640%2Fdetalle\u00bb css=\u00bb.vc_custom_1690193387988{margin-bottom: 3px !important;border-bottom-width: 3px !important;padding-bottom: 3px !important;}\u00bb][vc_btn title=\u00bbFiguras destacadas\u00bb color=\u00bbsky\u00bb size=\u00bblg\u00bb align=\u00bbcenter\u00bb button_block=\u00bbtrue\u00bb link=\u00bburl:https%3A%2F%2Fwww.ull.es%2Fportal%2Fcienciaull%2Fcalendario-investigaull%2Ffigurasdesta_investigaull%2F\u00bb css=\u00bb.vc_custom_1690193407608{margin-bottom: 3px !important;border-bottom-width: 3px !important;padding-bottom: 3px !important;}\u00bb][\/vc_column][\/vc_row][vc_row][vc_column][vc_empty_space][vc_single_image image=\u00bb25066&#8243; img_size=\u00bb1500&#215;250&#8243;][\/vc_column][\/vc_row]<\/p>\n","protected":false},"excerpt":{"rendered":"<p>[vc_row][vc_column][vc_empty_space][\/vc_column][\/vc_row][vc_row][vc_column width=\u00bb2\/3&#8243;][vc_empty_space][vc_custom_heading text=\u00bb\u00c1rea Ciencia y Tecnolog\u00eda\u00bb font_container=\u00bbtag:h2|text_align:left|color:%23ff8034&#8243; google_fonts=\u00bbfont_family:Roboto%20Slab%3A100%2C300%2Cregular%2C700|font_style:700%20bold%20regular%3A700%3Anormal\u00bb][vc_custom_heading text=\u00bbCap\u00edtulo 18. Irene M\u00e1rquez &#8211; Matem\u00e1tica\u00bb font_container=\u00bbtag:h3|text_align:left|color:%23ff8034&#8243; google_fonts=\u00bbfont_family:Roboto%20Slab%3A100%2C300%2Cregular%2C700|font_style:700%20bold%20regular%3A700%3Anormal\u00bb][vc_custom_heading text=\u00bbBiograf\u00eda\u00bb font_container=\u00bbtag:h4|text_align:left|color:%23535968&#8243; google_fonts=\u00bbfont_family:Roboto%20Slab%3A100%2C300%2Cregular%2C700|font_style:700%20bold%20regular%3A700%3Anormal\u00bb][vc_column_text] Es profesora Contratada Doctor del \u00c1rea de \u00c1lgebra del Departamento de Matem\u00e1ticas, Estad\u00edstica e I.O. (Universidad de La Laguna). Licenciada en Matem\u00e1ticas por la ULL, complet\u00f3 su formaci\u00f3n con un m\u00e1ster de investigaci\u00f3n en la especialidad&#8230;<\/p>\n","protected":false},"author":56,"featured_media":0,"parent":0,"menu_order":0,"comment_status":"closed","ping_status":"closed","template":"templates\/cienciaull.php","meta":{"inline_featured_image":false,"footnotes":""},"acf":[],"yoast_head":"<!-- This site is optimized with the Yoast SEO plugin v21.3 - https:\/\/yoast.com\/wordpress\/plugins\/seo\/ -->\n<title>Irene M\u00e1rquez - Matem\u00e1tica -<\/title>\n<meta name=\"robots\" content=\"index, follow, max-snippet:-1, max-image-preview:large, max-video-preview:-1\" \/>\n<link rel=\"canonical\" href=\"https:\/\/www.ull.es\/portal\/cienciaull\/irene-marquez\/\" \/>\n<meta property=\"og:locale\" content=\"es_ES\" \/>\n<meta property=\"og:type\" content=\"article\" \/>\n<meta property=\"og:title\" content=\"Irene M\u00e1rquez - Matem\u00e1tica -\" \/>\n<meta property=\"og:description\" content=\"[vc_row][vc_column][vc_empty_space][\/vc_column][\/vc_row][vc_row][vc_column width=\u00bb2\/3&#8243;][vc_empty_space][vc_custom_heading text=\u00bb\u00c1rea Ciencia y Tecnolog\u00eda\u00bb font_container=\u00bbtag:h2|text_align:left|color:%23ff8034&#8243; google_fonts=\u00bbfont_family:Roboto%20Slab%3A100%2C300%2Cregular%2C700|font_style:700%20bold%20regular%3A700%3Anormal\u00bb][vc_custom_heading text=\u00bbCap\u00edtulo 18. Irene M\u00e1rquez &#8211; Matem\u00e1tica\u00bb font_container=\u00bbtag:h3|text_align:left|color:%23ff8034&#8243; google_fonts=\u00bbfont_family:Roboto%20Slab%3A100%2C300%2Cregular%2C700|font_style:700%20bold%20regular%3A700%3Anormal\u00bb][vc_custom_heading text=\u00bbBiograf\u00eda\u00bb font_container=\u00bbtag:h4|text_align:left|color:%23535968&#8243; google_fonts=\u00bbfont_family:Roboto%20Slab%3A100%2C300%2Cregular%2C700|font_style:700%20bold%20regular%3A700%3Anormal\u00bb][vc_column_text] Es profesora Contratada Doctor del \u00c1rea de \u00c1lgebra del Departamento de Matem\u00e1ticas, Estad\u00edstica e I.O. (Universidad de La Laguna). Licenciada en Matem\u00e1ticas por la ULL, complet\u00f3 su formaci\u00f3n con un m\u00e1ster de investigaci\u00f3n en la especialidad...\" \/>\n<meta property=\"og:url\" content=\"https:\/\/www.ull.es\/portal\/cienciaull\/irene-marquez\/\" \/>\n<meta property=\"article:publisher\" content=\"https:\/\/www.facebook.com\/CienciaULL\/\" \/>\n<meta property=\"article:modified_time\" content=\"2024-02-16T13:09:38+00:00\" \/>\n<meta name=\"twitter:card\" content=\"summary_large_image\" \/>\n<meta name=\"twitter:site\" content=\"@CienciaULL\" \/>\n<meta name=\"twitter:label1\" content=\"Tiempo de lectura\" \/>\n\t<meta name=\"twitter:data1\" content=\"3 minutos\" \/>\n<script type=\"application\/ld+json\" class=\"yoast-schema-graph\">{\"@context\":\"https:\/\/schema.org\",\"@graph\":[{\"@type\":\"WebPage\",\"@id\":\"https:\/\/www.ull.es\/portal\/cienciaull\/irene-marquez\/\",\"url\":\"https:\/\/www.ull.es\/portal\/cienciaull\/irene-marquez\/\",\"name\":\"Irene M\u00e1rquez - Matem\u00e1tica -\",\"isPartOf\":{\"@id\":\"https:\/\/www.ull.es\/portal\/cienciaull\/#website\"},\"datePublished\":\"2023-07-24T10:10:09+00:00\",\"dateModified\":\"2024-02-16T13:09:38+00:00\",\"breadcrumb\":{\"@id\":\"https:\/\/www.ull.es\/portal\/cienciaull\/irene-marquez\/#breadcrumb\"},\"inLanguage\":\"es\",\"potentialAction\":[{\"@type\":\"ReadAction\",\"target\":[\"https:\/\/www.ull.es\/portal\/cienciaull\/irene-marquez\/\"]}]},{\"@type\":\"BreadcrumbList\",\"@id\":\"https:\/\/www.ull.es\/portal\/cienciaull\/irene-marquez\/#breadcrumb\",\"itemListElement\":[{\"@type\":\"ListItem\",\"position\":1,\"name\":\"Portada\",\"item\":\"https:\/\/www.ull.es\/portal\/cienciaull\/\"},{\"@type\":\"ListItem\",\"position\":2,\"name\":\"Irene M\u00e1rquez &#8211; Matem\u00e1tica\"}]},{\"@type\":\"WebSite\",\"@id\":\"https:\/\/www.ull.es\/portal\/cienciaull\/#website\",\"url\":\"https:\/\/www.ull.es\/portal\/cienciaull\/\",\"name\":\"\",\"description\":\"Unidad de Cultura Cient\u00edfica y de la Innovaci\u00f3n de la Universidad de La Laguna\",\"potentialAction\":[{\"@type\":\"SearchAction\",\"target\":{\"@type\":\"EntryPoint\",\"urlTemplate\":\"https:\/\/www.ull.es\/portal\/cienciaull\/?s={search_term_string}\"},\"query-input\":\"required name=search_term_string\"}],\"inLanguage\":\"es\"}]}<\/script>\n<!-- \/ Yoast SEO plugin. -->","yoast_head_json":{"title":"Irene M\u00e1rquez - Matem\u00e1tica -","robots":{"index":"index","follow":"follow","max-snippet":"max-snippet:-1","max-image-preview":"max-image-preview:large","max-video-preview":"max-video-preview:-1"},"canonical":"https:\/\/www.ull.es\/portal\/cienciaull\/irene-marquez\/","og_locale":"es_ES","og_type":"article","og_title":"Irene M\u00e1rquez - Matem\u00e1tica -","og_description":"[vc_row][vc_column][vc_empty_space][\/vc_column][\/vc_row][vc_row][vc_column width=\u00bb2\/3&#8243;][vc_empty_space][vc_custom_heading text=\u00bb\u00c1rea Ciencia y Tecnolog\u00eda\u00bb font_container=\u00bbtag:h2|text_align:left|color:%23ff8034&#8243; google_fonts=\u00bbfont_family:Roboto%20Slab%3A100%2C300%2Cregular%2C700|font_style:700%20bold%20regular%3A700%3Anormal\u00bb][vc_custom_heading text=\u00bbCap\u00edtulo 18. Irene M\u00e1rquez &#8211; Matem\u00e1tica\u00bb font_container=\u00bbtag:h3|text_align:left|color:%23ff8034&#8243; google_fonts=\u00bbfont_family:Roboto%20Slab%3A100%2C300%2Cregular%2C700|font_style:700%20bold%20regular%3A700%3Anormal\u00bb][vc_custom_heading text=\u00bbBiograf\u00eda\u00bb font_container=\u00bbtag:h4|text_align:left|color:%23535968&#8243; google_fonts=\u00bbfont_family:Roboto%20Slab%3A100%2C300%2Cregular%2C700|font_style:700%20bold%20regular%3A700%3Anormal\u00bb][vc_column_text] Es profesora Contratada Doctor del \u00c1rea de \u00c1lgebra del Departamento de Matem\u00e1ticas, Estad\u00edstica e I.O. (Universidad de La Laguna). Licenciada en Matem\u00e1ticas por la ULL, complet\u00f3 su formaci\u00f3n con un m\u00e1ster de investigaci\u00f3n en la especialidad...","og_url":"https:\/\/www.ull.es\/portal\/cienciaull\/irene-marquez\/","article_publisher":"https:\/\/www.facebook.com\/CienciaULL\/","article_modified_time":"2024-02-16T13:09:38+00:00","twitter_card":"summary_large_image","twitter_site":"@CienciaULL","twitter_misc":{"Tiempo de lectura":"3 minutos"},"schema":{"@context":"https:\/\/schema.org","@graph":[{"@type":"WebPage","@id":"https:\/\/www.ull.es\/portal\/cienciaull\/irene-marquez\/","url":"https:\/\/www.ull.es\/portal\/cienciaull\/irene-marquez\/","name":"Irene M\u00e1rquez - Matem\u00e1tica -","isPartOf":{"@id":"https:\/\/www.ull.es\/portal\/cienciaull\/#website"},"datePublished":"2023-07-24T10:10:09+00:00","dateModified":"2024-02-16T13:09:38+00:00","breadcrumb":{"@id":"https:\/\/www.ull.es\/portal\/cienciaull\/irene-marquez\/#breadcrumb"},"inLanguage":"es","potentialAction":[{"@type":"ReadAction","target":["https:\/\/www.ull.es\/portal\/cienciaull\/irene-marquez\/"]}]},{"@type":"BreadcrumbList","@id":"https:\/\/www.ull.es\/portal\/cienciaull\/irene-marquez\/#breadcrumb","itemListElement":[{"@type":"ListItem","position":1,"name":"Portada","item":"https:\/\/www.ull.es\/portal\/cienciaull\/"},{"@type":"ListItem","position":2,"name":"Irene M\u00e1rquez &#8211; Matem\u00e1tica"}]},{"@type":"WebSite","@id":"https:\/\/www.ull.es\/portal\/cienciaull\/#website","url":"https:\/\/www.ull.es\/portal\/cienciaull\/","name":"","description":"Unidad de Cultura Cient\u00edfica y de la Innovaci\u00f3n de la Universidad de La Laguna","potentialAction":[{"@type":"SearchAction","target":{"@type":"EntryPoint","urlTemplate":"https:\/\/www.ull.es\/portal\/cienciaull\/?s={search_term_string}"},"query-input":"required name=search_term_string"}],"inLanguage":"es"}]}},"_links":{"self":[{"href":"https:\/\/www.ull.es\/portal\/cienciaull\/wp-json\/wp\/v2\/pages\/24280"}],"collection":[{"href":"https:\/\/www.ull.es\/portal\/cienciaull\/wp-json\/wp\/v2\/pages"}],"about":[{"href":"https:\/\/www.ull.es\/portal\/cienciaull\/wp-json\/wp\/v2\/types\/page"}],"author":[{"embeddable":true,"href":"https:\/\/www.ull.es\/portal\/cienciaull\/wp-json\/wp\/v2\/users\/56"}],"replies":[{"embeddable":true,"href":"https:\/\/www.ull.es\/portal\/cienciaull\/wp-json\/wp\/v2\/comments?post=24280"}],"version-history":[{"count":11,"href":"https:\/\/www.ull.es\/portal\/cienciaull\/wp-json\/wp\/v2\/pages\/24280\/revisions"}],"predecessor-version":[{"id":26334,"href":"https:\/\/www.ull.es\/portal\/cienciaull\/wp-json\/wp\/v2\/pages\/24280\/revisions\/26334"}],"wp:attachment":[{"href":"https:\/\/www.ull.es\/portal\/cienciaull\/wp-json\/wp\/v2\/media?parent=24280"}],"curies":[{"name":"wp","href":"https:\/\/api.w.org\/{rel}","templated":true}]}}