{"id":24292,"date":"2023-07-24T11:19:26","date_gmt":"2023-07-24T11:19:26","guid":{"rendered":"https:\/\/www.ull.es\/portal\/cienciaull\/?page_id=24292"},"modified":"2024-02-16T13:15:50","modified_gmt":"2024-02-16T13:15:50","slug":"rocio-pena","status":"publish","type":"page","link":"https:\/\/www.ull.es\/portal\/cienciaull\/rocio-pena\/","title":{"rendered":"Roc\u00edo Pe\u00f1a &#8211; Economista"},"content":{"rendered":"<p>[vc_row][vc_column][vc_empty_space]\n<div id=\"rev_slider_257_1_wrapper\" class=\"rev_slider_wrapper fullwidthbanner-container\" data-source=\"gallery\" style=\"margin:0px auto;background:transparent;padding:0px;margin-top:0px;margin-bottom:0px;\">\n<!-- START REVOLUTION SLIDER 5.4.7.3 auto mode -->\n\t<div id=\"rev_slider_257_1\" class=\"rev_slider fullwidthabanner\" style=\"display:none;\" data-version=\"5.4.7.3\">\n<ul>\t<!-- SLIDE  -->\n\t<li data-index=\"rs-292\" data-transition=\"fade\" data-slotamount=\"default\" data-hideafterloop=\"0\" data-hideslideonmobile=\"off\"  data-easein=\"default\" data-easeout=\"default\" data-masterspeed=\"300\"  data-rotate=\"0\"  data-saveperformance=\"off\"  data-title=\"Slide\" data-param1=\"\" data-param2=\"\" data-param3=\"\" data-param4=\"\" data-param5=\"\" data-param6=\"\" data-param7=\"\" data-param8=\"\" data-param9=\"\" data-param10=\"\" data-description=\"\">\n\t\t<!-- MAIN IMAGE -->\n\t\t<img src=\"https:\/\/www.ull.es\/portal\/cienciaull\/wp-content\/plugins\/revslider\/admin\/assets\/images\/transparent.png\"  alt=\"\" title=\"Roc\u00edo Pe\u00f1a &#8211; Economista\"  data-bgposition=\"center center\" data-bgfit=\"cover\" data-bgrepeat=\"no-repeat\" class=\"rev-slidebg\" data-no-retina>\n\t\t<!-- LAYERS -->\n\n\t\t<!-- LAYER NR. 1 -->\n\t\t<div class=\"tp-caption   tp-resizeme\" \n\t\t\t id=\"slide-292-layer-2\" \n\t\t\t data-x=\"4\" \n\t\t\t data-y=\"-2\" \n\t\t\t\t\t\tdata-width=\"['none','none','none','none']\"\n\t\t\tdata-height=\"['none','none','none','none']\"\n \n\t\t\tdata-type=\"image\" \n\t\t\tdata-responsive_offset=\"on\" \n\n\t\t\tdata-frames='[{\"delay\":0,\"speed\":300,\"frame\":\"0\",\"from\":\"opacity:0;\",\"to\":\"o:1;\",\"ease\":\"Power3.easeInOut\"},{\"delay\":\"wait\",\"speed\":300,\"frame\":\"999\",\"to\":\"opacity:0;\",\"ease\":\"Power3.easeInOut\"}]'\n\t\t\tdata-textAlign=\"['inherit','inherit','inherit','inherit']\"\n\t\t\tdata-paddingtop=\"[0,0,0,0]\"\n\t\t\tdata-paddingright=\"[0,0,0,0]\"\n\t\t\tdata-paddingbottom=\"[0,0,0,0]\"\n\t\t\tdata-paddingleft=\"[0,0,0,0]\"\n\n\t\t\tstyle=\"z-index: 6;\"><img src=\"https:\/\/www.ull.es\/portal\/cienciaull\/wp-content\/uploads\/sites\/24\/2023\/11\/Banner-Web-Chicas-con-Cienci@ULL-Rocio-Pena.jpg\" alt=\"\" data-ww=\"1500px\" data-hh=\"500px\" width=\"1500\" height=\"500\" data-no-retina> <\/div>\n\t<\/li>\n<\/ul>\n<div class=\"tp-bannertimer tp-bottom\" style=\"visibility: hidden !important;\"><\/div>\t<\/div>\n<script>var htmlDiv = document.getElementById(\"rs-plugin-settings-inline-css\"); var htmlDivCss=\"\";\r\n\t\t\t\tif(htmlDiv) {\r\n\t\t\t\t\thtmlDiv.innerHTML = htmlDiv.innerHTML + htmlDivCss;\r\n\t\t\t\t}else{\r\n\t\t\t\t\tvar htmlDiv = document.createElement(\"div\");\r\n\t\t\t\t\thtmlDiv.innerHTML = \"<style>\" + htmlDivCss + \"<\/style>\";\r\n\t\t\t\t\tdocument.getElementsByTagName(\"head\")[0].appendChild(htmlDiv.childNodes[0]);\r\n\t\t\t\t}\r\n\t\t\t<\/script>\n\t\t<script type=\"text\/javascript\">\r\nif (setREVStartSize!==undefined) setREVStartSize(\r\n\t{c: '#rev_slider_257_1', gridwidth: [1500], gridheight: [500], sliderLayout: 'auto'});\r\n\t\t\t\r\nvar revapi257,\r\n\ttpj;\t\r\n(function() {\t\t\t\r\n\tif (!\/loaded|interactive|complete\/.test(document.readyState)) document.addEventListener(\"DOMContentLoaded\",onLoad); else onLoad();\t\r\n\tfunction onLoad() {\t\t\t\t\r\n\t\tif (tpj===undefined) { tpj = jQuery; if(\"off\" == \"on\") tpj.noConflict();}\r\n\tif(tpj(\"#rev_slider_257_1\").revolution == undefined){\n\t\trevslider_showDoubleJqueryError(\"#rev_slider_257_1\");\n\t}else{\n\t\trevapi257 = tpj(\"#rev_slider_257_1\").show().revolution({\n\t\t\tsliderType:\"hero\",\n\t\t\tjsFileLocation:\"\/\/www.ull.es\/portal\/cienciaull\/wp-content\/plugins\/revslider\/public\/assets\/js\/\",\n\t\t\tsliderLayout:\"auto\",\n\t\t\tdottedOverlay:\"none\",\n\t\t\tdelay:9000,\n\t\t\tvisibilityLevels:[1240,1024,778,480],\n\t\t\tgridwidth:1500,\n\t\t\tgridheight:500,\n\t\t\tlazyType:\"none\",\n\t\t\tshadow:0,\n\t\t\tspinner:\"spinner0\",\n\t\t\tautoHeight:\"off\",\n\t\t\tdisableProgressBar:\"on\",\n\t\t\thideThumbsOnMobile:\"off\",\n\t\t\thideSliderAtLimit:0,\n\t\t\thideCaptionAtLimit:0,\n\t\t\thideAllCaptionAtLilmit:0,\n\t\t\tdebugMode:false,\n\t\t\tfallbacks: {\n\t\t\t\tsimplifyAll:\"off\",\n\t\t\t\tdisableFocusListener:false,\n\t\t\t}\n\t\t});\n\t}; \/* END OF revapi call *\/\n\t\n }; \/* END OF ON LOAD FUNCTION *\/\r\n}()); \/* END OF WRAPPING FUNCTION *\/\r\n<\/script>\r\n\t\t<\/div><!-- END REVOLUTION SLIDER -->[\/vc_column][\/vc_row][vc_row][vc_column width=\u00bb2\/3&#8243;][vc_empty_space][vc_custom_heading text=\u00bb\u00c1rea Ciencia y Sociedad\u00bb font_container=\u00bbtag:h2|text_align:left|color:%23d8478b\u00bb google_fonts=\u00bbfont_family:Roboto%20Slab%3A100%2C300%2Cregular%2C700|font_style:700%20bold%20regular%3A700%3Anormal\u00bb][vc_custom_heading text=\u00bbCap\u00edtulo 14. Roc\u00edo Pe\u00f1a &#8211; Economista\u00bb font_container=\u00bbtag:h3|text_align:left|color:%23d8478b\u00bb google_fonts=\u00bbfont_family:Roboto%20Slab%3A100%2C300%2Cregular%2C700|font_style:700%20bold%20regular%3A700%3Anormal\u00bb][vc_custom_heading text=\u00bb<strong>Biograf\u00eda<\/strong>\u00bb font_container=\u00bbtag:h3|text_align:left|color:%23535968&#8243; google_fonts=\u00bbfont_family:Roboto%20Slab%3A100%2C300%2Cregular%2C700|font_style:700%20bold%20regular%3A700%3Anormal\u00bb][vc_column_text]<\/p>\n<p style=\"text-align: justify\">Licenciada en Ciencias Econ\u00f3micas y Empresariales por la Universidad de La Laguna, consigui\u00f3 la suficiencia investigadora con la calificaci\u00f3n de sobresaliente en todos los cursos de doctorado, que le permiti\u00f3 ser Doctora <i><span style=\"font-weight: 400\">Cum Laude<\/span><\/i><span style=\"font-weight: 400\"> en Ciencias Econ\u00f3micas y Empresariales por la Universidad de La Laguna, con la Tesis doctoral \u201cEl Fondo Social Europeo como instrumento de la pol\u00edtica econ\u00f3mica y social: evoluci\u00f3n hist\u00f3rica y situaci\u00f3n actual\u201d. <\/span><span style=\"font-weight: 400\">Ha sido profesora Asociada y en la actualidad es profesora Titular de Pol\u00edtica Econ\u00f3mica del Departamento de Econom\u00eda Aplicada y M\u00e9todos Cuantitativos de la Universidad de La Laguna.<\/span><\/p>\n<p style=\"text-align: justify\">Imparte clases en los grados en Econom\u00eda y en Pedagog\u00eda as\u00ed como en el M\u00e1ster en Desarrollo Regional y en el M\u00e1ster en Formaci\u00f3n del Profesorado de Educaci\u00f3n Secundaria Obligatoria y Bachillerato, Formaci\u00f3n Profesional y Ense\u00f1anza de Idiomas en el \u00e1mbito de Econom\u00eda, Empresa y Turismo, de la Universidad de La Laguna, dirigiendo Trabajos de Fin de M\u00e1ster, y obteniendo informe favorable con resultado de excelente en el proceso de evaluaci\u00f3n de la calidad docente del profesorado de la Universidad de La Laguna (<i><span style=\"font-weight: 400\">DOCENTIA<\/span><\/i><span style=\"font-weight: 400\">).<\/span><\/p>\n<p style=\"text-align: justify\">Ha realizado estancias en Chile (Instituto Latinoamericano y del Caribe de Planificaci\u00f3n Econ\u00f3mica y Social\u00a0 -ILPES-\u00a0 de la CEPAL, ONU) y en Bruselas (Oficina representativa del Gobierno de Canarias ante la Uni\u00f3n Europea), como becaria de la Agencia Espa\u00f1ola de Cooperaci\u00f3n Internacional y del Centro Espa\u00f1ol de Estudios de Am\u00e9rica Latina (AECI) del Ministerio de Asuntos Exteriores del Gobierno de Espa\u00f1a y como becaria de la Direcci\u00f3n General de Universidades e Investigaci\u00f3n del Gobierno de Canarias.<\/p>\n<p style=\"text-align: justify\">Ha contribuido a la sociedad canaria, dirigiendo e impartiendo numerosos cursos sobre la Uni\u00f3n Europea en el Instituto Canario de Administraci\u00f3n P\u00fablica (ICAP) del Gobierno de Canarias para la formaci\u00f3n de personal t\u00e9cnico, as\u00ed como cursos de extensi\u00f3n universitaria de la Universidad de La Laguna en colaboraci\u00f3n con distintos ayuntamientos, diversos seminarios, talleres y conferencias relacionadas con la integraci\u00f3n regional europea y sus instrumentos. Adem\u00e1s, ha prestado asesoramiento en diversos estudios del Consejo Escolar de Canarias en temas relacionados con la Econom\u00eda de la Educaci\u00f3n, participando en el Pacto por la Educaci\u00f3n en Canarias. Ha sido jueza en la <i><span style=\"font-weight: 400\">First Lego Leagu<\/span><\/i><span style=\"font-weight: 400\">e (FLL) regional (Canarias) y nacional (Espa\u00f1a), para el fomento de las vocaciones cient\u00edficas de los\/las j\u00f3venes.<\/span><\/p>\n<p style=\"text-align: justify\">Ha participado en Congresos y Jornadas de car\u00e1cter local, nacional e internacional como ponente o comunicante, adem\u00e1s de ser miembro en el comit\u00e9 cient\u00edfico y\/o miembro del comit\u00e9 organizador en algunos de ellos. En 2023 fue coordinadora del Comit\u00e9 Organizador de las Jornadas Internacionales de Pol\u00edtica Econ\u00f3mica (JIPE), celebradas en Tenerife.<\/p>\n<p style=\"text-align: justify\">Como miembro del grupo de investigaci\u00f3n SCITECAN (Sistema de Ciencia y Tecnolog\u00eda de Canarias) ha desarrollado su actividad investigadora en temas de investigaci\u00f3n como el <span style=\"font-weight: 400\">sistema p\u00fablico regional de innovaci\u00f3n, tecnolog\u00eda y econom\u00eda del conocimiento; pol\u00edticas p\u00fablicas de I+D+i+e regionales, y tecnolog\u00eda e innovaci\u00f3n en las microempresas canarias, participando en proyectos de I+D financiados en convocatorias competitivas y en contratos de investigaci\u00f3n.<\/span><\/p>\n<p style=\"text-align: justify\">Actualmente, centra su labor en las l\u00edneas de investigaci\u00f3n: las p<span style=\"font-weight: 400\">ol\u00edticas p\u00fablicas, especialmente en el \u00e1mbito de la Uni\u00f3n Europea, y la econom\u00eda de la educaci\u00f3n, como<\/span><span style=\"font-weight: 400\"> miembro de los grupos de investigaci\u00f3n PpyDER (Pol\u00edticas p\u00fablicas y Desarrollo Regional) y GUFOI (Grupo Universitario de Formaci\u00f3n y Orientaci\u00f3n Integrada). En este momento, participa <\/span><span style=\"font-weight: 400\">en el proyecto nacional de I+D \u201cAn\u00e1lisis de los factores explicativos del abandono de los estudios universitarios y acciones estrat\u00e9gicas para su mejora y prevenci\u00f3n\u201d, financiado por el Ministerio de Ciencia e Innovaci\u00f3n.<\/span><\/p>\n<p style=\"text-align: justify\">Ha publicado principalmente, cap\u00edtulos de libros y art\u00edculos en revistas cient\u00edficas. Su art\u00edculo m\u00e1s reciente lleva por t\u00edtulo \u201cConstruyendo el perfil del alumnado con intenci\u00f3n de abandono de los estudios universitarios\u201d, publicado en la Revista Espa\u00f1ola de Pedagog\u00eda (2023). <span style=\"font-weight: 400\">Pertenece a la Asociaci\u00f3n cient\u00edfica AEDE (Asociaci\u00f3n de Econom\u00eda de la Educaci\u00f3n) y es miembro de la Red de Docentes e Investigadores en Pol\u00edtica Econ\u00f3mica (REDIPE).<\/span><\/p>\n<p style=\"text-align: justify\">Muy comprometida con la Universidad de La Laguna, ha adquirido distintas responsabilidades en la gesti\u00f3n acad\u00e9mica. Ha sido Vicesecretaria y Secretaria de su Departamento, Vicedecana del Grado de Pedagog\u00eda y Pr\u00e1cticas Externas, y Coordinadora de calidad de la Facultad de Educaci\u00f3n en el que fue part\u00edcipe de la obtenci\u00f3n del sello de calidad y buenas pr\u00e1cticas con referencia europea +300 EFQM (Fundaci\u00f3n Europea para la Evaluaci\u00f3n de la Calidad).<\/p>\n<p style=\"text-align: justify\">Adem\u00e1s, ha sido Secretaria y Directora del Centro de Estudios de Econom\u00eda Latinoamericana-Jos\u00e9 Luis Moreno Becerra de la Universidad de La Laguna (CEdEL) y, recientemente, ha ostentado el cargo acad\u00e9mico de Vicerrectora de Personal Docente e Investigador desde 2019 a 2023, donde ha logrado implantar la herramienta de visualizaci\u00f3n p\u00fablica del Plan de Organizaci\u00f3n Docente de toda la Universidad de La Laguna. Todo ello unido a su participaci\u00f3n en \u00f3rganos de gesti\u00f3n como miembro del Claustro, Consejo de Gobierno, Comisi\u00f3n Delegada, Juntas de Facultades, etc.<\/p>\n<p>[\/vc_column_text][vc_custom_heading text=\u00bb<strong>Departamento<\/strong>\u00bb font_container=\u00bbtag:h3|text_align:left|color:%23535968&#8243; google_fonts=\u00bbfont_family:Roboto%20Slab%3A100%2C300%2Cregular%2C700|font_style:700%20bold%20regular%3A700%3Anormal\u00bb][vc_column_text]<\/p>\n<ul>\n<li><a href=\"https:\/\/portalciencia.ull.es\/unidades\/2889\/detalle\" target=\"_blank\" rel=\"noopener\">Econom\u00eda Aplicada y M\u00e9todos Cuantitativos<\/a><\/li>\n<\/ul>\n<p>[\/vc_column_text][vc_custom_heading text=\u00bb<strong>L\u00edneas de investigaci\u00f3n<\/strong>\u00bb font_container=\u00bbtag:h3|text_align:left|color:%23535968&#8243; google_fonts=\u00bbfont_family:Roboto%20Slab%3A100%2C300%2Cregular%2C700|font_style:700%20bold%20regular%3A700%3Anormal\u00bb][vc_column_text]<\/p>\n<ul>\n<li>Pol\u00edticas p\u00fablicas, especialmente, de la Uni\u00f3n Europea<\/li>\n<li>Econom\u00eda de la Educaci\u00f3n<\/li>\n<\/ul>\n<p>[\/vc_column_text][vc_custom_heading text=\u00bb<strong>Grupos de investigaci\u00f3n<\/strong>\u00bb font_container=\u00bbtag:h3|text_align:left|color:%23535968&#8243; google_fonts=\u00bbfont_family:Roboto%20Slab%3A100%2C300%2Cregular%2C700|font_style:700%20bold%20regular%3A700%3Anormal\u00bb][vc_column_text]<\/p>\n<ul>\n<li><a href=\"https:\/\/portalciencia.ull.es\/grupos\/6465\/detalle\" target=\"_blank\" rel=\"noopener\">Pol\u00edticas P\u00fablicas y Desarrollo Regional (PpyDER)<\/a><\/li>\n<li><a href=\"https:\/\/portalciencia.ull.es\/grupos\/6473\/detalle\" target=\"_blank\" rel=\"noopener\">G.U.F.O.I (Grupo Universitario de Formaci\u00f3n y Orientaci\u00f3n Integrada)<\/a><\/li>\n<\/ul>\n<p>[\/vc_column_text][\/vc_column][vc_column width=\u00bb1\/3&#8243;][vc_empty_space height=\u00bb135px\u00bb][vc_custom_heading text=\u00bb<strong>V\u00eddeo<\/strong>\u00bb font_container=\u00bbtag:h3|text_align:left|color:%23535968&#8243; google_fonts=\u00bbfont_family:Roboto%20Slab%3A100%2C300%2Cregular%2C700|font_style:700%20bold%20regular%3A700%3Anormal\u00bb css=\u00bb.vc_custom_1690197630363{margin-bottom: 5px !important;border-bottom-width: 5px !important;padding-bottom: 5px !important;}\u00bb][vc_video link=\u00bbhttps:\/\/youtu.be\/fM9u8QeKrPI\u00bb][vc_empty_space css=\u00bb.vc_custom_1690197652188{margin-bottom: 3px !important;border-bottom-width: 3px !important;padding-bottom: 3px !important;}\u00bb][vc_btn title=\u00bbSerie Chicas con Cienci@ULL\u00bb color=\u00bbpink\u00bb size=\u00bblg\u00bb align=\u00bbcenter\u00bb button_block=\u00bbtrue\u00bb link=\u00bburl:https%3A%2F%2Fwww.ull.es%2Fportal%2Fcienciaull%2F4a-temporada-chicas-con-cienciull%2F\u00bb css=\u00bb.vc_custom_1690200502807{margin-bottom: 3px !important;border-bottom-width: 3px !important;padding-bottom: 3px !important;}\u00bb][vc_btn title=\u00bbProducci\u00f3n cient\u00edfica\u00bb color=\u00bbsuccess\u00bb size=\u00bblg\u00bb align=\u00bbcenter\u00bb button_block=\u00bbtrue\u00bb link=\u00bburl:https%3A%2F%2Fportalciencia.ull.es%2Finvestigadores%2F82001%2Fdetalle\u00bb css=\u00bb.vc_custom_1690200508017{margin-bottom: 3px !important;border-bottom-width: 3px !important;padding-bottom: 3px !important;}\u00bb][vc_btn title=\u00bbFiguras destacadas\u00bb color=\u00bbsky\u00bb size=\u00bblg\u00bb align=\u00bbcenter\u00bb button_block=\u00bbtrue\u00bb link=\u00bburl:https%3A%2F%2Fwww.ull.es%2Fportal%2Fcienciaull%2Fcalendario-investigaull%2Ffigurasdesta_investigaull%2F\u00bb css=\u00bb.vc_custom_1690197836450{margin-bottom: 3px !important;border-bottom-width: 3px !important;padding-bottom: 3px !important;}\u00bb][\/vc_column][\/vc_row][vc_row][vc_column][vc_empty_space][vc_single_image image=\u00bb25066&#8243; img_size=\u00bb1500&#215;250&#8243;][\/vc_column][\/vc_row]<\/p>\n","protected":false},"excerpt":{"rendered":"<p>[vc_row][vc_column][vc_empty_space][\/vc_column][\/vc_row][vc_row][vc_column width=\u00bb2\/3&#8243;][vc_empty_space][vc_custom_heading text=\u00bb\u00c1rea Ciencia y Sociedad\u00bb font_container=\u00bbtag:h2|text_align:left|color:%23d8478b\u00bb google_fonts=\u00bbfont_family:Roboto%20Slab%3A100%2C300%2Cregular%2C700|font_style:700%20bold%20regular%3A700%3Anormal\u00bb][vc_custom_heading text=\u00bbCap\u00edtulo 14. Roc\u00edo Pe\u00f1a &#8211; Economista\u00bb font_container=\u00bbtag:h3|text_align:left|color:%23d8478b\u00bb google_fonts=\u00bbfont_family:Roboto%20Slab%3A100%2C300%2Cregular%2C700|font_style:700%20bold%20regular%3A700%3Anormal\u00bb][vc_custom_heading text=\u00bbBiograf\u00eda\u00bb font_container=\u00bbtag:h3|text_align:left|color:%23535968&#8243; google_fonts=\u00bbfont_family:Roboto%20Slab%3A100%2C300%2Cregular%2C700|font_style:700%20bold%20regular%3A700%3Anormal\u00bb][vc_column_text] Licenciada en Ciencias Econ\u00f3micas y Empresariales por la Universidad de La Laguna, consigui\u00f3 la suficiencia investigadora con la calificaci\u00f3n de sobresaliente en todos los cursos de doctorado, que le permiti\u00f3 ser Doctora Cum Laude en Ciencias&#8230;<\/p>\n","protected":false},"author":56,"featured_media":0,"parent":0,"menu_order":0,"comment_status":"closed","ping_status":"closed","template":"templates\/cienciaull.php","meta":{"inline_featured_image":false,"footnotes":""},"acf":[],"yoast_head":"<!-- This site is optimized with the Yoast SEO plugin v21.3 - https:\/\/yoast.com\/wordpress\/plugins\/seo\/ -->\n<title>Roc\u00edo Pe\u00f1a - Economista -<\/title>\n<meta name=\"robots\" content=\"index, follow, max-snippet:-1, max-image-preview:large, max-video-preview:-1\" \/>\n<link rel=\"canonical\" href=\"https:\/\/www.ull.es\/portal\/cienciaull\/rocio-pena\/\" \/>\n<meta property=\"og:locale\" content=\"es_ES\" \/>\n<meta property=\"og:type\" content=\"article\" \/>\n<meta property=\"og:title\" content=\"Roc\u00edo Pe\u00f1a - Economista -\" \/>\n<meta property=\"og:description\" content=\"[vc_row][vc_column][vc_empty_space][\/vc_column][\/vc_row][vc_row][vc_column width=\u00bb2\/3&#8243;][vc_empty_space][vc_custom_heading text=\u00bb\u00c1rea Ciencia y Sociedad\u00bb font_container=\u00bbtag:h2|text_align:left|color:%23d8478b\u00bb google_fonts=\u00bbfont_family:Roboto%20Slab%3A100%2C300%2Cregular%2C700|font_style:700%20bold%20regular%3A700%3Anormal\u00bb][vc_custom_heading text=\u00bbCap\u00edtulo 14. Roc\u00edo Pe\u00f1a &#8211; Economista\u00bb font_container=\u00bbtag:h3|text_align:left|color:%23d8478b\u00bb google_fonts=\u00bbfont_family:Roboto%20Slab%3A100%2C300%2Cregular%2C700|font_style:700%20bold%20regular%3A700%3Anormal\u00bb][vc_custom_heading text=\u00bbBiograf\u00eda\u00bb font_container=\u00bbtag:h3|text_align:left|color:%23535968&#8243; google_fonts=\u00bbfont_family:Roboto%20Slab%3A100%2C300%2Cregular%2C700|font_style:700%20bold%20regular%3A700%3Anormal\u00bb][vc_column_text] Licenciada en Ciencias Econ\u00f3micas y Empresariales por la Universidad de La Laguna, consigui\u00f3 la suficiencia investigadora con la calificaci\u00f3n de sobresaliente en todos los cursos de doctorado, que le permiti\u00f3 ser Doctora Cum Laude en Ciencias...\" \/>\n<meta property=\"og:url\" content=\"https:\/\/www.ull.es\/portal\/cienciaull\/rocio-pena\/\" \/>\n<meta property=\"article:publisher\" content=\"https:\/\/www.facebook.com\/CienciaULL\/\" \/>\n<meta property=\"article:modified_time\" content=\"2024-02-16T13:15:50+00:00\" \/>\n<meta name=\"twitter:card\" content=\"summary_large_image\" \/>\n<meta name=\"twitter:site\" content=\"@CienciaULL\" \/>\n<meta name=\"twitter:label1\" content=\"Tiempo de lectura\" \/>\n\t<meta name=\"twitter:data1\" content=\"5 minutos\" \/>\n<script type=\"application\/ld+json\" class=\"yoast-schema-graph\">{\"@context\":\"https:\/\/schema.org\",\"@graph\":[{\"@type\":\"WebPage\",\"@id\":\"https:\/\/www.ull.es\/portal\/cienciaull\/rocio-pena\/\",\"url\":\"https:\/\/www.ull.es\/portal\/cienciaull\/rocio-pena\/\",\"name\":\"Roc\u00edo Pe\u00f1a - Economista -\",\"isPartOf\":{\"@id\":\"https:\/\/www.ull.es\/portal\/cienciaull\/#website\"},\"datePublished\":\"2023-07-24T11:19:26+00:00\",\"dateModified\":\"2024-02-16T13:15:50+00:00\",\"breadcrumb\":{\"@id\":\"https:\/\/www.ull.es\/portal\/cienciaull\/rocio-pena\/#breadcrumb\"},\"inLanguage\":\"es\",\"potentialAction\":[{\"@type\":\"ReadAction\",\"target\":[\"https:\/\/www.ull.es\/portal\/cienciaull\/rocio-pena\/\"]}]},{\"@type\":\"BreadcrumbList\",\"@id\":\"https:\/\/www.ull.es\/portal\/cienciaull\/rocio-pena\/#breadcrumb\",\"itemListElement\":[{\"@type\":\"ListItem\",\"position\":1,\"name\":\"Portada\",\"item\":\"https:\/\/www.ull.es\/portal\/cienciaull\/\"},{\"@type\":\"ListItem\",\"position\":2,\"name\":\"Roc\u00edo Pe\u00f1a &#8211; Economista\"}]},{\"@type\":\"WebSite\",\"@id\":\"https:\/\/www.ull.es\/portal\/cienciaull\/#website\",\"url\":\"https:\/\/www.ull.es\/portal\/cienciaull\/\",\"name\":\"\",\"description\":\"Unidad de Cultura Cient\u00edfica y de la Innovaci\u00f3n de la Universidad de La Laguna\",\"potentialAction\":[{\"@type\":\"SearchAction\",\"target\":{\"@type\":\"EntryPoint\",\"urlTemplate\":\"https:\/\/www.ull.es\/portal\/cienciaull\/?s={search_term_string}\"},\"query-input\":\"required name=search_term_string\"}],\"inLanguage\":\"es\"}]}<\/script>\n<!-- \/ Yoast SEO plugin. -->","yoast_head_json":{"title":"Roc\u00edo Pe\u00f1a - Economista -","robots":{"index":"index","follow":"follow","max-snippet":"max-snippet:-1","max-image-preview":"max-image-preview:large","max-video-preview":"max-video-preview:-1"},"canonical":"https:\/\/www.ull.es\/portal\/cienciaull\/rocio-pena\/","og_locale":"es_ES","og_type":"article","og_title":"Roc\u00edo Pe\u00f1a - Economista -","og_description":"[vc_row][vc_column][vc_empty_space][\/vc_column][\/vc_row][vc_row][vc_column width=\u00bb2\/3&#8243;][vc_empty_space][vc_custom_heading text=\u00bb\u00c1rea Ciencia y Sociedad\u00bb font_container=\u00bbtag:h2|text_align:left|color:%23d8478b\u00bb google_fonts=\u00bbfont_family:Roboto%20Slab%3A100%2C300%2Cregular%2C700|font_style:700%20bold%20regular%3A700%3Anormal\u00bb][vc_custom_heading text=\u00bbCap\u00edtulo 14. Roc\u00edo Pe\u00f1a &#8211; Economista\u00bb font_container=\u00bbtag:h3|text_align:left|color:%23d8478b\u00bb google_fonts=\u00bbfont_family:Roboto%20Slab%3A100%2C300%2Cregular%2C700|font_style:700%20bold%20regular%3A700%3Anormal\u00bb][vc_custom_heading text=\u00bbBiograf\u00eda\u00bb font_container=\u00bbtag:h3|text_align:left|color:%23535968&#8243; google_fonts=\u00bbfont_family:Roboto%20Slab%3A100%2C300%2Cregular%2C700|font_style:700%20bold%20regular%3A700%3Anormal\u00bb][vc_column_text] Licenciada en Ciencias Econ\u00f3micas y Empresariales por la Universidad de La Laguna, consigui\u00f3 la suficiencia investigadora con la calificaci\u00f3n de sobresaliente en todos los cursos de doctorado, que le permiti\u00f3 ser Doctora Cum Laude en Ciencias...","og_url":"https:\/\/www.ull.es\/portal\/cienciaull\/rocio-pena\/","article_publisher":"https:\/\/www.facebook.com\/CienciaULL\/","article_modified_time":"2024-02-16T13:15:50+00:00","twitter_card":"summary_large_image","twitter_site":"@CienciaULL","twitter_misc":{"Tiempo de lectura":"5 minutos"},"schema":{"@context":"https:\/\/schema.org","@graph":[{"@type":"WebPage","@id":"https:\/\/www.ull.es\/portal\/cienciaull\/rocio-pena\/","url":"https:\/\/www.ull.es\/portal\/cienciaull\/rocio-pena\/","name":"Roc\u00edo Pe\u00f1a - Economista -","isPartOf":{"@id":"https:\/\/www.ull.es\/portal\/cienciaull\/#website"},"datePublished":"2023-07-24T11:19:26+00:00","dateModified":"2024-02-16T13:15:50+00:00","breadcrumb":{"@id":"https:\/\/www.ull.es\/portal\/cienciaull\/rocio-pena\/#breadcrumb"},"inLanguage":"es","potentialAction":[{"@type":"ReadAction","target":["https:\/\/www.ull.es\/portal\/cienciaull\/rocio-pena\/"]}]},{"@type":"BreadcrumbList","@id":"https:\/\/www.ull.es\/portal\/cienciaull\/rocio-pena\/#breadcrumb","itemListElement":[{"@type":"ListItem","position":1,"name":"Portada","item":"https:\/\/www.ull.es\/portal\/cienciaull\/"},{"@type":"ListItem","position":2,"name":"Roc\u00edo Pe\u00f1a &#8211; Economista"}]},{"@type":"WebSite","@id":"https:\/\/www.ull.es\/portal\/cienciaull\/#website","url":"https:\/\/www.ull.es\/portal\/cienciaull\/","name":"","description":"Unidad de Cultura Cient\u00edfica y de la Innovaci\u00f3n de la Universidad de La Laguna","potentialAction":[{"@type":"SearchAction","target":{"@type":"EntryPoint","urlTemplate":"https:\/\/www.ull.es\/portal\/cienciaull\/?s={search_term_string}"},"query-input":"required name=search_term_string"}],"inLanguage":"es"}]}},"_links":{"self":[{"href":"https:\/\/www.ull.es\/portal\/cienciaull\/wp-json\/wp\/v2\/pages\/24292"}],"collection":[{"href":"https:\/\/www.ull.es\/portal\/cienciaull\/wp-json\/wp\/v2\/pages"}],"about":[{"href":"https:\/\/www.ull.es\/portal\/cienciaull\/wp-json\/wp\/v2\/types\/page"}],"author":[{"embeddable":true,"href":"https:\/\/www.ull.es\/portal\/cienciaull\/wp-json\/wp\/v2\/users\/56"}],"replies":[{"embeddable":true,"href":"https:\/\/www.ull.es\/portal\/cienciaull\/wp-json\/wp\/v2\/comments?post=24292"}],"version-history":[{"count":15,"href":"https:\/\/www.ull.es\/portal\/cienciaull\/wp-json\/wp\/v2\/pages\/24292\/revisions"}],"predecessor-version":[{"id":26340,"href":"https:\/\/www.ull.es\/portal\/cienciaull\/wp-json\/wp\/v2\/pages\/24292\/revisions\/26340"}],"wp:attachment":[{"href":"https:\/\/www.ull.es\/portal\/cienciaull\/wp-json\/wp\/v2\/media?parent=24292"}],"curies":[{"name":"wp","href":"https:\/\/api.w.org\/{rel}","templated":true}]}}