{"id":2432,"date":"2020-04-03T12:41:15","date_gmt":"2020-04-03T12:41:15","guid":{"rendered":"https:\/\/www.ull.es\/portal\/cienciaull\/?page_id=2432"},"modified":"2024-04-01T08:52:02","modified_gmt":"2024-04-01T08:52:02","slug":"universidadresponde","status":"publish","type":"page","link":"https:\/\/www.ull.es\/portal\/cienciaull\/universidadresponde\/","title":{"rendered":"La Universidad Responde"},"content":{"rendered":"<p>[vc_row][vc_column]\n<div id=\"rev_slider_13_1_wrapper\" class=\"rev_slider_wrapper fullwidthbanner-container\" data-source=\"gallery\" style=\"margin:0px auto;background:transparent;padding:0px;margin-top:0px;margin-bottom:0px;\">\n<!-- START REVOLUTION SLIDER 5.4.7.3 auto mode -->\n\t<div id=\"rev_slider_13_1\" class=\"rev_slider fullwidthabanner\" style=\"display:none;\" data-version=\"5.4.7.3\">\n<ul>\t<!-- SLIDE  -->\n\t<li data-index=\"rs-33\" data-transition=\"fade\" data-slotamount=\"default\" data-hideafterloop=\"0\" data-hideslideonmobile=\"off\"  data-easein=\"default\" data-easeout=\"default\" data-masterspeed=\"300\"  data-rotate=\"0\"  data-saveperformance=\"off\"  data-title=\"Slide\" data-param1=\"\" data-param2=\"\" data-param3=\"\" data-param4=\"\" data-param5=\"\" data-param6=\"\" data-param7=\"\" data-param8=\"\" data-param9=\"\" data-param10=\"\" data-description=\"\">\n\t\t<!-- MAIN IMAGE -->\n\t\t<img src=\"https:\/\/s6.gifyu.com\/images\/Banner-La-Universidad-Responde-1169-x-347.png\"  alt=\"\"  width=\"1920\" height=\"1080\" data-bgposition=\"center center\" data-bgfit=\"contain\" data-bgrepeat=\"no-repeat\" class=\"rev-slidebg\" data-no-retina>\n\t\t<!-- LAYERS -->\n\t<\/li>\n<\/ul>\n<div class=\"tp-bannertimer tp-bottom\" style=\"visibility: hidden !important;\"><\/div>\t<\/div>\n<script>var htmlDiv = document.getElementById(\"rs-plugin-settings-inline-css\"); var htmlDivCss=\"\";\r\n\t\t\t\tif(htmlDiv) {\r\n\t\t\t\t\thtmlDiv.innerHTML = htmlDiv.innerHTML + htmlDivCss;\r\n\t\t\t\t}else{\r\n\t\t\t\t\tvar htmlDiv = document.createElement(\"div\");\r\n\t\t\t\t\thtmlDiv.innerHTML = \"<style>\" + htmlDivCss + \"<\/style>\";\r\n\t\t\t\t\tdocument.getElementsByTagName(\"head\")[0].appendChild(htmlDiv.childNodes[0]);\r\n\t\t\t\t}\r\n\t\t\t<\/script>\n\t\t<script type=\"text\/javascript\">\r\nif (setREVStartSize!==undefined) setREVStartSize(\r\n\t{c: '#rev_slider_13_1', gridwidth: [1169], gridheight: [347], sliderLayout: 'auto'});\r\n\t\t\t\r\nvar revapi13,\r\n\ttpj;\t\r\n(function() {\t\t\t\r\n\tif (!\/loaded|interactive|complete\/.test(document.readyState)) document.addEventListener(\"DOMContentLoaded\",onLoad); else onLoad();\t\r\n\tfunction onLoad() {\t\t\t\t\r\n\t\tif (tpj===undefined) { tpj = jQuery; if(\"off\" == \"on\") tpj.noConflict();}\r\n\tif(tpj(\"#rev_slider_13_1\").revolution == undefined){\n\t\trevslider_showDoubleJqueryError(\"#rev_slider_13_1\");\n\t}else{\n\t\trevapi13 = tpj(\"#rev_slider_13_1\").show().revolution({\n\t\t\tsliderType:\"standard\",\n\t\t\tjsFileLocation:\"\/\/www.ull.es\/portal\/cienciaull\/wp-content\/plugins\/revslider\/public\/assets\/js\/\",\n\t\t\tsliderLayout:\"auto\",\n\t\t\tdottedOverlay:\"none\",\n\t\t\tdelay:9000,\n\t\t\tnavigation: {\n\t\t\t\tonHoverStop:\"off\",\n\t\t\t},\n\t\t\tvisibilityLevels:[1240,1024,778,480],\n\t\t\tgridwidth:1169,\n\t\t\tgridheight:347,\n\t\t\tlazyType:\"none\",\n\t\t\tshadow:0,\n\t\t\tspinner:\"spinner0\",\n\t\t\tstopLoop:\"off\",\n\t\t\tstopAfterLoops:-1,\n\t\t\tstopAtSlide:-1,\n\t\t\tshuffle:\"off\",\n\t\t\tautoHeight:\"off\",\n\t\t\tdisableProgressBar:\"on\",\n\t\t\thideThumbsOnMobile:\"off\",\n\t\t\thideSliderAtLimit:0,\n\t\t\thideCaptionAtLimit:0,\n\t\t\thideAllCaptionAtLilmit:0,\n\t\t\tdebugMode:false,\n\t\t\tfallbacks: {\n\t\t\t\tsimplifyAll:\"off\",\n\t\t\t\tnextSlideOnWindowFocus:\"off\",\n\t\t\t\tdisableFocusListener:false,\n\t\t\t}\n\t\t});\n\t}; \/* END OF revapi call *\/\n\t\n }; \/* END OF ON LOAD FUNCTION *\/\r\n}()); \/* END OF WRAPPING FUNCTION *\/\r\n<\/script>\r\n\t\t<\/div><!-- END REVOLUTION SLIDER -->[vc_separator color=\u00bborange\u00bb border_width=\u00bb10&#8243;][vc_empty_space height=\u00bb40&#8243;][\/vc_column][\/vc_row][vc_row][vc_column width=\u00bb2\/3&#8243;][vc_custom_heading text=\u00bbPresentaci\u00f3n\u00bb font_container=\u00bbtag:h2|text_align:left|color:%23d66f19&#8243; google_fonts=\u00bbfont_family:Roboto%20Slab%3A100%2C300%2Cregular%2C700|font_style:700%20bold%20regular%3A700%3Anormal\u00bb css=\u00bb.vc_custom_1589364877933{margin-bottom: 7px !important;border-bottom-width: 7px !important;padding-bottom: 7px !important;}\u00bb][vc_empty_space][vc_column_text]<\/p>\n<p style=\"text-align: justify\"><span style=\"font-weight: 400\">La <em><strong><span style=\"color: #d66f19\">Universidad Responde<\/span><\/strong><\/em>\u00a0es un proyecto de divulgaci\u00f3n cient\u00edfica de \u00e1mbito nacional. Est\u00e1 integrado por 31 universidades, siendo una de ellas la Universidad de La Laguna, y coordinado por la CRUE, con la colaboraci\u00f3n de la Fundaci\u00f3n Espa\u00f1ola para la Ciencia y la Tecnolog\u00eda del Ministerio de Ciencia e Innovaci\u00f3n.<\/span><\/p>\n<p style=\"text-align: justify\"><span style=\"font-weight: 400\">Este proyecto consiste en la creaci\u00f3n, por cada una de las universidades participantes, de una serie\u00a0 de peque\u00f1as p\u00edldoras divulgativas de 2-5 minutos de duraci\u00f3n, donde sus investigadores e investigadoras, a trav\u00e9s de preguntas relacionadas con sus l\u00edneas de investigaci\u00f3n, responden a dudas que tiene la sociedad.\u00a0<\/span><\/p>\n<p style=\"text-align: justify\"><span style=\"font-weight: 400\">El objetivo final de este proyecto es que la sociedad conozca que los avances cient\u00edficos que se desarrollan en la universidades facilitan y mejoran sus vidas. De este modo, las universidades comunican sus experiencias y resultados de investigaci\u00f3n a la sociedad y contribuyen al tejido industrial mediante la transferencia de tecnolog\u00eda y conocimiento.<\/span><\/p>\n<p style=\"text-align: justify\">En la actualidad, se est\u00e1 desarrollando la tercera edici\u00f3n.<\/p>\n<p>[\/vc_column_text][vc_empty_space][\/vc_column][vc_column width=\u00bb1\/3&#8243;][vc_video link=\u00bbhttps:\/\/youtu.be\/4WMWQMQpXuA\u00bb el_aspect=\u00bb43&#8243; align=\u00bbright\u00bb css=\u00bb.vc_custom_1589364854170{margin-top: 42px !important;border-top-width: 42px !important;padding-top: 42px !important;}\u00bb][vc_empty_space height=\u00bb25px\u00bb][\/vc_column][\/vc_row][vc_row][vc_column][vc_custom_heading text=\u00bbI Edici\u00f3n\u00bb google_fonts=\u00bbfont_family:Roboto%20Slab%3A100%2C300%2Cregular%2C700|font_style:700%20bold%20regular%3A700%3Anormal\u00bb][\/vc_column][\/vc_row][vc_row][vc_column width=\u00bb1\/3&#8243;][vc_column_text]<\/p>\n<h5><strong><span style=\"color: #ff9900\">1. Arteterapia<\/span><\/strong><\/h5>\n<p>[\/vc_column_text][vc_video link=\u00bbhttps:\/\/www.youtube.com\/watch?v=SbD-KbdRtMM&amp;list=PLAqmRmkVzl18-F-oGYx70QRo5Vy661nJ1&amp;index=2&#8243;][vc_empty_space height=\u00bb20px\u00bb][vc_column_text]<\/p>\n<h5><strong><span style=\"color: #ff9900\">4. Conveniencia del testamento<\/span><\/strong><\/h5>\n<p>[\/vc_column_text][vc_video link=\u00bbhttps:\/\/www.youtube.com\/watch?v=8IPa7e8Kc7s&amp;list=PLAqmRmkVzl18-F-oGYx70QRo5Vy661nJ1&amp;index=4&#8243;][vc_empty_space height=\u00bb20px\u00bb][vc_column_text]<\/p>\n<h5><strong><span style=\"color: #ff9900\">7. \u00bfQu\u00e9 aportan los fil\u00f3sofos a la sociedad actual?<\/span><\/strong><\/h5>\n<p>[\/vc_column_text][vc_video link=\u00bbhttps:\/\/www.youtube.com\/watch?v=WVLrGSSz9JA&amp;list=PLAqmRmkVzl18-F-oGYx70QRo5Vy661nJ1&amp;index=7&#8243;][\/vc_column][vc_column width=\u00bb1\/3&#8243;][vc_column_text]<\/p>\n<h5><strong><span style=\"color: #ff9900\">2. \u00bfC\u00f3mo se escribe una novela?<\/span><\/strong><\/h5>\n<p>[\/vc_column_text][vc_video link=\u00bbhttps:\/\/www.youtube.com\/watch?v=sN7-izTaqTU&amp;list=PLAqmRmkVzl18-F-oGYx70QRo5Vy661nJ1&amp;index=2&#8243;][vc_empty_space height=\u00bb20px\u00bb][vc_column_text]<\/p>\n<h5><strong><span style=\"color: #ff9900\">5. Jerogl\u00edficos egipcios<\/span><\/strong><\/h5>\n<p>[\/vc_column_text][vc_video link=\u00bbhttps:\/\/www.youtube.com\/watch?v=LxngTTw_NLA&amp;list=PLAqmRmkVzl18-F-oGYx70QRo5Vy661nJ1&amp;index=5&#8243;][vc_empty_space height=\u00bb20px\u00bb][vc_column_text]<\/p>\n<h5><strong><span style=\"color: #ff9900\">8. \u00bfQu\u00e9 es la Astrof\u00edsica?<\/span><\/strong><\/h5>\n<p>[\/vc_column_text][vc_video link=\u00bbhttps:\/\/www.youtube.com\/watch?v=_kC9nIl-M3Q&amp;list=PLAqmRmkVzl18-F-oGYx70QRo5Vy661nJ1&amp;index=8&#8243; css=\u00bb.vc_custom_1693552764938{margin-top: 32px !important;}\u00bb][\/vc_column][vc_column width=\u00bb1\/3&#8243;][vc_column_text]<\/p>\n<h5><strong><span style=\"color: #ff9900\">3. \u00bfC\u00f3mo se razona?<\/span><\/strong><\/h5>\n<p>[\/vc_column_text][vc_video link=\u00bbhttps:\/\/www.youtube.com\/watch?v=BTHiIGrBTFA&amp;list=PLAqmRmkVzl18-F-oGYx70QRo5Vy661nJ1&amp;index=3&#8243;][vc_empty_space height=\u00bb20px\u00bb][vc_column_text]<\/p>\n<h5><strong><span style=\"color: #ff9900\">6. \u00bfPor qu\u00e9 no se hunden los barcos?<\/span><\/strong><\/h5>\n<p>[\/vc_column_text][vc_video link=\u00bbhttps:\/\/www.youtube.com\/watch?v=AjUHvLZOJL0&amp;list=PLAqmRmkVzl18-F-oGYx70QRo5Vy661nJ1&amp;index=6&#8243;][vc_empty_space height=\u00bb20px\u00bb][vc_column_text]<\/p>\n<h5><strong><span style=\"color: #ff9900\">9. \u00bfQu\u00e9 son las pilas de combustible?<\/span><\/strong><\/h5>\n<p>[\/vc_column_text][vc_video link=\u00bbhttps:\/\/www.youtube.com\/watch?v=1PlS6Gsu2L8&amp;list=PLAqmRmkVzl18-F-oGYx70QRo5Vy661nJ1&amp;index=9&#8243; css=\u00bb.vc_custom_1693552779117{margin-top: 32px !important;}\u00bb][\/vc_column][\/vc_row][vc_row][vc_column width=\u00bb1\/3&#8243;][vc_empty_space height=\u00bb20px\u00bb][vc_column_text]<\/p>\n<h5><strong><span style=\"color: #ff9900\">10. \u00bfC\u00f3mo funciona un telescopio astron\u00f3mico?<\/span><\/strong><\/h5>\n<p>[\/vc_column_text][vc_video link=\u00bbhttps:\/\/www.youtube.com\/watch?v=p1zYxGrHU4A&amp;list=PLAqmRmkVzl18-F-oGYx70QRo5Vy661nJ1&amp;index=10&#8243;][\/vc_column][vc_column width=\u00bb1\/3&#8243;][vc_empty_space height=\u00bb20px\u00bb][vc_column_text]<\/p>\n<h5><strong><span style=\"color: #ff9900\">11. \u00bfPor qu\u00e9 tienen los amaneceres colores rojizos y anaranjados?<\/span><\/strong><\/h5>\n<p>[\/vc_column_text][vc_video link=\u00bbhttps:\/\/www.youtube.com\/watch?v=EJyMx1dYWdk&amp;list=PLAqmRmkVzl18-F-oGYx70QRo5Vy661nJ1&amp;index=11&#8243;][\/vc_column][vc_column width=\u00bb1\/3&#8243;][\/vc_column][\/vc_row][vc_row][vc_column][vc_empty_space][vc_custom_heading text=\u00bbII Edici\u00f3n\u00bb google_fonts=\u00bbfont_family:Roboto%20Slab%3A100%2C300%2Cregular%2C700|font_style:700%20bold%20regular%3A700%3Anormal\u00bb][\/vc_column][\/vc_row][vc_row][vc_column width=\u00bb1\/3&#8243;][vc_column_text]<\/p>\n<h5><strong><span style=\"color: #ff9900\">1. \u00bfC\u00f3mo se estudia el pasado aborigen de las Islas Canarias? Rosa Fregel<\/span><\/strong><\/h5>\n<p>[\/vc_column_text][vc_video link=\u00bbhttps:\/\/www.youtube.com\/watch?v=38PcmicyQJw&amp;list=PLyCiNKvX7KOE2rRv6CvQkmRP72tFmaTg-&amp;index=2&#8243;][vc_empty_space height=\u00bb20px\u00bb][vc_column_text]<\/p>\n<h5><strong><span style=\"color: #ff9900\">4. \u00bfQu\u00e9 son los micropl\u00e1sticos? Javier Hern\u00e1ndez\u00a0<\/span><\/strong><\/h5>\n<p>[\/vc_column_text][vc_video link=\u00bbhttps:\/\/www.youtube.com\/watch?v=6OFbrx2hjOU&amp;list=PLyCiNKvX7KOE2rRv6CvQkmRP72tFmaTg-&amp;index=4&#8243;][\/vc_column][vc_column width=\u00bb1\/3&#8243;][vc_column_text]<\/p>\n<h5><strong><span style=\"color: #ff9900\">2. \u00bfQu\u00e9 es la cristalograf\u00eda? Jorge Pas\u00e1n<\/span><\/strong><\/h5>\n<p>[\/vc_column_text][vc_video link=\u00bbhttps:\/\/www.youtube.com\/watch?v=g2VbHEUveP8&amp;list=PLyCiNKvX7KOE2rRv6CvQkmRP72tFmaTg-&amp;index=2&#8243; css=\u00bb.vc_custom_1693552796547{margin-top: 32px !important;}\u00bb][\/vc_column][vc_column width=\u00bb1\/3&#8243;][vc_column_text]<\/p>\n<h5><strong><span style=\"color: #ff9900\">3. \u00bfQu\u00e9 son las amebas de vida libre? Jacob Lorenzo<\/span><\/strong><\/h5>\n<p>[\/vc_column_text][vc_video link=\u00bbhttps:\/\/www.youtube.com\/watch?v=nxAWDoIzgk4&amp;list=PLyCiNKvX7KOE2rRv6CvQkmRP72tFmaTg-&amp;index=3&#8243;][\/vc_column][\/vc_row][vc_row][vc_column][vc_empty_space][vc_custom_heading text=\u00bbIII Edici\u00f3n\u00bb google_fonts=\u00bbfont_family:Roboto%20Slab%3A100%2C300%2Cregular%2C700|font_style:700%20bold%20regular%3A700%3Anormal\u00bb][\/vc_column][\/vc_row][vc_row][vc_column width=\u00bb1\/3&#8243;][vc_column_text]<\/p>\n<h5><strong><span style=\"color: #ff9900\">1. \u00bfQu\u00e9 es la calima y por qu\u00e9 se produce? Silvia Alonso<\/span><\/strong><\/h5>\n<p>[\/vc_column_text][vc_empty_space height=\u00bb24px\u00bb][vc_video link=\u00bbhttps:\/\/www.youtube.com\/watch?v=BBXCR1lmELU\u00bb][vc_empty_space height=\u00bb20px\u00bb][vc_column_text]<\/p>\n<h5><strong><span style=\"color: #ff9900\">4. \u00bfQu\u00e9 es el pensamiento computacional? Coromoto Le\u00f3n<\/span><\/strong><\/h5>\n<p>[\/vc_column_text][vc_video link=\u00bbhttps:\/\/www.youtube.com\/watch?v=J-ehlxLLJnw\u00bb][\/vc_column][vc_column width=\u00bb1\/3&#8243;][vc_column_text]<\/p>\n<h5><strong><span style=\"color: #ff9900\">2. \u00bfC\u00f3mo de importante es un correcto aprendizaje de la ciencia en Educaci\u00f3n? Antonio EFF Darwich<\/span><\/strong><\/h5>\n<p>[\/vc_column_text][vc_video link=\u00bbhttps:\/\/www.youtube.com\/watch?v=lSTmLXE3R64&#8243;][vc_empty_space height=\u00bb20px\u00bb][vc_column_text]<\/p>\n<h5><strong><span style=\"color: #ff9900\">5. \u00bfQu\u00e9 es un Herbario y para qu\u00e9 sirve? Cristina Gonz\u00e1lez<\/span><\/strong><\/h5>\n<p>[\/vc_column_text][vc_video link=\u00bbhttps:\/\/youtu.be\/L92sm8U0hwo\u00bb][\/vc_column][vc_column width=\u00bb1\/3&#8243;][vc_column_text]<\/p>\n<h5><strong><span style=\"color: #ff9900\">3. \u00bfC\u00f3mo se puede predecir una erupci\u00f3n volc\u00e1nica? Ram\u00f3n Casillas<\/span><\/strong><\/h5>\n<p>[\/vc_column_text][vc_empty_space height=\u00bb24px\u00bb][vc_video link=\u00bbhttps:\/\/www.youtube.com\/watch?v=cBuzNKA_CMI\u00bb][\/vc_column][\/vc_row]<\/p>\n","protected":false},"excerpt":{"rendered":"<p>[vc_row][vc_column][vc_separator color=\u00bborange\u00bb border_width=\u00bb10&#8243;][vc_empty_space height=\u00bb40&#8243;][\/vc_column][\/vc_row][vc_row][vc_column width=\u00bb2\/3&#8243;][vc_custom_heading text=\u00bbPresentaci\u00f3n\u00bb font_container=\u00bbtag:h2|text_align:left|color:%23d66f19&#8243; google_fonts=\u00bbfont_family:Roboto%20Slab%3A100%2C300%2Cregular%2C700|font_style:700%20bold%20regular%3A700%3Anormal\u00bb css=\u00bb.vc_custom_1589364877933{margin-bottom: 7px !important;border-bottom-width: 7px !important;padding-bottom: 7px !important;}\u00bb][vc_empty_space][vc_column_text] La Universidad Responde\u00a0es un proyecto de divulgaci\u00f3n cient\u00edfica de \u00e1mbito nacional. Est\u00e1 integrado por 31 universidades, siendo una de ellas la Universidad de La Laguna, y coordinado por la CRUE, con la colaboraci\u00f3n de la Fundaci\u00f3n Espa\u00f1ola para la Ciencia&#8230;<\/p>\n","protected":false},"author":56,"featured_media":0,"parent":0,"menu_order":0,"comment_status":"closed","ping_status":"closed","template":"templates\/cienciaull.php","meta":{"inline_featured_image":false,"footnotes":""},"acf":[],"yoast_head":"<!-- This site is optimized with the Yoast SEO plugin v21.3 - https:\/\/yoast.com\/wordpress\/plugins\/seo\/ -->\n<title>La Universidad Responde -<\/title>\n<meta name=\"robots\" content=\"index, follow, max-snippet:-1, max-image-preview:large, max-video-preview:-1\" \/>\n<link rel=\"canonical\" href=\"https:\/\/www.ull.es\/portal\/cienciaull\/universidadresponde\/\" \/>\n<meta property=\"og:locale\" content=\"es_ES\" \/>\n<meta property=\"og:type\" content=\"article\" \/>\n<meta property=\"og:title\" content=\"La Universidad Responde -\" \/>\n<meta property=\"og:description\" content=\"[vc_row][vc_column][vc_separator color=\u00bborange\u00bb border_width=\u00bb10&#8243;][vc_empty_space height=\u00bb40&#8243;][\/vc_column][\/vc_row][vc_row][vc_column width=\u00bb2\/3&#8243;][vc_custom_heading text=\u00bbPresentaci\u00f3n\u00bb font_container=\u00bbtag:h2|text_align:left|color:%23d66f19&#8243; google_fonts=\u00bbfont_family:Roboto%20Slab%3A100%2C300%2Cregular%2C700|font_style:700%20bold%20regular%3A700%3Anormal\u00bb css=\u00bb.vc_custom_1589364877933{margin-bottom: 7px !important;border-bottom-width: 7px !important;padding-bottom: 7px !important;}\u00bb][vc_empty_space][vc_column_text] La Universidad Responde\u00a0es un proyecto de divulgaci\u00f3n cient\u00edfica de \u00e1mbito nacional. Est\u00e1 integrado por 31 universidades, siendo una de ellas la Universidad de La Laguna, y coordinado por la CRUE, con la colaboraci\u00f3n de la Fundaci\u00f3n Espa\u00f1ola para la Ciencia...\" \/>\n<meta property=\"og:url\" content=\"https:\/\/www.ull.es\/portal\/cienciaull\/universidadresponde\/\" \/>\n<meta property=\"article:publisher\" content=\"https:\/\/www.facebook.com\/CienciaULL\/\" \/>\n<meta property=\"article:modified_time\" content=\"2024-04-01T08:52:02+00:00\" \/>\n<meta name=\"twitter:card\" content=\"summary_large_image\" \/>\n<meta name=\"twitter:site\" content=\"@CienciaULL\" \/>\n<meta name=\"twitter:label1\" content=\"Tiempo de lectura\" \/>\n\t<meta name=\"twitter:data1\" content=\"2 minutos\" \/>\n<script type=\"application\/ld+json\" class=\"yoast-schema-graph\">{\"@context\":\"https:\/\/schema.org\",\"@graph\":[{\"@type\":\"WebPage\",\"@id\":\"https:\/\/www.ull.es\/portal\/cienciaull\/universidadresponde\/\",\"url\":\"https:\/\/www.ull.es\/portal\/cienciaull\/universidadresponde\/\",\"name\":\"La Universidad Responde -\",\"isPartOf\":{\"@id\":\"https:\/\/www.ull.es\/portal\/cienciaull\/#website\"},\"datePublished\":\"2020-04-03T12:41:15+00:00\",\"dateModified\":\"2024-04-01T08:52:02+00:00\",\"breadcrumb\":{\"@id\":\"https:\/\/www.ull.es\/portal\/cienciaull\/universidadresponde\/#breadcrumb\"},\"inLanguage\":\"es\",\"potentialAction\":[{\"@type\":\"ReadAction\",\"target\":[\"https:\/\/www.ull.es\/portal\/cienciaull\/universidadresponde\/\"]}]},{\"@type\":\"BreadcrumbList\",\"@id\":\"https:\/\/www.ull.es\/portal\/cienciaull\/universidadresponde\/#breadcrumb\",\"itemListElement\":[{\"@type\":\"ListItem\",\"position\":1,\"name\":\"Portada\",\"item\":\"https:\/\/www.ull.es\/portal\/cienciaull\/\"},{\"@type\":\"ListItem\",\"position\":2,\"name\":\"La Universidad Responde\"}]},{\"@type\":\"WebSite\",\"@id\":\"https:\/\/www.ull.es\/portal\/cienciaull\/#website\",\"url\":\"https:\/\/www.ull.es\/portal\/cienciaull\/\",\"name\":\"\",\"description\":\"Unidad de Cultura Cient\u00edfica y de la Innovaci\u00f3n de la Universidad de La Laguna\",\"potentialAction\":[{\"@type\":\"SearchAction\",\"target\":{\"@type\":\"EntryPoint\",\"urlTemplate\":\"https:\/\/www.ull.es\/portal\/cienciaull\/?s={search_term_string}\"},\"query-input\":\"required name=search_term_string\"}],\"inLanguage\":\"es\"}]}<\/script>\n<!-- \/ Yoast SEO plugin. -->","yoast_head_json":{"title":"La Universidad Responde -","robots":{"index":"index","follow":"follow","max-snippet":"max-snippet:-1","max-image-preview":"max-image-preview:large","max-video-preview":"max-video-preview:-1"},"canonical":"https:\/\/www.ull.es\/portal\/cienciaull\/universidadresponde\/","og_locale":"es_ES","og_type":"article","og_title":"La Universidad Responde -","og_description":"[vc_row][vc_column][vc_separator color=\u00bborange\u00bb border_width=\u00bb10&#8243;][vc_empty_space height=\u00bb40&#8243;][\/vc_column][\/vc_row][vc_row][vc_column width=\u00bb2\/3&#8243;][vc_custom_heading text=\u00bbPresentaci\u00f3n\u00bb font_container=\u00bbtag:h2|text_align:left|color:%23d66f19&#8243; google_fonts=\u00bbfont_family:Roboto%20Slab%3A100%2C300%2Cregular%2C700|font_style:700%20bold%20regular%3A700%3Anormal\u00bb css=\u00bb.vc_custom_1589364877933{margin-bottom: 7px !important;border-bottom-width: 7px !important;padding-bottom: 7px !important;}\u00bb][vc_empty_space][vc_column_text] La Universidad Responde\u00a0es un proyecto de divulgaci\u00f3n cient\u00edfica de \u00e1mbito nacional. Est\u00e1 integrado por 31 universidades, siendo una de ellas la Universidad de La Laguna, y coordinado por la CRUE, con la colaboraci\u00f3n de la Fundaci\u00f3n Espa\u00f1ola para la Ciencia...","og_url":"https:\/\/www.ull.es\/portal\/cienciaull\/universidadresponde\/","article_publisher":"https:\/\/www.facebook.com\/CienciaULL\/","article_modified_time":"2024-04-01T08:52:02+00:00","twitter_card":"summary_large_image","twitter_site":"@CienciaULL","twitter_misc":{"Tiempo de lectura":"2 minutos"},"schema":{"@context":"https:\/\/schema.org","@graph":[{"@type":"WebPage","@id":"https:\/\/www.ull.es\/portal\/cienciaull\/universidadresponde\/","url":"https:\/\/www.ull.es\/portal\/cienciaull\/universidadresponde\/","name":"La Universidad Responde -","isPartOf":{"@id":"https:\/\/www.ull.es\/portal\/cienciaull\/#website"},"datePublished":"2020-04-03T12:41:15+00:00","dateModified":"2024-04-01T08:52:02+00:00","breadcrumb":{"@id":"https:\/\/www.ull.es\/portal\/cienciaull\/universidadresponde\/#breadcrumb"},"inLanguage":"es","potentialAction":[{"@type":"ReadAction","target":["https:\/\/www.ull.es\/portal\/cienciaull\/universidadresponde\/"]}]},{"@type":"BreadcrumbList","@id":"https:\/\/www.ull.es\/portal\/cienciaull\/universidadresponde\/#breadcrumb","itemListElement":[{"@type":"ListItem","position":1,"name":"Portada","item":"https:\/\/www.ull.es\/portal\/cienciaull\/"},{"@type":"ListItem","position":2,"name":"La Universidad Responde"}]},{"@type":"WebSite","@id":"https:\/\/www.ull.es\/portal\/cienciaull\/#website","url":"https:\/\/www.ull.es\/portal\/cienciaull\/","name":"","description":"Unidad de Cultura Cient\u00edfica y de la Innovaci\u00f3n de la Universidad de La Laguna","potentialAction":[{"@type":"SearchAction","target":{"@type":"EntryPoint","urlTemplate":"https:\/\/www.ull.es\/portal\/cienciaull\/?s={search_term_string}"},"query-input":"required name=search_term_string"}],"inLanguage":"es"}]}},"_links":{"self":[{"href":"https:\/\/www.ull.es\/portal\/cienciaull\/wp-json\/wp\/v2\/pages\/2432"}],"collection":[{"href":"https:\/\/www.ull.es\/portal\/cienciaull\/wp-json\/wp\/v2\/pages"}],"about":[{"href":"https:\/\/www.ull.es\/portal\/cienciaull\/wp-json\/wp\/v2\/types\/page"}],"author":[{"embeddable":true,"href":"https:\/\/www.ull.es\/portal\/cienciaull\/wp-json\/wp\/v2\/users\/56"}],"replies":[{"embeddable":true,"href":"https:\/\/www.ull.es\/portal\/cienciaull\/wp-json\/wp\/v2\/comments?post=2432"}],"version-history":[{"count":45,"href":"https:\/\/www.ull.es\/portal\/cienciaull\/wp-json\/wp\/v2\/pages\/2432\/revisions"}],"predecessor-version":[{"id":27286,"href":"https:\/\/www.ull.es\/portal\/cienciaull\/wp-json\/wp\/v2\/pages\/2432\/revisions\/27286"}],"wp:attachment":[{"href":"https:\/\/www.ull.es\/portal\/cienciaull\/wp-json\/wp\/v2\/media?parent=2432"}],"curies":[{"name":"wp","href":"https:\/\/api.w.org\/{rel}","templated":true}]}}