{"id":2436,"date":"2020-04-03T12:42:30","date_gmt":"2020-04-03T12:42:30","guid":{"rendered":"https:\/\/www.ull.es\/portal\/cienciaull\/?page_id=2436"},"modified":"2024-06-05T08:59:08","modified_gmt":"2024-06-05T08:59:08","slug":"universosostenible","status":"publish","type":"page","link":"https:\/\/www.ull.es\/portal\/cienciaull\/universosostenible\/","title":{"rendered":"Universo Sostenible"},"content":{"rendered":"<p>[vc_row][vc_column]\n<div id=\"rev_slider_12_1_wrapper\" class=\"rev_slider_wrapper fullwidthbanner-container\" data-source=\"gallery\" style=\"margin:0px auto;background:transparent;padding:0px;margin-top:0px;margin-bottom:0px;\">\n<!-- START REVOLUTION SLIDER 5.4.7.3 auto mode -->\n\t<div id=\"rev_slider_12_1\" class=\"rev_slider fullwidthabanner\" style=\"display:none;\" data-version=\"5.4.7.3\">\n<ul>\t<!-- SLIDE  -->\n\t<li data-index=\"rs-32\" data-transition=\"fade\" data-slotamount=\"default\" data-hideafterloop=\"0\" data-hideslideonmobile=\"off\"  data-easein=\"default\" data-easeout=\"default\" data-masterspeed=\"300\"  data-rotate=\"0\"  data-saveperformance=\"off\"  data-title=\"Slide\" data-param1=\"\" data-param2=\"\" data-param3=\"\" data-param4=\"\" data-param5=\"\" data-param6=\"\" data-param7=\"\" data-param8=\"\" data-param9=\"\" data-param10=\"\" data-description=\"\">\n\t\t<!-- MAIN IMAGE -->\n\t\t<img src=\"https:\/\/s6.gifyu.com\/images\/Banner-Universo-Sostenible-1600-x-859.png\"  alt=\"\"  width=\"1920\" height=\"1080\" data-bgposition=\"right center\" data-bgfit=\"contain\" data-bgrepeat=\"no-repeat\" class=\"rev-slidebg\" data-no-retina>\n\t\t<!-- LAYERS -->\n\t<\/li>\n<\/ul>\n<div class=\"tp-bannertimer tp-bottom\" style=\"visibility: hidden !important;\"><\/div>\t<\/div>\n<script>var htmlDiv = document.getElementById(\"rs-plugin-settings-inline-css\"); var htmlDivCss=\"\";\r\n\t\t\t\tif(htmlDiv) {\r\n\t\t\t\t\thtmlDiv.innerHTML = htmlDiv.innerHTML + htmlDivCss;\r\n\t\t\t\t}else{\r\n\t\t\t\t\tvar htmlDiv = document.createElement(\"div\");\r\n\t\t\t\t\thtmlDiv.innerHTML = \"<style>\" + htmlDivCss + \"<\/style>\";\r\n\t\t\t\t\tdocument.getElementsByTagName(\"head\")[0].appendChild(htmlDiv.childNodes[0]);\r\n\t\t\t\t}\r\n\t\t\t<\/script>\n\t\t<script type=\"text\/javascript\">\r\nif (setREVStartSize!==undefined) setREVStartSize(\r\n\t{c: '#rev_slider_12_1', gridwidth: [1600], gridheight: [859], sliderLayout: 'auto'});\r\n\t\t\t\r\nvar revapi12,\r\n\ttpj;\t\r\n(function() {\t\t\t\r\n\tif (!\/loaded|interactive|complete\/.test(document.readyState)) document.addEventListener(\"DOMContentLoaded\",onLoad); else onLoad();\t\r\n\tfunction onLoad() {\t\t\t\t\r\n\t\tif (tpj===undefined) { tpj = jQuery; if(\"off\" == \"on\") tpj.noConflict();}\r\n\tif(tpj(\"#rev_slider_12_1\").revolution == undefined){\n\t\trevslider_showDoubleJqueryError(\"#rev_slider_12_1\");\n\t}else{\n\t\trevapi12 = tpj(\"#rev_slider_12_1\").show().revolution({\n\t\t\tsliderType:\"standard\",\n\t\t\tjsFileLocation:\"\/\/www.ull.es\/portal\/cienciaull\/wp-content\/plugins\/revslider\/public\/assets\/js\/\",\n\t\t\tsliderLayout:\"auto\",\n\t\t\tdottedOverlay:\"none\",\n\t\t\tdelay:9000,\n\t\t\tnavigation: {\n\t\t\t\tonHoverStop:\"off\",\n\t\t\t},\n\t\t\tvisibilityLevels:[1240,1024,778,480],\n\t\t\tgridwidth:1600,\n\t\t\tgridheight:859,\n\t\t\tlazyType:\"none\",\n\t\t\tshadow:0,\n\t\t\tspinner:\"spinner0\",\n\t\t\tstopLoop:\"off\",\n\t\t\tstopAfterLoops:-1,\n\t\t\tstopAtSlide:-1,\n\t\t\tshuffle:\"off\",\n\t\t\tautoHeight:\"off\",\n\t\t\tdisableProgressBar:\"on\",\n\t\t\thideThumbsOnMobile:\"off\",\n\t\t\thideSliderAtLimit:0,\n\t\t\thideCaptionAtLimit:0,\n\t\t\thideAllCaptionAtLilmit:0,\n\t\t\tdebugMode:false,\n\t\t\tfallbacks: {\n\t\t\t\tsimplifyAll:\"off\",\n\t\t\t\tnextSlideOnWindowFocus:\"off\",\n\t\t\t\tdisableFocusListener:false,\n\t\t\t}\n\t\t});\n\t}; \/* END OF revapi call *\/\n\t\n }; \/* END OF ON LOAD FUNCTION *\/\r\n}()); \/* END OF WRAPPING FUNCTION *\/\r\n<\/script>\r\n\t\t<\/div><!-- END REVOLUTION SLIDER -->[vc_separator color=\u00bbcustom\u00bb style=\u00bbdouble\u00bb border_width=\u00bb10&#8243; accent_color=\u00bb#90ddb0&#8243;][vc_empty_space height=\u00bb40px\u00bb][\/vc_column][\/vc_row][vc_row][vc_column width=\u00bb2\/3&#8243;][vc_custom_heading text=\u00bbPresentaci\u00f3n\u00bb font_container=\u00bbtag:h2|text_align:left|color:%2390deaf\u00bb google_fonts=\u00bbfont_family:Roboto%20Slab%3A100%2C300%2Cregular%2C700|font_style:700%20bold%20regular%3A700%3Anormal\u00bb css=\u00bb.vc_custom_1688715577214{margin-bottom: 7px !important;border-bottom-width: 7px !important;padding-bottom: 7px !important;}\u00bb][vc_empty_space height=\u00bb10px\u00bb][vc_column_text]<\/p>\n<p style=\"text-align: justify\"><b>Universo Sostenible<\/b><span style=\"font-weight: 400\"> es un proyecto de divulgaci\u00f3n cient\u00edfica de \u00e1mbito nacional,\u00a0 donde investigadores e investigadoras de distintas universidades del pa\u00eds colaboran en la realizaci\u00f3n de una serie de v\u00eddeos, de car\u00e1cter divulgativo, que buscan dar respuesta a preguntas concretas sobre temas de actualidad de manera comprensible para el conjunto de la sociedad. La serie se emite todos los mi\u00e9rcoles en el programa <\/span>La Aventura del Saber<span style=\"font-weight: 400\"> de <\/span>La 2<span style=\"font-weight: 400\"> de <\/span>TVE<span style=\"font-weight: 400\">.<\/span><span style=\"font-weight: 400\"><br \/>\n<\/span><span style=\"font-weight: 400\"><br \/>\n<\/span><span style=\"font-weight: 400\">La serie, coproducida por 28 universidades espa\u00f1olas y RTVE, es una iniciativa del Grupo de Trabajo de Audiovisuales de CRUE<\/span><span style=\"font-weight: 400\"> y cuenta con la colaboraci\u00f3n de la Fundaci\u00f3n<\/span><span style=\"font-weight: 400\"> Espa\u00f1ola para la Ciencia y la Tecnolog\u00eda (FECYT Ciencia e Innovaci\u00f3n) del hasta ahora Ministerio de Econom\u00eda, Industria y Competitividad y de la compa\u00f1\u00eda Microsoft Corporation.<\/span> <span style=\"font-weight: 400\"><br \/>\n<\/span><span style=\"font-weight: 400\"><br \/>\n<\/span><span style=\"font-weight: 400\">A lo largo de cada temporada, se exponen las principales l\u00edneas de investigaci\u00f3n sobre temas de inter\u00e9s social. Cada temporada consta de 12 cap\u00edtulos con una duraci\u00f3n aproximada de 10\u2019 donde cada uno de los investigadores de la comunidad cient\u00edfica universitaria responde de manera breve y sencilla al planteamiento de una cuesti\u00f3n espec\u00edfica: historia, evoluci\u00f3n, <\/span><span style=\"font-weight: 400\">investigaciones relacionadas y soluciones de futuro. <\/span><span style=\"font-weight: 400\"><br \/>\n<\/span><span style=\"font-weight: 400\"><br \/>\n<\/span><span style=\"font-weight: 400\">Desde la Unidad de Cultura Cient\u00edfica y de la Innovaci\u00f3n, Cienci@ULL, y su Fundaci\u00f3n General, la Universidad de La Laguna (ULL) participa en el proyecto mediante mediante la propuesta de contenidos, selecci\u00f3n de expertos, realizaci\u00f3n de entrevistas a distintos expertos de nuestra instituci\u00f3n y env\u00edo de recursos. De esta manera se busca estrechar la <\/span><span style=\"font-weight: 400\">relaci\u00f3n de la sociedad con la comunidad cient\u00edfica<\/span><span style=\"font-weight: 400\">, la relaci\u00f3n de la universidad y sociedad.<\/span><span style=\"font-weight: 400\"><br \/>\n<\/span><span style=\"font-weight: 400\"><br \/>\n<\/span><\/p>\n<p style=\"text-align: justify\">A continuaci\u00f3n, se recogen los cap\u00edtulos donde han participado expertos\/as de la Universidad de La Laguna.<\/p>\n<p>[\/vc_column_text][\/vc_column][vc_column width=\u00bb1\/3&#8243;][vc_video link=\u00bbhttps:\/\/youtu.be\/nTj8H3DIN8E\u00bb align=\u00bbcenter\u00bb css=\u00bb.vc_custom_1592654421336{margin-top: 35px !important;border-top-width: 35px !important;padding-top: 35px !important;}\u00bb][vc_empty_space height=\u00bb20px\u00bb][vc_btn title=\u00bb<strong>La aventura del saber<\/strong>\u00bb color=\u00bbvista-blue\u00bb align=\u00bbcenter\u00bb button_block=\u00bbtrue\u00bb link=\u00bburl:https%3A%2F%2Fwww.rtve.es%2Falacarta%2Fvideos%2Fla-aventura-del-saber%2Faventura-universo-sostenible-como-envejece-cerebro%2F4829581%2F|||\u00bb][\/vc_column][\/vc_row][vc_row][vc_column][vc_empty_space][vc_custom_heading text=\u00bbTemporada 3&#8243; font_container=\u00bbtag:h2|text_align:left|color:%2390deaf\u00bb google_fonts=\u00bbfont_family:Roboto%20Slab%3A100%2C300%2Cregular%2C700|font_style:700%20bold%20regular%3A700%3Anormal\u00bb css=\u00bb.vc_custom_1688718612404{margin-bottom: 10px !important;border-bottom-width: 10px !important;padding-bottom: 10px !important;}\u00bb][\/vc_column][\/vc_row][vc_row][vc_column width=\u00bb1\/3&#8243;][vc_video link=\u00bbhttps:\/\/youtu.be\/41gO-gIoRA8&#8243;][vc_column_text]<strong>\u00ab\u00bfQu\u00e9 sabemos del coronavirus?\u00bb<\/strong>[\/vc_column_text][vc_empty_space height=\u00bb28px\u00bb][vc_column_text]<strong>Dr. Jacob Lorenzo Morales<\/strong><\/p>\n<p style=\"text-align: justify\"><strong>Director del Instituto Universitario de Enfermedades Tropicales y Salud P\u00fablica de Canarias<\/strong><\/p>\n<p>[\/vc_column_text][\/vc_column][vc_column width=\u00bb1\/3&#8243;][vc_video link=\u00bbhttps:\/\/youtu.be\/Vbcl_8EF_uM\u00bb][vc_column_text]<strong>\u00ab\u00bfQu\u00e9 se est\u00e1 investigando sobre el mundo animal?\u00bb<\/strong>[\/vc_column_text][vc_column_text]<strong>Dr. Jos\u00e9 Carlos Hern\u00e1ndez P\u00e9rez<\/strong><\/p>\n<p><strong>Profesor Titular de la Universidad de La Laguna<\/strong>[\/vc_column_text][\/vc_column][vc_column width=\u00bb1\/3&#8243;][vc_video link=\u00bbhttps:\/\/youtu.be\/Jmibmn81e4M\u00bb][vc_column_text]<strong>\u00ab\u00bfC\u00f3mo nos afecta la m\u00fasica?\u00bb<\/strong>[\/vc_column_text][vc_empty_space height=\u00bb28px\u00bb][vc_column_text]<strong>Dra. Pilar Gil Fr\u00edas<\/strong><\/p>\n<p style=\"text-align: justify\"><strong>Profesora Contratada Doctora de la Universidad de La Laguna<\/strong><\/p>\n<p>[\/vc_column_text][\/vc_column][\/vc_row][vc_row][vc_column][vc_empty_space height=\u00bb20px\u00bb][vc_custom_heading text=\u00bbTemporada 4&#8243; font_container=\u00bbtag:h2|text_align:left|color:%2390deaf\u00bb google_fonts=\u00bbfont_family:Roboto%20Slab%3A100%2C300%2Cregular%2C700|font_style:700%20bold%20regular%3A700%3Anormal\u00bb css=\u00bb.vc_custom_1688715626540{margin-bottom: 10px !important;border-bottom-width: 10px !important;padding-bottom: 10px !important;}\u00bb][\/vc_column][\/vc_row][vc_row][vc_column width=\u00bb1\/2&#8243;][vc_video link=\u00bbhttps:\/\/youtu.be\/DNfH7QanhmM\u00bb][vc_column_text]<strong>\u00ab\u00bfEst\u00e1 cambiando la forma de plantearse el turismo?\u00bb<\/strong>[\/vc_column_text][vc_column_text]<strong>Dr. Eduardo Parra L\u00f3pez<\/strong><\/p>\n<p><strong>Profesor Titular de la Universidad de La Laguna<\/strong>[\/vc_column_text][\/vc_column][vc_column width=\u00bb1\/2&#8243;][vc_video link=\u00bbhttps:\/\/youtu.be\/0jhAuHC7GAc\u00bb][vc_column_text]<strong>\u00ab\u00bfPodemos aumentar el uso de energ\u00edas renovables?\u00bb<\/strong>[\/vc_column_text][vc_column_text]<strong>Dr. Ricardo Guerrero Lemus<\/strong><\/p>\n<p style=\"text-align: justify\"><strong>Catedr\u00e1tico de la Universidad de La Laguna<\/strong><\/p>\n<p>[\/vc_column_text][\/vc_column][\/vc_row][vc_row][vc_column][vc_empty_space height=\u00bb20px\u00bb][vc_custom_heading text=\u00bbTemporada 5&#8243; font_container=\u00bbtag:h2|text_align:left|color:%2390deaf\u00bb google_fonts=\u00bbfont_family:Roboto%20Slab%3A100%2C300%2Cregular%2C700|font_style:700%20bold%20regular%3A700%3Anormal\u00bb css=\u00bb.vc_custom_1688715632798{margin-bottom: 10px !important;border-bottom-width: 10px !important;padding-bottom: 10px !important;}\u00bb][\/vc_column][\/vc_row][vc_row][vc_column width=\u00bb1\/2&#8243;][vc_video link=\u00bbhttps:\/\/youtu.be\/6xF5sVWLXLY\u00bb][vc_column_text]<strong>\u00ab\u00bfC\u00f3mo se puede controlar una plaga?\u00bb<\/strong>[\/vc_column_text][vc_column_text]<strong>Dr. Raimundo Cabrera P\u00e9rez<\/strong><\/p>\n<p><strong>Profesor Titular de la Universidad de La Laguna<\/strong>[\/vc_column_text][\/vc_column][vc_column width=\u00bb1\/2&#8243;][vc_video link=\u00bbhttps:\/\/youtu.be\/3Dnr1MbJ6rU\u00bb][vc_column_text]<strong>\u00ab\u00bfQu\u00e9 sabemos de bot\u00e1nica medicinal?\u00bb<\/strong>[\/vc_column_text][vc_column_text]<strong>Dr. Israel P\u00e9rez Vargas<\/strong><\/p>\n<p><strong>Profesor Contratado Doctor de la Universidad de La Laguna<\/strong>[\/vc_column_text][\/vc_column][\/vc_row][vc_row][vc_column][vc_empty_space height=\u00bb20px\u00bb][vc_custom_heading text=\u00bbTemporada 6&#8243; font_container=\u00bbtag:h2|text_align:left|color:%2390deaf\u00bb google_fonts=\u00bbfont_family:Roboto%20Slab%3A100%2C300%2Cregular%2C700|font_style:700%20bold%20regular%3A700%3Anormal\u00bb css=\u00bb.vc_custom_1688715639718{margin-bottom: 10px !important;border-bottom-width: 10px !important;padding-bottom: 10px !important;}\u00bb][\/vc_column][\/vc_row][vc_row][vc_column width=\u00bb1\/2&#8243;][vc_video link=\u00bbhttps:\/\/youtu.be\/GCpkm2c2sWw\u00bb][vc_column_text]<strong>\u00ab\u00bfC\u00f3mo afecta la deforestaci\u00f3n a la Biodiversidad?\u00bb<\/strong>[\/vc_column_text][vc_column_text]<strong>Dr. Jos\u00e9 Ram\u00f3n Ar\u00e9valo Sierra<\/strong><\/p>\n<p><strong>Catedr\u00e1tico de la Universidad de La Laguna<\/strong>[\/vc_column_text][\/vc_column][vc_column width=\u00bb1\/2&#8243;][vc_video link=\u00bbhttps:\/\/youtu.be\/WfV5DDuUSVs\u00bb][vc_column_text]<strong>\u00ab\u00bfPodemos Pronosticar la erupci\u00f3n de un volc\u00e1n?\u00bb<\/strong>[\/vc_column_text][vc_column_text]<strong>Dr. Ram\u00f3n Casillas Ru\u00edz<\/strong><\/p>\n<p><strong>Catedr\u00e1tico de la Universidad de La Laguna<\/strong>[\/vc_column_text][\/vc_column][\/vc_row][vc_row][vc_column][vc_empty_space height=\u00bb20px\u00bb][vc_custom_heading text=\u00bbTemporada 7&#8243; font_container=\u00bbtag:h2|text_align:left|color:%2390deaf\u00bb google_fonts=\u00bbfont_family:Roboto%20Slab%3A100%2C300%2Cregular%2C700|font_style:700%20bold%20regular%3A700%3Anormal\u00bb css=\u00bb.vc_custom_1715766418040{margin-bottom: 10px !important;border-bottom-width: 10px !important;padding-bottom: 10px !important;}\u00bb][\/vc_column][\/vc_row][vc_row][vc_column width=\u00bb1\/2&#8243;][vc_video link=\u00bbhttps:\/\/www.youtube.com\/watch?v=XR1wizZEGyQ\u00bb][vc_column_text]<strong>\u00ab\u00bfExiste un segundo cerebro?\u00bb<\/strong>[\/vc_column_text][vc_column_text]<strong>Dra. Raquel Mar\u00edn Cruzado<\/strong><\/p>\n<p><strong>Neurocient\u00edfica y Catedr\u00e1tica de Fisiolog\u00eda de la Universidad de La Laguna<\/strong>[\/vc_column_text][\/vc_column][vc_column width=\u00bb1\/2&#8243;][vc_video link=\u00bbhttps:\/\/youtu.be\/vbopWBPqgeI\u00bb][vc_column_text]<strong>\u00ab\u00bfQu\u00e9 es la restauraci\u00f3n ecol\u00f3gica?\u00bb<\/strong>[\/vc_column_text][vc_column_text]<strong>Dra. Lea de Nascimento<\/strong><\/p>\n<p><strong>Doctora en Biolog\u00eda\u2000por la Universidad de La Laguna en colaboraci\u00f3n con la Universidad de Oxford<\/strong>[\/vc_column_text][\/vc_column][\/vc_row]<\/p>\n","protected":false},"excerpt":{"rendered":"<p>[vc_row][vc_column][vc_separator color=\u00bbcustom\u00bb style=\u00bbdouble\u00bb border_width=\u00bb10&#8243; accent_color=\u00bb#90ddb0&#8243;][vc_empty_space height=\u00bb40px\u00bb][\/vc_column][\/vc_row][vc_row][vc_column width=\u00bb2\/3&#8243;][vc_custom_heading text=\u00bbPresentaci\u00f3n\u00bb font_container=\u00bbtag:h2|text_align:left|color:%2390deaf\u00bb google_fonts=\u00bbfont_family:Roboto%20Slab%3A100%2C300%2Cregular%2C700|font_style:700%20bold%20regular%3A700%3Anormal\u00bb css=\u00bb.vc_custom_1688715577214{margin-bottom: 7px !important;border-bottom-width: 7px !important;padding-bottom: 7px !important;}\u00bb][vc_empty_space height=\u00bb10px\u00bb][vc_column_text] Universo Sostenible es un proyecto de divulgaci\u00f3n cient\u00edfica de \u00e1mbito nacional,\u00a0 donde investigadores e investigadoras de distintas universidades del pa\u00eds colaboran en la realizaci\u00f3n de una serie de v\u00eddeos, de car\u00e1cter divulgativo, que buscan dar respuesta a&#8230;<\/p>\n","protected":false},"author":56,"featured_media":0,"parent":0,"menu_order":0,"comment_status":"closed","ping_status":"closed","template":"templates\/cienciaull.php","meta":{"inline_featured_image":false,"footnotes":""},"acf":[],"yoast_head":"<!-- This site is optimized with the Yoast SEO plugin v21.3 - https:\/\/yoast.com\/wordpress\/plugins\/seo\/ -->\n<title>Universo Sostenible -<\/title>\n<meta name=\"robots\" content=\"index, follow, max-snippet:-1, max-image-preview:large, max-video-preview:-1\" \/>\n<link rel=\"canonical\" href=\"https:\/\/www.ull.es\/portal\/cienciaull\/universosostenible\/\" \/>\n<meta property=\"og:locale\" content=\"es_ES\" \/>\n<meta property=\"og:type\" content=\"article\" \/>\n<meta property=\"og:title\" content=\"Universo Sostenible -\" \/>\n<meta property=\"og:description\" content=\"[vc_row][vc_column][vc_separator color=\u00bbcustom\u00bb style=\u00bbdouble\u00bb border_width=\u00bb10&#8243; accent_color=\u00bb#90ddb0&#8243;][vc_empty_space height=\u00bb40px\u00bb][\/vc_column][\/vc_row][vc_row][vc_column width=\u00bb2\/3&#8243;][vc_custom_heading text=\u00bbPresentaci\u00f3n\u00bb font_container=\u00bbtag:h2|text_align:left|color:%2390deaf\u00bb google_fonts=\u00bbfont_family:Roboto%20Slab%3A100%2C300%2Cregular%2C700|font_style:700%20bold%20regular%3A700%3Anormal\u00bb css=\u00bb.vc_custom_1688715577214{margin-bottom: 7px !important;border-bottom-width: 7px !important;padding-bottom: 7px !important;}\u00bb][vc_empty_space height=\u00bb10px\u00bb][vc_column_text] Universo Sostenible es un proyecto de divulgaci\u00f3n cient\u00edfica de \u00e1mbito nacional,\u00a0 donde investigadores e investigadoras de distintas universidades del pa\u00eds colaboran en la realizaci\u00f3n de una serie de v\u00eddeos, de car\u00e1cter divulgativo, que buscan dar respuesta a...\" \/>\n<meta property=\"og:url\" content=\"https:\/\/www.ull.es\/portal\/cienciaull\/universosostenible\/\" \/>\n<meta property=\"article:publisher\" content=\"https:\/\/www.facebook.com\/CienciaULL\/\" \/>\n<meta property=\"article:modified_time\" content=\"2024-06-05T08:59:08+00:00\" \/>\n<meta name=\"twitter:card\" content=\"summary_large_image\" \/>\n<meta name=\"twitter:site\" content=\"@CienciaULL\" \/>\n<meta name=\"twitter:label1\" content=\"Tiempo de lectura\" \/>\n\t<meta name=\"twitter:data1\" content=\"3 minutos\" \/>\n<script type=\"application\/ld+json\" class=\"yoast-schema-graph\">{\"@context\":\"https:\/\/schema.org\",\"@graph\":[{\"@type\":\"WebPage\",\"@id\":\"https:\/\/www.ull.es\/portal\/cienciaull\/universosostenible\/\",\"url\":\"https:\/\/www.ull.es\/portal\/cienciaull\/universosostenible\/\",\"name\":\"Universo Sostenible -\",\"isPartOf\":{\"@id\":\"https:\/\/www.ull.es\/portal\/cienciaull\/#website\"},\"datePublished\":\"2020-04-03T12:42:30+00:00\",\"dateModified\":\"2024-06-05T08:59:08+00:00\",\"breadcrumb\":{\"@id\":\"https:\/\/www.ull.es\/portal\/cienciaull\/universosostenible\/#breadcrumb\"},\"inLanguage\":\"es\",\"potentialAction\":[{\"@type\":\"ReadAction\",\"target\":[\"https:\/\/www.ull.es\/portal\/cienciaull\/universosostenible\/\"]}]},{\"@type\":\"BreadcrumbList\",\"@id\":\"https:\/\/www.ull.es\/portal\/cienciaull\/universosostenible\/#breadcrumb\",\"itemListElement\":[{\"@type\":\"ListItem\",\"position\":1,\"name\":\"Portada\",\"item\":\"https:\/\/www.ull.es\/portal\/cienciaull\/\"},{\"@type\":\"ListItem\",\"position\":2,\"name\":\"Universo Sostenible\"}]},{\"@type\":\"WebSite\",\"@id\":\"https:\/\/www.ull.es\/portal\/cienciaull\/#website\",\"url\":\"https:\/\/www.ull.es\/portal\/cienciaull\/\",\"name\":\"\",\"description\":\"Unidad de Cultura Cient\u00edfica y de la Innovaci\u00f3n de la Universidad de La Laguna\",\"potentialAction\":[{\"@type\":\"SearchAction\",\"target\":{\"@type\":\"EntryPoint\",\"urlTemplate\":\"https:\/\/www.ull.es\/portal\/cienciaull\/?s={search_term_string}\"},\"query-input\":\"required name=search_term_string\"}],\"inLanguage\":\"es\"}]}<\/script>\n<!-- \/ Yoast SEO plugin. -->","yoast_head_json":{"title":"Universo Sostenible -","robots":{"index":"index","follow":"follow","max-snippet":"max-snippet:-1","max-image-preview":"max-image-preview:large","max-video-preview":"max-video-preview:-1"},"canonical":"https:\/\/www.ull.es\/portal\/cienciaull\/universosostenible\/","og_locale":"es_ES","og_type":"article","og_title":"Universo Sostenible -","og_description":"[vc_row][vc_column][vc_separator color=\u00bbcustom\u00bb style=\u00bbdouble\u00bb border_width=\u00bb10&#8243; accent_color=\u00bb#90ddb0&#8243;][vc_empty_space height=\u00bb40px\u00bb][\/vc_column][\/vc_row][vc_row][vc_column width=\u00bb2\/3&#8243;][vc_custom_heading text=\u00bbPresentaci\u00f3n\u00bb font_container=\u00bbtag:h2|text_align:left|color:%2390deaf\u00bb google_fonts=\u00bbfont_family:Roboto%20Slab%3A100%2C300%2Cregular%2C700|font_style:700%20bold%20regular%3A700%3Anormal\u00bb css=\u00bb.vc_custom_1688715577214{margin-bottom: 7px !important;border-bottom-width: 7px !important;padding-bottom: 7px !important;}\u00bb][vc_empty_space height=\u00bb10px\u00bb][vc_column_text] Universo Sostenible es un proyecto de divulgaci\u00f3n cient\u00edfica de \u00e1mbito nacional,\u00a0 donde investigadores e investigadoras de distintas universidades del pa\u00eds colaboran en la realizaci\u00f3n de una serie de v\u00eddeos, de car\u00e1cter divulgativo, que buscan dar respuesta a...","og_url":"https:\/\/www.ull.es\/portal\/cienciaull\/universosostenible\/","article_publisher":"https:\/\/www.facebook.com\/CienciaULL\/","article_modified_time":"2024-06-05T08:59:08+00:00","twitter_card":"summary_large_image","twitter_site":"@CienciaULL","twitter_misc":{"Tiempo de lectura":"3 minutos"},"schema":{"@context":"https:\/\/schema.org","@graph":[{"@type":"WebPage","@id":"https:\/\/www.ull.es\/portal\/cienciaull\/universosostenible\/","url":"https:\/\/www.ull.es\/portal\/cienciaull\/universosostenible\/","name":"Universo Sostenible -","isPartOf":{"@id":"https:\/\/www.ull.es\/portal\/cienciaull\/#website"},"datePublished":"2020-04-03T12:42:30+00:00","dateModified":"2024-06-05T08:59:08+00:00","breadcrumb":{"@id":"https:\/\/www.ull.es\/portal\/cienciaull\/universosostenible\/#breadcrumb"},"inLanguage":"es","potentialAction":[{"@type":"ReadAction","target":["https:\/\/www.ull.es\/portal\/cienciaull\/universosostenible\/"]}]},{"@type":"BreadcrumbList","@id":"https:\/\/www.ull.es\/portal\/cienciaull\/universosostenible\/#breadcrumb","itemListElement":[{"@type":"ListItem","position":1,"name":"Portada","item":"https:\/\/www.ull.es\/portal\/cienciaull\/"},{"@type":"ListItem","position":2,"name":"Universo Sostenible"}]},{"@type":"WebSite","@id":"https:\/\/www.ull.es\/portal\/cienciaull\/#website","url":"https:\/\/www.ull.es\/portal\/cienciaull\/","name":"","description":"Unidad de Cultura Cient\u00edfica y de la Innovaci\u00f3n de la Universidad de La Laguna","potentialAction":[{"@type":"SearchAction","target":{"@type":"EntryPoint","urlTemplate":"https:\/\/www.ull.es\/portal\/cienciaull\/?s={search_term_string}"},"query-input":"required name=search_term_string"}],"inLanguage":"es"}]}},"_links":{"self":[{"href":"https:\/\/www.ull.es\/portal\/cienciaull\/wp-json\/wp\/v2\/pages\/2436"}],"collection":[{"href":"https:\/\/www.ull.es\/portal\/cienciaull\/wp-json\/wp\/v2\/pages"}],"about":[{"href":"https:\/\/www.ull.es\/portal\/cienciaull\/wp-json\/wp\/v2\/types\/page"}],"author":[{"embeddable":true,"href":"https:\/\/www.ull.es\/portal\/cienciaull\/wp-json\/wp\/v2\/users\/56"}],"replies":[{"embeddable":true,"href":"https:\/\/www.ull.es\/portal\/cienciaull\/wp-json\/wp\/v2\/comments?post=2436"}],"version-history":[{"count":35,"href":"https:\/\/www.ull.es\/portal\/cienciaull\/wp-json\/wp\/v2\/pages\/2436\/revisions"}],"predecessor-version":[{"id":29882,"href":"https:\/\/www.ull.es\/portal\/cienciaull\/wp-json\/wp\/v2\/pages\/2436\/revisions\/29882"}],"wp:attachment":[{"href":"https:\/\/www.ull.es\/portal\/cienciaull\/wp-json\/wp\/v2\/media?parent=2436"}],"curies":[{"name":"wp","href":"https:\/\/api.w.org\/{rel}","templated":true}]}}