{"id":2440,"date":"2020-04-03T12:43:18","date_gmt":"2020-04-03T12:43:18","guid":{"rendered":"https:\/\/www.ull.es\/portal\/cienciaull\/?page_id=2440"},"modified":"2025-06-12T11:17:47","modified_gmt":"2025-06-12T11:17:47","slug":"macaronight-2020","status":"publish","type":"page","link":"https:\/\/www.ull.es\/portal\/cienciaull\/macaronight-2020\/","title":{"rendered":"MacaroNight 2020"},"content":{"rendered":"<p>[vc_row][vc_column]\n<div id=\"rev_slider_40_1_wrapper\" class=\"rev_slider_wrapper fullwidthbanner-container\" data-source=\"gallery\" style=\"margin:0px auto;background:transparent;padding:0px;margin-top:0px;margin-bottom:0px;\">\n<!-- START REVOLUTION SLIDER 5.4.7.3 auto mode -->\n\t<div id=\"rev_slider_40_1\" class=\"rev_slider fullwidthabanner\" style=\"display:none;\" data-version=\"5.4.7.3\">\n<ul>\t<!-- SLIDE  -->\n\t<li data-index=\"rs-62\" data-transition=\"fade\" data-slotamount=\"default\" data-hideafterloop=\"0\" data-hideslideonmobile=\"off\"  data-easein=\"default\" data-easeout=\"default\" data-masterspeed=\"300\"  data-rotate=\"0\"  data-saveperformance=\"off\"  data-title=\"Slide\" data-param1=\"\" data-param2=\"\" data-param3=\"\" data-param4=\"\" data-param5=\"\" data-param6=\"\" data-param7=\"\" data-param8=\"\" data-param9=\"\" data-param10=\"\" data-description=\"\">\n\t\t<!-- MAIN IMAGE -->\n\t\t<img src=\"https:\/\/www.ull.es\/portal\/cienciaull\/wp-content\/plugins\/revslider\/admin\/assets\/images\/transparent.png\"  alt=\"\" title=\"MacaroNight 2020\"  data-bgposition=\"center center\" data-bgfit=\"cover\" data-bgrepeat=\"no-repeat\" class=\"rev-slidebg\" data-no-retina>\n\t\t<!-- LAYERS -->\n\n\t\t<!-- LAYER NR. 1 -->\n\t\t<div class=\"tp-caption   tp-resizeme\" \n\t\t\t id=\"slide-62-layer-1\" \n\t\t\t data-x=\"2\" \n\t\t\t data-y=\"-11\" \n\t\t\t\t\t\tdata-width=\"['none','none','none','none']\"\n\t\t\tdata-height=\"['none','none','none','none']\"\n \n\t\t\tdata-type=\"image\" \n\t\t\tdata-responsive_offset=\"on\" \n\n\t\t\tdata-frames='[{\"delay\":0,\"speed\":300,\"frame\":\"0\",\"from\":\"opacity:0;\",\"to\":\"o:1;\",\"ease\":\"Power3.easeInOut\"},{\"delay\":\"wait\",\"speed\":300,\"frame\":\"999\",\"to\":\"opacity:0;\",\"ease\":\"Power3.easeInOut\"}]'\n\t\t\tdata-textAlign=\"['inherit','inherit','inherit','inherit']\"\n\t\t\tdata-paddingtop=\"[0,0,0,0]\"\n\t\t\tdata-paddingright=\"[0,0,0,0]\"\n\t\t\tdata-paddingbottom=\"[0,0,0,0]\"\n\t\t\tdata-paddingleft=\"[0,0,0,0]\"\n\n\t\t\tstyle=\"z-index: 5;\"><img src=\"https:\/\/www.ull.es\/portal\/cienciaull\/wp-content\/uploads\/sites\/24\/2020\/09\/facebook_logo.jpg\" alt=\"\" data-ww=\"1250px\" data-hh=\"509\" width=\"1600\" height=\"652\" data-no-retina> <\/div>\n\t<\/li>\n<\/ul>\n<div class=\"tp-bannertimer tp-bottom\" style=\"visibility: hidden !important;\"><\/div>\t<\/div>\n<script>var htmlDiv = document.getElementById(\"rs-plugin-settings-inline-css\"); var htmlDivCss=\"\";\r\n\t\t\t\tif(htmlDiv) {\r\n\t\t\t\t\thtmlDiv.innerHTML = htmlDiv.innerHTML + htmlDivCss;\r\n\t\t\t\t}else{\r\n\t\t\t\t\tvar htmlDiv = document.createElement(\"div\");\r\n\t\t\t\t\thtmlDiv.innerHTML = \"<style>\" + htmlDivCss + \"<\/style>\";\r\n\t\t\t\t\tdocument.getElementsByTagName(\"head\")[0].appendChild(htmlDiv.childNodes[0]);\r\n\t\t\t\t}\r\n\t\t\t<\/script>\n\t\t<script type=\"text\/javascript\">\r\nif (setREVStartSize!==undefined) setREVStartSize(\r\n\t{c: '#rev_slider_40_1', gridwidth: [1250], gridheight: [500], sliderLayout: 'auto'});\r\n\t\t\t\r\nvar revapi40,\r\n\ttpj;\t\r\n(function() {\t\t\t\r\n\tif (!\/loaded|interactive|complete\/.test(document.readyState)) document.addEventListener(\"DOMContentLoaded\",onLoad); else onLoad();\t\r\n\tfunction onLoad() {\t\t\t\t\r\n\t\tif (tpj===undefined) { tpj = jQuery; if(\"off\" == \"on\") tpj.noConflict();}\r\n\tif(tpj(\"#rev_slider_40_1\").revolution == undefined){\n\t\trevslider_showDoubleJqueryError(\"#rev_slider_40_1\");\n\t}else{\n\t\trevapi40 = tpj(\"#rev_slider_40_1\").show().revolution({\n\t\t\tsliderType:\"standard\",\n\t\t\tjsFileLocation:\"\/\/www.ull.es\/portal\/cienciaull\/wp-content\/plugins\/revslider\/public\/assets\/js\/\",\n\t\t\tsliderLayout:\"auto\",\n\t\t\tdottedOverlay:\"none\",\n\t\t\tdelay:9000,\n\t\t\tnavigation: {\n\t\t\t\tonHoverStop:\"off\",\n\t\t\t},\n\t\t\tvisibilityLevels:[1240,1024,778,480],\n\t\t\tgridwidth:1250,\n\t\t\tgridheight:500,\n\t\t\tlazyType:\"none\",\n\t\t\tshadow:0,\n\t\t\tspinner:\"spinner0\",\n\t\t\tstopLoop:\"off\",\n\t\t\tstopAfterLoops:-1,\n\t\t\tstopAtSlide:-1,\n\t\t\tshuffle:\"off\",\n\t\t\tautoHeight:\"off\",\n\t\t\tdisableProgressBar:\"on\",\n\t\t\thideThumbsOnMobile:\"off\",\n\t\t\thideSliderAtLimit:0,\n\t\t\thideCaptionAtLimit:0,\n\t\t\thideAllCaptionAtLilmit:0,\n\t\t\tdebugMode:false,\n\t\t\tfallbacks: {\n\t\t\t\tsimplifyAll:\"off\",\n\t\t\t\tnextSlideOnWindowFocus:\"off\",\n\t\t\t\tdisableFocusListener:false,\n\t\t\t}\n\t\t});\n\t}; \/* END OF revapi call *\/\n\t\n }; \/* END OF ON LOAD FUNCTION *\/\r\n}()); \/* END OF WRAPPING FUNCTION *\/\r\n<\/script>\r\n\t\t<\/div><!-- END REVOLUTION SLIDER -->[vc_separator color=\u00bbcustom\u00bb style=\u00bbdouble\u00bb border_width=\u00bb10&#8243; accent_color=\u00bb#1487c9&#8243;][\/vc_column][\/vc_row][vc_row][vc_column width=\u00bb2\/3&#8243;][vc_empty_space height=\u00bb40px\u00bb][vc_custom_heading text=\u00bbPresentaci\u00f3n\u00bb font_container=\u00bbtag:h2|text_align:left|color:%231487c9&#8243; google_fonts=\u00bbfont_family:Roboto%20Slab%3A100%2C300%2Cregular%2C700|font_style:700%20bold%20regular%3A700%3Anormal\u00bb css=\u00bb.vc_custom_1589479945685{margin-bottom: 7px !important;border-bottom-width: 7px !important;padding-bottom: 7px !important;}\u00bb][vc_column_text]<\/p>\n<p style=\"text-align: justify\"><span style=\"color: #ffd900\"><strong>MacaroNight <\/strong><\/span>es una iniciativa enmarcada en la \u201cNoche Europea de los Investigadores\u201d que se celebra el \u00faltimo viernes de cada septiembre en m\u00e1s de 300 ciudades desde el a\u00f1o 2018. Su objetivo es <span style=\"color: #2e74b5\">\u201c<em>difundir la actividad investigadora que se desarrolla en las universidades y centros de I+D europeos, de una forma cercana y atractiva, y fomentar las vocaciones cient\u00edficas entre los y las j\u00f3venes\u201d<\/em>.<\/span><\/p>\n<p style=\"text-align: justify\">El proyecto <span style=\"color: #ffd900\"><strong>MacaroNight<\/strong><\/span> marca un antes y un despu\u00e9s al unir al archipi\u00e9lago macaron\u00e9sico, en una \u00fanica noche donde compartir y mostrar nuestra actividad cient\u00edfica, cultura y pasado com\u00fan, a trav\u00e9s de un programa de actividades educativas y divulgativas por las ciudades m\u00e1s representativas de estas regiones. Este proyecto es una iniciativa promovida por La Palma Research Centre, el Fundo Regional para a Ci\u00eancia e Tecnologia de A\u00e7ores, la Fundaci\u00f3n del Parque Cient\u00edfico Tecnol\u00f3gico de la Universidad de Las Palmas de Gran Canaria, la Universidad da Madeira, la Fundaci\u00f3n General de la Universidad de La Laguna y la Agencia Canaria de Investigaci\u00f3n, Innovaci\u00f3n y Sociedad de la Informaci\u00f3n del Gobierno de Canarias. Es financiado por las acciones Marie Sklodowska-Curie y en Tenerife, cuenta con la colaboraci\u00f3n del Ayuntamiento de San Crist\u00f3bal de La Laguna e INtech Tenerife.<\/p>\n<p style=\"text-align: justify\">Este a\u00f1o por la aparici\u00f3n del Covid-19 se realizar\u00e1 el <span style=\"color: #2e74b5\"><strong>27 de noviembre de 2020<\/strong><\/span> en modalidad semipresencial, se ha dise\u00f1ado un programa de actividades virtuales en horario de ma\u00f1ana, que se realizar\u00e1 a trav\u00e9s de google.meet con los centros escolares participantes y por YouTube para el p\u00fablico general, y presenciales durante la tarde noche.<\/p>\n<p style=\"text-align: justify\">Como antesala a la jornada del 27 de noviembre, se realiza una serie de preactividades (rutas virtuales, muestra documental, laboratorio de verano, ferias, concursos, talleres\u2026..) durante los meses de octubre y noviembre de 2020, ser\u00e1n de car\u00e1cter semipresencial.<\/p>\n<p>[\/vc_column_text][vc_empty_space height=\u00bb10px\u00bb][vc_btn title=\u00bbLaboratorio de Verano\u00bb color=\u00bbsky\u00bb link=\u00bburl:https%3A%2F%2Fwww.ull.es%2Fportal%2Fcienciaull%2Flaboratorio-arn-innova%2Factividades%2Flaboratorio-de-verano-de-ciencia-y-tecnologia-de-arona%2F\u00bb css=\u00bb.vc_custom_1600290020990{margin-right: 3px !important;margin-bottom: 2px !important;margin-left: 15px !important;border-right-width: 3px !important;border-bottom-width: 2px !important;border-left-width: 15px !important;padding-right: 3px !important;padding-bottom: 2px !important;padding-left: 15px !important;}\u00bb][vc_btn title=\u00bbConcurso de Divulgaci\u00f3n\u00bb color=\u00bbwarning\u00bb link=\u00bburl:https%3A%2F%2Fwww.ull.es%2Fportal%2Fcienciaull%2Fconcurso-de-divulgacion%2F\u00bb css=\u00bb.vc_custom_1600195862796{margin-right: 3px !important;border-right-width: 3px !important;padding-right: 3px !important;}\u00bb][vc_btn title=\u00bbConcurso Maletas Cient\u00edficas\u00bb color=\u00bbpink\u00bb link=\u00bburl:https%3A%2F%2Fwww.ull.es%2Fportal%2Fcienciaull%2Fconcurso-infantil-de-maletas-cientificas-de-canarias%2F\u00bb][vc_btn title=\u00bbConecta Cienci@ULL\u00bb color=\u00bbgreen\u00bb css=\u00bb.vc_custom_1600242684254{margin-top: 0px !important;margin-right: 3px !important;margin-left: 10px !important;border-top-width: 0px !important;border-right-width: 3px !important;border-left-width: 10px !important;padding-top: 0px !important;padding-right: 3px !important;padding-left: 10px !important;}\u00bb link=\u00bburl:https%3A%2F%2Fwww.ull.es%2Fportal%2Fcienciaull%2Fconecta-cienciaull-la-gomera-y-la-palma%2F\u00bb][vc_btn title=\u00bbMuestra documental\u00bb color=\u00bbviolet\u00bb css=\u00bb.vc_custom_1600242694057{margin-top: 0px !important;margin-right: 3px !important;border-top-width: 0px !important;border-right-width: 3px !important;padding-top: 0px !important;padding-right: 3px !important;}\u00bb link=\u00bburl:https%3A%2F%2Fwww.ull.es%2Fportal%2Fcienciaull%2Fmuestra-documental-cientifico%2F\u00bb][vc_btn title=\u00bbRutas Cient\u00edficas\u00bb color=\u00bborange\u00bb css=\u00bb.vc_custom_1601988315133{margin-top: 0px !important;margin-right: 3px !important;border-top-width: 0px !important;border-right-width: 3px !important;padding-top: 0px !important;padding-right: 3px !important;}\u00bb link=\u00bburl:https%3A%2F%2Fwww.ull.es%2Fportal%2Fcienciaull%2Frutas-cientificas-de-la-macaronesia%2F|title:Rutas%20Cient%C3%ADficas%20de%20la%20Macaronesia\u00bb][vc_btn title=\u00bbFeria Cient\u00edfica\u00bb color=\u00bbinfo\u00bb css=\u00bb.vc_custom_1604582272831{margin-top: 0px !important;border-top-width: 0px !important;padding-top: 0px !important;}\u00bb link=\u00bburl:https%3A%2F%2Fwww.ull.es%2Fportal%2Fcienciaull%2Fferia-de-las-vocaciones-cientificas-y-profesionales-de-canarias%2F\u00bb][vc_btn title=\u00bbDirecto MacaroNight Tarde\u00bb color=\u00bbgreen\u00bb css=\u00bb.vc_custom_1606478844811{margin-top: 0px !important;border-top-width: 0px !important;padding-top: 0px !important;}\u00bb link=\u00bburl:https%3A%2F%2Fwww.ull.es%2Fportal%2Fcienciaull%2Fdirectos%2F\u00bb][\/vc_column][vc_column width=\u00bb1\/3&#8243;][vc_empty_space height=\u00bb25px\u00bb][vc_custom_heading text=\u00bbMultimedia\u00bb font_container=\u00bbtag:h3|text_align:left|color:%231487c9&#8243; google_fonts=\u00bbfont_family:Roboto%20Slab%3A100%2C300%2Cregular%2C700|font_style:700%20bold%20regular%3A700%3Anormal\u00bb css=\u00bb.vc_custom_1600174230310{margin-bottom: 0px !important;border-bottom-width: 0px !important;padding-bottom: 0px !important;}\u00bb][vc_video link=\u00bbhttps:\/\/youtu.be\/x1yPFDKRGx4&#8243; css=\u00bb.vc_custom_1600174250741{margin-top: 5px !important;border-top-width: 5px !important;padding-top: 5px !important;}\u00bb][vc_empty_space height=\u00bb11px\u00bb][vc_btn title=\u00bbFotos 2018&#8243; color=\u00bborange\u00bb align=\u00bbcenter\u00bb button_block=\u00bbtrue\u00bb link=\u00bburl:https%3A%2F%2Fdrive.google.com%2Fopen%3Fid%3D1dqrHJhLXiEstA2VbYFh_ZRex6sgzexs7|||\u00bb css=\u00bb.vc_custom_1600174673797{margin-bottom: 3px !important;border-bottom-width: 3px !important;padding-bottom: 3px !important;}\u00bb][vc_btn title=\u00bbPrograma de Actividades 2018&#8243; color=\u00bborange\u00bb align=\u00bbcenter\u00bb button_block=\u00bbtrue\u00bb link=\u00bburl:https%3A%2F%2Fdrive.google.com%2Ffile%2Fd%2F1DYIpwpJNAQKVzo_-vieoJSyjcmm0zI1n%2Fview\u00bb css=\u00bb.vc_custom_1600174754112{margin-bottom: 3px !important;border-bottom-width: 3px !important;padding-bottom: 3px !important;}\u00bb][vc_empty_space height=\u00bb20px\u00bb][vc_video link=\u00bbhttps:\/\/youtu.be\/Qgjw-YvJEmE\u00bb][vc_empty_space height=\u00bb11px\u00bb][vc_btn title=\u00bbFotos 2019&#8243; color=\u00bbsky\u00bb align=\u00bbcenter\u00bb button_block=\u00bbtrue\u00bb link=\u00bburl:https%3A%2F%2Fdrive.google.com%2Fdrive%2Ffolders%2F1NGU9thgGI9Ti1KfgaUtLNTann_dMkdGF%3Fusp%3Dsharing|||\u00bb css=\u00bb.vc_custom_1589482403649{margin-bottom: 3px !important;border-bottom-width: 3px !important;padding-bottom: 3px !important;}\u00bb][vc_btn title=\u00bbPrograma de Actividades 2019&#8243; color=\u00bbsky\u00bb align=\u00bbcenter\u00bb button_block=\u00bbtrue\u00bb link=\u00bburl:https%3A%2F%2Fdrive.google.com%2Ffile%2Fd%2F1NdfhYwTkabxfrhSLtv5hJE5x-Ej6Cipd%2Fview\u00bb css=\u00bb.vc_custom_1600174854847{margin-bottom: 3px !important;border-bottom-width: 3px !important;padding-bottom: 3px !important;}\u00bb][vc_btn title=\u00bbMultimedia\u00bb color=\u00bbblue\u00bb align=\u00bbcenter\u00bb button_block=\u00bbtrue\u00bb link=\u00bburl:https%3A%2F%2Fwww.ull.es%2Fportal%2Fcienciaull%2Fmacaronight-multimedia\u00bb css=\u00bb.vc_custom_1749727059868{margin-bottom: 3px !important;border-bottom-width: 3px !important;padding-bottom: 3px !important;}\u00bb][vc_btn title=\u00bbMacaroNight 2021&#8243; color=\u00bbgreen\u00bb align=\u00bbcenter\u00bb button_block=\u00bbtrue\u00bb link=\u00bburl:https%3A%2F%2Fwww.ull.es%2Fportal%2Fcienciaull%2Fmacaronight-2021%2F\u00bb][vc_single_image image=\u00bb10224&#8243; img_size=\u00bb400&#215;200&#8243; alignment=\u00bbcenter\u00bb onclick=\u00bbcustom_link\u00bb link=\u00bbhttps:\/\/www.cienciacanaria.es\/miniferias2020\/\u00bb][\/vc_column][\/vc_row]<\/p>\n","protected":false},"excerpt":{"rendered":"<p>[vc_row][vc_column][vc_separator color=\u00bbcustom\u00bb style=\u00bbdouble\u00bb border_width=\u00bb10&#8243; accent_color=\u00bb#1487c9&#8243;][\/vc_column][\/vc_row][vc_row][vc_column width=\u00bb2\/3&#8243;][vc_empty_space height=\u00bb40px\u00bb][vc_custom_heading text=\u00bbPresentaci\u00f3n\u00bb font_container=\u00bbtag:h2|text_align:left|color:%231487c9&#8243; google_fonts=\u00bbfont_family:Roboto%20Slab%3A100%2C300%2Cregular%2C700|font_style:700%20bold%20regular%3A700%3Anormal\u00bb css=\u00bb.vc_custom_1589479945685{margin-bottom: 7px !important;border-bottom-width: 7px !important;padding-bottom: 7px !important;}\u00bb][vc_column_text] MacaroNight es una iniciativa enmarcada en la \u201cNoche Europea de los Investigadores\u201d que se celebra el \u00faltimo viernes de cada septiembre en m\u00e1s de 300 ciudades desde el a\u00f1o 2018. Su objetivo es \u201cdifundir la actividad investigadora que&#8230;<\/p>\n","protected":false},"author":56,"featured_media":0,"parent":0,"menu_order":0,"comment_status":"closed","ping_status":"closed","template":"templates\/cienciaull.php","meta":{"inline_featured_image":false,"footnotes":""},"acf":[],"yoast_head":"<!-- This site is optimized with the Yoast SEO plugin v21.3 - https:\/\/yoast.com\/wordpress\/plugins\/seo\/ -->\n<title>MacaroNight 2020 -<\/title>\n<meta name=\"robots\" content=\"index, follow, max-snippet:-1, max-image-preview:large, max-video-preview:-1\" \/>\n<link rel=\"canonical\" href=\"https:\/\/www.ull.es\/portal\/cienciaull\/macaronight-2020\/\" \/>\n<meta property=\"og:locale\" content=\"es_ES\" \/>\n<meta property=\"og:type\" content=\"article\" \/>\n<meta property=\"og:title\" content=\"MacaroNight 2020 -\" \/>\n<meta property=\"og:description\" content=\"[vc_row][vc_column][vc_separator color=\u00bbcustom\u00bb style=\u00bbdouble\u00bb border_width=\u00bb10&#8243; accent_color=\u00bb#1487c9&#8243;][\/vc_column][\/vc_row][vc_row][vc_column width=\u00bb2\/3&#8243;][vc_empty_space height=\u00bb40px\u00bb][vc_custom_heading text=\u00bbPresentaci\u00f3n\u00bb font_container=\u00bbtag:h2|text_align:left|color:%231487c9&#8243; google_fonts=\u00bbfont_family:Roboto%20Slab%3A100%2C300%2Cregular%2C700|font_style:700%20bold%20regular%3A700%3Anormal\u00bb css=\u00bb.vc_custom_1589479945685{margin-bottom: 7px !important;border-bottom-width: 7px !important;padding-bottom: 7px !important;}\u00bb][vc_column_text] MacaroNight es una iniciativa enmarcada en la \u201cNoche Europea de los Investigadores\u201d que se celebra el \u00faltimo viernes de cada septiembre en m\u00e1s de 300 ciudades desde el a\u00f1o 2018. Su objetivo es \u201cdifundir la actividad investigadora que...\" \/>\n<meta property=\"og:url\" content=\"https:\/\/www.ull.es\/portal\/cienciaull\/macaronight-2020\/\" \/>\n<meta property=\"article:publisher\" content=\"https:\/\/www.facebook.com\/CienciaULL\/\" \/>\n<meta property=\"article:modified_time\" content=\"2025-06-12T11:17:47+00:00\" \/>\n<meta name=\"twitter:card\" content=\"summary_large_image\" \/>\n<meta name=\"twitter:site\" content=\"@CienciaULL\" \/>\n<meta name=\"twitter:label1\" content=\"Tiempo de lectura\" \/>\n\t<meta name=\"twitter:data1\" content=\"3 minutos\" \/>\n<script type=\"application\/ld+json\" class=\"yoast-schema-graph\">{\"@context\":\"https:\/\/schema.org\",\"@graph\":[{\"@type\":\"WebPage\",\"@id\":\"https:\/\/www.ull.es\/portal\/cienciaull\/macaronight-2020\/\",\"url\":\"https:\/\/www.ull.es\/portal\/cienciaull\/macaronight-2020\/\",\"name\":\"MacaroNight 2020 -\",\"isPartOf\":{\"@id\":\"https:\/\/www.ull.es\/portal\/cienciaull\/#website\"},\"datePublished\":\"2020-04-03T12:43:18+00:00\",\"dateModified\":\"2025-06-12T11:17:47+00:00\",\"breadcrumb\":{\"@id\":\"https:\/\/www.ull.es\/portal\/cienciaull\/macaronight-2020\/#breadcrumb\"},\"inLanguage\":\"es\",\"potentialAction\":[{\"@type\":\"ReadAction\",\"target\":[\"https:\/\/www.ull.es\/portal\/cienciaull\/macaronight-2020\/\"]}]},{\"@type\":\"BreadcrumbList\",\"@id\":\"https:\/\/www.ull.es\/portal\/cienciaull\/macaronight-2020\/#breadcrumb\",\"itemListElement\":[{\"@type\":\"ListItem\",\"position\":1,\"name\":\"Portada\",\"item\":\"https:\/\/www.ull.es\/portal\/cienciaull\/\"},{\"@type\":\"ListItem\",\"position\":2,\"name\":\"MacaroNight 2020\"}]},{\"@type\":\"WebSite\",\"@id\":\"https:\/\/www.ull.es\/portal\/cienciaull\/#website\",\"url\":\"https:\/\/www.ull.es\/portal\/cienciaull\/\",\"name\":\"\",\"description\":\"Unidad de Cultura Cient\u00edfica y de la Innovaci\u00f3n de la Universidad de La Laguna\",\"potentialAction\":[{\"@type\":\"SearchAction\",\"target\":{\"@type\":\"EntryPoint\",\"urlTemplate\":\"https:\/\/www.ull.es\/portal\/cienciaull\/?s={search_term_string}\"},\"query-input\":\"required name=search_term_string\"}],\"inLanguage\":\"es\"}]}<\/script>\n<!-- \/ Yoast SEO plugin. -->","yoast_head_json":{"title":"MacaroNight 2020 -","robots":{"index":"index","follow":"follow","max-snippet":"max-snippet:-1","max-image-preview":"max-image-preview:large","max-video-preview":"max-video-preview:-1"},"canonical":"https:\/\/www.ull.es\/portal\/cienciaull\/macaronight-2020\/","og_locale":"es_ES","og_type":"article","og_title":"MacaroNight 2020 -","og_description":"[vc_row][vc_column][vc_separator color=\u00bbcustom\u00bb style=\u00bbdouble\u00bb border_width=\u00bb10&#8243; accent_color=\u00bb#1487c9&#8243;][\/vc_column][\/vc_row][vc_row][vc_column width=\u00bb2\/3&#8243;][vc_empty_space height=\u00bb40px\u00bb][vc_custom_heading text=\u00bbPresentaci\u00f3n\u00bb font_container=\u00bbtag:h2|text_align:left|color:%231487c9&#8243; google_fonts=\u00bbfont_family:Roboto%20Slab%3A100%2C300%2Cregular%2C700|font_style:700%20bold%20regular%3A700%3Anormal\u00bb css=\u00bb.vc_custom_1589479945685{margin-bottom: 7px !important;border-bottom-width: 7px !important;padding-bottom: 7px !important;}\u00bb][vc_column_text] MacaroNight es una iniciativa enmarcada en la \u201cNoche Europea de los Investigadores\u201d que se celebra el \u00faltimo viernes de cada septiembre en m\u00e1s de 300 ciudades desde el a\u00f1o 2018. Su objetivo es \u201cdifundir la actividad investigadora que...","og_url":"https:\/\/www.ull.es\/portal\/cienciaull\/macaronight-2020\/","article_publisher":"https:\/\/www.facebook.com\/CienciaULL\/","article_modified_time":"2025-06-12T11:17:47+00:00","twitter_card":"summary_large_image","twitter_site":"@CienciaULL","twitter_misc":{"Tiempo de lectura":"3 minutos"},"schema":{"@context":"https:\/\/schema.org","@graph":[{"@type":"WebPage","@id":"https:\/\/www.ull.es\/portal\/cienciaull\/macaronight-2020\/","url":"https:\/\/www.ull.es\/portal\/cienciaull\/macaronight-2020\/","name":"MacaroNight 2020 -","isPartOf":{"@id":"https:\/\/www.ull.es\/portal\/cienciaull\/#website"},"datePublished":"2020-04-03T12:43:18+00:00","dateModified":"2025-06-12T11:17:47+00:00","breadcrumb":{"@id":"https:\/\/www.ull.es\/portal\/cienciaull\/macaronight-2020\/#breadcrumb"},"inLanguage":"es","potentialAction":[{"@type":"ReadAction","target":["https:\/\/www.ull.es\/portal\/cienciaull\/macaronight-2020\/"]}]},{"@type":"BreadcrumbList","@id":"https:\/\/www.ull.es\/portal\/cienciaull\/macaronight-2020\/#breadcrumb","itemListElement":[{"@type":"ListItem","position":1,"name":"Portada","item":"https:\/\/www.ull.es\/portal\/cienciaull\/"},{"@type":"ListItem","position":2,"name":"MacaroNight 2020"}]},{"@type":"WebSite","@id":"https:\/\/www.ull.es\/portal\/cienciaull\/#website","url":"https:\/\/www.ull.es\/portal\/cienciaull\/","name":"","description":"Unidad de Cultura Cient\u00edfica y de la Innovaci\u00f3n de la Universidad de La Laguna","potentialAction":[{"@type":"SearchAction","target":{"@type":"EntryPoint","urlTemplate":"https:\/\/www.ull.es\/portal\/cienciaull\/?s={search_term_string}"},"query-input":"required name=search_term_string"}],"inLanguage":"es"}]}},"_links":{"self":[{"href":"https:\/\/www.ull.es\/portal\/cienciaull\/wp-json\/wp\/v2\/pages\/2440"}],"collection":[{"href":"https:\/\/www.ull.es\/portal\/cienciaull\/wp-json\/wp\/v2\/pages"}],"about":[{"href":"https:\/\/www.ull.es\/portal\/cienciaull\/wp-json\/wp\/v2\/types\/page"}],"author":[{"embeddable":true,"href":"https:\/\/www.ull.es\/portal\/cienciaull\/wp-json\/wp\/v2\/users\/56"}],"replies":[{"embeddable":true,"href":"https:\/\/www.ull.es\/portal\/cienciaull\/wp-json\/wp\/v2\/comments?post=2440"}],"version-history":[{"count":93,"href":"https:\/\/www.ull.es\/portal\/cienciaull\/wp-json\/wp\/v2\/pages\/2440\/revisions"}],"predecessor-version":[{"id":34592,"href":"https:\/\/www.ull.es\/portal\/cienciaull\/wp-json\/wp\/v2\/pages\/2440\/revisions\/34592"}],"wp:attachment":[{"href":"https:\/\/www.ull.es\/portal\/cienciaull\/wp-json\/wp\/v2\/media?parent=2440"}],"curies":[{"name":"wp","href":"https:\/\/api.w.org\/{rel}","templated":true}]}}