{"id":2443,"date":"2020-04-03T12:44:33","date_gmt":"2020-04-03T12:44:33","guid":{"rendered":"https:\/\/www.ull.es\/portal\/cienciaull\/?page_id=2443"},"modified":"2020-05-14T10:51:07","modified_gmt":"2020-05-14T10:51:07","slug":"50-aniversario-math-ull","status":"publish","type":"page","link":"https:\/\/www.ull.es\/portal\/cienciaull\/50-aniversario-math-ull\/","title":{"rendered":"50 Aniversario Math ULL"},"content":{"rendered":"<p>[vc_row][vc_column]\n<div id=\"rev_slider_22_1_wrapper\" class=\"rev_slider_wrapper fullwidthbanner-container\" data-source=\"gallery\" style=\"margin:0px auto;background:transparent;padding:0px;margin-top:0px;margin-bottom:0px;\">\n<!-- START REVOLUTION SLIDER 5.4.7.3 auto mode -->\n\t<div id=\"rev_slider_22_1\" class=\"rev_slider fullwidthabanner\" style=\"display:none;\" data-version=\"5.4.7.3\">\n<ul>\t<!-- SLIDE  -->\n\t<li data-index=\"rs-44\" data-transition=\"fade\" data-slotamount=\"default\" data-hideafterloop=\"0\" data-hideslideonmobile=\"off\"  data-easein=\"default\" data-easeout=\"default\" data-masterspeed=\"300\"  data-rotate=\"0\"  data-saveperformance=\"off\"  data-title=\"Slide\" data-param1=\"\" data-param2=\"\" data-param3=\"\" data-param4=\"\" data-param5=\"\" data-param6=\"\" data-param7=\"\" data-param8=\"\" data-param9=\"\" data-param10=\"\" data-description=\"\">\n\t\t<!-- MAIN IMAGE -->\n\t\t<img src=\"https:\/\/s4.gifyu.com\/images\/Banner-50-Aniversario-Matematicas-1500-x-762.png\"  alt=\"\"  width=\"1920\" height=\"1080\" data-bgposition=\"center center\" data-bgfit=\"100% 100%\" data-bgrepeat=\"no-repeat\" class=\"rev-slidebg\" data-no-retina>\n\t\t<!-- LAYERS -->\n\t<\/li>\n<\/ul>\n<div class=\"tp-bannertimer tp-bottom\" style=\"visibility: hidden !important;\"><\/div>\t<\/div>\n<script>var htmlDiv = document.getElementById(\"rs-plugin-settings-inline-css\"); var htmlDivCss=\"\";\r\n\t\t\t\tif(htmlDiv) {\r\n\t\t\t\t\thtmlDiv.innerHTML = htmlDiv.innerHTML + htmlDivCss;\r\n\t\t\t\t}else{\r\n\t\t\t\t\tvar htmlDiv = document.createElement(\"div\");\r\n\t\t\t\t\thtmlDiv.innerHTML = \"<style>\" + htmlDivCss + \"<\/style>\";\r\n\t\t\t\t\tdocument.getElementsByTagName(\"head\")[0].appendChild(htmlDiv.childNodes[0]);\r\n\t\t\t\t}\r\n\t\t\t<\/script>\n\t\t<script type=\"text\/javascript\">\r\nif (setREVStartSize!==undefined) setREVStartSize(\r\n\t{c: '#rev_slider_22_1', gridwidth: [1500], gridheight: [672], sliderLayout: 'auto'});\r\n\t\t\t\r\nvar revapi22,\r\n\ttpj;\t\r\n(function() {\t\t\t\r\n\tif (!\/loaded|interactive|complete\/.test(document.readyState)) document.addEventListener(\"DOMContentLoaded\",onLoad); else onLoad();\t\r\n\tfunction onLoad() {\t\t\t\t\r\n\t\tif (tpj===undefined) { tpj = jQuery; if(\"off\" == \"on\") tpj.noConflict();}\r\n\tif(tpj(\"#rev_slider_22_1\").revolution == undefined){\n\t\trevslider_showDoubleJqueryError(\"#rev_slider_22_1\");\n\t}else{\n\t\trevapi22 = tpj(\"#rev_slider_22_1\").show().revolution({\n\t\t\tsliderType:\"standard\",\n\t\t\tjsFileLocation:\"\/\/www.ull.es\/portal\/cienciaull\/wp-content\/plugins\/revslider\/public\/assets\/js\/\",\n\t\t\tsliderLayout:\"auto\",\n\t\t\tdottedOverlay:\"none\",\n\t\t\tdelay:9000,\n\t\t\tnavigation: {\n\t\t\t\tonHoverStop:\"off\",\n\t\t\t},\n\t\t\tvisibilityLevels:[1240,1024,778,480],\n\t\t\tgridwidth:1500,\n\t\t\tgridheight:672,\n\t\t\tlazyType:\"none\",\n\t\t\tshadow:0,\n\t\t\tspinner:\"spinner0\",\n\t\t\tstopLoop:\"off\",\n\t\t\tstopAfterLoops:-1,\n\t\t\tstopAtSlide:-1,\n\t\t\tshuffle:\"off\",\n\t\t\tautoHeight:\"off\",\n\t\t\tdisableProgressBar:\"on\",\n\t\t\thideThumbsOnMobile:\"off\",\n\t\t\thideSliderAtLimit:0,\n\t\t\thideCaptionAtLimit:0,\n\t\t\thideAllCaptionAtLilmit:0,\n\t\t\tdebugMode:false,\n\t\t\tfallbacks: {\n\t\t\t\tsimplifyAll:\"off\",\n\t\t\t\tnextSlideOnWindowFocus:\"off\",\n\t\t\t\tdisableFocusListener:false,\n\t\t\t}\n\t\t});\n\t}; \/* END OF revapi call *\/\n\t\n }; \/* END OF ON LOAD FUNCTION *\/\r\n}()); \/* END OF WRAPPING FUNCTION *\/\r\n<\/script>\r\n\t\t<\/div><!-- END REVOLUTION SLIDER -->[vc_separator color=\u00bbblack\u00bb align=\u00bbalign_left\u00bb style=\u00bbdouble\u00bb border_width=\u00bb10&#8243;][\/vc_column][\/vc_row][vc_row][vc_column width=\u00bb2\/3&#8243;][vc_empty_space height=\u00bb40px\u00bb][vc_custom_heading text=\u00bbPresentaci\u00f3n\u00bb google_fonts=\u00bbfont_family:Roboto%20Slab%3A100%2C300%2Cregular%2C700|font_style:700%20bold%20regular%3A700%3Anormal\u00bb][vc_column_text]<\/p>\n<p style=\"text-align: justify\"><span style=\"font-weight: 400\">La Secci\u00f3n de Matem\u00e1ticas de la Universidad de La Laguna, desde el mes de septiembre de 2019 est\u00e1 conmemorando la celebraci\u00f3n del 50 aniversario de los Estudios de Matem\u00e1ticas. <\/span><span style=\"font-weight: 400\">Para ello, ha organizado un amplio programa de actividades cient\u00edficas, formativas, divulgativas y de ocio.<\/span><\/p>\n<p style=\"text-align: justify\"><span style=\"font-weight: 400\">El proyecto tiene como objetivos:<\/span><\/p>\n<ul style=\"text-align: justify\">\n<li style=\"font-weight: 400\"><span style=\"font-weight: 400\">Capacitar a los docentes en ejercicio, as\u00ed como a futuros docentes, de estrategias metodol\u00f3gicas de resoluci\u00f3n de problemas en el \u00e1mbito de las matem\u00e1ticas.<\/span><\/li>\n<li style=\"font-weight: 400\"><span style=\"font-weight: 400\">Desarrollar en el alumnado las capacidades de comprensi\u00f3n, reflexi\u00f3n, razonamiento l\u00f3gico y c\u00e1lculo mental en la resoluci\u00f3n de problemas, as\u00ed como fomentar el uso del vocabulario propio de las matem\u00e1ticas.<\/span><\/li>\n<li style=\"font-weight: 400\"><span style=\"font-weight: 400\">Implicar a las familias en el apoyo de actividades matem\u00e1ticas relacionadas con los contextos de la vida.<\/span><\/li>\n<\/ul>\n<p style=\"text-align: justify\"><span style=\"font-weight: 400\">Para conocer todo el plan de actividades puedes pinchar aqu\u00ed: <\/span><a href=\"http:\/\/eventos.ull.es\/36486\/programme\/50-aniversario-de-matematicas-en-la-ull.html\" target=\"_blank\" rel=\"noopener\"><span style=\"font-weight: 400\">http:\/\/eventos.ull.es\/36486\/programme\/50-aniversario-de-matematicas-en-la-ull.html<\/span><\/a><\/p>\n<p>[\/vc_column_text][\/vc_column][vc_column width=\u00bb1\/3&#8243;][vc_video link=\u00bbhttps:\/\/www.youtube.com\/watch?v=Mzax_9M8aYc\u00bb css=\u00bb.vc_custom_1589363539978{margin-top: 65px !important;border-top-width: 65px !important;padding-top: 65px !important;}\u00bb][vc_empty_space height=\u00bb40x\u00bb][vc_btn title=\u00bbPrograma\u00bb color=\u00bbblack\u00bb link=\u00bburl:https%3A%2F%2Fwww.ull.es%2Fportal%2Fcienciaull%2F50-aniversario-math-ull%2Fprograma%2F|title:Programa||\u00bb][vc_btn title=\u00bbMedia\u00bb color=\u00bbblack\u00bb link=\u00bburl:https%3A%2F%2Fwww.ull.es%2Fportal%2Fcienciaull%2F50-aniversario-math-ull%2Fmedio%2F|title:Medio||\u00bb][vc_btn title=\u00bbProyectaMates\u00bb color=\u00bbblack\u00bb link=\u00bburl:https%3A%2F%2Fwww.ull.es%2Fportal%2Fcienciaull%2Fproyectamates%2F|title:ProyectaMates||\u00bb][\/vc_column][\/vc_row]<\/p>\n","protected":false},"excerpt":{"rendered":"<p>[vc_row][vc_column][vc_separator color=\u00bbblack\u00bb align=\u00bbalign_left\u00bb style=\u00bbdouble\u00bb border_width=\u00bb10&#8243;][\/vc_column][\/vc_row][vc_row][vc_column width=\u00bb2\/3&#8243;][vc_empty_space height=\u00bb40px\u00bb][vc_custom_heading text=\u00bbPresentaci\u00f3n\u00bb google_fonts=\u00bbfont_family:Roboto%20Slab%3A100%2C300%2Cregular%2C700|font_style:700%20bold%20regular%3A700%3Anormal\u00bb][vc_column_text] La Secci\u00f3n de Matem\u00e1ticas de la Universidad de La Laguna, desde el mes de septiembre de 2019 est\u00e1 conmemorando la celebraci\u00f3n del 50 aniversario de los Estudios de Matem\u00e1ticas. Para ello, ha organizado un amplio programa de actividades cient\u00edficas, formativas, divulgativas y de ocio. El proyecto&#8230;<\/p>\n","protected":false},"author":56,"featured_media":0,"parent":0,"menu_order":0,"comment_status":"closed","ping_status":"closed","template":"templates\/cienciaull.php","meta":{"inline_featured_image":false,"footnotes":""},"acf":[],"yoast_head":"<!-- This site is optimized with the Yoast SEO plugin v21.3 - https:\/\/yoast.com\/wordpress\/plugins\/seo\/ -->\n<title>50 Aniversario Math ULL -<\/title>\n<meta name=\"robots\" content=\"index, follow, max-snippet:-1, max-image-preview:large, max-video-preview:-1\" \/>\n<link rel=\"canonical\" href=\"https:\/\/www.ull.es\/portal\/cienciaull\/50-aniversario-math-ull\/\" \/>\n<meta property=\"og:locale\" content=\"es_ES\" \/>\n<meta property=\"og:type\" content=\"article\" \/>\n<meta property=\"og:title\" content=\"50 Aniversario Math ULL -\" \/>\n<meta property=\"og:description\" content=\"[vc_row][vc_column][vc_separator color=\u00bbblack\u00bb align=\u00bbalign_left\u00bb style=\u00bbdouble\u00bb border_width=\u00bb10&#8243;][\/vc_column][\/vc_row][vc_row][vc_column width=\u00bb2\/3&#8243;][vc_empty_space height=\u00bb40px\u00bb][vc_custom_heading text=\u00bbPresentaci\u00f3n\u00bb google_fonts=\u00bbfont_family:Roboto%20Slab%3A100%2C300%2Cregular%2C700|font_style:700%20bold%20regular%3A700%3Anormal\u00bb][vc_column_text] La Secci\u00f3n de Matem\u00e1ticas de la Universidad de La Laguna, desde el mes de septiembre de 2019 est\u00e1 conmemorando la celebraci\u00f3n del 50 aniversario de los Estudios de Matem\u00e1ticas. Para ello, ha organizado un amplio programa de actividades cient\u00edficas, formativas, divulgativas y de ocio. El proyecto...\" \/>\n<meta property=\"og:url\" content=\"https:\/\/www.ull.es\/portal\/cienciaull\/50-aniversario-math-ull\/\" \/>\n<meta property=\"article:publisher\" content=\"https:\/\/www.facebook.com\/CienciaULL\/\" \/>\n<meta property=\"article:modified_time\" content=\"2020-05-14T10:51:07+00:00\" \/>\n<meta name=\"twitter:card\" content=\"summary_large_image\" \/>\n<meta name=\"twitter:site\" content=\"@CienciaULL\" \/>\n<meta name=\"twitter:label1\" content=\"Tiempo de lectura\" \/>\n\t<meta name=\"twitter:data1\" content=\"1 minuto\" \/>\n<script type=\"application\/ld+json\" class=\"yoast-schema-graph\">{\"@context\":\"https:\/\/schema.org\",\"@graph\":[{\"@type\":\"WebPage\",\"@id\":\"https:\/\/www.ull.es\/portal\/cienciaull\/50-aniversario-math-ull\/\",\"url\":\"https:\/\/www.ull.es\/portal\/cienciaull\/50-aniversario-math-ull\/\",\"name\":\"50 Aniversario Math ULL -\",\"isPartOf\":{\"@id\":\"https:\/\/www.ull.es\/portal\/cienciaull\/#website\"},\"datePublished\":\"2020-04-03T12:44:33+00:00\",\"dateModified\":\"2020-05-14T10:51:07+00:00\",\"breadcrumb\":{\"@id\":\"https:\/\/www.ull.es\/portal\/cienciaull\/50-aniversario-math-ull\/#breadcrumb\"},\"inLanguage\":\"es\",\"potentialAction\":[{\"@type\":\"ReadAction\",\"target\":[\"https:\/\/www.ull.es\/portal\/cienciaull\/50-aniversario-math-ull\/\"]}]},{\"@type\":\"BreadcrumbList\",\"@id\":\"https:\/\/www.ull.es\/portal\/cienciaull\/50-aniversario-math-ull\/#breadcrumb\",\"itemListElement\":[{\"@type\":\"ListItem\",\"position\":1,\"name\":\"Portada\",\"item\":\"https:\/\/www.ull.es\/portal\/cienciaull\/\"},{\"@type\":\"ListItem\",\"position\":2,\"name\":\"50 Aniversario Math ULL\"}]},{\"@type\":\"WebSite\",\"@id\":\"https:\/\/www.ull.es\/portal\/cienciaull\/#website\",\"url\":\"https:\/\/www.ull.es\/portal\/cienciaull\/\",\"name\":\"\",\"description\":\"Unidad de Cultura Cient\u00edfica y de la Innovaci\u00f3n de la Universidad de La Laguna\",\"potentialAction\":[{\"@type\":\"SearchAction\",\"target\":{\"@type\":\"EntryPoint\",\"urlTemplate\":\"https:\/\/www.ull.es\/portal\/cienciaull\/?s={search_term_string}\"},\"query-input\":\"required name=search_term_string\"}],\"inLanguage\":\"es\"}]}<\/script>\n<!-- \/ Yoast SEO plugin. -->","yoast_head_json":{"title":"50 Aniversario Math ULL -","robots":{"index":"index","follow":"follow","max-snippet":"max-snippet:-1","max-image-preview":"max-image-preview:large","max-video-preview":"max-video-preview:-1"},"canonical":"https:\/\/www.ull.es\/portal\/cienciaull\/50-aniversario-math-ull\/","og_locale":"es_ES","og_type":"article","og_title":"50 Aniversario Math ULL -","og_description":"[vc_row][vc_column][vc_separator color=\u00bbblack\u00bb align=\u00bbalign_left\u00bb style=\u00bbdouble\u00bb border_width=\u00bb10&#8243;][\/vc_column][\/vc_row][vc_row][vc_column width=\u00bb2\/3&#8243;][vc_empty_space height=\u00bb40px\u00bb][vc_custom_heading text=\u00bbPresentaci\u00f3n\u00bb google_fonts=\u00bbfont_family:Roboto%20Slab%3A100%2C300%2Cregular%2C700|font_style:700%20bold%20regular%3A700%3Anormal\u00bb][vc_column_text] La Secci\u00f3n de Matem\u00e1ticas de la Universidad de La Laguna, desde el mes de septiembre de 2019 est\u00e1 conmemorando la celebraci\u00f3n del 50 aniversario de los Estudios de Matem\u00e1ticas. Para ello, ha organizado un amplio programa de actividades cient\u00edficas, formativas, divulgativas y de ocio. El proyecto...","og_url":"https:\/\/www.ull.es\/portal\/cienciaull\/50-aniversario-math-ull\/","article_publisher":"https:\/\/www.facebook.com\/CienciaULL\/","article_modified_time":"2020-05-14T10:51:07+00:00","twitter_card":"summary_large_image","twitter_site":"@CienciaULL","twitter_misc":{"Tiempo de lectura":"1 minuto"},"schema":{"@context":"https:\/\/schema.org","@graph":[{"@type":"WebPage","@id":"https:\/\/www.ull.es\/portal\/cienciaull\/50-aniversario-math-ull\/","url":"https:\/\/www.ull.es\/portal\/cienciaull\/50-aniversario-math-ull\/","name":"50 Aniversario Math ULL -","isPartOf":{"@id":"https:\/\/www.ull.es\/portal\/cienciaull\/#website"},"datePublished":"2020-04-03T12:44:33+00:00","dateModified":"2020-05-14T10:51:07+00:00","breadcrumb":{"@id":"https:\/\/www.ull.es\/portal\/cienciaull\/50-aniversario-math-ull\/#breadcrumb"},"inLanguage":"es","potentialAction":[{"@type":"ReadAction","target":["https:\/\/www.ull.es\/portal\/cienciaull\/50-aniversario-math-ull\/"]}]},{"@type":"BreadcrumbList","@id":"https:\/\/www.ull.es\/portal\/cienciaull\/50-aniversario-math-ull\/#breadcrumb","itemListElement":[{"@type":"ListItem","position":1,"name":"Portada","item":"https:\/\/www.ull.es\/portal\/cienciaull\/"},{"@type":"ListItem","position":2,"name":"50 Aniversario Math ULL"}]},{"@type":"WebSite","@id":"https:\/\/www.ull.es\/portal\/cienciaull\/#website","url":"https:\/\/www.ull.es\/portal\/cienciaull\/","name":"","description":"Unidad de Cultura Cient\u00edfica y de la Innovaci\u00f3n de la Universidad de La Laguna","potentialAction":[{"@type":"SearchAction","target":{"@type":"EntryPoint","urlTemplate":"https:\/\/www.ull.es\/portal\/cienciaull\/?s={search_term_string}"},"query-input":"required name=search_term_string"}],"inLanguage":"es"}]}},"_links":{"self":[{"href":"https:\/\/www.ull.es\/portal\/cienciaull\/wp-json\/wp\/v2\/pages\/2443"}],"collection":[{"href":"https:\/\/www.ull.es\/portal\/cienciaull\/wp-json\/wp\/v2\/pages"}],"about":[{"href":"https:\/\/www.ull.es\/portal\/cienciaull\/wp-json\/wp\/v2\/types\/page"}],"author":[{"embeddable":true,"href":"https:\/\/www.ull.es\/portal\/cienciaull\/wp-json\/wp\/v2\/users\/56"}],"replies":[{"embeddable":true,"href":"https:\/\/www.ull.es\/portal\/cienciaull\/wp-json\/wp\/v2\/comments?post=2443"}],"version-history":[{"count":14,"href":"https:\/\/www.ull.es\/portal\/cienciaull\/wp-json\/wp\/v2\/pages\/2443\/revisions"}],"predecessor-version":[{"id":31532,"href":"https:\/\/www.ull.es\/portal\/cienciaull\/wp-json\/wp\/v2\/pages\/2443\/revisions\/31532"}],"wp:attachment":[{"href":"https:\/\/www.ull.es\/portal\/cienciaull\/wp-json\/wp\/v2\/media?parent=2443"}],"curies":[{"name":"wp","href":"https:\/\/api.w.org\/{rel}","templated":true}]}}