{"id":25154,"date":"2023-10-16T11:15:52","date_gmt":"2023-10-16T11:15:52","guid":{"rendered":"https:\/\/www.ull.es\/portal\/cienciaull\/?page_id=25154"},"modified":"2023-10-27T12:25:01","modified_gmt":"2023-10-27T12:25:01","slug":"mucat","status":"publish","type":"page","link":"https:\/\/www.ull.es\/portal\/cienciaull\/mucat\/","title":{"rendered":"MUCAT"},"content":{"rendered":"<p>[vc_row][vc_column]\n<div id=\"rev_slider_242_1_wrapper\" class=\"rev_slider_wrapper fullwidthbanner-container\" data-source=\"gallery\" style=\"margin:0px auto;background:transparent;padding:0px;margin-top:0px;margin-bottom:0px;\">\n<!-- START REVOLUTION SLIDER 5.4.7.3 fullwidth mode -->\n\t<div id=\"rev_slider_242_1\" class=\"rev_slider fullwidthabanner\" style=\"display:none;\" data-version=\"5.4.7.3\">\n<ul>\t<!-- SLIDE  -->\n\t<li data-index=\"rs-277\" data-transition=\"fade\" data-slotamount=\"default\" data-hideafterloop=\"0\" data-hideslideonmobile=\"off\"  data-easein=\"default\" data-easeout=\"default\" data-masterspeed=\"300\"  data-rotate=\"0\"  data-saveperformance=\"off\"  data-title=\"Slide\" data-param1=\"\" data-param2=\"\" data-param3=\"\" data-param4=\"\" data-param5=\"\" data-param6=\"\" data-param7=\"\" data-param8=\"\" data-param9=\"\" data-param10=\"\" data-description=\"\">\n\t\t<!-- MAIN IMAGE -->\n\t\t<img src=\"https:\/\/www.ull.es\/portal\/cienciaull\/wp-content\/plugins\/revslider\/admin\/assets\/images\/transparent.png\"  alt=\"\" title=\"MUCAT\"  data-bgposition=\"center center\" data-bgfit=\"cover\" data-bgrepeat=\"no-repeat\" class=\"rev-slidebg\" data-no-retina>\n\t\t<!-- LAYERS -->\n\n\t\t<!-- LAYER NR. 1 -->\n\t\t<div class=\"tp-caption   tp-resizeme\" \n\t\t\t id=\"slide-277-layer-9\" \n\t\t\t data-x=\"\" \n\t\t\t data-y=\"\" \n\t\t\t\t\t\tdata-width=\"['full','full','full','full']\"\n\t\t\tdata-height=\"['full','full','full','full']\"\n \n\t\t\tdata-type=\"image\" \n\t\t\tdata-responsive_offset=\"on\" \n\n\t\t\tdata-frames='[{\"delay\":0,\"speed\":300,\"frame\":\"0\",\"from\":\"opacity:0;\",\"to\":\"o:1;\",\"ease\":\"Power3.easeInOut\"},{\"delay\":\"wait\",\"speed\":300,\"frame\":\"999\",\"to\":\"opacity:0;\",\"ease\":\"Power3.easeInOut\"}]'\n\t\t\tdata-textAlign=\"['inherit','inherit','inherit','inherit']\"\n\t\t\tdata-paddingtop=\"[0,0,0,0]\"\n\t\t\tdata-paddingright=\"[0,0,0,0]\"\n\t\t\tdata-paddingbottom=\"[0,0,0,0]\"\n\t\t\tdata-paddingleft=\"[0,0,0,0]\"\n\n\t\t\tstyle=\"z-index: 6;\"><img src=\"https:\/\/www.ull.es\/portal\/cienciaull\/wp-content\/uploads\/sites\/24\/2023\/10\/I-Muestra-de-Ciencia-Arte-y-Tecnologia-de-Granadilla_BANNER.png\" alt=\"\" data-ww=\"full\" data-hh=\"full\" width=\"1200\" height=\"628\" data-no-retina> <\/div>\n\t<\/li>\n<\/ul>\n<div class=\"tp-bannertimer tp-bottom\" style=\"visibility: hidden !important;\"><\/div>\t<\/div>\n<script>var htmlDiv = document.getElementById(\"rs-plugin-settings-inline-css\"); var htmlDivCss=\"\";\r\n\t\t\t\tif(htmlDiv) {\r\n\t\t\t\t\thtmlDiv.innerHTML = htmlDiv.innerHTML + htmlDivCss;\r\n\t\t\t\t}else{\r\n\t\t\t\t\tvar htmlDiv = document.createElement(\"div\");\r\n\t\t\t\t\thtmlDiv.innerHTML = \"<style>\" + htmlDivCss + \"<\/style>\";\r\n\t\t\t\t\tdocument.getElementsByTagName(\"head\")[0].appendChild(htmlDiv.childNodes[0]);\r\n\t\t\t\t}\r\n\t\t\t<\/script>\n\t\t<script type=\"text\/javascript\">\r\nif (setREVStartSize!==undefined) setREVStartSize(\r\n\t{c: '#rev_slider_242_1', gridwidth: [1500], gridheight: [500], sliderLayout: 'auto'});\r\n\t\t\t\r\nvar revapi242,\r\n\ttpj;\t\r\n(function() {\t\t\t\r\n\tif (!\/loaded|interactive|complete\/.test(document.readyState)) document.addEventListener(\"DOMContentLoaded\",onLoad); else onLoad();\t\r\n\tfunction onLoad() {\t\t\t\t\r\n\t\tif (tpj===undefined) { tpj = jQuery; if(\"off\" == \"on\") tpj.noConflict();}\r\n\tif(tpj(\"#rev_slider_242_1\").revolution == undefined){\n\t\trevslider_showDoubleJqueryError(\"#rev_slider_242_1\");\n\t}else{\n\t\trevapi242 = tpj(\"#rev_slider_242_1\").show().revolution({\n\t\t\tsliderType:\"hero\",\n\t\t\tjsFileLocation:\"\/\/www.ull.es\/portal\/cienciaull\/wp-content\/plugins\/revslider\/public\/assets\/js\/\",\n\t\t\tsliderLayout:\"auto\",\n\t\t\tdottedOverlay:\"none\",\n\t\t\tdelay:9000,\n\t\t\tvisibilityLevels:[1240,1024,778,480],\n\t\t\tgridwidth:1500,\n\t\t\tgridheight:500,\n\t\t\tlazyType:\"none\",\n\t\t\tshadow:0,\n\t\t\tspinner:\"spinner0\",\n\t\t\tautoHeight:\"off\",\n\t\t\tdisableProgressBar:\"on\",\n\t\t\thideThumbsOnMobile:\"off\",\n\t\t\thideSliderAtLimit:0,\n\t\t\thideCaptionAtLimit:0,\n\t\t\thideAllCaptionAtLilmit:0,\n\t\t\tdebugMode:false,\n\t\t\tfallbacks: {\n\t\t\t\tsimplifyAll:\"off\",\n\t\t\t\tdisableFocusListener:false,\n\t\t\t}\n\t\t});\n\t}; \/* END OF revapi call *\/\n\t\n }; \/* END OF ON LOAD FUNCTION *\/\r\n}()); \/* END OF WRAPPING FUNCTION *\/\r\n<\/script>\r\n\t\t<\/div><!-- END REVOLUTION SLIDER -->[vc_separator color=\u00bbcustom\u00bb border_width=\u00bb10&#8243; accent_color=\u00bb#c42121&#8243;][\/vc_column][\/vc_row][vc_row][vc_column width=\u00bb2\/3&#8243;][vc_empty_space height=\u00bb40px\u00bb][vc_custom_heading text=\u00bbI Muestra de Ciencia, Arte y Tecnolog\u00eda de Granadilla de Abona\u00bb font_container=\u00bbtag:h2|text_align:left|color:%23c42121&#8243; google_fonts=\u00bbfont_family:Roboto%20Slab%3A100%2C300%2Cregular%2C700|font_style:700%20bold%20regular%3A700%3Anormal\u00bb][vc_column_text]<\/p>\n<p style=\"text-align: justify\"><span style=\"font-weight: 400\">La<\/span><span style=\"color: #c42121\"><b> I Muestra de Ciencia, Arte y Tecnolog\u00eda (MUCAT)<\/b> <b>de Granadilla de Abona <\/b><\/span><span style=\"font-weight: 400\">es una iniciativa destinada a enriquecer la cultura y el conocimiento cient\u00edfico, al mismo tiempo que se convierte en un espacio de difusi\u00f3n, divulgaci\u00f3n y comunicaci\u00f3n. Su objetivo principal es inspirar a las generaciones futuras y fortalecer la conexi\u00f3n entre la universidad y la sociedad en general, especialmente en la comunidad de Granadilla de Abona. Durante el evento, se mostrar\u00e1 la actividad investigadora que se desarrolla en la Universidad de La Laguna y otros centros de I+D asociados a diferentes \u00e1mbitos de inter\u00e9s para el municipio: energ\u00eda, sostenibilidad, medio ambiente, biodiversidad, biomedicina y salud, arte y patrimonio, entre otros.<\/span><\/p>\n<p style=\"text-align: justify\"><span style=\"font-weight: 400\">La <\/span><span style=\"color: #c42121\"><b>MUCAT<\/b><\/span><span style=\"font-weight: 400\"> tiene como objetivos principales sembrar la curiosidad cient\u00edfica en aquellos estudiantes de los \u00faltimos niveles educativos, potenciar la creatividad, el emprendimiento y el talento innovador, fomentar las vocaciones de la juventud del municipio, mostrar la ciencia como un elemento de la vida cotidiana y su aplicabilidad, incrementar la visibilidad de los servicios cient\u00edficos y tecnolog\u00edas que ofrece la ULL, sensibilizar al personal investigador de la necesidad de participar en actividades de divulgaci\u00f3n y difusi\u00f3n cient\u00edfica, potenciar la interacci\u00f3n entre los diferentes agentes implicados.<\/span><\/p>\n<p style=\"text-align: justify\">Este evento<span style=\"font-weight: 400\">\u00a0se celebrar\u00e1 <span style=\"color: #000000\">el <\/span><\/span><span style=\"color: #000000\"><span style=\"color: #c42121\"><b>s\u00e1bado 28 <span style=\"color: #c42121\">de octu<\/span>bre de 2023<\/b><\/span><span style=\"font-weight: 400\"> en horario de <\/span><b><span style=\"color: #c42121\">10:00 a 19:00 h<\/span> ,<\/b><span style=\"font-weight: 400\"> en modalidad presencial, en la <\/span><b><span style=\"color: #c42121\">plaza de la Ermita de San Isidro<\/span><\/b>.<\/span><span style=\"font-weight: 400\"><span style=\"color: #000000\"> Es<\/span>t\u00e1 dirigido a un p\u00fablico general, principalmente a las familias del municipio de Granadilla de Abona. Las diferentes actividades que se llevar\u00e1n a cabo son:<\/span><\/p>\n<table>\n<tbody>\n<tr>\n<td colspan=\"4\">\n<p style=\"text-align: center\"><span style=\"color: #c42121\"><b>Stand Demostrativos<\/b><\/span><\/p>\n<\/td>\n<\/tr>\n<\/tbody>\n<\/table>\n<p>[\/vc_column_text][\/vc_column][vc_column width=\u00bb1\/3&#8243;][vc_empty_space height=\u00bb40px\u00bb][vc_btn title=\u00bbPrograma\u00bb color=\u00bbwarning\u00bb size=\u00bblg\u00bb align=\u00bbcenter\u00bb button_block=\u00bbtrue\u00bb link=\u00bburl:https%3A%2F%2Fdrive.google.com%2Ffile%2Fd%2F1W-p7Lwfgx8as2M0ez7z-A_GkWHjaYcp_%2Fview%3Fusp%3Dsharing\u00bb][\/vc_column][\/vc_row][vc_row][vc_column width=\u00bb1\/6&#8243;][vc_single_image image=\u00bb25263&#8243; img_size=\u00bb1280&#215;720&#8243; alignment=\u00bbcenter\u00bb][vc_single_image image=\u00bb25267&#8243; img_size=\u00bb1280&#215;720&#8243; alignment=\u00bbcenter\u00bb][vc_single_image image=\u00bb25271&#8243; img_size=\u00bb1280&#215;720&#8243; alignment=\u00bbcenter\u00bb][vc_single_image image=\u00bb25275&#8243; img_size=\u00bb1280&#215;720&#8243; alignment=\u00bbcenter\u00bb][\/vc_column][vc_column width=\u00bb1\/6&#8243;][vc_single_image image=\u00bb25264&#8243; img_size=\u00bb1280&#215;720&#8243; alignment=\u00bbcenter\u00bb][vc_single_image image=\u00bb25268&#8243; img_size=\u00bb1280&#215;720&#8243; alignment=\u00bbcenter\u00bb][vc_single_image image=\u00bb25272&#8243; img_size=\u00bb1280&#215;720&#8243; alignment=\u00bbcenter\u00bb][vc_single_image image=\u00bb25276&#8243; img_size=\u00bb1280&#215;720&#8243; alignment=\u00bbcenter\u00bb][\/vc_column][vc_column width=\u00bb1\/6&#8243;][vc_single_image image=\u00bb25265&#8243; img_size=\u00bb1280&#215;720&#8243; alignment=\u00bbcenter\u00bb][vc_single_image image=\u00bb25269&#8243; img_size=\u00bb1280&#215;720&#8243; alignment=\u00bbcenter\u00bb][vc_single_image image=\u00bb25273&#8243; img_size=\u00bb1280&#215;720&#8243; alignment=\u00bbcenter\u00bb][vc_single_image image=\u00bb25277&#8243; img_size=\u00bb1280&#215;720&#8243; alignment=\u00bbcenter\u00bb][\/vc_column][vc_column width=\u00bb1\/6&#8243;][vc_single_image image=\u00bb25266&#8243; img_size=\u00bb1280&#215;720&#8243; alignment=\u00bbcenter\u00bb][vc_single_image image=\u00bb25270&#8243; img_size=\u00bb1280&#215;720&#8243; alignment=\u00bbcenter\u00bb][vc_single_image image=\u00bb25274&#8243; img_size=\u00bb1280&#215;720&#8243; alignment=\u00bbcenter\u00bb][vc_single_image image=\u00bb25278&#8243; img_size=\u00bb1280&#215;720&#8243; alignment=\u00bbcenter\u00bb][\/vc_column][vc_column width=\u00bb1\/6&#8243;][\/vc_column][vc_column width=\u00bb1\/6&#8243;][\/vc_column][\/vc_row][vc_row][vc_column width=\u00bb2\/3&#8243;][vc_column_text]<\/p>\n<table>\n<tbody>\n<tr>\n<td colspan=\"2\">\n<p style=\"text-align: center\"><span style=\"color: #c42121\"><b>Laboratorio MUCAT\u00a0<\/b><\/span><\/p>\n<\/td>\n<\/tr>\n<tr>\n<td><span style=\"color: #c42121\"><b>10:30 &#8211; 11:30 h<\/b><\/span><\/td>\n<td><b>Los Micropl\u00e1sticos en Canaria, Un problema a Flote<\/b><\/p>\n<p><span style=\"font-weight: 400\">Cristopher Dom\u00ednguez Hern\u00e1ndez, Investigador del Grupo de Investigaci\u00f3n Applied Analytical Chemistry Research Group de la ULL.<\/span><\/td>\n<\/tr>\n<tr>\n<td><span style=\"color: #c42121\"><b>11:30 &#8211; 12:30 h<\/b><\/span><\/td>\n<td><b>Conectando las Islas Canarias<\/b><\/p>\n<p><span style=\"font-weight: 400\">Eduardo Hern\u00e1ndez miembro del proyecto de innovaci\u00f3n educativa \u201cProyectaMates\u201d de la ULL y el Cabildo Insular de Tenerife.<\/span><\/td>\n<\/tr>\n<tr>\n<td><span style=\"color: #c42121\"><b>16:30 &#8211; 17:30 h<\/b><\/span><\/td>\n<td><b>Explorando constelaciones desde nuestro planeta<\/b><\/p>\n<p><span style=\"font-weight: 400\">Betsab\u00e9 D\u00edaz miembro del proyecto de innovaci\u00f3n educativa \u201cCiencia a lo Grande\u201d de la ULL y el Cabildo Insular de Tenerife.<\/span><\/td>\n<\/tr>\n<tr>\n<td><span style=\"color: #c42121\"><b>18:00 &#8211; 19:00 h<\/b><\/span><\/td>\n<td><b>Aprendiendo Qu\u00edmica Org\u00e1nica<\/b><\/p>\n<p><span style=\"font-weight: 400\">Dra. Rosal\u00eda Gonz\u00e1lez Britos del Instituto Universitario de Bio-org\u00e1nica Antonio Gonz\u00e1lez de la ULL.<\/span><\/td>\n<\/tr>\n<\/tbody>\n<\/table>\n<table>\n<tbody>\n<tr>\n<td colspan=\"2\">\n<p style=\"text-align: center\"><span style=\"color: #c42121\"><b>Charlitas Cient\u00edfica<\/b><\/span><\/p>\n<\/td>\n<\/tr>\n<tr>\n<td><span style=\"color: #c42121\"><b>10:30 &#8211; 11:00 h<\/b><\/span><\/td>\n<td><strong>Poemas y Teoremas<\/strong><\/p>\n<p>Fran D\u00edaz, Profesor titular del \u00e1rea de Geometr\u00eda y Topolog\u00eda de la ULL.<\/td>\n<\/tr>\n<tr>\n<td><span style=\"color: #c42121\"><b>11:30 &#8211; 12:00 h<\/b><\/span><\/td>\n<td><strong>Brinzal <\/strong><\/p>\n<p>V\u00edctor de Le\u00f3n, bi\u00f3logo y divulgador cient\u00edfico de la Asociaci\u00f3n F\u00e9nix Canarias.<\/td>\n<\/tr>\n<tr>\n<td><span style=\"color: #c42121\"><b>12:30 &#8211; 13:00 h<\/b><\/span><\/td>\n<td><b>Obtenci\u00f3n de cal a partir de residuos asociados a la extracci\u00f3n\/conducci\u00f3n de aguas subterr\u00e1neas, aplicaciones en artes pl\u00e1sticas y en arquitectura bioclim\u00e1tica.<\/b><\/p>\n<p>Dra. Maribel S\u00e1nchez, Dr. Juan Antonio \u00c1lvarez Rodr\u00edguez, Attenya Campos de Armas y Francisco Javier Vi\u00f1as del Grupo de Investigaci\u00f3n Arte y Entorno: Creaci\u00f3n, Conservaci\u00f3n, Comunicaci\u00f3n de la ULL.<\/td>\n<\/tr>\n<tr>\n<td><span style=\"color: #c42121\"><b>16:30 &#8211; 17:00 h<\/b><\/span><\/td>\n<td><strong>Estudiando plantas de forma transdisciplinar<\/strong><\/p>\n<p>Dra. Cristina Gonz\u00e1lez Montelongo, Ayudante doctor del \u00c1rea de Bot\u00e1nica de la ULL.<\/td>\n<\/tr>\n<\/tbody>\n<\/table>\n<p style=\"text-align: center\"><span style=\"color: #c42121\"><b>Juego \u00abLas Damas de la Ciencia\u00bb<\/b><\/span><\/p>\n<p>[\/vc_column_text][\/vc_column][vc_column width=\u00bb1\/3&#8243;][\/vc_column][\/vc_row][vc_row][vc_column width=\u00bb2\/3&#8243;][vc_single_image image=\u00bb25282&#8243; img_size=\u00bbfull\u00bb alignment=\u00bbcenter\u00bb][\/vc_column][vc_column width=\u00bb1\/3&#8243;][\/vc_column][\/vc_row][vc_row][vc_column width=\u00bb2\/3&#8243;][vc_column_text]<\/p>\n<p style=\"text-align: justify\"><span style=\"font-weight: 400\">Al reunir tanto a investigadores, estudiantes, educadores y la comunidad en general, esta iniciativa se convierte en un incentivo para el crecimiento cultural y cient\u00edfico, que se llevar\u00e1 a cabo, por medio de diferentes actividades, como: stands demostrativos, experimentos pr\u00e1cticos, charlas y cine cient\u00edfico. Los investigadores, mediante recursos cient\u00edficos, equipamiento especializado y presentaciones divulgativas, compartir\u00e1n de manera accesible sus \u00e1reas de estudio principales y los logros obtenidos. Para ello, llevar\u00e1n a cabo breves demostraciones pr\u00e1cticas en las que har\u00e1n part\u00edcipes al p\u00fablico asistente.<\/span><\/p>\n<p>[\/vc_column_text][\/vc_column][vc_column width=\u00bb1\/3&#8243;][\/vc_column][\/vc_row]<\/p>\n","protected":false},"excerpt":{"rendered":"<p>[vc_row][vc_column][vc_separator color=\u00bbcustom\u00bb border_width=\u00bb10&#8243; accent_color=\u00bb#c42121&#8243;][\/vc_column][\/vc_row][vc_row][vc_column width=\u00bb2\/3&#8243;][vc_empty_space height=\u00bb40px\u00bb][vc_custom_heading text=\u00bbI Muestra de Ciencia, Arte y Tecnolog\u00eda de Granadilla de Abona\u00bb font_container=\u00bbtag:h2|text_align:left|color:%23c42121&#8243; google_fonts=\u00bbfont_family:Roboto%20Slab%3A100%2C300%2Cregular%2C700|font_style:700%20bold%20regular%3A700%3Anormal\u00bb][vc_column_text] La I Muestra de Ciencia, Arte y Tecnolog\u00eda (MUCAT) de Granadilla de Abona es una iniciativa destinada a enriquecer la cultura y el conocimiento cient\u00edfico, al mismo tiempo que se convierte en un espacio de difusi\u00f3n,&#8230;<\/p>\n","protected":false},"author":56,"featured_media":0,"parent":0,"menu_order":0,"comment_status":"closed","ping_status":"closed","template":"templates\/cienciaull.php","meta":{"inline_featured_image":false,"footnotes":""},"acf":[],"yoast_head":"<!-- This site is optimized with the Yoast SEO plugin v21.3 - https:\/\/yoast.com\/wordpress\/plugins\/seo\/ -->\n<title>MUCAT -<\/title>\n<meta name=\"robots\" content=\"index, follow, max-snippet:-1, max-image-preview:large, max-video-preview:-1\" \/>\n<link rel=\"canonical\" href=\"https:\/\/www.ull.es\/portal\/cienciaull\/mucat\/\" \/>\n<meta property=\"og:locale\" content=\"es_ES\" \/>\n<meta property=\"og:type\" content=\"article\" \/>\n<meta property=\"og:title\" content=\"MUCAT -\" \/>\n<meta property=\"og:description\" content=\"[vc_row][vc_column][vc_separator color=\u00bbcustom\u00bb border_width=\u00bb10&#8243; accent_color=\u00bb#c42121&#8243;][\/vc_column][\/vc_row][vc_row][vc_column width=\u00bb2\/3&#8243;][vc_empty_space height=\u00bb40px\u00bb][vc_custom_heading text=\u00bbI Muestra de Ciencia, Arte y Tecnolog\u00eda de Granadilla de Abona\u00bb font_container=\u00bbtag:h2|text_align:left|color:%23c42121&#8243; google_fonts=\u00bbfont_family:Roboto%20Slab%3A100%2C300%2Cregular%2C700|font_style:700%20bold%20regular%3A700%3Anormal\u00bb][vc_column_text] La I Muestra de Ciencia, Arte y Tecnolog\u00eda (MUCAT) de Granadilla de Abona es una iniciativa destinada a enriquecer la cultura y el conocimiento cient\u00edfico, al mismo tiempo que se convierte en un espacio de difusi\u00f3n,...\" \/>\n<meta property=\"og:url\" content=\"https:\/\/www.ull.es\/portal\/cienciaull\/mucat\/\" \/>\n<meta property=\"article:publisher\" content=\"https:\/\/www.facebook.com\/CienciaULL\/\" \/>\n<meta property=\"article:modified_time\" content=\"2023-10-27T12:25:01+00:00\" \/>\n<meta name=\"twitter:card\" content=\"summary_large_image\" \/>\n<meta name=\"twitter:site\" content=\"@CienciaULL\" \/>\n<meta name=\"twitter:label1\" content=\"Tiempo de lectura\" \/>\n\t<meta name=\"twitter:data1\" content=\"3 minutos\" \/>\n<script type=\"application\/ld+json\" class=\"yoast-schema-graph\">{\"@context\":\"https:\/\/schema.org\",\"@graph\":[{\"@type\":\"WebPage\",\"@id\":\"https:\/\/www.ull.es\/portal\/cienciaull\/mucat\/\",\"url\":\"https:\/\/www.ull.es\/portal\/cienciaull\/mucat\/\",\"name\":\"MUCAT -\",\"isPartOf\":{\"@id\":\"https:\/\/www.ull.es\/portal\/cienciaull\/#website\"},\"datePublished\":\"2023-10-16T11:15:52+00:00\",\"dateModified\":\"2023-10-27T12:25:01+00:00\",\"breadcrumb\":{\"@id\":\"https:\/\/www.ull.es\/portal\/cienciaull\/mucat\/#breadcrumb\"},\"inLanguage\":\"es\",\"potentialAction\":[{\"@type\":\"ReadAction\",\"target\":[\"https:\/\/www.ull.es\/portal\/cienciaull\/mucat\/\"]}]},{\"@type\":\"BreadcrumbList\",\"@id\":\"https:\/\/www.ull.es\/portal\/cienciaull\/mucat\/#breadcrumb\",\"itemListElement\":[{\"@type\":\"ListItem\",\"position\":1,\"name\":\"Portada\",\"item\":\"https:\/\/www.ull.es\/portal\/cienciaull\/\"},{\"@type\":\"ListItem\",\"position\":2,\"name\":\"MUCAT\"}]},{\"@type\":\"WebSite\",\"@id\":\"https:\/\/www.ull.es\/portal\/cienciaull\/#website\",\"url\":\"https:\/\/www.ull.es\/portal\/cienciaull\/\",\"name\":\"\",\"description\":\"Unidad de Cultura Cient\u00edfica y de la Innovaci\u00f3n de la Universidad de La Laguna\",\"potentialAction\":[{\"@type\":\"SearchAction\",\"target\":{\"@type\":\"EntryPoint\",\"urlTemplate\":\"https:\/\/www.ull.es\/portal\/cienciaull\/?s={search_term_string}\"},\"query-input\":\"required name=search_term_string\"}],\"inLanguage\":\"es\"}]}<\/script>\n<!-- \/ Yoast SEO plugin. -->","yoast_head_json":{"title":"MUCAT -","robots":{"index":"index","follow":"follow","max-snippet":"max-snippet:-1","max-image-preview":"max-image-preview:large","max-video-preview":"max-video-preview:-1"},"canonical":"https:\/\/www.ull.es\/portal\/cienciaull\/mucat\/","og_locale":"es_ES","og_type":"article","og_title":"MUCAT -","og_description":"[vc_row][vc_column][vc_separator color=\u00bbcustom\u00bb border_width=\u00bb10&#8243; accent_color=\u00bb#c42121&#8243;][\/vc_column][\/vc_row][vc_row][vc_column width=\u00bb2\/3&#8243;][vc_empty_space height=\u00bb40px\u00bb][vc_custom_heading text=\u00bbI Muestra de Ciencia, Arte y Tecnolog\u00eda de Granadilla de Abona\u00bb font_container=\u00bbtag:h2|text_align:left|color:%23c42121&#8243; google_fonts=\u00bbfont_family:Roboto%20Slab%3A100%2C300%2Cregular%2C700|font_style:700%20bold%20regular%3A700%3Anormal\u00bb][vc_column_text] La I Muestra de Ciencia, Arte y Tecnolog\u00eda (MUCAT) de Granadilla de Abona es una iniciativa destinada a enriquecer la cultura y el conocimiento cient\u00edfico, al mismo tiempo que se convierte en un espacio de difusi\u00f3n,...","og_url":"https:\/\/www.ull.es\/portal\/cienciaull\/mucat\/","article_publisher":"https:\/\/www.facebook.com\/CienciaULL\/","article_modified_time":"2023-10-27T12:25:01+00:00","twitter_card":"summary_large_image","twitter_site":"@CienciaULL","twitter_misc":{"Tiempo de lectura":"3 minutos"},"schema":{"@context":"https:\/\/schema.org","@graph":[{"@type":"WebPage","@id":"https:\/\/www.ull.es\/portal\/cienciaull\/mucat\/","url":"https:\/\/www.ull.es\/portal\/cienciaull\/mucat\/","name":"MUCAT -","isPartOf":{"@id":"https:\/\/www.ull.es\/portal\/cienciaull\/#website"},"datePublished":"2023-10-16T11:15:52+00:00","dateModified":"2023-10-27T12:25:01+00:00","breadcrumb":{"@id":"https:\/\/www.ull.es\/portal\/cienciaull\/mucat\/#breadcrumb"},"inLanguage":"es","potentialAction":[{"@type":"ReadAction","target":["https:\/\/www.ull.es\/portal\/cienciaull\/mucat\/"]}]},{"@type":"BreadcrumbList","@id":"https:\/\/www.ull.es\/portal\/cienciaull\/mucat\/#breadcrumb","itemListElement":[{"@type":"ListItem","position":1,"name":"Portada","item":"https:\/\/www.ull.es\/portal\/cienciaull\/"},{"@type":"ListItem","position":2,"name":"MUCAT"}]},{"@type":"WebSite","@id":"https:\/\/www.ull.es\/portal\/cienciaull\/#website","url":"https:\/\/www.ull.es\/portal\/cienciaull\/","name":"","description":"Unidad de Cultura Cient\u00edfica y de la Innovaci\u00f3n de la Universidad de La Laguna","potentialAction":[{"@type":"SearchAction","target":{"@type":"EntryPoint","urlTemplate":"https:\/\/www.ull.es\/portal\/cienciaull\/?s={search_term_string}"},"query-input":"required name=search_term_string"}],"inLanguage":"es"}]}},"_links":{"self":[{"href":"https:\/\/www.ull.es\/portal\/cienciaull\/wp-json\/wp\/v2\/pages\/25154"}],"collection":[{"href":"https:\/\/www.ull.es\/portal\/cienciaull\/wp-json\/wp\/v2\/pages"}],"about":[{"href":"https:\/\/www.ull.es\/portal\/cienciaull\/wp-json\/wp\/v2\/types\/page"}],"author":[{"embeddable":true,"href":"https:\/\/www.ull.es\/portal\/cienciaull\/wp-json\/wp\/v2\/users\/56"}],"replies":[{"embeddable":true,"href":"https:\/\/www.ull.es\/portal\/cienciaull\/wp-json\/wp\/v2\/comments?post=25154"}],"version-history":[{"count":9,"href":"https:\/\/www.ull.es\/portal\/cienciaull\/wp-json\/wp\/v2\/pages\/25154\/revisions"}],"predecessor-version":[{"id":25283,"href":"https:\/\/www.ull.es\/portal\/cienciaull\/wp-json\/wp\/v2\/pages\/25154\/revisions\/25283"}],"wp:attachment":[{"href":"https:\/\/www.ull.es\/portal\/cienciaull\/wp-json\/wp\/v2\/media?parent=25154"}],"curies":[{"name":"wp","href":"https:\/\/api.w.org\/{rel}","templated":true}]}}