{"id":25385,"date":"2023-11-03T12:15:40","date_gmt":"2023-11-03T12:15:40","guid":{"rendered":"https:\/\/www.ull.es\/portal\/cienciaull\/?page_id=25385"},"modified":"2024-11-27T12:58:32","modified_gmt":"2024-11-27T12:58:32","slug":"exposicion-rafael-arozarena","status":"publish","type":"page","link":"https:\/\/www.ull.es\/portal\/cienciaull\/repositorio-material\/exposiciones\/exposicion-rafael-arozarena\/","title":{"rendered":"Exposici\u00f3n \u00abRafael Arozarena\u00bb"},"content":{"rendered":"<p>[vc_row][vc_column]\n<div id=\"rev_slider_15_1_wrapper\" class=\"rev_slider_wrapper fullwidthbanner-container\" data-source=\"gallery\" style=\"margin:0px auto;background:transparent;padding:0px;margin-top:0px;margin-bottom:0px;\">\n<!-- START REVOLUTION SLIDER 5.4.7.3 auto mode -->\n\t<div id=\"rev_slider_15_1\" class=\"rev_slider fullwidthabanner\" style=\"display:none;\" data-version=\"5.4.7.3\">\n<ul>\t<!-- SLIDE  -->\n\t<li data-index=\"rs-37\" data-transition=\"fade\" data-slotamount=\"default\" data-hideafterloop=\"0\" data-hideslideonmobile=\"off\"  data-easein=\"default\" data-easeout=\"default\" data-masterspeed=\"300\"  data-rotate=\"0\"  data-saveperformance=\"off\"  data-title=\"Slide\" data-param1=\"\" data-param2=\"\" data-param3=\"\" data-param4=\"\" data-param5=\"\" data-param6=\"\" data-param7=\"\" data-param8=\"\" data-param9=\"\" data-param10=\"\" data-description=\"\">\n\t\t<!-- MAIN IMAGE -->\n\t\t<img src=\"https:\/\/s6.gifyu.com\/images\/Banner-CienciULL-Generico-1600-x-560.png\"  alt=\"\"  width=\"1920\" height=\"1080\" data-bgposition=\"center center\" data-bgfit=\"contain\" data-bgrepeat=\"no-repeat\" class=\"rev-slidebg\" data-no-retina>\n\t\t<!-- LAYERS -->\n\t<\/li>\n<\/ul>\n<div class=\"tp-bannertimer tp-bottom\" style=\"visibility: hidden !important;\"><\/div>\t<\/div>\n<script>var htmlDiv = document.getElementById(\"rs-plugin-settings-inline-css\"); var htmlDivCss=\"\";\r\n\t\t\t\tif(htmlDiv) {\r\n\t\t\t\t\thtmlDiv.innerHTML = htmlDiv.innerHTML + htmlDivCss;\r\n\t\t\t\t}else{\r\n\t\t\t\t\tvar htmlDiv = document.createElement(\"div\");\r\n\t\t\t\t\thtmlDiv.innerHTML = \"<style>\" + htmlDivCss + \"<\/style>\";\r\n\t\t\t\t\tdocument.getElementsByTagName(\"head\")[0].appendChild(htmlDiv.childNodes[0]);\r\n\t\t\t\t}\r\n\t\t\t<\/script>\n\t\t<script type=\"text\/javascript\">\r\nif (setREVStartSize!==undefined) setREVStartSize(\r\n\t{c: '#rev_slider_15_1', gridwidth: [1600], gridheight: [560], sliderLayout: 'auto'});\r\n\t\t\t\r\nvar revapi15,\r\n\ttpj;\t\r\n(function() {\t\t\t\r\n\tif (!\/loaded|interactive|complete\/.test(document.readyState)) document.addEventListener(\"DOMContentLoaded\",onLoad); else onLoad();\t\r\n\tfunction onLoad() {\t\t\t\t\r\n\t\tif (tpj===undefined) { tpj = jQuery; if(\"off\" == \"on\") tpj.noConflict();}\r\n\tif(tpj(\"#rev_slider_15_1\").revolution == undefined){\n\t\trevslider_showDoubleJqueryError(\"#rev_slider_15_1\");\n\t}else{\n\t\trevapi15 = tpj(\"#rev_slider_15_1\").show().revolution({\n\t\t\tsliderType:\"hero\",\n\t\t\tjsFileLocation:\"\/\/www.ull.es\/portal\/cienciaull\/wp-content\/plugins\/revslider\/public\/assets\/js\/\",\n\t\t\tsliderLayout:\"auto\",\n\t\t\tdottedOverlay:\"none\",\n\t\t\tdelay:9000,\n\t\t\tvisibilityLevels:[1240,1024,778,480],\n\t\t\tgridwidth:1600,\n\t\t\tgridheight:560,\n\t\t\tlazyType:\"none\",\n\t\t\tshadow:0,\n\t\t\tspinner:\"spinner0\",\n\t\t\tautoHeight:\"off\",\n\t\t\tdisableProgressBar:\"on\",\n\t\t\thideThumbsOnMobile:\"off\",\n\t\t\thideSliderAtLimit:0,\n\t\t\thideCaptionAtLimit:0,\n\t\t\thideAllCaptionAtLilmit:0,\n\t\t\tdebugMode:false,\n\t\t\tfallbacks: {\n\t\t\t\tsimplifyAll:\"off\",\n\t\t\t\tdisableFocusListener:false,\n\t\t\t}\n\t\t});\n\t}; \/* END OF revapi call *\/\n\t\n }; \/* END OF ON LOAD FUNCTION *\/\r\n}()); \/* END OF WRAPPING FUNCTION *\/\r\n<\/script>\r\n\t\t<\/div><!-- END REVOLUTION SLIDER -->[vc_separator color=\u00bbgreen\u00bb border_width=\u00bb6&#8243;][vc_empty_space][vc_custom_heading source=\u00bbpost_title\u00bb font_container=\u00bbtag:h2|text_align:left|color:%2336af34&#8243; google_fonts=\u00bbfont_family:Roboto%20Slab%3A100%2C300%2Cregular%2C700|font_style:700%20bold%20regular%3A700%3Anormal\u00bb css=\u00bb.vc_custom_1699353458692{margin-bottom: 10px !important;border-bottom-width: 10px !important;padding-bottom: 10px !important;}\u00bb][\/vc_column][\/vc_row][vc_row][vc_column width=\u00bb2\/3&#8243;][vc_column_text]<\/p>\n<p style=\"text-align: justify\">Con motivo del centenario del nacimiento de\u00a0Rafael Arozarena\u00a0(1923-2023)\u00a0el autor Rafael Padr\u00f3n Fern\u00e1ndez, ha querido rendirle un homenaje a trav\u00e9s de una exposici\u00f3n que recopila tanto su trayectoria personal como art\u00edstica.<\/p>\n<p style=\"text-align: justify\">Rafael Arozarena (1923-2009) fue un destacado escritor, poeta y naturalista tinerfe\u00f1o. Sus obras abarcaban un amplio abanico de g\u00e9neros literarios, siendo m\u00e1s conocido por su contribuci\u00f3n a la literatura canaria y su influencia en la literatura espa\u00f1ola del siglo XX.<\/p>\n<p style=\"text-align: justify\">Arozarena comenz\u00f3 su carrera literaria como poeta y public\u00f3 obras como \u00abM\u00fasica antigua\u00bb (1949) y \u00abHojas de hierba\u00bb (1971). Seguidamente, incursion\u00f3 en la narrativa, siendo su novela m\u00e1s conocida \u00abMarar\u00eda\u00bb (1973), que trata temas de identidad, cultura y discriminaci\u00f3n en las Islas Canarias.<\/p>\n<p style=\"text-align: justify\">Adem\u00e1s de la poes\u00eda y la narrativa, Arozarena escribi\u00f3 obras teatrales y ensayos literarios que contribuyeron a la reflexi\u00f3n sobre la literatura y la cultura canaria. Tambi\u00e9n tuvo una destacada carrera en el periodismo, donde abord\u00f3 temas culturales y sociales de Canarias.<\/p>\n<p style=\"text-align: justify\">Arozarena recibi\u00f3 numerosos premios y reconocimientos a lo largo de su carrera, incluyendo el Premio Canarias de Literatura en 1991. Su legado literario sigue siendo relevante en el \u00e1mbito de la literatura canaria y espa\u00f1ola, y sus escritos contin\u00faan siendo estudiados y apreciados en la actualidad.<\/p>\n<p style=\"text-align: justify\">Este material ha sido creado por el Aula Cultural de Viera y Clavijo.<\/p>\n<p>[\/vc_column_text][vc_media_grid style=\u00bbpagination\u00bb items_per_page=\u00bb6&#8243; element_width=\u00bb2&#8243; grid_id=\u00bbvc_gid:1732712300236-13b4391b-7f55-9&#8243; include=\u00bb25420,25419,25418,25417,25416,25415,25414,25413,25412,25411,25410,25409,25408&#8243;][vc_column_text]<\/p>\n<p style=\"text-align: justify\">Pincha en el siguiente enlace para acceder al cat\u00e1logo de la exposici\u00f3n:<\/p>\n<p>[\/vc_column_text][vc_btn title=\u00bbCat\u00e1logo\u00bb color=\u00bbgreen\u00bb align=\u00bbleft\u00bb link=\u00bburl:https%3A%2F%2Fdrive.google.com%2Ffile%2Fd%2F1cQa-qxDkl18g71OrOP4GLgxsOydZBoYP%2Fview%3Fusp%3Dsharing\u00bb][vc_column_text]<\/p>\n<p style=\"text-align: justify\">Para reservar esta exposici\u00f3n cumplimenta el siguiente formulario:<\/p>\n<p>[\/vc_column_text][vc_btn title=\u00bbFormulario Exposici\u00f3n \u00abRafael Arozarena\u00ab\u00bb color=\u00bbgreen\u00bb align=\u00bbcenter\u00bb button_block=\u00bbtrue\u00bb link=\u00bburl:https%3A%2F%2Fforms.gle%2FpZ3P1GsbbNKEcWXu6&#8243;][\/vc_column][vc_column width=\u00bb1\/3&#8243;][vc_btn title=\u00bbExposici\u00f3n \u00abViera y las ciencias\u00ab\u00bb color=\u00bbviolet\u00bb align=\u00bbcenter\u00bb button_block=\u00bbtrue\u00bb link=\u00bburl:https%3A%2F%2Fwww.ull.es%2Fportal%2Fcienciaull%2Frepositorio-material%2Fexposiciones%2Fexposicion-viera-y-las-ciencias%2F\u00bb css=\u00bb.vc_custom_1699353472928{margin-bottom: 3px !important;border-bottom-width: 3px !important;padding-bottom: 3px !important;}\u00bb][vc_btn title=\u00bbExposici\u00f3n \u00abLa Luz de la ciencia\u00ab\u00bb color=\u00bbinfo\u00bb align=\u00bbcenter\u00bb button_block=\u00bbtrue\u00bb link=\u00bburl:https%3A%2F%2Fwww.ull.es%2Fportal%2Fcienciaull%2Frepositorio-material%2Fexposiciones%2Fjose-de-viera-y-clavijo-y-agustin-de-betancourt-a-la-luz-de-la-ciencia%2F\u00bb css=\u00bb.vc_custom_1732712161197{margin-bottom: 3px !important;border-bottom-width: 3px !important;padding-bottom: 3px !important;}\u00bb][vc_btn title=\u00bbExposici\u00f3n \u00abEx Machina: Agust\u00edn de Betancourt y Molina\u00ab\u00bb color=\u00bbsuccess\u00bb align=\u00bbcenter\u00bb button_block=\u00bbtrue\u00bb link=\u00bburl:https%3A%2F%2Fwww.ull.es%2Fportal%2Fcienciaull%2Frepositorio-material%2Fexposiciones%2Fexposicion-agustin-de-betancourt-y-molina\u00bb][\/vc_column][\/vc_row]<\/p>\n","protected":false},"excerpt":{"rendered":"<p>[vc_row][vc_column][vc_separator color=\u00bbgreen\u00bb border_width=\u00bb6&#8243;][vc_empty_space][vc_custom_heading source=\u00bbpost_title\u00bb font_container=\u00bbtag:h2|text_align:left|color:%2336af34&#8243; google_fonts=\u00bbfont_family:Roboto%20Slab%3A100%2C300%2Cregular%2C700|font_style:700%20bold%20regular%3A700%3Anormal\u00bb css=\u00bb.vc_custom_1699353458692{margin-bottom: 10px !important;border-bottom-width: 10px !important;padding-bottom: 10px !important;}\u00bb][\/vc_column][\/vc_row][vc_row][vc_column width=\u00bb2\/3&#8243;][vc_column_text] Con motivo del centenario del nacimiento de\u00a0Rafael Arozarena\u00a0(1923-2023)\u00a0el autor Rafael Padr\u00f3n Fern\u00e1ndez, ha querido rendirle un homenaje a trav\u00e9s de una exposici\u00f3n que recopila tanto su trayectoria personal como art\u00edstica. Rafael Arozarena (1923-2009) fue un destacado escritor, poeta y naturalista tinerfe\u00f1o&#8230;.<\/p>\n","protected":false},"author":56,"featured_media":0,"parent":4929,"menu_order":0,"comment_status":"closed","ping_status":"closed","template":"templates\/cienciaull.php","meta":{"inline_featured_image":false,"footnotes":""},"acf":[],"yoast_head":"<!-- This site is optimized with the Yoast SEO plugin v21.3 - https:\/\/yoast.com\/wordpress\/plugins\/seo\/ -->\n<title>Exposici\u00f3n &quot;Rafael Arozarena&quot; -<\/title>\n<meta name=\"robots\" content=\"index, follow, max-snippet:-1, max-image-preview:large, max-video-preview:-1\" \/>\n<link rel=\"canonical\" href=\"https:\/\/www.ull.es\/portal\/cienciaull\/repositorio-material\/exposiciones\/exposicion-rafael-arozarena\/\" \/>\n<meta property=\"og:locale\" content=\"es_ES\" \/>\n<meta property=\"og:type\" content=\"article\" \/>\n<meta property=\"og:title\" content=\"Exposici\u00f3n &quot;Rafael Arozarena&quot; -\" \/>\n<meta property=\"og:description\" content=\"[vc_row][vc_column][vc_separator color=\u00bbgreen\u00bb border_width=\u00bb6&#8243;][vc_empty_space][vc_custom_heading source=\u00bbpost_title\u00bb font_container=\u00bbtag:h2|text_align:left|color:%2336af34&#8243; google_fonts=\u00bbfont_family:Roboto%20Slab%3A100%2C300%2Cregular%2C700|font_style:700%20bold%20regular%3A700%3Anormal\u00bb css=\u00bb.vc_custom_1699353458692{margin-bottom: 10px !important;border-bottom-width: 10px !important;padding-bottom: 10px !important;}\u00bb][\/vc_column][\/vc_row][vc_row][vc_column width=\u00bb2\/3&#8243;][vc_column_text] Con motivo del centenario del nacimiento de\u00a0Rafael Arozarena\u00a0(1923-2023)\u00a0el autor Rafael Padr\u00f3n Fern\u00e1ndez, ha querido rendirle un homenaje a trav\u00e9s de una exposici\u00f3n que recopila tanto su trayectoria personal como art\u00edstica. Rafael Arozarena (1923-2009) fue un destacado escritor, poeta y naturalista tinerfe\u00f1o....\" \/>\n<meta property=\"og:url\" content=\"https:\/\/www.ull.es\/portal\/cienciaull\/repositorio-material\/exposiciones\/exposicion-rafael-arozarena\/\" \/>\n<meta property=\"article:publisher\" content=\"https:\/\/www.facebook.com\/CienciaULL\/\" \/>\n<meta property=\"article:modified_time\" content=\"2024-11-27T12:58:32+00:00\" \/>\n<meta name=\"twitter:card\" content=\"summary_large_image\" \/>\n<meta name=\"twitter:site\" content=\"@CienciaULL\" \/>\n<meta name=\"twitter:label1\" content=\"Tiempo de lectura\" \/>\n\t<meta name=\"twitter:data1\" content=\"2 minutos\" \/>\n<script type=\"application\/ld+json\" class=\"yoast-schema-graph\">{\"@context\":\"https:\/\/schema.org\",\"@graph\":[{\"@type\":\"WebPage\",\"@id\":\"https:\/\/www.ull.es\/portal\/cienciaull\/repositorio-material\/exposiciones\/exposicion-rafael-arozarena\/\",\"url\":\"https:\/\/www.ull.es\/portal\/cienciaull\/repositorio-material\/exposiciones\/exposicion-rafael-arozarena\/\",\"name\":\"Exposici\u00f3n \\\"Rafael Arozarena\\\" -\",\"isPartOf\":{\"@id\":\"https:\/\/www.ull.es\/portal\/cienciaull\/#website\"},\"datePublished\":\"2023-11-03T12:15:40+00:00\",\"dateModified\":\"2024-11-27T12:58:32+00:00\",\"breadcrumb\":{\"@id\":\"https:\/\/www.ull.es\/portal\/cienciaull\/repositorio-material\/exposiciones\/exposicion-rafael-arozarena\/#breadcrumb\"},\"inLanguage\":\"es\",\"potentialAction\":[{\"@type\":\"ReadAction\",\"target\":[\"https:\/\/www.ull.es\/portal\/cienciaull\/repositorio-material\/exposiciones\/exposicion-rafael-arozarena\/\"]}]},{\"@type\":\"BreadcrumbList\",\"@id\":\"https:\/\/www.ull.es\/portal\/cienciaull\/repositorio-material\/exposiciones\/exposicion-rafael-arozarena\/#breadcrumb\",\"itemListElement\":[{\"@type\":\"ListItem\",\"position\":1,\"name\":\"Portada\",\"item\":\"https:\/\/www.ull.es\/portal\/cienciaull\/\"},{\"@type\":\"ListItem\",\"position\":2,\"name\":\"Repositorio Material\",\"item\":\"https:\/\/www.ull.es\/portal\/cienciaull\/repositorio-material\/\"},{\"@type\":\"ListItem\",\"position\":3,\"name\":\"Exposiciones\",\"item\":\"https:\/\/www.ull.es\/portal\/cienciaull\/repositorio-material\/exposiciones\/\"},{\"@type\":\"ListItem\",\"position\":4,\"name\":\"Exposici\u00f3n \u00abRafael Arozarena\u00bb\"}]},{\"@type\":\"WebSite\",\"@id\":\"https:\/\/www.ull.es\/portal\/cienciaull\/#website\",\"url\":\"https:\/\/www.ull.es\/portal\/cienciaull\/\",\"name\":\"\",\"description\":\"Unidad de Cultura Cient\u00edfica y de la Innovaci\u00f3n de la Universidad de La Laguna\",\"potentialAction\":[{\"@type\":\"SearchAction\",\"target\":{\"@type\":\"EntryPoint\",\"urlTemplate\":\"https:\/\/www.ull.es\/portal\/cienciaull\/?s={search_term_string}\"},\"query-input\":\"required name=search_term_string\"}],\"inLanguage\":\"es\"}]}<\/script>\n<!-- \/ Yoast SEO plugin. -->","yoast_head_json":{"title":"Exposici\u00f3n \"Rafael Arozarena\" -","robots":{"index":"index","follow":"follow","max-snippet":"max-snippet:-1","max-image-preview":"max-image-preview:large","max-video-preview":"max-video-preview:-1"},"canonical":"https:\/\/www.ull.es\/portal\/cienciaull\/repositorio-material\/exposiciones\/exposicion-rafael-arozarena\/","og_locale":"es_ES","og_type":"article","og_title":"Exposici\u00f3n \"Rafael Arozarena\" -","og_description":"[vc_row][vc_column][vc_separator color=\u00bbgreen\u00bb border_width=\u00bb6&#8243;][vc_empty_space][vc_custom_heading source=\u00bbpost_title\u00bb font_container=\u00bbtag:h2|text_align:left|color:%2336af34&#8243; google_fonts=\u00bbfont_family:Roboto%20Slab%3A100%2C300%2Cregular%2C700|font_style:700%20bold%20regular%3A700%3Anormal\u00bb css=\u00bb.vc_custom_1699353458692{margin-bottom: 10px !important;border-bottom-width: 10px !important;padding-bottom: 10px !important;}\u00bb][\/vc_column][\/vc_row][vc_row][vc_column width=\u00bb2\/3&#8243;][vc_column_text] Con motivo del centenario del nacimiento de\u00a0Rafael Arozarena\u00a0(1923-2023)\u00a0el autor Rafael Padr\u00f3n Fern\u00e1ndez, ha querido rendirle un homenaje a trav\u00e9s de una exposici\u00f3n que recopila tanto su trayectoria personal como art\u00edstica. Rafael Arozarena (1923-2009) fue un destacado escritor, poeta y naturalista tinerfe\u00f1o....","og_url":"https:\/\/www.ull.es\/portal\/cienciaull\/repositorio-material\/exposiciones\/exposicion-rafael-arozarena\/","article_publisher":"https:\/\/www.facebook.com\/CienciaULL\/","article_modified_time":"2024-11-27T12:58:32+00:00","twitter_card":"summary_large_image","twitter_site":"@CienciaULL","twitter_misc":{"Tiempo de lectura":"2 minutos"},"schema":{"@context":"https:\/\/schema.org","@graph":[{"@type":"WebPage","@id":"https:\/\/www.ull.es\/portal\/cienciaull\/repositorio-material\/exposiciones\/exposicion-rafael-arozarena\/","url":"https:\/\/www.ull.es\/portal\/cienciaull\/repositorio-material\/exposiciones\/exposicion-rafael-arozarena\/","name":"Exposici\u00f3n \"Rafael Arozarena\" -","isPartOf":{"@id":"https:\/\/www.ull.es\/portal\/cienciaull\/#website"},"datePublished":"2023-11-03T12:15:40+00:00","dateModified":"2024-11-27T12:58:32+00:00","breadcrumb":{"@id":"https:\/\/www.ull.es\/portal\/cienciaull\/repositorio-material\/exposiciones\/exposicion-rafael-arozarena\/#breadcrumb"},"inLanguage":"es","potentialAction":[{"@type":"ReadAction","target":["https:\/\/www.ull.es\/portal\/cienciaull\/repositorio-material\/exposiciones\/exposicion-rafael-arozarena\/"]}]},{"@type":"BreadcrumbList","@id":"https:\/\/www.ull.es\/portal\/cienciaull\/repositorio-material\/exposiciones\/exposicion-rafael-arozarena\/#breadcrumb","itemListElement":[{"@type":"ListItem","position":1,"name":"Portada","item":"https:\/\/www.ull.es\/portal\/cienciaull\/"},{"@type":"ListItem","position":2,"name":"Repositorio Material","item":"https:\/\/www.ull.es\/portal\/cienciaull\/repositorio-material\/"},{"@type":"ListItem","position":3,"name":"Exposiciones","item":"https:\/\/www.ull.es\/portal\/cienciaull\/repositorio-material\/exposiciones\/"},{"@type":"ListItem","position":4,"name":"Exposici\u00f3n \u00abRafael Arozarena\u00bb"}]},{"@type":"WebSite","@id":"https:\/\/www.ull.es\/portal\/cienciaull\/#website","url":"https:\/\/www.ull.es\/portal\/cienciaull\/","name":"","description":"Unidad de Cultura Cient\u00edfica y de la Innovaci\u00f3n de la Universidad de La Laguna","potentialAction":[{"@type":"SearchAction","target":{"@type":"EntryPoint","urlTemplate":"https:\/\/www.ull.es\/portal\/cienciaull\/?s={search_term_string}"},"query-input":"required name=search_term_string"}],"inLanguage":"es"}]}},"_links":{"self":[{"href":"https:\/\/www.ull.es\/portal\/cienciaull\/wp-json\/wp\/v2\/pages\/25385"}],"collection":[{"href":"https:\/\/www.ull.es\/portal\/cienciaull\/wp-json\/wp\/v2\/pages"}],"about":[{"href":"https:\/\/www.ull.es\/portal\/cienciaull\/wp-json\/wp\/v2\/types\/page"}],"author":[{"embeddable":true,"href":"https:\/\/www.ull.es\/portal\/cienciaull\/wp-json\/wp\/v2\/users\/56"}],"replies":[{"embeddable":true,"href":"https:\/\/www.ull.es\/portal\/cienciaull\/wp-json\/wp\/v2\/comments?post=25385"}],"version-history":[{"count":25,"href":"https:\/\/www.ull.es\/portal\/cienciaull\/wp-json\/wp\/v2\/pages\/25385\/revisions"}],"predecessor-version":[{"id":32208,"href":"https:\/\/www.ull.es\/portal\/cienciaull\/wp-json\/wp\/v2\/pages\/25385\/revisions\/32208"}],"up":[{"embeddable":true,"href":"https:\/\/www.ull.es\/portal\/cienciaull\/wp-json\/wp\/v2\/pages\/4929"}],"wp:attachment":[{"href":"https:\/\/www.ull.es\/portal\/cienciaull\/wp-json\/wp\/v2\/media?parent=25385"}],"curies":[{"name":"wp","href":"https:\/\/api.w.org\/{rel}","templated":true}]}}