{"id":25791,"date":"2025-10-01T12:39:01","date_gmt":"2025-10-01T12:39:01","guid":{"rendered":"https:\/\/www.ull.es\/portal\/cienciaull\/?page_id=25791"},"modified":"2025-10-01T12:39:01","modified_gmt":"2025-10-01T12:39:01","slug":"temporada-2024","status":"publish","type":"page","link":"https:\/\/www.ull.es\/portal\/cienciaull\/doblehelice3-0\/temporada-2024\/","title":{"rendered":"Temporada 2024"},"content":{"rendered":"<p>[vc_row][vc_column][vc_custom_heading text=\u00bbTemporada 2024&#8243; google_fonts=\u00bbfont_family:Roboto%20Slab%3A100%2C300%2Cregular%2C700|font_style:700%20bold%20regular%3A700%3Anormal\u00bb css=\u00bb.vc_custom_1708351425288{margin-bottom: 5px !important;border-bottom-width: 5px !important;padding-bottom: 5px !important;}\u00bb][vc_column_text]A continuaci\u00f3n se recoge los programas realizados durante la <strong>temporada 2024:<\/strong>[\/vc_column_text][\/vc_column][\/vc_row][vc_row][vc_column][vc_column_text]<\/p>\n<table dir=\"ltr\" border=\"1\" cellspacing=\"0\" cellpadding=\"0\" data-sheets-root=\"1\" data-sheets-baot=\"1\">\n<colgroup>\n<col width=\"100\" \/>\n<col width=\"568\" \/>\n<col width=\"100\" \/><\/colgroup>\n<tbody>\n<tr>\n<td>1<\/td>\n<td><a class=\"in-cell-link\" href=\"https:\/\/www.ivoox.com\/astronomia-biblia-especial-reyes-magos-audios-mp3_rf_121057661_1.html\" target=\"_blank\" rel=\"noopener\" target=\"_blank\" rel=\"noopener\">La Astronom\u00eda en la Biblia (Especial Reyes Magos)<\/a><\/td>\n<td>\n<div>\n<div>Juan Antonio Belmonte<\/div>\n<\/div>\n<\/td>\n<\/tr>\n<tr>\n<td>2<\/td>\n<td><a class=\"in-cell-link\" href=\"https:\/\/www.ivoox.com\/farmacia-cooperante-audios-mp3_rf_122665685_1.html\" target=\"_blank\" rel=\"noopener\" target=\"_blank\" rel=\"noopener\">Farmacia cooperante<\/a><\/td>\n<td>\n<div>\n<div>Jos\u00e9 Bruno Celso y Manuel \u00c1ngel Galv\u00e1n<\/div>\n<\/div>\n<\/td>\n<\/tr>\n<tr>\n<td>3<\/td>\n<td><a class=\"in-cell-link\" href=\"https:\/\/www.ivoox.com\/turismo-muerte-gallina-audios-mp3_rf_122970356_1.html\" target=\"_blank\" rel=\"noopener\" target=\"_blank\" rel=\"noopener\">El turismo y la muerte de la gallina de los huevos de oro<\/a><\/td>\n<td>\n<div>\n<div>Agust\u00edn Santana<\/div>\n<\/div>\n<\/td>\n<\/tr>\n<tr>\n<td>4<\/td>\n<td><a class=\"in-cell-link\" href=\"https:\/\/www.ivoox.com\/biomedicina-del-futuro-ya-esta-aqui-audios-mp3_rf_122972221_1.html\" target=\"_blank\" rel=\"noopener\" target=\"_blank\" rel=\"noopener\">La Biomedicina del futuro ya est\u00e1 aqu\u00ed<\/a><\/td>\n<td>Diego \u00c1lvarez<\/td>\n<\/tr>\n<tr>\n<td>5<\/td>\n<td><a class=\"in-cell-link\" href=\"https:\/\/www.ivoox.com\/odisea-comer-pescado-audios-mp3_rf_123348554_1.html\" target=\"_blank\" rel=\"noopener\" target=\"_blank\" rel=\"noopener\">La odisea de comer pescado<\/a><\/td>\n<td>Jos\u00e9 Pascual<\/td>\n<\/tr>\n<tr>\n<td>6<\/td>\n<td><a class=\"in-cell-link\" href=\"https:\/\/www.ivoox.com\/mujeres-investigadoras-han-cambiado-tiempos-audios-mp3_rf_124011154_1.html\" target=\"_blank\" rel=\"noopener\" target=\"_blank\" rel=\"noopener\">Mujeres investigadoras \u00bfHan cambiado los tiempos?<\/a><\/td>\n<td>\n<div>\n<div>Sara Arenilla, Mar\u00eda Jos\u00e9 Trujillo y Aixa Rodr\u00edguez<\/div>\n<\/div>\n<\/td>\n<\/tr>\n<tr>\n<td>7<\/td>\n<td><a class=\"in-cell-link\" href=\"https:\/\/www.ivoox.com\/conviviendo-microplasticos-audios-mp3_rf_124390259_1.html\" target=\"_blank\" rel=\"noopener\" target=\"_blank\" rel=\"noopener\">Conviviendo con los micropl\u00e1sticos<\/a><\/td>\n<td>\n<div>\n<div>Javier Hern\u00e1ndez<\/div>\n<\/div>\n<\/td>\n<\/tr>\n<tr>\n<td>8<\/td>\n<td><a class=\"in-cell-link\" href=\"https:\/\/www.ivoox.com\/asteroides-creadores-aniquiladores-vida-audios-mp3_rf_124725639_1.html\" target=\"_blank\" rel=\"noopener\" target=\"_blank\" rel=\"noopener\">Asteroides, creadores y aniquiladores de vida<\/a><\/td>\n<td>Javier Licandro<\/td>\n<\/tr>\n<tr>\n<td>9<\/td>\n<td><a class=\"in-cell-link\" href=\"https:\/\/www.ivoox.com\/ensenar-educacion-fisica-audios-mp3_rf_125161178_1.html\" target=\"_blank\" rel=\"noopener\" target=\"_blank\" rel=\"noopener\">Ense\u00f1ar educaci\u00f3n f\u00edsica<\/a><\/td>\n<td>\n<div>\n<div>Francisco Jim\u00e9nez<\/div>\n<\/div>\n<\/td>\n<\/tr>\n<tr>\n<td>10<\/td>\n<td><a class=\"in-cell-link\" href=\"https:\/\/www.ivoox.com\/pioneras-las-primeras-universitarias-audios-mp3_rf_125497890_1.html\" target=\"_blank\" rel=\"noopener\" target=\"_blank\" rel=\"noopener\">Pioneras. Las primeras universitarias<\/a><\/td>\n<td>\n<div>\n<div>Teresa Gonz\u00e1lez<\/div>\n<\/div>\n<\/td>\n<\/tr>\n<tr>\n<td>11<\/td>\n<td><a class=\"in-cell-link\" href=\"https:\/\/www.ivoox.com\/sequia-que-podemos-hacer-audios-mp3_rf_125663533_1.html\" target=\"_blank\" rel=\"noopener\" target=\"_blank\" rel=\"noopener\">Sequ\u00eda \u00bfQu\u00e9 podemos hacer?<\/a><\/td>\n<td>\n<div>\n<div>Juan Carlos Santamarta<\/div>\n<\/div>\n<\/td>\n<\/tr>\n<tr>\n<td>12<\/td>\n<td><a class=\"in-cell-link\" href=\"https:\/\/www.ivoox.com\/cuando-dimension-menos-es-mas-audios-mp3_rf_126429132_1.html\" target=\"_blank\" rel=\"noopener\" target=\"_blank\" rel=\"noopener\">Cuando una dimensi\u00f3n menos es m\u00e1s<\/a><\/td>\n<td>Gonzalo Garc\u00eda<\/td>\n<\/tr>\n<tr>\n<td>13<\/td>\n<td><a class=\"in-cell-link\" href=\"https:\/\/www.ivoox.com\/nuevas-viejas-drogas-sus-efectos-la-audios-mp3_rf_126844269_1.html\" target=\"_blank\" rel=\"noopener\" target=\"_blank\" rel=\"noopener\">Nuevas y viejas drogas, sus efectos en la salud<\/a><\/td>\n<td>Guillermo Burillo<\/td>\n<\/tr>\n<tr>\n<td>14<\/td>\n<td><a class=\"in-cell-link\" href=\"https:\/\/www.ivoox.com\/vigias-del-cambio-climatico-maritimo-audios-mp3_rf_127070107_1.html\" target=\"_blank\" rel=\"noopener\" target=\"_blank\" rel=\"noopener\">Los vig\u00edas del cambio clim\u00e1tico mar\u00edtimo<\/a><\/td>\n<td>\n<div>\n<div>Fernando Rosa y Javier Almunia<\/div>\n<\/div>\n<\/td>\n<\/tr>\n<tr>\n<td>15<\/td>\n<td><a class=\"in-cell-link\" href=\"https:\/\/www.ivoox.com\/galeno-padre-medicina-audios-mp3_rf_127442990_1.html\" target=\"_blank\" rel=\"noopener\" target=\"_blank\" rel=\"noopener\">Galeno, el padre de la medicina<\/a><\/td>\n<td>\n<div>\n<div>Justo Hern\u00e1ndez<\/div>\n<\/div>\n<\/td>\n<\/tr>\n<tr>\n<td>16<\/td>\n<td><a class=\"in-cell-link\" href=\"https:\/\/www.ivoox.com\/desconocido-mundo-asfaltos-audios-mp3_rf_127687674_1.html\" target=\"_blank\" rel=\"noopener\" target=\"_blank\" rel=\"noopener\">El desconocido mundo de los asfaltos<\/a><\/td>\n<td>\n<div>\n<div>Ana Mar\u00eda Rodr\u00edguez<\/div>\n<\/div>\n<\/td>\n<\/tr>\n<tr>\n<td>17<\/td>\n<td><a class=\"in-cell-link\" href=\"https:\/\/www.ivoox.com\/geologia-lunar-audios-mp3_rf_127687839_1.html\" target=\"_blank\" rel=\"noopener\" target=\"_blank\" rel=\"noopener\">Geolog\u00eda lunar<\/a><\/td>\n<td>\n<div>\n<div>Antonio Eff Darwich<\/div>\n<\/div>\n<\/td>\n<\/tr>\n<tr>\n<td>18<\/td>\n<td><a class=\"in-cell-link\" href=\"https:\/\/www.ivoox.com\/abejas-grandes-polinizadoras-audios-mp3_rf_128474805_1.html\" target=\"_blank\" rel=\"noopener\" target=\"_blank\" rel=\"noopener\">Las abejas, las grandes polinizadoras<\/a><\/td>\n<td>Carlos Ruiz<\/td>\n<\/tr>\n<tr>\n<td>19<\/td>\n<td><a class=\"in-cell-link\" href=\"https:\/\/www.ivoox.com\/parkinson-nuevas-estrategias-olfativas-audios-mp3_rf_128680825_1.html\" target=\"_blank\" rel=\"noopener\" target=\"_blank\" rel=\"noopener\">El Parkinson, nuevas estrategias olfativas<\/a><\/td>\n<td>\n<div>\n<div>Ingrid Morales-P\u00e9rez y Edgar P\u00e9rez-Herrero<\/div>\n<\/div>\n<\/td>\n<\/tr>\n<tr>\n<td>20<\/td>\n<td><a class=\"in-cell-link\" href=\"https:\/\/www.ivoox.com\/buscando-tecnologia-extraterrestre-audios-mp3_rf_128530841_1.html\" target=\"_blank\" rel=\"noopener\" target=\"_blank\" rel=\"noopener\">Buscando tecnolog\u00eda extraterrestre<\/a><\/td>\n<td>H\u00e9ctor Socas<\/td>\n<\/tr>\n<tr>\n<td>21<\/td>\n<td><a class=\"in-cell-link\" href=\"https:\/\/www.ivoox.com\/exoplanetas-tan-numerosos-como-desconocidos-audios-mp3_rf_129357899_1.html\" target=\"_blank\" rel=\"noopener\" target=\"_blank\" rel=\"noopener\">Exoplanetas, tan numerosos como desconocidos<\/a><\/td>\n<td>Enric Pall\u00e9<\/td>\n<\/tr>\n<tr>\n<td>22<\/td>\n<td><a class=\"in-cell-link\" href=\"https:\/\/www.ivoox.com\/innovacion-para-transicion-ecologica-audios-mp3_rf_129500301_1.html\" target=\"_blank\" rel=\"noopener\" target=\"_blank\" rel=\"noopener\">Innovaci\u00f3n para la transici\u00f3n ecol\u00f3gica<\/a><\/td>\n<td>Elena Pastor<\/td>\n<\/tr>\n<tr>\n<td>23<\/td>\n<td><a class=\"in-cell-link\" href=\"https:\/\/www.ivoox.com\/cerebro-ese-magnifico-generador-electrico-audios-mp3_rf_130010453_1.html\" target=\"_blank\" rel=\"noopener\" target=\"_blank\" rel=\"noopener\">El cerebro, ese magn\u00edfico generador el\u00e9ctrico<\/a><\/td>\n<td>Ernesto Pereda<\/td>\n<\/tr>\n<tr>\n<td>24<\/td>\n<td><a class=\"in-cell-link\" href=\"https:\/\/www.ivoox.com\/hidrogeno-verde-algo-mas-color-audios-mp3_rf_130138418_1.html\" target=\"_blank\" rel=\"noopener\" target=\"_blank\" rel=\"noopener\">Hidr\u00f3geno verde, algo m\u00e1s que un color<\/a><\/td>\n<td>\n<div>\n<div>Ricardo Guerrero<\/div>\n<\/div>\n<\/td>\n<\/tr>\n<tr>\n<td>25<\/td>\n<td><a class=\"in-cell-link\" href=\"https:\/\/www.ivoox.com\/radiacion-natural-nuestro-entorno-audios-mp3_rf_130661354_1.html\" target=\"_blank\" rel=\"noopener\" target=\"_blank\" rel=\"noopener\">La radiaci\u00f3n natural en nuestro entorno<\/a><\/td>\n<td>\n<div>\n<div>Pedro \u00c1ngel Salazar<\/div>\n<\/div>\n<\/td>\n<\/tr>\n<tr>\n<td>26<\/td>\n<td><a class=\"in-cell-link\" href=\"https:\/\/www.ivoox.com\/de-botica-a-biotecnologia-evolucion-audios-mp3_rf_130929596_1.html\" target=\"_blank\" rel=\"noopener\" target=\"_blank\" rel=\"noopener\">De la botica a la biotecnolog\u00eda: la evoluci\u00f3n de la farmacia<\/a><\/td>\n<td>\n<div>\n<div>Susana Abdala<\/div>\n<\/div>\n<\/td>\n<\/tr>\n<tr>\n<td>27<\/td>\n<td><a class=\"in-cell-link\" href=\"https:\/\/www.ivoox.com\/como-convertir-problema-oportunidad-economia-audios-mp3_rf_131085951_1.html\" target=\"_blank\" rel=\"noopener\" target=\"_blank\" rel=\"noopener\">C\u00f3mo convertir un problema en una oportunidad, econom\u00eda circular<\/a><\/td>\n<td>\n<div>\n<div>Javier Mata y Juan Luis Ramos<\/div>\n<\/div>\n<\/td>\n<\/tr>\n<tr>\n<td>28<\/td>\n<td><a class=\"in-cell-link\" href=\"https:\/\/www.ivoox.com\/toxinas-marinas-alerta-alimentaria-audios-mp3_rf_131523090_1.html\" target=\"_blank\" rel=\"noopener\" target=\"_blank\" rel=\"noopener\">Toxinas marinas, alerta alimentaria<\/a><\/td>\n<td>Jos\u00e9 Javier Fern\u00e1ndez<\/td>\n<\/tr>\n<tr>\n<td>29<\/td>\n<td><a class=\"in-cell-link\" href=\"https:\/\/www.ivoox.com\/inteligencia-artificial-predice-nuestra-salud-audios-mp3_rf_131830725_1.html\" target=\"_blank\" rel=\"noopener\" target=\"_blank\" rel=\"noopener\">La Inteligencia Artificial predice nuestra salud<\/a><\/td>\n<td>Silvia Alay\u00f3n y Tinguaro D\u00edaz<\/td>\n<\/tr>\n<tr>\n<td>30<\/td>\n<td><a class=\"in-cell-link\" href=\"https:\/\/www.ivoox.com\/programa-especial-desde-cueva-del-viento-audios-mp3_rf_130921035_1.html\" target=\"_blank\" rel=\"noopener\" target=\"_blank\" rel=\"noopener\">Programa especial desde la Cueva del Viento<\/a><\/td>\n<td>Ram\u00f3n Casillas, Pedro Orom\u00ed y Esther Mart\u00edn<\/td>\n<\/tr>\n<tr>\n<td>31<\/td>\n<td><a class=\"in-cell-link\" href=\"https:\/\/www.ivoox.com\/educacion-mas-alla-memorizacion-de-audios-mp3_rf_132541984_1.html\" target=\"_blank\" rel=\"noopener\" target=\"_blank\" rel=\"noopener\">La educaci\u00f3n m\u00e1s all\u00e1 de la memorizaci\u00f3n de conceptos<\/a><\/td>\n<td>\n<div>\n<div>Lidia Esther Santana y Zuleica Ru\u00edz<\/div>\n<\/div>\n<\/td>\n<\/tr>\n<tr>\n<td>32<\/td>\n<td><a class=\"in-cell-link\" href=\"https:\/\/www.ivoox.com\/lagartos-gigantes-pasado-audios-mp3_rf_132542081_1.html\" target=\"_blank\" rel=\"noopener\" target=\"_blank\" rel=\"noopener\">Lagartos gigantes en el pasado<\/a><\/td>\n<td>Carolina Castillo<\/td>\n<\/tr>\n<tr>\n<td>33<\/td>\n<td><a class=\"in-cell-link\" href=\"https:\/\/www.ivoox.com\/investigando-vulnerabilidad-audios-mp3_rf_133458458_1.html\" target=\"_blank\" rel=\"noopener\" target=\"_blank\" rel=\"noopener\">Investigando la vulnerabilidad<\/a><\/td>\n<td>\n<div>\n<div>Mar\u00eda Jos\u00e9 Guerra<\/div>\n<\/div>\n<\/td>\n<\/tr>\n<tr>\n<td>34<\/td>\n<td><a class=\"in-cell-link\" href=\"https:\/\/www.ivoox.com\/epigenetica-accion-genes-a-audios-mp3_rf_133654079_1.html\" target=\"_blank\" rel=\"noopener\" target=\"_blank\" rel=\"noopener\">La epigen\u00e9tica en acci\u00f3n, de los genes a la alimentaci\u00f3n<\/a><\/td>\n<td>\n<div>\n<div>Deiene Rodr\u00edguez<\/div>\n<\/div>\n<\/td>\n<\/tr>\n<tr>\n<td>35<\/td>\n<td><a class=\"in-cell-link\" href=\"https:\/\/www.ivoox.com\/de-arqueologia-musica-biologia-avance-la-audios-mp3_rf_134012829_1.html\" target=\"_blank\" rel=\"noopener\" target=\"_blank\" rel=\"noopener\">De Arqueolog\u00eda, M\u00fasica y Biolog\u00eda. Avance de la Feria de las Vocaciones Cient\u00edficas. Macanonight 24<\/a><\/td>\n<td>\n<div>\n<div>Almudena Gonz\u00e1lez, Eduardo Rodr\u00edguez y Daniel M\u00e9ndez<\/div>\n<\/div>\n<\/td>\n<\/tr>\n<tr>\n<td>36<\/td>\n<td><a class=\"in-cell-link\" href=\"https:\/\/www.ivoox.com\/quimica-neurociencias-enfermedades-tropicales-feria-vocaciones-cientificas-audios-mp3_rf_134449537_1.html\" target=\"_blank\" rel=\"noopener\" target=\"_blank\" rel=\"noopener\">Qu\u00edmica, Neurociencias y Enfermedades tropicales. Feria Vocaciones Cient\u00edficas (1\u00aa Parte)<\/a><\/td>\n<td>\n<div>\n<div>Zulema Castro, Rosal\u00eda Gonz\u00e1lez y Ang\u00e9lica Dom\u00ednguez<\/div>\n<\/div>\n<\/td>\n<\/tr>\n<tr>\n<td>37<\/td>\n<td><a class=\"in-cell-link\" href=\"https:\/\/www.ivoox.com\/oceanografia-energias-renovables-agricultura-feria-vocaciones-cientificas-audios-mp3_rf_134487066_1.html\" target=\"_blank\" rel=\"noopener\" target=\"_blank\" rel=\"noopener\">Oceanograf\u00eda, energ\u00edas renovables y agricultura. Feria Vocaciones Cient\u00edficas (2\u00aa Parte)<\/a><\/td>\n<td>\n<div>\n<div>Alejandra L\u00e1zaro, Virginia Mart\u00edn e Irene Garc\u00eda<\/div>\n<\/div>\n<\/td>\n<\/tr>\n<tr>\n<td>38<\/td>\n<td><a class=\"in-cell-link\" href=\"https:\/\/www.ivoox.com\/noches-calidas-muertes-silenciosas-audios-mp3_rf_134452142_1.html\" target=\"_blank\" rel=\"noopener\" target=\"_blank\" rel=\"noopener\">Noches c\u00e1lidas, muertes silenciosas<\/a><\/td>\n<td>Abel L\u00f3pez<\/td>\n<\/tr>\n<tr>\n<td>39<\/td>\n<td><a class=\"in-cell-link\" href=\"https:\/\/www.ivoox.com\/enfermedades-tropicales-aqui-ahora-audios-mp3_rf_134987044_1.html\" target=\"_blank\" rel=\"noopener\" target=\"_blank\" rel=\"noopener\">Enfermedades tropicales aqu\u00ed y ahora<\/a><\/td>\n<td>Jacob Lorenzo<\/td>\n<\/tr>\n<tr>\n<td>40<\/td>\n<td><a class=\"in-cell-link\" href=\"https:\/\/www.ivoox.com\/ingredientes-secretos-musica-audios-mp3_rf_135384646_1.html\" target=\"_blank\" rel=\"noopener\" target=\"_blank\" rel=\"noopener\">Los ingredientes secretos de la m\u00fasica<\/a><\/td>\n<td>Sara Arenillas<\/td>\n<\/tr>\n<tr>\n<td>41<\/td>\n<td><a class=\"in-cell-link\" href=\"https:\/\/www.ivoox.com\/sensores-opticos-fronteras-luz-audios-mp3_rf_135704461_1.html\" target=\"_blank\" rel=\"noopener\" target=\"_blank\" rel=\"noopener\">Sensores \u00f3pticos, en las fronteras de la Luz<\/a><\/td>\n<td>Leopoldo Mart\u00edn<\/td>\n<\/tr>\n<tr>\n<td>42<\/td>\n<td><a class=\"in-cell-link\" href=\"https:\/\/www.ivoox.com\/efecto-tunel-asi-nos-ayuda-mecanica-audios-mp3_rf_135915234_1.html\" target=\"_blank\" rel=\"noopener\" target=\"_blank\" rel=\"noopener\">El efecto t\u00fanel. As\u00ed nos ayuda la mec\u00e1nica cu\u00e1ntica a observar la materia<\/a><\/td>\n<td>\n<div>\n<div>Alberto Hern\u00e1ndez<\/div>\n<\/div>\n<\/td>\n<\/tr>\n<tr>\n<td>43<\/td>\n<td><a class=\"in-cell-link\" href=\"https:\/\/www.ivoox.com\/historia-emigracion-a-america-audios-mp3_rf_136143790_1.html\" target=\"_blank\" rel=\"noopener\" target=\"_blank\" rel=\"noopener\">La historia de la emigraci\u00f3n a Am\u00e9rica<\/a><\/td>\n<td>\n<div>\n<div>Manuel Hern\u00e1ndez<\/div>\n<\/div>\n<\/td>\n<\/tr>\n<tr>\n<td>44<\/td>\n<td><a class=\"in-cell-link\" href=\"https:\/\/www.ivoox.com\/secretos-quimicos-del-vino-audios-mp3_rf_136110988_1.html\" target=\"_blank\" rel=\"noopener\" target=\"_blank\" rel=\"noopener\">Los secretos qu\u00edmicos del vino<\/a><\/td>\n<td>\n<div>\n<div>Jes\u00fas de las Heras<\/div>\n<\/div>\n<\/td>\n<\/tr>\n<tr>\n<td>45<\/td>\n<td><a class=\"in-cell-link\" href=\"https:\/\/www.ivoox.com\/salud-mental-consumo-antidepresivos-audios-mp3_rf_136570204_1.html\" target=\"_blank\" rel=\"noopener\" target=\"_blank\" rel=\"noopener\">Salud mental y consumo de antidepresivos<\/a><\/td>\n<td>\n<div>\n<div>Vanessa Moreno<\/div>\n<\/div>\n<\/td>\n<\/tr>\n<tr>\n<td>46<\/td>\n<td><a class=\"in-cell-link\" href=\"https:\/\/www.ivoox.com\/buscando-sustancias-toxicas-alimentos-audios-mp3_rf_136833856_1.html\" target=\"_blank\" rel=\"noopener\" target=\"_blank\" rel=\"noopener\">Buscando sustancias t\u00f3xicas en alimentos<\/a><\/td>\n<td>Soraya Paz<\/td>\n<\/tr>\n<tr>\n<td>47<\/td>\n<td><a class=\"in-cell-link\" href=\"https:\/\/www.ivoox.com\/pelis-desastres-naturales-que-tienen-nos-audios-mp3_rf_137066963_1.html\" target=\"_blank\" rel=\"noopener\" target=\"_blank\" rel=\"noopener\">Pelis de desastres naturales \u00bfQu\u00e9 tienen que nos gustan tanto?<\/a><\/td>\n<td>\n<div>\n<div>David Fuentefr\u00eda<\/div>\n<\/div>\n<\/td>\n<\/tr>\n<tr>\n<td>48<\/td>\n<td><a class=\"in-cell-link\" href=\"https:\/\/www.ivoox.com\/superbacterias-la-proxima-epidemia-audios-mp3_rf_137067128_1.html\" target=\"_blank\" rel=\"noopener\" target=\"_blank\" rel=\"noopener\">Superbacterias \u00bfLa pr\u00f3xima epidemia?<\/a><\/td>\n<td>Eduardo P\u00e9rez<\/td>\n<\/tr>\n<\/tbody>\n<\/table>\n<p>[\/vc_column_text][\/vc_column][\/vc_row]<\/p>\n","protected":false},"excerpt":{"rendered":"<p>[vc_row][vc_column][vc_custom_heading text=\u00bbTemporada 2024&#8243; google_fonts=\u00bbfont_family:Roboto%20Slab%3A100%2C300%2Cregular%2C700|font_style:700%20bold%20regular%3A700%3Anormal\u00bb css=\u00bb.vc_custom_1708351425288{margin-bottom: 5px !important;border-bottom-width: 5px !important;padding-bottom: 5px !important;}\u00bb][vc_column_text]A continuaci\u00f3n se recoge los programas realizados durante la temporada 2024:[\/vc_column_text][\/vc_column][\/vc_row][vc_row][vc_column][vc_column_text] 1 La Astronom\u00eda en la Biblia (Especial Reyes Magos) Juan Antonio Belmonte 2 Farmacia cooperante Jos\u00e9 Bruno Celso y Manuel \u00c1ngel Galv\u00e1n 3 El turismo y la muerte de la gallina de los huevos&#8230;<\/p>\n","protected":false},"author":56,"featured_media":0,"parent":2428,"menu_order":0,"comment_status":"closed","ping_status":"closed","template":"","meta":{"inline_featured_image":false,"footnotes":""},"acf":[],"yoast_head":"<!-- This site is optimized with the Yoast SEO plugin v21.3 - https:\/\/yoast.com\/wordpress\/plugins\/seo\/ -->\n<title>Temporada 2024 -<\/title>\n<meta name=\"robots\" content=\"index, follow, max-snippet:-1, max-image-preview:large, max-video-preview:-1\" \/>\n<link rel=\"canonical\" href=\"https:\/\/www.ull.es\/portal\/cienciaull\/doblehelice3-0\/temporada-2024\/\" \/>\n<meta property=\"og:locale\" content=\"es_ES\" \/>\n<meta property=\"og:type\" content=\"article\" \/>\n<meta property=\"og:title\" content=\"Temporada 2024 -\" \/>\n<meta property=\"og:description\" content=\"[vc_row][vc_column][vc_custom_heading text=\u00bbTemporada 2024&#8243; google_fonts=\u00bbfont_family:Roboto%20Slab%3A100%2C300%2Cregular%2C700|font_style:700%20bold%20regular%3A700%3Anormal\u00bb css=\u00bb.vc_custom_1708351425288{margin-bottom: 5px !important;border-bottom-width: 5px !important;padding-bottom: 5px !important;}\u00bb][vc_column_text]A continuaci\u00f3n se recoge los programas realizados durante la temporada 2024:[\/vc_column_text][\/vc_column][\/vc_row][vc_row][vc_column][vc_column_text] 1 La Astronom\u00eda en la Biblia (Especial Reyes Magos) Juan Antonio Belmonte 2 Farmacia cooperante Jos\u00e9 Bruno Celso y Manuel \u00c1ngel Galv\u00e1n 3 El turismo y la muerte de la gallina de los huevos...\" \/>\n<meta property=\"og:url\" content=\"https:\/\/www.ull.es\/portal\/cienciaull\/doblehelice3-0\/temporada-2024\/\" \/>\n<meta property=\"article:publisher\" content=\"https:\/\/www.facebook.com\/CienciaULL\/\" \/>\n<meta name=\"twitter:card\" content=\"summary_large_image\" \/>\n<meta name=\"twitter:site\" content=\"@CienciaULL\" \/>\n<meta name=\"twitter:label1\" content=\"Tiempo de lectura\" \/>\n\t<meta name=\"twitter:data1\" content=\"3 minutos\" \/>\n<script type=\"application\/ld+json\" class=\"yoast-schema-graph\">{\"@context\":\"https:\/\/schema.org\",\"@graph\":[{\"@type\":\"WebPage\",\"@id\":\"https:\/\/www.ull.es\/portal\/cienciaull\/doblehelice3-0\/temporada-2024\/\",\"url\":\"https:\/\/www.ull.es\/portal\/cienciaull\/doblehelice3-0\/temporada-2024\/\",\"name\":\"Temporada 2024 -\",\"isPartOf\":{\"@id\":\"https:\/\/www.ull.es\/portal\/cienciaull\/#website\"},\"datePublished\":\"2025-10-01T12:39:01+00:00\",\"dateModified\":\"2025-10-01T12:39:01+00:00\",\"breadcrumb\":{\"@id\":\"https:\/\/www.ull.es\/portal\/cienciaull\/doblehelice3-0\/temporada-2024\/#breadcrumb\"},\"inLanguage\":\"es\",\"potentialAction\":[{\"@type\":\"ReadAction\",\"target\":[\"https:\/\/www.ull.es\/portal\/cienciaull\/doblehelice3-0\/temporada-2024\/\"]}]},{\"@type\":\"BreadcrumbList\",\"@id\":\"https:\/\/www.ull.es\/portal\/cienciaull\/doblehelice3-0\/temporada-2024\/#breadcrumb\",\"itemListElement\":[{\"@type\":\"ListItem\",\"position\":1,\"name\":\"Portada\",\"item\":\"https:\/\/www.ull.es\/portal\/cienciaull\/\"},{\"@type\":\"ListItem\",\"position\":2,\"name\":\"Doble H\u00e9lice 3.0\",\"item\":\"https:\/\/www.ull.es\/portal\/cienciaull\/doblehelice3-0\/\"},{\"@type\":\"ListItem\",\"position\":3,\"name\":\"Temporada 2024\"}]},{\"@type\":\"WebSite\",\"@id\":\"https:\/\/www.ull.es\/portal\/cienciaull\/#website\",\"url\":\"https:\/\/www.ull.es\/portal\/cienciaull\/\",\"name\":\"\",\"description\":\"Unidad de Cultura Cient\u00edfica y de la Innovaci\u00f3n de la Universidad de La Laguna\",\"potentialAction\":[{\"@type\":\"SearchAction\",\"target\":{\"@type\":\"EntryPoint\",\"urlTemplate\":\"https:\/\/www.ull.es\/portal\/cienciaull\/?s={search_term_string}\"},\"query-input\":\"required name=search_term_string\"}],\"inLanguage\":\"es\"}]}<\/script>\n<!-- \/ Yoast SEO plugin. -->","yoast_head_json":{"title":"Temporada 2024 -","robots":{"index":"index","follow":"follow","max-snippet":"max-snippet:-1","max-image-preview":"max-image-preview:large","max-video-preview":"max-video-preview:-1"},"canonical":"https:\/\/www.ull.es\/portal\/cienciaull\/doblehelice3-0\/temporada-2024\/","og_locale":"es_ES","og_type":"article","og_title":"Temporada 2024 -","og_description":"[vc_row][vc_column][vc_custom_heading text=\u00bbTemporada 2024&#8243; google_fonts=\u00bbfont_family:Roboto%20Slab%3A100%2C300%2Cregular%2C700|font_style:700%20bold%20regular%3A700%3Anormal\u00bb css=\u00bb.vc_custom_1708351425288{margin-bottom: 5px !important;border-bottom-width: 5px !important;padding-bottom: 5px !important;}\u00bb][vc_column_text]A continuaci\u00f3n se recoge los programas realizados durante la temporada 2024:[\/vc_column_text][\/vc_column][\/vc_row][vc_row][vc_column][vc_column_text] 1 La Astronom\u00eda en la Biblia (Especial Reyes Magos) Juan Antonio Belmonte 2 Farmacia cooperante Jos\u00e9 Bruno Celso y Manuel \u00c1ngel Galv\u00e1n 3 El turismo y la muerte de la gallina de los huevos...","og_url":"https:\/\/www.ull.es\/portal\/cienciaull\/doblehelice3-0\/temporada-2024\/","article_publisher":"https:\/\/www.facebook.com\/CienciaULL\/","twitter_card":"summary_large_image","twitter_site":"@CienciaULL","twitter_misc":{"Tiempo de lectura":"3 minutos"},"schema":{"@context":"https:\/\/schema.org","@graph":[{"@type":"WebPage","@id":"https:\/\/www.ull.es\/portal\/cienciaull\/doblehelice3-0\/temporada-2024\/","url":"https:\/\/www.ull.es\/portal\/cienciaull\/doblehelice3-0\/temporada-2024\/","name":"Temporada 2024 -","isPartOf":{"@id":"https:\/\/www.ull.es\/portal\/cienciaull\/#website"},"datePublished":"2025-10-01T12:39:01+00:00","dateModified":"2025-10-01T12:39:01+00:00","breadcrumb":{"@id":"https:\/\/www.ull.es\/portal\/cienciaull\/doblehelice3-0\/temporada-2024\/#breadcrumb"},"inLanguage":"es","potentialAction":[{"@type":"ReadAction","target":["https:\/\/www.ull.es\/portal\/cienciaull\/doblehelice3-0\/temporada-2024\/"]}]},{"@type":"BreadcrumbList","@id":"https:\/\/www.ull.es\/portal\/cienciaull\/doblehelice3-0\/temporada-2024\/#breadcrumb","itemListElement":[{"@type":"ListItem","position":1,"name":"Portada","item":"https:\/\/www.ull.es\/portal\/cienciaull\/"},{"@type":"ListItem","position":2,"name":"Doble H\u00e9lice 3.0","item":"https:\/\/www.ull.es\/portal\/cienciaull\/doblehelice3-0\/"},{"@type":"ListItem","position":3,"name":"Temporada 2024"}]},{"@type":"WebSite","@id":"https:\/\/www.ull.es\/portal\/cienciaull\/#website","url":"https:\/\/www.ull.es\/portal\/cienciaull\/","name":"","description":"Unidad de Cultura Cient\u00edfica y de la Innovaci\u00f3n de la Universidad de La Laguna","potentialAction":[{"@type":"SearchAction","target":{"@type":"EntryPoint","urlTemplate":"https:\/\/www.ull.es\/portal\/cienciaull\/?s={search_term_string}"},"query-input":"required name=search_term_string"}],"inLanguage":"es"}]}},"_links":{"self":[{"href":"https:\/\/www.ull.es\/portal\/cienciaull\/wp-json\/wp\/v2\/pages\/25791"}],"collection":[{"href":"https:\/\/www.ull.es\/portal\/cienciaull\/wp-json\/wp\/v2\/pages"}],"about":[{"href":"https:\/\/www.ull.es\/portal\/cienciaull\/wp-json\/wp\/v2\/types\/page"}],"author":[{"embeddable":true,"href":"https:\/\/www.ull.es\/portal\/cienciaull\/wp-json\/wp\/v2\/users\/56"}],"replies":[{"embeddable":true,"href":"https:\/\/www.ull.es\/portal\/cienciaull\/wp-json\/wp\/v2\/comments?post=25791"}],"version-history":[{"count":53,"href":"https:\/\/www.ull.es\/portal\/cienciaull\/wp-json\/wp\/v2\/pages\/25791\/revisions"}],"predecessor-version":[{"id":32689,"href":"https:\/\/www.ull.es\/portal\/cienciaull\/wp-json\/wp\/v2\/pages\/25791\/revisions\/32689"}],"up":[{"embeddable":true,"href":"https:\/\/www.ull.es\/portal\/cienciaull\/wp-json\/wp\/v2\/pages\/2428"}],"wp:attachment":[{"href":"https:\/\/www.ull.es\/portal\/cienciaull\/wp-json\/wp\/v2\/media?parent=25791"}],"curies":[{"name":"wp","href":"https:\/\/api.w.org\/{rel}","templated":true}]}}