{"id":26172,"date":"2024-02-14T11:14:28","date_gmt":"2024-02-14T11:14:28","guid":{"rendered":"https:\/\/www.ull.es\/portal\/cienciaull\/?page_id=26172"},"modified":"2024-10-02T13:26:01","modified_gmt":"2024-10-02T13:26:01","slug":"xii-concurso-de-divulgacion-cientifica-2024","status":"publish","type":"page","link":"https:\/\/www.ull.es\/portal\/cienciaull\/xii-concurso-de-divulgacion-cientifica-2024\/","title":{"rendered":"XII Concurso de Divulgaci\u00f3n Cient\u00edfica 2024"},"content":{"rendered":"<p>[vc_row][vc_column]\n<div id=\"rev_slider_266_1_wrapper\" class=\"rev_slider_wrapper fullwidthbanner-container\" data-source=\"gallery\" style=\"margin:0px auto;background:transparent;padding:0px;margin-top:0px;margin-bottom:0px;\">\n<!-- START REVOLUTION SLIDER 5.4.7.3 auto mode -->\n\t<div id=\"rev_slider_266_1\" class=\"rev_slider fullwidthabanner\" style=\"display:none;\" data-version=\"5.4.7.3\">\n<ul>\t<!-- SLIDE  -->\n\t<li data-index=\"rs-301\" data-transition=\"fade\" data-slotamount=\"default\" data-hideafterloop=\"0\" data-hideslideonmobile=\"off\"  data-easein=\"default\" data-easeout=\"default\" data-masterspeed=\"300\"  data-rotate=\"0\"  data-saveperformance=\"off\"  data-title=\"Slide\" data-param1=\"\" data-param2=\"\" data-param3=\"\" data-param4=\"\" data-param5=\"\" data-param6=\"\" data-param7=\"\" data-param8=\"\" data-param9=\"\" data-param10=\"\" data-description=\"\">\n\t\t<!-- MAIN IMAGE -->\n\t\t<img src=\"https:\/\/www.ull.es\/portal\/cienciaull\/wp-content\/plugins\/revslider\/admin\/assets\/images\/transparent.png\"  alt=\"\" title=\"XII Concurso de Divulgaci\u00f3n Cient\u00edfica 2024\"  data-bgposition=\"center center\" data-bgfit=\"cover\" data-bgrepeat=\"no-repeat\" class=\"rev-slidebg\" data-no-retina>\n\t\t<!-- LAYERS -->\n\n\t\t<!-- LAYER NR. 1 -->\n\t\t<div class=\"tp-caption   tp-resizeme\" \n\t\t\t id=\"slide-301-layer-1\" \n\t\t\t data-x=\"-1\" \n\t\t\t data-y=\"-1\" \n\t\t\t\t\t\tdata-width=\"['none','none','none','none']\"\n\t\t\tdata-height=\"['none','none','none','none']\"\n \n\t\t\tdata-type=\"image\" \n\t\t\tdata-responsive_offset=\"on\" \n\n\t\t\tdata-frames='[{\"delay\":0,\"speed\":300,\"frame\":\"0\",\"from\":\"opacity:0;\",\"to\":\"o:1;\",\"ease\":\"Power3.easeInOut\"},{\"delay\":\"wait\",\"speed\":300,\"frame\":\"999\",\"to\":\"opacity:0;\",\"ease\":\"Power3.easeInOut\"}]'\n\t\t\tdata-textAlign=\"['inherit','inherit','inherit','inherit']\"\n\t\t\tdata-paddingtop=\"[0,0,0,0]\"\n\t\t\tdata-paddingright=\"[0,0,0,0]\"\n\t\t\tdata-paddingbottom=\"[0,0,0,0]\"\n\t\t\tdata-paddingleft=\"[0,0,0,0]\"\n\n\t\t\tstyle=\"z-index: 5;\"><img src=\"https:\/\/www.ull.es\/portal\/cienciaull\/wp-content\/uploads\/sites\/24\/2024\/02\/Banner-XII-Edicion-del-concurso-de-Divulgacion-Cientifica-Cienci@ULL-1600-x600.jpg\" alt=\"\" data-ww=\"1600px\" data-hh=\"600px\" width=\"1600\" height=\"600\" data-no-retina> <\/div>\n\t<\/li>\n<\/ul>\n<div class=\"tp-bannertimer tp-bottom\" style=\"visibility: hidden !important;\"><\/div>\t<\/div>\n<script>var htmlDiv = document.getElementById(\"rs-plugin-settings-inline-css\"); var htmlDivCss=\"\";\r\n\t\t\t\tif(htmlDiv) {\r\n\t\t\t\t\thtmlDiv.innerHTML = htmlDiv.innerHTML + htmlDivCss;\r\n\t\t\t\t}else{\r\n\t\t\t\t\tvar htmlDiv = document.createElement(\"div\");\r\n\t\t\t\t\thtmlDiv.innerHTML = \"<style>\" + htmlDivCss + \"<\/style>\";\r\n\t\t\t\t\tdocument.getElementsByTagName(\"head\")[0].appendChild(htmlDiv.childNodes[0]);\r\n\t\t\t\t}\r\n\t\t\t<\/script>\n\t\t<script type=\"text\/javascript\">\r\nif (setREVStartSize!==undefined) setREVStartSize(\r\n\t{c: '#rev_slider_266_1', gridwidth: [1600], gridheight: [600], sliderLayout: 'auto'});\r\n\t\t\t\r\nvar revapi266,\r\n\ttpj;\t\r\n(function() {\t\t\t\r\n\tif (!\/loaded|interactive|complete\/.test(document.readyState)) document.addEventListener(\"DOMContentLoaded\",onLoad); else onLoad();\t\r\n\tfunction onLoad() {\t\t\t\t\r\n\t\tif (tpj===undefined) { tpj = jQuery; if(\"off\" == \"on\") tpj.noConflict();}\r\n\tif(tpj(\"#rev_slider_266_1\").revolution == undefined){\n\t\trevslider_showDoubleJqueryError(\"#rev_slider_266_1\");\n\t}else{\n\t\trevapi266 = tpj(\"#rev_slider_266_1\").show().revolution({\n\t\t\tsliderType:\"standard\",\n\t\t\tjsFileLocation:\"\/\/www.ull.es\/portal\/cienciaull\/wp-content\/plugins\/revslider\/public\/assets\/js\/\",\n\t\t\tsliderLayout:\"auto\",\n\t\t\tdottedOverlay:\"none\",\n\t\t\tdelay:9000,\n\t\t\tnavigation: {\n\t\t\t\tonHoverStop:\"off\",\n\t\t\t},\n\t\t\tvisibilityLevels:[1240,1024,778,480],\n\t\t\tgridwidth:1600,\n\t\t\tgridheight:600,\n\t\t\tlazyType:\"none\",\n\t\t\tshadow:0,\n\t\t\tspinner:\"spinner0\",\n\t\t\tstopLoop:\"off\",\n\t\t\tstopAfterLoops:-1,\n\t\t\tstopAtSlide:-1,\n\t\t\tshuffle:\"off\",\n\t\t\tautoHeight:\"off\",\n\t\t\tdisableProgressBar:\"on\",\n\t\t\thideThumbsOnMobile:\"off\",\n\t\t\thideSliderAtLimit:0,\n\t\t\thideCaptionAtLimit:0,\n\t\t\thideAllCaptionAtLilmit:0,\n\t\t\tdebugMode:false,\n\t\t\tfallbacks: {\n\t\t\t\tsimplifyAll:\"off\",\n\t\t\t\tnextSlideOnWindowFocus:\"off\",\n\t\t\t\tdisableFocusListener:false,\n\t\t\t}\n\t\t});\n\t}; \/* END OF revapi call *\/\n\t\n }; \/* END OF ON LOAD FUNCTION *\/\r\n}()); \/* END OF WRAPPING FUNCTION *\/\r\n<\/script>\r\n\t\t<\/div><!-- END REVOLUTION SLIDER -->[vc_separator color=\u00bbsky\u00bb border_width=\u00bb10&#8243;][\/vc_column][\/vc_row][vc_row][vc_column][vc_empty_space height=\u00bb40px\u00bb][vc_custom_heading text=\u00bbPresentaci\u00f3n\u00bb font_container=\u00bbtag:h2|text_align:left|color:%232d4184&#8243; google_fonts=\u00bbfont_family:Roboto%3A100%2C100italic%2C300%2C300italic%2Cregular%2Citalic%2C500%2C500italic%2C700%2C700italic%2C900%2C900italic|font_style:700%20bold%20regular%3A700%3Anormal\u00bb][\/vc_column][\/vc_row][vc_row][vc_column width=\u00bb2\/3&#8243;][vc_column_text]<\/p>\n<p style=\"text-align: justify\"><span style=\"color: #333333\">La <strong>Unidad de Cultura Cient\u00edfica y de la Innovaci\u00f3n (UCC+I)<\/strong>, <strong>Cienci@ULL<\/strong>, presenta la duod\u00e9cima edici\u00f3n del<strong> Concurso de Divulgaci\u00f3n<\/strong> Cient\u00edfica dirigido al personal investigador y t\u00e9cnico de Canarias, como pre-actividad dentro del marco del proyecto europeo \u00ab<strong>MacaroNight: la Noche Europea de los Investigadores de la Macaronesia<\/strong>\u00ab, que se celebrar\u00e1 en el mes de septiembre de 2024.<\/span><\/p>\n<p style=\"text-align: justify\">MacaroNight 2024 (Noche Europea de los Investigadores e investigadoras de la Macaronesia). Este proyecto es una iniciativa promovida por La Palma Research Centre, Observatorio Do Mar Dos A\u00e7ores, Big Van Ciencia, la Universidade da Madeira, la Fundaci\u00f3n General de la Universidad de La Laguna. Es cofinanciada por la Comisi\u00f3n Europea bajo las Acciones Marie Sk\u0142odowska-Curie (MSCA); iniciativa para fomentar las carreras cient\u00edficas en Europa, que se enmarca en Horizonte Europa, Programa Marco de Investigaci\u00f3n e Innovaci\u00f3n de la Uni\u00f3n Europea. En Tenerife, cuenta con la colaboraci\u00f3n de Fundaci\u00f3n CEPSA, Cajasiete y la Agencia Canaria de Investigaci\u00f3n, Innovaci\u00f3n y Sociedad de la Informaci\u00f3n del Gobierno de Canarias.<\/p>\n<p>[\/vc_column_text][vc_separator][vc_column_text]<span style=\"color: #2444a3\"><strong>1. Objeto<\/strong><\/span>[\/vc_column_text][vc_column_text]<\/p>\n<p style=\"text-align: justify\">Dar a conocer la labor de investigaci\u00f3n que se desarrolla en Canarias mediante la elaboraci\u00f3n de v\u00eddeos divulgativos, cuya duraci\u00f3n m\u00e1xima sea de 5 minutos, que muestren de forma cercana la aplicabilidad de los resultados de investigaci\u00f3n generados en las necesidades de la sociedad.<\/p>\n<p style=\"text-align: justify\">Este material se utilizar\u00e1 para la promoci\u00f3n de la cultura cient\u00edfica y el fomento de las vocaciones cient\u00edficas en los\/as j\u00f3venes canarios\/as, as\u00ed que deber\u00e1 tener un car\u00e1cter did\u00e1ctico y utilizar un lenguaje sencillo.<\/p>\n<p>[\/vc_column_text][vc_separator][vc_column_text]<span style=\"color: #2444a3\"><strong>2. P\u00fablico al que va dirigido<\/strong><\/span>[\/vc_column_text][vc_column_text]<\/p>\n<p style=\"text-align: justify\">&#8211; Alumnado que en la actualidad est\u00e9 matriculado en algunos de los programas de doctorado de la Universidad de La Laguna o la Universidad de Las Palmas de Gran Canaria.<\/p>\n<p style=\"text-align: justify\">&#8211; J\u00f3venes investigadores e investigadoras de las universidades p\u00fablicas de Canarias o de los centros de I+D Canarios, recogidos en la web de la Consejer\u00eda de Econom\u00eda, Industria, Comercio y Conocimiento del Gobierno de la Universidad de La Laguna. (<a href=\"https:\/\/www.gobiernodecanarias.org\/principal\/\" target=\"_blank\" rel=\"noopener\">https:\/\/www.gobiernodecanarias.org\/principal\/<\/a>), que no lleven m\u00e1s de 5 a\u00f1os trabajando en el \u00e1mbito de la I+D.<\/p>\n<p>[\/vc_column_text][vc_separator][vc_column_text]<span style=\"color: #2444a3\"><strong>3. Modalidades de participaci\u00f3n<\/strong><\/span>[\/vc_column_text][vc_column_text]<\/p>\n<p style=\"text-align: justify\">Podr\u00e1n participar de forma individual o colectiva. En el caso de esta \u00faltima se establece que los grupos est\u00e9n formados por un m\u00e1ximo de 5 personas y deben de contar con un\/a representante, cuyo nombre se recoger\u00e1 en la solicitud de inscripci\u00f3n.<\/p>\n<p style=\"text-align: justify\">Dicho\/a representante actuar\u00e1 de persona de contacto de su grupo con la organizaci\u00f3n de este concurso.<\/p>\n<p>[\/vc_column_text][vc_separator][vc_column_text]<span style=\"color: #2444a3\"><strong>4. Premios<\/strong><\/span>[\/vc_column_text][vc_column_text]<\/p>\n<p style=\"text-align: justify\">Se establecen dos categor\u00edas de premios (primer y segundo premio) cuya dotaci\u00f3n econ\u00f3mica estar\u00e1 destinada a cubrir gastos de material para el desarrollo de sus investigaciones o estancias de investigaci\u00f3n. Las cuant\u00edas de los premios son las siguientes:<\/p>\n<p style=\"text-align: justify\"><strong>Primer premio:<\/strong> 800, 00 euros<\/p>\n<p><strong>Segundo premio:<\/strong> 200, 00 euros<\/p>\n<p style=\"text-align: justify\">En caso de co-autor\u00eda, se entender\u00e1 que la presentaci\u00f3n es conjunta, y la dotaci\u00f3n econ\u00f3mica del premio ser\u00e1 abonada al coordinador de la candidatura. La Fundaci\u00f3n General de la Universidad de La Laguna no se responsabiliza de los posteriores acuerdos de reparto alcanzados entre los autores.<\/p>\n<p>[\/vc_column_text][vc_separator][vc_column_text]<span style=\"color: #2444a3\"><strong>5. Valoraci\u00f3n de los Trabajos<\/strong><\/span>[\/vc_column_text][vc_column_text]<\/p>\n<p style=\"text-align: justify\">Se conformar\u00e1 una comisi\u00f3n de selecci\u00f3n, compuesta por 1 representante de la Universidad de La Laguna, 1 de la Palma Research Centre, 1 de la Agencia Canaria de Investigaci\u00f3n, Innovaci\u00f3n y Sociedad de la Informaci\u00f3n y 2 de la Fundaci\u00f3n General de la Universidad de La Laguna, que elegir\u00e1n a los dos ganadores en funci\u00f3n de los siguientes criterios:<\/p>\n<ol style=\"text-align: justify\">\n<li>T\u00edtulo claro y atractivo, que anime a ver el v\u00eddeo<\/li>\n<li>\u00a0Uso de un lenguaje divulgativo, pero sin perder el rigor cient\u00edfico<\/li>\n<li>\u00a0Calidad ilustrativa y t\u00e9cnica de las im\u00e1genes<\/li>\n<li>\u00a0Actualidad tem\u00e1tica y en revistas cient\u00edficas de impacto<\/li>\n<\/ol>\n<p style=\"text-align: justify\">Las decisiones del jurado ser\u00e1n inapelables y tendr\u00e1 absoluta libertad para solucionar cualquier imprevisto no contemplado en estas bases. Los premios podr\u00e1n declararse desiertos si el jurado as\u00ed los estima.<\/p>\n<p>[\/vc_column_text][vc_column_text]<span style=\"color: #2444a3\"><strong>6. Inscripci\u00f3n<\/strong><\/span>[\/vc_column_text][vc_column_text]La presentaci\u00f3n de los trabajo se realizar\u00e1 exclusivamente a trav\u00e9s del formulario online:[\/vc_column_text][vc_btn title=\u00bbFormulario Inscripci\u00f3n Concurso de Divulgaci\u00f3n\u00bb color=\u00bbinfo\u00bb size=\u00bblg\u00bb align=\u00bbcenter\u00bb button_block=\u00bbtrue\u00bb link=\u00bburl:https%3A%2F%2Fdocs.google.com%2Fforms%2Fd%2F1ZWoc1bK2NC7jmVQr478kfYoWZXqJ5p7Yz_jrE&#8211;Ptlw%2Fedit\u00bb][vc_column_text]<\/p>\n<p style=\"text-align: justify\">Una vez finalizada la cumplimentaci\u00f3n, el autor o, en su caso, el representante de la candidatura enviar\u00e1 mediante correo electr\u00f3nico el enlace del video a gciencia@ull.edu.es con el correspondiente t\u00edtulo y nombre del autor o representante.<\/p>\n<p>[\/vc_column_text][vc_column_text]<span style=\"color: #2444a3\"><strong>7. Fecha l\u00edmite<\/strong><\/span>[\/vc_column_text][vc_column_text]<\/p>\n<p style=\"text-align: justify\">La fecha l\u00edmite para la presentaci\u00f3n de los v\u00eddeos divulgativos es el<strong> 22 de septiembre de 2024<\/strong>.<\/p>\n<p>Para m\u00e1s informaci\u00f3n consultar las <a href=\"https:\/\/drive.google.com\/file\/d\/13KuixTBIixVHSJI0ZUmHUWxjMeb6ZG4o\/view?usp=drive_link\" target=\"_blank\" rel=\"noopener\"><span style=\"color: #244091\">Bases de participaci\u00f3n<\/span><\/a>.[\/vc_column_text][\/vc_column][vc_column width=\u00bb1\/3&#8243;][vc_btn title=\u00bbMacaroNight2024&#8243; color=\u00bbblue\u00bb size=\u00bblg\u00bb align=\u00bbcenter\u00bb button_block=\u00bbtrue\u00bb link=\u00bburl:https%3A%2F%2Fwww.ull.es%2Fportal%2Fcienciaull%2Fmacaronight-2024%2F\u00bb css=\u00bb.vc_custom_1710492702586{margin-bottom: 3px !important;border-bottom-width: 3px !important;padding-bottom: 3px !important;}\u00bb][vc_btn title=\u00bbX Edici\u00f3n Concurso de Divulgaci\u00f3n\u00bb color=\u00bbsky\u00bb size=\u00bblg\u00bb align=\u00bbcenter\u00bb button_block=\u00bbtrue\u00bb link=\u00bburl:https%3A%2F%2Fwww.ull.es%2Fportal%2Fcienciaull%2Fconcurso-de-divulgacion-3%2F\u00bb css=\u00bb.vc_custom_1710492677361{margin-bottom: 3px !important;border-bottom-width: 3px !important;padding-bottom: 3px !important;}\u00bb][vc_btn title=\u00bbXI Edici\u00f3n Concurso de Divulgaci\u00f3n\u00bb color=\u00bbinfo\u00bb size=\u00bblg\u00bb align=\u00bbcenter\u00bb button_block=\u00bbtrue\u00bb link=\u00bburl:https%3A%2F%2Fwww.ull.es%2Fportal%2Fcienciaull%2Fconcurso-de-divulgacion-2023%2F\u00bb css=\u00bb.vc_custom_1710492682724{margin-bottom: 3px !important;border-bottom-width: 3px !important;padding-bottom: 3px !important;}\u00bb][vc_btn title=\u00bbCandidaturas 2024&#8243; color=\u00bbwarning\u00bb size=\u00bblg\u00bb align=\u00bbcenter\u00bb button_block=\u00bbtrue\u00bb link=\u00bburl:https%3A%2F%2Fwww.ull.es%2Fportal%2Fcienciaull%2Fxii-concurso-de-divulgacion-cientifica-2024%2Fmultimedia-xii-concurso-divulgacion%2F\u00bb css=\u00bb.vc_custom_1727875560012{margin-bottom: 3px !important;border-bottom-width: 3px !important;padding-bottom: 3px !important;}\u00bb][vc_empty_space height=\u00bb20px\u00bb][vc_custom_heading text=\u00bb<strong> Piezas divulgativas premiadas 2024 <\/strong>\u00bb font_container=\u00bbtag:h4|text_align:left|color:%232444a3&#8243; google_fonts=\u00bbfont_family:Roboto%3A100%2C100italic%2C300%2C300italic%2Cregular%2Citalic%2C500%2C500italic%2C700%2C700italic%2C900%2C900italic|font_style:700%20bold%20regular%3A700%3Anormal\u00bb][vc_column_text]<strong>Primer premio 2024<\/strong>[\/vc_column_text][vc_video link=\u00bbhttps:\/\/youtu.be\/-z-zyN9Tlp0&#8243;][vc_column_text]<strong>Segundo Premio 2024<\/strong>[\/vc_column_text][vc_video link=\u00bbhttps:\/\/youtu.be\/3d1J940USBA\u00bb][vc_empty_space height=\u00bb20px\u00bb][vc_custom_heading text=\u00bb<strong> Piezas divulgativas premiadas 2023 <\/strong>\u00bb font_container=\u00bbtag:h4|text_align:left|color:%232444a3&#8243; google_fonts=\u00bbfont_family:Roboto%3A100%2C100italic%2C300%2C300italic%2Cregular%2Citalic%2C500%2C500italic%2C700%2C700italic%2C900%2C900italic|font_style:700%20bold%20regular%3A700%3Anormal\u00bb][vc_column_text]<strong>Primer premio 2023<\/strong>[\/vc_column_text][vc_video link=\u00bbhttps:\/\/www.youtube.com\/watch?v=HIofbRhy24c\u00bb][vc_column_text]<strong>Segundo Premio 2023<\/strong>[\/vc_column_text][vc_video link=\u00bbhttps:\/\/www.youtube.com\/watch?v=xxvwDYOfKSY\u00bb][vc_empty_space height=\u00bb20px\u00bb][vc_custom_heading text=\u00bb<strong> Piezas divulgativas premiadas 2022 <\/strong>\u00bb font_container=\u00bbtag:h4|text_align:left|color:%232444a3&#8243; google_fonts=\u00bbfont_family:Roboto%3A100%2C100italic%2C300%2C300italic%2Cregular%2Citalic%2C500%2C500italic%2C700%2C700italic%2C900%2C900italic|font_style:700%20bold%20regular%3A700%3Anormal\u00bb][vc_column_text]<strong>Primer premio 2022<\/strong>[\/vc_column_text][vc_video link=\u00bbhttps:\/\/www.youtube.com\/watch?v=I2mxnAREoHk&amp;list=PLyCiNKvX7KOGo40yK_HCHCwntmwfmkq03&amp;index=5&#8243;][vc_column_text]<strong>Segundo Premio 2022<\/strong>[\/vc_column_text][vc_video link=\u00bbhttps:\/\/www.youtube.com\/watch?v=ftrKX9R9hqE&amp;list=PLyCiNKvX7KOGo40yK_HCHCwntmwfmkq03&amp;index=6&#8243;][vc_empty_space height=\u00bb20px\u00bb][\/vc_column][\/vc_row]<\/p>\n","protected":false},"excerpt":{"rendered":"<p>[vc_row][vc_column][vc_separator color=\u00bbsky\u00bb border_width=\u00bb10&#8243;][\/vc_column][\/vc_row][vc_row][vc_column][vc_empty_space height=\u00bb40px\u00bb][vc_custom_heading text=\u00bbPresentaci\u00f3n\u00bb font_container=\u00bbtag:h2|text_align:left|color:%232d4184&#8243; google_fonts=\u00bbfont_family:Roboto%3A100%2C100italic%2C300%2C300italic%2Cregular%2Citalic%2C500%2C500italic%2C700%2C700italic%2C900%2C900italic|font_style:700%20bold%20regular%3A700%3Anormal\u00bb][\/vc_column][\/vc_row][vc_row][vc_column width=\u00bb2\/3&#8243;][vc_column_text] La Unidad de Cultura Cient\u00edfica y de la Innovaci\u00f3n (UCC+I), Cienci@ULL, presenta la duod\u00e9cima edici\u00f3n del Concurso de Divulgaci\u00f3n Cient\u00edfica dirigido al personal investigador y t\u00e9cnico de Canarias, como pre-actividad dentro del marco del proyecto europeo \u00abMacaroNight: la Noche Europea de los Investigadores de la Macaronesia\u00ab, que&#8230;<\/p>\n","protected":false},"author":56,"featured_media":0,"parent":0,"menu_order":0,"comment_status":"closed","ping_status":"closed","template":"templates\/cienciaull.php","meta":{"inline_featured_image":false,"footnotes":""},"acf":[],"yoast_head":"<!-- This site is optimized with the Yoast SEO plugin v21.3 - https:\/\/yoast.com\/wordpress\/plugins\/seo\/ -->\n<title>XII Concurso de Divulgaci\u00f3n Cient\u00edfica 2024 -<\/title>\n<meta name=\"robots\" content=\"index, follow, max-snippet:-1, max-image-preview:large, max-video-preview:-1\" \/>\n<link rel=\"canonical\" href=\"https:\/\/www.ull.es\/portal\/cienciaull\/xii-concurso-de-divulgacion-cientifica-2024\/\" \/>\n<meta property=\"og:locale\" content=\"es_ES\" \/>\n<meta property=\"og:type\" content=\"article\" \/>\n<meta property=\"og:title\" content=\"XII Concurso de Divulgaci\u00f3n Cient\u00edfica 2024 -\" \/>\n<meta property=\"og:description\" content=\"[vc_row][vc_column][vc_separator color=\u00bbsky\u00bb border_width=\u00bb10&#8243;][\/vc_column][\/vc_row][vc_row][vc_column][vc_empty_space height=\u00bb40px\u00bb][vc_custom_heading text=\u00bbPresentaci\u00f3n\u00bb font_container=\u00bbtag:h2|text_align:left|color:%232d4184&#8243; google_fonts=\u00bbfont_family:Roboto%3A100%2C100italic%2C300%2C300italic%2Cregular%2Citalic%2C500%2C500italic%2C700%2C700italic%2C900%2C900italic|font_style:700%20bold%20regular%3A700%3Anormal\u00bb][\/vc_column][\/vc_row][vc_row][vc_column width=\u00bb2\/3&#8243;][vc_column_text] La Unidad de Cultura Cient\u00edfica y de la Innovaci\u00f3n (UCC+I), Cienci@ULL, presenta la duod\u00e9cima edici\u00f3n del Concurso de Divulgaci\u00f3n Cient\u00edfica dirigido al personal investigador y t\u00e9cnico de Canarias, como pre-actividad dentro del marco del proyecto europeo \u00abMacaroNight: la Noche Europea de los Investigadores de la Macaronesia\u00ab, que...\" \/>\n<meta property=\"og:url\" content=\"https:\/\/www.ull.es\/portal\/cienciaull\/xii-concurso-de-divulgacion-cientifica-2024\/\" \/>\n<meta property=\"article:publisher\" content=\"https:\/\/www.facebook.com\/CienciaULL\/\" \/>\n<meta property=\"article:modified_time\" content=\"2024-10-02T13:26:01+00:00\" \/>\n<meta name=\"twitter:card\" content=\"summary_large_image\" \/>\n<meta name=\"twitter:site\" content=\"@CienciaULL\" \/>\n<meta name=\"twitter:label1\" content=\"Tiempo de lectura\" \/>\n\t<meta name=\"twitter:data1\" content=\"4 minutos\" \/>\n<script type=\"application\/ld+json\" class=\"yoast-schema-graph\">{\"@context\":\"https:\/\/schema.org\",\"@graph\":[{\"@type\":\"WebPage\",\"@id\":\"https:\/\/www.ull.es\/portal\/cienciaull\/xii-concurso-de-divulgacion-cientifica-2024\/\",\"url\":\"https:\/\/www.ull.es\/portal\/cienciaull\/xii-concurso-de-divulgacion-cientifica-2024\/\",\"name\":\"XII Concurso de Divulgaci\u00f3n Cient\u00edfica 2024 -\",\"isPartOf\":{\"@id\":\"https:\/\/www.ull.es\/portal\/cienciaull\/#website\"},\"datePublished\":\"2024-02-14T11:14:28+00:00\",\"dateModified\":\"2024-10-02T13:26:01+00:00\",\"breadcrumb\":{\"@id\":\"https:\/\/www.ull.es\/portal\/cienciaull\/xii-concurso-de-divulgacion-cientifica-2024\/#breadcrumb\"},\"inLanguage\":\"es\",\"potentialAction\":[{\"@type\":\"ReadAction\",\"target\":[\"https:\/\/www.ull.es\/portal\/cienciaull\/xii-concurso-de-divulgacion-cientifica-2024\/\"]}]},{\"@type\":\"BreadcrumbList\",\"@id\":\"https:\/\/www.ull.es\/portal\/cienciaull\/xii-concurso-de-divulgacion-cientifica-2024\/#breadcrumb\",\"itemListElement\":[{\"@type\":\"ListItem\",\"position\":1,\"name\":\"Portada\",\"item\":\"https:\/\/www.ull.es\/portal\/cienciaull\/\"},{\"@type\":\"ListItem\",\"position\":2,\"name\":\"XII Concurso de Divulgaci\u00f3n Cient\u00edfica 2024\"}]},{\"@type\":\"WebSite\",\"@id\":\"https:\/\/www.ull.es\/portal\/cienciaull\/#website\",\"url\":\"https:\/\/www.ull.es\/portal\/cienciaull\/\",\"name\":\"\",\"description\":\"Unidad de Cultura Cient\u00edfica y de la Innovaci\u00f3n de la Universidad de La Laguna\",\"potentialAction\":[{\"@type\":\"SearchAction\",\"target\":{\"@type\":\"EntryPoint\",\"urlTemplate\":\"https:\/\/www.ull.es\/portal\/cienciaull\/?s={search_term_string}\"},\"query-input\":\"required name=search_term_string\"}],\"inLanguage\":\"es\"}]}<\/script>\n<!-- \/ Yoast SEO plugin. -->","yoast_head_json":{"title":"XII Concurso de Divulgaci\u00f3n Cient\u00edfica 2024 -","robots":{"index":"index","follow":"follow","max-snippet":"max-snippet:-1","max-image-preview":"max-image-preview:large","max-video-preview":"max-video-preview:-1"},"canonical":"https:\/\/www.ull.es\/portal\/cienciaull\/xii-concurso-de-divulgacion-cientifica-2024\/","og_locale":"es_ES","og_type":"article","og_title":"XII Concurso de Divulgaci\u00f3n Cient\u00edfica 2024 -","og_description":"[vc_row][vc_column][vc_separator color=\u00bbsky\u00bb border_width=\u00bb10&#8243;][\/vc_column][\/vc_row][vc_row][vc_column][vc_empty_space height=\u00bb40px\u00bb][vc_custom_heading text=\u00bbPresentaci\u00f3n\u00bb font_container=\u00bbtag:h2|text_align:left|color:%232d4184&#8243; google_fonts=\u00bbfont_family:Roboto%3A100%2C100italic%2C300%2C300italic%2Cregular%2Citalic%2C500%2C500italic%2C700%2C700italic%2C900%2C900italic|font_style:700%20bold%20regular%3A700%3Anormal\u00bb][\/vc_column][\/vc_row][vc_row][vc_column width=\u00bb2\/3&#8243;][vc_column_text] La Unidad de Cultura Cient\u00edfica y de la Innovaci\u00f3n (UCC+I), Cienci@ULL, presenta la duod\u00e9cima edici\u00f3n del Concurso de Divulgaci\u00f3n Cient\u00edfica dirigido al personal investigador y t\u00e9cnico de Canarias, como pre-actividad dentro del marco del proyecto europeo \u00abMacaroNight: la Noche Europea de los Investigadores de la Macaronesia\u00ab, que...","og_url":"https:\/\/www.ull.es\/portal\/cienciaull\/xii-concurso-de-divulgacion-cientifica-2024\/","article_publisher":"https:\/\/www.facebook.com\/CienciaULL\/","article_modified_time":"2024-10-02T13:26:01+00:00","twitter_card":"summary_large_image","twitter_site":"@CienciaULL","twitter_misc":{"Tiempo de lectura":"4 minutos"},"schema":{"@context":"https:\/\/schema.org","@graph":[{"@type":"WebPage","@id":"https:\/\/www.ull.es\/portal\/cienciaull\/xii-concurso-de-divulgacion-cientifica-2024\/","url":"https:\/\/www.ull.es\/portal\/cienciaull\/xii-concurso-de-divulgacion-cientifica-2024\/","name":"XII Concurso de Divulgaci\u00f3n Cient\u00edfica 2024 -","isPartOf":{"@id":"https:\/\/www.ull.es\/portal\/cienciaull\/#website"},"datePublished":"2024-02-14T11:14:28+00:00","dateModified":"2024-10-02T13:26:01+00:00","breadcrumb":{"@id":"https:\/\/www.ull.es\/portal\/cienciaull\/xii-concurso-de-divulgacion-cientifica-2024\/#breadcrumb"},"inLanguage":"es","potentialAction":[{"@type":"ReadAction","target":["https:\/\/www.ull.es\/portal\/cienciaull\/xii-concurso-de-divulgacion-cientifica-2024\/"]}]},{"@type":"BreadcrumbList","@id":"https:\/\/www.ull.es\/portal\/cienciaull\/xii-concurso-de-divulgacion-cientifica-2024\/#breadcrumb","itemListElement":[{"@type":"ListItem","position":1,"name":"Portada","item":"https:\/\/www.ull.es\/portal\/cienciaull\/"},{"@type":"ListItem","position":2,"name":"XII Concurso de Divulgaci\u00f3n Cient\u00edfica 2024"}]},{"@type":"WebSite","@id":"https:\/\/www.ull.es\/portal\/cienciaull\/#website","url":"https:\/\/www.ull.es\/portal\/cienciaull\/","name":"","description":"Unidad de Cultura Cient\u00edfica y de la Innovaci\u00f3n de la Universidad de La Laguna","potentialAction":[{"@type":"SearchAction","target":{"@type":"EntryPoint","urlTemplate":"https:\/\/www.ull.es\/portal\/cienciaull\/?s={search_term_string}"},"query-input":"required name=search_term_string"}],"inLanguage":"es"}]}},"_links":{"self":[{"href":"https:\/\/www.ull.es\/portal\/cienciaull\/wp-json\/wp\/v2\/pages\/26172"}],"collection":[{"href":"https:\/\/www.ull.es\/portal\/cienciaull\/wp-json\/wp\/v2\/pages"}],"about":[{"href":"https:\/\/www.ull.es\/portal\/cienciaull\/wp-json\/wp\/v2\/types\/page"}],"author":[{"embeddable":true,"href":"https:\/\/www.ull.es\/portal\/cienciaull\/wp-json\/wp\/v2\/users\/56"}],"replies":[{"embeddable":true,"href":"https:\/\/www.ull.es\/portal\/cienciaull\/wp-json\/wp\/v2\/comments?post=26172"}],"version-history":[{"count":24,"href":"https:\/\/www.ull.es\/portal\/cienciaull\/wp-json\/wp\/v2\/pages\/26172\/revisions"}],"predecessor-version":[{"id":31149,"href":"https:\/\/www.ull.es\/portal\/cienciaull\/wp-json\/wp\/v2\/pages\/26172\/revisions\/31149"}],"wp:attachment":[{"href":"https:\/\/www.ull.es\/portal\/cienciaull\/wp-json\/wp\/v2\/media?parent=26172"}],"curies":[{"name":"wp","href":"https:\/\/api.w.org\/{rel}","templated":true}]}}