{"id":26294,"date":"2024-02-16T07:46:26","date_gmt":"2024-02-16T07:46:26","guid":{"rendered":"https:\/\/www.ull.es\/portal\/cienciaull\/?page_id=26294"},"modified":"2024-09-16T12:55:29","modified_gmt":"2024-09-16T12:55:29","slug":"hipotesis-proyecto-educativo","status":"publish","type":"page","link":"https:\/\/www.ull.es\/portal\/cienciaull\/hipotesis-proyecto-educativo\/","title":{"rendered":"Hip\u00f3tesis &#8211; Proyecto educativo"},"content":{"rendered":"<p>[vc_row][vc_column]\n<div id=\"rev_slider_274_1_wrapper\" class=\"rev_slider_wrapper fullwidthbanner-container\" data-source=\"gallery\" style=\"margin:0px auto;background:transparent;padding:0px;margin-top:0px;margin-bottom:0px;\">\n<!-- START REVOLUTION SLIDER 5.4.7.3 auto mode -->\n\t<div id=\"rev_slider_274_1\" class=\"rev_slider fullwidthabanner\" style=\"display:none;\" data-version=\"5.4.7.3\">\n<ul>\t<!-- SLIDE  -->\n\t<li data-index=\"rs-323\" data-transition=\"fade\" data-slotamount=\"default\" data-hideafterloop=\"0\" data-hideslideonmobile=\"off\"  data-easein=\"default\" data-easeout=\"default\" data-masterspeed=\"300\"  data-rotate=\"0\"  data-saveperformance=\"off\"  data-title=\"Slide\" data-param1=\"\" data-param2=\"\" data-param3=\"\" data-param4=\"\" data-param5=\"\" data-param6=\"\" data-param7=\"\" data-param8=\"\" data-param9=\"\" data-param10=\"\" data-description=\"\">\n\t\t<!-- MAIN IMAGE -->\n\t\t<img src=\"https:\/\/www.ull.es\/portal\/cienciaull\/wp-content\/uploads\/sites\/24\/2024\/02\/hp_proyectoeduactivo_bn-1-scaled.jpg\"  alt=\"\" title=\"hp_proyectoeduactivo_bn\"  width=\"2560\" height=\"960\" data-bgposition=\"center center\" data-bgfit=\"cover\" data-bgrepeat=\"no-repeat\" class=\"rev-slidebg\" data-no-retina>\n\t\t<!-- LAYERS -->\n\t<\/li>\n<\/ul>\n<div class=\"tp-bannertimer tp-bottom\" style=\"visibility: hidden !important;\"><\/div>\t<\/div>\n<script>var htmlDiv = document.getElementById(\"rs-plugin-settings-inline-css\"); var htmlDivCss=\"\";\r\n\t\t\t\tif(htmlDiv) {\r\n\t\t\t\t\thtmlDiv.innerHTML = htmlDiv.innerHTML + htmlDivCss;\r\n\t\t\t\t}else{\r\n\t\t\t\t\tvar htmlDiv = document.createElement(\"div\");\r\n\t\t\t\t\thtmlDiv.innerHTML = \"<style>\" + htmlDivCss + \"<\/style>\";\r\n\t\t\t\t\tdocument.getElementsByTagName(\"head\")[0].appendChild(htmlDiv.childNodes[0]);\r\n\t\t\t\t}\r\n\t\t\t<\/script>\n\t\t<script type=\"text\/javascript\">\r\nif (setREVStartSize!==undefined) setREVStartSize(\r\n\t{c: '#rev_slider_274_1', gridwidth: [1250], gridheight: [500], sliderLayout: 'auto'});\r\n\t\t\t\r\nvar revapi274,\r\n\ttpj;\t\r\n(function() {\t\t\t\r\n\tif (!\/loaded|interactive|complete\/.test(document.readyState)) document.addEventListener(\"DOMContentLoaded\",onLoad); else onLoad();\t\r\n\tfunction onLoad() {\t\t\t\t\r\n\t\tif (tpj===undefined) { tpj = jQuery; if(\"off\" == \"on\") tpj.noConflict();}\r\n\tif(tpj(\"#rev_slider_274_1\").revolution == undefined){\n\t\trevslider_showDoubleJqueryError(\"#rev_slider_274_1\");\n\t}else{\n\t\trevapi274 = tpj(\"#rev_slider_274_1\").show().revolution({\n\t\t\tsliderType:\"hero\",\n\t\t\tjsFileLocation:\"\/\/www.ull.es\/portal\/cienciaull\/wp-content\/plugins\/revslider\/public\/assets\/js\/\",\n\t\t\tsliderLayout:\"auto\",\n\t\t\tdottedOverlay:\"none\",\n\t\t\tdelay:9000,\n\t\t\tvisibilityLevels:[1240,1024,778,480],\n\t\t\tgridwidth:1250,\n\t\t\tgridheight:500,\n\t\t\tlazyType:\"none\",\n\t\t\tshadow:0,\n\t\t\tspinner:\"spinner0\",\n\t\t\tautoHeight:\"off\",\n\t\t\tdisableProgressBar:\"on\",\n\t\t\thideThumbsOnMobile:\"off\",\n\t\t\thideSliderAtLimit:0,\n\t\t\thideCaptionAtLimit:0,\n\t\t\thideAllCaptionAtLilmit:0,\n\t\t\tdebugMode:false,\n\t\t\tfallbacks: {\n\t\t\t\tsimplifyAll:\"off\",\n\t\t\t\tdisableFocusListener:false,\n\t\t\t}\n\t\t});\n\t}; \/* END OF revapi call *\/\n\t\n }; \/* END OF ON LOAD FUNCTION *\/\r\n}()); \/* END OF WRAPPING FUNCTION *\/\r\n<\/script>\r\n\t\t<\/div><!-- END REVOLUTION SLIDER -->[vc_separator color=\u00bbcustom\u00bb border_width=\u00bb10&#8243; accent_color=\u00bb#ffc1d3&#8243;][\/vc_column][\/vc_row][vc_row][vc_column width=\u00bb2\/3&#8243;][vc_empty_space height=\u00bb40px\u00bb][vc_custom_heading text=\u00bbPresentaci\u00f3n\u00bb font_container=\u00bbtag:h2|text_align:left|color:%231e73be\u00bb google_fonts=\u00bbfont_family:Roboto%20Slab%3A100%2C300%2Cregular%2C700|font_style:700%20bold%20regular%3A700%3Anormal\u00bb css=\u00bb.vc_custom_1709820211718{margin-bottom: 7px !important;border-bottom-width: 7px !important;padding-bottom: 7px !important;}\u00bb][vc_column_text]<\/p>\n<p style=\"text-align: justify\">El proyecto<a href=\"https:\/\/www.ull.es\/portal\/cienciaull\/revistahipotesis\/\" target=\"_blank\" rel=\"noopener\"><span style=\"color: #000080\"><strong> Revista Hip\u00f3tesis<\/strong><\/span><\/a> se propone como una extensi\u00f3n a los niveles educativos no universitarios por la v\u00eda de iniciar al alumnado en la indagaci\u00f3n y el estudio en temas de inter\u00e9s cient\u00edfico y su participaci\u00f3n en la redacci\u00f3n y publicaci\u00f3n de un art\u00edculo period\u00edstico o divulgativo en Hip\u00f3tesis.<\/p>\n<p style=\"text-align: justify\">La elaboraci\u00f3n de un <span style=\"color: #000080\"><strong>art\u00edculo divulgativo o period\u00edstico<\/strong> <\/span>conlleva un proceso de investigaci\u00f3n e indagaci\u00f3n que permite al alumnado sumergirse en el tema elegido, conocerlo, entenderlo y explicarlo para el p\u00fablico en general.<\/p>\n<p style=\"text-align: justify\">Tomando como referencia, preferente pero no exclusivamente, algunos de los art\u00edculos publicados en Hip\u00f3tesis, los participantes podr\u00e1n contactar con los autores y autoras y, a trav\u00e9s de ellos y de las fuentes a las que puedan acceder, ampliar la informaci\u00f3n sobre el mismo. Se facilita as\u00ed, tanto el contacto con la literatura cient\u00edfica en su versi\u00f3n divulgativa como con profesionales de la investigaci\u00f3n, propiciando u<span style=\"color: #333399\">na <\/span><strong><span style=\"color: #000080\">aproximaci\u00f3n real a lo que significa la investigaci\u00f3n<\/span><\/strong> y conocer de primera mano en qu\u00e9 consiste la actividad investigadora.<\/p>\n<p style=\"text-align: justify\">Esta iniciativa es promovida por la<a href=\"https:\/\/www.ull.es\/\" target=\"_blank\" rel=\"noopener\" data-saferedirecturl=\"https:\/\/www.google.com\/url?q=https:\/\/www.ull.es\/&amp;source=gmail&amp;ust=1656581403626000&amp;usg=AOvVaw2WX7AijE5DoNzqreYqnknm\" target=\"_blank\" rel=\"noopener\">\u00a0Universidad de La Laguna<\/a> y la <a href=\"https:\/\/www.gobiernodecanarias.org\/eucd\/consejeria\/index.html\" target=\"_blank\" rel=\"noopener\">Consejer\u00eda de Educaci\u00f3n, Formaci\u00f3n Profesional, Actividad F\u00edsica y Deportes<\/a>.<\/p>\n<p>[\/vc_column_text][\/vc_column][vc_column width=\u00bb1\/3&#8243;][vc_empty_space height=\u00bb90px\u00bb][vc_btn title=\u00bbCentros participantes 2024\/2025&#8243; color=\u00bbchino\u00bb size=\u00bblg\u00bb align=\u00bbcenter\u00bb button_block=\u00bbtrue\u00bb css=\u00bb.vc_custom_1726491323721{margin-bottom: 3px !important;border-bottom-width: 3px !important;padding-bottom: 3px !important;border-bottom-color: #e6ed21 !important;}\u00bb link=\u00bburl:https%3A%2F%2Fwww.ull.es%2Fportal%2Fcienciaull%2Fhipotesis-proyectoeducativo-centros%2F\u00bb][vc_btn title=\u00bbCentros participantes 2023\/2024&#8243; color=\u00bbinfo\u00bb size=\u00bblg\u00bb align=\u00bbcenter\u00bb button_block=\u00bbtrue\u00bb css=\u00bb.vc_custom_1726491224832{margin-bottom: 3px !important;border-bottom-width: 3px !important;padding-bottom: 3px !important;}\u00bb link=\u00bburl:https%3A%2F%2Fwww.ull.es%2Fportal%2Fcienciaull%2Fhipotesis-proyectoeducativo-centros%2F\u00bb][vc_btn title=\u00bbInformaci\u00f3n del proyecto\u00bb color=\u00bbviolet\u00bb size=\u00bblg\u00bb align=\u00bbcenter\u00bb button_block=\u00bbtrue\u00bb css=\u00bb.vc_custom_1710253409839{margin-bottom: 3px !important;border-bottom-width: 3px !important;padding-bottom: 3px !important;}\u00bb link=\u00bburl:https%3A%2F%2Fwww.ull.es%2Fportal%2Fcienciaull%2Fhipotesis-proyecto-educativo-proyecto%2F\u00bb][vc_btn title=\u00bbDocumentos de inter\u00e9s\u00bb color=\u00bbpink\u00bb size=\u00bblg\u00bb align=\u00bbcenter\u00bb button_block=\u00bbtrue\u00bb link=\u00bburl:https%3A%2F%2Fwww.ull.es%2Fportal%2Fcienciaull%2Fhipotesis-proyecto-educativo-documentos%2F|title:Hip%C3%B3tesis%20%E2%80%93%20Proyecto%20educativo\u00bb css=\u00bb.vc_custom_1715679993841{margin-bottom: 3px !important;border-bottom-width: 3px !important;padding-bottom: 3px !important;}\u00bb][vc_btn title=\u00bbArt\u00edculos 1\u00aa edici\u00f3n\u00bb color=\u00bbturquoise\u00bb size=\u00bblg\u00bb align=\u00bbcenter\u00bb button_block=\u00bbtrue\u00bb link=\u00bburl:https%3A%2F%2Fwww.ull.es%2Fportal%2Fcienciaull%2Fhipotesis-proyecto-educativo-centros%2F\u00bb css=\u00bb.vc_custom_1710253436000{margin-bottom: 3px !important;border-bottom-width: 3px !important;padding-bottom: 3px !important;}\u00bb][vc_btn title=\u00bbArt\u00edculos 2\u00aa Edici\u00f3n\u00bb color=\u00bbgreen\u00bb size=\u00bblg\u00bb align=\u00bbcenter\u00bb button_block=\u00bbtrue\u00bb css=\u00bb.vc_custom_1715858528245{margin-bottom: 3px !important;border-bottom-width: 3px !important;padding-bottom: 3px !important;}\u00bb link=\u00bburl:https%3A%2F%2Fwww.ull.es%2Fportal%2Fcienciaull%2Fhipotesis-proyecto-educativo-articulos-2a-edicion%2F\u00bb][\/vc_column][\/vc_row][vc_row][vc_column][\/vc_column][\/vc_row]<\/p>\n","protected":false},"excerpt":{"rendered":"<p>[vc_row][vc_column][vc_separator color=\u00bbcustom\u00bb border_width=\u00bb10&#8243; accent_color=\u00bb#ffc1d3&#8243;][\/vc_column][\/vc_row][vc_row][vc_column width=\u00bb2\/3&#8243;][vc_empty_space height=\u00bb40px\u00bb][vc_custom_heading text=\u00bbPresentaci\u00f3n\u00bb font_container=\u00bbtag:h2|text_align:left|color:%231e73be\u00bb google_fonts=\u00bbfont_family:Roboto%20Slab%3A100%2C300%2Cregular%2C700|font_style:700%20bold%20regular%3A700%3Anormal\u00bb css=\u00bb.vc_custom_1709820211718{margin-bottom: 7px !important;border-bottom-width: 7px !important;padding-bottom: 7px !important;}\u00bb][vc_column_text] El proyecto Revista Hip\u00f3tesis se propone como una extensi\u00f3n a los niveles educativos no universitarios por la v\u00eda de iniciar al alumnado en la indagaci\u00f3n y el estudio en temas de inter\u00e9s cient\u00edfico y su participaci\u00f3n en la redacci\u00f3n&#8230;<\/p>\n","protected":false},"author":56,"featured_media":0,"parent":0,"menu_order":0,"comment_status":"closed","ping_status":"closed","template":"templates\/cienciaull.php","meta":{"inline_featured_image":false,"footnotes":""},"acf":[],"yoast_head":"<!-- This site is optimized with the Yoast SEO plugin v21.3 - https:\/\/yoast.com\/wordpress\/plugins\/seo\/ -->\n<title>Hip\u00f3tesis - Proyecto educativo -<\/title>\n<meta name=\"robots\" content=\"index, follow, max-snippet:-1, max-image-preview:large, max-video-preview:-1\" \/>\n<link rel=\"canonical\" href=\"https:\/\/www.ull.es\/portal\/cienciaull\/hipotesis-proyecto-educativo\/\" \/>\n<meta property=\"og:locale\" content=\"es_ES\" \/>\n<meta property=\"og:type\" content=\"article\" \/>\n<meta property=\"og:title\" content=\"Hip\u00f3tesis - Proyecto educativo -\" \/>\n<meta property=\"og:description\" content=\"[vc_row][vc_column][vc_separator color=\u00bbcustom\u00bb border_width=\u00bb10&#8243; accent_color=\u00bb#ffc1d3&#8243;][\/vc_column][\/vc_row][vc_row][vc_column width=\u00bb2\/3&#8243;][vc_empty_space height=\u00bb40px\u00bb][vc_custom_heading text=\u00bbPresentaci\u00f3n\u00bb font_container=\u00bbtag:h2|text_align:left|color:%231e73be\u00bb google_fonts=\u00bbfont_family:Roboto%20Slab%3A100%2C300%2Cregular%2C700|font_style:700%20bold%20regular%3A700%3Anormal\u00bb css=\u00bb.vc_custom_1709820211718{margin-bottom: 7px !important;border-bottom-width: 7px !important;padding-bottom: 7px !important;}\u00bb][vc_column_text] El proyecto Revista Hip\u00f3tesis se propone como una extensi\u00f3n a los niveles educativos no universitarios por la v\u00eda de iniciar al alumnado en la indagaci\u00f3n y el estudio en temas de inter\u00e9s cient\u00edfico y su participaci\u00f3n en la redacci\u00f3n...\" \/>\n<meta property=\"og:url\" content=\"https:\/\/www.ull.es\/portal\/cienciaull\/hipotesis-proyecto-educativo\/\" \/>\n<meta property=\"article:publisher\" content=\"https:\/\/www.facebook.com\/CienciaULL\/\" \/>\n<meta property=\"article:modified_time\" content=\"2024-09-16T12:55:29+00:00\" \/>\n<meta name=\"twitter:card\" content=\"summary_large_image\" \/>\n<meta name=\"twitter:site\" content=\"@CienciaULL\" \/>\n<meta name=\"twitter:label1\" content=\"Tiempo de lectura\" \/>\n\t<meta name=\"twitter:data1\" content=\"2 minutos\" \/>\n<script type=\"application\/ld+json\" class=\"yoast-schema-graph\">{\"@context\":\"https:\/\/schema.org\",\"@graph\":[{\"@type\":\"WebPage\",\"@id\":\"https:\/\/www.ull.es\/portal\/cienciaull\/hipotesis-proyecto-educativo\/\",\"url\":\"https:\/\/www.ull.es\/portal\/cienciaull\/hipotesis-proyecto-educativo\/\",\"name\":\"Hip\u00f3tesis - Proyecto educativo -\",\"isPartOf\":{\"@id\":\"https:\/\/www.ull.es\/portal\/cienciaull\/#website\"},\"datePublished\":\"2024-02-16T07:46:26+00:00\",\"dateModified\":\"2024-09-16T12:55:29+00:00\",\"breadcrumb\":{\"@id\":\"https:\/\/www.ull.es\/portal\/cienciaull\/hipotesis-proyecto-educativo\/#breadcrumb\"},\"inLanguage\":\"es\",\"potentialAction\":[{\"@type\":\"ReadAction\",\"target\":[\"https:\/\/www.ull.es\/portal\/cienciaull\/hipotesis-proyecto-educativo\/\"]}]},{\"@type\":\"BreadcrumbList\",\"@id\":\"https:\/\/www.ull.es\/portal\/cienciaull\/hipotesis-proyecto-educativo\/#breadcrumb\",\"itemListElement\":[{\"@type\":\"ListItem\",\"position\":1,\"name\":\"Portada\",\"item\":\"https:\/\/www.ull.es\/portal\/cienciaull\/\"},{\"@type\":\"ListItem\",\"position\":2,\"name\":\"Hip\u00f3tesis &#8211; Proyecto educativo\"}]},{\"@type\":\"WebSite\",\"@id\":\"https:\/\/www.ull.es\/portal\/cienciaull\/#website\",\"url\":\"https:\/\/www.ull.es\/portal\/cienciaull\/\",\"name\":\"\",\"description\":\"Unidad de Cultura Cient\u00edfica y de la Innovaci\u00f3n de la Universidad de La Laguna\",\"potentialAction\":[{\"@type\":\"SearchAction\",\"target\":{\"@type\":\"EntryPoint\",\"urlTemplate\":\"https:\/\/www.ull.es\/portal\/cienciaull\/?s={search_term_string}\"},\"query-input\":\"required name=search_term_string\"}],\"inLanguage\":\"es\"}]}<\/script>\n<!-- \/ Yoast SEO plugin. -->","yoast_head_json":{"title":"Hip\u00f3tesis - Proyecto educativo -","robots":{"index":"index","follow":"follow","max-snippet":"max-snippet:-1","max-image-preview":"max-image-preview:large","max-video-preview":"max-video-preview:-1"},"canonical":"https:\/\/www.ull.es\/portal\/cienciaull\/hipotesis-proyecto-educativo\/","og_locale":"es_ES","og_type":"article","og_title":"Hip\u00f3tesis - Proyecto educativo -","og_description":"[vc_row][vc_column][vc_separator color=\u00bbcustom\u00bb border_width=\u00bb10&#8243; accent_color=\u00bb#ffc1d3&#8243;][\/vc_column][\/vc_row][vc_row][vc_column width=\u00bb2\/3&#8243;][vc_empty_space height=\u00bb40px\u00bb][vc_custom_heading text=\u00bbPresentaci\u00f3n\u00bb font_container=\u00bbtag:h2|text_align:left|color:%231e73be\u00bb google_fonts=\u00bbfont_family:Roboto%20Slab%3A100%2C300%2Cregular%2C700|font_style:700%20bold%20regular%3A700%3Anormal\u00bb css=\u00bb.vc_custom_1709820211718{margin-bottom: 7px !important;border-bottom-width: 7px !important;padding-bottom: 7px !important;}\u00bb][vc_column_text] El proyecto Revista Hip\u00f3tesis se propone como una extensi\u00f3n a los niveles educativos no universitarios por la v\u00eda de iniciar al alumnado en la indagaci\u00f3n y el estudio en temas de inter\u00e9s cient\u00edfico y su participaci\u00f3n en la redacci\u00f3n...","og_url":"https:\/\/www.ull.es\/portal\/cienciaull\/hipotesis-proyecto-educativo\/","article_publisher":"https:\/\/www.facebook.com\/CienciaULL\/","article_modified_time":"2024-09-16T12:55:29+00:00","twitter_card":"summary_large_image","twitter_site":"@CienciaULL","twitter_misc":{"Tiempo de lectura":"2 minutos"},"schema":{"@context":"https:\/\/schema.org","@graph":[{"@type":"WebPage","@id":"https:\/\/www.ull.es\/portal\/cienciaull\/hipotesis-proyecto-educativo\/","url":"https:\/\/www.ull.es\/portal\/cienciaull\/hipotesis-proyecto-educativo\/","name":"Hip\u00f3tesis - Proyecto educativo -","isPartOf":{"@id":"https:\/\/www.ull.es\/portal\/cienciaull\/#website"},"datePublished":"2024-02-16T07:46:26+00:00","dateModified":"2024-09-16T12:55:29+00:00","breadcrumb":{"@id":"https:\/\/www.ull.es\/portal\/cienciaull\/hipotesis-proyecto-educativo\/#breadcrumb"},"inLanguage":"es","potentialAction":[{"@type":"ReadAction","target":["https:\/\/www.ull.es\/portal\/cienciaull\/hipotesis-proyecto-educativo\/"]}]},{"@type":"BreadcrumbList","@id":"https:\/\/www.ull.es\/portal\/cienciaull\/hipotesis-proyecto-educativo\/#breadcrumb","itemListElement":[{"@type":"ListItem","position":1,"name":"Portada","item":"https:\/\/www.ull.es\/portal\/cienciaull\/"},{"@type":"ListItem","position":2,"name":"Hip\u00f3tesis &#8211; Proyecto educativo"}]},{"@type":"WebSite","@id":"https:\/\/www.ull.es\/portal\/cienciaull\/#website","url":"https:\/\/www.ull.es\/portal\/cienciaull\/","name":"","description":"Unidad de Cultura Cient\u00edfica y de la Innovaci\u00f3n de la Universidad de La Laguna","potentialAction":[{"@type":"SearchAction","target":{"@type":"EntryPoint","urlTemplate":"https:\/\/www.ull.es\/portal\/cienciaull\/?s={search_term_string}"},"query-input":"required name=search_term_string"}],"inLanguage":"es"}]}},"_links":{"self":[{"href":"https:\/\/www.ull.es\/portal\/cienciaull\/wp-json\/wp\/v2\/pages\/26294"}],"collection":[{"href":"https:\/\/www.ull.es\/portal\/cienciaull\/wp-json\/wp\/v2\/pages"}],"about":[{"href":"https:\/\/www.ull.es\/portal\/cienciaull\/wp-json\/wp\/v2\/types\/page"}],"author":[{"embeddable":true,"href":"https:\/\/www.ull.es\/portal\/cienciaull\/wp-json\/wp\/v2\/users\/56"}],"replies":[{"embeddable":true,"href":"https:\/\/www.ull.es\/portal\/cienciaull\/wp-json\/wp\/v2\/comments?post=26294"}],"version-history":[{"count":23,"href":"https:\/\/www.ull.es\/portal\/cienciaull\/wp-json\/wp\/v2\/pages\/26294\/revisions"}],"predecessor-version":[{"id":31004,"href":"https:\/\/www.ull.es\/portal\/cienciaull\/wp-json\/wp\/v2\/pages\/26294\/revisions\/31004"}],"wp:attachment":[{"href":"https:\/\/www.ull.es\/portal\/cienciaull\/wp-json\/wp\/v2\/media?parent=26294"}],"curies":[{"name":"wp","href":"https:\/\/api.w.org\/{rel}","templated":true}]}}