{"id":26566,"date":"2024-02-27T10:55:59","date_gmt":"2024-02-27T10:55:59","guid":{"rendered":"https:\/\/www.ull.es\/portal\/cienciaull\/?page_id=26566"},"modified":"2026-03-24T10:36:19","modified_gmt":"2026-03-24T10:36:19","slug":"actividad-1-1-concurso-escolar-de-proyectos-cientificos","status":"publish","type":"page","link":"https:\/\/www.ull.es\/portal\/cienciaull\/actividad-1-1-concurso-escolar-de-proyectos-cientificos\/","title":{"rendered":"Concurso escolar de proyectos cient\u00edficos"},"content":{"rendered":"<p>[vc_row][vc_column]\n<div id=\"rev_slider_281_1_wrapper\" class=\"rev_slider_wrapper fullwidthbanner-container\" data-source=\"gallery\" style=\"margin:0px auto;background:transparent;padding:0px;margin-top:0px;margin-bottom:0px;\">\n<!-- START REVOLUTION SLIDER 5.4.7.3 auto mode -->\n\t<div id=\"rev_slider_281_1\" class=\"rev_slider fullwidthabanner\" style=\"display:none;\" data-version=\"5.4.7.3\">\n<ul>\t<!-- SLIDE  -->\n\t<li data-index=\"rs-330\" data-transition=\"fade\" data-slotamount=\"default\" data-hideafterloop=\"0\" data-hideslideonmobile=\"off\"  data-easein=\"default\" data-easeout=\"default\" data-masterspeed=\"300\"  data-rotate=\"0\"  data-saveperformance=\"off\"  data-title=\"Slide\" data-param1=\"\" data-param2=\"\" data-param3=\"\" data-param4=\"\" data-param5=\"\" data-param6=\"\" data-param7=\"\" data-param8=\"\" data-param9=\"\" data-param10=\"\" data-description=\"\">\n\t\t<!-- MAIN IMAGE -->\n\t\t<img src=\"https:\/\/www.ull.es\/portal\/cienciaull\/wp-content\/uploads\/sites\/24\/2025\/05\/Concurso-escolar_-Granadilla.png\"  alt=\"\" title=\"Concurso escolar_ Granadilla\"  width=\"1500\" height=\"500\" data-bgposition=\"center center\" data-bgfit=\"cover\" data-bgrepeat=\"no-repeat\" class=\"rev-slidebg\" data-no-retina>\n\t\t<!-- LAYERS -->\n\t<\/li>\n<\/ul>\n<div class=\"tp-bannertimer tp-bottom\" style=\"visibility: hidden !important;\"><\/div>\t<\/div>\n<script>var htmlDiv = document.getElementById(\"rs-plugin-settings-inline-css\"); var htmlDivCss=\"\";\r\n\t\t\t\tif(htmlDiv) {\r\n\t\t\t\t\thtmlDiv.innerHTML = htmlDiv.innerHTML + htmlDivCss;\r\n\t\t\t\t}else{\r\n\t\t\t\t\tvar htmlDiv = document.createElement(\"div\");\r\n\t\t\t\t\thtmlDiv.innerHTML = \"<style>\" + htmlDivCss + \"<\/style>\";\r\n\t\t\t\t\tdocument.getElementsByTagName(\"head\")[0].appendChild(htmlDiv.childNodes[0]);\r\n\t\t\t\t}\r\n\t\t\t<\/script>\n\t\t<script type=\"text\/javascript\">\r\nif (setREVStartSize!==undefined) setREVStartSize(\r\n\t{c: '#rev_slider_281_1', gridwidth: [1500], gridheight: [500], sliderLayout: 'auto'});\r\n\t\t\t\r\nvar revapi281,\r\n\ttpj;\t\r\n(function() {\t\t\t\r\n\tif (!\/loaded|interactive|complete\/.test(document.readyState)) document.addEventListener(\"DOMContentLoaded\",onLoad); else onLoad();\t\r\n\tfunction onLoad() {\t\t\t\t\r\n\t\tif (tpj===undefined) { tpj = jQuery; if(\"off\" == \"on\") tpj.noConflict();}\r\n\tif(tpj(\"#rev_slider_281_1\").revolution == undefined){\n\t\trevslider_showDoubleJqueryError(\"#rev_slider_281_1\");\n\t}else{\n\t\trevapi281 = tpj(\"#rev_slider_281_1\").show().revolution({\n\t\t\tsliderType:\"hero\",\n\t\t\tjsFileLocation:\"\/\/www.ull.es\/portal\/cienciaull\/wp-content\/plugins\/revslider\/public\/assets\/js\/\",\n\t\t\tsliderLayout:\"auto\",\n\t\t\tdottedOverlay:\"none\",\n\t\t\tdelay:9000,\n\t\t\tvisibilityLevels:[1240,1024,778,480],\n\t\t\tgridwidth:1500,\n\t\t\tgridheight:500,\n\t\t\tlazyType:\"none\",\n\t\t\tshadow:0,\n\t\t\tspinner:\"spinner0\",\n\t\t\tautoHeight:\"off\",\n\t\t\tdisableProgressBar:\"on\",\n\t\t\thideThumbsOnMobile:\"off\",\n\t\t\thideSliderAtLimit:0,\n\t\t\thideCaptionAtLimit:0,\n\t\t\thideAllCaptionAtLilmit:0,\n\t\t\tdebugMode:false,\n\t\t\tfallbacks: {\n\t\t\t\tsimplifyAll:\"off\",\n\t\t\t\tdisableFocusListener:false,\n\t\t\t}\n\t\t});\n\t}; \/* END OF revapi call *\/\n\t\n }; \/* END OF ON LOAD FUNCTION *\/\r\n}()); \/* END OF WRAPPING FUNCTION *\/\r\n<\/script>\r\n\t\t<\/div><!-- END REVOLUTION SLIDER -->[vc_separator color=\u00bbcustom\u00bb style=\u00bbdouble\u00bb border_width=\u00bb10&#8243; accent_color=\u00bb#6c6f34&#8243;][\/vc_column][\/vc_row][vc_row][vc_column width=\u00bb2\/3&#8243;][vc_empty_space][vc_custom_heading text=\u00bbConcurso escolar de proyectos cient\u00edficos\u00bb font_container=\u00bbtag:h2|text_align:left|color:%23808000&#8243; google_fonts=\u00bbfont_family:Roboto%20Slab%3A100%2C300%2Cregular%2C700|font_style:700%20bold%20regular%3A700%3Anormal\u00bb][vc_column_text]<\/p>\n<p style=\"text-align: justify\"><span style=\"font-weight: 400\">El<\/span> <span style=\"color: #808000\"><b>II Concurso Escolar de Proyectos Cient\u00edficos<\/b><\/span><span style=\"font-weight: 400\"> se plantea como una iniciativa educativa y de divulgaci\u00f3n cuyo prop\u00f3sito fundamental es acercar al alumnado de los centros escolares del municipio de Granadilla de Abona a la pr\u00e1ctica real de la investigaci\u00f3n. A trav\u00e9s de la elaboraci\u00f3n de proyectos, las y los estudiantes recorrer\u00e1n las distintas fases del m\u00e9todo cient\u00edfico, desde la identificaci\u00f3n de un problema hasta la comunicaci\u00f3n de los resultados obtenidos, fomentando as\u00ed la creatividad, el pensamiento cr\u00edtico y el trabajo en equipo. En este marco, se muestra la ciencia, la tecnolog\u00eda, las ciencias sociales, las humanidades y las artes de una forma cercana y aplicada a las necesidades del d\u00eda a d\u00eda, utilizando como medio conductor la actividad de investigaci\u00f3n que se desarrolla en la Universidad de La Laguna en dichas disciplinas. De este modo, adem\u00e1s de despertar la curiosidad y el inter\u00e9s por la ciencia y la tecnolog\u00eda desde edades tempranas, el concurso tambi\u00e9n se orienta a<\/span> <span style=\"color: #808000\"><b>fomentar la cultura cient\u00edfica de la sociedad de Granadilla de Abona.\u00a0<\/b><\/span><\/p>\n<p style=\"text-align: justify\"><span style=\"font-weight: 400\">A continuaci\u00f3n, se recogen las bases que rigen este concurso escolar:<\/span><\/p>\n<p>[\/vc_column_text][vc_separator][vc_column_text]<span style=\"color: #808000\"><strong>1. Objetivo<\/strong><\/span>[\/vc_column_text][vc_column_text]<\/p>\n<p style=\"text-align: justify\">Potenciar la capacidad del alumnado de los centros escolares de Granadilla de Abona en el desarrollo de proyectos cient\u00edficos dirigidos a dar soluciones a problemas que pueda tener el centro educativo o el municipio vinculados a las siguientes \u00e1reas de trabajo:<\/p>\n<ul style=\"text-align: justify\">\n<li>Biomedicina y Salud<\/li>\n<li>Energ\u00eda y Sostenibilidad<\/li>\n<li>Biodiversidad y Medioambiente<\/li>\n<li>Tecnolog\u00eda<\/li>\n<li>Agricultura, ganader\u00eda y Pesca<\/li>\n<li>Turismo<\/li>\n<li>Arte y Patrimonio<\/li>\n<li>Arqueolog\u00eda<\/li>\n<li>Astrof\u00edsica<\/li>\n<li>Transporte<\/li>\n<li>Emprendimiento<\/li>\n<li>Educaci\u00f3n y Cultura<\/li>\n<\/ul>\n<p style=\"text-align: justify\">Los proyectos deber\u00e1n pasar por cada una de las fases del m\u00e9todo cient\u00edfico, desde que se plantea el problema a resolver, hasta que se obtiene la soluci\u00f3n m\u00e1s adecuada y se divulga. Para ello, se deber seguir una hoja elaborada por el equipo de Cienci@ULL. Los proyectos podr\u00e1n contar con el asesoramiento de personal investigador en formaci\u00f3n de la ULL para su realizaci\u00f3n si lo necesitan. Y se presentaran en mayo en un evento final precedido por una comisi\u00f3n de evaluaci\u00f3n.<\/p>\n<p>[\/vc_column_text][vc_separator][vc_column_text]<span style=\"color: #808000\"><strong>2. Participantes<\/strong><\/span>[\/vc_column_text][vc_column_text]<\/p>\n<p style=\"text-align: justify\">Centros educativos de secundaria, bachillerato y formaci\u00f3n profesional del municipio de Granadilla de Abona, a trav\u00e9s de equipos de trabajo conformados por al menos cinco alumnos\/as y un\/a docente.<\/p>\n<p>[\/vc_column_text][vc_separator][vc_column_text]<span style=\"color: #808000\"><strong>3. Modalidades de participaci\u00f3n<\/strong><\/span>[\/vc_column_text][vc_column_text]Se establecen dos modalidades de participaci\u00f3n, de acuerdo a los diferentes niveles educativos que se imparten en el municipio:<\/p>\n<p><strong>\u2022<\/strong> <span style=\"color: #808000\"><strong>Cient\u00edfic@s J\u00fanior<\/strong><\/span>, alumnado de 1\u00ba a 3\u00ba de la ESO y niveles de FP medio.<br \/>\n<strong>\u2022<\/strong> <span style=\"color: #808000\"><strong>J\u00f3venes Cient\u00edfic@s<\/strong><\/span>, alumnado 4\u00ba de secundaria, bachillerato y niveles de FP superior.[\/vc_column_text][vc_separator][vc_column_text]<span style=\"color: #808000\"><strong>4. Requisitos de los proyectos<\/strong><\/span>[\/vc_column_text][vc_column_text]<\/p>\n<p style=\"text-align: justify\">Los proyectos a concurrir deber\u00e1n a cumplir los siguientes requisitos:<\/p>\n<ul>\n<li style=\"font-weight: 400;text-align: justify\"><span style=\"font-weight: 400\">Cada proyecto ser\u00e1 desarrollado por un grupo de trabajo de al menos 5 alumnos\/as.<\/span><\/li>\n<li style=\"font-weight: 400;text-align: justify\"><span style=\"font-weight: 400\">Cada grupo desarrollar\u00e1 un proyecto relacionado con las \u00e1reas tem\u00e1ticas establecidas en la Base 1.<\/span><\/li>\n<li style=\"font-weight: 400;text-align: justify\"><span style=\"font-weight: 400\">La realizaci\u00f3n de cada proyecto pasar\u00e1 por cada una de las fases del m\u00e9todo cient\u00edfico, desde que se plantea el problema a resolver, hasta que se obtiene la soluci\u00f3n m\u00e1s adecuada y se divulga, siguiendo la hoja de ruta establecida por la organizaci\u00f3n de esta actividad.<\/span><\/li>\n<li style=\"font-weight: 400;text-align: justify\"><span style=\"font-weight: 400\">Los grupos de trabajo estar\u00e1n coordinados por un\/a docente del centro participantes, que ser\u00e1 el\/la responsable de la actividad y contacto con la organizaci\u00f3n.<\/span><\/li>\n<li style=\"font-weight: 400;text-align: justify\"><span style=\"font-weight: 400\">Al concluir el proyecto, cada grupo deber\u00e1 presentar una memoria final, que seguir\u00e1 el modelo establecido por la organizaci\u00f3n y tendr\u00e1 un m\u00e1ximo de 10 p\u00e1ginas, dentro del plazo establecido.\u00a0 Y ser\u00e1 presentado en un acto final durante el mes de mayo de 2026.<\/span><\/li>\n<li style=\"font-weight: 400;text-align: justify\"><span style=\"font-weight: 400\">Tanto la memoria final como su presentaci\u00f3n y divulgaci\u00f3n ser\u00e1n objeto de evaluaci\u00f3n para la elecci\u00f3n de los proyectos ganadores de cada modalidad. Todos los proyectos presentados, sin excepci\u00f3n alguna, ser\u00e1n reconocidos con un diploma de participaci\u00f3n y realizaci\u00f3n de sus proyectos cient\u00edficos.<\/span><\/li>\n<li style=\"font-weight: 400;text-align: justify\"><span style=\"font-weight: 400\">Los proyectos se desarrollar\u00e1n desde el 4 de noviembre de 2025 al 1 de junio de 2026.<\/span><\/li>\n<li style=\"font-weight: 400;text-align: justify\"><span style=\"font-weight: 400\">Para la presentaci\u00f3n y exposici\u00f3n de los proyectos en el evento, dispondr\u00e1n de 10 minutos de duraci\u00f3n, apoyada por los medios did\u00e1cticos y audiovisuales que precisen.<\/span><\/li>\n<li style=\"font-weight: 400;text-align: justify\"><span style=\"font-weight: 400\">Una vez en el evento final de cierre, el Comit\u00e9 Evaluador har\u00e1 sus valoraciones atendiendo a criterios de rigor cient\u00edfico, originalidad y calidad de la memoria.<\/span><\/li>\n<\/ul>\n<p>[\/vc_column_text][vc_separator][vc_column_text]<span style=\"color: #808000\"><strong>5. Premios<\/strong><\/span>[\/vc_column_text][vc_column_text]<span style=\"font-weight: 400\">Se establece un ganador por cada una de las modalidades de participaci\u00f3n.<\/span><\/p>\n<p><span style=\"color: #808000\"><strong>Primer premio:<\/strong><\/span> 350 \u20ac en material educativo y\/o tecnol\u00f3gico[\/vc_column_text][vc_separator][vc_column_text]<span style=\"color: #808000\"><strong>6. Evaluaci\u00f3n de los proyectos<\/strong><\/span>[\/vc_column_text][vc_column_text]<\/p>\n<p style=\"text-align: justify\">Se conformar\u00e1 un comit\u00e9 evaluador, compuesta por un representante del Ayuntamiento de Granadilla, dos cient\u00edficos\/as de la Universidad de La Laguna, y uno de la Fundaci\u00f3n General de La Universidad de La Laguna, que elegir\u00e1n a los ganadores en funci\u00f3n de los siguientes criterios:<\/p>\n<p style=\"text-align: justify\">\u25cf Originalidad de la idea.<br \/>\n\u25cf Car\u00e1cter cient\u00edfico y divulgativo.<br \/>\n\u25cf Impacto de los resultados de los proyectos en las \u00e1reas de trabajo del municipio de Granadilla de Abona.<br \/>\n\u25cf El material utilizado para su elaboraci\u00f3n y exposici\u00f3n, por ejemplo: que sea econ\u00f3mico y reutilizable para proteger el medio ambiente.<br \/>\n\u25cf La presentaci\u00f3n del trabajo (claridad, rigor y originalidad)<\/p>\n<p>[\/vc_column_text][vc_separator][vc_column_text]<span style=\"color: #808000\"><strong>7. Inscripci\u00f3n y presentaci\u00f3n de trabajos<\/strong><\/span>[\/vc_column_text][vc_column_text]<\/p>\n<ol>\n<li>La inscripci\u00f3n estar\u00e1 abierta\u00a0<span style=\"color: #808000\"><strong>desde el 01 de noviembre de 2025 hasta el 03 de febrero de 2026<\/strong><\/span>, para ello deber\u00e1n cumplimentar el formulario, el cual estar\u00e1 disponible una vez se abra el plazo.<\/li>\n<li>La memoria del proyecto se presentar\u00e1<strong>\u00a0<span style=\"color: #808000\">antes del 01 de mayo de 2026<\/span><\/strong>\u00a0envi\u00e1ndola a la direcci\u00f3n de correo electr\u00f3nico gciencia@fg.ull.es.<\/li>\n<li>Mostrar al comit\u00e9 evaluador del trabajo realizado por cada equipo de alumnos\/as, en una jornada de presentaci\u00f3n de proyectos, que podr\u00e1 ser virtual o presencial.<\/li>\n<\/ol>\n<p>[\/vc_column_text][vc_separator][vc_column_text]<span style=\"color: #808000\"><strong>8. Resoluci\u00f3n del concurso<\/strong><\/span>[\/vc_column_text][vc_column_text]<\/p>\n<p style=\"text-align: justify\">La proclamaci\u00f3n de los proyectos ganadores se realizar\u00e1 en la jornada de presentaci\u00f3n de proyectos y se difundir\u00e1n por las redes sociales de la Universidad de La Laguna y el Ayuntamiento de Granadilla de Abona.<br \/>\nLa organizaci\u00f3n se reserva el derecho de realizar cambios de fecha o de lugar por motivos de agenda. En cualquier caso, toda variaci\u00f3n ser\u00e1 comunicada con suficiente antelaci\u00f3n a todos los equipos participantes.<\/p>\n<p>[\/vc_column_text][vc_separator][vc_column_text]<span style=\"color: #808000\"><strong>9. Aceptaci\u00f3n de las bases<\/strong><\/span>[\/vc_column_text][vc_column_text]El hecho de participar en esta actividad presupone la aceptaci\u00f3n total de las de las presentes bases y la conformidad con las decisiones del Comit\u00e9 Evaluador.[\/vc_column_text][vc_separator][vc_column_text]<span style=\"color: #808000\"><strong>10. Datos de contacto<\/strong><\/span>[\/vc_column_text][vc_column_text]<\/p>\n<p style=\"text-align: justify\">Para cualquier informaci\u00f3n adicional puede contactar con el equipo de la Unidad de Cultura Cient\u00edfica y de la Innovaci\u00f3n de la Universidad de La Laguna (Cienci@ULL), a trav\u00e9s de la direcci\u00f3n de correo electr\u00f3nico <span style=\"color: #808000\"><strong>gciencia@fg.ull.es<\/strong><\/span> o el tel\u00e9fono 922 31 99 33.<\/p>\n<p>[\/vc_column_text][vc_separator][vc_column_text]<span style=\"color: #808000\"><strong>11. Disposiciones finales<\/strong><\/span>[\/vc_column_text][vc_column_text]<\/p>\n<p style=\"text-align: justify\">El Ayuntamiento de Granadilla de Abona y la Fundaci\u00f3n General de la Universidad de La Laguna, se reservan los derechos de cambiar, ampliar o reducir las fechas del calendario de la II edici\u00f3n del <span style=\"color: #808000\"><strong>Concurso Escolar de Proyectos Cient\u00edficos en Granadilla de Abona<\/strong><\/span> por fuerza mayor.<\/p>\n<p>[\/vc_column_text][\/vc_column][vc_column width=\u00bb1\/3&#8243;][vc_empty_space height=\u00bb120px\u00bb][vc_btn title=\u00bbPresentaci\u00f3n\u00bb color=\u00bbgreen\u00bb size=\u00bblg\u00bb align=\u00bbcenter\u00bb button_block=\u00bbtrue\u00bb css=\u00bb.vc_custom_1711028464834{margin-bottom: 3px !important;border-bottom-width: 3px !important;padding-bottom: 3px !important;}\u00bb link=\u00bburl:https%3A%2F%2Fwww.ull.es%2Fportal%2Fcienciaull%2Fvocaciones-cientificas-granadilla-abona%2F\u00bb][vc_btn title=\u00bbPrograma de actividades\u00bb color=\u00bborange\u00bb size=\u00bblg\u00bb align=\u00bbcenter\u00bb button_block=\u00bbtrue\u00bb css=\u00bb.vc_custom_1709033502277{margin-bottom: 3px !important;border-bottom-width: 3px !important;padding-bottom: 3px !important;}\u00bb link=\u00bburl:https%3A%2F%2Fwww.ull.es%2Fportal%2Fcienciaull%2Fvocaciones-cientificas-abona%2Fprograma-de-actividades-abona%2F\u00bb][vc_btn title=\u00bbBases del concurso\u00bb color=\u00bbgreen\u00bb size=\u00bblg\u00bb align=\u00bbcenter\u00bb button_block=\u00bbtrue\u00bb css=\u00bb.vc_custom_1760346335351{margin-bottom: 3px !important;border-bottom-width: 3px !important;padding-bottom: 3px !important;}\u00bb link=\u00bburl:https%3A%2F%2Fdrive.google.com%2Ffile%2Fd%2F1v1mB4M1LfjVCGsS9gbPa7-JUC8gGXxjJ%2Fview%3Fusp%3Dsharing\u00bb][vc_btn title=\u00bbInscripci\u00f3n\u00bb color=\u00bborange\u00bb size=\u00bblg\u00bb align=\u00bbcenter\u00bb button_block=\u00bbtrue\u00bb css=\u00bb.vc_custom_1760346345717{margin-bottom: 3px !important;border-bottom-width: 3px !important;padding-bottom: 3px !important;}\u00bb][vc_btn title=\u00bbI Edici\u00f3n del Concurso Escolar de Proyectos Cient\u00edficos\u00bb color=\u00bbgreen\u00bb size=\u00bblg\u00bb align=\u00bbcenter\u00bb button_block=\u00bbtrue\u00bb css=\u00bb.vc_custom_1757582557227{margin-bottom: 3px !important;border-bottom-width: 3px !important;padding-bottom: 3px !important;}\u00bb][vc_single_image image=\u00bb27265&#8243; img_size=\u00bb705&#215;957&#8243;][\/vc_column][\/vc_row]<\/p>\n","protected":false},"excerpt":{"rendered":"<p>[vc_row][vc_column][vc_separator color=\u00bbcustom\u00bb style=\u00bbdouble\u00bb border_width=\u00bb10&#8243; accent_color=\u00bb#6c6f34&#8243;][\/vc_column][\/vc_row][vc_row][vc_column width=\u00bb2\/3&#8243;][vc_empty_space][vc_custom_heading text=\u00bbConcurso escolar de proyectos cient\u00edficos\u00bb font_container=\u00bbtag:h2|text_align:left|color:%23808000&#8243; google_fonts=\u00bbfont_family:Roboto%20Slab%3A100%2C300%2Cregular%2C700|font_style:700%20bold%20regular%3A700%3Anormal\u00bb][vc_column_text] El II Concurso Escolar de Proyectos Cient\u00edficos se plantea como una iniciativa educativa y de divulgaci\u00f3n cuyo prop\u00f3sito fundamental es acercar al alumnado de los centros escolares del municipio de Granadilla de Abona a la pr\u00e1ctica real de la investigaci\u00f3n. A trav\u00e9s&#8230;<\/p>\n","protected":false},"author":56,"featured_media":0,"parent":0,"menu_order":0,"comment_status":"closed","ping_status":"closed","template":"templates\/cienciaull.php","meta":{"inline_featured_image":false,"footnotes":""},"acf":[],"yoast_head":"<!-- This site is optimized with the Yoast SEO plugin v21.3 - https:\/\/yoast.com\/wordpress\/plugins\/seo\/ -->\n<title>Concurso escolar de proyectos cient\u00edficos -<\/title>\n<meta name=\"robots\" content=\"index, follow, max-snippet:-1, max-image-preview:large, max-video-preview:-1\" \/>\n<link rel=\"canonical\" href=\"https:\/\/www.ull.es\/portal\/cienciaull\/actividad-1-1-concurso-escolar-de-proyectos-cientificos\/\" \/>\n<meta property=\"og:locale\" content=\"es_ES\" \/>\n<meta property=\"og:type\" content=\"article\" \/>\n<meta property=\"og:title\" content=\"Concurso escolar de proyectos cient\u00edficos -\" \/>\n<meta property=\"og:description\" content=\"[vc_row][vc_column][vc_separator color=\u00bbcustom\u00bb style=\u00bbdouble\u00bb border_width=\u00bb10&#8243; accent_color=\u00bb#6c6f34&#8243;][\/vc_column][\/vc_row][vc_row][vc_column width=\u00bb2\/3&#8243;][vc_empty_space][vc_custom_heading text=\u00bbConcurso escolar de proyectos cient\u00edficos\u00bb font_container=\u00bbtag:h2|text_align:left|color:%23808000&#8243; google_fonts=\u00bbfont_family:Roboto%20Slab%3A100%2C300%2Cregular%2C700|font_style:700%20bold%20regular%3A700%3Anormal\u00bb][vc_column_text] El II Concurso Escolar de Proyectos Cient\u00edficos se plantea como una iniciativa educativa y de divulgaci\u00f3n cuyo prop\u00f3sito fundamental es acercar al alumnado de los centros escolares del municipio de Granadilla de Abona a la pr\u00e1ctica real de la investigaci\u00f3n. A trav\u00e9s...\" \/>\n<meta property=\"og:url\" content=\"https:\/\/www.ull.es\/portal\/cienciaull\/actividad-1-1-concurso-escolar-de-proyectos-cientificos\/\" \/>\n<meta property=\"article:publisher\" content=\"https:\/\/www.facebook.com\/CienciaULL\/\" \/>\n<meta property=\"article:modified_time\" content=\"2026-03-24T10:36:19+00:00\" \/>\n<meta name=\"twitter:card\" content=\"summary_large_image\" \/>\n<meta name=\"twitter:site\" content=\"@CienciaULL\" \/>\n<meta name=\"twitter:label1\" content=\"Tiempo de lectura\" \/>\n\t<meta name=\"twitter:data1\" content=\"6 minutos\" \/>\n<script type=\"application\/ld+json\" class=\"yoast-schema-graph\">{\"@context\":\"https:\/\/schema.org\",\"@graph\":[{\"@type\":\"WebPage\",\"@id\":\"https:\/\/www.ull.es\/portal\/cienciaull\/actividad-1-1-concurso-escolar-de-proyectos-cientificos\/\",\"url\":\"https:\/\/www.ull.es\/portal\/cienciaull\/actividad-1-1-concurso-escolar-de-proyectos-cientificos\/\",\"name\":\"Concurso escolar de proyectos cient\u00edficos -\",\"isPartOf\":{\"@id\":\"https:\/\/www.ull.es\/portal\/cienciaull\/#website\"},\"datePublished\":\"2024-02-27T10:55:59+00:00\",\"dateModified\":\"2026-03-24T10:36:19+00:00\",\"breadcrumb\":{\"@id\":\"https:\/\/www.ull.es\/portal\/cienciaull\/actividad-1-1-concurso-escolar-de-proyectos-cientificos\/#breadcrumb\"},\"inLanguage\":\"es\",\"potentialAction\":[{\"@type\":\"ReadAction\",\"target\":[\"https:\/\/www.ull.es\/portal\/cienciaull\/actividad-1-1-concurso-escolar-de-proyectos-cientificos\/\"]}]},{\"@type\":\"BreadcrumbList\",\"@id\":\"https:\/\/www.ull.es\/portal\/cienciaull\/actividad-1-1-concurso-escolar-de-proyectos-cientificos\/#breadcrumb\",\"itemListElement\":[{\"@type\":\"ListItem\",\"position\":1,\"name\":\"Portada\",\"item\":\"https:\/\/www.ull.es\/portal\/cienciaull\/\"},{\"@type\":\"ListItem\",\"position\":2,\"name\":\"Concurso escolar de proyectos cient\u00edficos\"}]},{\"@type\":\"WebSite\",\"@id\":\"https:\/\/www.ull.es\/portal\/cienciaull\/#website\",\"url\":\"https:\/\/www.ull.es\/portal\/cienciaull\/\",\"name\":\"\",\"description\":\"Unidad de Cultura Cient\u00edfica y de la Innovaci\u00f3n de la Universidad de La Laguna\",\"potentialAction\":[{\"@type\":\"SearchAction\",\"target\":{\"@type\":\"EntryPoint\",\"urlTemplate\":\"https:\/\/www.ull.es\/portal\/cienciaull\/?s={search_term_string}\"},\"query-input\":\"required name=search_term_string\"}],\"inLanguage\":\"es\"}]}<\/script>\n<!-- \/ Yoast SEO plugin. -->","yoast_head_json":{"title":"Concurso escolar de proyectos cient\u00edficos -","robots":{"index":"index","follow":"follow","max-snippet":"max-snippet:-1","max-image-preview":"max-image-preview:large","max-video-preview":"max-video-preview:-1"},"canonical":"https:\/\/www.ull.es\/portal\/cienciaull\/actividad-1-1-concurso-escolar-de-proyectos-cientificos\/","og_locale":"es_ES","og_type":"article","og_title":"Concurso escolar de proyectos cient\u00edficos -","og_description":"[vc_row][vc_column][vc_separator color=\u00bbcustom\u00bb style=\u00bbdouble\u00bb border_width=\u00bb10&#8243; accent_color=\u00bb#6c6f34&#8243;][\/vc_column][\/vc_row][vc_row][vc_column width=\u00bb2\/3&#8243;][vc_empty_space][vc_custom_heading text=\u00bbConcurso escolar de proyectos cient\u00edficos\u00bb font_container=\u00bbtag:h2|text_align:left|color:%23808000&#8243; google_fonts=\u00bbfont_family:Roboto%20Slab%3A100%2C300%2Cregular%2C700|font_style:700%20bold%20regular%3A700%3Anormal\u00bb][vc_column_text] El II Concurso Escolar de Proyectos Cient\u00edficos se plantea como una iniciativa educativa y de divulgaci\u00f3n cuyo prop\u00f3sito fundamental es acercar al alumnado de los centros escolares del municipio de Granadilla de Abona a la pr\u00e1ctica real de la investigaci\u00f3n. A trav\u00e9s...","og_url":"https:\/\/www.ull.es\/portal\/cienciaull\/actividad-1-1-concurso-escolar-de-proyectos-cientificos\/","article_publisher":"https:\/\/www.facebook.com\/CienciaULL\/","article_modified_time":"2026-03-24T10:36:19+00:00","twitter_card":"summary_large_image","twitter_site":"@CienciaULL","twitter_misc":{"Tiempo de lectura":"6 minutos"},"schema":{"@context":"https:\/\/schema.org","@graph":[{"@type":"WebPage","@id":"https:\/\/www.ull.es\/portal\/cienciaull\/actividad-1-1-concurso-escolar-de-proyectos-cientificos\/","url":"https:\/\/www.ull.es\/portal\/cienciaull\/actividad-1-1-concurso-escolar-de-proyectos-cientificos\/","name":"Concurso escolar de proyectos cient\u00edficos -","isPartOf":{"@id":"https:\/\/www.ull.es\/portal\/cienciaull\/#website"},"datePublished":"2024-02-27T10:55:59+00:00","dateModified":"2026-03-24T10:36:19+00:00","breadcrumb":{"@id":"https:\/\/www.ull.es\/portal\/cienciaull\/actividad-1-1-concurso-escolar-de-proyectos-cientificos\/#breadcrumb"},"inLanguage":"es","potentialAction":[{"@type":"ReadAction","target":["https:\/\/www.ull.es\/portal\/cienciaull\/actividad-1-1-concurso-escolar-de-proyectos-cientificos\/"]}]},{"@type":"BreadcrumbList","@id":"https:\/\/www.ull.es\/portal\/cienciaull\/actividad-1-1-concurso-escolar-de-proyectos-cientificos\/#breadcrumb","itemListElement":[{"@type":"ListItem","position":1,"name":"Portada","item":"https:\/\/www.ull.es\/portal\/cienciaull\/"},{"@type":"ListItem","position":2,"name":"Concurso escolar de proyectos cient\u00edficos"}]},{"@type":"WebSite","@id":"https:\/\/www.ull.es\/portal\/cienciaull\/#website","url":"https:\/\/www.ull.es\/portal\/cienciaull\/","name":"","description":"Unidad de Cultura Cient\u00edfica y de la Innovaci\u00f3n de la Universidad de La Laguna","potentialAction":[{"@type":"SearchAction","target":{"@type":"EntryPoint","urlTemplate":"https:\/\/www.ull.es\/portal\/cienciaull\/?s={search_term_string}"},"query-input":"required name=search_term_string"}],"inLanguage":"es"}]}},"_links":{"self":[{"href":"https:\/\/www.ull.es\/portal\/cienciaull\/wp-json\/wp\/v2\/pages\/26566"}],"collection":[{"href":"https:\/\/www.ull.es\/portal\/cienciaull\/wp-json\/wp\/v2\/pages"}],"about":[{"href":"https:\/\/www.ull.es\/portal\/cienciaull\/wp-json\/wp\/v2\/types\/page"}],"author":[{"embeddable":true,"href":"https:\/\/www.ull.es\/portal\/cienciaull\/wp-json\/wp\/v2\/users\/56"}],"replies":[{"embeddable":true,"href":"https:\/\/www.ull.es\/portal\/cienciaull\/wp-json\/wp\/v2\/comments?post=26566"}],"version-history":[{"count":54,"href":"https:\/\/www.ull.es\/portal\/cienciaull\/wp-json\/wp\/v2\/pages\/26566\/revisions"}],"predecessor-version":[{"id":37269,"href":"https:\/\/www.ull.es\/portal\/cienciaull\/wp-json\/wp\/v2\/pages\/26566\/revisions\/37269"}],"wp:attachment":[{"href":"https:\/\/www.ull.es\/portal\/cienciaull\/wp-json\/wp\/v2\/media?parent=26566"}],"curies":[{"name":"wp","href":"https:\/\/api.w.org\/{rel}","templated":true}]}}