{"id":26568,"date":"2024-02-27T11:32:28","date_gmt":"2024-02-27T11:32:28","guid":{"rendered":"https:\/\/www.ull.es\/portal\/cienciaull\/?page_id=26568"},"modified":"2024-11-04T13:34:09","modified_gmt":"2024-11-04T13:34:09","slug":"actividad-1-3-muestra-de-ciencia-arte-y-tecnologia-de-granadilla-de-abona-mucat","status":"publish","type":"page","link":"https:\/\/www.ull.es\/portal\/cienciaull\/actividad-1-3-muestra-de-ciencia-arte-y-tecnologia-de-granadilla-de-abona-mucat\/","title":{"rendered":"Actividad 1.3. Muestra de Ciencia, Arte y Tecnolog\u00eda de Granadilla de Abona (MUCAT)"},"content":{"rendered":"<p>[vc_row][vc_column]\n<div id=\"rev_slider_296_1_wrapper\" class=\"rev_slider_wrapper fullwidthbanner-container\" data-source=\"gallery\" style=\"margin:0px auto;background:transparent;padding:0px;margin-top:0px;margin-bottom:0px;\">\n<!-- START REVOLUTION SLIDER 5.4.7.3 auto mode -->\n\t<div id=\"rev_slider_296_1\" class=\"rev_slider fullwidthabanner\" style=\"display:none;\" data-version=\"5.4.7.3\">\n<ul>\t<!-- SLIDE  -->\n\t<li data-index=\"rs-346\" data-transition=\"fade\" data-slotamount=\"default\" data-hideafterloop=\"0\" data-hideslideonmobile=\"off\"  data-easein=\"default\" data-easeout=\"default\" data-masterspeed=\"300\"  data-rotate=\"0\"  data-saveperformance=\"off\"  data-title=\"Slide\" data-param1=\"\" data-param2=\"\" data-param3=\"\" data-param4=\"\" data-param5=\"\" data-param6=\"\" data-param7=\"\" data-param8=\"\" data-param9=\"\" data-param10=\"\" data-description=\"\">\n\t\t<!-- MAIN IMAGE -->\n\t\t<img src=\"https:\/\/s1.gifyu.com\/images\/SAzNa.jpg\"  alt=\"\"  width=\"1920\" height=\"1080\" data-bgposition=\"center center\" data-bgfit=\"cover\" data-bgrepeat=\"no-repeat\" class=\"rev-slidebg\" data-no-retina>\n\t\t<!-- LAYERS -->\n\t<\/li>\n<\/ul>\n<div class=\"tp-bannertimer tp-bottom\" style=\"visibility: hidden !important;\"><\/div>\t<\/div>\n<script>var htmlDiv = document.getElementById(\"rs-plugin-settings-inline-css\"); var htmlDivCss=\"\";\r\n\t\t\t\tif(htmlDiv) {\r\n\t\t\t\t\thtmlDiv.innerHTML = htmlDiv.innerHTML + htmlDivCss;\r\n\t\t\t\t}else{\r\n\t\t\t\t\tvar htmlDiv = document.createElement(\"div\");\r\n\t\t\t\t\thtmlDiv.innerHTML = \"<style>\" + htmlDivCss + \"<\/style>\";\r\n\t\t\t\t\tdocument.getElementsByTagName(\"head\")[0].appendChild(htmlDiv.childNodes[0]);\r\n\t\t\t\t}\r\n\t\t\t<\/script>\n\t\t<script type=\"text\/javascript\">\r\nif (setREVStartSize!==undefined) setREVStartSize(\r\n\t{c: '#rev_slider_296_1', gridwidth: [1773], gridheight: [656], sliderLayout: 'auto'});\r\n\t\t\t\r\nvar revapi296,\r\n\ttpj;\t\r\n(function() {\t\t\t\r\n\tif (!\/loaded|interactive|complete\/.test(document.readyState)) document.addEventListener(\"DOMContentLoaded\",onLoad); else onLoad();\t\r\n\tfunction onLoad() {\t\t\t\t\r\n\t\tif (tpj===undefined) { tpj = jQuery; if(\"off\" == \"on\") tpj.noConflict();}\r\n\tif(tpj(\"#rev_slider_296_1\").revolution == undefined){\n\t\trevslider_showDoubleJqueryError(\"#rev_slider_296_1\");\n\t}else{\n\t\trevapi296 = tpj(\"#rev_slider_296_1\").show().revolution({\n\t\t\tsliderType:\"hero\",\n\t\t\tjsFileLocation:\"\/\/www.ull.es\/portal\/cienciaull\/wp-content\/plugins\/revslider\/public\/assets\/js\/\",\n\t\t\tsliderLayout:\"auto\",\n\t\t\tdottedOverlay:\"none\",\n\t\t\tdelay:9000,\n\t\t\tvisibilityLevels:[1240,1024,778,480],\n\t\t\tgridwidth:1773,\n\t\t\tgridheight:656,\n\t\t\tlazyType:\"none\",\n\t\t\tshadow:0,\n\t\t\tspinner:\"spinner0\",\n\t\t\tautoHeight:\"off\",\n\t\t\tdisableProgressBar:\"on\",\n\t\t\thideThumbsOnMobile:\"off\",\n\t\t\thideSliderAtLimit:0,\n\t\t\thideCaptionAtLimit:0,\n\t\t\thideAllCaptionAtLilmit:0,\n\t\t\tdebugMode:false,\n\t\t\tfallbacks: {\n\t\t\t\tsimplifyAll:\"off\",\n\t\t\t\tdisableFocusListener:false,\n\t\t\t}\n\t\t});\n\t}; \/* END OF revapi call *\/\n\t\n }; \/* END OF ON LOAD FUNCTION *\/\r\n}()); \/* END OF WRAPPING FUNCTION *\/\r\n<\/script>\r\n\t\t<\/div><!-- END REVOLUTION SLIDER -->[vc_separator color=\u00bbcustom\u00bb style=\u00bbdouble\u00bb border_width=\u00bb5&#8243; accent_color=\u00bb#6c6f34&#8243;][\/vc_column][\/vc_row][vc_row][vc_column width=\u00bb2\/3&#8243;][vc_empty_space][vc_custom_heading text=\u00bbActividad 1.3. Muestra de Ciencia, Arte y Tecnolog\u00eda de Granadilla de Abona (MUCAT)\u00bb font_container=\u00bbtag:h2|text_align:left|color:%23000000&#8243; google_fonts=\u00bbfont_family:Roboto%20Slab%3A100%2C300%2Cregular%2C700|font_style:700%20bold%20regular%3A700%3Anormal\u00bb][vc_column_text]<\/p>\n<p style=\"text-align: justify\"><strong>MUCAT<\/strong> es la <strong>muestra de ciencia, arte y tecnolog\u00eda de Granadilla de Abona<\/strong>. Se trata de una iniciativa destinada a enriquecer la cultura y el conocimiento cient\u00edfico del municipio, al mismo tiempo que se convierte en un espacio de difusi\u00f3n, divulgaci\u00f3n y comunicaci\u00f3n de la actividad cient\u00edfica de nuestra isla.<\/p>\n<p style=\"text-align: justify\">Su objetivo principal es <strong><em>\u201cinspirar a las generaciones futuras y fortalecer la conexi\u00f3n <\/em><\/strong><strong><em>entre la universidad y la sociedad en general, especialmente en la comunidad de <\/em><\/strong><strong><em>Granadilla de Abona\u201d<\/em><\/strong>. Durante el evento, se mostrar\u00e1 la actividad investigadora que se desarrolla en la Universidad de La Laguna y otros centros de I+D asociados a diferentes \u00e1mbitos de inter\u00e9s para el municipio (energ\u00eda, sostenibilidad, medio ambiente, biodiversidad, biomedicina y salud, arte y patrimonio, entre otros), a trav\u00e9s de: stands demostrativos, charlas, talleres cient\u00edficos, exposiciones y actividades l\u00fadicas.<\/p>\n<p style=\"text-align: justify\">El lugar de celebraci\u00f3n ser\u00e1 la Plaza de la Cultura de San Isidro, el d\u00eda 8 de noviembre de 10:00 a 14:00h y el 9 de noviembre de 10:00 a 14:00h y 16:00h a 19:00h<\/p>\n<p>A continuaci\u00f3n se recoge el <strong>programa de actividades<\/strong> de esta feria:[\/vc_column_text][\/vc_column][vc_column width=\u00bb1\/3&#8243;][vc_empty_space height=\u00bb150px\u00bb][vc_btn title=\u00bbPresentaci\u00f3n\u00bb color=\u00bbgreen\u00bb size=\u00bblg\u00bb align=\u00bbcenter\u00bb button_block=\u00bbtrue\u00bb css=\u00bb.vc_custom_1711028495524{margin-bottom: 3px !important;border-bottom-width: 3px !important;padding-bottom: 3px !important;}\u00bb link=\u00bburl:https%3A%2F%2Fwww.ull.es%2Fportal%2Fcienciaull%2Fvocaciones-cientificas-granadilla-abona%2F\u00bb][vc_btn title=\u00bbPrograma de Actividades\u00bb color=\u00bborange\u00bb size=\u00bblg\u00bb align=\u00bbcenter\u00bb button_block=\u00bbtrue\u00bb css=\u00bb.vc_custom_1711027997873{margin-bottom: 3px !important;border-bottom-width: 3px !important;padding-bottom: 3px !important;}\u00bb link=\u00bburl:https%3A%2F%2Fwww.ull.es%2Fportal%2Fcienciaull%2Fvocaciones-cientificas-abona%2Fprograma-de-actividades-abona%2F\u00bb][vc_btn title=\u00bbEdici\u00f3n 2023&#8243; color=\u00bbgreen\u00bb size=\u00bblg\u00bb align=\u00bbcenter\u00bb button_block=\u00bbtrue\u00bb link=\u00bburl:https%3A%2F%2Fwww.ull.es%2Fportal%2Fcienciaull%2Fmucat%2F\u00bb][vc_btn title=\u00bbFormulario de inscripci\u00f3n\u00bb color=\u00bborange\u00bb size=\u00bblg\u00bb align=\u00bbcenter\u00bb button_block=\u00bbtrue\u00bb css=\u00bb.vc_custom_1717752245724{margin-bottom: 3px !important;border-bottom-width: 3px !important;padding-bottom: 3px !important;}\u00bb link=\u00bburl:https%3A%2F%2Fforms.gle%2F6o4yXjLNUdZ7F73S8|title:Formulario%20inscripci%C3%B3n%20II%20MUCAT-Centros%20educativos\u00bb][\/vc_column][\/vc_row][vc_row][vc_column width=\u00bb1\/3&#8243;][vc_empty_space height=\u00bb20px\u00bb][vc_btn title=\u00bbPrograma Charlitas Cient\u00edficas\u00bb color=\u00bbgreen\u00bb size=\u00bblg\u00bb align=\u00bbcenter\u00bb button_block=\u00bbtrue\u00bb link=\u00bburl:https%3A%2F%2Fwww.ull.es%2Fportal%2Fcienciaull%2Fwp-content%2Fuploads%2Fsites%2F24%2F2024%2F11%2Fprograma_charlas.pdf\u00bb][vc_btn title=\u00bbPrograma Stands demostrativos\u00bb color=\u00bbgreen\u00bb size=\u00bblg\u00bb align=\u00bbcenter\u00bb button_block=\u00bbtrue\u00bb link=\u00bburl:https%3A%2F%2Fwww.ull.es%2Fportal%2Fcienciaull%2Fwp-content%2Fuploads%2Fsites%2F24%2F2024%2F11%2Fprograma_stand-demostrativos-y-juegos.pptx.pdf\u00bb][\/vc_column][vc_column width=\u00bb1\/3&#8243;][vc_empty_space height=\u00bb20px\u00bb][vc_btn title=\u00bbPrograma Laboratorio MUCAT\u00bb color=\u00bborange\u00bb size=\u00bblg\u00bb align=\u00bbcenter\u00bb button_block=\u00bbtrue\u00bb link=\u00bburl:https%3A%2F%2Fwww.ull.es%2Fportal%2Fcienciaull%2Fwp-content%2Fuploads%2Fsites%2F24%2F2024%2F11%2Fprograma_taller.pdf\u00bb][\/vc_column][vc_column width=\u00bb1\/3&#8243;][\/vc_column][\/vc_row]<\/p>\n","protected":false},"excerpt":{"rendered":"<p>[vc_row][vc_column][vc_separator color=\u00bbcustom\u00bb style=\u00bbdouble\u00bb border_width=\u00bb5&#8243; accent_color=\u00bb#6c6f34&#8243;][\/vc_column][\/vc_row][vc_row][vc_column width=\u00bb2\/3&#8243;][vc_empty_space][vc_custom_heading text=\u00bbActividad 1.3. Muestra de Ciencia, Arte y Tecnolog\u00eda de Granadilla de Abona (MUCAT)\u00bb font_container=\u00bbtag:h2|text_align:left|color:%23000000&#8243; google_fonts=\u00bbfont_family:Roboto%20Slab%3A100%2C300%2Cregular%2C700|font_style:700%20bold%20regular%3A700%3Anormal\u00bb][vc_column_text] MUCAT es la muestra de ciencia, arte y tecnolog\u00eda de Granadilla de Abona. Se trata de una iniciativa destinada a enriquecer la cultura y el conocimiento cient\u00edfico del municipio, al mismo tiempo que se&#8230;<\/p>\n","protected":false},"author":56,"featured_media":0,"parent":0,"menu_order":0,"comment_status":"closed","ping_status":"closed","template":"templates\/cienciaull.php","meta":{"inline_featured_image":false,"footnotes":""},"acf":[],"yoast_head":"<!-- This site is optimized with the Yoast SEO plugin v21.3 - https:\/\/yoast.com\/wordpress\/plugins\/seo\/ -->\n<title>Actividad 1.3. Muestra de Ciencia, Arte y Tecnolog\u00eda de Granadilla de Abona (MUCAT) -<\/title>\n<meta name=\"robots\" content=\"index, follow, max-snippet:-1, max-image-preview:large, max-video-preview:-1\" \/>\n<link rel=\"canonical\" href=\"https:\/\/www.ull.es\/portal\/cienciaull\/actividad-1-3-muestra-de-ciencia-arte-y-tecnologia-de-granadilla-de-abona-mucat\/\" \/>\n<meta property=\"og:locale\" content=\"es_ES\" \/>\n<meta property=\"og:type\" content=\"article\" \/>\n<meta property=\"og:title\" content=\"Actividad 1.3. Muestra de Ciencia, Arte y Tecnolog\u00eda de Granadilla de Abona (MUCAT) -\" \/>\n<meta property=\"og:description\" content=\"[vc_row][vc_column][vc_separator color=\u00bbcustom\u00bb style=\u00bbdouble\u00bb border_width=\u00bb5&#8243; accent_color=\u00bb#6c6f34&#8243;][\/vc_column][\/vc_row][vc_row][vc_column width=\u00bb2\/3&#8243;][vc_empty_space][vc_custom_heading text=\u00bbActividad 1.3. Muestra de Ciencia, Arte y Tecnolog\u00eda de Granadilla de Abona (MUCAT)\u00bb font_container=\u00bbtag:h2|text_align:left|color:%23000000&#8243; google_fonts=\u00bbfont_family:Roboto%20Slab%3A100%2C300%2Cregular%2C700|font_style:700%20bold%20regular%3A700%3Anormal\u00bb][vc_column_text] MUCAT es la muestra de ciencia, arte y tecnolog\u00eda de Granadilla de Abona. Se trata de una iniciativa destinada a enriquecer la cultura y el conocimiento cient\u00edfico del municipio, al mismo tiempo que se...\" \/>\n<meta property=\"og:url\" content=\"https:\/\/www.ull.es\/portal\/cienciaull\/actividad-1-3-muestra-de-ciencia-arte-y-tecnologia-de-granadilla-de-abona-mucat\/\" \/>\n<meta property=\"article:publisher\" content=\"https:\/\/www.facebook.com\/CienciaULL\/\" \/>\n<meta property=\"article:modified_time\" content=\"2024-11-04T13:34:09+00:00\" \/>\n<meta name=\"twitter:card\" content=\"summary_large_image\" \/>\n<meta name=\"twitter:site\" content=\"@CienciaULL\" \/>\n<meta name=\"twitter:label1\" content=\"Tiempo de lectura\" \/>\n\t<meta name=\"twitter:data1\" content=\"2 minutos\" \/>\n<script type=\"application\/ld+json\" class=\"yoast-schema-graph\">{\"@context\":\"https:\/\/schema.org\",\"@graph\":[{\"@type\":\"WebPage\",\"@id\":\"https:\/\/www.ull.es\/portal\/cienciaull\/actividad-1-3-muestra-de-ciencia-arte-y-tecnologia-de-granadilla-de-abona-mucat\/\",\"url\":\"https:\/\/www.ull.es\/portal\/cienciaull\/actividad-1-3-muestra-de-ciencia-arte-y-tecnologia-de-granadilla-de-abona-mucat\/\",\"name\":\"Actividad 1.3. Muestra de Ciencia, Arte y Tecnolog\u00eda de Granadilla de Abona (MUCAT) -\",\"isPartOf\":{\"@id\":\"https:\/\/www.ull.es\/portal\/cienciaull\/#website\"},\"datePublished\":\"2024-02-27T11:32:28+00:00\",\"dateModified\":\"2024-11-04T13:34:09+00:00\",\"breadcrumb\":{\"@id\":\"https:\/\/www.ull.es\/portal\/cienciaull\/actividad-1-3-muestra-de-ciencia-arte-y-tecnologia-de-granadilla-de-abona-mucat\/#breadcrumb\"},\"inLanguage\":\"es\",\"potentialAction\":[{\"@type\":\"ReadAction\",\"target\":[\"https:\/\/www.ull.es\/portal\/cienciaull\/actividad-1-3-muestra-de-ciencia-arte-y-tecnologia-de-granadilla-de-abona-mucat\/\"]}]},{\"@type\":\"BreadcrumbList\",\"@id\":\"https:\/\/www.ull.es\/portal\/cienciaull\/actividad-1-3-muestra-de-ciencia-arte-y-tecnologia-de-granadilla-de-abona-mucat\/#breadcrumb\",\"itemListElement\":[{\"@type\":\"ListItem\",\"position\":1,\"name\":\"Portada\",\"item\":\"https:\/\/www.ull.es\/portal\/cienciaull\/\"},{\"@type\":\"ListItem\",\"position\":2,\"name\":\"Actividad 1.3. Muestra de Ciencia, Arte y Tecnolog\u00eda de Granadilla de Abona (MUCAT)\"}]},{\"@type\":\"WebSite\",\"@id\":\"https:\/\/www.ull.es\/portal\/cienciaull\/#website\",\"url\":\"https:\/\/www.ull.es\/portal\/cienciaull\/\",\"name\":\"\",\"description\":\"Unidad de Cultura Cient\u00edfica y de la Innovaci\u00f3n de la Universidad de La Laguna\",\"potentialAction\":[{\"@type\":\"SearchAction\",\"target\":{\"@type\":\"EntryPoint\",\"urlTemplate\":\"https:\/\/www.ull.es\/portal\/cienciaull\/?s={search_term_string}\"},\"query-input\":\"required name=search_term_string\"}],\"inLanguage\":\"es\"}]}<\/script>\n<!-- \/ Yoast SEO plugin. -->","yoast_head_json":{"title":"Actividad 1.3. Muestra de Ciencia, Arte y Tecnolog\u00eda de Granadilla de Abona (MUCAT) -","robots":{"index":"index","follow":"follow","max-snippet":"max-snippet:-1","max-image-preview":"max-image-preview:large","max-video-preview":"max-video-preview:-1"},"canonical":"https:\/\/www.ull.es\/portal\/cienciaull\/actividad-1-3-muestra-de-ciencia-arte-y-tecnologia-de-granadilla-de-abona-mucat\/","og_locale":"es_ES","og_type":"article","og_title":"Actividad 1.3. Muestra de Ciencia, Arte y Tecnolog\u00eda de Granadilla de Abona (MUCAT) -","og_description":"[vc_row][vc_column][vc_separator color=\u00bbcustom\u00bb style=\u00bbdouble\u00bb border_width=\u00bb5&#8243; accent_color=\u00bb#6c6f34&#8243;][\/vc_column][\/vc_row][vc_row][vc_column width=\u00bb2\/3&#8243;][vc_empty_space][vc_custom_heading text=\u00bbActividad 1.3. Muestra de Ciencia, Arte y Tecnolog\u00eda de Granadilla de Abona (MUCAT)\u00bb font_container=\u00bbtag:h2|text_align:left|color:%23000000&#8243; google_fonts=\u00bbfont_family:Roboto%20Slab%3A100%2C300%2Cregular%2C700|font_style:700%20bold%20regular%3A700%3Anormal\u00bb][vc_column_text] MUCAT es la muestra de ciencia, arte y tecnolog\u00eda de Granadilla de Abona. Se trata de una iniciativa destinada a enriquecer la cultura y el conocimiento cient\u00edfico del municipio, al mismo tiempo que se...","og_url":"https:\/\/www.ull.es\/portal\/cienciaull\/actividad-1-3-muestra-de-ciencia-arte-y-tecnologia-de-granadilla-de-abona-mucat\/","article_publisher":"https:\/\/www.facebook.com\/CienciaULL\/","article_modified_time":"2024-11-04T13:34:09+00:00","twitter_card":"summary_large_image","twitter_site":"@CienciaULL","twitter_misc":{"Tiempo de lectura":"2 minutos"},"schema":{"@context":"https:\/\/schema.org","@graph":[{"@type":"WebPage","@id":"https:\/\/www.ull.es\/portal\/cienciaull\/actividad-1-3-muestra-de-ciencia-arte-y-tecnologia-de-granadilla-de-abona-mucat\/","url":"https:\/\/www.ull.es\/portal\/cienciaull\/actividad-1-3-muestra-de-ciencia-arte-y-tecnologia-de-granadilla-de-abona-mucat\/","name":"Actividad 1.3. Muestra de Ciencia, Arte y Tecnolog\u00eda de Granadilla de Abona (MUCAT) -","isPartOf":{"@id":"https:\/\/www.ull.es\/portal\/cienciaull\/#website"},"datePublished":"2024-02-27T11:32:28+00:00","dateModified":"2024-11-04T13:34:09+00:00","breadcrumb":{"@id":"https:\/\/www.ull.es\/portal\/cienciaull\/actividad-1-3-muestra-de-ciencia-arte-y-tecnologia-de-granadilla-de-abona-mucat\/#breadcrumb"},"inLanguage":"es","potentialAction":[{"@type":"ReadAction","target":["https:\/\/www.ull.es\/portal\/cienciaull\/actividad-1-3-muestra-de-ciencia-arte-y-tecnologia-de-granadilla-de-abona-mucat\/"]}]},{"@type":"BreadcrumbList","@id":"https:\/\/www.ull.es\/portal\/cienciaull\/actividad-1-3-muestra-de-ciencia-arte-y-tecnologia-de-granadilla-de-abona-mucat\/#breadcrumb","itemListElement":[{"@type":"ListItem","position":1,"name":"Portada","item":"https:\/\/www.ull.es\/portal\/cienciaull\/"},{"@type":"ListItem","position":2,"name":"Actividad 1.3. Muestra de Ciencia, Arte y Tecnolog\u00eda de Granadilla de Abona (MUCAT)"}]},{"@type":"WebSite","@id":"https:\/\/www.ull.es\/portal\/cienciaull\/#website","url":"https:\/\/www.ull.es\/portal\/cienciaull\/","name":"","description":"Unidad de Cultura Cient\u00edfica y de la Innovaci\u00f3n de la Universidad de La Laguna","potentialAction":[{"@type":"SearchAction","target":{"@type":"EntryPoint","urlTemplate":"https:\/\/www.ull.es\/portal\/cienciaull\/?s={search_term_string}"},"query-input":"required name=search_term_string"}],"inLanguage":"es"}]}},"_links":{"self":[{"href":"https:\/\/www.ull.es\/portal\/cienciaull\/wp-json\/wp\/v2\/pages\/26568"}],"collection":[{"href":"https:\/\/www.ull.es\/portal\/cienciaull\/wp-json\/wp\/v2\/pages"}],"about":[{"href":"https:\/\/www.ull.es\/portal\/cienciaull\/wp-json\/wp\/v2\/types\/page"}],"author":[{"embeddable":true,"href":"https:\/\/www.ull.es\/portal\/cienciaull\/wp-json\/wp\/v2\/users\/56"}],"replies":[{"embeddable":true,"href":"https:\/\/www.ull.es\/portal\/cienciaull\/wp-json\/wp\/v2\/comments?post=26568"}],"version-history":[{"count":30,"href":"https:\/\/www.ull.es\/portal\/cienciaull\/wp-json\/wp\/v2\/pages\/26568\/revisions"}],"predecessor-version":[{"id":31770,"href":"https:\/\/www.ull.es\/portal\/cienciaull\/wp-json\/wp\/v2\/pages\/26568\/revisions\/31770"}],"wp:attachment":[{"href":"https:\/\/www.ull.es\/portal\/cienciaull\/wp-json\/wp\/v2\/media?parent=26568"}],"curies":[{"name":"wp","href":"https:\/\/api.w.org\/{rel}","templated":true}]}}