{"id":26601,"date":"2024-02-27T11:47:17","date_gmt":"2024-02-27T11:47:17","guid":{"rendered":"https:\/\/www.ull.es\/portal\/cienciaull\/?page_id=26601"},"modified":"2026-03-24T10:29:37","modified_gmt":"2026-03-24T10:29:37","slug":"actividad-1-2-concurso-escolar-mi-cientific-canari-favorit","status":"publish","type":"page","link":"https:\/\/www.ull.es\/portal\/cienciaull\/actividad-1-2-concurso-escolar-mi-cientific-canari-favorit\/","title":{"rendered":"Concurso escolar \u201cMi Cient\u00edfic@ Canari@ Favorit@\u201d"},"content":{"rendered":"<p>[vc_row][vc_column]\n<div id=\"rev_slider_279_1_wrapper\" class=\"rev_slider_wrapper fullwidthbanner-container\" data-source=\"gallery\" style=\"margin:0px auto;background:transparent;padding:0px;margin-top:0px;margin-bottom:0px;\">\n<!-- START REVOLUTION SLIDER 5.4.7.3 auto mode -->\n\t<div id=\"rev_slider_279_1\" class=\"rev_slider fullwidthabanner\" style=\"display:none;\" data-version=\"5.4.7.3\">\n<ul>\t<!-- SLIDE  -->\n\t<li data-index=\"rs-328\" data-transition=\"fade\" data-slotamount=\"default\" data-hideafterloop=\"0\" data-hideslideonmobile=\"off\"  data-easein=\"default\" data-easeout=\"default\" data-masterspeed=\"300\"  data-rotate=\"0\"  data-saveperformance=\"off\"  data-title=\"Slide\" data-param1=\"\" data-param2=\"\" data-param3=\"\" data-param4=\"\" data-param5=\"\" data-param6=\"\" data-param7=\"\" data-param8=\"\" data-param9=\"\" data-param10=\"\" data-description=\"\">\n\t\t<!-- MAIN IMAGE -->\n\t\t<img src=\"https:\/\/s9.gifyu.com\/images\/SUuJm.jpg\"  alt=\"\"  width=\"1920\" height=\"1080\" data-bgposition=\"center center\" data-bgfit=\"cover\" data-bgrepeat=\"no-repeat\" class=\"rev-slidebg\" data-no-retina>\n\t\t<!-- LAYERS -->\n\n\t\t<!-- LAYER NR. 1 -->\n\t\t<div class=\"tp-caption   tp-resizeme\" \n\t\t\t id=\"slide-328-layer-2\" \n\t\t\t data-x=\"-51\" \n\t\t\t data-y=\"-50\" \n\t\t\t\t\t\tdata-width=\"['none','none','none','none']\"\n\t\t\tdata-height=\"['none','none','none','none']\"\n \n\t\t\tdata-type=\"image\" \n\t\t\tdata-responsive_offset=\"on\" \n\n\t\t\tdata-frames='[{\"delay\":0,\"speed\":300,\"frame\":\"0\",\"from\":\"opacity:0;\",\"to\":\"o:1;\",\"ease\":\"Power3.easeInOut\"},{\"delay\":\"wait\",\"speed\":300,\"frame\":\"999\",\"to\":\"opacity:0;\",\"ease\":\"Power3.easeInOut\"}]'\n\t\t\tdata-textAlign=\"['inherit','inherit','inherit','inherit']\"\n\t\t\tdata-paddingtop=\"[0,0,0,0]\"\n\t\t\tdata-paddingright=\"[0,0,0,0]\"\n\t\t\tdata-paddingbottom=\"[0,0,0,0]\"\n\t\t\tdata-paddingleft=\"[0,0,0,0]\"\n\n\t\t\tstyle=\"z-index: 6;\"><img src=\"https:\/\/www.ull.es\/portal\/cienciaull\/wp-content\/uploads\/sites\/24\/2025\/03\/cientificofavorito_granadilla_bn.jpg\" alt=\"\" data-ww=\"1600px\" data-hh=\"600px\" width=\"1600\" height=\"600\" data-no-retina> <\/div>\n\t<\/li>\n<\/ul>\n<div class=\"tp-bannertimer tp-bottom\" style=\"visibility: hidden !important;\"><\/div>\t<\/div>\n<script>var htmlDiv = document.getElementById(\"rs-plugin-settings-inline-css\"); var htmlDivCss=\"\";\r\n\t\t\t\tif(htmlDiv) {\r\n\t\t\t\t\thtmlDiv.innerHTML = htmlDiv.innerHTML + htmlDivCss;\r\n\t\t\t\t}else{\r\n\t\t\t\t\tvar htmlDiv = document.createElement(\"div\");\r\n\t\t\t\t\thtmlDiv.innerHTML = \"<style>\" + htmlDivCss + \"<\/style>\";\r\n\t\t\t\t\tdocument.getElementsByTagName(\"head\")[0].appendChild(htmlDiv.childNodes[0]);\r\n\t\t\t\t}\r\n\t\t\t<\/script>\n\t\t<script type=\"text\/javascript\">\r\nif (setREVStartSize!==undefined) setREVStartSize(\r\n\t{c: '#rev_slider_279_1', gridwidth: [1500], gridheight: [500], sliderLayout: 'auto'});\r\n\t\t\t\r\nvar revapi279,\r\n\ttpj;\t\r\n(function() {\t\t\t\r\n\tif (!\/loaded|interactive|complete\/.test(document.readyState)) document.addEventListener(\"DOMContentLoaded\",onLoad); else onLoad();\t\r\n\tfunction onLoad() {\t\t\t\t\r\n\t\tif (tpj===undefined) { tpj = jQuery; if(\"off\" == \"on\") tpj.noConflict();}\r\n\tif(tpj(\"#rev_slider_279_1\").revolution == undefined){\n\t\trevslider_showDoubleJqueryError(\"#rev_slider_279_1\");\n\t}else{\n\t\trevapi279 = tpj(\"#rev_slider_279_1\").show().revolution({\n\t\t\tsliderType:\"hero\",\n\t\t\tjsFileLocation:\"\/\/www.ull.es\/portal\/cienciaull\/wp-content\/plugins\/revslider\/public\/assets\/js\/\",\n\t\t\tsliderLayout:\"auto\",\n\t\t\tdottedOverlay:\"none\",\n\t\t\tdelay:9000,\n\t\t\tvisibilityLevels:[1240,1024,778,480],\n\t\t\tgridwidth:1500,\n\t\t\tgridheight:500,\n\t\t\tlazyType:\"none\",\n\t\t\tshadow:0,\n\t\t\tspinner:\"spinner0\",\n\t\t\tautoHeight:\"off\",\n\t\t\tdisableProgressBar:\"on\",\n\t\t\thideThumbsOnMobile:\"off\",\n\t\t\thideSliderAtLimit:0,\n\t\t\thideCaptionAtLimit:0,\n\t\t\thideAllCaptionAtLilmit:0,\n\t\t\tdebugMode:false,\n\t\t\tfallbacks: {\n\t\t\t\tsimplifyAll:\"off\",\n\t\t\t\tdisableFocusListener:false,\n\t\t\t}\n\t\t});\n\t}; \/* END OF revapi call *\/\n\t\n }; \/* END OF ON LOAD FUNCTION *\/\r\n}()); \/* END OF WRAPPING FUNCTION *\/\r\n<\/script>\r\n\t\t<\/div><!-- END REVOLUTION SLIDER -->[vc_separator color=\u00bbcustom\u00bb style=\u00bbdouble\u00bb border_width=\u00bb10&#8243; accent_color=\u00bb#6c6f34&#8243;][\/vc_column][\/vc_row][vc_row][vc_column width=\u00bb2\/3&#8243;][vc_empty_space][vc_custom_heading text=\u00bbConcurso escolar \u201cMi Cient\u00edfic@ Canari@ Favorit@\u201d\u00bb font_container=\u00bbtag:h2|text_align:left|color:%23808000&#8243; google_fonts=\u00bbfont_family:Roboto%20Slab%3A100%2C300%2Cregular%2C700|font_style:700%20bold%20regular%3A700%3Anormal\u00bb][vc_column_text]<span style=\"font-weight: 400\">La<\/span><span style=\"color: #808000\"><b> II Edici\u00f3n del Concurso Escolar \u201cMi Cient\u00edfic@ Canari@ Favorit@<\/b><b>\u201d<\/b><\/span> <span style=\"font-weight: 400\">se presenta como una actividad educativa y de divulgaci\u00f3n dirigida al alumnado de 3\u00ba, 4\u00ba, 5\u00ba y 6\u00ba de Educaci\u00f3n Primaria de los centros escolares del municipio. Su objetivo principal es dar a conocer la figura de diferentes cient\u00edficos y cient\u00edficas canarias, destacando sus aportaciones al conocimiento y a la sociedad, con el fin de despertar en los ni\u00f1os y ni\u00f1as la admiraci\u00f3n, la curiosidad y el inter\u00e9s por la investigaci\u00f3n. En este marco, se muestra la ciencia, la tecnolog\u00eda, las ciencias sociales, las humanidades y las artes de una manera cercana y aplicada a las necesidades del d\u00eda a d\u00eda, utilizando como medio conductor la actividad de investigaci\u00f3n que se desarrolla en la Universidad de La Laguna en dichas disciplinas.\u00a0<\/span><\/p>\n<p style=\"text-align: justify\">A continuaci\u00f3n, se recogen las bases que rigen este concurso escolar:<\/p>\n<p>[\/vc_column_text][vc_separator][vc_column_text]<span style=\"color: #808000\"><strong>1. Objetivo<\/strong><\/span>[\/vc_column_text][vc_column_text]<\/p>\n<p style=\"text-align: justify\">Hacer que el alumnado de primaria descubra las aportaciones cient\u00edficas de investigadores e investigadoras canarias. Para ello, el alumnado participante elaborar\u00e1 un mural en tama\u00f1o A2 que refleje la vida de un cient\u00edfico\/a o investigador\/a de Canarias, as\u00ed como su contribuci\u00f3n a la Ciencia. Para su realizaci\u00f3n podr\u00e1n utilizar los materiales que sean necesarios, valorando positivamente que sean sostenibles.<\/p>\n<p style=\"text-align: justify\">Adem\u00e1s, el alumnado participante deber\u00e1 hacer una exposici\u00f3n de su mural a trav\u00e9s de la realizaci\u00f3n de un v\u00eddeo, cuya duraci\u00f3n m\u00e1xima sea de aproximadamente de 5 minutos. En cada video-mural podr\u00e1n participar entre 6 a 10 estudiantes. En dicho video, se espera que aborden los siguientes aspectos:<\/p>\n<p style=\"text-align: justify\"><strong>\u2022<\/strong> La figura investigadora destacada y su aportaci\u00f3n cient\u00edfica a la sociedad.<br \/>\n<strong>\u2022<\/strong> El motivo de la elecci\u00f3n de la misma.<br \/>\n<strong>\u2022<\/strong> Los materiales empleados.<br \/>\n<strong>\u2022<\/strong> La hoja de ruta o planificaci\u00f3n.<br \/>\n<strong>\u2022<\/strong> La distribuci\u00f3n del trabajo para la realizaci\u00f3n del mural<\/p>\n<p style=\"text-align: justify\">Posteriormente, tanto el mural como el v\u00eddeo se expondr\u00e1n en un lugar designado por el propio Ayuntamiento.<\/p>\n<p>[\/vc_column_text][vc_separator][vc_column_text]<span style=\"color: #808000\"><strong>2. Participantes<\/strong><\/span>[\/vc_column_text][vc_column_text]<\/p>\n<p style=\"text-align: justify\">Grupos de m\u00e1ximo 10 alumnos\/as de 3\u00ba, 4\u00ba, 5\u00ba y 6\u00ba de primaria de los diferentes centros educativos del municipio de Granadilla de Abona y un\/a docente. Se podr\u00e1n presentar varios grupos dentro de la misma clase siempre y cuando cumplan con el n\u00famero m\u00e1ximo de participantes y haya un\/a docente responsable del mismo.<\/p>\n<p>[\/vc_column_text][vc_separator][vc_column_text]<span style=\"color: #808000\"><strong>3. Dotaci\u00f3n de los premios<\/strong><\/span>[\/vc_column_text][vc_column_text]<\/p>\n<p style=\"text-align: justify\">Se establecen dos categor\u00edas de premios (primer y segundo) cuya dotaci\u00f3n econ\u00f3mica estar\u00e1 destinada a la compra de material escolar para el centro educativo. Las cuant\u00edas de los premios son las siguientes:<\/p>\n<p><strong>Primer premio:<\/strong> 500,00\u20ac<br \/>\n<strong>Segundo premio:<\/strong> 250,00\u20ac[\/vc_column_text][vc_separator][vc_column_text]<span style=\"color: #808000\"><strong>4. Valoraci\u00f3n de los trabajos<\/strong><\/span>[\/vc_column_text][vc_column_text]<\/p>\n<p style=\"text-align: justify\">Se conformar\u00e1 una comisi\u00f3n de selecci\u00f3n, compuesta por dos representantes de la Universidad de La Laguna, uno del Ayuntamiento de Granadilla de Abona y dos de la Fundaci\u00f3n General de la Universidad de la Laguna, que elegir\u00e1n a los ganadores en funci\u00f3n de los siguientes criterios:<\/p>\n<p style=\"text-align: justify\"><strong>1<\/strong>. T\u00edtulo claro y atractivo del mural<br \/>\n<strong>2<\/strong>. Originalidad en la realizaci\u00f3n del mural<br \/>\n<strong>3<\/strong>. Representaci\u00f3n clara de la figura cient\u00edfica seleccionada y su aportaci\u00f3n cient\u00edfica en el mural.<br \/>\n<strong>4<\/strong>. Brevedad y claridad en la exposici\u00f3n a trav\u00e9s de un v\u00eddeo<br \/>\n<strong>5<\/strong>. Organizaci\u00f3n y trabajo en equipo<br \/>\n<strong>6<\/strong>. Creatividad en la exposici\u00f3n y los tipos de materiales empleados en la realizaci\u00f3n del mural<\/p>\n<p>[\/vc_column_text][vc_separator][vc_column_text]<span style=\"color: #808000\"><strong>5. Inscripci\u00f3n<\/strong><\/span>[\/vc_column_text][vc_column_text]<\/p>\n<p style=\"text-align: justify\">La presentaci\u00f3n de los trabajos se realizar\u00e1 exclusivamente a trav\u00e9s del formulario online recogido en la web del concurso:<\/p>\n<p style=\"text-align: justify\">Formulario de Inscripci\u00f3n<\/p>\n<p style=\"text-align: justify\">En el formulario de inscripci\u00f3n se solicitar\u00e1 la siguiente informaci\u00f3n:<\/p>\n<p style=\"text-align: justify\"><strong>1<\/strong>. Datos personales y de contacto del profesor\/a representante del grupo: nombre, apellidos, DNI, email, tel\u00e9fono de contacto, centro educativo al que pertenece.<br \/>\n<strong>2<\/strong>. Datos personales de los alumnos\/as participantes: n\u00famero de integrantes del grupo, nombres y apellidos.<br \/>\nUna vez finalizado el mural y antes de la finalizaci\u00f3n del plazo fijado en estas bases, se deber\u00e1 enviar el v\u00eddeo de presentaci\u00f3n del mismo, de acuerdo a los criterios de valoraci\u00f3n, a la siguiente direcci\u00f3n de correo electr\u00f3nico gciencia@fg.ull.es<\/p>\n<p>[\/vc_column_text][vc_separator][vc_column_text]<span style=\"color: #808000\"><strong>6. Publicaci\u00f3n del mural<\/strong><\/span>[\/vc_column_text][vc_column_text]<\/p>\n<p style=\"text-align: justify\">De conformidad con lo previsto en la Ley de Propiedad Intelectual, los autores de las piezas premiadas, sin perjuicio de los derechos morales que les corresponden, ceden al Ayuntamiento de Granadilla de Abona y la Fundaci\u00f3n General de la Universidad de La Laguna, con car\u00e1cter de exclusiva y en el \u00e1mbito mundial, los derechos patrimoniales de explotaci\u00f3n de los v\u00eddeos. Dichos derechos comprenden la explotaci\u00f3n de las im\u00e1genes premiadas pudiendo libremente y sin contraprestaci\u00f3n econ\u00f3mica, proceder a su reproducci\u00f3n, distribuci\u00f3n, comunicaci\u00f3n p\u00fablica y transformaci\u00f3n en cualquier medio, formato o soporte conocidos o no en la actualidad.<\/p>\n<p style=\"text-align: justify\">El Ayuntamiento de Granadilla de Abona y la Fundaci\u00f3n General de la Universidad de La Laguna se reservan el derecho de publicar los trabajos no premiados en esta convocatoria de premios a trav\u00e9s de sus p\u00e1ginas web, as\u00ed como su publicaci\u00f3n en otros medios de comunicaci\u00f3n con los que colabora mencionando siempre su autor\u00eda y sin contraprestaci\u00f3n econ\u00f3mica alguna.<\/p>\n<p>[\/vc_column_text][vc_separator][vc_column_text]<span style=\"color: #808000\"><strong>7. Plazos<\/strong><\/span>[\/vc_column_text][vc_column_text]<\/p>\n<p style=\"text-align: justify\">El calendario de cada una de las fases del concurso, que rigen las presentes bases, es el siguiente:<\/p>\n<ul>\n<li style=\"font-weight: 400\"><b>Admisi\u00f3n de candidaturas: <\/b>01 de noviembre de 2025 al 30 de abril de 2026<b><br \/>\n<\/b><\/li>\n<li style=\"font-weight: 400\"><b>Publicaci\u00f3n de los v\u00eddeos en las redes de Cienci@ULL:<\/b><span style=\"font-weight: 400\"> antes del 1 de mayo de 2026<\/span><\/li>\n<li style=\"font-weight: 400\"><b>Publicaci\u00f3n de los\/as ganadores\/as y entrega de premios<\/b><span style=\"font-weight: 400\">: 15 de mayo de 2026<\/span><\/li>\n<\/ul>\n<p>[\/vc_column_text][vc_separator][vc_column_text]<span style=\"color: #808000\"><strong>8. Aceptaci\u00f3n de las bases<\/strong><\/span>[\/vc_column_text][vc_column_text]Todos los participantes del concurso deber\u00e1n aceptar las condiciones de participaci\u00f3n establecidas en las bases.[\/vc_column_text][vc_separator][vc_column_text]<span style=\"color: #808000\"><strong>9. Comunicaci\u00f3n<\/strong><\/span>[\/vc_column_text][vc_column_text]<\/p>\n<p style=\"text-align: justify\">Para cualquier informaci\u00f3n adicional puede contactar con el equipo de la Unidad de Cultura Cient\u00edfica y de la Innovaci\u00f3n de la Universidad de La Laguna, Cienci@ULL, a trav\u00e9s de la direcci\u00f3n de correo electr\u00f3nico gciencia@fg.ull.es o el tel\u00e9fono 922 31 99 33.<\/p>\n<p>[\/vc_column_text][vc_separator][vc_column_text]<span style=\"color: #808000\"><strong>10. Disposiciones finales<\/strong><\/span>[\/vc_column_text][vc_column_text]<\/p>\n<p style=\"text-align: justify\">El Ayuntamiento de Granadilla de Abona y la Fundaci\u00f3n General de la Universidad de La Laguna, se reservan los derechos de cambiar, ampliar o reducir las fechas del calendario de la<strong> <span style=\"color: #808000\"><em>II Edici\u00f3n del Concurso Escolar \u201cMi Cient\u00edfic@ Canari@ Favorit@\u201d en Granadilla de Abona<\/em><\/span><\/strong> por fuerza mayor.<\/p>\n<p>[\/vc_column_text][vc_separator][vc_column_text]<span style=\"color: #808000\"><strong>11. Patrocinio<\/strong><\/span>[\/vc_column_text][vc_column_text]<\/p>\n<p style=\"text-align: justify\">Esta iniciativa se enmarca en el Programa de Acciones para el Fomento de las Vocaciones Cient\u00edfica en Granadilla de Abona, que es financiado gracias al apoyo de la Concejal\u00eda de Juventud de dicho municipio.<\/p>\n<p>[\/vc_column_text][\/vc_column][vc_column width=\u00bb1\/3&#8243;][vc_empty_space height=\u00bb150px\u00bb][vc_btn title=\u00bbPresentaci\u00f3n\u00bb color=\u00bbgreen\u00bb size=\u00bblg\u00bb align=\u00bbcenter\u00bb button_block=\u00bbtrue\u00bb link=\u00bburl:https%3A%2F%2Fwww.ull.es%2Fportal%2Fcienciaull%2Fvocaciones-cientificas-granadilla-abona%2F\u00bb css=\u00bb.vc_custom_1711028426378{margin-bottom: 3px !important;border-bottom-width: 3px !important;padding-bottom: 3px !important;}\u00bb][vc_btn title=\u00bbPrograma de actividades\u00bb color=\u00bborange\u00bb size=\u00bblg\u00bb align=\u00bbcenter\u00bb button_block=\u00bbtrue\u00bb link=\u00bburl:https%3A%2F%2Fwww.ull.es%2Fportal%2Fcienciaull%2Fvocaciones-cientificas-abona%2Fprograma-de-actividades-abona%2F\u00bb css=\u00bb.vc_custom_1709034436288{margin-bottom: 3px !important;border-bottom-width: 3px !important;padding-bottom: 3px !important;}\u00bb][vc_btn title=\u00bbBases del concurso\u00bb color=\u00bbgreen\u00bb size=\u00bblg\u00bb align=\u00bbcenter\u00bb button_block=\u00bbtrue\u00bb link=\u00bburl:https%3A%2F%2Fdrive.google.com%2Ffile%2Fd%2F1yNKNEgaVWUsrtf2hS6V8XwIEXAeKyvyv%2Fview%3Fusp%3Dsharing\u00bb css=\u00bb.vc_custom_1760346837480{margin-bottom: 3px !important;border-bottom-width: 3px !important;padding-bottom: 3px !important;}\u00bb][vc_btn title=\u00bbInscripci\u00f3n\u00bb color=\u00bborange\u00bb size=\u00bblg\u00bb align=\u00bbcenter\u00bb button_block=\u00bbtrue\u00bb link=\u00bburl:https%3A%2F%2Fforms.gle%2FqeEZwBCDvAM2R8UM6&#8243;][\/vc_column][\/vc_row]<\/p>\n","protected":false},"excerpt":{"rendered":"<p>[vc_row][vc_column][vc_separator color=\u00bbcustom\u00bb style=\u00bbdouble\u00bb border_width=\u00bb10&#8243; accent_color=\u00bb#6c6f34&#8243;][\/vc_column][\/vc_row][vc_row][vc_column width=\u00bb2\/3&#8243;][vc_empty_space][vc_custom_heading text=\u00bbConcurso escolar \u201cMi Cient\u00edfic@ Canari@ Favorit@\u201d\u00bb font_container=\u00bbtag:h2|text_align:left|color:%23808000&#8243; google_fonts=\u00bbfont_family:Roboto%20Slab%3A100%2C300%2Cregular%2C700|font_style:700%20bold%20regular%3A700%3Anormal\u00bb][vc_column_text]La II Edici\u00f3n del Concurso Escolar \u201cMi Cient\u00edfic@ Canari@ Favorit@\u201d se presenta como una actividad educativa y de divulgaci\u00f3n dirigida al alumnado de 3\u00ba, 4\u00ba, 5\u00ba y 6\u00ba de Educaci\u00f3n Primaria de los centros escolares del municipio. Su objetivo principal es dar&#8230;<\/p>\n","protected":false},"author":56,"featured_media":0,"parent":0,"menu_order":0,"comment_status":"closed","ping_status":"closed","template":"templates\/cienciaull.php","meta":{"inline_featured_image":false,"footnotes":""},"acf":[],"yoast_head":"<!-- This site is optimized with the Yoast SEO plugin v21.3 - https:\/\/yoast.com\/wordpress\/plugins\/seo\/ -->\n<title>Concurso escolar \u201cMi Cient\u00edfic@ Canari@ Favorit@\u201d -<\/title>\n<meta name=\"robots\" content=\"index, follow, max-snippet:-1, max-image-preview:large, max-video-preview:-1\" \/>\n<link rel=\"canonical\" href=\"https:\/\/www.ull.es\/portal\/cienciaull\/actividad-1-2-concurso-escolar-mi-cientific-canari-favorit\/\" \/>\n<meta property=\"og:locale\" content=\"es_ES\" \/>\n<meta property=\"og:type\" content=\"article\" \/>\n<meta property=\"og:title\" content=\"Concurso escolar \u201cMi Cient\u00edfic@ Canari@ Favorit@\u201d -\" \/>\n<meta property=\"og:description\" content=\"[vc_row][vc_column][vc_separator color=\u00bbcustom\u00bb style=\u00bbdouble\u00bb border_width=\u00bb10&#8243; accent_color=\u00bb#6c6f34&#8243;][\/vc_column][\/vc_row][vc_row][vc_column width=\u00bb2\/3&#8243;][vc_empty_space][vc_custom_heading text=\u00bbConcurso escolar \u201cMi Cient\u00edfic@ Canari@ Favorit@\u201d\u00bb font_container=\u00bbtag:h2|text_align:left|color:%23808000&#8243; google_fonts=\u00bbfont_family:Roboto%20Slab%3A100%2C300%2Cregular%2C700|font_style:700%20bold%20regular%3A700%3Anormal\u00bb][vc_column_text]La II Edici\u00f3n del Concurso Escolar \u201cMi Cient\u00edfic@ Canari@ Favorit@\u201d se presenta como una actividad educativa y de divulgaci\u00f3n dirigida al alumnado de 3\u00ba, 4\u00ba, 5\u00ba y 6\u00ba de Educaci\u00f3n Primaria de los centros escolares del municipio. Su objetivo principal es dar...\" \/>\n<meta property=\"og:url\" content=\"https:\/\/www.ull.es\/portal\/cienciaull\/actividad-1-2-concurso-escolar-mi-cientific-canari-favorit\/\" \/>\n<meta property=\"article:publisher\" content=\"https:\/\/www.facebook.com\/CienciaULL\/\" \/>\n<meta property=\"article:modified_time\" content=\"2026-03-24T10:29:37+00:00\" \/>\n<meta name=\"twitter:card\" content=\"summary_large_image\" \/>\n<meta name=\"twitter:site\" content=\"@CienciaULL\" \/>\n<meta name=\"twitter:label1\" content=\"Tiempo de lectura\" \/>\n\t<meta name=\"twitter:data1\" content=\"6 minutos\" \/>\n<script type=\"application\/ld+json\" class=\"yoast-schema-graph\">{\"@context\":\"https:\/\/schema.org\",\"@graph\":[{\"@type\":\"WebPage\",\"@id\":\"https:\/\/www.ull.es\/portal\/cienciaull\/actividad-1-2-concurso-escolar-mi-cientific-canari-favorit\/\",\"url\":\"https:\/\/www.ull.es\/portal\/cienciaull\/actividad-1-2-concurso-escolar-mi-cientific-canari-favorit\/\",\"name\":\"Concurso escolar \u201cMi Cient\u00edfic@ Canari@ Favorit@\u201d -\",\"isPartOf\":{\"@id\":\"https:\/\/www.ull.es\/portal\/cienciaull\/#website\"},\"datePublished\":\"2024-02-27T11:47:17+00:00\",\"dateModified\":\"2026-03-24T10:29:37+00:00\",\"breadcrumb\":{\"@id\":\"https:\/\/www.ull.es\/portal\/cienciaull\/actividad-1-2-concurso-escolar-mi-cientific-canari-favorit\/#breadcrumb\"},\"inLanguage\":\"es\",\"potentialAction\":[{\"@type\":\"ReadAction\",\"target\":[\"https:\/\/www.ull.es\/portal\/cienciaull\/actividad-1-2-concurso-escolar-mi-cientific-canari-favorit\/\"]}]},{\"@type\":\"BreadcrumbList\",\"@id\":\"https:\/\/www.ull.es\/portal\/cienciaull\/actividad-1-2-concurso-escolar-mi-cientific-canari-favorit\/#breadcrumb\",\"itemListElement\":[{\"@type\":\"ListItem\",\"position\":1,\"name\":\"Portada\",\"item\":\"https:\/\/www.ull.es\/portal\/cienciaull\/\"},{\"@type\":\"ListItem\",\"position\":2,\"name\":\"Concurso escolar \u201cMi Cient\u00edfic@ Canari@ Favorit@\u201d\"}]},{\"@type\":\"WebSite\",\"@id\":\"https:\/\/www.ull.es\/portal\/cienciaull\/#website\",\"url\":\"https:\/\/www.ull.es\/portal\/cienciaull\/\",\"name\":\"\",\"description\":\"Unidad de Cultura Cient\u00edfica y de la Innovaci\u00f3n de la Universidad de La Laguna\",\"potentialAction\":[{\"@type\":\"SearchAction\",\"target\":{\"@type\":\"EntryPoint\",\"urlTemplate\":\"https:\/\/www.ull.es\/portal\/cienciaull\/?s={search_term_string}\"},\"query-input\":\"required name=search_term_string\"}],\"inLanguage\":\"es\"}]}<\/script>\n<!-- \/ Yoast SEO plugin. -->","yoast_head_json":{"title":"Concurso escolar \u201cMi Cient\u00edfic@ Canari@ Favorit@\u201d -","robots":{"index":"index","follow":"follow","max-snippet":"max-snippet:-1","max-image-preview":"max-image-preview:large","max-video-preview":"max-video-preview:-1"},"canonical":"https:\/\/www.ull.es\/portal\/cienciaull\/actividad-1-2-concurso-escolar-mi-cientific-canari-favorit\/","og_locale":"es_ES","og_type":"article","og_title":"Concurso escolar \u201cMi Cient\u00edfic@ Canari@ Favorit@\u201d -","og_description":"[vc_row][vc_column][vc_separator color=\u00bbcustom\u00bb style=\u00bbdouble\u00bb border_width=\u00bb10&#8243; accent_color=\u00bb#6c6f34&#8243;][\/vc_column][\/vc_row][vc_row][vc_column width=\u00bb2\/3&#8243;][vc_empty_space][vc_custom_heading text=\u00bbConcurso escolar \u201cMi Cient\u00edfic@ Canari@ Favorit@\u201d\u00bb font_container=\u00bbtag:h2|text_align:left|color:%23808000&#8243; google_fonts=\u00bbfont_family:Roboto%20Slab%3A100%2C300%2Cregular%2C700|font_style:700%20bold%20regular%3A700%3Anormal\u00bb][vc_column_text]La II Edici\u00f3n del Concurso Escolar \u201cMi Cient\u00edfic@ Canari@ Favorit@\u201d se presenta como una actividad educativa y de divulgaci\u00f3n dirigida al alumnado de 3\u00ba, 4\u00ba, 5\u00ba y 6\u00ba de Educaci\u00f3n Primaria de los centros escolares del municipio. Su objetivo principal es dar...","og_url":"https:\/\/www.ull.es\/portal\/cienciaull\/actividad-1-2-concurso-escolar-mi-cientific-canari-favorit\/","article_publisher":"https:\/\/www.facebook.com\/CienciaULL\/","article_modified_time":"2026-03-24T10:29:37+00:00","twitter_card":"summary_large_image","twitter_site":"@CienciaULL","twitter_misc":{"Tiempo de lectura":"6 minutos"},"schema":{"@context":"https:\/\/schema.org","@graph":[{"@type":"WebPage","@id":"https:\/\/www.ull.es\/portal\/cienciaull\/actividad-1-2-concurso-escolar-mi-cientific-canari-favorit\/","url":"https:\/\/www.ull.es\/portal\/cienciaull\/actividad-1-2-concurso-escolar-mi-cientific-canari-favorit\/","name":"Concurso escolar \u201cMi Cient\u00edfic@ Canari@ Favorit@\u201d -","isPartOf":{"@id":"https:\/\/www.ull.es\/portal\/cienciaull\/#website"},"datePublished":"2024-02-27T11:47:17+00:00","dateModified":"2026-03-24T10:29:37+00:00","breadcrumb":{"@id":"https:\/\/www.ull.es\/portal\/cienciaull\/actividad-1-2-concurso-escolar-mi-cientific-canari-favorit\/#breadcrumb"},"inLanguage":"es","potentialAction":[{"@type":"ReadAction","target":["https:\/\/www.ull.es\/portal\/cienciaull\/actividad-1-2-concurso-escolar-mi-cientific-canari-favorit\/"]}]},{"@type":"BreadcrumbList","@id":"https:\/\/www.ull.es\/portal\/cienciaull\/actividad-1-2-concurso-escolar-mi-cientific-canari-favorit\/#breadcrumb","itemListElement":[{"@type":"ListItem","position":1,"name":"Portada","item":"https:\/\/www.ull.es\/portal\/cienciaull\/"},{"@type":"ListItem","position":2,"name":"Concurso escolar \u201cMi Cient\u00edfic@ Canari@ Favorit@\u201d"}]},{"@type":"WebSite","@id":"https:\/\/www.ull.es\/portal\/cienciaull\/#website","url":"https:\/\/www.ull.es\/portal\/cienciaull\/","name":"","description":"Unidad de Cultura Cient\u00edfica y de la Innovaci\u00f3n de la Universidad de La Laguna","potentialAction":[{"@type":"SearchAction","target":{"@type":"EntryPoint","urlTemplate":"https:\/\/www.ull.es\/portal\/cienciaull\/?s={search_term_string}"},"query-input":"required name=search_term_string"}],"inLanguage":"es"}]}},"_links":{"self":[{"href":"https:\/\/www.ull.es\/portal\/cienciaull\/wp-json\/wp\/v2\/pages\/26601"}],"collection":[{"href":"https:\/\/www.ull.es\/portal\/cienciaull\/wp-json\/wp\/v2\/pages"}],"about":[{"href":"https:\/\/www.ull.es\/portal\/cienciaull\/wp-json\/wp\/v2\/types\/page"}],"author":[{"embeddable":true,"href":"https:\/\/www.ull.es\/portal\/cienciaull\/wp-json\/wp\/v2\/users\/56"}],"replies":[{"embeddable":true,"href":"https:\/\/www.ull.es\/portal\/cienciaull\/wp-json\/wp\/v2\/comments?post=26601"}],"version-history":[{"count":45,"href":"https:\/\/www.ull.es\/portal\/cienciaull\/wp-json\/wp\/v2\/pages\/26601\/revisions"}],"predecessor-version":[{"id":37267,"href":"https:\/\/www.ull.es\/portal\/cienciaull\/wp-json\/wp\/v2\/pages\/26601\/revisions\/37267"}],"wp:attachment":[{"href":"https:\/\/www.ull.es\/portal\/cienciaull\/wp-json\/wp\/v2\/media?parent=26601"}],"curies":[{"name":"wp","href":"https:\/\/api.w.org\/{rel}","templated":true}]}}