{"id":26654,"date":"2024-02-28T12:08:08","date_gmt":"2024-02-28T12:08:08","guid":{"rendered":"https:\/\/www.ull.es\/portal\/cienciaull\/?page_id=26654"},"modified":"2024-09-17T09:58:50","modified_gmt":"2024-09-17T09:58:50","slug":"inscripcion-macaronight-2024","status":"publish","type":"page","link":"https:\/\/www.ull.es\/portal\/cienciaull\/inscripcion-macaronight-2024\/","title":{"rendered":"Inscripci\u00f3n Macaronight 2024"},"content":{"rendered":"<p>[vc_row][vc_column]\n<div id=\"rev_slider_294_1_wrapper\" class=\"rev_slider_wrapper fullwidthbanner-container\" data-source=\"gallery\" style=\"margin:0px auto;background:transparent;padding:0px;margin-top:0px;margin-bottom:0px;\">\n<!-- START REVOLUTION SLIDER 5.4.7.3 auto mode -->\n\t<div id=\"rev_slider_294_1\" class=\"rev_slider fullwidthabanner\" style=\"display:none;\" data-version=\"5.4.7.3\">\n<ul>\t<!-- SLIDE  -->\n\t<li data-index=\"rs-344\" data-transition=\"fade\" data-slotamount=\"default\" data-hideafterloop=\"0\" data-hideslideonmobile=\"off\"  data-easein=\"default\" data-easeout=\"default\" data-masterspeed=\"300\"  data-rotate=\"0\"  data-saveperformance=\"off\"  data-title=\"Slide\" data-param1=\"\" data-param2=\"\" data-param3=\"\" data-param4=\"\" data-param5=\"\" data-param6=\"\" data-param7=\"\" data-param8=\"\" data-param9=\"\" data-param10=\"\" data-description=\"\">\n\t\t<!-- MAIN IMAGE -->\n\t\t<img src=\"https:\/\/www.ull.es\/portal\/cienciaull\/wp-content\/plugins\/revslider\/admin\/assets\/images\/transparent.png\"  alt=\"\" title=\"Inscripci\u00f3n Macaronight 2024\"  data-bgposition=\"center center\" data-bgfit=\"cover\" data-bgrepeat=\"no-repeat\" class=\"rev-slidebg\" data-no-retina>\n\t\t<!-- LAYERS -->\n\n\t\t<!-- LAYER NR. 1 -->\n\t\t<div class=\"tp-caption   tp-resizeme\" \n\t\t\t id=\"slide-344-layer-1\" \n\t\t\t data-x=\"\" \n\t\t\t data-y=\"\" \n\t\t\t\t\t\tdata-width=\"['none','none','none','none']\"\n\t\t\tdata-height=\"['none','none','none','none']\"\n \n\t\t\tdata-type=\"image\" \n\t\t\tdata-responsive_offset=\"on\" \n\n\t\t\tdata-frames='[{\"delay\":0,\"speed\":300,\"frame\":\"0\",\"from\":\"opacity:0;\",\"to\":\"o:1;\",\"ease\":\"Power3.easeInOut\"},{\"delay\":\"+8700\",\"speed\":300,\"frame\":\"999\",\"to\":\"opacity:0;\",\"ease\":\"Power3.easeInOut\"}]'\n\t\t\tdata-textAlign=\"['inherit','inherit','inherit','inherit']\"\n\t\t\tdata-paddingtop=\"[0,0,0,0]\"\n\t\t\tdata-paddingright=\"[0,0,0,0]\"\n\t\t\tdata-paddingbottom=\"[0,0,0,0]\"\n\t\t\tdata-paddingleft=\"[0,0,0,0]\"\n\n\t\t\tstyle=\"z-index: 5;\"><img src=\"https:\/\/www.ull.es\/portal\/cienciaull\/wp-content\/uploads\/sites\/24\/2025\/07\/macaronight_2024_bn-1.jpg\" alt=\"\" data-ww=\"1600px\" data-hh=\"600px\" width=\"1600\" height=\"600\" data-no-retina> <\/div>\n\t<\/li>\n<\/ul>\n<div class=\"tp-bannertimer tp-bottom\" style=\"visibility: hidden !important;\"><\/div>\t<\/div>\n<script>var htmlDiv = document.getElementById(\"rs-plugin-settings-inline-css\"); var htmlDivCss=\"\";\r\n\t\t\t\tif(htmlDiv) {\r\n\t\t\t\t\thtmlDiv.innerHTML = htmlDiv.innerHTML + htmlDivCss;\r\n\t\t\t\t}else{\r\n\t\t\t\t\tvar htmlDiv = document.createElement(\"div\");\r\n\t\t\t\t\thtmlDiv.innerHTML = \"<style>\" + htmlDivCss + \"<\/style>\";\r\n\t\t\t\t\tdocument.getElementsByTagName(\"head\")[0].appendChild(htmlDiv.childNodes[0]);\r\n\t\t\t\t}\r\n\t\t\t<\/script>\n\t\t<script type=\"text\/javascript\">\r\nif (setREVStartSize!==undefined) setREVStartSize(\r\n\t{c: '#rev_slider_294_1', gridwidth: [1600], gridheight: [600], sliderLayout: 'auto'});\r\n\t\t\t\r\nvar revapi294,\r\n\ttpj;\t\r\n(function() {\t\t\t\r\n\tif (!\/loaded|interactive|complete\/.test(document.readyState)) document.addEventListener(\"DOMContentLoaded\",onLoad); else onLoad();\t\r\n\tfunction onLoad() {\t\t\t\t\r\n\t\tif (tpj===undefined) { tpj = jQuery; if(\"off\" == \"on\") tpj.noConflict();}\r\n\tif(tpj(\"#rev_slider_294_1\").revolution == undefined){\n\t\trevslider_showDoubleJqueryError(\"#rev_slider_294_1\");\n\t}else{\n\t\trevapi294 = tpj(\"#rev_slider_294_1\").show().revolution({\n\t\t\tsliderType:\"hero\",\n\t\t\tjsFileLocation:\"\/\/www.ull.es\/portal\/cienciaull\/wp-content\/plugins\/revslider\/public\/assets\/js\/\",\n\t\t\tsliderLayout:\"auto\",\n\t\t\tdottedOverlay:\"none\",\n\t\t\tdelay:9000,\n\t\t\tvisibilityLevels:[1240,1024,778,480],\n\t\t\tgridwidth:1600,\n\t\t\tgridheight:600,\n\t\t\tlazyType:\"none\",\n\t\t\tshadow:0,\n\t\t\tspinner:\"spinner0\",\n\t\t\tautoHeight:\"off\",\n\t\t\tdisableProgressBar:\"on\",\n\t\t\thideThumbsOnMobile:\"off\",\n\t\t\thideSliderAtLimit:0,\n\t\t\thideCaptionAtLimit:0,\n\t\t\thideAllCaptionAtLilmit:0,\n\t\t\tdebugMode:false,\n\t\t\tfallbacks: {\n\t\t\t\tsimplifyAll:\"off\",\n\t\t\t\tdisableFocusListener:false,\n\t\t\t}\n\t\t});\n\t}; \/* END OF revapi call *\/\n\t\n }; \/* END OF ON LOAD FUNCTION *\/\r\n}()); \/* END OF WRAPPING FUNCTION *\/\r\n<\/script>\r\n\t\t<\/div><!-- END REVOLUTION SLIDER -->[vc_separator color=\u00bbcustom\u00bb border_width=\u00bb10&#8243; accent_color=\u00bb#f21800&#8243;][\/vc_column][\/vc_row][vc_row][vc_column width=\u00bb2\/3&#8243;][vc_empty_space height=\u00bb40px\u00bb][vc_custom_heading text=\u00bbInscripci\u00f3n\u00bb font_container=\u00bbtag:h2|text_align:left|color:%231e73be\u00bb google_fonts=\u00bbfont_family:Roboto%20Slab%3A100%2C300%2Cregular%2C700|font_style:700%20bold%20regular%3A700%3Anormal\u00bb css=\u00bb.vc_custom_1709122058993{margin-bottom: 7px !important;border-bottom-width: 7px !important;padding-bottom: 7px !important;}\u00bb][vc_column_text]Formulario de inscripci\u00f3n en las Rutas Cient\u00edficas de la ULL:[\/vc_column_text][vc_btn title=\u00bbInscripci\u00f3n\u00bb color=\u00bbdanger\u00bb align=\u00bbcenter\u00bb button_block=\u00bbtrue\u00bb link=\u00bburl:https%3A%2F%2Fdocs.google.com%2Fforms%2Fd%2F1S3Rvmnc9F81HBsSifIlJxUHyB5ZioioQzmgG2aAqAus%2Fedit\u00bb][vc_column_text]Formulario de inscripci\u00f3n en el Laboratorio Virtual Conecta Cienci@ULL:[\/vc_column_text][vc_btn title=\u00bbInscripci\u00f3n\u00bb color=\u00bbwarning\u00bb align=\u00bbcenter\u00bb button_block=\u00bbtrue\u00bb link=\u00bburl:https%3A%2F%2Fdocs.google.com%2Fforms%2Fd%2F1iBuqRxLwkcC5oMhqmxR1wQlVD5MiPfKByHLUAAyJUu4%2Fedit\u00bb][vc_column_text]Formulario de inscripci\u00f3n en el XI Concurso de Divulgaci\u00f3n Cient\u00edfica para la juventud investigadora de Canarias:[\/vc_column_text][vc_btn title=\u00bbInscripci\u00f3n\u00bb color=\u00bbgreen\u00bb align=\u00bbcenter\u00bb button_block=\u00bbtrue\u00bb link=\u00bburl:https%3A%2F%2Fdocs.google.com%2Fforms%2Fd%2F1ZWoc1bK2NC7jmVQr478kfYoWZXqJ5p7Yz_jrE&#8211;Ptlw%2Fedit\u00bb][vc_column_text]Formulario de inscripci\u00f3n en el IV Concurso escolar \u00abMaletas Cient\u00edficas\u00bb de Canarias[\/vc_column_text][vc_btn title=\u00bbInscripci\u00f3n\u00bb color=\u00bbprimary\u00bb align=\u00bbcenter\u00bb button_block=\u00bbtrue\u00bb link=\u00bburl:https%3A%2F%2Fdocs.google.com%2Fforms%2Fd%2F1AJMLgmvT2QrH9FfB1IQeDtk9mKmP8fVKsJg9SbfSx0w%2Fedit%3Ffbzx%3D3907412844247697953&#8243;][vc_column_text]Formulario de inscripci\u00f3n en la Feria de las Vocaciones Cient\u00edficas y Profesionales de Canarias:[\/vc_column_text][vc_btn title=\u00bbInscripci\u00f3n\u00bb color=\u00bbviolet\u00bb align=\u00bbcenter\u00bb button_block=\u00bbtrue\u00bb link=\u00bburl:https%3A%2F%2Fdocs.google.com%2Fforms%2Fd%2F1QEWR5QS4qMnBBNNSvryswfd63oqPAwpE_PpKXmvuyrU%2Fedit\u00bb][\/vc_column][vc_column width=\u00bb1\/3&#8243;][vc_empty_space height=\u00bb100px\u00bb][vc_btn title=\u00bbPresentaci\u00f3n\u00bb color=\u00bbdanger\u00bb size=\u00bblg\u00bb align=\u00bbcenter\u00bb button_block=\u00bbtrue\u00bb css=\u00bb.vc_custom_1720437496920{margin-bottom: 3px !important;border-bottom-width: 3px !important;padding-bottom: 3px !important;}\u00bb link=\u00bburl:https%3A%2F%2Fwww.ull.es%2Fportal%2Fcienciaull%2Fmacaronight-2024%2F\u00bb][vc_btn title=\u00bbPrograma de actividades 2024&#8243; color=\u00bbpink\u00bb size=\u00bblg\u00bb align=\u00bbcenter\u00bb button_block=\u00bbtrue\u00bb css=\u00bb.vc_custom_1720437502775{margin-bottom: 3px !important;border-bottom-width: 3px !important;padding-bottom: 3px !important;}\u00bb link=\u00bburl:https%3A%2F%2Fwww.ull.es%2Fportal%2Fcienciaull%2Fprograma-de-actividades-2024-macaronight%2F\u00bb][vc_btn title=\u00bbPre-actividades 2024&#8243; color=\u00bbwarning\u00bb size=\u00bblg\u00bb align=\u00bbcenter\u00bb button_block=\u00bbtrue\u00bb css=\u00bb.vc_custom_1720437507322{margin-bottom: 3px !important;border-bottom-width: 3px !important;padding-bottom: 3px !important;}\u00bb link=\u00bburl:https%3A%2F%2Fwww.ull.es%2Fportal%2Fcienciaull%2Fpre-actividades-macaronight-2024%2F\u00bb][vc_btn title=\u00bbPost-actividades 2024&#8243; color=\u00bborange\u00bb size=\u00bblg\u00bb align=\u00bbcenter\u00bb button_block=\u00bbtrue\u00bb css=\u00bb.vc_custom_1720437513370{margin-bottom: 3px !important;border-bottom-width: 3px !important;padding-bottom: 3px !important;}\u00bb][vc_btn title=\u00bbPrograma de actividades 2024&#8243; color=\u00bbgreen\u00bb size=\u00bblg\u00bb align=\u00bbcenter\u00bb button_block=\u00bbtrue\u00bb css=\u00bb.vc_custom_1720438696906{margin-bottom: 3px !important;border-bottom-width: 3px !important;padding-bottom: 3px !important;}\u00bb link=\u00bburl:https%3A%2F%2Fwww.ull.es%2Fportal%2Fcienciaull%2Fprograma-de-actividades-2024-macaronight%2F\u00bb][vc_btn title=\u00bbPersonal investigador participante\u00bb color=\u00bbvista-blue\u00bb size=\u00bblg\u00bb align=\u00bbcenter\u00bb button_block=\u00bbtrue\u00bb css=\u00bb.vc_custom_1720437523282{margin-bottom: 3px !important;border-bottom-width: 3px !important;padding-bottom: 3px !important;}\u00bb link=\u00bburl:https%3A%2F%2Fwww.ull.es%2Fportal%2Fcienciaull%2Fpersonal-investigador-participante-macaronight-2024&#8243;][vc_btn title=\u00bbEntidades colaboradoras\u00bb color=\u00bbprimary\u00bb size=\u00bblg\u00bb align=\u00bbcenter\u00bb button_block=\u00bbtrue\u00bb css=\u00bb.vc_custom_1720437530889{margin-bottom: 3px !important;border-bottom-width: 3px !important;padding-bottom: 3px !important;}\u00bb link=\u00bburl:https%3A%2F%2Fwww.ull.es%2Fportal%2Fcienciaull%2Fmacaronight-2024%2Fentidades-colaboradoras%2F\u00bb][vc_btn title=\u00bbMacaronight 2023&#8243; color=\u00bbsky\u00bb size=\u00bblg\u00bb align=\u00bbcenter\u00bb button_block=\u00bbtrue\u00bb css=\u00bb.vc_custom_1720438738418{margin-bottom: 3px !important;border-bottom-width: 3px !important;padding-bottom: 3px !important;}\u00bb link=\u00bburl:https%3A%2F%2Fwww.ull.es%2Fportal%2Fcienciaull%2Fmacaronight-2023%2F\u00bb][vc_btn title=\u00bbMultimedia\u00bb color=\u00bbviolet\u00bb size=\u00bblg\u00bb align=\u00bbcenter\u00bb button_block=\u00bbtrue\u00bb css=\u00bb.vc_custom_1720437542651{margin-bottom: 3px !important;border-bottom-width: 3px !important;padding-bottom: 3px !important;}\u00bb][vc_btn title=\u00bbResearchers at Schools\u00bb color=\u00bbpurple\u00bb size=\u00bblg\u00bb align=\u00bbcenter\u00bb button_block=\u00bbtrue\u00bb link=\u00bburl:https%3A%2F%2Fwww.ull.es%2Fportal%2Fcienciaull%2Fresearchers-at-schools-macaronight-2024%2F\u00bb][vc_single_image image=\u00bb30686&#8243; img_size=\u00bb340&#215;220&#8243; alignment=\u00bbcenter\u00bb css=\u00bb.vc_custom_1721044261637{margin-top: 10px !important;border-top-width: 10px !important;padding-top: 10px !important;}\u00bb][\/vc_column][\/vc_row]<\/p>\n","protected":false},"excerpt":{"rendered":"<p>[vc_row][vc_column][vc_separator color=\u00bbcustom\u00bb border_width=\u00bb10&#8243; accent_color=\u00bb#f21800&#8243;][\/vc_column][\/vc_row][vc_row][vc_column width=\u00bb2\/3&#8243;][vc_empty_space height=\u00bb40px\u00bb][vc_custom_heading text=\u00bbInscripci\u00f3n\u00bb font_container=\u00bbtag:h2|text_align:left|color:%231e73be\u00bb google_fonts=\u00bbfont_family:Roboto%20Slab%3A100%2C300%2Cregular%2C700|font_style:700%20bold%20regular%3A700%3Anormal\u00bb css=\u00bb.vc_custom_1709122058993{margin-bottom: 7px !important;border-bottom-width: 7px !important;padding-bottom: 7px !important;}\u00bb][vc_column_text]Formulario de inscripci\u00f3n en las Rutas Cient\u00edficas de la ULL:[\/vc_column_text][vc_btn title=\u00bbInscripci\u00f3n\u00bb color=\u00bbdanger\u00bb align=\u00bbcenter\u00bb button_block=\u00bbtrue\u00bb link=\u00bburl:https%3A%2F%2Fdocs.google.com%2Fforms%2Fd%2F1S3Rvmnc9F81HBsSifIlJxUHyB5ZioioQzmgG2aAqAus%2Fedit\u00bb][vc_column_text]Formulario de inscripci\u00f3n en el Laboratorio Virtual Conecta Cienci@ULL:[\/vc_column_text][vc_btn title=\u00bbInscripci\u00f3n\u00bb color=\u00bbwarning\u00bb align=\u00bbcenter\u00bb button_block=\u00bbtrue\u00bb link=\u00bburl:https%3A%2F%2Fdocs.google.com%2Fforms%2Fd%2F1iBuqRxLwkcC5oMhqmxR1wQlVD5MiPfKByHLUAAyJUu4%2Fedit\u00bb][vc_column_text]Formulario de inscripci\u00f3n en el XI Concurso de Divulgaci\u00f3n Cient\u00edfica para la juventud&#8230;<\/p>\n","protected":false},"author":56,"featured_media":0,"parent":0,"menu_order":0,"comment_status":"closed","ping_status":"closed","template":"templates\/cienciaull.php","meta":{"inline_featured_image":false,"footnotes":""},"acf":[],"yoast_head":"<!-- This site is optimized with the Yoast SEO plugin v21.3 - https:\/\/yoast.com\/wordpress\/plugins\/seo\/ -->\n<title>Inscripci\u00f3n Macaronight 2024 -<\/title>\n<meta name=\"robots\" content=\"index, follow, max-snippet:-1, max-image-preview:large, max-video-preview:-1\" \/>\n<link rel=\"canonical\" href=\"https:\/\/www.ull.es\/portal\/cienciaull\/inscripcion-macaronight-2024\/\" \/>\n<meta property=\"og:locale\" content=\"es_ES\" \/>\n<meta property=\"og:type\" content=\"article\" \/>\n<meta property=\"og:title\" content=\"Inscripci\u00f3n Macaronight 2024 -\" \/>\n<meta property=\"og:description\" content=\"[vc_row][vc_column][vc_separator color=\u00bbcustom\u00bb border_width=\u00bb10&#8243; accent_color=\u00bb#f21800&#8243;][\/vc_column][\/vc_row][vc_row][vc_column width=\u00bb2\/3&#8243;][vc_empty_space height=\u00bb40px\u00bb][vc_custom_heading text=\u00bbInscripci\u00f3n\u00bb font_container=\u00bbtag:h2|text_align:left|color:%231e73be\u00bb google_fonts=\u00bbfont_family:Roboto%20Slab%3A100%2C300%2Cregular%2C700|font_style:700%20bold%20regular%3A700%3Anormal\u00bb css=\u00bb.vc_custom_1709122058993{margin-bottom: 7px !important;border-bottom-width: 7px !important;padding-bottom: 7px !important;}\u00bb][vc_column_text]Formulario de inscripci\u00f3n en las Rutas Cient\u00edficas de la ULL:[\/vc_column_text][vc_btn title=\u00bbInscripci\u00f3n\u00bb color=\u00bbdanger\u00bb align=\u00bbcenter\u00bb button_block=\u00bbtrue\u00bb link=\u00bburl:https%3A%2F%2Fdocs.google.com%2Fforms%2Fd%2F1S3Rvmnc9F81HBsSifIlJxUHyB5ZioioQzmgG2aAqAus%2Fedit\u00bb][vc_column_text]Formulario de inscripci\u00f3n en el Laboratorio Virtual Conecta Cienci@ULL:[\/vc_column_text][vc_btn title=\u00bbInscripci\u00f3n\u00bb color=\u00bbwarning\u00bb align=\u00bbcenter\u00bb button_block=\u00bbtrue\u00bb link=\u00bburl:https%3A%2F%2Fdocs.google.com%2Fforms%2Fd%2F1iBuqRxLwkcC5oMhqmxR1wQlVD5MiPfKByHLUAAyJUu4%2Fedit\u00bb][vc_column_text]Formulario de inscripci\u00f3n en el XI Concurso de Divulgaci\u00f3n Cient\u00edfica para la juventud...\" \/>\n<meta property=\"og:url\" content=\"https:\/\/www.ull.es\/portal\/cienciaull\/inscripcion-macaronight-2024\/\" \/>\n<meta property=\"article:publisher\" content=\"https:\/\/www.facebook.com\/CienciaULL\/\" \/>\n<meta property=\"article:modified_time\" content=\"2024-09-17T09:58:50+00:00\" \/>\n<meta name=\"twitter:card\" content=\"summary_large_image\" \/>\n<meta name=\"twitter:site\" content=\"@CienciaULL\" \/>\n<meta name=\"twitter:label1\" content=\"Tiempo de lectura\" \/>\n\t<meta name=\"twitter:data1\" content=\"2 minutos\" \/>\n<script type=\"application\/ld+json\" class=\"yoast-schema-graph\">{\"@context\":\"https:\/\/schema.org\",\"@graph\":[{\"@type\":\"WebPage\",\"@id\":\"https:\/\/www.ull.es\/portal\/cienciaull\/inscripcion-macaronight-2024\/\",\"url\":\"https:\/\/www.ull.es\/portal\/cienciaull\/inscripcion-macaronight-2024\/\",\"name\":\"Inscripci\u00f3n Macaronight 2024 -\",\"isPartOf\":{\"@id\":\"https:\/\/www.ull.es\/portal\/cienciaull\/#website\"},\"datePublished\":\"2024-02-28T12:08:08+00:00\",\"dateModified\":\"2024-09-17T09:58:50+00:00\",\"breadcrumb\":{\"@id\":\"https:\/\/www.ull.es\/portal\/cienciaull\/inscripcion-macaronight-2024\/#breadcrumb\"},\"inLanguage\":\"es\",\"potentialAction\":[{\"@type\":\"ReadAction\",\"target\":[\"https:\/\/www.ull.es\/portal\/cienciaull\/inscripcion-macaronight-2024\/\"]}]},{\"@type\":\"BreadcrumbList\",\"@id\":\"https:\/\/www.ull.es\/portal\/cienciaull\/inscripcion-macaronight-2024\/#breadcrumb\",\"itemListElement\":[{\"@type\":\"ListItem\",\"position\":1,\"name\":\"Portada\",\"item\":\"https:\/\/www.ull.es\/portal\/cienciaull\/\"},{\"@type\":\"ListItem\",\"position\":2,\"name\":\"Inscripci\u00f3n Macaronight 2024\"}]},{\"@type\":\"WebSite\",\"@id\":\"https:\/\/www.ull.es\/portal\/cienciaull\/#website\",\"url\":\"https:\/\/www.ull.es\/portal\/cienciaull\/\",\"name\":\"\",\"description\":\"Unidad de Cultura Cient\u00edfica y de la Innovaci\u00f3n de la Universidad de La Laguna\",\"potentialAction\":[{\"@type\":\"SearchAction\",\"target\":{\"@type\":\"EntryPoint\",\"urlTemplate\":\"https:\/\/www.ull.es\/portal\/cienciaull\/?s={search_term_string}\"},\"query-input\":\"required name=search_term_string\"}],\"inLanguage\":\"es\"}]}<\/script>\n<!-- \/ Yoast SEO plugin. -->","yoast_head_json":{"title":"Inscripci\u00f3n Macaronight 2024 -","robots":{"index":"index","follow":"follow","max-snippet":"max-snippet:-1","max-image-preview":"max-image-preview:large","max-video-preview":"max-video-preview:-1"},"canonical":"https:\/\/www.ull.es\/portal\/cienciaull\/inscripcion-macaronight-2024\/","og_locale":"es_ES","og_type":"article","og_title":"Inscripci\u00f3n Macaronight 2024 -","og_description":"[vc_row][vc_column][vc_separator color=\u00bbcustom\u00bb border_width=\u00bb10&#8243; accent_color=\u00bb#f21800&#8243;][\/vc_column][\/vc_row][vc_row][vc_column width=\u00bb2\/3&#8243;][vc_empty_space height=\u00bb40px\u00bb][vc_custom_heading text=\u00bbInscripci\u00f3n\u00bb font_container=\u00bbtag:h2|text_align:left|color:%231e73be\u00bb google_fonts=\u00bbfont_family:Roboto%20Slab%3A100%2C300%2Cregular%2C700|font_style:700%20bold%20regular%3A700%3Anormal\u00bb css=\u00bb.vc_custom_1709122058993{margin-bottom: 7px !important;border-bottom-width: 7px !important;padding-bottom: 7px !important;}\u00bb][vc_column_text]Formulario de inscripci\u00f3n en las Rutas Cient\u00edficas de la ULL:[\/vc_column_text][vc_btn title=\u00bbInscripci\u00f3n\u00bb color=\u00bbdanger\u00bb align=\u00bbcenter\u00bb button_block=\u00bbtrue\u00bb link=\u00bburl:https%3A%2F%2Fdocs.google.com%2Fforms%2Fd%2F1S3Rvmnc9F81HBsSifIlJxUHyB5ZioioQzmgG2aAqAus%2Fedit\u00bb][vc_column_text]Formulario de inscripci\u00f3n en el Laboratorio Virtual Conecta Cienci@ULL:[\/vc_column_text][vc_btn title=\u00bbInscripci\u00f3n\u00bb color=\u00bbwarning\u00bb align=\u00bbcenter\u00bb button_block=\u00bbtrue\u00bb link=\u00bburl:https%3A%2F%2Fdocs.google.com%2Fforms%2Fd%2F1iBuqRxLwkcC5oMhqmxR1wQlVD5MiPfKByHLUAAyJUu4%2Fedit\u00bb][vc_column_text]Formulario de inscripci\u00f3n en el XI Concurso de Divulgaci\u00f3n Cient\u00edfica para la juventud...","og_url":"https:\/\/www.ull.es\/portal\/cienciaull\/inscripcion-macaronight-2024\/","article_publisher":"https:\/\/www.facebook.com\/CienciaULL\/","article_modified_time":"2024-09-17T09:58:50+00:00","twitter_card":"summary_large_image","twitter_site":"@CienciaULL","twitter_misc":{"Tiempo de lectura":"2 minutos"},"schema":{"@context":"https:\/\/schema.org","@graph":[{"@type":"WebPage","@id":"https:\/\/www.ull.es\/portal\/cienciaull\/inscripcion-macaronight-2024\/","url":"https:\/\/www.ull.es\/portal\/cienciaull\/inscripcion-macaronight-2024\/","name":"Inscripci\u00f3n Macaronight 2024 -","isPartOf":{"@id":"https:\/\/www.ull.es\/portal\/cienciaull\/#website"},"datePublished":"2024-02-28T12:08:08+00:00","dateModified":"2024-09-17T09:58:50+00:00","breadcrumb":{"@id":"https:\/\/www.ull.es\/portal\/cienciaull\/inscripcion-macaronight-2024\/#breadcrumb"},"inLanguage":"es","potentialAction":[{"@type":"ReadAction","target":["https:\/\/www.ull.es\/portal\/cienciaull\/inscripcion-macaronight-2024\/"]}]},{"@type":"BreadcrumbList","@id":"https:\/\/www.ull.es\/portal\/cienciaull\/inscripcion-macaronight-2024\/#breadcrumb","itemListElement":[{"@type":"ListItem","position":1,"name":"Portada","item":"https:\/\/www.ull.es\/portal\/cienciaull\/"},{"@type":"ListItem","position":2,"name":"Inscripci\u00f3n Macaronight 2024"}]},{"@type":"WebSite","@id":"https:\/\/www.ull.es\/portal\/cienciaull\/#website","url":"https:\/\/www.ull.es\/portal\/cienciaull\/","name":"","description":"Unidad de Cultura Cient\u00edfica y de la Innovaci\u00f3n de la Universidad de La Laguna","potentialAction":[{"@type":"SearchAction","target":{"@type":"EntryPoint","urlTemplate":"https:\/\/www.ull.es\/portal\/cienciaull\/?s={search_term_string}"},"query-input":"required name=search_term_string"}],"inLanguage":"es"}]}},"_links":{"self":[{"href":"https:\/\/www.ull.es\/portal\/cienciaull\/wp-json\/wp\/v2\/pages\/26654"}],"collection":[{"href":"https:\/\/www.ull.es\/portal\/cienciaull\/wp-json\/wp\/v2\/pages"}],"about":[{"href":"https:\/\/www.ull.es\/portal\/cienciaull\/wp-json\/wp\/v2\/types\/page"}],"author":[{"embeddable":true,"href":"https:\/\/www.ull.es\/portal\/cienciaull\/wp-json\/wp\/v2\/users\/56"}],"replies":[{"embeddable":true,"href":"https:\/\/www.ull.es\/portal\/cienciaull\/wp-json\/wp\/v2\/comments?post=26654"}],"version-history":[{"count":20,"href":"https:\/\/www.ull.es\/portal\/cienciaull\/wp-json\/wp\/v2\/pages\/26654\/revisions"}],"predecessor-version":[{"id":31021,"href":"https:\/\/www.ull.es\/portal\/cienciaull\/wp-json\/wp\/v2\/pages\/26654\/revisions\/31021"}],"wp:attachment":[{"href":"https:\/\/www.ull.es\/portal\/cienciaull\/wp-json\/wp\/v2\/media?parent=26654"}],"curies":[{"name":"wp","href":"https:\/\/api.w.org\/{rel}","templated":true}]}}