{"id":2669,"date":"2025-10-01T12:38:58","date_gmt":"2025-10-01T12:38:58","guid":{"rendered":"https:\/\/www.ull.es\/portal\/cienciaull\/?page_id=2669"},"modified":"2025-10-01T12:38:58","modified_gmt":"2025-10-01T12:38:58","slug":"temporada-2018","status":"publish","type":"page","link":"https:\/\/www.ull.es\/portal\/cienciaull\/doblehelice3-0\/temporada-2018\/","title":{"rendered":"Temporada 2018"},"content":{"rendered":"<p>[vc_row][vc_column][vc_custom_heading source=\u00bbpost_title\u00bb google_fonts=\u00bbfont_family:Roboto%20Slab%3A100%2C300%2Cregular%2C700|font_style:700%20bold%20regular%3A700%3Anormal\u00bb css=\u00bb.vc_custom_1587169617072{margin-bottom: 5px !important;border-bottom-width: 5px !important;padding-bottom: 5px !important;}\u00bb][vc_column_text]<\/p>\n<p style=\"text-align: justify\">A continuaci\u00f3n se recoge los programas realizados durante la <strong>temporada 2018<\/strong>:<\/p>\n<p>[\/vc_column_text][\/vc_column][\/vc_row][vc_row][vc_column][vc_column_text]<\/p>\n<table width=\"737\">\n<tbody>\n<tr>\n<td width=\"75\"><strong>Programa<\/strong><\/td>\n<td width=\"322\"><strong>T\u00edtulo<\/strong><\/td>\n<td width=\"340\"><strong>Investigador\/a<\/strong><\/td>\n<\/tr>\n<tr>\n<td style=\"text-align: center\" width=\"75\"><strong>01<\/strong><\/td>\n<td width=\"322\"><strong><a href=\"https:\/\/www.ivoox.com\/regreso-gripe-audios-mp3_rf_23152198_1.html\" target=\"_blank\" rel=\"noopener\">El regreso de la gripe<\/a><\/strong><\/td>\n<td width=\"340\">Antonio Sierra<\/td>\n<\/tr>\n<tr>\n<td style=\"text-align: center\" width=\"75\"><strong>02<\/strong><\/td>\n<td width=\"322\"><strong><a href=\"https:\/\/www.ivoox.com\/gesta-magallanes-audios-mp3_rf_23552573_1.html\" target=\"_blank\" rel=\"noopener\">La gesta de Magallanes<\/a><\/strong><\/td>\n<td width=\"340\">Justo Hern\u00e1ndez<\/td>\n<\/tr>\n<tr>\n<td style=\"text-align: center\" width=\"75\"><strong>03<\/strong><\/td>\n<td width=\"322\"><strong><a href=\"https:\/\/www.ivoox.com\/momias-culto-a-muerte-audios-mp3_rf_23552656_1.html\" target=\"_blank\" rel=\"noopener\">Momias, el culto a la muerte<\/a><\/strong><\/td>\n<td width=\"340\">Conrado Rodr\u00edguez<\/td>\n<\/tr>\n<tr>\n<td style=\"text-align: center\" width=\"75\"><strong>04<\/strong><\/td>\n<td width=\"322\"><strong><a href=\"https:\/\/www.ivoox.com\/papel-mujer-ciencia-audios-mp3_rf_23903197_1.html\" target=\"_blank\" rel=\"noopener\">El papel de la mujer en la ciencia y la tecnolog\u00eda<\/a><\/strong><\/td>\n<td width=\"340\">Coromoto Le\u00f3n y Gara Miranda<\/td>\n<\/tr>\n<tr>\n<td style=\"text-align: center\" width=\"75\"><strong>05<\/strong><\/td>\n<td width=\"322\"><strong><a href=\"https:\/\/www.ivoox.com\/desentranando-agua-audios-mp3_rf_23873013_1.html\" target=\"_blank\" rel=\"noopener\">Desentra\u00f1ando el agua<\/a><\/strong><\/td>\n<td width=\"340\">Juan Carlos Santamarta<\/td>\n<\/tr>\n<tr>\n<td style=\"text-align: center\" width=\"75\"><strong>06<\/strong><\/td>\n<td width=\"322\"><strong><a href=\"https:\/\/www.ivoox.com\/informar-paciente-a-paciente-audios-mp3_rf_24072220_1.html\" target=\"_blank\" rel=\"noopener\">Informar de paciente a paciente<\/a><\/strong><\/td>\n<td width=\"340\">Emilio Sanz<\/td>\n<\/tr>\n<tr>\n<td style=\"text-align: center\" width=\"75\"><strong>07<\/strong><\/td>\n<td width=\"322\"><strong><a href=\"https:\/\/www.ivoox.com\/ciencia-acuicultura-audios-mp3_rf_24212347_1.html\" target=\"_blank\" rel=\"noopener\">La ciencia de la Acuicultura<\/a><\/strong><\/td>\n<td width=\"340\">Covadonga Rodr\u00edguez y Jos\u00e9 P\u00e9rez<\/td>\n<\/tr>\n<tr>\n<td style=\"text-align: center\" width=\"75\"><strong>08<\/strong><\/td>\n<td width=\"322\"><strong><a href=\"https:\/\/www.ivoox.com\/un-ilustrado-modelo-viera-clavijo-audios-mp3_rf_24346745_1.html\" target=\"_blank\" rel=\"noopener\">Un modelo ilustrado, Viera y Clavijo<\/a><\/strong><\/td>\n<td width=\"340\">Rafael Padr\u00f3n<\/td>\n<\/tr>\n<tr>\n<td style=\"text-align: center\" width=\"75\"><strong>09<\/strong><\/td>\n<td width=\"322\"><strong><a href=\"https:\/\/www.ivoox.com\/especial-stephen-hawking-audios-mp3_rf_24801866_1.html\" target=\"_blank\" rel=\"noopener\">Especial sobre Stephen Hawking<\/a><\/strong><\/td>\n<td width=\"340\">John Beckman<\/td>\n<\/tr>\n<tr>\n<td style=\"text-align: center\" width=\"75\"><strong>10<\/strong><\/td>\n<td width=\"322\"><strong><a href=\"https:\/\/www.ivoox.com\/exprimiendo-luz-audios-mp3_rf_25123708_1.html\" target=\"_blank\" rel=\"noopener\">Exprimendo la luz<\/a><\/strong><\/td>\n<td width=\"340\">Jorge M\u00e9ndez<\/td>\n<\/tr>\n<tr>\n<td style=\"text-align: center\" width=\"75\"><strong>11<\/strong><\/td>\n<td width=\"322\"><strong><a href=\"https:\/\/www.ivoox.com\/por-compramos-mentiras-audios-mp3_rf_25405500_1.html\" target=\"_blank\" rel=\"noopener\">\u00bfPor qu\u00e9 compramos mentiras?<\/a><\/strong><\/td>\n<td width=\"340\">Jos\u00e9 Manuel L\u00f3pez Nicol\u00e1s<\/td>\n<\/tr>\n<tr>\n<td style=\"text-align: center\" width=\"75\"><strong>12<\/strong><\/td>\n<td width=\"322\"><strong><a href=\"https:\/\/www.ivoox.com\/gran-agustin-betancourt-audios-mp3_rf_25477396_1.html\" target=\"_blank\" rel=\"noopener\">El gran Agust\u00edn de Betancourt<\/a><\/strong><\/td>\n<td width=\"340\">Antonio Burgos<\/td>\n<\/tr>\n<tr>\n<td style=\"text-align: center\" width=\"75\"><strong>13<\/strong><\/td>\n<td width=\"322\"><strong><a href=\"https:\/\/www.ivoox.com\/feria-vocaciones-cientificas-audios-mp3_rf_26107104_1.html\" target=\"_blank\" rel=\"noopener\">Feria de las vocaciones cient\u00edficas<\/a><\/strong><\/td>\n<td width=\"340\">Investigadores de la ULL y centros de I+D<\/td>\n<\/tr>\n<tr>\n<td style=\"text-align: center\" width=\"75\"><strong>14<\/strong><\/td>\n<td width=\"322\"><strong><a href=\"https:\/\/www.ivoox.com\/alimentando-cerebro-audios-mp3_rf_25749032_1.html\" target=\"_blank\" rel=\"noopener\">Alimentando el cerebro<\/a><\/strong><\/td>\n<td width=\"340\">Raquel Mar\u00edn<\/td>\n<\/tr>\n<tr>\n<td style=\"text-align: center\" width=\"75\"><strong>15<\/strong><\/td>\n<td width=\"322\"><strong><a href=\"https:\/\/www.ivoox.com\/contaminantes-emergentes-audios-mp3_rf_25846323_1.html\" target=\"_blank\" rel=\"noopener\">Contaminantes emergentes<\/a><\/strong><\/td>\n<td width=\"340\">Ver\u00f3nica Pino<\/td>\n<\/tr>\n<tr>\n<td style=\"text-align: center\" width=\"75\"><strong>16<\/strong><\/td>\n<td width=\"322\"><strong><a href=\"https:\/\/www.ivoox.com\/cuando-volcanes-se-convierten-arte-audios-mp3_rf_26106128_1.html\" target=\"_blank\" rel=\"noopener\">Cundo los volcanes se convierten en arte<\/a><\/strong><\/td>\n<td width=\"340\">Mar\u00eda Isabel S\u00e1nchez<\/td>\n<\/tr>\n<tr>\n<td style=\"text-align: center\" width=\"75\"><strong>17<\/strong><\/td>\n<td width=\"322\"><strong><a href=\"https:\/\/www.ivoox.com\/descubriendo-a-blas-cabrera-audios-mp3_rf_26208668_1.html\" target=\"_blank\" rel=\"noopener\">Descubriendo a Blas Cabrera<\/a><\/strong><\/td>\n<td width=\"340\">Alfonso Mu\u00f1oz Gonz\u00e1lez<\/td>\n<\/tr>\n<tr>\n<td style=\"text-align: center\" width=\"75\"><strong>18<\/strong><\/td>\n<td width=\"322\"><strong><a href=\"https:\/\/www.ivoox.com\/hipotesis-publicacion-emociona-audios-mp3_rf_26357520_1.html\" target=\"_blank\" rel=\"noopener\">Hip\u00f3tesis, una publicaci\u00f3n que emociona<\/a><\/strong><\/td>\n<td width=\"340\">N\u00e9stor Torres<\/td>\n<\/tr>\n<tr>\n<td style=\"text-align: center\" width=\"75\"><strong>19<\/strong><\/td>\n<td width=\"322\"><strong><a href=\"https:\/\/www.ivoox.com\/como-ensenar-ciencias-audios-mp3_rf_26465342_1.html\" target=\"_blank\" rel=\"noopener\">C\u00f3mo ense\u00f1ar las ciencias<\/a><\/strong><\/td>\n<td width=\"340\">Antonio Eff-Darwich<\/td>\n<\/tr>\n<tr>\n<td style=\"text-align: center\" width=\"75\"><strong>20<\/strong><\/td>\n<td width=\"322\"><strong><a href=\"https:\/\/www.ivoox.com\/nuevas-tecnologias-educacion-audios-mp3_rf_27077458_1.html\" target=\"_blank\" rel=\"noopener\">Las nuevas tecnolog\u00edas en la educaci\u00f3n<\/a><\/strong><\/td>\n<td width=\"340\">Manuel Area<\/td>\n<\/tr>\n<tr>\n<td style=\"text-align: center\" width=\"75\"><strong>21<\/strong><\/td>\n<td width=\"322\"><strong><a href=\"https:\/\/www.ivoox.com\/antropologia-social-medio-ambiente-audios-mp3_rf_26711701_1.html\" target=\"_blank\" rel=\"noopener\">Antropolog\u00eda social y medioambiente<\/a><\/strong><\/td>\n<td width=\"340\">Jaime Pascual<\/td>\n<\/tr>\n<tr>\n<td style=\"text-align: center\" width=\"75\"><strong>22<\/strong><\/td>\n<td width=\"322\"><strong><a href=\"https:\/\/www.ivoox.com\/canales-ionicos-lo-micro-a-lo-audios-mp3_rf_26844144_1.html\" target=\"_blank\" rel=\"noopener\">Los canales i\u00f3nicos: de lo micro a lo macro<\/a><\/strong><\/td>\n<td width=\"340\">Teresa Gir\u00e1ldez<\/td>\n<\/tr>\n<tr>\n<td style=\"text-align: center\" width=\"75\"><strong>23<\/strong><\/td>\n<td width=\"322\"><strong><a href=\"https:\/\/www.ivoox.com\/oceanos-cambio-climatico-audios-mp3_rf_27078655_1.html\" target=\"_blank\" rel=\"noopener\">Los oc\u00e9anos y el cambio clim\u00e1tico<\/a><\/strong><\/td>\n<td width=\"340\">Alberto Brito<\/td>\n<\/tr>\n<tr>\n<td style=\"text-align: center\" width=\"75\"><strong>24<\/strong><\/td>\n<td width=\"322\"><strong><a href=\"https:\/\/www.ivoox.com\/una-temparada-30-minutos-audios-mp3_rf_27076698_1.html\" target=\"_blank\" rel=\"noopener\">Resumen de la temporada 2018 (1\u00ba semestre)<\/a><\/strong><\/td>\n<td width=\"340\"><\/td>\n<\/tr>\n<tr>\n<td style=\"text-align: center\" width=\"75\"><strong>25<\/strong><\/td>\n<td width=\"322\"><strong><a href=\"https:\/\/www.ivoox.com\/peleochar-detectives-del-pasado-audios-mp3_rf_28469709_1.html\" target=\"_blank\" rel=\"noopener\">Paleochar: detectives del pasado<\/a><\/strong><\/td>\n<td width=\"340\">Antonio Herrera, Marga Jambrina y Caterina Rodr\u00edguez<\/td>\n<\/tr>\n<tr>\n<td style=\"text-align: center\" width=\"75\"><strong>26<\/strong><\/td>\n<td width=\"322\"><strong><a href=\"https:\/\/www.ivoox.com\/neurociencia-macaronesica-audios-mp3_rf_28810622_1.html\" target=\"_blank\" rel=\"noopener\">Neurociencia macaron\u00e9sica<\/a><\/strong><\/td>\n<td width=\"340\">Jos\u00e9 Luis Gonz\u00e1lez Mora<\/td>\n<\/tr>\n<tr>\n<td style=\"text-align: center\" width=\"75\"><strong>27<\/strong><\/td>\n<td width=\"322\"><strong><a href=\"https:\/\/www.ivoox.com\/ciencia-calle-macaronight-audios-mp3_rf_29582547_1.html\" target=\"_blank\" rel=\"noopener\">La ciencia en la calle: MacaroNight<\/a><\/strong><\/td>\n<td width=\"340\">Programa especial<\/td>\n<\/tr>\n<tr>\n<td style=\"text-align: center\" width=\"75\"><strong>28<\/strong><\/td>\n<td width=\"322\"><strong><a href=\"https:\/\/www.ivoox.com\/biodiesel-combustible-del-presente-audios-mp3_rf_29015804_1.html\" target=\"_blank\" rel=\"noopener\">Biodiesel, el combustible del presente<\/a><\/strong><\/td>\n<td width=\"340\">Andrea Brito<\/td>\n<\/tr>\n<tr>\n<td style=\"text-align: center\" width=\"75\"><strong>29<\/strong><\/td>\n<td width=\"322\"><strong><a href=\"https:\/\/www.ivoox.com\/pilas-combustible-futuro-ya-esta-aqui-audios-mp3_rf_29344565_1.html\" target=\"_blank\" rel=\"noopener\">Pilas de combustible, el futuro ya est\u00e1 aqu\u00ed<\/a><\/strong><\/td>\n<td width=\"340\">Elena Pastor<\/td>\n<\/tr>\n<tr>\n<td style=\"text-align: center\" width=\"75\"><strong>30<\/strong><\/td>\n<td width=\"322\"><strong><a href=\"https:\/\/www.ivoox.com\/especial-xv-feria-ciencia-la-audios-mp3_rf_30016818_1.html\" target=\"_blank\" rel=\"noopener\">Especial sobre la XV Feria de la Orotava<\/a><\/strong><\/td>\n<td width=\"340\">Programa especial<\/td>\n<\/tr>\n<tr>\n<td style=\"text-align: center\" width=\"75\"><strong>31<\/strong><\/td>\n<td width=\"322\"><strong><a href=\"https:\/\/www.ivoox.com\/impresion-3d-pilas-hidrogeno-audios-mp3_rf_30187238_1.html\" target=\"_blank\" rel=\"noopener\">Impresi\u00f3n 3D de pilas de hidr\u00f3geno<\/a><\/strong><\/td>\n<td width=\"340\">Pedro Esparza<\/td>\n<\/tr>\n<tr>\n<td style=\"text-align: center\" width=\"75\"><strong>32<\/strong><\/td>\n<td width=\"322\"><strong><a href=\"https:\/\/www.ivoox.com\/papel-bioetica-medicina-audios-mp3_rf_30523349_1.html\" target=\"_blank\" rel=\"noopener\">El papel de la Bio\u00e9tica en la medicina de hoy<\/a><\/strong><\/td>\n<td width=\"340\">Emilio Sanz<\/td>\n<\/tr>\n<tr>\n<td style=\"text-align: center\" width=\"75\"><strong>33<\/strong><\/td>\n<td width=\"322\"><strong><a href=\"https:\/\/www.ivoox.com\/universidad-al-servicio-sociedad-audios-mp3_rf_30876389_1.html\" target=\"_blank\" rel=\"noopener\">La universidad al servicio de la sociedad<\/a><\/strong><\/td>\n<td width=\"340\">Jos\u00e9 Luis Rodr\u00edguez<\/td>\n<\/tr>\n<tr>\n<td style=\"text-align: center\" width=\"75\"><strong>34<\/strong><\/td>\n<td width=\"322\"><strong><a href=\"https:\/\/www.ivoox.com\/amebas-vida-libre-nueva-amenaza-para-audios-mp3_rf_31579344_1.html\" target=\"_blank\" rel=\"noopener\">Amebas de vida libre, la nueva amenaza para nuestra salud<\/a><\/strong><\/td>\n<td width=\"340\">Jacob Lorenzo<\/td>\n<\/tr>\n<tr>\n<td style=\"text-align: center\" width=\"75\"><strong>35<\/strong><\/td>\n<td width=\"322\"><strong><a href=\"https:\/\/www.ivoox.com\/resumen-2018-audios-mp3_rf_31578627_1.html\" target=\"_blank\" rel=\"noopener\">Resumen de la temporada 2018 (2\u00ba Semestre)<\/a><\/strong><\/td>\n<td width=\"340\"><\/td>\n<\/tr>\n<\/tbody>\n<\/table>\n<p>[\/vc_column_text][\/vc_column][\/vc_row]<\/p>\n","protected":false},"excerpt":{"rendered":"<p>[vc_row][vc_column][vc_custom_heading source=\u00bbpost_title\u00bb google_fonts=\u00bbfont_family:Roboto%20Slab%3A100%2C300%2Cregular%2C700|font_style:700%20bold%20regular%3A700%3Anormal\u00bb css=\u00bb.vc_custom_1587169617072{margin-bottom: 5px !important;border-bottom-width: 5px !important;padding-bottom: 5px !important;}\u00bb][vc_column_text] A continuaci\u00f3n se recoge los programas realizados durante la temporada 2018: [\/vc_column_text][\/vc_column][\/vc_row][vc_row][vc_column][vc_column_text] Programa T\u00edtulo Investigador\/a 01 El regreso de la gripe Antonio Sierra 02 La gesta de Magallanes Justo Hern\u00e1ndez 03 Momias, el culto a la muerte Conrado Rodr\u00edguez 04 El papel de la mujer&#8230;<\/p>\n","protected":false},"author":56,"featured_media":0,"parent":2428,"menu_order":0,"comment_status":"closed","ping_status":"closed","template":"","meta":{"inline_featured_image":false,"footnotes":""},"acf":[],"yoast_head":"<!-- This site is optimized with the Yoast SEO plugin v21.3 - https:\/\/yoast.com\/wordpress\/plugins\/seo\/ -->\n<title>Temporada 2018 -<\/title>\n<meta name=\"robots\" content=\"index, follow, max-snippet:-1, max-image-preview:large, max-video-preview:-1\" \/>\n<link rel=\"canonical\" href=\"https:\/\/www.ull.es\/portal\/cienciaull\/doblehelice3-0\/temporada-2018\/\" \/>\n<meta property=\"og:locale\" content=\"es_ES\" \/>\n<meta property=\"og:type\" content=\"article\" \/>\n<meta property=\"og:title\" content=\"Temporada 2018 -\" \/>\n<meta property=\"og:description\" content=\"[vc_row][vc_column][vc_custom_heading source=\u00bbpost_title\u00bb google_fonts=\u00bbfont_family:Roboto%20Slab%3A100%2C300%2Cregular%2C700|font_style:700%20bold%20regular%3A700%3Anormal\u00bb css=\u00bb.vc_custom_1587169617072{margin-bottom: 5px !important;border-bottom-width: 5px !important;padding-bottom: 5px !important;}\u00bb][vc_column_text] A continuaci\u00f3n se recoge los programas realizados durante la temporada 2018: [\/vc_column_text][\/vc_column][\/vc_row][vc_row][vc_column][vc_column_text] Programa T\u00edtulo Investigador\/a 01 El regreso de la gripe Antonio Sierra 02 La gesta de Magallanes Justo Hern\u00e1ndez 03 Momias, el culto a la muerte Conrado Rodr\u00edguez 04 El papel de la mujer...\" \/>\n<meta property=\"og:url\" content=\"https:\/\/www.ull.es\/portal\/cienciaull\/doblehelice3-0\/temporada-2018\/\" \/>\n<meta property=\"article:publisher\" content=\"https:\/\/www.facebook.com\/CienciaULL\/\" \/>\n<meta name=\"twitter:card\" content=\"summary_large_image\" \/>\n<meta name=\"twitter:site\" content=\"@CienciaULL\" \/>\n<meta name=\"twitter:label1\" content=\"Tiempo de lectura\" \/>\n\t<meta name=\"twitter:data1\" content=\"2 minutos\" \/>\n<script type=\"application\/ld+json\" class=\"yoast-schema-graph\">{\"@context\":\"https:\/\/schema.org\",\"@graph\":[{\"@type\":\"WebPage\",\"@id\":\"https:\/\/www.ull.es\/portal\/cienciaull\/doblehelice3-0\/temporada-2018\/\",\"url\":\"https:\/\/www.ull.es\/portal\/cienciaull\/doblehelice3-0\/temporada-2018\/\",\"name\":\"Temporada 2018 -\",\"isPartOf\":{\"@id\":\"https:\/\/www.ull.es\/portal\/cienciaull\/#website\"},\"datePublished\":\"2025-10-01T12:38:58+00:00\",\"dateModified\":\"2025-10-01T12:38:58+00:00\",\"breadcrumb\":{\"@id\":\"https:\/\/www.ull.es\/portal\/cienciaull\/doblehelice3-0\/temporada-2018\/#breadcrumb\"},\"inLanguage\":\"es\",\"potentialAction\":[{\"@type\":\"ReadAction\",\"target\":[\"https:\/\/www.ull.es\/portal\/cienciaull\/doblehelice3-0\/temporada-2018\/\"]}]},{\"@type\":\"BreadcrumbList\",\"@id\":\"https:\/\/www.ull.es\/portal\/cienciaull\/doblehelice3-0\/temporada-2018\/#breadcrumb\",\"itemListElement\":[{\"@type\":\"ListItem\",\"position\":1,\"name\":\"Portada\",\"item\":\"https:\/\/www.ull.es\/portal\/cienciaull\/\"},{\"@type\":\"ListItem\",\"position\":2,\"name\":\"Doble H\u00e9lice 3.0\",\"item\":\"https:\/\/www.ull.es\/portal\/cienciaull\/doblehelice3-0\/\"},{\"@type\":\"ListItem\",\"position\":3,\"name\":\"Temporada 2018\"}]},{\"@type\":\"WebSite\",\"@id\":\"https:\/\/www.ull.es\/portal\/cienciaull\/#website\",\"url\":\"https:\/\/www.ull.es\/portal\/cienciaull\/\",\"name\":\"\",\"description\":\"Unidad de Cultura Cient\u00edfica y de la Innovaci\u00f3n de la Universidad de La Laguna\",\"potentialAction\":[{\"@type\":\"SearchAction\",\"target\":{\"@type\":\"EntryPoint\",\"urlTemplate\":\"https:\/\/www.ull.es\/portal\/cienciaull\/?s={search_term_string}\"},\"query-input\":\"required name=search_term_string\"}],\"inLanguage\":\"es\"}]}<\/script>\n<!-- \/ Yoast SEO plugin. -->","yoast_head_json":{"title":"Temporada 2018 -","robots":{"index":"index","follow":"follow","max-snippet":"max-snippet:-1","max-image-preview":"max-image-preview:large","max-video-preview":"max-video-preview:-1"},"canonical":"https:\/\/www.ull.es\/portal\/cienciaull\/doblehelice3-0\/temporada-2018\/","og_locale":"es_ES","og_type":"article","og_title":"Temporada 2018 -","og_description":"[vc_row][vc_column][vc_custom_heading source=\u00bbpost_title\u00bb google_fonts=\u00bbfont_family:Roboto%20Slab%3A100%2C300%2Cregular%2C700|font_style:700%20bold%20regular%3A700%3Anormal\u00bb css=\u00bb.vc_custom_1587169617072{margin-bottom: 5px !important;border-bottom-width: 5px !important;padding-bottom: 5px !important;}\u00bb][vc_column_text] A continuaci\u00f3n se recoge los programas realizados durante la temporada 2018: [\/vc_column_text][\/vc_column][\/vc_row][vc_row][vc_column][vc_column_text] Programa T\u00edtulo Investigador\/a 01 El regreso de la gripe Antonio Sierra 02 La gesta de Magallanes Justo Hern\u00e1ndez 03 Momias, el culto a la muerte Conrado Rodr\u00edguez 04 El papel de la mujer...","og_url":"https:\/\/www.ull.es\/portal\/cienciaull\/doblehelice3-0\/temporada-2018\/","article_publisher":"https:\/\/www.facebook.com\/CienciaULL\/","twitter_card":"summary_large_image","twitter_site":"@CienciaULL","twitter_misc":{"Tiempo de lectura":"2 minutos"},"schema":{"@context":"https:\/\/schema.org","@graph":[{"@type":"WebPage","@id":"https:\/\/www.ull.es\/portal\/cienciaull\/doblehelice3-0\/temporada-2018\/","url":"https:\/\/www.ull.es\/portal\/cienciaull\/doblehelice3-0\/temporada-2018\/","name":"Temporada 2018 -","isPartOf":{"@id":"https:\/\/www.ull.es\/portal\/cienciaull\/#website"},"datePublished":"2025-10-01T12:38:58+00:00","dateModified":"2025-10-01T12:38:58+00:00","breadcrumb":{"@id":"https:\/\/www.ull.es\/portal\/cienciaull\/doblehelice3-0\/temporada-2018\/#breadcrumb"},"inLanguage":"es","potentialAction":[{"@type":"ReadAction","target":["https:\/\/www.ull.es\/portal\/cienciaull\/doblehelice3-0\/temporada-2018\/"]}]},{"@type":"BreadcrumbList","@id":"https:\/\/www.ull.es\/portal\/cienciaull\/doblehelice3-0\/temporada-2018\/#breadcrumb","itemListElement":[{"@type":"ListItem","position":1,"name":"Portada","item":"https:\/\/www.ull.es\/portal\/cienciaull\/"},{"@type":"ListItem","position":2,"name":"Doble H\u00e9lice 3.0","item":"https:\/\/www.ull.es\/portal\/cienciaull\/doblehelice3-0\/"},{"@type":"ListItem","position":3,"name":"Temporada 2018"}]},{"@type":"WebSite","@id":"https:\/\/www.ull.es\/portal\/cienciaull\/#website","url":"https:\/\/www.ull.es\/portal\/cienciaull\/","name":"","description":"Unidad de Cultura Cient\u00edfica y de la Innovaci\u00f3n de la Universidad de La Laguna","potentialAction":[{"@type":"SearchAction","target":{"@type":"EntryPoint","urlTemplate":"https:\/\/www.ull.es\/portal\/cienciaull\/?s={search_term_string}"},"query-input":"required name=search_term_string"}],"inLanguage":"es"}]}},"_links":{"self":[{"href":"https:\/\/www.ull.es\/portal\/cienciaull\/wp-json\/wp\/v2\/pages\/2669"}],"collection":[{"href":"https:\/\/www.ull.es\/portal\/cienciaull\/wp-json\/wp\/v2\/pages"}],"about":[{"href":"https:\/\/www.ull.es\/portal\/cienciaull\/wp-json\/wp\/v2\/types\/page"}],"author":[{"embeddable":true,"href":"https:\/\/www.ull.es\/portal\/cienciaull\/wp-json\/wp\/v2\/users\/56"}],"replies":[{"embeddable":true,"href":"https:\/\/www.ull.es\/portal\/cienciaull\/wp-json\/wp\/v2\/comments?post=2669"}],"version-history":[{"count":14,"href":"https:\/\/www.ull.es\/portal\/cienciaull\/wp-json\/wp\/v2\/pages\/2669\/revisions"}],"predecessor-version":[{"id":26447,"href":"https:\/\/www.ull.es\/portal\/cienciaull\/wp-json\/wp\/v2\/pages\/2669\/revisions\/26447"}],"up":[{"embeddable":true,"href":"https:\/\/www.ull.es\/portal\/cienciaull\/wp-json\/wp\/v2\/pages\/2428"}],"wp:attachment":[{"href":"https:\/\/www.ull.es\/portal\/cienciaull\/wp-json\/wp\/v2\/media?parent=2669"}],"curies":[{"name":"wp","href":"https:\/\/api.w.org\/{rel}","templated":true}]}}