{"id":27527,"date":"2024-04-02T11:49:31","date_gmt":"2024-04-02T11:49:31","guid":{"rendered":"https:\/\/www.ull.es\/portal\/cienciaull\/?page_id=27527"},"modified":"2025-09-01T13:58:11","modified_gmt":"2025-09-01T13:58:11","slug":"vocaciones-tacoronte","status":"publish","type":"page","link":"https:\/\/www.ull.es\/portal\/cienciaull\/vocaciones-tacoronte\/","title":{"rendered":"Vocaciones Tacoronte"},"content":{"rendered":"<p>[vc_row][vc_column]\n<div id=\"rev_slider_336_1_wrapper\" class=\"rev_slider_wrapper fullwidthbanner-container\" data-source=\"gallery\" style=\"margin:0px auto;background:transparent;padding:0px;margin-top:0px;margin-bottom:0px;\">\n<!-- START REVOLUTION SLIDER 5.4.7.3 auto mode -->\n\t<div id=\"rev_slider_336_1\" class=\"rev_slider fullwidthabanner\" style=\"display:none;\" data-version=\"5.4.7.3\">\n<ul>\t<!-- SLIDE  -->\n\t<li data-index=\"rs-390\" data-transition=\"fade\" data-slotamount=\"default\" data-hideafterloop=\"0\" data-hideslideonmobile=\"off\"  data-easein=\"default\" data-easeout=\"default\" data-masterspeed=\"300\"  data-rotate=\"0\"  data-saveperformance=\"off\"  data-title=\"Slide\" data-param1=\"\" data-param2=\"\" data-param3=\"\" data-param4=\"\" data-param5=\"\" data-param6=\"\" data-param7=\"\" data-param8=\"\" data-param9=\"\" data-param10=\"\" data-description=\"\">\n\t\t<!-- MAIN IMAGE -->\n\t\t<img src=\"https:\/\/www.ull.es\/portal\/cienciaull\/wp-content\/uploads\/sites\/24\/2025\/07\/Banner-Tacoronte-2526.jpg\"  alt=\"\" title=\"Banner Tacoronte 2526\"  width=\"1500\" height=\"500\" data-bgposition=\"center center\" data-bgfit=\"cover\" data-bgrepeat=\"no-repeat\" class=\"rev-slidebg\" data-no-retina>\n\t\t<!-- LAYERS -->\n\t<\/li>\n<\/ul>\n<div class=\"tp-bannertimer tp-bottom\" style=\"visibility: hidden !important;\"><\/div>\t<\/div>\n<script>var htmlDiv = document.getElementById(\"rs-plugin-settings-inline-css\"); var htmlDivCss=\"\";\r\n\t\t\t\tif(htmlDiv) {\r\n\t\t\t\t\thtmlDiv.innerHTML = htmlDiv.innerHTML + htmlDivCss;\r\n\t\t\t\t}else{\r\n\t\t\t\t\tvar htmlDiv = document.createElement(\"div\");\r\n\t\t\t\t\thtmlDiv.innerHTML = \"<style>\" + htmlDivCss + \"<\/style>\";\r\n\t\t\t\t\tdocument.getElementsByTagName(\"head\")[0].appendChild(htmlDiv.childNodes[0]);\r\n\t\t\t\t}\r\n\t\t\t<\/script>\n\t\t<script type=\"text\/javascript\">\r\nif (setREVStartSize!==undefined) setREVStartSize(\r\n\t{c: '#rev_slider_336_1', gridwidth: [1500], gridheight: [500], sliderLayout: 'auto'});\r\n\t\t\t\r\nvar revapi336,\r\n\ttpj;\t\r\n(function() {\t\t\t\r\n\tif (!\/loaded|interactive|complete\/.test(document.readyState)) document.addEventListener(\"DOMContentLoaded\",onLoad); else onLoad();\t\r\n\tfunction onLoad() {\t\t\t\t\r\n\t\tif (tpj===undefined) { tpj = jQuery; if(\"off\" == \"on\") tpj.noConflict();}\r\n\tif(tpj(\"#rev_slider_336_1\").revolution == undefined){\n\t\trevslider_showDoubleJqueryError(\"#rev_slider_336_1\");\n\t}else{\n\t\trevapi336 = tpj(\"#rev_slider_336_1\").show().revolution({\n\t\t\tsliderType:\"hero\",\n\t\t\tjsFileLocation:\"\/\/www.ull.es\/portal\/cienciaull\/wp-content\/plugins\/revslider\/public\/assets\/js\/\",\n\t\t\tsliderLayout:\"auto\",\n\t\t\tdottedOverlay:\"none\",\n\t\t\tdelay:9000,\n\t\t\tvisibilityLevels:[1240,1024,778,480],\n\t\t\tgridwidth:1500,\n\t\t\tgridheight:500,\n\t\t\tlazyType:\"none\",\n\t\t\tshadow:0,\n\t\t\tspinner:\"spinner0\",\n\t\t\tautoHeight:\"off\",\n\t\t\tdisableProgressBar:\"on\",\n\t\t\thideThumbsOnMobile:\"off\",\n\t\t\thideSliderAtLimit:0,\n\t\t\thideCaptionAtLimit:0,\n\t\t\thideAllCaptionAtLilmit:0,\n\t\t\tdebugMode:false,\n\t\t\tfallbacks: {\n\t\t\t\tsimplifyAll:\"off\",\n\t\t\t\tdisableFocusListener:false,\n\t\t\t}\n\t\t});\n\t}; \/* END OF revapi call *\/\n\t\n }; \/* END OF ON LOAD FUNCTION *\/\r\n}()); \/* END OF WRAPPING FUNCTION *\/\r\n<\/script>\r\n\t\t<\/div><!-- END REVOLUTION SLIDER -->[vc_separator color=\u00bbcustom\u00bb style=\u00bbdouble\u00bb border_width=\u00bb10&#8243; accent_color=\u00bb#862233&#8243;][\/vc_column][\/vc_row][vc_row][vc_column width=\u00bb2\/3&#8243;][vc_empty_space height=\u00bb40px\u00bb][vc_custom_heading text=\u00bbPresentaci\u00f3n\u00bb font_container=\u00bbtag:h2|text_align:left|color:%23000000&#8243; google_fonts=\u00bbfont_family:Roboto%20Slab%3A100%2C300%2Cregular%2C700|font_style:700%20bold%20regular%3A700%3Anormal\u00bb][vc_column_text]<\/p>\n<p style=\"text-align: justify\">El <strong>Programa educativo para la dinamizaci\u00f3n del \u201cAula Mit\u00f3n\u201d en el municipio de Tacoronte<\/strong> es un proyecto educativo y divulgativo, que tiene como objetivo principal <span style=\"color: #ff9900\"><strong>\u201cfomentar las vocaciones cient\u00edficas y tecnol\u00f3gicas entre el alumnado del municipio, desde edades tempranas, para mejorar su rendimiento escolar e incrementar su inter\u00e9s por realizar estudios superiores, que le ayuden alcanzar un mejor puesto laboral\u201d.<\/strong><\/span><\/p>\n<p style=\"text-align: justify\">Para ello, cuenta con un conjunto de actividades orientativas, motivadoras y complementarias a los programas formativos de educaci\u00f3n primaria, secundaria, bachillerato y formaci\u00f3n profesional que se impartir\u00e1n en las aulas Mit\u00f3n de los 10 centros escolares p\u00fablicos del municipio. En dichas actividades, se muestra la ciencia, la tecnolog\u00eda, las ciencias sociales, las humanidades y artes de una forma cercana y aplicada a las necesidades del d\u00eda a d\u00eda, utilizando como medio conductor la actividad de investigaci\u00f3n que se desarrolla en la Universidad de La Laguna en dichas disciplinas.<\/p>\n<p style=\"text-align: justify\">Dichas actividades conforman una hoja de ruta que se compone de: talleres pr\u00e1cticos sobre diferentes \u00e1reas de conocimiento y pensamiento computacional, charlas cient\u00edficas y concursos.<\/p>\n<p style=\"text-align: justify\">Este proyecto est\u00e1 dirigido al alumnado de <span style=\"color: #cc99ff\">3\u00ba a 6\u00ba de primaria, secundaria, bachillerato y formaci\u00f3n profesional<\/span>. En todo el contenido de este programa se contempla la perspectiva de g\u00e9nero.<\/p>\n<p style=\"text-align: justify\">La <strong>edici\u00f3n 2024\/2025<\/strong> del proyecto de Vocaciones Cient\u00edficas de Tacoronte cont\u00f3 con la participaci\u00f3n de 1380 escolares y 32 docentes, pertenecientes a 9 centros escolares del municipio: IES Los Naranjeros, IES Tacoronte Oscar Dom\u00ednguez, IES Barranco Las Lajas, CPEIPS Tacoronte, CEIP Mar\u00eda Rosa Alonso, CEIP Maximiliano Gil Meli\u00e1n, CEIP Ernesto Castro Fari\u00f1as, CEIP Guayonge y CEIP San Juan Perales.<\/p>\n<p style=\"text-align: justify\">Se llevaron a cabo 62 talleres cient\u00edficos, 21 talleres de pensamiento computacional y 41 charlas cient\u00edficas.<\/p>\n<p>[\/vc_column_text][\/vc_column][vc_column width=\u00bb1\/3&#8243;][vc_empty_space height=\u00bb130px\u00bb][vc_video link=\u00bbhttps:\/\/www.youtube.com\/watch?v=ga98j21EyHI\u00bb][vc_btn title=\u00bbObjetivos\u00bb color=\u00bbwarning\u00bb size=\u00bblg\u00bb align=\u00bbcenter\u00bb button_block=\u00bbtrue\u00bb css=\u00bb.vc_custom_1753183033107{margin-bottom: 3px !important;border-bottom-width: 3px !important;padding-bottom: 3px !important;}\u00bb link=\u00bburl:https%3A%2F%2Fwww.ull.es%2Fportal%2Fcienciaull%2Fvocaciones-tacoronte-objetivos\u00bb][vc_btn title=\u00bbEdici\u00f3n 2024\/2025&#8243; color=\u00bbdanger\u00bb size=\u00bblg\u00bb align=\u00bbcenter\u00bb button_block=\u00bbtrue\u00bb css=\u00bb.vc_custom_1753779351733{margin-bottom: 3px !important;border-bottom-width: 3px !important;padding-bottom: 3px !important;}\u00bb link=\u00bburl:https%3A%2F%2Fwww.ull.es%2Fportal%2Fcienciaull%2Fvocaciones-tacoronte-actividades-2024%2F\u00bb][vc_btn title=\u00bbEdici\u00f3n 2025\/2026&#8243; color=\u00bbwarning\u00bb size=\u00bblg\u00bb align=\u00bbcenter\u00bb button_block=\u00bbtrue\u00bb css=\u00bb.vc_custom_1756734727400{margin-bottom: 3px !important;border-bottom-width: 3px !important;padding-bottom: 3px !important;}\u00bb link=\u00bburl:https%3A%2F%2Fwww.ull.es%2Fportal%2Fcienciaull%2Fvocaciones-tacoronte-actividades-2025%2F\u00bb][vc_btn title=\u00bbMultimedia\u00bb color=\u00bbdanger\u00bb size=\u00bblg\u00bb align=\u00bbcenter\u00bb button_block=\u00bbtrue\u00bb css=\u00bb.vc_custom_1753775261393{margin-bottom: 3px !important;border-bottom-width: 3px !important;padding-bottom: 3px !important;}\u00bb link=\u00bburl:https%3A%2F%2Fwww.ull.es%2Fportal%2Fcienciaull%2Fvocaciones-tacoronte-multimedia%2F\u00bb][vc_btn title=\u00bbRecursos\u00bb color=\u00bbwarning\u00bb size=\u00bblg\u00bb align=\u00bbcenter\u00bb button_block=\u00bbtrue\u00bb css=\u00bb.vc_custom_1753775271899{margin-bottom: 3px !important;border-bottom-width: 3px !important;padding-bottom: 3px !important;}\u00bb link=\u00bburl:%20https%3A%2F%2Fwww.ull.es%2Fportal%2Fcienciaull%2Fvocaciones-tacoronte-recursos%2F\u00bb][vc_btn title=\u00bbCentros participantes\u00bb color=\u00bbdanger\u00bb size=\u00bblg\u00bb align=\u00bbcenter\u00bb button_block=\u00bbtrue\u00bb css=\u00bb.vc_custom_1753779492888{margin-bottom: 3px !important;border-bottom-width: 3px !important;padding-bottom: 3px !important;}\u00bb link=\u00bburl:%20https%3A%2F%2Fwww.ull.es%2Fportal%2Fcienciaull%2Fvocaciones-tacoronte-centros%2F\u00bb][vc_single_image image=\u00bb29602&#8243; img_size=\u00bb250&#215;305&#8243; alignment=\u00bbcenter\u00bb][\/vc_column][\/vc_row]<\/p>\n","protected":false},"excerpt":{"rendered":"<p>[vc_row][vc_column][vc_separator color=\u00bbcustom\u00bb style=\u00bbdouble\u00bb border_width=\u00bb10&#8243; accent_color=\u00bb#862233&#8243;][\/vc_column][\/vc_row][vc_row][vc_column width=\u00bb2\/3&#8243;][vc_empty_space height=\u00bb40px\u00bb][vc_custom_heading text=\u00bbPresentaci\u00f3n\u00bb font_container=\u00bbtag:h2|text_align:left|color:%23000000&#8243; google_fonts=\u00bbfont_family:Roboto%20Slab%3A100%2C300%2Cregular%2C700|font_style:700%20bold%20regular%3A700%3Anormal\u00bb][vc_column_text] El Programa educativo para la dinamizaci\u00f3n del \u201cAula Mit\u00f3n\u201d en el municipio de Tacoronte es un proyecto educativo y divulgativo, que tiene como objetivo principal \u201cfomentar las vocaciones cient\u00edficas y tecnol\u00f3gicas entre el alumnado del municipio, desde edades tempranas, para mejorar su rendimiento escolar e&#8230;<\/p>\n","protected":false},"author":56,"featured_media":0,"parent":0,"menu_order":0,"comment_status":"closed","ping_status":"closed","template":"templates\/cienciaull.php","meta":{"inline_featured_image":false,"footnotes":""},"acf":[],"yoast_head":"<!-- This site is optimized with the Yoast SEO plugin v21.3 - https:\/\/yoast.com\/wordpress\/plugins\/seo\/ -->\n<title>Vocaciones Tacoronte -<\/title>\n<meta name=\"robots\" content=\"index, follow, max-snippet:-1, max-image-preview:large, max-video-preview:-1\" \/>\n<link rel=\"canonical\" href=\"https:\/\/www.ull.es\/portal\/cienciaull\/vocaciones-tacoronte\/\" \/>\n<meta property=\"og:locale\" content=\"es_ES\" \/>\n<meta property=\"og:type\" content=\"article\" \/>\n<meta property=\"og:title\" content=\"Vocaciones Tacoronte -\" \/>\n<meta property=\"og:description\" content=\"[vc_row][vc_column][vc_separator color=\u00bbcustom\u00bb style=\u00bbdouble\u00bb border_width=\u00bb10&#8243; accent_color=\u00bb#862233&#8243;][\/vc_column][\/vc_row][vc_row][vc_column width=\u00bb2\/3&#8243;][vc_empty_space height=\u00bb40px\u00bb][vc_custom_heading text=\u00bbPresentaci\u00f3n\u00bb font_container=\u00bbtag:h2|text_align:left|color:%23000000&#8243; google_fonts=\u00bbfont_family:Roboto%20Slab%3A100%2C300%2Cregular%2C700|font_style:700%20bold%20regular%3A700%3Anormal\u00bb][vc_column_text] El Programa educativo para la dinamizaci\u00f3n del \u201cAula Mit\u00f3n\u201d en el municipio de Tacoronte es un proyecto educativo y divulgativo, que tiene como objetivo principal \u201cfomentar las vocaciones cient\u00edficas y tecnol\u00f3gicas entre el alumnado del municipio, desde edades tempranas, para mejorar su rendimiento escolar e...\" \/>\n<meta property=\"og:url\" content=\"https:\/\/www.ull.es\/portal\/cienciaull\/vocaciones-tacoronte\/\" \/>\n<meta property=\"article:publisher\" content=\"https:\/\/www.facebook.com\/CienciaULL\/\" \/>\n<meta property=\"article:modified_time\" content=\"2025-09-01T13:58:11+00:00\" \/>\n<meta name=\"twitter:card\" content=\"summary_large_image\" \/>\n<meta name=\"twitter:site\" content=\"@CienciaULL\" \/>\n<meta name=\"twitter:label1\" content=\"Tiempo de lectura\" \/>\n\t<meta name=\"twitter:data1\" content=\"2 minutos\" \/>\n<script type=\"application\/ld+json\" class=\"yoast-schema-graph\">{\"@context\":\"https:\/\/schema.org\",\"@graph\":[{\"@type\":\"WebPage\",\"@id\":\"https:\/\/www.ull.es\/portal\/cienciaull\/vocaciones-tacoronte\/\",\"url\":\"https:\/\/www.ull.es\/portal\/cienciaull\/vocaciones-tacoronte\/\",\"name\":\"Vocaciones Tacoronte -\",\"isPartOf\":{\"@id\":\"https:\/\/www.ull.es\/portal\/cienciaull\/#website\"},\"datePublished\":\"2024-04-02T11:49:31+00:00\",\"dateModified\":\"2025-09-01T13:58:11+00:00\",\"breadcrumb\":{\"@id\":\"https:\/\/www.ull.es\/portal\/cienciaull\/vocaciones-tacoronte\/#breadcrumb\"},\"inLanguage\":\"es\",\"potentialAction\":[{\"@type\":\"ReadAction\",\"target\":[\"https:\/\/www.ull.es\/portal\/cienciaull\/vocaciones-tacoronte\/\"]}]},{\"@type\":\"BreadcrumbList\",\"@id\":\"https:\/\/www.ull.es\/portal\/cienciaull\/vocaciones-tacoronte\/#breadcrumb\",\"itemListElement\":[{\"@type\":\"ListItem\",\"position\":1,\"name\":\"Portada\",\"item\":\"https:\/\/www.ull.es\/portal\/cienciaull\/\"},{\"@type\":\"ListItem\",\"position\":2,\"name\":\"Vocaciones Tacoronte\"}]},{\"@type\":\"WebSite\",\"@id\":\"https:\/\/www.ull.es\/portal\/cienciaull\/#website\",\"url\":\"https:\/\/www.ull.es\/portal\/cienciaull\/\",\"name\":\"\",\"description\":\"Unidad de Cultura Cient\u00edfica y de la Innovaci\u00f3n de la Universidad de La Laguna\",\"potentialAction\":[{\"@type\":\"SearchAction\",\"target\":{\"@type\":\"EntryPoint\",\"urlTemplate\":\"https:\/\/www.ull.es\/portal\/cienciaull\/?s={search_term_string}\"},\"query-input\":\"required name=search_term_string\"}],\"inLanguage\":\"es\"}]}<\/script>\n<!-- \/ Yoast SEO plugin. -->","yoast_head_json":{"title":"Vocaciones Tacoronte -","robots":{"index":"index","follow":"follow","max-snippet":"max-snippet:-1","max-image-preview":"max-image-preview:large","max-video-preview":"max-video-preview:-1"},"canonical":"https:\/\/www.ull.es\/portal\/cienciaull\/vocaciones-tacoronte\/","og_locale":"es_ES","og_type":"article","og_title":"Vocaciones Tacoronte -","og_description":"[vc_row][vc_column][vc_separator color=\u00bbcustom\u00bb style=\u00bbdouble\u00bb border_width=\u00bb10&#8243; accent_color=\u00bb#862233&#8243;][\/vc_column][\/vc_row][vc_row][vc_column width=\u00bb2\/3&#8243;][vc_empty_space height=\u00bb40px\u00bb][vc_custom_heading text=\u00bbPresentaci\u00f3n\u00bb font_container=\u00bbtag:h2|text_align:left|color:%23000000&#8243; google_fonts=\u00bbfont_family:Roboto%20Slab%3A100%2C300%2Cregular%2C700|font_style:700%20bold%20regular%3A700%3Anormal\u00bb][vc_column_text] El Programa educativo para la dinamizaci\u00f3n del \u201cAula Mit\u00f3n\u201d en el municipio de Tacoronte es un proyecto educativo y divulgativo, que tiene como objetivo principal \u201cfomentar las vocaciones cient\u00edficas y tecnol\u00f3gicas entre el alumnado del municipio, desde edades tempranas, para mejorar su rendimiento escolar e...","og_url":"https:\/\/www.ull.es\/portal\/cienciaull\/vocaciones-tacoronte\/","article_publisher":"https:\/\/www.facebook.com\/CienciaULL\/","article_modified_time":"2025-09-01T13:58:11+00:00","twitter_card":"summary_large_image","twitter_site":"@CienciaULL","twitter_misc":{"Tiempo de lectura":"2 minutos"},"schema":{"@context":"https:\/\/schema.org","@graph":[{"@type":"WebPage","@id":"https:\/\/www.ull.es\/portal\/cienciaull\/vocaciones-tacoronte\/","url":"https:\/\/www.ull.es\/portal\/cienciaull\/vocaciones-tacoronte\/","name":"Vocaciones Tacoronte -","isPartOf":{"@id":"https:\/\/www.ull.es\/portal\/cienciaull\/#website"},"datePublished":"2024-04-02T11:49:31+00:00","dateModified":"2025-09-01T13:58:11+00:00","breadcrumb":{"@id":"https:\/\/www.ull.es\/portal\/cienciaull\/vocaciones-tacoronte\/#breadcrumb"},"inLanguage":"es","potentialAction":[{"@type":"ReadAction","target":["https:\/\/www.ull.es\/portal\/cienciaull\/vocaciones-tacoronte\/"]}]},{"@type":"BreadcrumbList","@id":"https:\/\/www.ull.es\/portal\/cienciaull\/vocaciones-tacoronte\/#breadcrumb","itemListElement":[{"@type":"ListItem","position":1,"name":"Portada","item":"https:\/\/www.ull.es\/portal\/cienciaull\/"},{"@type":"ListItem","position":2,"name":"Vocaciones Tacoronte"}]},{"@type":"WebSite","@id":"https:\/\/www.ull.es\/portal\/cienciaull\/#website","url":"https:\/\/www.ull.es\/portal\/cienciaull\/","name":"","description":"Unidad de Cultura Cient\u00edfica y de la Innovaci\u00f3n de la Universidad de La Laguna","potentialAction":[{"@type":"SearchAction","target":{"@type":"EntryPoint","urlTemplate":"https:\/\/www.ull.es\/portal\/cienciaull\/?s={search_term_string}"},"query-input":"required name=search_term_string"}],"inLanguage":"es"}]}},"_links":{"self":[{"href":"https:\/\/www.ull.es\/portal\/cienciaull\/wp-json\/wp\/v2\/pages\/27527"}],"collection":[{"href":"https:\/\/www.ull.es\/portal\/cienciaull\/wp-json\/wp\/v2\/pages"}],"about":[{"href":"https:\/\/www.ull.es\/portal\/cienciaull\/wp-json\/wp\/v2\/types\/page"}],"author":[{"embeddable":true,"href":"https:\/\/www.ull.es\/portal\/cienciaull\/wp-json\/wp\/v2\/users\/56"}],"replies":[{"embeddable":true,"href":"https:\/\/www.ull.es\/portal\/cienciaull\/wp-json\/wp\/v2\/comments?post=27527"}],"version-history":[{"count":47,"href":"https:\/\/www.ull.es\/portal\/cienciaull\/wp-json\/wp\/v2\/pages\/27527\/revisions"}],"predecessor-version":[{"id":35227,"href":"https:\/\/www.ull.es\/portal\/cienciaull\/wp-json\/wp\/v2\/pages\/27527\/revisions\/35227"}],"wp:attachment":[{"href":"https:\/\/www.ull.es\/portal\/cienciaull\/wp-json\/wp\/v2\/media?parent=27527"}],"curies":[{"name":"wp","href":"https:\/\/api.w.org\/{rel}","templated":true}]}}