{"id":27548,"date":"2024-04-02T11:58:14","date_gmt":"2024-04-02T11:58:14","guid":{"rendered":"https:\/\/www.ull.es\/portal\/cienciaull\/?page_id=27548"},"modified":"2025-09-01T13:53:08","modified_gmt":"2025-09-01T13:53:08","slug":"vocaciones-tacoronte-objetivos","status":"publish","type":"page","link":"https:\/\/www.ull.es\/portal\/cienciaull\/vocaciones-tacoronte-objetivos\/","title":{"rendered":"Vocaciones Tacoronte Objetivos"},"content":{"rendered":"<p>[vc_row][vc_column]\n<div id=\"rev_slider_284_1_wrapper\" class=\"rev_slider_wrapper fullwidthbanner-container\" data-source=\"gallery\" style=\"margin:0px auto;background:transparent;padding:0px;margin-top:0px;margin-bottom:0px;\">\n<!-- START REVOLUTION SLIDER 5.4.7.3 auto mode -->\n\t<div id=\"rev_slider_284_1\" class=\"rev_slider fullwidthabanner\" style=\"display:none;\" data-version=\"5.4.7.3\">\n<ul>\t<!-- SLIDE  -->\n\t<li data-index=\"rs-333\" data-transition=\"fade\" data-slotamount=\"default\" data-hideafterloop=\"0\" data-hideslideonmobile=\"off\"  data-easein=\"default\" data-easeout=\"default\" data-masterspeed=\"300\"  data-rotate=\"0\"  data-saveperformance=\"off\"  data-title=\"Slide\" data-param1=\"\" data-param2=\"\" data-param3=\"\" data-param4=\"\" data-param5=\"\" data-param6=\"\" data-param7=\"\" data-param8=\"\" data-param9=\"\" data-param10=\"\" data-description=\"\">\n\t\t<!-- MAIN IMAGE -->\n\t\t<img src=\"https:\/\/www.ull.es\/portal\/cienciaull\/wp-content\/uploads\/sites\/24\/2025\/05\/mitonbanner.png\"  alt=\"\" title=\"mitonbanner\"  width=\"1500\" height=\"500\" data-bgposition=\"center center\" data-bgfit=\"cover\" data-bgrepeat=\"no-repeat\" class=\"rev-slidebg\" data-no-retina>\n\t\t<!-- LAYERS -->\n\t<\/li>\n<\/ul>\n<div class=\"tp-bannertimer tp-bottom\" style=\"visibility: hidden !important;\"><\/div>\t<\/div>\n<script>var htmlDiv = document.getElementById(\"rs-plugin-settings-inline-css\"); var htmlDivCss=\"\";\r\n\t\t\t\tif(htmlDiv) {\r\n\t\t\t\t\thtmlDiv.innerHTML = htmlDiv.innerHTML + htmlDivCss;\r\n\t\t\t\t}else{\r\n\t\t\t\t\tvar htmlDiv = document.createElement(\"div\");\r\n\t\t\t\t\thtmlDiv.innerHTML = \"<style>\" + htmlDivCss + \"<\/style>\";\r\n\t\t\t\t\tdocument.getElementsByTagName(\"head\")[0].appendChild(htmlDiv.childNodes[0]);\r\n\t\t\t\t}\r\n\t\t\t<\/script>\n\t\t<script type=\"text\/javascript\">\r\nif (setREVStartSize!==undefined) setREVStartSize(\r\n\t{c: '#rev_slider_284_1', gridwidth: [1500], gridheight: [500], sliderLayout: 'auto'});\r\n\t\t\t\r\nvar revapi284,\r\n\ttpj;\t\r\n(function() {\t\t\t\r\n\tif (!\/loaded|interactive|complete\/.test(document.readyState)) document.addEventListener(\"DOMContentLoaded\",onLoad); else onLoad();\t\r\n\tfunction onLoad() {\t\t\t\t\r\n\t\tif (tpj===undefined) { tpj = jQuery; if(\"off\" == \"on\") tpj.noConflict();}\r\n\tif(tpj(\"#rev_slider_284_1\").revolution == undefined){\n\t\trevslider_showDoubleJqueryError(\"#rev_slider_284_1\");\n\t}else{\n\t\trevapi284 = tpj(\"#rev_slider_284_1\").show().revolution({\n\t\t\tsliderType:\"hero\",\n\t\t\tjsFileLocation:\"\/\/www.ull.es\/portal\/cienciaull\/wp-content\/plugins\/revslider\/public\/assets\/js\/\",\n\t\t\tsliderLayout:\"auto\",\n\t\t\tdottedOverlay:\"none\",\n\t\t\tdelay:9000,\n\t\t\tvisibilityLevels:[1240,1024,778,480],\n\t\t\tgridwidth:1500,\n\t\t\tgridheight:500,\n\t\t\tlazyType:\"none\",\n\t\t\tshadow:0,\n\t\t\tspinner:\"spinner0\",\n\t\t\tautoHeight:\"off\",\n\t\t\tdisableProgressBar:\"on\",\n\t\t\thideThumbsOnMobile:\"off\",\n\t\t\thideSliderAtLimit:0,\n\t\t\thideCaptionAtLimit:0,\n\t\t\thideAllCaptionAtLilmit:0,\n\t\t\tdebugMode:false,\n\t\t\tfallbacks: {\n\t\t\t\tsimplifyAll:\"off\",\n\t\t\t\tdisableFocusListener:false,\n\t\t\t}\n\t\t});\n\t}; \/* END OF revapi call *\/\n\t\n }; \/* END OF ON LOAD FUNCTION *\/\r\n}()); \/* END OF WRAPPING FUNCTION *\/\r\n<\/script>\r\n\t\t<\/div><!-- END REVOLUTION SLIDER -->[vc_separator color=\u00bbcustom\u00bb style=\u00bbdouble\u00bb border_width=\u00bb10&#8243; accent_color=\u00bb#862233&#8243;][\/vc_column][\/vc_row][vc_row][vc_column width=\u00bb2\/3&#8243;][vc_empty_space height=\u00bb40px\u00bb][vc_custom_heading text=\u00bbObjetivos\u00bb font_container=\u00bbtag:h2|text_align:left|color:%23000000&#8243; google_fonts=\u00bbfont_family:Roboto%20Slab%3A100%2C300%2Cregular%2C700|font_style:700%20bold%20regular%3A700%3Anormal\u00bb][vc_message message_box_color=\u00bborange\u00bb icon_fontawesome=\u00bbfas fa-school\u00bb]Dotar de contenido un recurso propio del municipio como son las aulas mit\u00f3n.[\/vc_message][vc_message message_box_color=\u00bbjuicy_pink\u00bb icon_fontawesome=\u00bbfas fa-microscope\u00bb]Sembrar la curiosidad cient\u00edfica en aquellos estudiantes que no han identificado su vocaci\u00f3n profesional.[\/vc_message][vc_message message_box_color=\u00bborange\u00bb icon_fontawesome=\u00bbfas fa-user-graduate\u00bb]Mejorar la cultura y conocimientos cient\u00edficos de la sociedad, en especial del alumnado de primaria, secundaria, bachillerato y formaci\u00f3n profesional, a trav\u00e9s de la difusi\u00f3n y divulgaci\u00f3n de la actividad investigadora generada en la ULL u otros centros deI+D.[\/vc_message][vc_message message_box_color=\u00bbjuicy_pink\u00bb icon_fontawesome=\u00bbfas fa-flask\u00bb]Potenciar la creatividad, el emprendimiento y el talento innovador del alumnado de secundaria, bachillerato y formaci\u00f3n profesional, mediante la organizaci\u00f3n de talleres, charlas cient\u00edficas y concursos.[\/vc_message][vc_message message_box_color=\u00bborange\u00bb icon_fontawesome=\u00bbfas fa-chalkboard-teacher\u00bb]Mostrar la importancia del contenido de las asignaturas que estudia el alumnado en sus respectivos programas, mediante su aplicabilidad a las necesidades de la vida cotidiana y al \u00e1mbito cient\u00edfico.[\/vc_message][vc_message message_box_color=\u00bbjuicy_pink\u00bb icon_fontawesome=\u00bbfas fa-briefcase\u00bb]Facilitar la labor de orientaci\u00f3n entre el alumnado de secundaria y formaci\u00f3n profesional, a trav\u00e9s de diferentes actuaciones que resuelvan las dudas y cuestiones que se le plantean al alumnado en momentos decisivos de elecci\u00f3n de \u00e1reas de estudio, carreras, etc.[\/vc_message][vc_message message_box_color=\u00bborange\u00bb icon_fontawesome=\u00bbfab fa-slideshare\u00bb]Proporcionar una experiencia investigadora de la mano del personal investigador en formaci\u00f3n de la ULL, para que conozcan la realidad de ser un\/a investigador\/a.[\/vc_message][vc_message message_box_color=\u00bbjuicy_pink\u00bb icon_fontawesome=\u00bbfas fa-building\u00bb]Dar a conocer al alumnado las principales salidas profesionales que ofrecen los diferentes programas formativos que se imparten en la ULL, para potenciar sus posibilidades de \u00e9xito en la elecci\u00f3n de su salida laboral en el \u00e1mbito cient\u00edfico o profesional.[\/vc_message][vc_message message_box_color=\u00bborange\u00bb icon_fontawesome=\u00bbfas fa-map-marked-alt\u00bb]Fomentar el inter\u00e9s y compromiso de los centros educativos y las entidades locales e insulares con respecto a iniciativas complementarias a su formaci\u00f3n.[\/vc_message][\/vc_column][vc_column width=\u00bb1\/3&#8243;][vc_empty_space height=\u00bb130px\u00bb][vc_btn title=\u00bbPresentaci\u00f3n\u00bb color=\u00bbwarning\u00bb size=\u00bblg\u00bb align=\u00bbcenter\u00bb button_block=\u00bbtrue\u00bb link=\u00bburl:%20https%3A%2F%2Fwww.ull.es%2Fportal%2Fcienciaull%2Fvocaciones-tacoronte%2F\u00bb css=\u00bb.vc_custom_1753190983033{margin-bottom: 3px !important;border-bottom-width: 3px !important;padding-bottom: 3px !important;}\u00bb][vc_btn title=\u00bbEdici\u00f3n 2024\/2025&#8243; color=\u00bbdanger\u00bb size=\u00bblg\u00bb align=\u00bbcenter\u00bb button_block=\u00bbtrue\u00bb css=\u00bb.vc_custom_1756734787017{margin-bottom: 3px !important;border-bottom-width: 3px !important;padding-bottom: 3px !important;}\u00bb link=\u00bburl:https%3A%2F%2Fwww.ull.es%2Fportal%2Fcienciaull%2Fvocaciones-tacoronte-actividades-2024%2F\u00bb][vc_btn title=\u00bbEdici\u00f3n 2025\/2026&#8243; color=\u00bbwarning\u00bb size=\u00bblg\u00bb align=\u00bbcenter\u00bb button_block=\u00bbtrue\u00bb css=\u00bb.vc_custom_1756734777487{margin-bottom: 3px !important;border-bottom-width: 3px !important;padding-bottom: 3px !important;}\u00bb link=\u00bburl:https%3A%2F%2Fwww.ull.es%2Fportal%2Fcienciaull%2Fvocaciones-tacoronte-actividades-2025%2F\u00bb][vc_single_image image=\u00bb29590&#8243; img_size=\u00bb300&#215;380&#8243; alignment=\u00bbcenter\u00bb][\/vc_column][\/vc_row]<\/p>\n","protected":false},"excerpt":{"rendered":"<p>[vc_row][vc_column][vc_separator color=\u00bbcustom\u00bb style=\u00bbdouble\u00bb border_width=\u00bb10&#8243; accent_color=\u00bb#862233&#8243;][\/vc_column][\/vc_row][vc_row][vc_column width=\u00bb2\/3&#8243;][vc_empty_space height=\u00bb40px\u00bb][vc_custom_heading text=\u00bbObjetivos\u00bb font_container=\u00bbtag:h2|text_align:left|color:%23000000&#8243; google_fonts=\u00bbfont_family:Roboto%20Slab%3A100%2C300%2Cregular%2C700|font_style:700%20bold%20regular%3A700%3Anormal\u00bb][vc_message message_box_color=\u00bborange\u00bb icon_fontawesome=\u00bbfas fa-school\u00bb]Dotar de contenido un recurso propio del municipio como son las aulas mit\u00f3n.[\/vc_message][vc_message message_box_color=\u00bbjuicy_pink\u00bb icon_fontawesome=\u00bbfas fa-microscope\u00bb]Sembrar la curiosidad cient\u00edfica en aquellos estudiantes que no han identificado su vocaci\u00f3n profesional.[\/vc_message][vc_message message_box_color=\u00bborange\u00bb icon_fontawesome=\u00bbfas fa-user-graduate\u00bb]Mejorar la cultura y conocimientos cient\u00edficos de la sociedad, en especial del&#8230;<\/p>\n","protected":false},"author":56,"featured_media":0,"parent":0,"menu_order":0,"comment_status":"closed","ping_status":"closed","template":"templates\/cienciaull.php","meta":{"inline_featured_image":false,"footnotes":""},"acf":[],"yoast_head":"<!-- This site is optimized with the Yoast SEO plugin v21.3 - https:\/\/yoast.com\/wordpress\/plugins\/seo\/ -->\n<title>Vocaciones Tacoronte Objetivos -<\/title>\n<meta name=\"robots\" content=\"index, follow, max-snippet:-1, max-image-preview:large, max-video-preview:-1\" \/>\n<link rel=\"canonical\" href=\"https:\/\/www.ull.es\/portal\/cienciaull\/vocaciones-tacoronte-objetivos\/\" \/>\n<meta property=\"og:locale\" content=\"es_ES\" \/>\n<meta property=\"og:type\" content=\"article\" \/>\n<meta property=\"og:title\" content=\"Vocaciones Tacoronte Objetivos -\" \/>\n<meta property=\"og:description\" content=\"[vc_row][vc_column][vc_separator color=\u00bbcustom\u00bb style=\u00bbdouble\u00bb border_width=\u00bb10&#8243; accent_color=\u00bb#862233&#8243;][\/vc_column][\/vc_row][vc_row][vc_column width=\u00bb2\/3&#8243;][vc_empty_space height=\u00bb40px\u00bb][vc_custom_heading text=\u00bbObjetivos\u00bb font_container=\u00bbtag:h2|text_align:left|color:%23000000&#8243; google_fonts=\u00bbfont_family:Roboto%20Slab%3A100%2C300%2Cregular%2C700|font_style:700%20bold%20regular%3A700%3Anormal\u00bb][vc_message message_box_color=\u00bborange\u00bb icon_fontawesome=\u00bbfas fa-school\u00bb]Dotar de contenido un recurso propio del municipio como son las aulas mit\u00f3n.[\/vc_message][vc_message message_box_color=\u00bbjuicy_pink\u00bb icon_fontawesome=\u00bbfas fa-microscope\u00bb]Sembrar la curiosidad cient\u00edfica en aquellos estudiantes que no han identificado su vocaci\u00f3n profesional.[\/vc_message][vc_message message_box_color=\u00bborange\u00bb icon_fontawesome=\u00bbfas fa-user-graduate\u00bb]Mejorar la cultura y conocimientos cient\u00edficos de la sociedad, en especial del...\" \/>\n<meta property=\"og:url\" content=\"https:\/\/www.ull.es\/portal\/cienciaull\/vocaciones-tacoronte-objetivos\/\" \/>\n<meta property=\"article:publisher\" content=\"https:\/\/www.facebook.com\/CienciaULL\/\" \/>\n<meta property=\"article:modified_time\" content=\"2025-09-01T13:53:08+00:00\" \/>\n<meta name=\"twitter:card\" content=\"summary_large_image\" \/>\n<meta name=\"twitter:site\" content=\"@CienciaULL\" \/>\n<meta name=\"twitter:label1\" content=\"Tiempo de lectura\" \/>\n\t<meta name=\"twitter:data1\" content=\"2 minutos\" \/>\n<script type=\"application\/ld+json\" class=\"yoast-schema-graph\">{\"@context\":\"https:\/\/schema.org\",\"@graph\":[{\"@type\":\"WebPage\",\"@id\":\"https:\/\/www.ull.es\/portal\/cienciaull\/vocaciones-tacoronte-objetivos\/\",\"url\":\"https:\/\/www.ull.es\/portal\/cienciaull\/vocaciones-tacoronte-objetivos\/\",\"name\":\"Vocaciones Tacoronte Objetivos -\",\"isPartOf\":{\"@id\":\"https:\/\/www.ull.es\/portal\/cienciaull\/#website\"},\"datePublished\":\"2024-04-02T11:58:14+00:00\",\"dateModified\":\"2025-09-01T13:53:08+00:00\",\"breadcrumb\":{\"@id\":\"https:\/\/www.ull.es\/portal\/cienciaull\/vocaciones-tacoronte-objetivos\/#breadcrumb\"},\"inLanguage\":\"es\",\"potentialAction\":[{\"@type\":\"ReadAction\",\"target\":[\"https:\/\/www.ull.es\/portal\/cienciaull\/vocaciones-tacoronte-objetivos\/\"]}]},{\"@type\":\"BreadcrumbList\",\"@id\":\"https:\/\/www.ull.es\/portal\/cienciaull\/vocaciones-tacoronte-objetivos\/#breadcrumb\",\"itemListElement\":[{\"@type\":\"ListItem\",\"position\":1,\"name\":\"Portada\",\"item\":\"https:\/\/www.ull.es\/portal\/cienciaull\/\"},{\"@type\":\"ListItem\",\"position\":2,\"name\":\"Vocaciones Tacoronte Objetivos\"}]},{\"@type\":\"WebSite\",\"@id\":\"https:\/\/www.ull.es\/portal\/cienciaull\/#website\",\"url\":\"https:\/\/www.ull.es\/portal\/cienciaull\/\",\"name\":\"\",\"description\":\"Unidad de Cultura Cient\u00edfica y de la Innovaci\u00f3n de la Universidad de La Laguna\",\"potentialAction\":[{\"@type\":\"SearchAction\",\"target\":{\"@type\":\"EntryPoint\",\"urlTemplate\":\"https:\/\/www.ull.es\/portal\/cienciaull\/?s={search_term_string}\"},\"query-input\":\"required name=search_term_string\"}],\"inLanguage\":\"es\"}]}<\/script>\n<!-- \/ Yoast SEO plugin. -->","yoast_head_json":{"title":"Vocaciones Tacoronte Objetivos -","robots":{"index":"index","follow":"follow","max-snippet":"max-snippet:-1","max-image-preview":"max-image-preview:large","max-video-preview":"max-video-preview:-1"},"canonical":"https:\/\/www.ull.es\/portal\/cienciaull\/vocaciones-tacoronte-objetivos\/","og_locale":"es_ES","og_type":"article","og_title":"Vocaciones Tacoronte Objetivos -","og_description":"[vc_row][vc_column][vc_separator color=\u00bbcustom\u00bb style=\u00bbdouble\u00bb border_width=\u00bb10&#8243; accent_color=\u00bb#862233&#8243;][\/vc_column][\/vc_row][vc_row][vc_column width=\u00bb2\/3&#8243;][vc_empty_space height=\u00bb40px\u00bb][vc_custom_heading text=\u00bbObjetivos\u00bb font_container=\u00bbtag:h2|text_align:left|color:%23000000&#8243; google_fonts=\u00bbfont_family:Roboto%20Slab%3A100%2C300%2Cregular%2C700|font_style:700%20bold%20regular%3A700%3Anormal\u00bb][vc_message message_box_color=\u00bborange\u00bb icon_fontawesome=\u00bbfas fa-school\u00bb]Dotar de contenido un recurso propio del municipio como son las aulas mit\u00f3n.[\/vc_message][vc_message message_box_color=\u00bbjuicy_pink\u00bb icon_fontawesome=\u00bbfas fa-microscope\u00bb]Sembrar la curiosidad cient\u00edfica en aquellos estudiantes que no han identificado su vocaci\u00f3n profesional.[\/vc_message][vc_message message_box_color=\u00bborange\u00bb icon_fontawesome=\u00bbfas fa-user-graduate\u00bb]Mejorar la cultura y conocimientos cient\u00edficos de la sociedad, en especial del...","og_url":"https:\/\/www.ull.es\/portal\/cienciaull\/vocaciones-tacoronte-objetivos\/","article_publisher":"https:\/\/www.facebook.com\/CienciaULL\/","article_modified_time":"2025-09-01T13:53:08+00:00","twitter_card":"summary_large_image","twitter_site":"@CienciaULL","twitter_misc":{"Tiempo de lectura":"2 minutos"},"schema":{"@context":"https:\/\/schema.org","@graph":[{"@type":"WebPage","@id":"https:\/\/www.ull.es\/portal\/cienciaull\/vocaciones-tacoronte-objetivos\/","url":"https:\/\/www.ull.es\/portal\/cienciaull\/vocaciones-tacoronte-objetivos\/","name":"Vocaciones Tacoronte Objetivos -","isPartOf":{"@id":"https:\/\/www.ull.es\/portal\/cienciaull\/#website"},"datePublished":"2024-04-02T11:58:14+00:00","dateModified":"2025-09-01T13:53:08+00:00","breadcrumb":{"@id":"https:\/\/www.ull.es\/portal\/cienciaull\/vocaciones-tacoronte-objetivos\/#breadcrumb"},"inLanguage":"es","potentialAction":[{"@type":"ReadAction","target":["https:\/\/www.ull.es\/portal\/cienciaull\/vocaciones-tacoronte-objetivos\/"]}]},{"@type":"BreadcrumbList","@id":"https:\/\/www.ull.es\/portal\/cienciaull\/vocaciones-tacoronte-objetivos\/#breadcrumb","itemListElement":[{"@type":"ListItem","position":1,"name":"Portada","item":"https:\/\/www.ull.es\/portal\/cienciaull\/"},{"@type":"ListItem","position":2,"name":"Vocaciones Tacoronte Objetivos"}]},{"@type":"WebSite","@id":"https:\/\/www.ull.es\/portal\/cienciaull\/#website","url":"https:\/\/www.ull.es\/portal\/cienciaull\/","name":"","description":"Unidad de Cultura Cient\u00edfica y de la Innovaci\u00f3n de la Universidad de La Laguna","potentialAction":[{"@type":"SearchAction","target":{"@type":"EntryPoint","urlTemplate":"https:\/\/www.ull.es\/portal\/cienciaull\/?s={search_term_string}"},"query-input":"required name=search_term_string"}],"inLanguage":"es"}]}},"_links":{"self":[{"href":"https:\/\/www.ull.es\/portal\/cienciaull\/wp-json\/wp\/v2\/pages\/27548"}],"collection":[{"href":"https:\/\/www.ull.es\/portal\/cienciaull\/wp-json\/wp\/v2\/pages"}],"about":[{"href":"https:\/\/www.ull.es\/portal\/cienciaull\/wp-json\/wp\/v2\/types\/page"}],"author":[{"embeddable":true,"href":"https:\/\/www.ull.es\/portal\/cienciaull\/wp-json\/wp\/v2\/users\/56"}],"replies":[{"embeddable":true,"href":"https:\/\/www.ull.es\/portal\/cienciaull\/wp-json\/wp\/v2\/comments?post=27548"}],"version-history":[{"count":19,"href":"https:\/\/www.ull.es\/portal\/cienciaull\/wp-json\/wp\/v2\/pages\/27548\/revisions"}],"predecessor-version":[{"id":34806,"href":"https:\/\/www.ull.es\/portal\/cienciaull\/wp-json\/wp\/v2\/pages\/27548\/revisions\/34806"}],"wp:attachment":[{"href":"https:\/\/www.ull.es\/portal\/cienciaull\/wp-json\/wp\/v2\/media?parent=27548"}],"curies":[{"name":"wp","href":"https:\/\/api.w.org\/{rel}","templated":true}]}}