{"id":27710,"date":"2024-04-03T14:15:03","date_gmt":"2024-04-03T14:15:03","guid":{"rendered":"https:\/\/www.ull.es\/portal\/cienciaull\/?page_id=27710"},"modified":"2025-07-29T09:15:39","modified_gmt":"2025-07-29T09:15:39","slug":"vocaciones-tacoronte-actividad-3-2024","status":"publish","type":"page","link":"https:\/\/www.ull.es\/portal\/cienciaull\/vocaciones-tacoronte-actividad-3-2024\/","title":{"rendered":"Vocaciones Tacoronte Actividad 3 2024"},"content":{"rendered":"<p>[vc_row][vc_column]\n<div id=\"rev_slider_287_1_wrapper\" class=\"rev_slider_wrapper fullwidthbanner-container\" data-source=\"gallery\" style=\"margin:0px auto;background:transparent;padding:0px;margin-top:0px;margin-bottom:0px;\">\n<!-- START REVOLUTION SLIDER 5.4.7.3 auto mode -->\n\t<div id=\"rev_slider_287_1\" class=\"rev_slider fullwidthabanner\" style=\"display:none;\" data-version=\"5.4.7.3\">\n<ul>\t<!-- SLIDE  -->\n\t<li data-index=\"rs-336\" data-transition=\"fade\" data-slotamount=\"default\" data-hideafterloop=\"0\" data-hideslideonmobile=\"off\"  data-easein=\"default\" data-easeout=\"default\" data-masterspeed=\"300\"  data-rotate=\"0\"  data-saveperformance=\"off\"  data-title=\"Slide\" data-param1=\"\" data-param2=\"\" data-param3=\"\" data-param4=\"\" data-param5=\"\" data-param6=\"\" data-param7=\"\" data-param8=\"\" data-param9=\"\" data-param10=\"\" data-description=\"\">\n\t\t<!-- MAIN IMAGE -->\n\t\t<img src=\"https:\/\/www.ull.es\/portal\/cienciaull\/wp-content\/uploads\/sites\/24\/2025\/05\/concurso_escolar_bn.jpg\"  alt=\"\" title=\"concurso_escolar_bn\"  width=\"1600\" height=\"600\" data-bgposition=\"center center\" data-bgfit=\"cover\" data-bgrepeat=\"no-repeat\" class=\"rev-slidebg\" data-no-retina>\n\t\t<!-- LAYERS -->\n\t<\/li>\n<\/ul>\n<div class=\"tp-bannertimer tp-bottom\" style=\"visibility: hidden !important;\"><\/div>\t<\/div>\n<script>var htmlDiv = document.getElementById(\"rs-plugin-settings-inline-css\"); var htmlDivCss=\"\";\r\n\t\t\t\tif(htmlDiv) {\r\n\t\t\t\t\thtmlDiv.innerHTML = htmlDiv.innerHTML + htmlDivCss;\r\n\t\t\t\t}else{\r\n\t\t\t\t\tvar htmlDiv = document.createElement(\"div\");\r\n\t\t\t\t\thtmlDiv.innerHTML = \"<style>\" + htmlDivCss + \"<\/style>\";\r\n\t\t\t\t\tdocument.getElementsByTagName(\"head\")[0].appendChild(htmlDiv.childNodes[0]);\r\n\t\t\t\t}\r\n\t\t\t<\/script>\n\t\t<script type=\"text\/javascript\">\r\nif (setREVStartSize!==undefined) setREVStartSize(\r\n\t{c: '#rev_slider_287_1', gridwidth: [1500], gridheight: [500], sliderLayout: 'auto'});\r\n\t\t\t\r\nvar revapi287,\r\n\ttpj;\t\r\n(function() {\t\t\t\r\n\tif (!\/loaded|interactive|complete\/.test(document.readyState)) document.addEventListener(\"DOMContentLoaded\",onLoad); else onLoad();\t\r\n\tfunction onLoad() {\t\t\t\t\r\n\t\tif (tpj===undefined) { tpj = jQuery; if(\"off\" == \"on\") tpj.noConflict();}\r\n\tif(tpj(\"#rev_slider_287_1\").revolution == undefined){\n\t\trevslider_showDoubleJqueryError(\"#rev_slider_287_1\");\n\t}else{\n\t\trevapi287 = tpj(\"#rev_slider_287_1\").show().revolution({\n\t\t\tsliderType:\"hero\",\n\t\t\tjsFileLocation:\"\/\/www.ull.es\/portal\/cienciaull\/wp-content\/plugins\/revslider\/public\/assets\/js\/\",\n\t\t\tsliderLayout:\"auto\",\n\t\t\tdottedOverlay:\"none\",\n\t\t\tdelay:9000,\n\t\t\tvisibilityLevels:[1240,1024,778,480],\n\t\t\tgridwidth:1500,\n\t\t\tgridheight:500,\n\t\t\tlazyType:\"none\",\n\t\t\tshadow:0,\n\t\t\tspinner:\"spinner0\",\n\t\t\tautoHeight:\"off\",\n\t\t\tdisableProgressBar:\"on\",\n\t\t\thideThumbsOnMobile:\"off\",\n\t\t\thideSliderAtLimit:0,\n\t\t\thideCaptionAtLimit:0,\n\t\t\thideAllCaptionAtLilmit:0,\n\t\t\tdebugMode:false,\n\t\t\tfallbacks: {\n\t\t\t\tsimplifyAll:\"off\",\n\t\t\t\tdisableFocusListener:false,\n\t\t\t}\n\t\t});\n\t}; \/* END OF revapi call *\/\n\t\n }; \/* END OF ON LOAD FUNCTION *\/\r\n}()); \/* END OF WRAPPING FUNCTION *\/\r\n<\/script>\r\n\t\t<\/div><!-- END REVOLUTION SLIDER -->[vc_separator color=\u00bbcustom\u00bb style=\u00bbdouble\u00bb border_width=\u00bb10&#8243; accent_color=\u00bb#862233&#8243;][\/vc_column][\/vc_row][vc_row][vc_column width=\u00bb2\/3&#8243;][vc_empty_space height=\u00bb40px\u00bb][vc_custom_heading text=\u00bbActividad 3. Concurso escolar de proyectos cient\u00edficos\u00bb font_container=\u00bbtag:h2|text_align:left|color:%23000000&#8243; google_fonts=\u00bbfont_family:Roboto%20Slab%3A100%2C300%2Cregular%2C700|font_style:700%20bold%20regular%3A700%3Anormal\u00bb][vc_column_text]<\/p>\n<p style=\"text-align: justify\">Una de estas actividades es el<span style=\"color: #808000\"> <strong><span style=\"color: #ff9900\">I<\/span> <span style=\"color: #ff9900\">Concurso Escolar de Proyectos Cient\u00edficos en Tacoronte<\/span><\/strong><\/span>, que estar\u00e1 dirigido a los centros escolares de municipio. La finalidad de este concurso en ense\u00f1ar al alumnado escolar las diferentes fases del m\u00e9todo cient\u00edfico (desde que se plantea el problema a resolver, hasta que se obtiene la soluci\u00f3n m\u00e1s adecuada y se divulga) a trav\u00e9s de la realizaci\u00f3n de proyectos, que si se precisa podr\u00e1n ser asesorado por doctorandos y doctorandas de la Universidad de La Laguna. Estos proyectos se presentar\u00e1n en un evento final durante el mes de junio de 2025.<\/p>\n<p style=\"text-align: justify\">Este concurso contar\u00e1 con dos modalidades de participaci\u00f3n:<\/p>\n<p style=\"text-align: justify\">\u2022 <strong><span style=\"color: #cc99ff\">Cient\u00edfic@s J\u00fanior:<\/span><\/strong> alumnado de 1o a 3o de la ESO y niveles de FP medio.<\/p>\n<p style=\"text-align: justify\">\u2022 <strong><span style=\"color: #ff6600\">J\u00f3venes Cient\u00edfic@s:<\/span> <\/strong>alumnado 4o de secundaria, bachillerato y niveles de FP superior.<\/p>\n<p style=\"text-align: justify\">A continuaci\u00f3n, se recogen las bases que rigen este concurso escolar:<\/p>\n<p>[\/vc_column_text][vc_separator][vc_column_text]<strong><span style=\"color: #ff9900\">1. Objetivo<\/span><\/strong>[\/vc_column_text][vc_column_text]<\/p>\n<p style=\"text-align: justify\">Potenciar la capacidad del alumnado de los centros escolares de Tacoronte en el desarrollo de proyectos cient\u00edficos dirigidos a dar soluciones a problemas que pueda tener el centro educativo o el municipio vinculados a las siguientes \u00e1reas de trabajo:<\/p>\n<ul style=\"text-align: justify\">\n<li>Turismo<\/li>\n<li>Energ\u00edas renovables<\/li>\n<li>Sostenibilidad y medioambiente<\/li>\n<li>Educaci\u00f3n (nuevos mecanismos o herramientas para mejorar el aprendizaje)<\/li>\n<li>Patrimonio hist\u00f3rico, art\u00edstico y tradicional de la isla<\/li>\n<li>Aplicaci\u00f3n de las nuevas tecnol\u00f3gicas al sector servicios<\/li>\n<li>Agroalimentaci\u00f3n<\/li>\n<\/ul>\n<p style=\"text-align: justify\">Los proyectos deber\u00e1n pasar por cada una de las fases del m\u00e9todo cient\u00edfico, desde que se plantea el problema a resolver, hasta que se obtiene la soluci\u00f3n m\u00e1s adecuada y se divulga. Para ello, se deber seguir una hoja elaborada por el equipo de Cienci@ULL. Los proyectos podr\u00e1n contar con el asesoramiento de personal investigador en formaci\u00f3n de la ULL para su realizaci\u00f3n si lo necesitan. Y se presentaran en abril en un evento final precedido por una comisi\u00f3n de evaluaci\u00f3n.<\/p>\n<p>[\/vc_column_text][vc_separator][vc_column_text]<strong><span style=\"color: #ff9900\">2. Participantes<\/span><\/strong>[\/vc_column_text][vc_column_text]Centros educativos de primaria, secundaria, bachillerato y formaci\u00f3n profesional del municipio de Tacoronte, a trav\u00e9s de equipos de trabajo conformados por al menos cinco alumnos\/as y un\/a docente.[\/vc_column_text][vc_separator][vc_column_text]<strong><span style=\"color: #ff9900\">3. Modalidades de participaci\u00f3n<\/span><\/strong>[\/vc_column_text][vc_column_text]Se establecen tres modalidades de participaci\u00f3n, de acuerdo a los diferentes niveles educativos que se imparten en el municipio:<\/p>\n<p><strong>\u2022<\/strong><span style=\"color: #cc99ff\"> <strong>Cient\u00edfic@s J\u00fanior<\/strong><\/span>, alumnado de 1o a 3o de la ESO y niveles de FP medio.<br \/>\n<strong>\u2022<\/strong> <span style=\"color: #ff0000\"><strong>J\u00f3venes Cient\u00edfic@s<\/strong><\/span>, alumnado 4o de secundaria, bachillerato y niveles de FP superior.[\/vc_column_text][vc_separator][vc_column_text]<strong><span style=\"color: #ff9900\">4. Requisitos de los proyectos<\/span><\/strong>[\/vc_column_text][vc_column_text]<\/p>\n<p style=\"text-align: justify\">Los proyectos a concurrir deber\u00e1n a cumplir los siguientes requisitos:<\/p>\n<p style=\"text-align: justify\"><strong>\u2022<\/strong> Cada proyecto ser\u00e1 desarrollado por un grupo de trabajo de al menos 5 alumnos\/as.<br \/>\n<strong>\u2022<\/strong> Cada grupo desarrollar\u00e1 un proyecto relacionado con las \u00e1reas tem\u00e1ticas establecidas en la Base 1.<br \/>\n<strong>\u2022<\/strong> La realizaci\u00f3n de cada proyecto pasar\u00e1 por cada una de las fases del m\u00e9todo cient\u00edfico, desde que se plantea el problema a resolver, hasta que se obtiene la soluci\u00f3n m\u00e1s adecuada y se divulga, siguiendo la hoja de ruta establecida por la organizaci\u00f3n de esta actividad.<br \/>\n<strong>\u2022<\/strong> Los grupos de trabajo estar\u00e1n coordinados por un\/a docente del centro participantes, que ser\u00e1 el\/la responsable de la actividad y contacto con la organizaci\u00f3n.<\/p>\n<p style=\"text-align: justify\">\u2022 Al concluir el proyecto, cada grupo deber\u00e1 presentar una memoria final, que seguir\u00e1 el modelo establecido por la organizaci\u00f3n y tendr\u00e1 un m\u00e1ximo 10 p\u00e1ginas, dentro del plazo establecido. Y ser\u00e1 presentado en un acto final durante el mes de junio de 2025.<br \/>\n<strong>\u2022<\/strong> Tanto la memoria final como su presentaci\u00f3n y divulgaci\u00f3n ser\u00e1n objeto de evaluaci\u00f3n para la elecci\u00f3n de los proyectos ganadores de cada modalidad. Todos los proyectos presentados, sin excepci\u00f3n alguna, ser\u00e1n reconocidos con un diploma de participaci\u00f3n y realizaci\u00f3n de sus proyectos cient\u00edficos.<br \/>\n<strong>\u2022<\/strong> Los proyectos se desarrollar\u00e1n desde el 13 de enero de 2024 al 31 de mayo de 2025.<br \/>\n<strong>\u2022<\/strong> Para la presentaci\u00f3n y exposici\u00f3n de los proyectos en el evento, dispondr\u00e1n de 10 minutos de duraci\u00f3n, apoyada por los medios did\u00e1cticos y audiovisuales que precisen.<br \/>\n<strong>\u2022<\/strong> Una vez en el evento final de cierre, el Comit\u00e9 Evaluador har\u00e1 sus valoraciones atendiendo a criterios de rigor cient\u00edfico, originalidad y calidad de la memoria.<\/p>\n<p>[\/vc_column_text][vc_separator][vc_column_text]<strong><span style=\"color: #ff9900\">5. Premios<\/span><\/strong>[\/vc_column_text][vc_column_text]El mejor proyecto de cada modalidad se premiar\u00e1 con material tecnol\u00f3gico para el centro escolar (c\u00e1mara web, ordenador o impresoras 3D).[\/vc_column_text][vc_separator][vc_column_text]<strong><span style=\"color: #ff9900\">6. Evaluaci\u00f3n de los proyectos<\/span><\/strong>[\/vc_column_text][vc_column_text]<\/p>\n<p style=\"text-align: justify\">Se conformar\u00e1 un comit\u00e9 evaluador, compuesta por un representante del Ayuntamiento de Tacoronte, dos cient\u00edficos\/as de la Universidad de La Laguna, y uno de la Fundaci\u00f3n General de La Universidad de La Laguna, que elegir\u00e1n a los ganadores en funci\u00f3n de los siguientes criterios:<\/p>\n<p style=\"text-align: justify\">\u25cf Originalidad de la idea.<br \/>\n\u25cf Car\u00e1cter cient\u00edfico y divulgativo.<br \/>\n\u25cf Impacto de los resultados de los proyectos en las \u00e1reas de trabajo del municipio de Tacoronte.<br \/>\n\u25cf El material utilizado para su elaboraci\u00f3n y exposici\u00f3n, por ejemplo: que sea econ\u00f3mico y reutilizable para proteger el medio ambiente.<br \/>\n\u25cf La presentaci\u00f3n del trabajo (claridad, rigor y originalidad)<\/p>\n<p>[\/vc_column_text][vc_separator][vc_column_text]<strong><span style=\"color: #ff9900\">7. Inscripci\u00f3n y presentaci\u00f3n de trabajos<\/span><\/strong>[\/vc_column_text][vc_column_text]<\/p>\n<ol>\n<li>La inscripci\u00f3n estar\u00e1 abierta <span style=\"color: #ff9900\"><strong>desde el 04 de noviembre hasta el 31 de mayo de 2025<\/strong><\/span>, para ello deber\u00e1n cumplimentar el formulario: <a href=\"https:\/\/docs.google.com\/forms\/d\/1RUyvEyeDv8o0Tz0-5S1LXD91sBtaztUGjS-jRiuz4qc\" target=\"_blank\" rel=\"noopener\"><strong>Formulario de Inscripci\u00f3n<\/strong><\/a><\/li>\n<li>La memoria del proyecto se presentar\u00e1<span style=\"color: #ff9900\"><strong> antes del 01 de junio de 2025<\/strong><\/span> envi\u00e1ndola a la direcci\u00f3n de correo electr\u00f3nico gciencia@fg.ull.es.<\/li>\n<li>Mostrar al comit\u00e9 evaluador del trabajo realizado por cada equipo de alumnos\/as el <span style=\"color: #ff9900\"><strong>13 de junio de 2025<\/strong><\/span>, en una jornada de presentaci\u00f3n de proyectos, que podr\u00e1 ser virtual o presencial.<\/li>\n<\/ol>\n<p>[\/vc_column_text][vc_separator][vc_column_text]<strong><span style=\"color: #ff9900\">8. Resoluci\u00f3n del concurso<\/span><\/strong>[\/vc_column_text][vc_column_text]<\/p>\n<p style=\"text-align: justify\">La proclamaci\u00f3n de los proyectos ganadores se realizar\u00e1 en la jornada de presentaci\u00f3n de proyectos, es decir el <span style=\"color: #ff9900\"><strong>13 de junio 2025<\/strong><\/span>. Y se difundir\u00e1n por las redes sociales de la Universidad de La Laguna y el Ayuntamiento de Tacoronte.<br \/>\nLa organizaci\u00f3n se reserva el derecho de realizar cambios de fecha o de lugar por motivos de agenda. En cualquier caso, toda variaci\u00f3n ser\u00e1 comunicada con suficiente antelaci\u00f3n a todos los equipos participantes.<\/p>\n<p>[\/vc_column_text][vc_separator][vc_column_text]<strong><span style=\"color: #ff9900\">9. Aceptaci\u00f3n de las bases<\/span><\/strong>[\/vc_column_text][vc_column_text]El hecho de participar en esta actividad presupone la aceptaci\u00f3n total de las de las presentes bases y la conformidad con las decisiones del Comit\u00e9 Evaluador.[\/vc_column_text][vc_separator][vc_column_text]<strong><span style=\"color: #ff9900\">10. Datos de contacto<\/span><\/strong>[\/vc_column_text][vc_column_text]<\/p>\n<p style=\"text-align: justify\">Para cualquier informaci\u00f3n adicional puede contactar con el equipo de la Unidad de Cultura Cient\u00edfica y de la Innovaci\u00f3n de la Universidad de La Laguna (Cienci@ULL), a trav\u00e9s de la direcci\u00f3n de correo electr\u00f3nico <span style=\"color: #ff9900\"><strong>gciencia@fg.ull.es<\/strong><\/span> o el tel\u00e9fono 922 31 99 33.<\/p>\n<p>[\/vc_column_text][vc_separator][vc_column_text]<strong><span style=\"color: #ff9900\">11. Disposiciones finales<\/span><\/strong>[\/vc_column_text][vc_column_text]<\/p>\n<p style=\"text-align: justify\">El Ayuntamiento de Tacoronte y la Fundaci\u00f3n General de la Universidad de La Laguna, se reservan los derechos de cambiar, ampliar o reducir las fechas del calendario de la I edici\u00f3n del <strong>Concurso Escolar de Proyectos Cient\u00edficos en Tacoronte<\/strong> por fuerza mayor.<\/p>\n<p>[\/vc_column_text][vc_empty_space height=\u00bb20px\u00bb][vc_btn title=\u00bbInscripci\u00f3n\u00bb color=\u00bbdanger\u00bb size=\u00bblg\u00bb align=\u00bbcenter\u00bb button_block=\u00bbtrue\u00bb css=\u00bb.vc_custom_1713176727503{margin-bottom: 3px !important;border-bottom-width: 3px !important;padding-bottom: 3px !important;}\u00bb link=\u00bburl:https%3A%2F%2Fdocs.google.com%2Fforms%2Fd%2F1RUyvEyeDv8o0Tz0-5S1LXD91sBtaztUGjS-jRiuz4qc%2Fedit\u00bb][\/vc_column][vc_column width=\u00bb1\/3&#8243;][vc_empty_space height=\u00bb130px\u00bb][vc_btn title=\u00bbPresentaci\u00f3n\u00bb color=\u00bbwarning\u00bb size=\u00bblg\u00bb align=\u00bbcenter\u00bb button_block=\u00bbtrue\u00bb css=\u00bb.vc_custom_1753190570245{margin-bottom: 3px !important;border-bottom-width: 3px !important;padding-bottom: 3px !important;}\u00bb link=\u00bburl:%20https%3A%2F%2Fwww.ull.es%2Fportal%2Fcienciaull%2Fvocaciones-tacoronte%2F\u00bb][vc_btn title=\u00bbPrograma de Actividades\u00bb color=\u00bbdanger\u00bb size=\u00bblg\u00bb align=\u00bbcenter\u00bb button_block=\u00bbtrue\u00bb css=\u00bb.vc_custom_1753190584653{margin-bottom: 3px !important;border-bottom-width: 3px !important;padding-bottom: 3px !important;}\u00bb link=\u00bburl:https%3A%2F%2Fwww.ull.es%2Fportal%2Fcienciaull%2Fvocaciones-tacoronte-actividades-2024%2F\u00bb][vc_btn title=\u00bbBases del concurso\u00bb color=\u00bbwarning\u00bb size=\u00bblg\u00bb align=\u00bbcenter\u00bb button_block=\u00bbtrue\u00bb css=\u00bb.vc_custom_1717746339896{margin-bottom: 3px !important;border-bottom-width: 3px !important;padding-bottom: 3px !important;}\u00bb link=\u00bburl:https%3A%2F%2Fdrive.google.com%2Ffile%2Fd%2F1NtJOI1fACpRSdcKD5zSY-l8cVFMwcrfU%2Fview%3Fusp%3Ddrive_link|title:Bases%20de%20participaci%C3%B3n%2024%2F25&#8243;][vc_btn title=\u00bbInscripci\u00f3n\u00bb color=\u00bbdanger\u00bb size=\u00bblg\u00bb align=\u00bbcenter\u00bb button_block=\u00bbtrue\u00bb css=\u00bb.vc_custom_1713176727503{margin-bottom: 3px !important;border-bottom-width: 3px !important;padding-bottom: 3px !important;}\u00bb link=\u00bburl:https%3A%2F%2Fdocs.google.com%2Fforms%2Fd%2F1RUyvEyeDv8o0Tz0-5S1LXD91sBtaztUGjS-jRiuz4qc%2Fedit\u00bb][vc_btn title=\u00bbRecursos\u00bb color=\u00bbwarning\u00bb size=\u00bblg\u00bb align=\u00bbcenter\u00bb button_block=\u00bbtrue\u00bb css=\u00bb.vc_custom_1753780470718{margin-bottom: 3px !important;border-bottom-width: 3px !important;padding-bottom: 3px !important;}\u00bb link=\u00bburl:https%3A%2F%2Fwww.ull.es%2Fportal%2Fcienciaull%2Fvocaciones-tacoronte-recursos|title:Bases%20de%20participaci%C3%B3n%2024%2F25&#8243;][vc_btn title=\u00bbMultimedia\u00bb color=\u00bbdanger\u00bb size=\u00bblg\u00bb align=\u00bbcenter\u00bb button_block=\u00bbtrue\u00bb css=\u00bb.vc_custom_1753780492073{margin-bottom: 3px !important;border-bottom-width: 3px !important;padding-bottom: 3px !important;}\u00bb link=\u00bburl:https%3A%2F%2Fwww.ull.es%2Fportal%2Fcienciaull%2Fvocaciones-tacoronte-multimedia%2F\u00bb][vc_empty_space height=\u00bb20px\u00bb][vc_single_image image=\u00bb29613&#8243; img_size=\u00bb290&#215;150&#8243; alignment=\u00bbcenter\u00bb][\/vc_column][\/vc_row]<\/p>\n","protected":false},"excerpt":{"rendered":"<p>[vc_row][vc_column][vc_separator color=\u00bbcustom\u00bb style=\u00bbdouble\u00bb border_width=\u00bb10&#8243; accent_color=\u00bb#862233&#8243;][\/vc_column][\/vc_row][vc_row][vc_column width=\u00bb2\/3&#8243;][vc_empty_space height=\u00bb40px\u00bb][vc_custom_heading text=\u00bbActividad 3. Concurso escolar de proyectos cient\u00edficos\u00bb font_container=\u00bbtag:h2|text_align:left|color:%23000000&#8243; google_fonts=\u00bbfont_family:Roboto%20Slab%3A100%2C300%2Cregular%2C700|font_style:700%20bold%20regular%3A700%3Anormal\u00bb][vc_column_text] Una de estas actividades es el I Concurso Escolar de Proyectos Cient\u00edficos en Tacoronte, que estar\u00e1 dirigido a los centros escolares de municipio. La finalidad de este concurso en ense\u00f1ar al alumnado escolar las diferentes fases del m\u00e9todo cient\u00edfico&#8230;<\/p>\n","protected":false},"author":56,"featured_media":0,"parent":0,"menu_order":0,"comment_status":"closed","ping_status":"closed","template":"templates\/cienciaull.php","meta":{"inline_featured_image":false,"footnotes":""},"acf":[],"yoast_head":"<!-- This site is optimized with the Yoast SEO plugin v21.3 - https:\/\/yoast.com\/wordpress\/plugins\/seo\/ -->\n<title>Vocaciones Tacoronte Actividad 3 2024 -<\/title>\n<meta name=\"robots\" content=\"index, follow, max-snippet:-1, max-image-preview:large, max-video-preview:-1\" \/>\n<link rel=\"canonical\" href=\"https:\/\/www.ull.es\/portal\/cienciaull\/vocaciones-tacoronte-actividad-3-2024\/\" \/>\n<meta property=\"og:locale\" content=\"es_ES\" \/>\n<meta property=\"og:type\" content=\"article\" \/>\n<meta property=\"og:title\" content=\"Vocaciones Tacoronte Actividad 3 2024 -\" \/>\n<meta property=\"og:description\" content=\"[vc_row][vc_column][vc_separator color=\u00bbcustom\u00bb style=\u00bbdouble\u00bb border_width=\u00bb10&#8243; accent_color=\u00bb#862233&#8243;][\/vc_column][\/vc_row][vc_row][vc_column width=\u00bb2\/3&#8243;][vc_empty_space height=\u00bb40px\u00bb][vc_custom_heading text=\u00bbActividad 3. Concurso escolar de proyectos cient\u00edficos\u00bb font_container=\u00bbtag:h2|text_align:left|color:%23000000&#8243; google_fonts=\u00bbfont_family:Roboto%20Slab%3A100%2C300%2Cregular%2C700|font_style:700%20bold%20regular%3A700%3Anormal\u00bb][vc_column_text] Una de estas actividades es el I Concurso Escolar de Proyectos Cient\u00edficos en Tacoronte, que estar\u00e1 dirigido a los centros escolares de municipio. La finalidad de este concurso en ense\u00f1ar al alumnado escolar las diferentes fases del m\u00e9todo cient\u00edfico...\" \/>\n<meta property=\"og:url\" content=\"https:\/\/www.ull.es\/portal\/cienciaull\/vocaciones-tacoronte-actividad-3-2024\/\" \/>\n<meta property=\"article:publisher\" content=\"https:\/\/www.facebook.com\/CienciaULL\/\" \/>\n<meta property=\"article:modified_time\" content=\"2025-07-29T09:15:39+00:00\" \/>\n<meta name=\"twitter:card\" content=\"summary_large_image\" \/>\n<meta name=\"twitter:site\" content=\"@CienciaULL\" \/>\n<meta name=\"twitter:label1\" content=\"Tiempo de lectura\" \/>\n\t<meta name=\"twitter:data1\" content=\"6 minutos\" \/>\n<script type=\"application\/ld+json\" class=\"yoast-schema-graph\">{\"@context\":\"https:\/\/schema.org\",\"@graph\":[{\"@type\":\"WebPage\",\"@id\":\"https:\/\/www.ull.es\/portal\/cienciaull\/vocaciones-tacoronte-actividad-3-2024\/\",\"url\":\"https:\/\/www.ull.es\/portal\/cienciaull\/vocaciones-tacoronte-actividad-3-2024\/\",\"name\":\"Vocaciones Tacoronte Actividad 3 2024 -\",\"isPartOf\":{\"@id\":\"https:\/\/www.ull.es\/portal\/cienciaull\/#website\"},\"datePublished\":\"2024-04-03T14:15:03+00:00\",\"dateModified\":\"2025-07-29T09:15:39+00:00\",\"breadcrumb\":{\"@id\":\"https:\/\/www.ull.es\/portal\/cienciaull\/vocaciones-tacoronte-actividad-3-2024\/#breadcrumb\"},\"inLanguage\":\"es\",\"potentialAction\":[{\"@type\":\"ReadAction\",\"target\":[\"https:\/\/www.ull.es\/portal\/cienciaull\/vocaciones-tacoronte-actividad-3-2024\/\"]}]},{\"@type\":\"BreadcrumbList\",\"@id\":\"https:\/\/www.ull.es\/portal\/cienciaull\/vocaciones-tacoronte-actividad-3-2024\/#breadcrumb\",\"itemListElement\":[{\"@type\":\"ListItem\",\"position\":1,\"name\":\"Portada\",\"item\":\"https:\/\/www.ull.es\/portal\/cienciaull\/\"},{\"@type\":\"ListItem\",\"position\":2,\"name\":\"Vocaciones Tacoronte Actividad 3 2024\"}]},{\"@type\":\"WebSite\",\"@id\":\"https:\/\/www.ull.es\/portal\/cienciaull\/#website\",\"url\":\"https:\/\/www.ull.es\/portal\/cienciaull\/\",\"name\":\"\",\"description\":\"Unidad de Cultura Cient\u00edfica y de la Innovaci\u00f3n de la Universidad de La Laguna\",\"potentialAction\":[{\"@type\":\"SearchAction\",\"target\":{\"@type\":\"EntryPoint\",\"urlTemplate\":\"https:\/\/www.ull.es\/portal\/cienciaull\/?s={search_term_string}\"},\"query-input\":\"required name=search_term_string\"}],\"inLanguage\":\"es\"}]}<\/script>\n<!-- \/ Yoast SEO plugin. -->","yoast_head_json":{"title":"Vocaciones Tacoronte Actividad 3 2024 -","robots":{"index":"index","follow":"follow","max-snippet":"max-snippet:-1","max-image-preview":"max-image-preview:large","max-video-preview":"max-video-preview:-1"},"canonical":"https:\/\/www.ull.es\/portal\/cienciaull\/vocaciones-tacoronte-actividad-3-2024\/","og_locale":"es_ES","og_type":"article","og_title":"Vocaciones Tacoronte Actividad 3 2024 -","og_description":"[vc_row][vc_column][vc_separator color=\u00bbcustom\u00bb style=\u00bbdouble\u00bb border_width=\u00bb10&#8243; accent_color=\u00bb#862233&#8243;][\/vc_column][\/vc_row][vc_row][vc_column width=\u00bb2\/3&#8243;][vc_empty_space height=\u00bb40px\u00bb][vc_custom_heading text=\u00bbActividad 3. Concurso escolar de proyectos cient\u00edficos\u00bb font_container=\u00bbtag:h2|text_align:left|color:%23000000&#8243; google_fonts=\u00bbfont_family:Roboto%20Slab%3A100%2C300%2Cregular%2C700|font_style:700%20bold%20regular%3A700%3Anormal\u00bb][vc_column_text] Una de estas actividades es el I Concurso Escolar de Proyectos Cient\u00edficos en Tacoronte, que estar\u00e1 dirigido a los centros escolares de municipio. La finalidad de este concurso en ense\u00f1ar al alumnado escolar las diferentes fases del m\u00e9todo cient\u00edfico...","og_url":"https:\/\/www.ull.es\/portal\/cienciaull\/vocaciones-tacoronte-actividad-3-2024\/","article_publisher":"https:\/\/www.facebook.com\/CienciaULL\/","article_modified_time":"2025-07-29T09:15:39+00:00","twitter_card":"summary_large_image","twitter_site":"@CienciaULL","twitter_misc":{"Tiempo de lectura":"6 minutos"},"schema":{"@context":"https:\/\/schema.org","@graph":[{"@type":"WebPage","@id":"https:\/\/www.ull.es\/portal\/cienciaull\/vocaciones-tacoronte-actividad-3-2024\/","url":"https:\/\/www.ull.es\/portal\/cienciaull\/vocaciones-tacoronte-actividad-3-2024\/","name":"Vocaciones Tacoronte Actividad 3 2024 -","isPartOf":{"@id":"https:\/\/www.ull.es\/portal\/cienciaull\/#website"},"datePublished":"2024-04-03T14:15:03+00:00","dateModified":"2025-07-29T09:15:39+00:00","breadcrumb":{"@id":"https:\/\/www.ull.es\/portal\/cienciaull\/vocaciones-tacoronte-actividad-3-2024\/#breadcrumb"},"inLanguage":"es","potentialAction":[{"@type":"ReadAction","target":["https:\/\/www.ull.es\/portal\/cienciaull\/vocaciones-tacoronte-actividad-3-2024\/"]}]},{"@type":"BreadcrumbList","@id":"https:\/\/www.ull.es\/portal\/cienciaull\/vocaciones-tacoronte-actividad-3-2024\/#breadcrumb","itemListElement":[{"@type":"ListItem","position":1,"name":"Portada","item":"https:\/\/www.ull.es\/portal\/cienciaull\/"},{"@type":"ListItem","position":2,"name":"Vocaciones Tacoronte Actividad 3 2024"}]},{"@type":"WebSite","@id":"https:\/\/www.ull.es\/portal\/cienciaull\/#website","url":"https:\/\/www.ull.es\/portal\/cienciaull\/","name":"","description":"Unidad de Cultura Cient\u00edfica y de la Innovaci\u00f3n de la Universidad de La Laguna","potentialAction":[{"@type":"SearchAction","target":{"@type":"EntryPoint","urlTemplate":"https:\/\/www.ull.es\/portal\/cienciaull\/?s={search_term_string}"},"query-input":"required name=search_term_string"}],"inLanguage":"es"}]}},"_links":{"self":[{"href":"https:\/\/www.ull.es\/portal\/cienciaull\/wp-json\/wp\/v2\/pages\/27710"}],"collection":[{"href":"https:\/\/www.ull.es\/portal\/cienciaull\/wp-json\/wp\/v2\/pages"}],"about":[{"href":"https:\/\/www.ull.es\/portal\/cienciaull\/wp-json\/wp\/v2\/types\/page"}],"author":[{"embeddable":true,"href":"https:\/\/www.ull.es\/portal\/cienciaull\/wp-json\/wp\/v2\/users\/56"}],"replies":[{"embeddable":true,"href":"https:\/\/www.ull.es\/portal\/cienciaull\/wp-json\/wp\/v2\/comments?post=27710"}],"version-history":[{"count":33,"href":"https:\/\/www.ull.es\/portal\/cienciaull\/wp-json\/wp\/v2\/pages\/27710\/revisions"}],"predecessor-version":[{"id":34798,"href":"https:\/\/www.ull.es\/portal\/cienciaull\/wp-json\/wp\/v2\/pages\/27710\/revisions\/34798"}],"wp:attachment":[{"href":"https:\/\/www.ull.es\/portal\/cienciaull\/wp-json\/wp\/v2\/media?parent=27710"}],"curies":[{"name":"wp","href":"https:\/\/api.w.org\/{rel}","templated":true}]}}