{"id":28756,"date":"2024-05-02T13:00:39","date_gmt":"2024-05-02T13:00:39","guid":{"rendered":"https:\/\/www.ull.es\/portal\/cienciaull\/?page_id=28756"},"modified":"2024-05-06T08:15:33","modified_gmt":"2024-05-06T08:15:33","slug":"bernardo-antonio-candela-sanjuan","status":"publish","type":"page","link":"https:\/\/www.ull.es\/portal\/cienciaull\/bernardo-antonio-candela-sanjuan\/","title":{"rendered":"#Bernardo Antonio Candela Sanjuan"},"content":{"rendered":"\t\t<div data-elementor-type=\"wp-page\" data-elementor-id=\"28756\" class=\"elementor elementor-28756\">\n\t\t\t\t\t\t\t<div class=\"elementor-element elementor-element-eb9e299 e-con-boxed e-con\" data-id=\"eb9e299\" data-element_type=\"container\" data-settings=\"{&quot;content_width&quot;:&quot;boxed&quot;}\">\n\t\t\t\t\t<div class=\"e-con-inner\">\n\t\t\t\t<div class=\"elementor-element elementor-element-b2ca120 elementor-widget elementor-widget-image\" data-id=\"b2ca120\" data-element_type=\"widget\" data-widget_type=\"image.default\">\n\t\t\t\t<div class=\"elementor-widget-container\">\n\t\t\t<style>\/*! elementor - v3.9.2 - 21-12-2022 *\/\n.elementor-widget-image{text-align:center}.elementor-widget-image a{display:inline-block}.elementor-widget-image a img[src$=\".svg\"]{width:48px}.elementor-widget-image img{vertical-align:middle;display:inline-block}<\/style>\t\t\t\t\t\t\t\t\t\t\t\t<img decoding=\"async\" loading=\"lazy\" width=\"1140\" height=\"428\" src=\"https:\/\/www.ull.es\/portal\/cienciaull\/wp-content\/uploads\/sites\/24\/2024\/04\/banner_2024-1-1140x428.jpg\" class=\"attachment-page size-page wp-image-27362\" alt=\"\" srcset=\"https:\/\/www.ull.es\/portal\/cienciaull\/wp-content\/uploads\/sites\/24\/2024\/04\/banner_2024-1-1140x428.jpg 1140w, https:\/\/www.ull.es\/portal\/cienciaull\/wp-content\/uploads\/sites\/24\/2024\/04\/banner_2024-1-300x113.jpg 300w, https:\/\/www.ull.es\/portal\/cienciaull\/wp-content\/uploads\/sites\/24\/2024\/04\/banner_2024-1-1024x384.jpg 1024w, https:\/\/www.ull.es\/portal\/cienciaull\/wp-content\/uploads\/sites\/24\/2024\/04\/banner_2024-1-768x288.jpg 768w, https:\/\/www.ull.es\/portal\/cienciaull\/wp-content\/uploads\/sites\/24\/2024\/04\/banner_2024-1-1536x576.jpg 1536w, https:\/\/www.ull.es\/portal\/cienciaull\/wp-content\/uploads\/sites\/24\/2024\/04\/banner_2024-1-2048x768.jpg 2048w, https:\/\/www.ull.es\/portal\/cienciaull\/wp-content\/uploads\/sites\/24\/2024\/04\/banner_2024-1-375x141.jpg 375w, https:\/\/www.ull.es\/portal\/cienciaull\/wp-content\/uploads\/sites\/24\/2024\/04\/banner_2024-1-750x281.jpg 750w\" sizes=\"(max-width: 1140px) 100vw, 1140px\" \/>\t\t\t\t\t\t\t\t\t\t\t\t\t\t\t<\/div>\n\t\t\t\t<\/div>\n\t\t\t\t<div class=\"elementor-element elementor-element-d0b28d6 elementor-grid-3 elementor-grid-tablet-2 elementor-grid-mobile-1 elementor-posts--thumbnail-top elementor-posts--show-avatar elementor-card-shadow-yes elementor-posts__hover-gradient elementor-widget elementor-widget-posts\" data-id=\"d0b28d6\" data-element_type=\"widget\" data-settings=\"{&quot;cards_columns&quot;:&quot;3&quot;,&quot;cards_columns_tablet&quot;:&quot;2&quot;,&quot;cards_columns_mobile&quot;:&quot;1&quot;,&quot;cards_row_gap&quot;:{&quot;unit&quot;:&quot;px&quot;,&quot;size&quot;:35,&quot;sizes&quot;:[]},&quot;cards_row_gap_tablet&quot;:{&quot;unit&quot;:&quot;px&quot;,&quot;size&quot;:&quot;&quot;,&quot;sizes&quot;:[]},&quot;cards_row_gap_mobile&quot;:{&quot;unit&quot;:&quot;px&quot;,&quot;size&quot;:&quot;&quot;,&quot;sizes&quot;:[]}}\" data-widget_type=\"posts.cards\">\n\t\t\t\t<div class=\"elementor-widget-container\">\n\t\t\t<link rel=\"stylesheet\" href=\"https:\/\/www.ull.es\/portal\/cienciaull\/wp-content\/plugins\/elementor-pro\/assets\/css\/widget-posts.min.css\">\t\t<div class=\"elementor-posts-container elementor-posts elementor-posts--skin-cards elementor-grid\">\n\t\t\t\t<article class=\"elementor-post elementor-grid-item post-28608 post type-post status-publish format-standard has-post-thumbnail hentry category-arte-y-humanidades-areas category-arte-y-humanidades-areas-notas-hipotesis category-reportajes tag-220 tag-abril tag-arte-y-humanidades tag-bernardo-antonio-candela-sanjuan tag-carlos-jimenez-martinez tag-dia-internacional-del-diseno tag-noa-real-garcia tag-reportajes\" target=\"_blank\" rel=\"noopener\">\n\t\t\t<div class=\"elementor-post__card\">\n\t\t\t\t<a class=\"elementor-post__thumbnail__link\" href=\"https:\/\/www.ull.es\/portal\/cienciaull\/el-diseno-cambia-nuestras-vidas\/\"  target=\"_blank\" rel=\"noopener\"><div class=\"elementor-post__thumbnail\"><img loading=\"lazy\" width=\"1024\" height=\"683\" src=\"https:\/\/www.ull.es\/portal\/cienciaull\/wp-content\/uploads\/sites\/24\/2024\/05\/Dia-del-diseno-03.jpg\" class=\"attachment-full size-full wp-image-28625\" alt=\"\" decoding=\"async\" srcset=\"https:\/\/www.ull.es\/portal\/cienciaull\/wp-content\/uploads\/sites\/24\/2024\/05\/Dia-del-diseno-03.jpg 1024w, https:\/\/www.ull.es\/portal\/cienciaull\/wp-content\/uploads\/sites\/24\/2024\/05\/Dia-del-diseno-03-300x200.jpg 300w, https:\/\/www.ull.es\/portal\/cienciaull\/wp-content\/uploads\/sites\/24\/2024\/05\/Dia-del-diseno-03-768x512.jpg 768w, https:\/\/www.ull.es\/portal\/cienciaull\/wp-content\/uploads\/sites\/24\/2024\/05\/Dia-del-diseno-03-375x250.jpg 375w, https:\/\/www.ull.es\/portal\/cienciaull\/wp-content\/uploads\/sites\/24\/2024\/05\/Dia-del-diseno-03-750x500.jpg 750w\" sizes=\"(max-width: 1024px) 100vw, 1024px\" \/><\/div><\/a>\n\t\t\t\t<div class=\"elementor-post__avatar\">\n\t\t\t<img alt='gciencia' src='https:\/\/secure.gravatar.com\/avatar\/72ccd1b1a4ea47e7b66bc7cc6944b4e5?s=128&#038;d=mm&#038;r=g' srcset='https:\/\/secure.gravatar.com\/avatar\/72ccd1b1a4ea47e7b66bc7cc6944b4e5?s=256&#038;d=mm&#038;r=g 2x' class='avatar avatar-128 photo' height='128' width='128' loading='lazy' decoding='async'\/>\t\t<\/div>\n\t\t\t\t<div class=\"elementor-post__text\">\n\t\t\t\t<h3 class=\"elementor-post__title\">\n\t\t\t<a href=\"https:\/\/www.ull.es\/portal\/cienciaull\/el-diseno-cambia-nuestras-vidas\/\"  target=\"_blank\" rel=\"noopener\">\n\t\t\t\tEl dise\u00f1o cambia nuestras vidas\t\t\t<\/a>\n\t\t<\/h3>\n\t\t\t\t<div class=\"elementor-post__excerpt\">\n\t\t\t<p>La joven Carolyn Davidson se dirige con paso nervioso a una importante reuni\u00f3n. No era un gran trabajo, pero siempre pon\u00eda todo su empe\u00f1o en cada encargo, no hab\u00eda pedido peque\u00f1o. En esta ocasi\u00f3n la llamada ven\u00eda de una novata empresa deportiva con un nombre muy pretencioso, pues alud\u00eda a la divinidad de la victoria en la mitolog\u00eda griega&#8230;<\/p>\n<p><strong><a href=\"https:\/\/www.ull.es\/portal\/cienciaull\/arte-y-humanidades\/\" target=\"_blank\" rel=\"noopener\">#Arte y Humanidades<\/a><a href=\"https:\/\/www.ull.es\/portal\/cienciaull\/dia-internacional-del-diseno\/\" target=\"_blank\" rel=\"noopener\"> #D\u00eda Internacional del Dise\u00f1o<\/a> <a href=\"https:\/\/www.ull.es\/portal\/cienciaull\/bernardo-antonio-candela-sanjuan\/\" target=\"_blank\" rel=\"noopener\">#Bernardo Antonio Candela Sanjuan<\/a> <a href=\"https:\/\/www.ull.es\/portal\/cienciaull\/bernardo-antonio-candela-sanjuan\/\" target=\"_blank\" rel=\"noopener\">#Noa Real Garc\u00eda<\/a> <a href=\"https:\/\/www.ull.es\/portal\/cienciaull\/carlos-jimenez-martinez\/\" target=\"_blank\" rel=\"noopener\">#Carlos Jim\u00e9nez Mart\u00ednez<\/a> <a href=\"https:\/\/www.ull.es\/portal\/cienciaull\/abril\/\" target=\"_blank\" rel=\"noopener\">#Abril<\/a> <a href=\"https:\/\/www.ull.es\/portal\/cienciaull\/2024-2\/\" target=\"_blank\" rel=\"noopener\">#2024<\/a><\/strong><\/p>\n\t\t<\/div>\n\t\t\t\t<\/div>\n\t\t\t\t<div class=\"elementor-post__meta-data\">\n\t\t\t\t\t<span class=\"elementor-post-date\">\n\t\t\t25 abril, 2024\t\t<\/span>\n\t\t\t\t<span class=\"elementor-post-avatar\">\n\t\t\tNo hay comentarios\t\t<\/span>\n\t\t\t\t<\/div>\n\t\t\t\t\t<\/div>\n\t\t<\/article>\n\t\t\t\t<\/div>\n\t\t\n\t\t\t\t<\/div>\n\t\t\t\t<\/div>\n\t\t\t\t\t<\/div>\n\t\t\t\t<\/div>\n\t\t\t\t\t\t\t<\/div>\n\t\t","protected":false},"excerpt":{"rendered":"<p>\/*! elementor &#8211; v3.9.2 &#8211; 21-12-2022 *\/ .elementor-widget-image{text-align:center}.elementor-widget-image a{display:inline-block}.elementor-widget-image a img[src$=\u00bb.svg\u00bb]{width:48px}.elementor-widget-image img{vertical-align:middle;display:inline-block}<\/p>\n","protected":false},"author":56,"featured_media":0,"parent":0,"menu_order":0,"comment_status":"closed","ping_status":"closed","template":"","meta":{"inline_featured_image":false,"footnotes":""},"acf":[],"yoast_head":"<!-- This site is optimized with the Yoast SEO plugin v21.3 - https:\/\/yoast.com\/wordpress\/plugins\/seo\/ -->\n<title>#Bernardo Antonio Candela Sanjuan -<\/title>\n<meta name=\"robots\" content=\"index, follow, max-snippet:-1, max-image-preview:large, max-video-preview:-1\" \/>\n<link rel=\"canonical\" href=\"https:\/\/www.ull.es\/portal\/cienciaull\/bernardo-antonio-candela-sanjuan\/\" \/>\n<meta property=\"og:locale\" content=\"es_ES\" \/>\n<meta property=\"og:type\" content=\"article\" \/>\n<meta property=\"og:title\" content=\"#Bernardo Antonio Candela Sanjuan -\" \/>\n<meta property=\"og:description\" content=\"\/*! elementor &#8211; v3.9.2 &#8211; 21-12-2022 *\/ .elementor-widget-image{text-align:center}.elementor-widget-image a{display:inline-block}.elementor-widget-image a img[src$=\u00bb.svg\u00bb]{width:48px}.elementor-widget-image img{vertical-align:middle;display:inline-block}\" \/>\n<meta property=\"og:url\" content=\"https:\/\/www.ull.es\/portal\/cienciaull\/bernardo-antonio-candela-sanjuan\/\" \/>\n<meta property=\"article:publisher\" content=\"https:\/\/www.facebook.com\/CienciaULL\/\" \/>\n<meta property=\"article:modified_time\" content=\"2024-05-06T08:15:33+00:00\" \/>\n<meta property=\"og:image\" content=\"https:\/\/www.ull.es\/portal\/cienciaull\/wp-content\/uploads\/sites\/24\/2024\/04\/banner_2024-1-1140x428.jpg\" \/>\n<meta name=\"twitter:card\" content=\"summary_large_image\" \/>\n<meta name=\"twitter:site\" content=\"@CienciaULL\" \/>\n<meta name=\"twitter:label1\" content=\"Tiempo de lectura\" \/>\n\t<meta name=\"twitter:data1\" content=\"2 minutos\" \/>\n<script type=\"application\/ld+json\" class=\"yoast-schema-graph\">{\"@context\":\"https:\/\/schema.org\",\"@graph\":[{\"@type\":\"WebPage\",\"@id\":\"https:\/\/www.ull.es\/portal\/cienciaull\/bernardo-antonio-candela-sanjuan\/\",\"url\":\"https:\/\/www.ull.es\/portal\/cienciaull\/bernardo-antonio-candela-sanjuan\/\",\"name\":\"#Bernardo Antonio Candela Sanjuan -\",\"isPartOf\":{\"@id\":\"https:\/\/www.ull.es\/portal\/cienciaull\/#website\"},\"datePublished\":\"2024-05-02T13:00:39+00:00\",\"dateModified\":\"2024-05-06T08:15:33+00:00\",\"breadcrumb\":{\"@id\":\"https:\/\/www.ull.es\/portal\/cienciaull\/bernardo-antonio-candela-sanjuan\/#breadcrumb\"},\"inLanguage\":\"es\",\"potentialAction\":[{\"@type\":\"ReadAction\",\"target\":[\"https:\/\/www.ull.es\/portal\/cienciaull\/bernardo-antonio-candela-sanjuan\/\"]}]},{\"@type\":\"BreadcrumbList\",\"@id\":\"https:\/\/www.ull.es\/portal\/cienciaull\/bernardo-antonio-candela-sanjuan\/#breadcrumb\",\"itemListElement\":[{\"@type\":\"ListItem\",\"position\":1,\"name\":\"Portada\",\"item\":\"https:\/\/www.ull.es\/portal\/cienciaull\/\"},{\"@type\":\"ListItem\",\"position\":2,\"name\":\"#Bernardo Antonio Candela Sanjuan\"}]},{\"@type\":\"WebSite\",\"@id\":\"https:\/\/www.ull.es\/portal\/cienciaull\/#website\",\"url\":\"https:\/\/www.ull.es\/portal\/cienciaull\/\",\"name\":\"\",\"description\":\"Unidad de Cultura Cient\u00edfica y de la Innovaci\u00f3n de la Universidad de La Laguna\",\"potentialAction\":[{\"@type\":\"SearchAction\",\"target\":{\"@type\":\"EntryPoint\",\"urlTemplate\":\"https:\/\/www.ull.es\/portal\/cienciaull\/?s={search_term_string}\"},\"query-input\":\"required name=search_term_string\"}],\"inLanguage\":\"es\"}]}<\/script>\n<!-- \/ Yoast SEO plugin. -->","yoast_head_json":{"title":"#Bernardo Antonio Candela Sanjuan -","robots":{"index":"index","follow":"follow","max-snippet":"max-snippet:-1","max-image-preview":"max-image-preview:large","max-video-preview":"max-video-preview:-1"},"canonical":"https:\/\/www.ull.es\/portal\/cienciaull\/bernardo-antonio-candela-sanjuan\/","og_locale":"es_ES","og_type":"article","og_title":"#Bernardo Antonio Candela Sanjuan -","og_description":"\/*! elementor &#8211; v3.9.2 &#8211; 21-12-2022 *\/ .elementor-widget-image{text-align:center}.elementor-widget-image a{display:inline-block}.elementor-widget-image a img[src$=\u00bb.svg\u00bb]{width:48px}.elementor-widget-image img{vertical-align:middle;display:inline-block}","og_url":"https:\/\/www.ull.es\/portal\/cienciaull\/bernardo-antonio-candela-sanjuan\/","article_publisher":"https:\/\/www.facebook.com\/CienciaULL\/","article_modified_time":"2024-05-06T08:15:33+00:00","og_image":[{"url":"https:\/\/www.ull.es\/portal\/cienciaull\/wp-content\/uploads\/sites\/24\/2024\/04\/banner_2024-1-1140x428.jpg"}],"twitter_card":"summary_large_image","twitter_site":"@CienciaULL","twitter_misc":{"Tiempo de lectura":"2 minutos"},"schema":{"@context":"https:\/\/schema.org","@graph":[{"@type":"WebPage","@id":"https:\/\/www.ull.es\/portal\/cienciaull\/bernardo-antonio-candela-sanjuan\/","url":"https:\/\/www.ull.es\/portal\/cienciaull\/bernardo-antonio-candela-sanjuan\/","name":"#Bernardo Antonio Candela Sanjuan -","isPartOf":{"@id":"https:\/\/www.ull.es\/portal\/cienciaull\/#website"},"datePublished":"2024-05-02T13:00:39+00:00","dateModified":"2024-05-06T08:15:33+00:00","breadcrumb":{"@id":"https:\/\/www.ull.es\/portal\/cienciaull\/bernardo-antonio-candela-sanjuan\/#breadcrumb"},"inLanguage":"es","potentialAction":[{"@type":"ReadAction","target":["https:\/\/www.ull.es\/portal\/cienciaull\/bernardo-antonio-candela-sanjuan\/"]}]},{"@type":"BreadcrumbList","@id":"https:\/\/www.ull.es\/portal\/cienciaull\/bernardo-antonio-candela-sanjuan\/#breadcrumb","itemListElement":[{"@type":"ListItem","position":1,"name":"Portada","item":"https:\/\/www.ull.es\/portal\/cienciaull\/"},{"@type":"ListItem","position":2,"name":"#Bernardo Antonio Candela Sanjuan"}]},{"@type":"WebSite","@id":"https:\/\/www.ull.es\/portal\/cienciaull\/#website","url":"https:\/\/www.ull.es\/portal\/cienciaull\/","name":"","description":"Unidad de Cultura Cient\u00edfica y de la Innovaci\u00f3n de la Universidad de La Laguna","potentialAction":[{"@type":"SearchAction","target":{"@type":"EntryPoint","urlTemplate":"https:\/\/www.ull.es\/portal\/cienciaull\/?s={search_term_string}"},"query-input":"required name=search_term_string"}],"inLanguage":"es"}]}},"_links":{"self":[{"href":"https:\/\/www.ull.es\/portal\/cienciaull\/wp-json\/wp\/v2\/pages\/28756"}],"collection":[{"href":"https:\/\/www.ull.es\/portal\/cienciaull\/wp-json\/wp\/v2\/pages"}],"about":[{"href":"https:\/\/www.ull.es\/portal\/cienciaull\/wp-json\/wp\/v2\/types\/page"}],"author":[{"embeddable":true,"href":"https:\/\/www.ull.es\/portal\/cienciaull\/wp-json\/wp\/v2\/users\/56"}],"replies":[{"embeddable":true,"href":"https:\/\/www.ull.es\/portal\/cienciaull\/wp-json\/wp\/v2\/comments?post=28756"}],"version-history":[{"count":7,"href":"https:\/\/www.ull.es\/portal\/cienciaull\/wp-json\/wp\/v2\/pages\/28756\/revisions"}],"predecessor-version":[{"id":28867,"href":"https:\/\/www.ull.es\/portal\/cienciaull\/wp-json\/wp\/v2\/pages\/28756\/revisions\/28867"}],"wp:attachment":[{"href":"https:\/\/www.ull.es\/portal\/cienciaull\/wp-json\/wp\/v2\/media?parent=28756"}],"curies":[{"name":"wp","href":"https:\/\/api.w.org\/{rel}","templated":true}]}}