{"id":29179,"date":"2024-05-06T11:03:15","date_gmt":"2024-05-06T11:03:15","guid":{"rendered":"https:\/\/www.ull.es\/portal\/cienciaull\/?page_id=29179"},"modified":"2024-05-06T11:03:38","modified_gmt":"2024-05-06T11:03:38","slug":"febrero","status":"publish","type":"page","link":"https:\/\/www.ull.es\/portal\/cienciaull\/febrero\/","title":{"rendered":"#Febrero"},"content":{"rendered":"\t\t<div data-elementor-type=\"wp-page\" data-elementor-id=\"29179\" class=\"elementor elementor-29179\">\n\t\t\t\t\t\t\t<div class=\"elementor-element elementor-element-eb9e299 e-con-boxed e-con\" data-id=\"eb9e299\" data-element_type=\"container\" data-settings=\"{&quot;content_width&quot;:&quot;boxed&quot;}\">\n\t\t\t\t\t<div class=\"e-con-inner\">\n\t\t\t\t<div class=\"elementor-element elementor-element-b013dc4 elementor-widget elementor-widget-image\" data-id=\"b013dc4\" data-element_type=\"widget\" data-widget_type=\"image.default\">\n\t\t\t\t<div class=\"elementor-widget-container\">\n\t\t\t<style>\/*! elementor - v3.9.2 - 21-12-2022 *\/\n.elementor-widget-image{text-align:center}.elementor-widget-image a{display:inline-block}.elementor-widget-image a img[src$=\".svg\"]{width:48px}.elementor-widget-image img{vertical-align:middle;display:inline-block}<\/style>\t\t\t\t\t\t\t\t\t\t\t\t<img decoding=\"async\" loading=\"lazy\" width=\"1140\" height=\"428\" src=\"https:\/\/www.ull.es\/portal\/cienciaull\/wp-content\/uploads\/sites\/24\/2024\/04\/banner_2024-1-1140x428.jpg\" class=\"attachment-page size-page wp-image-27362\" alt=\"\" srcset=\"https:\/\/www.ull.es\/portal\/cienciaull\/wp-content\/uploads\/sites\/24\/2024\/04\/banner_2024-1-1140x428.jpg 1140w, https:\/\/www.ull.es\/portal\/cienciaull\/wp-content\/uploads\/sites\/24\/2024\/04\/banner_2024-1-300x113.jpg 300w, https:\/\/www.ull.es\/portal\/cienciaull\/wp-content\/uploads\/sites\/24\/2024\/04\/banner_2024-1-1024x384.jpg 1024w, https:\/\/www.ull.es\/portal\/cienciaull\/wp-content\/uploads\/sites\/24\/2024\/04\/banner_2024-1-768x288.jpg 768w, https:\/\/www.ull.es\/portal\/cienciaull\/wp-content\/uploads\/sites\/24\/2024\/04\/banner_2024-1-1536x576.jpg 1536w, https:\/\/www.ull.es\/portal\/cienciaull\/wp-content\/uploads\/sites\/24\/2024\/04\/banner_2024-1-2048x768.jpg 2048w, https:\/\/www.ull.es\/portal\/cienciaull\/wp-content\/uploads\/sites\/24\/2024\/04\/banner_2024-1-375x141.jpg 375w, https:\/\/www.ull.es\/portal\/cienciaull\/wp-content\/uploads\/sites\/24\/2024\/04\/banner_2024-1-750x281.jpg 750w\" sizes=\"(max-width: 1140px) 100vw, 1140px\" \/>\t\t\t\t\t\t\t\t\t\t\t\t\t\t\t<\/div>\n\t\t\t\t<\/div>\n\t\t\t\t<div class=\"elementor-element elementor-element-d0b28d6 elementor-grid-3 elementor-grid-tablet-2 elementor-grid-mobile-1 elementor-posts--thumbnail-top elementor-posts--show-avatar elementor-card-shadow-yes elementor-posts__hover-gradient elementor-widget elementor-widget-posts\" data-id=\"d0b28d6\" data-element_type=\"widget\" data-settings=\"{&quot;cards_columns&quot;:&quot;3&quot;,&quot;cards_columns_tablet&quot;:&quot;2&quot;,&quot;cards_columns_mobile&quot;:&quot;1&quot;,&quot;cards_row_gap&quot;:{&quot;unit&quot;:&quot;px&quot;,&quot;size&quot;:35,&quot;sizes&quot;:[]},&quot;cards_row_gap_tablet&quot;:{&quot;unit&quot;:&quot;px&quot;,&quot;size&quot;:&quot;&quot;,&quot;sizes&quot;:[]},&quot;cards_row_gap_mobile&quot;:{&quot;unit&quot;:&quot;px&quot;,&quot;size&quot;:&quot;&quot;,&quot;sizes&quot;:[]}}\" data-widget_type=\"posts.cards\">\n\t\t\t\t<div class=\"elementor-widget-container\">\n\t\t\t<link rel=\"stylesheet\" href=\"https:\/\/www.ull.es\/portal\/cienciaull\/wp-content\/plugins\/elementor-pro\/assets\/css\/widget-posts.min.css\">\t\t<div class=\"elementor-posts-container elementor-posts elementor-posts--skin-cards elementor-grid\">\n\t\t\t\t<article class=\"elementor-post elementor-grid-item post-37093 post type-post status-publish format-standard has-post-thumbnail hentry category-biomedicina-y-salud category-reportajes tag-479 tag-biomedicina-y-salud tag-dia-mundial-de-las-enfermedades-raras tag-diagnostico tag-eduardo-carlos-salido-ruiz tag-elena-ramos-trujillo tag-enfermedades-raras tag-febrero tag-felicitas-diaz-flores-estevez tag-genetica tag-reportajes\" target=\"_blank\" rel=\"noopener\">\n\t\t\t<div class=\"elementor-post__card\">\n\t\t\t\t<a class=\"elementor-post__thumbnail__link\" href=\"https:\/\/www.ull.es\/portal\/cienciaull\/la-lucha-de-investigar-contra-el-olvido\/\"  target=\"_blank\" rel=\"noopener\"><div class=\"elementor-post__thumbnail\"><img loading=\"lazy\" width=\"1920\" height=\"600\" src=\"https:\/\/www.ull.es\/portal\/cienciaull\/wp-content\/uploads\/sites\/24\/2026\/02\/Portada_dia_27_febnoresize.jpg\" class=\"attachment-full size-full wp-image-37098\" alt=\"\" decoding=\"async\" srcset=\"https:\/\/www.ull.es\/portal\/cienciaull\/wp-content\/uploads\/sites\/24\/2026\/02\/Portada_dia_27_febnoresize.jpg 1920w, https:\/\/www.ull.es\/portal\/cienciaull\/wp-content\/uploads\/sites\/24\/2026\/02\/Portada_dia_27_febnoresize-768x240.jpg 768w, https:\/\/www.ull.es\/portal\/cienciaull\/wp-content\/uploads\/sites\/24\/2026\/02\/Portada_dia_27_febnoresize-1536x480.jpg 1536w, https:\/\/www.ull.es\/portal\/cienciaull\/wp-content\/uploads\/sites\/24\/2026\/02\/Portada_dia_27_febnoresize-375x117.jpg 375w, https:\/\/www.ull.es\/portal\/cienciaull\/wp-content\/uploads\/sites\/24\/2026\/02\/Portada_dia_27_febnoresize-750x234.jpg 750w, https:\/\/www.ull.es\/portal\/cienciaull\/wp-content\/uploads\/sites\/24\/2026\/02\/Portada_dia_27_febnoresize-1140x356.jpg 1140w\" sizes=\"(max-width: 1920px) 100vw, 1920px\" \/><\/div><\/a>\n\t\t\t\t<div class=\"elementor-post__avatar\">\n\t\t\t<img alt='gciencia' src='https:\/\/secure.gravatar.com\/avatar\/72ccd1b1a4ea47e7b66bc7cc6944b4e5?s=128&#038;d=mm&#038;r=g' srcset='https:\/\/secure.gravatar.com\/avatar\/72ccd1b1a4ea47e7b66bc7cc6944b4e5?s=256&#038;d=mm&#038;r=g 2x' class='avatar avatar-128 photo' height='128' width='128' loading='lazy' decoding='async'\/>\t\t<\/div>\n\t\t\t\t<div class=\"elementor-post__text\">\n\t\t\t\t<h3 class=\"elementor-post__title\">\n\t\t\t<a href=\"https:\/\/www.ull.es\/portal\/cienciaull\/la-lucha-de-investigar-contra-el-olvido\/\"  target=\"_blank\" rel=\"noopener\">\n\t\t\t\tLa lucha de investigar contra el olvido\t\t\t<\/a>\n\t\t<\/h3>\n\t\t\t\t<div class=\"elementor-post__excerpt\">\n\t\t\t<p>Las enfermedades raras afectan a millones de personas en todo el mundo, aunque cada una de ellas tenga una baja prevalencia. En Canarias, los datos son especialmente llamativos. Se estima que entre 80.000 y 160.000 personas podr\u00edan padecer algunas de estas patolog\u00edas, una cifra equivalente a casi toda la poblaci\u00f3n de la isla de La Palma o de todo San Crist\u00f3bal de La Laguna&#8230;<\/p>\n<p><strong> <a href=\"https:\/\/www.ull.es\/portal\/cienciaull\/biomedicina-y-salud\/\" target=\"_blank\" rel=\"noopener\">#Biomedicina y Salud<\/a> <a href=\"https:\/\/www.ull.es\/portal\/cienciaull\/dia-mundial-de-las-enfermedades-raras\/\" target=\"_blank\" rel=\"noopener\">#D\u00eda Mundial de las Enfermedades Raras<\/a> <a href=\"https:\/\/www.ull.es\/portal\/cienciaull\/enfermedades-raras\/\" target=\"_blank\" rel=\"noopener\">#Enfermedades Raras<\/a> <a href=\"https:\/\/www.ull.es\/portal\/cienciaull\/diagnostico\/\" target=\"_blank\" rel=\"noopener\">#Diagn\u00f3stico<\/a> <a href=\"https:\/\/www.ull.es\/portal\/cienciaull\/genetica\/\" target=\"_blank\" rel=\"noopener\">#Gen\u00e9tica<\/a> <a href=\"https:\/\/www.ull.es\/portal\/cienciaull\/felicitas-diaz-flores-estevez\/\" target=\"_blank\" rel=\"noopener\">#Fel\u00edcitas D\u00edaz Flores Est\u00e9vez<\/a> <a href=\"https:\/\/www.ull.es\/portal\/cienciaull\/eduardo-carlos-salido-ruiz\/\" target=\"_blank\" rel=\"noopener\">#Eduardo Carlos Salido Ruiz<\/a> <a href=\"https:\/\/www.ull.es\/portal\/cienciaull\/elena-ramos-trujillo\/\" target=\"_blank\" rel=\"noopener\">#Elena Ramos Trujillo<\/a> <a href=\"https:\/\/www.ull.es\/portal\/cienciaull\/febrero\/\" target=\"_blank\" rel=\"noopener\">#Febrero<\/a> <a href=\"https:\/\/www.ull.es\/portal\/cienciaull\/2026-2\/\" target=\"_blank\" rel=\"noopener\">#2026<\/a><\/strong><\/p>\n\t\t<\/div>\n\t\t\t\t<\/div>\n\t\t\t\t<div class=\"elementor-post__meta-data\">\n\t\t\t\t\t<span class=\"elementor-post-date\">\n\t\t\t27 febrero, 2026\t\t<\/span>\n\t\t\t\t<span class=\"elementor-post-avatar\">\n\t\t\tNo hay comentarios\t\t<\/span>\n\t\t\t\t<\/div>\n\t\t\t\t\t<\/div>\n\t\t<\/article>\n\t\t\t\t<article class=\"elementor-post elementor-grid-item post-33499 post type-post status-publish format-standard has-post-thumbnail hentry category-arte-y-humanidades-areas category-arte-y-humanidades-areas-notas-hipotesis category-reportajes tag-362 tag-antonio-cano-gines tag-arte-y-humanidades tag-dia-internacional-de-la-lengua-materna tag-febrero tag-josefa-dorta-luis tag-marcial-morera-perez tag-maria-jose-serrano-montesinos tag-reportajes\" target=\"_blank\" rel=\"noopener\">\n\t\t\t<div class=\"elementor-post__card\">\n\t\t\t\t<a class=\"elementor-post__thumbnail__link\" href=\"https:\/\/www.ull.es\/portal\/cienciaull\/una-lengua-y-cinco-maneras-de-estudiarla\/\"  target=\"_blank\" rel=\"noopener\"><div class=\"elementor-post__thumbnail\"><img loading=\"lazy\" width=\"1200\" height=\"802\" src=\"https:\/\/www.ull.es\/portal\/cienciaull\/wp-content\/uploads\/sites\/24\/2025\/02\/Grupo-Dia-lengua-materna-02.jpg\" class=\"attachment-full size-full wp-image-33545\" alt=\"\" decoding=\"async\" srcset=\"https:\/\/www.ull.es\/portal\/cienciaull\/wp-content\/uploads\/sites\/24\/2025\/02\/Grupo-Dia-lengua-materna-02.jpg 1200w, https:\/\/www.ull.es\/portal\/cienciaull\/wp-content\/uploads\/sites\/24\/2025\/02\/Grupo-Dia-lengua-materna-02-768x513.jpg 768w, https:\/\/www.ull.es\/portal\/cienciaull\/wp-content\/uploads\/sites\/24\/2025\/02\/Grupo-Dia-lengua-materna-02-375x251.jpg 375w, https:\/\/www.ull.es\/portal\/cienciaull\/wp-content\/uploads\/sites\/24\/2025\/02\/Grupo-Dia-lengua-materna-02-750x501.jpg 750w, https:\/\/www.ull.es\/portal\/cienciaull\/wp-content\/uploads\/sites\/24\/2025\/02\/Grupo-Dia-lengua-materna-02-1140x762.jpg 1140w\" sizes=\"(max-width: 1200px) 100vw, 1200px\" \/><\/div><\/a>\n\t\t\t\t<div class=\"elementor-post__avatar\">\n\t\t\t<img alt='gciencia' src='https:\/\/secure.gravatar.com\/avatar\/72ccd1b1a4ea47e7b66bc7cc6944b4e5?s=128&#038;d=mm&#038;r=g' srcset='https:\/\/secure.gravatar.com\/avatar\/72ccd1b1a4ea47e7b66bc7cc6944b4e5?s=256&#038;d=mm&#038;r=g 2x' class='avatar avatar-128 photo' height='128' width='128' loading='lazy' decoding='async'\/>\t\t<\/div>\n\t\t\t\t<div class=\"elementor-post__text\">\n\t\t\t\t<h3 class=\"elementor-post__title\">\n\t\t\t<a href=\"https:\/\/www.ull.es\/portal\/cienciaull\/una-lengua-y-cinco-maneras-de-estudiarla\/\"  target=\"_blank\" rel=\"noopener\">\n\t\t\t\tUna lengua y cinco maneras de estudiarla\t\t\t<\/a>\n\t\t<\/h3>\n\t\t\t\t<div class=\"elementor-post__excerpt\">\n\t\t\t<p>Antes de nacer y de que nuestros \u00f3rganos est\u00e9n completamente desarrollados, ya somos capaces de identificar la voz de nuestra madre. De entre el bullicio de sonidos que capta el feto, amortiguados por el l\u00edquido amni\u00f3tico, la voz de mam\u00e1 suena n\u00edtidamente clara. As\u00ed de importante es la lengua materna, esa que aprendemos desde la infancia oyendo hablar a nuestros seres m\u00e1s cercanos&#8230;<\/p>\n<p><strong><a href=\"https:\/\/www.ull.es\/portal\/cienciaull\/dia-internacional-de-la-lengua-materna\/\" target=\"_blank\" rel=\"noopener\">#D\u00eda Internacional de la Lengua Materna<\/a> <a href=\"https:\/\/www.ull.es\/portal\/cienciaull\/biomedicina-y-salud\/\" target=\"_blank\" rel=\"noopener\">#Arte y Humanidades<\/a> <a href=\"https:\/\/www.ull.es\/portal\/cienciaull\/josefa-dorta-luis\/\" target=\"_blank\" rel=\"noopener\">#Josefa Dorta Luis<\/a> <a href=\"https:\/\/www.ull.es\/portal\/cienciaull\/maria-jose-serrano-montesinos\/\" target=\"_blank\" rel=\"noopener\"> #Mar\u00eda Jos\u00e9 Serrano Montesinos<\/a> <a href=\"https:\/\/www.ull.es\/portal\/cienciaull\/marcial-morera-perez\/\" target=\"_blank\" rel=\"noopener\"> #Marcial Morera P\u00e9rez<\/a> <a href=\"https:\/\/www.ull.es\/portal\/cienciaull\/antonio-cano-gines\/\" target=\"_blank\" rel=\"noopener\"> #Antonio Cano Gin\u00e9s<\/a> <a href=\"https:\/\/www.ull.es\/portal\/cienciaull\/febrero\/\" target=\"_blank\" rel=\"noopener\">#febrero<\/a> <a href=\"https:\/\/www.ull.es\/portal\/cienciaull\/2025-2\/\" target=\"_blank\" rel=\"noopener\">#2025<\/a><\/p>\n<p><\/strong><\/p>\n\t\t<\/div>\n\t\t\t\t<\/div>\n\t\t\t\t<div class=\"elementor-post__meta-data\">\n\t\t\t\t\t<span class=\"elementor-post-date\">\n\t\t\t21 febrero, 2025\t\t<\/span>\n\t\t\t\t<span class=\"elementor-post-avatar\">\n\t\t\tNo hay comentarios\t\t<\/span>\n\t\t\t\t<\/div>\n\t\t\t\t\t<\/div>\n\t\t<\/article>\n\t\t\t\t<article class=\"elementor-post elementor-grid-item post-28311 post type-post status-publish format-standard has-post-thumbnail hentry category-biomedicina-y-salud-ciencia-y-tecnologia-humanidades-y-arte category-reportajes tag-arte-y-humanidades tag-biomedicina-y-salud tag-ciencia-y-tecnologia tag-dia-internacional-de-la-mujer-y-la-nina-en-la-ciencia tag-febrero tag-maria-candelaria-hernandez-goya tag-maria-teresa-acosta-almeida tag-reportajes tag-susana-guerra-mejias\" target=\"_blank\" rel=\"noopener\">\n\t\t\t<div class=\"elementor-post__card\">\n\t\t\t\t<a class=\"elementor-post__thumbnail__link\" href=\"https:\/\/www.ull.es\/portal\/cienciaull\/lideres-en-ciencia-tecnologia-y-arte\/\"  target=\"_blank\" rel=\"noopener\"><div class=\"elementor-post__thumbnail\"><img loading=\"lazy\" width=\"1024\" height=\"683\" src=\"https:\/\/www.ull.es\/portal\/cienciaull\/wp-content\/uploads\/sites\/24\/2024\/04\/Mujer-y-nina-en-ciencia-01.jpg\" class=\"attachment-full size-full wp-image-28436\" alt=\"\" decoding=\"async\" srcset=\"https:\/\/www.ull.es\/portal\/cienciaull\/wp-content\/uploads\/sites\/24\/2024\/04\/Mujer-y-nina-en-ciencia-01.jpg 1024w, https:\/\/www.ull.es\/portal\/cienciaull\/wp-content\/uploads\/sites\/24\/2024\/04\/Mujer-y-nina-en-ciencia-01-300x200.jpg 300w, https:\/\/www.ull.es\/portal\/cienciaull\/wp-content\/uploads\/sites\/24\/2024\/04\/Mujer-y-nina-en-ciencia-01-768x512.jpg 768w, https:\/\/www.ull.es\/portal\/cienciaull\/wp-content\/uploads\/sites\/24\/2024\/04\/Mujer-y-nina-en-ciencia-01-375x250.jpg 375w, https:\/\/www.ull.es\/portal\/cienciaull\/wp-content\/uploads\/sites\/24\/2024\/04\/Mujer-y-nina-en-ciencia-01-750x500.jpg 750w\" sizes=\"(max-width: 1024px) 100vw, 1024px\" \/><\/div><\/a>\n\t\t\t\t<div class=\"elementor-post__avatar\">\n\t\t\t<img alt='gciencia' src='https:\/\/secure.gravatar.com\/avatar\/72ccd1b1a4ea47e7b66bc7cc6944b4e5?s=128&#038;d=mm&#038;r=g' srcset='https:\/\/secure.gravatar.com\/avatar\/72ccd1b1a4ea47e7b66bc7cc6944b4e5?s=256&#038;d=mm&#038;r=g 2x' class='avatar avatar-128 photo' height='128' width='128' loading='lazy' decoding='async'\/>\t\t<\/div>\n\t\t\t\t<div class=\"elementor-post__text\">\n\t\t\t\t<h3 class=\"elementor-post__title\">\n\t\t\t<a href=\"https:\/\/www.ull.es\/portal\/cienciaull\/lideres-en-ciencia-tecnologia-y-arte\/\"  target=\"_blank\" rel=\"noopener\">\n\t\t\t\tL\u00edderes en ciencia, tecnolog\u00eda y arte\t\t\t<\/a>\n\t\t<\/h3>\n\t\t\t\t<div class=\"elementor-post__excerpt\">\n\t\t\t<p>Margarita Salas, bi\u00f3loga molecular, fue una de las cient\u00edficas espa\u00f1olas m\u00e1s importantes del siglo pasado. Comenz\u00f3 su carrera investigadora en Estados Unidos con el Premio Nobel, Severo Ochoa. Cuando regres\u00f3 a Espa\u00f1a, fund\u00f3 el primer grupo de investigaci\u00f3n en gen\u00e9tica molecular del pa\u00eds. Durante su vida profesional, adem\u00e1s, siempre defendi\u00f3 la igualdad de g\u00e9nero en la ciencia&#8230;<\/p>\n<p><strong><a href=\"https:\/\/www.ull.es\/portal\/cienciaull\/biomedicina-y-salud\/\" target=\"_blank\" rel=\"noopener\">#Biomedicina y Salud<\/a> <a href=\"https:\/\/www.ull.es\/portal\/cienciaull\/ciencia-y-tecnologia\/\" target=\"_blank\" rel=\"noopener\">#Ciencia y Tecnolog\u00eda<\/a> <a href=\"https:\/\/www.ull.es\/portal\/cienciaull\/humanidades-y-arte\/\" target=\"_blank\" rel=\"noopener\">#Humanidades y Arte<\/a> <a href=\"https:\/\/www.ull.es\/portal\/cienciaull\/dia-internacional-de-la-mujer-y-la-nina-en-la-ciencia\/\" target=\"_blank\" rel=\"noopener\">#D\u00eda Internacional de la Mujer y la Ni\u00f1a en la Ciencia<\/a> <a href=\"https:\/\/www.ull.es\/portal\/cienciaull\/maria-candelaria-hernandez-goya\/\" target=\"_blank\" rel=\"noopener\">#Mar\u00eda Candelaria Hern\u00e1ndez Goya<\/a> <a href=\"https:\/\/www.ull.es\/portal\/cienciaull\/maria-teresa-acosta-almeida-2\/\" target=\"_blank\" rel=\"noopener\">#Mar\u00eda Teresa Acosta Almeida<\/a> <a href=\"https:\/\/www.ull.es\/portal\/cienciaull\/susana-guerra-mejias\/\" target=\"_blank\" rel=\"noopener\">#Susana Guerra Mej\u00edas<\/a> <a href=\"https:\/\/www.ull.es\/portal\/cienciaull\/febrero\/\" target=\"_blank\" rel=\"noopener\">#Febrero<\/a> <a href=\"https:\/\/www.ull.es\/portal\/cienciaull\/2024-2\/\" target=\"_blank\" rel=\"noopener\">#2024<\/a><\/strong><\/p>\n\t\t<\/div>\n\t\t\t\t<\/div>\n\t\t\t\t<div class=\"elementor-post__meta-data\">\n\t\t\t\t\t<span class=\"elementor-post-date\">\n\t\t\t8 febrero, 2024\t\t<\/span>\n\t\t\t\t<span class=\"elementor-post-avatar\">\n\t\t\tNo hay comentarios\t\t<\/span>\n\t\t\t\t<\/div>\n\t\t\t\t\t<\/div>\n\t\t<\/article>\n\t\t\t\t<\/div>\n\t\t\n\t\t\t\t<\/div>\n\t\t\t\t<\/div>\n\t\t\t\t\t<\/div>\n\t\t\t\t<\/div>\n\t\t\t\t\t\t\t<\/div>\n\t\t","protected":false},"excerpt":{"rendered":"L\u00edderes en ciencia, tecnolog\u00eda y artejueves 08 de febrero de 2024 - 12:00 GMT+0000CompartirFacebookXWhatsAppCopy LinkDe izquierda a derecha, Susana Guerra, Mar\u00eda Teresa Acosta y Candelaria Hern\u00e1ndez..Margarita Salas, bi\u00f3loga molecular, fue una de las cient\u00edficas espa\u00f1olas m\u00e1s importantes del siglo pasado. Comenz\u00f3 su carrera investigadora en Estados Unidos con el Premio Nobel, Severo Ochoa. Cuando regres\u00f3...","protected":false},"author":56,"featured_media":0,"parent":0,"menu_order":0,"comment_status":"closed","ping_status":"closed","template":"","meta":{"inline_featured_image":false,"footnotes":""},"acf":[],"yoast_head":"<!-- This site is optimized with the Yoast SEO plugin v21.3 - https:\/\/yoast.com\/wordpress\/plugins\/seo\/ -->\n<title>#Febrero -<\/title>\n<meta name=\"robots\" content=\"index, follow, max-snippet:-1, max-image-preview:large, max-video-preview:-1\" \/>\n<link rel=\"canonical\" href=\"https:\/\/www.ull.es\/portal\/cienciaull\/febrero\/\" \/>\n<meta property=\"og:locale\" content=\"es_ES\" \/>\n<meta property=\"og:type\" content=\"article\" \/>\n<meta property=\"og:title\" content=\"#Febrero -\" \/>\n<meta property=\"og:url\" content=\"https:\/\/www.ull.es\/portal\/cienciaull\/febrero\/\" \/>\n<meta property=\"article:publisher\" content=\"https:\/\/www.facebook.com\/CienciaULL\/\" \/>\n<meta property=\"article:modified_time\" content=\"2024-05-06T11:03:38+00:00\" \/>\n<meta property=\"og:image\" content=\"https:\/\/www.ull.es\/portal\/cienciaull\/wp-content\/uploads\/sites\/24\/2024\/04\/banner_2024-1-1140x428.jpg\" \/>\n<meta name=\"twitter:card\" content=\"summary_large_image\" \/>\n<meta name=\"twitter:site\" content=\"@CienciaULL\" \/>\n<meta name=\"twitter:label1\" content=\"Tiempo de lectura\" \/>\n\t<meta name=\"twitter:data1\" content=\"2 minutos\" \/>\n<script type=\"application\/ld+json\" class=\"yoast-schema-graph\">{\"@context\":\"https:\/\/schema.org\",\"@graph\":[{\"@type\":\"WebPage\",\"@id\":\"https:\/\/www.ull.es\/portal\/cienciaull\/febrero\/\",\"url\":\"https:\/\/www.ull.es\/portal\/cienciaull\/febrero\/\",\"name\":\"#Febrero -\",\"isPartOf\":{\"@id\":\"https:\/\/www.ull.es\/portal\/cienciaull\/#website\"},\"datePublished\":\"2024-05-06T11:03:15+00:00\",\"dateModified\":\"2024-05-06T11:03:38+00:00\",\"breadcrumb\":{\"@id\":\"https:\/\/www.ull.es\/portal\/cienciaull\/febrero\/#breadcrumb\"},\"inLanguage\":\"es\",\"potentialAction\":[{\"@type\":\"ReadAction\",\"target\":[\"https:\/\/www.ull.es\/portal\/cienciaull\/febrero\/\"]}]},{\"@type\":\"BreadcrumbList\",\"@id\":\"https:\/\/www.ull.es\/portal\/cienciaull\/febrero\/#breadcrumb\",\"itemListElement\":[{\"@type\":\"ListItem\",\"position\":1,\"name\":\"Portada\",\"item\":\"https:\/\/www.ull.es\/portal\/cienciaull\/\"},{\"@type\":\"ListItem\",\"position\":2,\"name\":\"#Febrero\"}]},{\"@type\":\"WebSite\",\"@id\":\"https:\/\/www.ull.es\/portal\/cienciaull\/#website\",\"url\":\"https:\/\/www.ull.es\/portal\/cienciaull\/\",\"name\":\"\",\"description\":\"Unidad de Cultura Cient\u00edfica y de la Innovaci\u00f3n de la Universidad de La Laguna\",\"potentialAction\":[{\"@type\":\"SearchAction\",\"target\":{\"@type\":\"EntryPoint\",\"urlTemplate\":\"https:\/\/www.ull.es\/portal\/cienciaull\/?s={search_term_string}\"},\"query-input\":\"required name=search_term_string\"}],\"inLanguage\":\"es\"}]}<\/script>\n<!-- \/ Yoast SEO plugin. -->","yoast_head_json":{"title":"#Febrero -","robots":{"index":"index","follow":"follow","max-snippet":"max-snippet:-1","max-image-preview":"max-image-preview:large","max-video-preview":"max-video-preview:-1"},"canonical":"https:\/\/www.ull.es\/portal\/cienciaull\/febrero\/","og_locale":"es_ES","og_type":"article","og_title":"#Febrero -","og_url":"https:\/\/www.ull.es\/portal\/cienciaull\/febrero\/","article_publisher":"https:\/\/www.facebook.com\/CienciaULL\/","article_modified_time":"2024-05-06T11:03:38+00:00","og_image":[{"url":"https:\/\/www.ull.es\/portal\/cienciaull\/wp-content\/uploads\/sites\/24\/2024\/04\/banner_2024-1-1140x428.jpg"}],"twitter_card":"summary_large_image","twitter_site":"@CienciaULL","twitter_misc":{"Tiempo de lectura":"2 minutos"},"schema":{"@context":"https:\/\/schema.org","@graph":[{"@type":"WebPage","@id":"https:\/\/www.ull.es\/portal\/cienciaull\/febrero\/","url":"https:\/\/www.ull.es\/portal\/cienciaull\/febrero\/","name":"#Febrero -","isPartOf":{"@id":"https:\/\/www.ull.es\/portal\/cienciaull\/#website"},"datePublished":"2024-05-06T11:03:15+00:00","dateModified":"2024-05-06T11:03:38+00:00","breadcrumb":{"@id":"https:\/\/www.ull.es\/portal\/cienciaull\/febrero\/#breadcrumb"},"inLanguage":"es","potentialAction":[{"@type":"ReadAction","target":["https:\/\/www.ull.es\/portal\/cienciaull\/febrero\/"]}]},{"@type":"BreadcrumbList","@id":"https:\/\/www.ull.es\/portal\/cienciaull\/febrero\/#breadcrumb","itemListElement":[{"@type":"ListItem","position":1,"name":"Portada","item":"https:\/\/www.ull.es\/portal\/cienciaull\/"},{"@type":"ListItem","position":2,"name":"#Febrero"}]},{"@type":"WebSite","@id":"https:\/\/www.ull.es\/portal\/cienciaull\/#website","url":"https:\/\/www.ull.es\/portal\/cienciaull\/","name":"","description":"Unidad de Cultura Cient\u00edfica y de la Innovaci\u00f3n de la Universidad de La Laguna","potentialAction":[{"@type":"SearchAction","target":{"@type":"EntryPoint","urlTemplate":"https:\/\/www.ull.es\/portal\/cienciaull\/?s={search_term_string}"},"query-input":"required name=search_term_string"}],"inLanguage":"es"}]}},"_links":{"self":[{"href":"https:\/\/www.ull.es\/portal\/cienciaull\/wp-json\/wp\/v2\/pages\/29179"}],"collection":[{"href":"https:\/\/www.ull.es\/portal\/cienciaull\/wp-json\/wp\/v2\/pages"}],"about":[{"href":"https:\/\/www.ull.es\/portal\/cienciaull\/wp-json\/wp\/v2\/types\/page"}],"author":[{"embeddable":true,"href":"https:\/\/www.ull.es\/portal\/cienciaull\/wp-json\/wp\/v2\/users\/56"}],"replies":[{"embeddable":true,"href":"https:\/\/www.ull.es\/portal\/cienciaull\/wp-json\/wp\/v2\/comments?post=29179"}],"version-history":[{"count":4,"href":"https:\/\/www.ull.es\/portal\/cienciaull\/wp-json\/wp\/v2\/pages\/29179\/revisions"}],"predecessor-version":[{"id":29184,"href":"https:\/\/www.ull.es\/portal\/cienciaull\/wp-json\/wp\/v2\/pages\/29179\/revisions\/29184"}],"wp:attachment":[{"href":"https:\/\/www.ull.es\/portal\/cienciaull\/wp-json\/wp\/v2\/media?parent=29179"}],"curies":[{"name":"wp","href":"https:\/\/api.w.org\/{rel}","templated":true}]}}