{"id":30205,"date":"2024-06-12T06:57:53","date_gmt":"2024-06-12T06:57:53","guid":{"rendered":"https:\/\/www.ull.es\/portal\/cienciaull\/?page_id=30205"},"modified":"2026-02-10T11:00:00","modified_gmt":"2026-02-10T11:00:00","slug":"todasconcienciull","status":"publish","type":"page","link":"https:\/\/www.ull.es\/portal\/cienciaull\/todasconcienciull\/","title":{"rendered":"Todas con Cienci@ULL"},"content":{"rendered":"<p>[vc_row][vc_column]\n<div id=\"rev_slider_337_1_wrapper\" class=\"rev_slider_wrapper fullwidthbanner-container\" data-source=\"gallery\" style=\"margin:0px auto;background:transparent;padding:0px;margin-top:0px;margin-bottom:0px;\">\n<!-- START REVOLUTION SLIDER 5.4.7.3 auto mode -->\n\t<div id=\"rev_slider_337_1\" class=\"rev_slider fullwidthabanner\" style=\"display:none;\" data-version=\"5.4.7.3\">\n<ul>\t<!-- SLIDE  -->\n\t<li data-index=\"rs-391\" data-transition=\"fade\" data-slotamount=\"default\" data-hideafterloop=\"0\" data-hideslideonmobile=\"off\"  data-easein=\"default\" data-easeout=\"default\" data-masterspeed=\"300\"  data-rotate=\"0\"  data-saveperformance=\"off\"  data-title=\"Slide\" data-param1=\"\" data-param2=\"\" data-param3=\"\" data-param4=\"\" data-param5=\"\" data-param6=\"\" data-param7=\"\" data-param8=\"\" data-param9=\"\" data-param10=\"\" data-description=\"\">\n\t\t<!-- MAIN IMAGE -->\n\t\t<img src=\"https:\/\/www.ull.es\/portal\/cienciaull\/wp-content\/uploads\/sites\/24\/2025\/11\/chicas_con_cienci@ull_bn_fc.jpg\"  alt=\"\" title=\"chicas_con_cienci@ull_bn_fc\"  width=\"1600\" height=\"592\" data-bgposition=\"center center\" data-bgfit=\"cover\" data-bgrepeat=\"no-repeat\" class=\"rev-slidebg\" data-no-retina>\n\t\t<!-- LAYERS -->\n\t<\/li>\n<\/ul>\n<div class=\"tp-bannertimer tp-bottom\" style=\"visibility: hidden !important;\"><\/div>\t<\/div>\n<script>var htmlDiv = document.getElementById(\"rs-plugin-settings-inline-css\"); var htmlDivCss=\"\";\r\n\t\t\t\tif(htmlDiv) {\r\n\t\t\t\t\thtmlDiv.innerHTML = htmlDiv.innerHTML + htmlDivCss;\r\n\t\t\t\t}else{\r\n\t\t\t\t\tvar htmlDiv = document.createElement(\"div\");\r\n\t\t\t\t\thtmlDiv.innerHTML = \"<style>\" + htmlDivCss + \"<\/style>\";\r\n\t\t\t\t\tdocument.getElementsByTagName(\"head\")[0].appendChild(htmlDiv.childNodes[0]);\r\n\t\t\t\t}\r\n\t\t\t<\/script>\n\t\t<script type=\"text\/javascript\">\r\nif (setREVStartSize!==undefined) setREVStartSize(\r\n\t{c: '#rev_slider_337_1', gridwidth: [1600], gridheight: [600], sliderLayout: 'auto'});\r\n\t\t\t\r\nvar revapi337,\r\n\ttpj;\t\r\n(function() {\t\t\t\r\n\tif (!\/loaded|interactive|complete\/.test(document.readyState)) document.addEventListener(\"DOMContentLoaded\",onLoad); else onLoad();\t\r\n\tfunction onLoad() {\t\t\t\t\r\n\t\tif (tpj===undefined) { tpj = jQuery; if(\"off\" == \"on\") tpj.noConflict();}\r\n\tif(tpj(\"#rev_slider_337_1\").revolution == undefined){\n\t\trevslider_showDoubleJqueryError(\"#rev_slider_337_1\");\n\t}else{\n\t\trevapi337 = tpj(\"#rev_slider_337_1\").show().revolution({\n\t\t\tsliderType:\"carousel\",\n\t\t\tjsFileLocation:\"\/\/www.ull.es\/portal\/cienciaull\/wp-content\/plugins\/revslider\/public\/assets\/js\/\",\n\t\t\tsliderLayout:\"auto\",\n\t\t\tdottedOverlay:\"none\",\n\t\t\tdelay:9000,\n\t\t\tnavigation: {\n\t\t\t\tonHoverStop:\"off\",\n\t\t\t},\n\t\t\tcarousel: {\n\t\t\t\thorizontal_align: \"center\",\n\t\t\t\tvertical_align: \"center\",\n\t\t\t\tfadeout: \"on\",\n\t\t\t\tvary_fade: \"off\",\n\t\t\t\tmaxVisibleItems: 3,\n\t\t\t\tinfinity: \"off\",\n\t\t\t\tspace: 0,\n\t\t\t\tstretch: \"off\",\n \t\t\t\t\t\t\tshowLayersAllTime: \"off\",\n \t\t\t\t\t\t\teasing: \"Power3.easeInOut\",\n \t\t\t\t\t\t\tspeed: \"800\"\n\t\t\t},\n\t\t\tvisibilityLevels:[1240,1024,778,480],\n\t\t\tgridwidth:1600,\n\t\t\tgridheight:600,\n\t\t\tlazyType:\"none\",\n\t\t\tshadow:0,\n\t\t\tspinner:\"spinner0\",\n\t\t\tstopLoop:\"off\",\n\t\t\tstopAfterLoops:-1,\n\t\t\tstopAtSlide:-1,\n\t\t\tshuffle:\"off\",\n\t\t\tautoHeight:\"off\",\n\t\t\tdisableProgressBar:\"on\",\n\t\t\thideThumbsOnMobile:\"off\",\n\t\t\thideSliderAtLimit:0,\n\t\t\thideCaptionAtLimit:0,\n\t\t\thideAllCaptionAtLilmit:0,\n\t\t\tdebugMode:false,\n\t\t\tfallbacks: {\n\t\t\t\tsimplifyAll:\"off\",\n\t\t\t\tnextSlideOnWindowFocus:\"off\",\n\t\t\t\tdisableFocusListener:false,\n\t\t\t}\n\t\t});\n\t}; \/* END OF revapi call *\/\n\t\n }; \/* END OF ON LOAD FUNCTION *\/\r\n}()); \/* END OF WRAPPING FUNCTION *\/\r\n<\/script>\r\n\t\t<\/div><!-- END REVOLUTION SLIDER -->[vc_separator color=\u00bbpeacoc\u00bb border_width=\u00bb10&#8243;][\/vc_column][\/vc_row][vc_row][vc_column width=\u00bb2\/3&#8243;][vc_empty_space][vc_column_text]<\/p>\n<p style=\"text-align: justify\">La <span style=\"color: #ed42c2\"><strong>Serie Todas con Cienci@ULL<\/strong><\/span> es una serie audiovisual, de car\u00e1cter divulgativa y educativa, que tiene como finalidad <span style=\"color: #ff99cc\">\u201cfomentar las vocaciones cient\u00edficas y tecnol\u00f3gicas entre las j\u00f3venes canarias, para mejorar su rendimiento escolar e incrementar su inter\u00e9s por realizar estudios superiores, que les ayuden a alcanzar un mejor puesto laboral\u201d<\/span>, a trav\u00e9s del testimonio de investigadoras de la Universidad de La Laguna, pertenecientes a diferentes \u00e1mbitos cient\u00edficos y sociales.<\/p>\n<p style=\"text-align: justify\">Estos recursos est\u00e1n dirigido a p\u00fablico general, principalmente al alumnado de secundaria, bachillerato y formaci\u00f3n profesional.<\/p>\n<p>[\/vc_column_text][vc_column_text]<\/p>\n<p style=\"text-align: justify\">Los cap\u00edtulos de la serie se engloban en 5 \u00e1reas de conocimiento, de acuerdo a la actividad investigadora de la cient\u00edfica participante: <span style=\"color: #00ccff\">Biomedicina y Salud<span style=\"color: #000000\">,<\/span> <span style=\"color: #ff9900\">Ciencia y Tecnolog\u00eda<\/span><\/span>, <span style=\"color: #339966\">Energ\u00eda Biodiversidad y Medioambiente<span style=\"color: #000000\">,<\/span> <span style=\"color: #ff99cc\">Ciencia y Sociedad<\/span><\/span> y <span style=\"color: #333399\">Arte y Humanidades<\/span>. Tienen una duraci\u00f3n de 3-6 minutos y se hace uso de un leguaje cercano. En cada cap\u00edtulo, la investigadora participante habla sobre: su infancia, c\u00f3mo decidi\u00f3 dedicarse a la investigaci\u00f3n, su labor de investigaci\u00f3n y lanza un mensaje motivador para las j\u00f3venes canarias.<\/p>\n<p style=\"text-align: justify\">La serie se emite a trav\u00e9s del canal de<a href=\"https:\/\/www.youtube.com\/channel\/UCDXRbxLbp1tO_dWLXh41eXQ\" target=\"_blank\" rel=\"noopener\"> YouTube de Cienci@ULL<\/a> con una periodicidad quincenal.<\/p>\n<p>[\/vc_column_text][vc_column_text]<\/p>\n<p style=\"text-align: justify\">Esta iniciativa es promovida por la <a href=\"https:\/\/www.ull.es\/\" target=\"_blank\" rel=\"noopener\">Universidad de La Laguna<\/a>, a trav\u00e9s\u00a0de <a href=\"https:\/\/www.ull.es\/portal\/cienciaull\/\" target=\"_blank\" rel=\"noopener\">Cienci@ULL<\/a>,\u00a0 con la colaboraci\u00f3n de\u00a0la <a href=\"http:\/\/www.juventudcanaria.com\/\" target=\"_blank\" rel=\"noopener\">Direcci\u00f3n General de Juventud del Gobierno de Canarias<\/a> y <a href=\"https:\/\/www.cajasiete.com\/es\" target=\"_blank\" rel=\"noopener\">CajaSiete<\/a>.<\/p>\n<p>[\/vc_column_text][vc_message message_box_color=\u00bbviolet\u00bb icon_fontawesome=\u00bbfas fa-bell\u00bb]Con motivo de la celebraci\u00f3n del \u00ab<strong>D\u00eda Internacional de la Eliminaci\u00f3n de la Violencia contra la Mujer\u00bb, <\/strong>el 25 de noviembre, hemos elaborado el siguiente catalogo se la serie que facilita el accedo a todos los cap\u00edtulos realizados hasta el momento de esta serie.[\/vc_message][vc_btn title=\u00bbCat\u00e1logo Chicas con Cienci@ULL T1-T6&#8243; color=\u00bbviolet\u00bb size=\u00bblg\u00bb align=\u00bbcenter\u00bb button_block=\u00bbtrue\u00bb link=\u00bburl:https%3A%2F%2Fdrive.google.com%2Ffile%2Fd%2F1P53FmwdanTmW74BYVZ0m8EXvG7T8oqN-%2Fedit|target:_blank\u00bb][\/vc_column][vc_column width=\u00bb1\/3&#8243;][vc_empty_space][vc_btn title=\u00bb1\u00aa Temporada\u00bb color=\u00bbinfo\u00bb size=\u00bblg\u00bb align=\u00bbcenter\u00bb button_block=\u00bbtrue\u00bb link=\u00bburl:https%3A%2F%2Fwww.ull.es%2Fportal%2Fcienciaull%2F2a-temporada-chicas-con-cienciull-2%2F\u00bb css=\u00bb.vc_custom_1718264430727{margin-bottom: 3px !important;border-bottom-width: 3px !important;padding-bottom: 3px !important;}\u00bb][vc_btn title=\u00bb2\u00aa Temporada\u00bb color=\u00bbviolet\u00bb size=\u00bblg\u00bb align=\u00bbcenter\u00bb button_block=\u00bbtrue\u00bb link=\u00bburl:https%3A%2F%2Fwww.ull.es%2Fportal%2Fcienciaull%2F2a-temporada-chicas-con-cienciull%2F\u00bb css=\u00bb.vc_custom_1718264438999{margin-bottom: 3px !important;border-bottom-width: 3px !important;padding-bottom: 3px !important;}\u00bb][vc_btn title=\u00bb3\u00aa Temporada\u00bb color=\u00bbpink\u00bb size=\u00bblg\u00bb align=\u00bbcenter\u00bb button_block=\u00bbtrue\u00bb link=\u00bburl:https%3A%2F%2Fwww.ull.es%2Fportal%2Fcienciaull%2F%3Fpage_id%3D16222%26preview%3Dtrue\u00bb css=\u00bb.vc_custom_1718264450314{margin-bottom: 3px !important;border-bottom-width: 3px !important;padding-bottom: 3px !important;}\u00bb][vc_btn title=\u00bb4\u00aa Temporada\u00bb color=\u00bbblue\u00bb size=\u00bblg\u00bb align=\u00bbcenter\u00bb button_block=\u00bbtrue\u00bb link=\u00bburl:https%3A%2F%2Fwww.ull.es%2Fportal%2Fcienciaull%2F%3Fpage_id%3D23954%26preview%3Dtrue\u00bb css=\u00bb.vc_custom_1718264455985{margin-bottom: 3px !important;border-bottom-width: 3px !important;padding-bottom: 3px !important;}\u00bb][vc_btn title=\u00bb5\u00aa Temporada\u00bb color=\u00bbvista-blue\u00bb size=\u00bblg\u00bb align=\u00bbcenter\u00bb button_block=\u00bbtrue\u00bb link=\u00bburl:https%3A%2F%2Fwww.ull.es%2Fportal%2Fcienciaull%2F5a-temporada-todas-con-cienciull%2F\u00bb css=\u00bb.vc_custom_1718264461688{margin-bottom: 3px !important;border-bottom-width: 3px !important;padding-bottom: 3px !important;}\u00bb][vc_btn title=\u00bb6\u00aa Temporada\u00bb color=\u00bbpurple\u00bb size=\u00bblg\u00bb align=\u00bbcenter\u00bb button_block=\u00bbtrue\u00bb css=\u00bb.vc_custom_1753879793330{margin-bottom: 3px !important;border-bottom-width: 3px !important;padding-bottom: 3px !important;}\u00bb link=\u00bburl:https%3A%2F%2Fwww.ull.es%2Fportal%2Fcienciaull%2F6a-temporada-todas-con-cienciull%2F\u00bb][vc_btn title=\u00bbProyecto Educativo\u00bb color=\u00bborange\u00bb size=\u00bblg\u00bb align=\u00bbcenter\u00bb button_block=\u00bbtrue\u00bb link=\u00bburl:https%3A%2F%2Fwww.ull.es%2Fportal%2Fcienciaull%2Fchicasconcienciaull%2F\u00bb css=\u00bb.vc_custom_1720523464450{margin-bottom: 3px !important;border-bottom-width: 3px !important;padding-bottom: 3px !important;}\u00bb][vc_btn title=\u00bb11 F\u00bb color=\u00bbpink\u00bb size=\u00bblg\u00bb align=\u00bbcenter\u00bb button_block=\u00bbtrue\u00bb link=\u00bburl:https%3A%2F%2Fwww.ull.es%2Fportal%2Fcienciaull%2F11-de-febrero-dia-internacional-de-la-mujer-y-la-nina-en-la-ciencia%2F\u00bb css=\u00bb.vc_custom_1718264477499{margin-bottom: 3px !important;border-bottom-width: 3px !important;padding-bottom: 3px !important;}\u00bb][vc_btn title=\u00bbMedia\u00bb color=\u00bbgreen\u00bb size=\u00bblg\u00bb align=\u00bbcenter\u00bb button_block=\u00bbtrue\u00bb link=\u00bburl:https%3A%2F%2Fwww.ull.es%2Fportal%2Fcienciaull%2Fentrevista-semanal-radio-chicas-con-cienciull%2F\u00bb css=\u00bb.vc_custom_1718264482497{margin-bottom: 3px !important;border-bottom-width: 3px !important;padding-bottom: 3px !important;}\u00bb][vc_btn title=\u00bbFormulario de evaluaci\u00f3n\u00bb color=\u00bbturquoise\u00bb size=\u00bblg\u00bb align=\u00bbcenter\u00bb button_block=\u00bbtrue\u00bb link=\u00bburl:https%3A%2F%2Fforms.gle%2FQuQHdbg7Eg11dQu66&#8243; css=\u00bb.vc_custom_1718264487696{margin-bottom: 3px !important;border-bottom-width: 3px !important;padding-bottom: 3px !important;}\u00bb][vc_btn title=\u00bbLSE-Temporada I y II\u00bb color=\u00bbpurple\u00bb size=\u00bblg\u00bb align=\u00bbcenter\u00bb button_block=\u00bbtrue\u00bb css=\u00bb.vc_custom_1765884481124{margin-bottom: 3px !important;border-bottom-width: 3px !important;padding-bottom: 3px !important;}\u00bb link=\u00bburl:https%3A%2F%2Fwww.ull.es%2Fportal%2Fcienciaull%2Fchicas-inclusivas%2F\u00bb][vc_empty_space height=\u00bb15px\u00bb][vc_single_image image=\u00bb33340&#8243; onclick=\u00bbcustom_link\u00bb link=\u00bbhttps:\/\/drive.google.com\/file\/d\/1P53FmwdanTmW74BYVZ0m8EXvG7T8oqN-\/edit\u00bb][\/vc_column][\/vc_row]<\/p>\n","protected":false},"excerpt":{"rendered":"<p>[vc_row][vc_column][vc_separator color=\u00bbpeacoc\u00bb border_width=\u00bb10&#8243;][\/vc_column][\/vc_row][vc_row][vc_column width=\u00bb2\/3&#8243;][vc_empty_space][vc_column_text] La Serie Todas con Cienci@ULL es una serie audiovisual, de car\u00e1cter divulgativa y educativa, que tiene como finalidad \u201cfomentar las vocaciones cient\u00edficas y tecnol\u00f3gicas entre las j\u00f3venes canarias, para mejorar su rendimiento escolar e incrementar su inter\u00e9s por realizar estudios superiores, que les ayuden a alcanzar un mejor puesto laboral\u201d, a&#8230;<\/p>\n","protected":false},"author":56,"featured_media":0,"parent":0,"menu_order":0,"comment_status":"closed","ping_status":"closed","template":"templates\/cienciaull.php","meta":{"inline_featured_image":false,"footnotes":""},"acf":[],"yoast_head":"<!-- This site is optimized with the Yoast SEO plugin v21.3 - https:\/\/yoast.com\/wordpress\/plugins\/seo\/ -->\n<title>Todas con Cienci@ULL -<\/title>\n<meta name=\"robots\" content=\"index, follow, max-snippet:-1, max-image-preview:large, max-video-preview:-1\" \/>\n<link rel=\"canonical\" href=\"https:\/\/www.ull.es\/portal\/cienciaull\/todasconcienciull\/\" \/>\n<meta property=\"og:locale\" content=\"es_ES\" \/>\n<meta property=\"og:type\" content=\"article\" \/>\n<meta property=\"og:title\" content=\"Todas con Cienci@ULL -\" \/>\n<meta property=\"og:description\" content=\"[vc_row][vc_column][vc_separator color=\u00bbpeacoc\u00bb border_width=\u00bb10&#8243;][\/vc_column][\/vc_row][vc_row][vc_column width=\u00bb2\/3&#8243;][vc_empty_space][vc_column_text] La Serie Todas con Cienci@ULL es una serie audiovisual, de car\u00e1cter divulgativa y educativa, que tiene como finalidad \u201cfomentar las vocaciones cient\u00edficas y tecnol\u00f3gicas entre las j\u00f3venes canarias, para mejorar su rendimiento escolar e incrementar su inter\u00e9s por realizar estudios superiores, que les ayuden a alcanzar un mejor puesto laboral\u201d, a...\" \/>\n<meta property=\"og:url\" content=\"https:\/\/www.ull.es\/portal\/cienciaull\/todasconcienciull\/\" \/>\n<meta property=\"article:publisher\" content=\"https:\/\/www.facebook.com\/CienciaULL\/\" \/>\n<meta property=\"article:modified_time\" content=\"2026-02-10T11:00:00+00:00\" \/>\n<meta name=\"twitter:card\" content=\"summary_large_image\" \/>\n<meta name=\"twitter:site\" content=\"@CienciaULL\" \/>\n<meta name=\"twitter:label1\" content=\"Tiempo de lectura\" \/>\n\t<meta name=\"twitter:data1\" content=\"3 minutos\" \/>\n<script type=\"application\/ld+json\" class=\"yoast-schema-graph\">{\"@context\":\"https:\/\/schema.org\",\"@graph\":[{\"@type\":\"WebPage\",\"@id\":\"https:\/\/www.ull.es\/portal\/cienciaull\/todasconcienciull\/\",\"url\":\"https:\/\/www.ull.es\/portal\/cienciaull\/todasconcienciull\/\",\"name\":\"Todas con Cienci@ULL -\",\"isPartOf\":{\"@id\":\"https:\/\/www.ull.es\/portal\/cienciaull\/#website\"},\"datePublished\":\"2024-06-12T06:57:53+00:00\",\"dateModified\":\"2026-02-10T11:00:00+00:00\",\"breadcrumb\":{\"@id\":\"https:\/\/www.ull.es\/portal\/cienciaull\/todasconcienciull\/#breadcrumb\"},\"inLanguage\":\"es\",\"potentialAction\":[{\"@type\":\"ReadAction\",\"target\":[\"https:\/\/www.ull.es\/portal\/cienciaull\/todasconcienciull\/\"]}]},{\"@type\":\"BreadcrumbList\",\"@id\":\"https:\/\/www.ull.es\/portal\/cienciaull\/todasconcienciull\/#breadcrumb\",\"itemListElement\":[{\"@type\":\"ListItem\",\"position\":1,\"name\":\"Portada\",\"item\":\"https:\/\/www.ull.es\/portal\/cienciaull\/\"},{\"@type\":\"ListItem\",\"position\":2,\"name\":\"Todas con Cienci@ULL\"}]},{\"@type\":\"WebSite\",\"@id\":\"https:\/\/www.ull.es\/portal\/cienciaull\/#website\",\"url\":\"https:\/\/www.ull.es\/portal\/cienciaull\/\",\"name\":\"\",\"description\":\"Unidad de Cultura Cient\u00edfica y de la Innovaci\u00f3n de la Universidad de La Laguna\",\"potentialAction\":[{\"@type\":\"SearchAction\",\"target\":{\"@type\":\"EntryPoint\",\"urlTemplate\":\"https:\/\/www.ull.es\/portal\/cienciaull\/?s={search_term_string}\"},\"query-input\":\"required name=search_term_string\"}],\"inLanguage\":\"es\"}]}<\/script>\n<!-- \/ Yoast SEO plugin. -->","yoast_head_json":{"title":"Todas con Cienci@ULL -","robots":{"index":"index","follow":"follow","max-snippet":"max-snippet:-1","max-image-preview":"max-image-preview:large","max-video-preview":"max-video-preview:-1"},"canonical":"https:\/\/www.ull.es\/portal\/cienciaull\/todasconcienciull\/","og_locale":"es_ES","og_type":"article","og_title":"Todas con Cienci@ULL -","og_description":"[vc_row][vc_column][vc_separator color=\u00bbpeacoc\u00bb border_width=\u00bb10&#8243;][\/vc_column][\/vc_row][vc_row][vc_column width=\u00bb2\/3&#8243;][vc_empty_space][vc_column_text] La Serie Todas con Cienci@ULL es una serie audiovisual, de car\u00e1cter divulgativa y educativa, que tiene como finalidad \u201cfomentar las vocaciones cient\u00edficas y tecnol\u00f3gicas entre las j\u00f3venes canarias, para mejorar su rendimiento escolar e incrementar su inter\u00e9s por realizar estudios superiores, que les ayuden a alcanzar un mejor puesto laboral\u201d, a...","og_url":"https:\/\/www.ull.es\/portal\/cienciaull\/todasconcienciull\/","article_publisher":"https:\/\/www.facebook.com\/CienciaULL\/","article_modified_time":"2026-02-10T11:00:00+00:00","twitter_card":"summary_large_image","twitter_site":"@CienciaULL","twitter_misc":{"Tiempo de lectura":"3 minutos"},"schema":{"@context":"https:\/\/schema.org","@graph":[{"@type":"WebPage","@id":"https:\/\/www.ull.es\/portal\/cienciaull\/todasconcienciull\/","url":"https:\/\/www.ull.es\/portal\/cienciaull\/todasconcienciull\/","name":"Todas con Cienci@ULL -","isPartOf":{"@id":"https:\/\/www.ull.es\/portal\/cienciaull\/#website"},"datePublished":"2024-06-12T06:57:53+00:00","dateModified":"2026-02-10T11:00:00+00:00","breadcrumb":{"@id":"https:\/\/www.ull.es\/portal\/cienciaull\/todasconcienciull\/#breadcrumb"},"inLanguage":"es","potentialAction":[{"@type":"ReadAction","target":["https:\/\/www.ull.es\/portal\/cienciaull\/todasconcienciull\/"]}]},{"@type":"BreadcrumbList","@id":"https:\/\/www.ull.es\/portal\/cienciaull\/todasconcienciull\/#breadcrumb","itemListElement":[{"@type":"ListItem","position":1,"name":"Portada","item":"https:\/\/www.ull.es\/portal\/cienciaull\/"},{"@type":"ListItem","position":2,"name":"Todas con Cienci@ULL"}]},{"@type":"WebSite","@id":"https:\/\/www.ull.es\/portal\/cienciaull\/#website","url":"https:\/\/www.ull.es\/portal\/cienciaull\/","name":"","description":"Unidad de Cultura Cient\u00edfica y de la Innovaci\u00f3n de la Universidad de La Laguna","potentialAction":[{"@type":"SearchAction","target":{"@type":"EntryPoint","urlTemplate":"https:\/\/www.ull.es\/portal\/cienciaull\/?s={search_term_string}"},"query-input":"required name=search_term_string"}],"inLanguage":"es"}]}},"_links":{"self":[{"href":"https:\/\/www.ull.es\/portal\/cienciaull\/wp-json\/wp\/v2\/pages\/30205"}],"collection":[{"href":"https:\/\/www.ull.es\/portal\/cienciaull\/wp-json\/wp\/v2\/pages"}],"about":[{"href":"https:\/\/www.ull.es\/portal\/cienciaull\/wp-json\/wp\/v2\/types\/page"}],"author":[{"embeddable":true,"href":"https:\/\/www.ull.es\/portal\/cienciaull\/wp-json\/wp\/v2\/users\/56"}],"replies":[{"embeddable":true,"href":"https:\/\/www.ull.es\/portal\/cienciaull\/wp-json\/wp\/v2\/comments?post=30205"}],"version-history":[{"count":33,"href":"https:\/\/www.ull.es\/portal\/cienciaull\/wp-json\/wp\/v2\/pages\/30205\/revisions"}],"predecessor-version":[{"id":37060,"href":"https:\/\/www.ull.es\/portal\/cienciaull\/wp-json\/wp\/v2\/pages\/30205\/revisions\/37060"}],"wp:attachment":[{"href":"https:\/\/www.ull.es\/portal\/cienciaull\/wp-json\/wp\/v2\/media?parent=30205"}],"curies":[{"name":"wp","href":"https:\/\/api.w.org\/{rel}","templated":true}]}}