{"id":30741,"date":"2024-08-26T10:27:07","date_gmt":"2024-08-26T10:27:07","guid":{"rendered":"https:\/\/www.ull.es\/portal\/cienciaull\/?page_id=30741"},"modified":"2024-08-26T11:54:22","modified_gmt":"2024-08-26T11:54:22","slug":"olivo","status":"publish","type":"page","link":"https:\/\/www.ull.es\/portal\/cienciaull\/olivo\/","title":{"rendered":"OLIVO"},"content":{"rendered":"<p>[vc_row][vc_column]\n<div id=\"rev_slider_145_1_wrapper\" class=\"rev_slider_wrapper fullwidthbanner-container\" data-source=\"gallery\" style=\"margin:0px auto;background:transparent;padding:0px;margin-top:0px;margin-bottom:0px;\">\n<!-- START REVOLUTION SLIDER 5.4.7.3 fullwidth mode -->\n\t<div id=\"rev_slider_145_1\" class=\"rev_slider fullwidthabanner\" style=\"display:none;\" data-version=\"5.4.7.3\">\n<ul>\t<!-- SLIDE  -->\n\t<li data-index=\"rs-174\" data-transition=\"fade\" data-slotamount=\"default\" data-hideafterloop=\"0\" data-hideslideonmobile=\"off\"  data-easein=\"default\" data-easeout=\"default\" data-masterspeed=\"300\"  data-rotate=\"0\"  data-saveperformance=\"off\"  data-title=\"Slide\" data-param1=\"\" data-param2=\"\" data-param3=\"\" data-param4=\"\" data-param5=\"\" data-param6=\"\" data-param7=\"\" data-param8=\"\" data-param9=\"\" data-param10=\"\" data-description=\"\">\n\t\t<!-- MAIN IMAGE -->\n\t\t<img src=\"https:\/\/s8.gifyu.com\/images\/Banners-Campus-de-la-Ciencia-y-la-Tecnologia-1600x600px.png\"  alt=\"\"  width=\"1920\" height=\"1080\" data-bgposition=\"center center\" data-bgfit=\"cover\" data-bgrepeat=\"no-repeat\" class=\"rev-slidebg\" data-no-retina>\n\t\t<!-- LAYERS -->\n\t<\/li>\n<\/ul>\n<div class=\"tp-bannertimer tp-bottom\" style=\"visibility: hidden !important;\"><\/div>\t<\/div>\n<script>var htmlDiv = document.getElementById(\"rs-plugin-settings-inline-css\"); var htmlDivCss=\"\";\r\n\t\t\t\tif(htmlDiv) {\r\n\t\t\t\t\thtmlDiv.innerHTML = htmlDiv.innerHTML + htmlDivCss;\r\n\t\t\t\t}else{\r\n\t\t\t\t\tvar htmlDiv = document.createElement(\"div\");\r\n\t\t\t\t\thtmlDiv.innerHTML = \"<style>\" + htmlDivCss + \"<\/style>\";\r\n\t\t\t\t\tdocument.getElementsByTagName(\"head\")[0].appendChild(htmlDiv.childNodes[0]);\r\n\t\t\t\t}\r\n\t\t\t<\/script>\n\t\t<script type=\"text\/javascript\">\r\nif (setREVStartSize!==undefined) setREVStartSize(\r\n\t{c: '#rev_slider_145_1', gridwidth: [1600], gridheight: [600], sliderLayout: 'auto'});\r\n\t\t\t\r\nvar revapi145,\r\n\ttpj;\t\r\n(function() {\t\t\t\r\n\tif (!\/loaded|interactive|complete\/.test(document.readyState)) document.addEventListener(\"DOMContentLoaded\",onLoad); else onLoad();\t\r\n\tfunction onLoad() {\t\t\t\t\r\n\t\tif (tpj===undefined) { tpj = jQuery; if(\"off\" == \"on\") tpj.noConflict();}\r\n\tif(tpj(\"#rev_slider_145_1\").revolution == undefined){\n\t\trevslider_showDoubleJqueryError(\"#rev_slider_145_1\");\n\t}else{\n\t\trevapi145 = tpj(\"#rev_slider_145_1\").show().revolution({\n\t\t\tsliderType:\"hero\",\n\t\t\tjsFileLocation:\"\/\/www.ull.es\/portal\/cienciaull\/wp-content\/plugins\/revslider\/public\/assets\/js\/\",\n\t\t\tsliderLayout:\"auto\",\n\t\t\tdottedOverlay:\"none\",\n\t\t\tdelay:9000,\n\t\t\tvisibilityLevels:[1240,1024,778,480],\n\t\t\tgridwidth:1600,\n\t\t\tgridheight:600,\n\t\t\tlazyType:\"none\",\n\t\t\tshadow:0,\n\t\t\tspinner:\"spinner0\",\n\t\t\tautoHeight:\"off\",\n\t\t\tdisableProgressBar:\"on\",\n\t\t\thideThumbsOnMobile:\"off\",\n\t\t\thideSliderAtLimit:0,\n\t\t\thideCaptionAtLimit:0,\n\t\t\thideAllCaptionAtLilmit:0,\n\t\t\tdebugMode:false,\n\t\t\tfallbacks: {\n\t\t\t\tsimplifyAll:\"off\",\n\t\t\t\tdisableFocusListener:false,\n\t\t\t}\n\t\t});\n\t}; \/* END OF revapi call *\/\n\t\n }; \/* END OF ON LOAD FUNCTION *\/\r\n}()); \/* END OF WRAPPING FUNCTION *\/\r\n<\/script>\r\n\t\t<\/div><!-- END REVOLUTION SLIDER -->[vc_separator color=\u00bbcustom\u00bb border_width=\u00bb10&#8243; accent_color=\u00bb#e84e1b\u00bb][\/vc_column][\/vc_row][vc_row][vc_column width=\u00bb2\/3&#8243;][vc_empty_space][vc_custom_heading text=\u00bbOLIVO\u00bb font_container=\u00bbtag:h2|text_align:left|color:%23186303&#8243; google_fonts=\u00bbfont_family:Roboto%20Slab%3A100%2C300%2Cregular%2C700|font_style:700%20bold%20regular%3A700%3Anormal\u00bb css=\u00bb.vc_custom_1724668052210{margin-bottom: 3px !important;border-bottom-width: 3px !important;padding-bottom: 3px !important;}\u00bb][vc_column_text css=\u00bb.vc_custom_1724668389849{background-color: #bfdbb6 !important;border-radius: 3px !important;}\u00bb]<\/p>\n<p style=\"text-align: justify\"><strong>Eje cient\u00edfico<\/strong>: Biomedicina y Salud<\/p>\n<p style=\"text-align: justify\"><strong>Grupo de Investigaci\u00f3n tutor<\/strong>: LEXIC\u00d3N<\/p>\n<p style=\"text-align: justify\"><strong>Tutora cient\u00edfica<\/strong>: Laura Ezama<\/p>\n<p style=\"text-align: justify\"><strong>Descripci\u00f3n del Proyecto<\/strong>: Nuestro objetivo es responder a la pregunta: \u201c\u00bfEl entrenamiento de los movimientos sac\u00e1dicos puede ayudar a optimizar la capacidad lectora del individuo?\u201d. Nuestra hip\u00f3tesis admite de base dos posibles desarrollos del experimento, sean una mejora inmediata y ninguna mejora visible. Ambas alternativas, igualmente plausibles, dependen de una interpretaci\u00f3n preliminar correcta de la influencia de los movimientos sac\u00e1dicos. Esto se debe a que en el planteamiento de la hip\u00f3tesis asumimos una mejora del rendimiento inmediato basada en la memoria muscular a corto plazo, que podr\u00eda o no existir en el procesamiento ling\u00fc\u00edstico. Otra alternativa previsible ser\u00eda una conducta muscular m\u00e1s parecida a la de otros m\u00fasculos corporales, que no extraen su funcionalidad del uso cognitivo del m\u00fasculo sino de sus propiedades fisiol\u00f3gicas. Esto significa, que con unos ejercicios implementados directamente antes de la prueba no da rango de mejora fisiol\u00f3gica al ojo. Podremos determinar la alternativa correcta seg\u00fan el margen de mejora entre el antes y el despu\u00e9s. Si este \u00faltimo demuestra una mayor capacidad de procesamiento, se asumir\u00e1 que es debido a los ejercicios implementados en \u00e9l.<\/p>\n<p>[\/vc_column_text][vc_column_text]<strong>Miembros<\/strong>:<\/p>\n<ul>\n<li>Natalia Mart\u00edn Garc\u00eda<\/li>\n<li>Nayara Ravelo \u00c1lvarez<\/li>\n<li>Isora Afonso Garc\u00eda<\/li>\n<li>Lorena Verioska L\u00f3pez Ramos<\/li>\n<li>Sheila Tejera Diaz<\/li>\n<li>Andrea Mart\u00edn Garc\u00eda<\/li>\n<\/ul>\n<p>[\/vc_column_text][vc_empty_space height=\u00bb50px\u00bb][\/vc_column][vc_column width=\u00bb1\/3&#8243;][vc_empty_space height=\u00bb40px\u00bb][vc_single_image image=\u00bb30798&#8243; img_size=\u00bbmedium\u00bb alignment=\u00bbcenter\u00bb css=\u00bb.vc_custom_1724673256492{margin-bottom: 3px !important;border-bottom-width: 3px !important;padding-bottom: 3px !important;}\u00bb][vc_btn title=\u00bbProyectos 2024&#8243; color=\u00bbprimary\u00bb size=\u00bblg\u00bb align=\u00bbcenter\u00bb button_block=\u00bbtrue\u00bb link=\u00bburl:https%3A%2F%2Fwww.ull.es%2Fportal%2Fcienciaull%2Fgrupos-por-proyecto-cct-canarias-2024%2F|title:Grupos%20por%20Proyecto%20%E2%80%93%20CCT%20Canarias%202024&#8243; css=\u00bb.vc_custom_1724667675162{margin-bottom: 3px !important;border-bottom-width: 3px !important;padding-bottom: 3px !important;}\u00bb][vc_btn title=\u00bbWeb\u00bb color=\u00bbsuccess\u00bb size=\u00bblg\u00bb align=\u00bbcenter\u00bb button_block=\u00bbtrue\u00bb link=\u00bburl:https%3A%2F%2Fcctcanariasg04.wordpress.com%2F\u00bb][vc_media_grid style=\u00bbpagination\u00bb items_per_page=\u00bb1&#8243; element_width=\u00bb12&#8243; paging_color=\u00bbgreen\u00bb loop=\u00bbyes\u00bb autoplay=\u00bb3&#8243; grid_id=\u00bbvc_gid:1724668396034-115d6e23-8833-10&#8243;][\/vc_column][\/vc_row]<\/p>\n","protected":false},"excerpt":{"rendered":"<p>[vc_row][vc_column][vc_separator color=\u00bbcustom\u00bb border_width=\u00bb10&#8243; accent_color=\u00bb#e84e1b\u00bb][\/vc_column][\/vc_row][vc_row][vc_column width=\u00bb2\/3&#8243;][vc_empty_space][vc_custom_heading text=\u00bbOLIVO\u00bb font_container=\u00bbtag:h2|text_align:left|color:%23186303&#8243; google_fonts=\u00bbfont_family:Roboto%20Slab%3A100%2C300%2Cregular%2C700|font_style:700%20bold%20regular%3A700%3Anormal\u00bb css=\u00bb.vc_custom_1724668052210{margin-bottom: 3px !important;border-bottom-width: 3px !important;padding-bottom: 3px !important;}\u00bb][vc_column_text css=\u00bb.vc_custom_1724668389849{background-color: #bfdbb6 !important;border-radius: 3px !important;}\u00bb] Eje cient\u00edfico: Biomedicina y Salud Grupo de Investigaci\u00f3n tutor: LEXIC\u00d3N Tutora cient\u00edfica: Laura Ezama Descripci\u00f3n del Proyecto: Nuestro objetivo es responder a la pregunta: \u201c\u00bfEl entrenamiento de los movimientos sac\u00e1dicos puede ayudar a optimizar la&#8230;<\/p>\n","protected":false},"author":56,"featured_media":0,"parent":0,"menu_order":0,"comment_status":"closed","ping_status":"closed","template":"templates\/cienciaull.php","meta":{"inline_featured_image":false,"footnotes":""},"acf":[],"yoast_head":"<!-- This site is optimized with the Yoast SEO plugin v21.3 - https:\/\/yoast.com\/wordpress\/plugins\/seo\/ -->\n<title>OLIVO -<\/title>\n<meta name=\"robots\" content=\"index, follow, max-snippet:-1, max-image-preview:large, max-video-preview:-1\" \/>\n<link rel=\"canonical\" href=\"https:\/\/www.ull.es\/portal\/cienciaull\/olivo\/\" \/>\n<meta property=\"og:locale\" content=\"es_ES\" \/>\n<meta property=\"og:type\" content=\"article\" \/>\n<meta property=\"og:title\" content=\"OLIVO -\" \/>\n<meta property=\"og:description\" content=\"[vc_row][vc_column][vc_separator color=\u00bbcustom\u00bb border_width=\u00bb10&#8243; accent_color=\u00bb#e84e1b\u00bb][\/vc_column][\/vc_row][vc_row][vc_column width=\u00bb2\/3&#8243;][vc_empty_space][vc_custom_heading text=\u00bbOLIVO\u00bb font_container=\u00bbtag:h2|text_align:left|color:%23186303&#8243; google_fonts=\u00bbfont_family:Roboto%20Slab%3A100%2C300%2Cregular%2C700|font_style:700%20bold%20regular%3A700%3Anormal\u00bb css=\u00bb.vc_custom_1724668052210{margin-bottom: 3px !important;border-bottom-width: 3px !important;padding-bottom: 3px !important;}\u00bb][vc_column_text css=\u00bb.vc_custom_1724668389849{background-color: #bfdbb6 !important;border-radius: 3px !important;}\u00bb] Eje cient\u00edfico: Biomedicina y Salud Grupo de Investigaci\u00f3n tutor: LEXIC\u00d3N Tutora cient\u00edfica: Laura Ezama Descripci\u00f3n del Proyecto: Nuestro objetivo es responder a la pregunta: \u201c\u00bfEl entrenamiento de los movimientos sac\u00e1dicos puede ayudar a optimizar la...\" \/>\n<meta property=\"og:url\" content=\"https:\/\/www.ull.es\/portal\/cienciaull\/olivo\/\" \/>\n<meta property=\"article:publisher\" content=\"https:\/\/www.facebook.com\/CienciaULL\/\" \/>\n<meta property=\"article:modified_time\" content=\"2024-08-26T11:54:22+00:00\" \/>\n<meta name=\"twitter:card\" content=\"summary_large_image\" \/>\n<meta name=\"twitter:site\" content=\"@CienciaULL\" \/>\n<meta name=\"twitter:label1\" content=\"Tiempo de lectura\" \/>\n\t<meta name=\"twitter:data1\" content=\"2 minutos\" \/>\n<script type=\"application\/ld+json\" class=\"yoast-schema-graph\">{\"@context\":\"https:\/\/schema.org\",\"@graph\":[{\"@type\":\"WebPage\",\"@id\":\"https:\/\/www.ull.es\/portal\/cienciaull\/olivo\/\",\"url\":\"https:\/\/www.ull.es\/portal\/cienciaull\/olivo\/\",\"name\":\"OLIVO -\",\"isPartOf\":{\"@id\":\"https:\/\/www.ull.es\/portal\/cienciaull\/#website\"},\"datePublished\":\"2024-08-26T10:27:07+00:00\",\"dateModified\":\"2024-08-26T11:54:22+00:00\",\"breadcrumb\":{\"@id\":\"https:\/\/www.ull.es\/portal\/cienciaull\/olivo\/#breadcrumb\"},\"inLanguage\":\"es\",\"potentialAction\":[{\"@type\":\"ReadAction\",\"target\":[\"https:\/\/www.ull.es\/portal\/cienciaull\/olivo\/\"]}]},{\"@type\":\"BreadcrumbList\",\"@id\":\"https:\/\/www.ull.es\/portal\/cienciaull\/olivo\/#breadcrumb\",\"itemListElement\":[{\"@type\":\"ListItem\",\"position\":1,\"name\":\"Portada\",\"item\":\"https:\/\/www.ull.es\/portal\/cienciaull\/\"},{\"@type\":\"ListItem\",\"position\":2,\"name\":\"OLIVO\"}]},{\"@type\":\"WebSite\",\"@id\":\"https:\/\/www.ull.es\/portal\/cienciaull\/#website\",\"url\":\"https:\/\/www.ull.es\/portal\/cienciaull\/\",\"name\":\"\",\"description\":\"Unidad de Cultura Cient\u00edfica y de la Innovaci\u00f3n de la Universidad de La Laguna\",\"potentialAction\":[{\"@type\":\"SearchAction\",\"target\":{\"@type\":\"EntryPoint\",\"urlTemplate\":\"https:\/\/www.ull.es\/portal\/cienciaull\/?s={search_term_string}\"},\"query-input\":\"required name=search_term_string\"}],\"inLanguage\":\"es\"}]}<\/script>\n<!-- \/ Yoast SEO plugin. -->","yoast_head_json":{"title":"OLIVO -","robots":{"index":"index","follow":"follow","max-snippet":"max-snippet:-1","max-image-preview":"max-image-preview:large","max-video-preview":"max-video-preview:-1"},"canonical":"https:\/\/www.ull.es\/portal\/cienciaull\/olivo\/","og_locale":"es_ES","og_type":"article","og_title":"OLIVO -","og_description":"[vc_row][vc_column][vc_separator color=\u00bbcustom\u00bb border_width=\u00bb10&#8243; accent_color=\u00bb#e84e1b\u00bb][\/vc_column][\/vc_row][vc_row][vc_column width=\u00bb2\/3&#8243;][vc_empty_space][vc_custom_heading text=\u00bbOLIVO\u00bb font_container=\u00bbtag:h2|text_align:left|color:%23186303&#8243; google_fonts=\u00bbfont_family:Roboto%20Slab%3A100%2C300%2Cregular%2C700|font_style:700%20bold%20regular%3A700%3Anormal\u00bb css=\u00bb.vc_custom_1724668052210{margin-bottom: 3px !important;border-bottom-width: 3px !important;padding-bottom: 3px !important;}\u00bb][vc_column_text css=\u00bb.vc_custom_1724668389849{background-color: #bfdbb6 !important;border-radius: 3px !important;}\u00bb] Eje cient\u00edfico: Biomedicina y Salud Grupo de Investigaci\u00f3n tutor: LEXIC\u00d3N Tutora cient\u00edfica: Laura Ezama Descripci\u00f3n del Proyecto: Nuestro objetivo es responder a la pregunta: \u201c\u00bfEl entrenamiento de los movimientos sac\u00e1dicos puede ayudar a optimizar la...","og_url":"https:\/\/www.ull.es\/portal\/cienciaull\/olivo\/","article_publisher":"https:\/\/www.facebook.com\/CienciaULL\/","article_modified_time":"2024-08-26T11:54:22+00:00","twitter_card":"summary_large_image","twitter_site":"@CienciaULL","twitter_misc":{"Tiempo de lectura":"2 minutos"},"schema":{"@context":"https:\/\/schema.org","@graph":[{"@type":"WebPage","@id":"https:\/\/www.ull.es\/portal\/cienciaull\/olivo\/","url":"https:\/\/www.ull.es\/portal\/cienciaull\/olivo\/","name":"OLIVO -","isPartOf":{"@id":"https:\/\/www.ull.es\/portal\/cienciaull\/#website"},"datePublished":"2024-08-26T10:27:07+00:00","dateModified":"2024-08-26T11:54:22+00:00","breadcrumb":{"@id":"https:\/\/www.ull.es\/portal\/cienciaull\/olivo\/#breadcrumb"},"inLanguage":"es","potentialAction":[{"@type":"ReadAction","target":["https:\/\/www.ull.es\/portal\/cienciaull\/olivo\/"]}]},{"@type":"BreadcrumbList","@id":"https:\/\/www.ull.es\/portal\/cienciaull\/olivo\/#breadcrumb","itemListElement":[{"@type":"ListItem","position":1,"name":"Portada","item":"https:\/\/www.ull.es\/portal\/cienciaull\/"},{"@type":"ListItem","position":2,"name":"OLIVO"}]},{"@type":"WebSite","@id":"https:\/\/www.ull.es\/portal\/cienciaull\/#website","url":"https:\/\/www.ull.es\/portal\/cienciaull\/","name":"","description":"Unidad de Cultura Cient\u00edfica y de la Innovaci\u00f3n de la Universidad de La Laguna","potentialAction":[{"@type":"SearchAction","target":{"@type":"EntryPoint","urlTemplate":"https:\/\/www.ull.es\/portal\/cienciaull\/?s={search_term_string}"},"query-input":"required name=search_term_string"}],"inLanguage":"es"}]}},"_links":{"self":[{"href":"https:\/\/www.ull.es\/portal\/cienciaull\/wp-json\/wp\/v2\/pages\/30741"}],"collection":[{"href":"https:\/\/www.ull.es\/portal\/cienciaull\/wp-json\/wp\/v2\/pages"}],"about":[{"href":"https:\/\/www.ull.es\/portal\/cienciaull\/wp-json\/wp\/v2\/types\/page"}],"author":[{"embeddable":true,"href":"https:\/\/www.ull.es\/portal\/cienciaull\/wp-json\/wp\/v2\/users\/56"}],"replies":[{"embeddable":true,"href":"https:\/\/www.ull.es\/portal\/cienciaull\/wp-json\/wp\/v2\/comments?post=30741"}],"version-history":[{"count":6,"href":"https:\/\/www.ull.es\/portal\/cienciaull\/wp-json\/wp\/v2\/pages\/30741\/revisions"}],"predecessor-version":[{"id":30816,"href":"https:\/\/www.ull.es\/portal\/cienciaull\/wp-json\/wp\/v2\/pages\/30741\/revisions\/30816"}],"wp:attachment":[{"href":"https:\/\/www.ull.es\/portal\/cienciaull\/wp-json\/wp\/v2\/media?parent=30741"}],"curies":[{"name":"wp","href":"https:\/\/api.w.org\/{rel}","templated":true}]}}