{"id":31050,"date":"2024-09-19T08:11:33","date_gmt":"2024-09-19T08:11:33","guid":{"rendered":"https:\/\/www.ull.es\/portal\/cienciaull\/?page_id=31050"},"modified":"2025-07-28T11:59:21","modified_gmt":"2025-07-28T11:59:21","slug":"taller-16-computacion-cuantica-en-20-minutos","status":"publish","type":"page","link":"https:\/\/www.ull.es\/portal\/cienciaull\/laboratorio-virtual-conecta-cienciull\/ciencia-y-tecnologia\/taller-16-computacion-cuantica-en-20-minutos\/","title":{"rendered":"Taller 16. \u00abComputaci\u00f3n Cu\u00e1ntica en 20 Minutos\u00bb"},"content":{"rendered":"<p>[vc_row][vc_column][vc_custom_heading source=\u00bbpost_title\u00bb font_container=\u00bbtag:h2|text_align:left|color:%23dd9933&#8243; google_fonts=\u00bbfont_family:Roboto%20Slab%3A100%2C300%2Cregular%2C700|font_style:700%20bold%20regular%3A700%3Anormal\u00bb][vc_video link=\u00bbhttps:\/\/youtu.be\/Qh2oYNfloi8&#8243;][vc_empty_space][vc_column_text]<\/p>\n<table style=\"height: 31px\" width=\"969\">\n<tbody>\n<tr>\n<td width=\"118\"><strong>Breve descripci\u00f3n<\/strong><\/td>\n<\/tr>\n<tr>\n<td style=\"text-align: justify\"><span style=\"font-weight: 400\">El tema es la Computaci\u00f3n Cu\u00e1ntica. Se trata de una ligera introducci\u00f3n corta de teor\u00eda de la computaci\u00f3n cu\u00e1ntica simplificada explicada desde ejemplos concretos y cercanos, dise\u00f1ados con el prop\u00f3sito de afianzar estos conocimientos de forma pr\u00e1ctica. Tras asentar m\u00ednimamente las reglas de la mec\u00e1nica cu\u00e1ntica, se da paso a una sesi\u00f3n para el ejercicio\/taller interactivo con un entorno de programaci\u00f3n cu\u00e1ntica.\u00a0<\/span><\/p>\n<p><span style=\"font-weight: 400\">En la sesi\u00f3n te\u00f3rica corta se tratar\u00e1 brevemente el concepto de superposici\u00f3n y entrelazamiento. Durante la sesi\u00f3n del propio taller se abordar\u00e1n los temas de c\u00fabits, puertas y proyecciones. Se har\u00e1 hincapi\u00e9 en las relaciones que tienen estas entidades entre ellas, y sus utilidades pr\u00e1cticas. Toda la teor\u00eda ser\u00e1 explicada de manera intuitiva y f\u00e1cil mediante la interfaz de programaci\u00f3n cu\u00e1ntica, para despertar el inter\u00e9s en el alumnado. Esto supone todo un reto, dada la complejidad de la tem\u00e1tica, sin embargo, la experiencia en talleres similares realizados anteriormente (MacaroNight 2023, MUCAT, <\/span><span style=\"font-weight: 400\">\u2026<\/span><span style=\"font-weight: 400\">) avalan el correcto desarrollo de la experiencia. De esta manera, los alumnos podr\u00e1n tomar decisiones en tiempo real que contribuyan a la correcta asimilaci\u00f3n de los contenidos anteriormente vistos. En base a esto y a las aclaraciones que realice el ponente, no solo ser\u00e1 una divertida sesi\u00f3n de programaci\u00f3n cu\u00e1ntica, sino que adem\u00e1s se conseguir\u00e1 asentar toda la parte te\u00f3rica vista; aplicando de manera pr\u00e1ctica las puertas y proyecciones cu\u00e1nticas sobre los c\u00fabits y entendiendo el entorno que generan estas entidades<\/span><\/td>\n<\/tr>\n<\/tbody>\n<\/table>\n<p>[\/vc_column_text][vc_column_text]<\/p>\n<table style=\"height: 92px\" width=\"653\">\n<tbody>\n<tr>\n<td width=\"152\"><strong>Publico al que se dirige<\/strong><\/td>\n<td width=\"80\"><strong>Duraci\u00f3n<\/strong><\/td>\n<\/tr>\n<tr>\n<td>P\u00fablico general<\/td>\n<td>20 minutos<\/td>\n<\/tr>\n<\/tbody>\n<\/table>\n<p>[\/vc_column_text][vc_column_text]<\/p>\n<table style=\"height: 116px\" width=\"367\">\n<tbody>\n<tr>\n<td width=\"152\"><strong>Materiales y recursos<\/strong><\/td>\n<\/tr>\n<tr>\n<td>\n<ul>\n<li><span style=\"font-weight: 400\">Ordenador con conexi\u00f3n a internet<\/span><\/li>\n<\/ul>\n<\/td>\n<\/tr>\n<\/tbody>\n<\/table>\n<p>[\/vc_column_text][vc_column_text]<\/p>\n<table style=\"height: 71px\" width=\"390\">\n<tbody>\n<tr>\n<td width=\"152\"><strong>Investigador<\/strong><\/td>\n<td width=\"152\"><span style=\"font-weight: 400\">Daniel Escanez Exposito<\/span><\/td>\n<\/tr>\n<tr>\n<td><strong>Departamento<\/strong><\/td>\n<td><span style=\"font-weight: 400\">Departamento de Ingenier\u00eda Inform\u00e1tica y de Sistemas<\/span><\/td>\n<\/tr>\n<\/tbody>\n<\/table>\n<p>[\/vc_column_text][vc_empty_space][vc_btn title=\u00bbDescargar ficha del taller\u00bb color=\u00bborange\u00bb align=\u00bbcenter\u00bb link=\u00bburl:https%3A%2F%2Fdrive.google.com%2Ffile%2Fd%2F1AF31TuI0S6ZaM_RwnYeRkfoGgy9KUOpB%2Fview%3Fusp%3Dsharing|target:_blank\u00bb][\/vc_column][\/vc_row]<\/p>\n","protected":false},"excerpt":{"rendered":"<p>[vc_row][vc_column][vc_custom_heading source=\u00bbpost_title\u00bb font_container=\u00bbtag:h2|text_align:left|color:%23dd9933&#8243; google_fonts=\u00bbfont_family:Roboto%20Slab%3A100%2C300%2Cregular%2C700|font_style:700%20bold%20regular%3A700%3Anormal\u00bb][vc_video link=\u00bbhttps:\/\/youtu.be\/Qh2oYNfloi8&#8243;][vc_empty_space][vc_column_text] Breve descripci\u00f3n El tema es la Computaci\u00f3n Cu\u00e1ntica. Se trata de una ligera introducci\u00f3n corta de teor\u00eda de la computaci\u00f3n cu\u00e1ntica simplificada explicada desde ejemplos concretos y cercanos, dise\u00f1ados con el prop\u00f3sito de afianzar estos conocimientos de forma pr\u00e1ctica. Tras asentar m\u00ednimamente las reglas de la mec\u00e1nica cu\u00e1ntica, se da&#8230;<\/p>\n","protected":false},"author":56,"featured_media":0,"parent":27036,"menu_order":16,"comment_status":"closed","ping_status":"closed","template":"","meta":{"inline_featured_image":false,"footnotes":""},"acf":[],"yoast_head":"<!-- This site is optimized with the Yoast SEO plugin v21.3 - https:\/\/yoast.com\/wordpress\/plugins\/seo\/ -->\n<title>Taller 16. \u00abComputaci\u00f3n Cu\u00e1ntica en 20 Minutos\u00bb -<\/title>\n<meta name=\"robots\" content=\"index, follow, max-snippet:-1, max-image-preview:large, max-video-preview:-1\" \/>\n<link rel=\"canonical\" href=\"https:\/\/www.ull.es\/portal\/cienciaull\/laboratorio-virtual-conecta-cienciull\/ciencia-y-tecnologia\/taller-16-computacion-cuantica-en-20-minutos\/\" \/>\n<meta property=\"og:locale\" content=\"es_ES\" \/>\n<meta property=\"og:type\" content=\"article\" \/>\n<meta property=\"og:title\" content=\"Taller 16. \u00abComputaci\u00f3n Cu\u00e1ntica en 20 Minutos\u00bb -\" \/>\n<meta property=\"og:description\" content=\"[vc_row][vc_column][vc_custom_heading source=\u00bbpost_title\u00bb font_container=\u00bbtag:h2|text_align:left|color:%23dd9933&#8243; google_fonts=\u00bbfont_family:Roboto%20Slab%3A100%2C300%2Cregular%2C700|font_style:700%20bold%20regular%3A700%3Anormal\u00bb][vc_video link=\u00bbhttps:\/\/youtu.be\/Qh2oYNfloi8&#8243;][vc_empty_space][vc_column_text] Breve descripci\u00f3n El tema es la Computaci\u00f3n Cu\u00e1ntica. Se trata de una ligera introducci\u00f3n corta de teor\u00eda de la computaci\u00f3n cu\u00e1ntica simplificada explicada desde ejemplos concretos y cercanos, dise\u00f1ados con el prop\u00f3sito de afianzar estos conocimientos de forma pr\u00e1ctica. Tras asentar m\u00ednimamente las reglas de la mec\u00e1nica cu\u00e1ntica, se da...\" \/>\n<meta property=\"og:url\" content=\"https:\/\/www.ull.es\/portal\/cienciaull\/laboratorio-virtual-conecta-cienciull\/ciencia-y-tecnologia\/taller-16-computacion-cuantica-en-20-minutos\/\" \/>\n<meta property=\"article:publisher\" content=\"https:\/\/www.facebook.com\/CienciaULL\/\" \/>\n<meta property=\"article:modified_time\" content=\"2025-07-28T11:59:21+00:00\" \/>\n<meta name=\"twitter:card\" content=\"summary_large_image\" \/>\n<meta name=\"twitter:site\" content=\"@CienciaULL\" \/>\n<meta name=\"twitter:label1\" content=\"Tiempo de lectura\" \/>\n\t<meta name=\"twitter:data1\" content=\"2 minutos\" \/>\n<script type=\"application\/ld+json\" class=\"yoast-schema-graph\">{\"@context\":\"https:\/\/schema.org\",\"@graph\":[{\"@type\":\"WebPage\",\"@id\":\"https:\/\/www.ull.es\/portal\/cienciaull\/laboratorio-virtual-conecta-cienciull\/ciencia-y-tecnologia\/taller-16-computacion-cuantica-en-20-minutos\/\",\"url\":\"https:\/\/www.ull.es\/portal\/cienciaull\/laboratorio-virtual-conecta-cienciull\/ciencia-y-tecnologia\/taller-16-computacion-cuantica-en-20-minutos\/\",\"name\":\"Taller 16. \u00abComputaci\u00f3n Cu\u00e1ntica en 20 Minutos\u00bb -\",\"isPartOf\":{\"@id\":\"https:\/\/www.ull.es\/portal\/cienciaull\/#website\"},\"datePublished\":\"2024-09-19T08:11:33+00:00\",\"dateModified\":\"2025-07-28T11:59:21+00:00\",\"breadcrumb\":{\"@id\":\"https:\/\/www.ull.es\/portal\/cienciaull\/laboratorio-virtual-conecta-cienciull\/ciencia-y-tecnologia\/taller-16-computacion-cuantica-en-20-minutos\/#breadcrumb\"},\"inLanguage\":\"es\",\"potentialAction\":[{\"@type\":\"ReadAction\",\"target\":[\"https:\/\/www.ull.es\/portal\/cienciaull\/laboratorio-virtual-conecta-cienciull\/ciencia-y-tecnologia\/taller-16-computacion-cuantica-en-20-minutos\/\"]}]},{\"@type\":\"BreadcrumbList\",\"@id\":\"https:\/\/www.ull.es\/portal\/cienciaull\/laboratorio-virtual-conecta-cienciull\/ciencia-y-tecnologia\/taller-16-computacion-cuantica-en-20-minutos\/#breadcrumb\",\"itemListElement\":[{\"@type\":\"ListItem\",\"position\":1,\"name\":\"Portada\",\"item\":\"https:\/\/www.ull.es\/portal\/cienciaull\/\"},{\"@type\":\"ListItem\",\"position\":2,\"name\":\"Laboratorio Virtual Conecta Cienci@ULL\",\"item\":\"https:\/\/www.ull.es\/portal\/cienciaull\/laboratorio-virtual-conecta-cienciull\/\"},{\"@type\":\"ListItem\",\"position\":3,\"name\":\"Ciencia y Tecnolog\u00eda\",\"item\":\"https:\/\/www.ull.es\/portal\/cienciaull\/laboratorio-virtual-conecta-cienciull\/ciencia-y-tecnologia\/\"},{\"@type\":\"ListItem\",\"position\":4,\"name\":\"Taller 16. \u00abComputaci\u00f3n Cu\u00e1ntica en 20 Minutos\u00bb\"}]},{\"@type\":\"WebSite\",\"@id\":\"https:\/\/www.ull.es\/portal\/cienciaull\/#website\",\"url\":\"https:\/\/www.ull.es\/portal\/cienciaull\/\",\"name\":\"\",\"description\":\"Unidad de Cultura Cient\u00edfica y de la Innovaci\u00f3n de la Universidad de La Laguna\",\"potentialAction\":[{\"@type\":\"SearchAction\",\"target\":{\"@type\":\"EntryPoint\",\"urlTemplate\":\"https:\/\/www.ull.es\/portal\/cienciaull\/?s={search_term_string}\"},\"query-input\":\"required name=search_term_string\"}],\"inLanguage\":\"es\"}]}<\/script>\n<!-- \/ Yoast SEO plugin. -->","yoast_head_json":{"title":"Taller 16. \u00abComputaci\u00f3n Cu\u00e1ntica en 20 Minutos\u00bb -","robots":{"index":"index","follow":"follow","max-snippet":"max-snippet:-1","max-image-preview":"max-image-preview:large","max-video-preview":"max-video-preview:-1"},"canonical":"https:\/\/www.ull.es\/portal\/cienciaull\/laboratorio-virtual-conecta-cienciull\/ciencia-y-tecnologia\/taller-16-computacion-cuantica-en-20-minutos\/","og_locale":"es_ES","og_type":"article","og_title":"Taller 16. \u00abComputaci\u00f3n Cu\u00e1ntica en 20 Minutos\u00bb -","og_description":"[vc_row][vc_column][vc_custom_heading source=\u00bbpost_title\u00bb font_container=\u00bbtag:h2|text_align:left|color:%23dd9933&#8243; google_fonts=\u00bbfont_family:Roboto%20Slab%3A100%2C300%2Cregular%2C700|font_style:700%20bold%20regular%3A700%3Anormal\u00bb][vc_video link=\u00bbhttps:\/\/youtu.be\/Qh2oYNfloi8&#8243;][vc_empty_space][vc_column_text] Breve descripci\u00f3n El tema es la Computaci\u00f3n Cu\u00e1ntica. Se trata de una ligera introducci\u00f3n corta de teor\u00eda de la computaci\u00f3n cu\u00e1ntica simplificada explicada desde ejemplos concretos y cercanos, dise\u00f1ados con el prop\u00f3sito de afianzar estos conocimientos de forma pr\u00e1ctica. Tras asentar m\u00ednimamente las reglas de la mec\u00e1nica cu\u00e1ntica, se da...","og_url":"https:\/\/www.ull.es\/portal\/cienciaull\/laboratorio-virtual-conecta-cienciull\/ciencia-y-tecnologia\/taller-16-computacion-cuantica-en-20-minutos\/","article_publisher":"https:\/\/www.facebook.com\/CienciaULL\/","article_modified_time":"2025-07-28T11:59:21+00:00","twitter_card":"summary_large_image","twitter_site":"@CienciaULL","twitter_misc":{"Tiempo de lectura":"2 minutos"},"schema":{"@context":"https:\/\/schema.org","@graph":[{"@type":"WebPage","@id":"https:\/\/www.ull.es\/portal\/cienciaull\/laboratorio-virtual-conecta-cienciull\/ciencia-y-tecnologia\/taller-16-computacion-cuantica-en-20-minutos\/","url":"https:\/\/www.ull.es\/portal\/cienciaull\/laboratorio-virtual-conecta-cienciull\/ciencia-y-tecnologia\/taller-16-computacion-cuantica-en-20-minutos\/","name":"Taller 16. \u00abComputaci\u00f3n Cu\u00e1ntica en 20 Minutos\u00bb -","isPartOf":{"@id":"https:\/\/www.ull.es\/portal\/cienciaull\/#website"},"datePublished":"2024-09-19T08:11:33+00:00","dateModified":"2025-07-28T11:59:21+00:00","breadcrumb":{"@id":"https:\/\/www.ull.es\/portal\/cienciaull\/laboratorio-virtual-conecta-cienciull\/ciencia-y-tecnologia\/taller-16-computacion-cuantica-en-20-minutos\/#breadcrumb"},"inLanguage":"es","potentialAction":[{"@type":"ReadAction","target":["https:\/\/www.ull.es\/portal\/cienciaull\/laboratorio-virtual-conecta-cienciull\/ciencia-y-tecnologia\/taller-16-computacion-cuantica-en-20-minutos\/"]}]},{"@type":"BreadcrumbList","@id":"https:\/\/www.ull.es\/portal\/cienciaull\/laboratorio-virtual-conecta-cienciull\/ciencia-y-tecnologia\/taller-16-computacion-cuantica-en-20-minutos\/#breadcrumb","itemListElement":[{"@type":"ListItem","position":1,"name":"Portada","item":"https:\/\/www.ull.es\/portal\/cienciaull\/"},{"@type":"ListItem","position":2,"name":"Laboratorio Virtual Conecta Cienci@ULL","item":"https:\/\/www.ull.es\/portal\/cienciaull\/laboratorio-virtual-conecta-cienciull\/"},{"@type":"ListItem","position":3,"name":"Ciencia y Tecnolog\u00eda","item":"https:\/\/www.ull.es\/portal\/cienciaull\/laboratorio-virtual-conecta-cienciull\/ciencia-y-tecnologia\/"},{"@type":"ListItem","position":4,"name":"Taller 16. \u00abComputaci\u00f3n Cu\u00e1ntica en 20 Minutos\u00bb"}]},{"@type":"WebSite","@id":"https:\/\/www.ull.es\/portal\/cienciaull\/#website","url":"https:\/\/www.ull.es\/portal\/cienciaull\/","name":"","description":"Unidad de Cultura Cient\u00edfica y de la Innovaci\u00f3n de la Universidad de La Laguna","potentialAction":[{"@type":"SearchAction","target":{"@type":"EntryPoint","urlTemplate":"https:\/\/www.ull.es\/portal\/cienciaull\/?s={search_term_string}"},"query-input":"required name=search_term_string"}],"inLanguage":"es"}]}},"_links":{"self":[{"href":"https:\/\/www.ull.es\/portal\/cienciaull\/wp-json\/wp\/v2\/pages\/31050"}],"collection":[{"href":"https:\/\/www.ull.es\/portal\/cienciaull\/wp-json\/wp\/v2\/pages"}],"about":[{"href":"https:\/\/www.ull.es\/portal\/cienciaull\/wp-json\/wp\/v2\/types\/page"}],"author":[{"embeddable":true,"href":"https:\/\/www.ull.es\/portal\/cienciaull\/wp-json\/wp\/v2\/users\/56"}],"replies":[{"embeddable":true,"href":"https:\/\/www.ull.es\/portal\/cienciaull\/wp-json\/wp\/v2\/comments?post=31050"}],"version-history":[{"count":9,"href":"https:\/\/www.ull.es\/portal\/cienciaull\/wp-json\/wp\/v2\/pages\/31050\/revisions"}],"predecessor-version":[{"id":31167,"href":"https:\/\/www.ull.es\/portal\/cienciaull\/wp-json\/wp\/v2\/pages\/31050\/revisions\/31167"}],"up":[{"embeddable":true,"href":"https:\/\/www.ull.es\/portal\/cienciaull\/wp-json\/wp\/v2\/pages\/27036"}],"wp:attachment":[{"href":"https:\/\/www.ull.es\/portal\/cienciaull\/wp-json\/wp\/v2\/media?parent=31050"}],"curies":[{"name":"wp","href":"https:\/\/api.w.org\/{rel}","templated":true}]}}