{"id":31113,"date":"2024-10-02T11:00:20","date_gmt":"2024-10-02T11:00:20","guid":{"rendered":"https:\/\/www.ull.es\/portal\/cienciaull\/?page_id=31113"},"modified":"2024-10-02T11:48:54","modified_gmt":"2024-10-02T11:48:54","slug":"julio","status":"publish","type":"page","link":"https:\/\/www.ull.es\/portal\/cienciaull\/julio\/","title":{"rendered":"#Julio"},"content":{"rendered":"\t\t<div data-elementor-type=\"wp-page\" data-elementor-id=\"31113\" class=\"elementor elementor-31113\">\n\t\t\t\t\t\t\t<div class=\"elementor-element elementor-element-eb9e299 e-con-boxed e-con\" data-id=\"eb9e299\" data-element_type=\"container\" data-settings=\"{&quot;content_width&quot;:&quot;boxed&quot;}\">\n\t\t\t\t\t<div class=\"e-con-inner\">\n\t\t\t\t<div class=\"elementor-element elementor-element-b013dc4 elementor-widget elementor-widget-image\" data-id=\"b013dc4\" data-element_type=\"widget\" data-widget_type=\"image.default\">\n\t\t\t\t<div class=\"elementor-widget-container\">\n\t\t\t<style>\/*! elementor - v3.9.2 - 21-12-2022 *\/\n.elementor-widget-image{text-align:center}.elementor-widget-image a{display:inline-block}.elementor-widget-image a img[src$=\".svg\"]{width:48px}.elementor-widget-image img{vertical-align:middle;display:inline-block}<\/style>\t\t\t\t\t\t\t\t\t\t\t\t<img decoding=\"async\" loading=\"lazy\" width=\"1140\" height=\"428\" src=\"https:\/\/www.ull.es\/portal\/cienciaull\/wp-content\/uploads\/sites\/24\/2024\/04\/banner_2024-1-1140x428.jpg\" class=\"attachment-page size-page wp-image-27362\" alt=\"\" srcset=\"https:\/\/www.ull.es\/portal\/cienciaull\/wp-content\/uploads\/sites\/24\/2024\/04\/banner_2024-1-1140x428.jpg 1140w, https:\/\/www.ull.es\/portal\/cienciaull\/wp-content\/uploads\/sites\/24\/2024\/04\/banner_2024-1-300x113.jpg 300w, https:\/\/www.ull.es\/portal\/cienciaull\/wp-content\/uploads\/sites\/24\/2024\/04\/banner_2024-1-1024x384.jpg 1024w, https:\/\/www.ull.es\/portal\/cienciaull\/wp-content\/uploads\/sites\/24\/2024\/04\/banner_2024-1-768x288.jpg 768w, https:\/\/www.ull.es\/portal\/cienciaull\/wp-content\/uploads\/sites\/24\/2024\/04\/banner_2024-1-1536x576.jpg 1536w, https:\/\/www.ull.es\/portal\/cienciaull\/wp-content\/uploads\/sites\/24\/2024\/04\/banner_2024-1-2048x768.jpg 2048w, https:\/\/www.ull.es\/portal\/cienciaull\/wp-content\/uploads\/sites\/24\/2024\/04\/banner_2024-1-375x141.jpg 375w, https:\/\/www.ull.es\/portal\/cienciaull\/wp-content\/uploads\/sites\/24\/2024\/04\/banner_2024-1-750x281.jpg 750w\" sizes=\"(max-width: 1140px) 100vw, 1140px\" \/>\t\t\t\t\t\t\t\t\t\t\t\t\t\t\t<\/div>\n\t\t\t\t<\/div>\n\t\t\t\t<div class=\"elementor-element elementor-element-d0b28d6 elementor-grid-3 elementor-grid-tablet-2 elementor-grid-mobile-1 elementor-posts--thumbnail-top elementor-posts--show-avatar elementor-card-shadow-yes elementor-posts__hover-gradient elementor-widget elementor-widget-posts\" data-id=\"d0b28d6\" data-element_type=\"widget\" data-settings=\"{&quot;cards_columns&quot;:&quot;3&quot;,&quot;cards_columns_tablet&quot;:&quot;2&quot;,&quot;cards_columns_mobile&quot;:&quot;1&quot;,&quot;cards_row_gap&quot;:{&quot;unit&quot;:&quot;px&quot;,&quot;size&quot;:35,&quot;sizes&quot;:[]},&quot;cards_row_gap_tablet&quot;:{&quot;unit&quot;:&quot;px&quot;,&quot;size&quot;:&quot;&quot;,&quot;sizes&quot;:[]},&quot;cards_row_gap_mobile&quot;:{&quot;unit&quot;:&quot;px&quot;,&quot;size&quot;:&quot;&quot;,&quot;sizes&quot;:[]}}\" data-widget_type=\"posts.cards\">\n\t\t\t\t<div class=\"elementor-widget-container\">\n\t\t\t<link rel=\"stylesheet\" href=\"https:\/\/www.ull.es\/portal\/cienciaull\/wp-content\/plugins\/elementor-pro\/assets\/css\/widget-posts.min.css\">\t\t<div class=\"elementor-posts-container elementor-posts elementor-posts--skin-cards elementor-grid\">\n\t\t\t\t<article class=\"elementor-post elementor-grid-item post-34903 post type-post status-publish format-standard has-post-thumbnail hentry category-arte-y-humanidades-reportajes category-reportajes tag-362 tag-arte-y-humanidades tag-dia-nacional-de-francia tag-dulce-maria-gonzalez-doreste tag-jose-adrian-garcia-rojas tag-julio tag-maria-del-carmen-marrero-marrero tag-reportajes\" target=\"_blank\" rel=\"noopener\">\n\t\t\t<div class=\"elementor-post__card\">\n\t\t\t\t<a class=\"elementor-post__thumbnail__link\" href=\"https:\/\/www.ull.es\/portal\/cienciaull\/francia-redefine-su-papel-geopolitico\/\"  target=\"_blank\" rel=\"noopener\"><div class=\"elementor-post__thumbnail\"><img loading=\"lazy\" width=\"1200\" height=\"800\" src=\"https:\/\/www.ull.es\/portal\/cienciaull\/wp-content\/uploads\/sites\/24\/2025\/08\/Dia-Francia-07.jpg\" class=\"attachment-full size-full wp-image-35495\" alt=\"\" decoding=\"async\" srcset=\"https:\/\/www.ull.es\/portal\/cienciaull\/wp-content\/uploads\/sites\/24\/2025\/08\/Dia-Francia-07.jpg 1200w, https:\/\/www.ull.es\/portal\/cienciaull\/wp-content\/uploads\/sites\/24\/2025\/08\/Dia-Francia-07-768x512.jpg 768w, https:\/\/www.ull.es\/portal\/cienciaull\/wp-content\/uploads\/sites\/24\/2025\/08\/Dia-Francia-07-375x250.jpg 375w, https:\/\/www.ull.es\/portal\/cienciaull\/wp-content\/uploads\/sites\/24\/2025\/08\/Dia-Francia-07-750x500.jpg 750w, https:\/\/www.ull.es\/portal\/cienciaull\/wp-content\/uploads\/sites\/24\/2025\/08\/Dia-Francia-07-1140x760.jpg 1140w\" sizes=\"(max-width: 1200px) 100vw, 1200px\" \/><\/div><\/a>\n\t\t\t\t<div class=\"elementor-post__avatar\">\n\t\t\t<img alt='gciencia' src='https:\/\/secure.gravatar.com\/avatar\/72ccd1b1a4ea47e7b66bc7cc6944b4e5?s=128&#038;d=mm&#038;r=g' srcset='https:\/\/secure.gravatar.com\/avatar\/72ccd1b1a4ea47e7b66bc7cc6944b4e5?s=256&#038;d=mm&#038;r=g 2x' class='avatar avatar-128 photo' height='128' width='128' loading='lazy' decoding='async'\/>\t\t<\/div>\n\t\t\t\t<div class=\"elementor-post__text\">\n\t\t\t\t<h3 class=\"elementor-post__title\">\n\t\t\t<a href=\"https:\/\/www.ull.es\/portal\/cienciaull\/francia-redefine-su-papel-geopolitico\/\"  target=\"_blank\" rel=\"noopener\">\n\t\t\t\tFrancia redefine su papel geopol\u00edtico\t\t\t<\/a>\n\t\t<\/h3>\n\t\t\t\t<div class=\"elementor-post__excerpt\">\n\t\t\t<p>Francia atraviesa actualmente una transici\u00f3n delicada desde el modelo tradicional de la Fran\u00e7afrique hacia una gesti\u00f3n poscolonial centrada en la diplomacia, la cooperaci\u00f3n t\u00e9cnica y las reparaciones simb\u00f3licas. Este giro se ha hecho especialmente evidente en 2025, con varios pa\u00edses del \u00c1frica Occidental, como Chad, Senegal y Costa de Marfil exigiendo la retirada de las tropas francesas de sus territorios&#8230;<\/p>\n<p><strong> <a href=\"https:\/\/www.ull.es\/portal\/cienciaull\/arte-y-humanidades\/\" target=\"_blank\" rel=\"noopener\">#Arte y Humanidades<\/a> <a href=\"https:\/\/www.ull.es\/portal\/cienciaull\/dia-nacional-de-francia\/\" target=\"_blank\" rel=\"noopener\">#D\u00eda Nacional de Francia<\/a><br \/>\n<a href=\"https:\/\/www.ull.es\/portal\/cienciaull\/dulce-maria-gonzalez-doreste\/\" target=\"_blank\" rel=\"noopener\">#Dulce Mar\u00eda Gonz\u00e1lez Doreste<\/a><a href=\"https:\/\/www.ull.es\/portal\/cienciaull\/maria-del-carmen-marrero-marrero\/\" target=\"_blank\" rel=\"noopener\">#Mar\u00eda del Carmen Marrero Marrero<\/a> <a href=\"https:\/\/www.ull.es\/portal\/cienciaull\/jose-adrian-garcia-rojas\/\" target=\"_blank\" rel=\"noopener\">#Jos\u00e9 Adri\u00e1n Garc\u00eda Rojas<\/a><a href=\"https:\/\/www.ull.es\/portal\/cienciaull\/julio\/\" target=\"_blank\" rel=\"noopener\">#Julio<\/a> <a href=\"https:\/\/www.ull.es\/portal\/cienciaull\/2025-2\/\" target=\"_blank\" rel=\"noopener\">#2025<\/a><\/strong><\/p>\n\t\t<\/div>\n\t\t\t\t<\/div>\n\t\t\t\t<div class=\"elementor-post__meta-data\">\n\t\t\t\t\t<span class=\"elementor-post-date\">\n\t\t\t14 julio, 2025\t\t<\/span>\n\t\t\t\t<span class=\"elementor-post-avatar\">\n\t\t\tNo hay comentarios\t\t<\/span>\n\t\t\t\t<\/div>\n\t\t\t\t\t<\/div>\n\t\t<\/article>\n\t\t\t\t<article class=\"elementor-post elementor-grid-item post-34723 post type-post status-publish format-standard has-post-thumbnail hentry category-ciencia-y-sociedad-2 category-reportajes tag-362 tag-candido-antonio-roman-cervantes tag-carmen-ines-ruiz-de-la-rosa tag-ciencia-y-sociedad tag-dia-internacional-de-las-cooperativas tag-julio tag-reportajes\" target=\"_blank\" rel=\"noopener\">\n\t\t\t<div class=\"elementor-post__card\">\n\t\t\t\t<a class=\"elementor-post__thumbnail__link\" href=\"https:\/\/www.ull.es\/portal\/cienciaull\/cooperativas-priorizando-a-las-personas-frente-al-capital\/\"  target=\"_blank\" rel=\"noopener\"><div class=\"elementor-post__thumbnail\"><img loading=\"lazy\" width=\"1200\" height=\"800\" src=\"https:\/\/www.ull.es\/portal\/cienciaull\/wp-content\/uploads\/sites\/24\/2025\/07\/Dia-Cooperativas-01.jpg\" class=\"attachment-full size-full wp-image-34745\" alt=\"\" decoding=\"async\" srcset=\"https:\/\/www.ull.es\/portal\/cienciaull\/wp-content\/uploads\/sites\/24\/2025\/07\/Dia-Cooperativas-01.jpg 1200w, https:\/\/www.ull.es\/portal\/cienciaull\/wp-content\/uploads\/sites\/24\/2025\/07\/Dia-Cooperativas-01-768x512.jpg 768w, https:\/\/www.ull.es\/portal\/cienciaull\/wp-content\/uploads\/sites\/24\/2025\/07\/Dia-Cooperativas-01-375x250.jpg 375w, https:\/\/www.ull.es\/portal\/cienciaull\/wp-content\/uploads\/sites\/24\/2025\/07\/Dia-Cooperativas-01-750x500.jpg 750w, https:\/\/www.ull.es\/portal\/cienciaull\/wp-content\/uploads\/sites\/24\/2025\/07\/Dia-Cooperativas-01-1140x760.jpg 1140w\" sizes=\"(max-width: 1200px) 100vw, 1200px\" \/><\/div><\/a>\n\t\t\t\t<div class=\"elementor-post__avatar\">\n\t\t\t<img alt='gciencia' src='https:\/\/secure.gravatar.com\/avatar\/72ccd1b1a4ea47e7b66bc7cc6944b4e5?s=128&#038;d=mm&#038;r=g' srcset='https:\/\/secure.gravatar.com\/avatar\/72ccd1b1a4ea47e7b66bc7cc6944b4e5?s=256&#038;d=mm&#038;r=g 2x' class='avatar avatar-128 photo' height='128' width='128' loading='lazy' decoding='async'\/>\t\t<\/div>\n\t\t\t\t<div class=\"elementor-post__text\">\n\t\t\t\t<h3 class=\"elementor-post__title\">\n\t\t\t<a href=\"https:\/\/www.ull.es\/portal\/cienciaull\/cooperativas-priorizando-a-las-personas-frente-al-capital\/\"  target=\"_blank\" rel=\"noopener\">\n\t\t\t\tCooperativas, priorizando a las personas frente al capital\t\t\t<\/a>\n\t\t<\/h3>\n\t\t\t\t<div class=\"elementor-post__excerpt\">\n\t\t\t<p>Pocas f\u00f3rmulas empresariales expresan de forma tan esclarecedora una opci\u00f3n de valores como la cooperativa. \u201cComo modelo de empresa se caracterizan (y se diferencian de las sociedades mercantiles) porque dan prioridad a las personas en t\u00e9rminos de valor, m\u00e1s que al capital\u201d, se\u00f1ala C\u00e1ndido Rom\u00e1n, profesor titular del Departamento de Direcci\u00f3n de Empresas e Historia Econ\u00f3mica de la Universidad de La Laguna&#8230;<\/p>\n<p><strong><a href=\"https:\/\/www.ull.es\/portal\/cienciaull\/ciencia-y-sociedad\/\" target=\"_blank\" rel=\"noopener\">#Ciencia y Sociedad<\/a> <a href=\"https:\/\/www.ull.es\/portal\/cienciaull\/dia-internacional-de-las-cooperativas\/\" target=\"_blank\" rel=\"noopener\">#D\u00eda Internacional de las Cooperativas<\/a> <a href=\"https:\/\/www.ull.es\/portal\/cienciaull\/candido-antonio-roman-cervantes\/\" target=\"_blank\" rel=\"noopener\">#C\u00e1ndido Antonio Rom\u00e1n Cervantes<\/a> <a href=\"https:\/\/www.ull.es\/portal\/cienciaull\/carmen-ines-ruiz-de-la-rosa\/\" target=\"_blank\" rel=\"noopener\">#Carmen In\u00e9s Ruiz de la Rosa<\/a> <a href=\"https:\/\/www.ull.es\/portal\/cienciaull\/julio\/\" target=\"_blank\" rel=\"noopener\">#Julio<\/a> <a href=\"https:\/\/www.ull.es\/portal\/cienciaull\/2025-2\/\" target=\"_blank\" rel=\"noopener\">#2025<\/a><\/strong><\/p>\n\t\t<\/div>\n\t\t\t\t<\/div>\n\t\t\t\t<div class=\"elementor-post__meta-data\">\n\t\t\t\t\t<span class=\"elementor-post-date\">\n\t\t\t7 julio, 2025\t\t<\/span>\n\t\t\t\t<span class=\"elementor-post-avatar\">\n\t\t\tNo hay comentarios\t\t<\/span>\n\t\t\t\t<\/div>\n\t\t\t\t\t<\/div>\n\t\t<\/article>\n\t\t\t\t<article class=\"elementor-post elementor-grid-item post-31137 post type-post status-publish format-standard has-post-thumbnail hentry category-biodiversidad-y-medioambiente-y-ciencia-y-tecnologia category-reportajes tag-220 tag-ciencia-y-tecnologia tag-dia-mundial-de-las-ballenas-y-los-delfines tag-energia-biodiversidad-y-medioambiente tag-fernando-luis-rosa-gonzalez tag-jonas-philipp-luke tag-julio tag-patricia-arranz tag-raquel-de-la-cruz-modino tag-reportajes\" target=\"_blank\" rel=\"noopener\">\n\t\t\t<div class=\"elementor-post__card\">\n\t\t\t\t<a class=\"elementor-post__thumbnail__link\" href=\"https:\/\/www.ull.es\/portal\/cienciaull\/los-retos-de-investigar-y-conservar-a-los-cetaceos\/\"  target=\"_blank\" rel=\"noopener\"><div class=\"elementor-post__thumbnail\"><img loading=\"lazy\" width=\"1100\" height=\"735\" src=\"https:\/\/www.ull.es\/portal\/cienciaull\/wp-content\/uploads\/sites\/24\/2024\/10\/cetaceos-conjunto.jpg\" class=\"attachment-full size-full wp-image-31197\" alt=\"\" decoding=\"async\" srcset=\"https:\/\/www.ull.es\/portal\/cienciaull\/wp-content\/uploads\/sites\/24\/2024\/10\/cetaceos-conjunto.jpg 1100w, https:\/\/www.ull.es\/portal\/cienciaull\/wp-content\/uploads\/sites\/24\/2024\/10\/cetaceos-conjunto-300x200.jpg 300w, https:\/\/www.ull.es\/portal\/cienciaull\/wp-content\/uploads\/sites\/24\/2024\/10\/cetaceos-conjunto-1024x684.jpg 1024w, https:\/\/www.ull.es\/portal\/cienciaull\/wp-content\/uploads\/sites\/24\/2024\/10\/cetaceos-conjunto-768x513.jpg 768w, https:\/\/www.ull.es\/portal\/cienciaull\/wp-content\/uploads\/sites\/24\/2024\/10\/cetaceos-conjunto-375x251.jpg 375w, https:\/\/www.ull.es\/portal\/cienciaull\/wp-content\/uploads\/sites\/24\/2024\/10\/cetaceos-conjunto-750x501.jpg 750w\" sizes=\"(max-width: 1100px) 100vw, 1100px\" \/><\/div><\/a>\n\t\t\t\t<div class=\"elementor-post__avatar\">\n\t\t\t<img alt='gciencia' src='https:\/\/secure.gravatar.com\/avatar\/72ccd1b1a4ea47e7b66bc7cc6944b4e5?s=128&#038;d=mm&#038;r=g' srcset='https:\/\/secure.gravatar.com\/avatar\/72ccd1b1a4ea47e7b66bc7cc6944b4e5?s=256&#038;d=mm&#038;r=g 2x' class='avatar avatar-128 photo' height='128' width='128' loading='lazy' decoding='async'\/>\t\t<\/div>\n\t\t\t\t<div class=\"elementor-post__text\">\n\t\t\t\t<h3 class=\"elementor-post__title\">\n\t\t\t<a href=\"https:\/\/www.ull.es\/portal\/cienciaull\/los-retos-de-investigar-y-conservar-a-los-cetaceos\/\"  target=\"_blank\" rel=\"noopener\">\n\t\t\t\tLos retos de investigar y conservar a los cet\u00e1ceos\t\t\t<\/a>\n\t\t<\/h3>\n\t\t\t\t<div class=\"elementor-post__excerpt\">\n\t\t\t<p>El oc\u00e9ano es el mayor territorio inexplorado de nuestro planeta. Tan solo se ha investigado menos del 5%. En sus profundidades, se pueden encontrar ruinas submarinas, minerales y una amplia diversidad de vida marina como microorganismos, plantas marinas, invertebrados, peces y mam\u00edferos como las ballenas y los delfines&#8230;<\/p>\n<p><strong><a href=\"https:\/\/www.ull.es\/portal\/cienciaull\/reportajes\/energia-biodiversidad-y-medioambiente\/\" target=\"_blank\" rel=\"noopener\">#Energ\u00eda, Biodiversidad y Medioambiente<\/a> <a href=\"https:\/\/www.ull.es\/portal\/cienciaull\/reportajes\/ciencia-y-tecnologia\/\" target=\"_blank\" rel=\"noopener\">#Ciencia y Tecnolog\u00eda<\/a> <a href=\"https:\/\/www.ull.es\/portal\/cienciaull\/dia-mundial-de-las-ballenas-y-los-delfines\/\" target=\"_blank\" rel=\"noopener\">#D\u00eda Mundial de las Ballenas y los Delfines<\/a> <a href=\"https:\/\/www.ull.es\/portal\/cienciaull\/patricia-arranz\/\" target=\"_blank\" rel=\"noopener\">#Patricia Arranz<\/a> <a href=\"https:\/\/www.ull.es\/portal\/cienciaull\/fernando-luis-rosa-gonzalez\/\" target=\"_blank\" rel=\"noopener\">#Fernando Luis Rosa Gonz\u00e1lez<\/a> <a href=\"https:\/\/www.ull.es\/portal\/cienciaull\/jonas-philipp-luke\/\" target=\"_blank\" rel=\"noopener\">#Jon\u00e1s Philipp Luke<\/a> <a href=\"https:\/\/www.ull.es\/portal\/cienciaull\/raquel-de-la-cruz-modino\/\" target=\"_blank\" rel=\"noopener\">#Raquel de la Cruz Modino<\/a> <a href=\"https:\/\/www.ull.es\/portal\/cienciaull\/julio\/\" target=\"_blank\" rel=\"noopener\">#Julio<\/a> <a href=\"https:\/\/www.ull.es\/portal\/cienciaull\/2024-2\/\" target=\"_blank\" rel=\"noopener\">#2024<\/a><\/strong><\/p>\n\t\t<\/div>\n\t\t\t\t<\/div>\n\t\t\t\t<div class=\"elementor-post__meta-data\">\n\t\t\t\t\t<span class=\"elementor-post-date\">\n\t\t\t23 julio, 2024\t\t<\/span>\n\t\t\t\t<span class=\"elementor-post-avatar\">\n\t\t\tNo hay comentarios\t\t<\/span>\n\t\t\t\t<\/div>\n\t\t\t\t\t<\/div>\n\t\t<\/article>\n\t\t\t\t<article class=\"elementor-post elementor-grid-item post-31068 post type-post status-publish format-standard has-post-thumbnail hentry category-ciencia-y-tecnologia-y-ciencia-y-sociedad category-reportajes tag-220 tag-ciencia-y-sociedad tag-ciencia-y-tecnologia tag-david-abreu-rodriguez tag-dia-mundial-del-ajedrez tag-julio tag-ramon-aciego-de-mendoza-lugo tag-reportajes tag-vanesa-munoz-cruz\" target=\"_blank\" rel=\"noopener\">\n\t\t\t<div class=\"elementor-post__card\">\n\t\t\t\t<a class=\"elementor-post__thumbnail__link\" href=\"https:\/\/www.ull.es\/portal\/cienciaull\/ajedrez-mucho-mas-que-un-juego\/\"  target=\"_blank\" rel=\"noopener\"><div class=\"elementor-post__thumbnail\"><img loading=\"lazy\" width=\"1100\" height=\"733\" src=\"https:\/\/www.ull.es\/portal\/cienciaull\/wp-content\/uploads\/sites\/24\/2024\/10\/Dia-del-ajedrez-03.jpg\" class=\"attachment-full size-full wp-image-31121\" alt=\"\" decoding=\"async\" srcset=\"https:\/\/www.ull.es\/portal\/cienciaull\/wp-content\/uploads\/sites\/24\/2024\/10\/Dia-del-ajedrez-03.jpg 1100w, https:\/\/www.ull.es\/portal\/cienciaull\/wp-content\/uploads\/sites\/24\/2024\/10\/Dia-del-ajedrez-03-300x200.jpg 300w, https:\/\/www.ull.es\/portal\/cienciaull\/wp-content\/uploads\/sites\/24\/2024\/10\/Dia-del-ajedrez-03-1024x682.jpg 1024w, https:\/\/www.ull.es\/portal\/cienciaull\/wp-content\/uploads\/sites\/24\/2024\/10\/Dia-del-ajedrez-03-768x512.jpg 768w, https:\/\/www.ull.es\/portal\/cienciaull\/wp-content\/uploads\/sites\/24\/2024\/10\/Dia-del-ajedrez-03-375x250.jpg 375w, https:\/\/www.ull.es\/portal\/cienciaull\/wp-content\/uploads\/sites\/24\/2024\/10\/Dia-del-ajedrez-03-750x500.jpg 750w\" sizes=\"(max-width: 1100px) 100vw, 1100px\" \/><\/div><\/a>\n\t\t\t\t<div class=\"elementor-post__avatar\">\n\t\t\t<img alt='gciencia' src='https:\/\/secure.gravatar.com\/avatar\/72ccd1b1a4ea47e7b66bc7cc6944b4e5?s=128&#038;d=mm&#038;r=g' srcset='https:\/\/secure.gravatar.com\/avatar\/72ccd1b1a4ea47e7b66bc7cc6944b4e5?s=256&#038;d=mm&#038;r=g 2x' class='avatar avatar-128 photo' height='128' width='128' loading='lazy' decoding='async'\/>\t\t<\/div>\n\t\t\t\t<div class=\"elementor-post__text\">\n\t\t\t\t<h3 class=\"elementor-post__title\">\n\t\t\t<a href=\"https:\/\/www.ull.es\/portal\/cienciaull\/ajedrez-mucho-mas-que-un-juego\/\"  target=\"_blank\" rel=\"noopener\">\n\t\t\t\tAjedrez, mucho m\u00e1s que un juego\t\t\t<\/a>\n\t\t<\/h3>\n\t\t\t\t<div class=\"elementor-post__excerpt\">\n\t\t\t<p>\u00a1El Rey ha muerto! Esta es la expresi\u00f3n que todo ajedrecista desea decir al inicio de una partida. Pero no busquemos en estos deportistas anhelos magnicidas. Seguro que jaquemate le suena m\u00e1s. Este anuncio de victoria nos llega desde el persa  sh\u0101h m\u0101t que tiene varias interpretaciones. Unos autores defienden que se refiere a \u201crey indefenso o at\u00f3nito\u201d, mientras que otros, los m\u00e1s belicosos&#8230;<\/p>\n<p><strong><a href=\"https:\/\/www.ull.es\/portal\/cienciaull\/ciencia-y-tecnologia\/\" target=\"_blank\" rel=\"noopener\">#Ciencia y Tecnolog\u00eda<\/a> <a href=\"https:\/\/www.ull.es\/portal\/cienciaull\/ciencia-y-sociedad\/\" target=\"_blank\" rel=\"noopener\">#Ciencia y Sociedad<\/a> <a href=\"https:\/\/www.ull.es\/portal\/cienciaull\/dia-mundial-del-ajedrez\/\" target=\"_blank\" rel=\"noopener\">#D\u00eda Mundial de Ajedrez<\/a> <a href=\"https:\/\/www.ull.es\/portal\/cienciaull\/ramon-aciego-de-mendoza-lugo\/\" target=\"_blank\" rel=\"noopener\">#Ram\u00f3n Aciego de Mendoza Lugo<\/a> <a href=\"https:\/\/www.ull.es\/portal\/cienciaull\/vanesa-munoz-cruz\/\" target=\"_blank\" rel=\"noopener\">#Vanesa Mu\u00f1oz Cruz<\/a> <a href=\"https:\/\/www.ull.es\/portal\/cienciaull\/david-abreu-rodriguez\/\" target=\"_blank\" rel=\"noopener\">#David Abreu Rodr\u00edguez<\/a> <a href=\"https:\/\/www.ull.es\/portal\/cienciaull\/julio\/\" target=\"_blank\" rel=\"noopener\">#Julio<\/a> <a href=\"https:\/\/www.ull.es\/portal\/cienciaull\/2024-2\/\" target=\"_blank\" rel=\"noopener\">#2024<\/a><\/strong><\/p>\n\t\t<\/div>\n\t\t\t\t<\/div>\n\t\t\t\t<div class=\"elementor-post__meta-data\">\n\t\t\t\t\t<span class=\"elementor-post-date\">\n\t\t\t19 julio, 2024\t\t<\/span>\n\t\t\t\t<span class=\"elementor-post-avatar\">\n\t\t\tNo hay comentarios\t\t<\/span>\n\t\t\t\t<\/div>\n\t\t\t\t\t<\/div>\n\t\t<\/article>\n\t\t\t\t<\/div>\n\t\t\n\t\t\t\t<\/div>\n\t\t\t\t<\/div>\n\t\t\t\t\t<\/div>\n\t\t\t\t<\/div>\n\t\t\t\t\t\t\t<\/div>\n\t\t","protected":false},"excerpt":{"rendered":"Ajedrez, mucho m\u00e1s que un juegoviernes 19 de julio de 2024 - 11:49 GMT+0000CompartirFacebookXWhatsAppCopy Link(De izq. a der.) Los profesores de la ULL Ram\u00f3n Aciego, David Abreu y Vanesa Mu\u00f1oz.\u00a1El Rey ha muerto! Esta es la expresi\u00f3n que todo ajedrecista desea decir al inicio de una partida. Pero no busquemos en estos deportistas anhelos magnicidas....","protected":false},"author":56,"featured_media":0,"parent":0,"menu_order":0,"comment_status":"closed","ping_status":"closed","template":"","meta":{"inline_featured_image":false,"footnotes":""},"acf":[],"yoast_head":"<!-- This site is optimized with the Yoast SEO plugin v21.3 - https:\/\/yoast.com\/wordpress\/plugins\/seo\/ -->\n<title>#Julio -<\/title>\n<meta name=\"robots\" content=\"index, follow, max-snippet:-1, max-image-preview:large, max-video-preview:-1\" \/>\n<link rel=\"canonical\" href=\"https:\/\/www.ull.es\/portal\/cienciaull\/julio\/\" \/>\n<meta property=\"og:locale\" content=\"es_ES\" \/>\n<meta property=\"og:type\" content=\"article\" \/>\n<meta property=\"og:title\" content=\"#Julio -\" \/>\n<meta property=\"og:url\" content=\"https:\/\/www.ull.es\/portal\/cienciaull\/julio\/\" \/>\n<meta property=\"article:publisher\" content=\"https:\/\/www.facebook.com\/CienciaULL\/\" \/>\n<meta property=\"article:modified_time\" content=\"2024-10-02T11:48:54+00:00\" \/>\n<meta property=\"og:image\" content=\"https:\/\/www.ull.es\/portal\/cienciaull\/wp-content\/uploads\/sites\/24\/2024\/04\/banner_2024-1-1140x428.jpg\" \/>\n<meta name=\"twitter:card\" content=\"summary_large_image\" \/>\n<meta name=\"twitter:site\" content=\"@CienciaULL\" \/>\n<meta name=\"twitter:label1\" content=\"Tiempo de lectura\" \/>\n\t<meta name=\"twitter:data1\" content=\"2 minutos\" \/>\n<script type=\"application\/ld+json\" class=\"yoast-schema-graph\">{\"@context\":\"https:\/\/schema.org\",\"@graph\":[{\"@type\":\"WebPage\",\"@id\":\"https:\/\/www.ull.es\/portal\/cienciaull\/julio\/\",\"url\":\"https:\/\/www.ull.es\/portal\/cienciaull\/julio\/\",\"name\":\"#Julio -\",\"isPartOf\":{\"@id\":\"https:\/\/www.ull.es\/portal\/cienciaull\/#website\"},\"datePublished\":\"2024-10-02T11:00:20+00:00\",\"dateModified\":\"2024-10-02T11:48:54+00:00\",\"breadcrumb\":{\"@id\":\"https:\/\/www.ull.es\/portal\/cienciaull\/julio\/#breadcrumb\"},\"inLanguage\":\"es\",\"potentialAction\":[{\"@type\":\"ReadAction\",\"target\":[\"https:\/\/www.ull.es\/portal\/cienciaull\/julio\/\"]}]},{\"@type\":\"BreadcrumbList\",\"@id\":\"https:\/\/www.ull.es\/portal\/cienciaull\/julio\/#breadcrumb\",\"itemListElement\":[{\"@type\":\"ListItem\",\"position\":1,\"name\":\"Portada\",\"item\":\"https:\/\/www.ull.es\/portal\/cienciaull\/\"},{\"@type\":\"ListItem\",\"position\":2,\"name\":\"#Julio\"}]},{\"@type\":\"WebSite\",\"@id\":\"https:\/\/www.ull.es\/portal\/cienciaull\/#website\",\"url\":\"https:\/\/www.ull.es\/portal\/cienciaull\/\",\"name\":\"\",\"description\":\"Unidad de Cultura Cient\u00edfica y de la Innovaci\u00f3n de la Universidad de La Laguna\",\"potentialAction\":[{\"@type\":\"SearchAction\",\"target\":{\"@type\":\"EntryPoint\",\"urlTemplate\":\"https:\/\/www.ull.es\/portal\/cienciaull\/?s={search_term_string}\"},\"query-input\":\"required name=search_term_string\"}],\"inLanguage\":\"es\"}]}<\/script>\n<!-- \/ Yoast SEO plugin. -->","yoast_head_json":{"title":"#Julio -","robots":{"index":"index","follow":"follow","max-snippet":"max-snippet:-1","max-image-preview":"max-image-preview:large","max-video-preview":"max-video-preview:-1"},"canonical":"https:\/\/www.ull.es\/portal\/cienciaull\/julio\/","og_locale":"es_ES","og_type":"article","og_title":"#Julio -","og_url":"https:\/\/www.ull.es\/portal\/cienciaull\/julio\/","article_publisher":"https:\/\/www.facebook.com\/CienciaULL\/","article_modified_time":"2024-10-02T11:48:54+00:00","og_image":[{"url":"https:\/\/www.ull.es\/portal\/cienciaull\/wp-content\/uploads\/sites\/24\/2024\/04\/banner_2024-1-1140x428.jpg"}],"twitter_card":"summary_large_image","twitter_site":"@CienciaULL","twitter_misc":{"Tiempo de lectura":"2 minutos"},"schema":{"@context":"https:\/\/schema.org","@graph":[{"@type":"WebPage","@id":"https:\/\/www.ull.es\/portal\/cienciaull\/julio\/","url":"https:\/\/www.ull.es\/portal\/cienciaull\/julio\/","name":"#Julio -","isPartOf":{"@id":"https:\/\/www.ull.es\/portal\/cienciaull\/#website"},"datePublished":"2024-10-02T11:00:20+00:00","dateModified":"2024-10-02T11:48:54+00:00","breadcrumb":{"@id":"https:\/\/www.ull.es\/portal\/cienciaull\/julio\/#breadcrumb"},"inLanguage":"es","potentialAction":[{"@type":"ReadAction","target":["https:\/\/www.ull.es\/portal\/cienciaull\/julio\/"]}]},{"@type":"BreadcrumbList","@id":"https:\/\/www.ull.es\/portal\/cienciaull\/julio\/#breadcrumb","itemListElement":[{"@type":"ListItem","position":1,"name":"Portada","item":"https:\/\/www.ull.es\/portal\/cienciaull\/"},{"@type":"ListItem","position":2,"name":"#Julio"}]},{"@type":"WebSite","@id":"https:\/\/www.ull.es\/portal\/cienciaull\/#website","url":"https:\/\/www.ull.es\/portal\/cienciaull\/","name":"","description":"Unidad de Cultura Cient\u00edfica y de la Innovaci\u00f3n de la Universidad de La Laguna","potentialAction":[{"@type":"SearchAction","target":{"@type":"EntryPoint","urlTemplate":"https:\/\/www.ull.es\/portal\/cienciaull\/?s={search_term_string}"},"query-input":"required name=search_term_string"}],"inLanguage":"es"}]}},"_links":{"self":[{"href":"https:\/\/www.ull.es\/portal\/cienciaull\/wp-json\/wp\/v2\/pages\/31113"}],"collection":[{"href":"https:\/\/www.ull.es\/portal\/cienciaull\/wp-json\/wp\/v2\/pages"}],"about":[{"href":"https:\/\/www.ull.es\/portal\/cienciaull\/wp-json\/wp\/v2\/types\/page"}],"author":[{"embeddable":true,"href":"https:\/\/www.ull.es\/portal\/cienciaull\/wp-json\/wp\/v2\/users\/56"}],"replies":[{"embeddable":true,"href":"https:\/\/www.ull.es\/portal\/cienciaull\/wp-json\/wp\/v2\/comments?post=31113"}],"version-history":[{"count":4,"href":"https:\/\/www.ull.es\/portal\/cienciaull\/wp-json\/wp\/v2\/pages\/31113\/revisions"}],"predecessor-version":[{"id":31136,"href":"https:\/\/www.ull.es\/portal\/cienciaull\/wp-json\/wp\/v2\/pages\/31113\/revisions\/31136"}],"wp:attachment":[{"href":"https:\/\/www.ull.es\/portal\/cienciaull\/wp-json\/wp\/v2\/media?parent=31113"}],"curies":[{"name":"wp","href":"https:\/\/api.w.org\/{rel}","templated":true}]}}