{"id":31141,"date":"2024-10-02T13:15:58","date_gmt":"2024-10-02T13:15:58","guid":{"rendered":"https:\/\/www.ull.es\/portal\/cienciaull\/?page_id=31141"},"modified":"2024-10-04T07:03:18","modified_gmt":"2024-10-04T07:03:18","slug":"multimedia-xii-concurso-divulgacion","status":"publish","type":"page","link":"https:\/\/www.ull.es\/portal\/cienciaull\/xii-concurso-de-divulgacion-cientifica-2024\/multimedia-xii-concurso-divulgacion\/","title":{"rendered":"Multimedia &#8211; XII Concurso Divulgaci\u00f3n"},"content":{"rendered":"<p>[vc_row][vc_column]\n<div id=\"rev_slider_266_1_wrapper\" class=\"rev_slider_wrapper fullwidthbanner-container\" data-source=\"gallery\" style=\"margin:0px auto;background:transparent;padding:0px;margin-top:0px;margin-bottom:0px;\">\n<!-- START REVOLUTION SLIDER 5.4.7.3 auto mode -->\n\t<div id=\"rev_slider_266_1\" class=\"rev_slider fullwidthabanner\" style=\"display:none;\" data-version=\"5.4.7.3\">\n<ul>\t<!-- SLIDE  -->\n\t<li data-index=\"rs-301\" data-transition=\"fade\" data-slotamount=\"default\" data-hideafterloop=\"0\" data-hideslideonmobile=\"off\"  data-easein=\"default\" data-easeout=\"default\" data-masterspeed=\"300\"  data-rotate=\"0\"  data-saveperformance=\"off\"  data-title=\"Slide\" data-param1=\"\" data-param2=\"\" data-param3=\"\" data-param4=\"\" data-param5=\"\" data-param6=\"\" data-param7=\"\" data-param8=\"\" data-param9=\"\" data-param10=\"\" data-description=\"\">\n\t\t<!-- MAIN IMAGE -->\n\t\t<img src=\"https:\/\/www.ull.es\/portal\/cienciaull\/wp-content\/plugins\/revslider\/admin\/assets\/images\/transparent.png\"  alt=\"\" title=\"Multimedia &#8211; XII Concurso Divulgaci\u00f3n\"  data-bgposition=\"center center\" data-bgfit=\"cover\" data-bgrepeat=\"no-repeat\" class=\"rev-slidebg\" data-no-retina>\n\t\t<!-- LAYERS -->\n\n\t\t<!-- LAYER NR. 1 -->\n\t\t<div class=\"tp-caption   tp-resizeme\" \n\t\t\t id=\"slide-301-layer-1\" \n\t\t\t data-x=\"-1\" \n\t\t\t data-y=\"-1\" \n\t\t\t\t\t\tdata-width=\"['none','none','none','none']\"\n\t\t\tdata-height=\"['none','none','none','none']\"\n \n\t\t\tdata-type=\"image\" \n\t\t\tdata-responsive_offset=\"on\" \n\n\t\t\tdata-frames='[{\"delay\":0,\"speed\":300,\"frame\":\"0\",\"from\":\"opacity:0;\",\"to\":\"o:1;\",\"ease\":\"Power3.easeInOut\"},{\"delay\":\"wait\",\"speed\":300,\"frame\":\"999\",\"to\":\"opacity:0;\",\"ease\":\"Power3.easeInOut\"}]'\n\t\t\tdata-textAlign=\"['inherit','inherit','inherit','inherit']\"\n\t\t\tdata-paddingtop=\"[0,0,0,0]\"\n\t\t\tdata-paddingright=\"[0,0,0,0]\"\n\t\t\tdata-paddingbottom=\"[0,0,0,0]\"\n\t\t\tdata-paddingleft=\"[0,0,0,0]\"\n\n\t\t\tstyle=\"z-index: 5;\"><img src=\"https:\/\/www.ull.es\/portal\/cienciaull\/wp-content\/uploads\/sites\/24\/2024\/02\/Banner-XII-Edicion-del-concurso-de-Divulgacion-Cientifica-Cienci@ULL-1600-x600.jpg\" alt=\"\" data-ww=\"1600px\" data-hh=\"600px\" width=\"1600\" height=\"600\" data-no-retina> <\/div>\n\t<\/li>\n<\/ul>\n<div class=\"tp-bannertimer tp-bottom\" style=\"visibility: hidden !important;\"><\/div>\t<\/div>\n<script>var htmlDiv = document.getElementById(\"rs-plugin-settings-inline-css\"); var htmlDivCss=\"\";\r\n\t\t\t\tif(htmlDiv) {\r\n\t\t\t\t\thtmlDiv.innerHTML = htmlDiv.innerHTML + htmlDivCss;\r\n\t\t\t\t}else{\r\n\t\t\t\t\tvar htmlDiv = document.createElement(\"div\");\r\n\t\t\t\t\thtmlDiv.innerHTML = \"<style>\" + htmlDivCss + \"<\/style>\";\r\n\t\t\t\t\tdocument.getElementsByTagName(\"head\")[0].appendChild(htmlDiv.childNodes[0]);\r\n\t\t\t\t}\r\n\t\t\t<\/script>\n\t\t<script type=\"text\/javascript\">\r\nif (setREVStartSize!==undefined) setREVStartSize(\r\n\t{c: '#rev_slider_266_1', gridwidth: [1600], gridheight: [600], sliderLayout: 'auto'});\r\n\t\t\t\r\nvar revapi266,\r\n\ttpj;\t\r\n(function() {\t\t\t\r\n\tif (!\/loaded|interactive|complete\/.test(document.readyState)) document.addEventListener(\"DOMContentLoaded\",onLoad); else onLoad();\t\r\n\tfunction onLoad() {\t\t\t\t\r\n\t\tif (tpj===undefined) { tpj = jQuery; if(\"off\" == \"on\") tpj.noConflict();}\r\n\tif(tpj(\"#rev_slider_266_1\").revolution == undefined){\n\t\trevslider_showDoubleJqueryError(\"#rev_slider_266_1\");\n\t}else{\n\t\trevapi266 = tpj(\"#rev_slider_266_1\").show().revolution({\n\t\t\tsliderType:\"standard\",\n\t\t\tjsFileLocation:\"\/\/www.ull.es\/portal\/cienciaull\/wp-content\/plugins\/revslider\/public\/assets\/js\/\",\n\t\t\tsliderLayout:\"auto\",\n\t\t\tdottedOverlay:\"none\",\n\t\t\tdelay:9000,\n\t\t\tnavigation: {\n\t\t\t\tonHoverStop:\"off\",\n\t\t\t},\n\t\t\tvisibilityLevels:[1240,1024,778,480],\n\t\t\tgridwidth:1600,\n\t\t\tgridheight:600,\n\t\t\tlazyType:\"none\",\n\t\t\tshadow:0,\n\t\t\tspinner:\"spinner0\",\n\t\t\tstopLoop:\"off\",\n\t\t\tstopAfterLoops:-1,\n\t\t\tstopAtSlide:-1,\n\t\t\tshuffle:\"off\",\n\t\t\tautoHeight:\"off\",\n\t\t\tdisableProgressBar:\"on\",\n\t\t\thideThumbsOnMobile:\"off\",\n\t\t\thideSliderAtLimit:0,\n\t\t\thideCaptionAtLimit:0,\n\t\t\thideAllCaptionAtLilmit:0,\n\t\t\tdebugMode:false,\n\t\t\tfallbacks: {\n\t\t\t\tsimplifyAll:\"off\",\n\t\t\t\tnextSlideOnWindowFocus:\"off\",\n\t\t\t\tdisableFocusListener:false,\n\t\t\t}\n\t\t});\n\t}; \/* END OF revapi call *\/\n\t\n }; \/* END OF ON LOAD FUNCTION *\/\r\n}()); \/* END OF WRAPPING FUNCTION *\/\r\n<\/script>\r\n\t\t<\/div><!-- END REVOLUTION SLIDER -->[vc_separator color=\u00bbsky\u00bb style=\u00bbdouble\u00bb border_width=\u00bb10&#8243;][\/vc_column][\/vc_row][vc_row][vc_column][vc_empty_space height=\u00bb40px\u00bb][vc_custom_heading text=\u00bbCandidaturas presentadas 2024&#8243; font_container=\u00bbtag:h2|text_align:left|color:%23dd9933&#8243; google_fonts=\u00bbfont_family:Roboto%3A100%2C100italic%2C300%2C300italic%2Cregular%2Citalic%2C500%2C500italic%2C700%2C700italic%2C900%2C900italic|font_style:700%20bold%20regular%3A700%3Anormal\u00bb][\/vc_column][\/vc_row][vc_row][vc_column][vc_row_inner][vc_column_inner width=\u00bb1\/2&#8243;][vc_column_text]<\/p>\n<h4><span style=\"color: #000080\"><strong>Infancia y tecnolog\u00eda &#8211; Descubre c\u00f3mo mejorar el futuro<\/strong><\/span><\/h4>\n<p>[\/vc_column_text][vc_video link=\u00bbhttps:\/\/youtu.be\/bK2_dIykFZs\u00bb align=\u00bbcenter\u00bb css=\u00bb.vc_custom_1727873992625{background-position: center !important;background-repeat: no-repeat !important;background-size: contain !important;}\u00bb][\/vc_column_inner][vc_column_inner width=\u00bb1\/2&#8243;][vc_column_text]<\/p>\n<h4><strong><span style=\"color: #000080\">Descubriendo las Amebas de Vida Libre: Investigaci\u00f3n y Aplicaci\u00f3n Social<\/span><\/strong><\/h4>\n<p>[\/vc_column_text][vc_video link=\u00bbhttps:\/\/youtu.be\/21AORue8bno\u00bb align=\u00bbcenter\u00bb css=\u00bb.vc_custom_1727874061202{background-position: center !important;background-repeat: no-repeat !important;background-size: contain !important;}\u00bb][\/vc_column_inner][\/vc_row_inner][vc_row_inner][vc_column_inner width=\u00bb1\/2&#8243;][vc_column_text]<\/p>\n<h4><strong><span style=\"color: #000080\">Investigaci\u00f3n y divulgaci\u00f3n cient\u00edfica como proyecto de vida<\/span><\/strong><\/h4>\n<p>[\/vc_column_text][vc_video link=\u00bbhttps:\/\/youtu.be\/6OYkWr_ZPYg\u00bb align=\u00bbcenter\u00bb css=\u00bb.vc_custom_1727874094304{background-position: center !important;background-repeat: no-repeat !important;background-size: contain !important;}\u00bb][\/vc_column_inner][vc_column_inner width=\u00bb1\/2&#8243;][vc_column_text]<\/p>\n<h4><strong><span style=\"color: #000080\">De residuo a recurso. El camino a la sostenibilidad en Tenerife<\/span><\/strong><\/h4>\n<p>[\/vc_column_text][vc_video link=\u00bbhttps:\/\/youtu.be\/6k6ZkuiItns\u00bb align=\u00bbcenter\u00bb css=\u00bb.vc_custom_1727874124537{background-position: center !important;background-repeat: no-repeat !important;background-size: contain !important;}\u00bb][\/vc_column_inner][\/vc_row_inner][vc_row_inner][vc_column_inner width=\u00bb1\/2&#8243;][vc_column_text]<\/p>\n<h4><strong><span style=\"color: #000080\">Creatina y Calvicie: \u00bfMito o realidad? Buscamos la verdad Cient\u00edfica<\/span><\/strong><\/h4>\n<p>[\/vc_column_text][vc_video link=\u00bbhttps:\/\/youtu.be\/6aczDaFWQeY\u00bb align=\u00bbcenter\u00bb css=\u00bb.vc_custom_1727874150111{background-position: center !important;background-repeat: no-repeat !important;background-size: contain !important;}\u00bb][\/vc_column_inner][vc_column_inner width=\u00bb1\/2&#8243;][vc_column_text]<\/p>\n<h4><strong><span style=\"color: #000080\">De Bits a Qubits: La Revoluci\u00f3n Cu\u00e1ntica Explicada<\/span><\/strong><\/h4>\n<p>[\/vc_column_text][vc_empty_space height=\u00bb35px\u00bb][vc_video link=\u00bbhttps:\/\/youtu.be\/Zg_ihXiPUv8&#8243; align=\u00bbcenter\u00bb css=\u00bb.vc_custom_1727874173571{background-position: center !important;background-repeat: no-repeat !important;background-size: contain !important;}\u00bb][\/vc_column_inner][\/vc_row_inner][vc_row_inner][vc_column_inner width=\u00bb1\/2&#8243;][vc_column_text]<\/p>\n<h4><strong><span style=\"color: #000080\">El rol del dise\u00f1ador dentro de la formulaci\u00f3n de pol\u00edticas publicas para la econom\u00eda circular canaria<\/span><\/strong><\/h4>\n<p>[\/vc_column_text][vc_video link=\u00bbhttps:\/\/youtu.be\/EWzNbh4gbKQ\u00bb align=\u00bbcenter\u00bb css=\u00bb.vc_custom_1727874581684{background-position: center !important;background-repeat: no-repeat !important;background-size: contain !important;}\u00bb][\/vc_column_inner][vc_column_inner width=\u00bb1\/2&#8243;][vc_column_text]<\/p>\n<h4><strong><span style=\"color: #000080\">Navegando por la p\u00e9rdida. El duelo de los hombres<\/span><\/strong><\/h4>\n<p>[\/vc_column_text][vc_empty_space height=\u00bb36px\u00bb][vc_video link=\u00bbhttps:\/\/youtu.be\/iAdGvlwSEOo\u00bb align=\u00bbcenter\u00bb css=\u00bb.vc_custom_1727874604248{background-position: center !important;background-repeat: no-repeat !important;background-size: contain !important;}\u00bb][\/vc_column_inner][\/vc_row_inner][vc_row_inner][vc_column_inner width=\u00bb1\/2&#8243;][vc_column_text]<\/p>\n<h4><strong><span style=\"color: #000080\">Prevalencia de la sarcopenia y poblaciones de riesgo<\/span><\/strong><\/h4>\n<p>[\/vc_column_text][vc_empty_space height=\u00bb36px\u00bb][vc_video link=\u00bbhttps:\/\/youtu.be\/L6p1jXj-RPI\u00bb align=\u00bbcenter\u00bb css=\u00bb.vc_custom_1727874633776{background-position: center !important;background-repeat: no-repeat !important;background-size: contain !important;}\u00bb][\/vc_column_inner][vc_column_inner width=\u00bb1\/2&#8243;][vc_column_text]<\/p>\n<h4><strong><span style=\"color: #000080\">Transformando la educaci\u00f3n: Aprender jugando s\u00ed es posible<\/span><\/strong><\/h4>\n<p>[\/vc_column_text][vc_video link=\u00bbhttps:\/\/youtu.be\/-z-zyN9Tlp0&#8243; align=\u00bbcenter\u00bb css=\u00bb.vc_custom_1727874656929{background-position: center !important;background-repeat: no-repeat !important;background-size: contain !important;}\u00bb][\/vc_column_inner][\/vc_row_inner][vc_row_inner][vc_column_inner width=\u00bb1\/2&#8243;][vc_column_text]<\/p>\n<h4><strong><span style=\"color: #000080\">LA LUCHA COMPARTIDA: Perros y humanos en la batalla contra el c\u00e1ncer<\/span><\/strong><\/h4>\n<p>[\/vc_column_text][vc_video link=\u00bbhttps:\/\/youtu.be\/E_uUrQwlc54&#8243; align=\u00bbcenter\u00bb css=\u00bb.vc_custom_1727874760344{background-position: center !important;background-repeat: no-repeat !important;background-size: contain !important;}\u00bb][\/vc_column_inner][vc_column_inner width=\u00bb1\/2&#8243;][vc_column_text]<\/p>\n<h4><strong><span style=\"color: #000080\">La comunicaci\u00f3n en Cuidados Intensivos: Acercando la familia a la UCI<\/span><\/strong><\/h4>\n<p>[\/vc_column_text][vc_video link=\u00bbhttps:\/\/youtu.be\/H5rQyp6bwl0&#8243; align=\u00bbcenter\u00bb css=\u00bb.vc_custom_1727874777980{background-position: center !important;background-repeat: no-repeat !important;background-size: contain !important;}\u00bb][\/vc_column_inner][\/vc_row_inner][\/vc_column][\/vc_row][vc_row][vc_column width=\u00bb1\/2&#8243;][vc_column_text]<\/p>\n<h4><strong><span style=\"color: #000080\">Dusty un viaje alucinante<\/span><\/strong><\/h4>\n<p>[\/vc_column_text][vc_video link=\u00bbhttps:\/\/youtu.be\/jF_dxagM3wI\u00bb align=\u00bbcenter\u00bb css=\u00bb.vc_custom_1727874815194{background-position: center !important;background-repeat: no-repeat !important;background-size: contain !important;}\u00bb][\/vc_column][vc_column width=\u00bb1\/2&#8243;][vc_column_text]<\/p>\n<h4><strong><span style=\"color: #000080\">El Derecho frente a un mundo inSOStenible<\/span><\/strong><\/h4>\n<p>[\/vc_column_text][vc_video link=\u00bbhttps:\/\/youtu.be\/_yr-g-5nb1g\u00bb align=\u00bbcenter\u00bb css=\u00bb.vc_custom_1727874854615{background-position: center !important;background-repeat: no-repeat !important;background-size: contain !important;}\u00bb][\/vc_column][\/vc_row][vc_row][vc_column width=\u00bb1\/2&#8243;][vc_column_text]<\/p>\n<h4><strong><span style=\"color: #000080\">Energ\u00eda Geot\u00e9rmica en Canarias: Potencial, Tecnolog\u00eda y Futuro Sostenible<\/span><\/strong><\/h4>\n<p>[\/vc_column_text][vc_video link=\u00bbhttps:\/\/youtu.be\/U73acR8A2Yg\u00bb align=\u00bbcenter\u00bb css=\u00bb.vc_custom_1727874918654{background-position: center !important;background-repeat: no-repeat !important;background-size: contain !important;}\u00bb][\/vc_column][vc_column width=\u00bb1\/2&#8243;][vc_column_text]<\/p>\n<h4><strong><span style=\"color: #000080\">El poder de las palabras. Los cumplidos publicitarios<\/span><\/strong><\/h4>\n<p>[\/vc_column_text][vc_empty_space height=\u00bb36px\u00bb][vc_video link=\u00bbhttps:\/\/www.youtube.com\/watch?v=GFSfBLxyUj0&#8243; align=\u00bbcenter\u00bb css=\u00bb.vc_custom_1727964205095{background-position: center !important;background-repeat: no-repeat !important;background-size: contain !important;}\u00bb][\/vc_column][\/vc_row][vc_row][vc_column width=\u00bb1\/2&#8243;][vc_column_text]<\/p>\n<h4><strong><span style=\"color: #000080\">Innovaci\u00f3n en el Aula: Potencia tu Docencia con V\u00eddeos Divulgativos<\/span><\/strong><\/h4>\n<p>[\/vc_column_text][vc_video link=\u00bbhttps:\/\/youtu.be\/3d1J940USBA\u00bb align=\u00bbcenter\u00bb css=\u00bb.vc_custom_1728024800266{background-position: center !important;background-repeat: no-repeat !important;background-size: contain !important;}\u00bb][\/vc_column][vc_column width=\u00bb1\/2&#8243;][vc_column_text]<\/p>\n<h4><strong><span style=\"color: #000080\" data-sheets-root=\"1\">Adicciones comportamentales y a sustancias: \u00bfson realmente distintas o semejantes?<\/span><\/strong><\/h4>\n<p>[\/vc_column_text][vc_video link=\u00bbhttps:\/\/youtu.be\/h&#8211;Pvz3yT1s\u00bb align=\u00bbcenter\u00bb css=\u00bb.vc_custom_1728025127593{background-position: center !important;background-repeat: no-repeat !important;background-size: contain !important;}\u00bb][\/vc_column][\/vc_row][vc_row][vc_column width=\u00bb1\/2&#8243;][vc_column_text]<\/p>\n<h4><span style=\"color: #000080\"><strong>Aplicaci\u00f3n de inteligencia artificial al Proyecto RetiSalud para la mejora asistencial de los pacientes con diabetes de Canarias<\/strong><\/span><\/h4>\n<p>[\/vc_column_text][vc_video link=\u00bbhttps:\/\/youtu.be\/ZyZXv3GEQp4&#8243; align=\u00bbcenter\u00bb css=\u00bb.vc_custom_1728025380198{background-position: center !important;background-repeat: no-repeat !important;background-size: contain !important;}\u00bb][\/vc_column][vc_column width=\u00bb1\/2&#8243;][\/vc_column][\/vc_row]<\/p>\n","protected":false},"excerpt":{"rendered":"<p>[vc_row][vc_column][vc_separator color=\u00bbsky\u00bb style=\u00bbdouble\u00bb border_width=\u00bb10&#8243;][\/vc_column][\/vc_row][vc_row][vc_column][vc_empty_space height=\u00bb40px\u00bb][vc_custom_heading text=\u00bbCandidaturas presentadas 2024&#8243; font_container=\u00bbtag:h2|text_align:left|color:%23dd9933&#8243; google_fonts=\u00bbfont_family:Roboto%3A100%2C100italic%2C300%2C300italic%2Cregular%2Citalic%2C500%2C500italic%2C700%2C700italic%2C900%2C900italic|font_style:700%20bold%20regular%3A700%3Anormal\u00bb][\/vc_column][\/vc_row][vc_row][vc_column][vc_row_inner][vc_column_inner width=\u00bb1\/2&#8243;][vc_column_text] Infancia y tecnolog\u00eda &#8211; Descubre c\u00f3mo mejorar el futuro [\/vc_column_text][vc_video link=\u00bbhttps:\/\/youtu.be\/bK2_dIykFZs\u00bb align=\u00bbcenter\u00bb css=\u00bb.vc_custom_1727873992625{background-position: center !important;background-repeat: no-repeat !important;background-size: contain !important;}\u00bb][\/vc_column_inner][vc_column_inner width=\u00bb1\/2&#8243;][vc_column_text] Descubriendo las Amebas de Vida Libre: Investigaci\u00f3n y Aplicaci\u00f3n Social [\/vc_column_text][vc_video link=\u00bbhttps:\/\/youtu.be\/21AORue8bno\u00bb align=\u00bbcenter\u00bb css=\u00bb.vc_custom_1727874061202{background-position: center !important;background-repeat: no-repeat !important;background-size: contain !important;}\u00bb][\/vc_column_inner][\/vc_row_inner][vc_row_inner][vc_column_inner width=\u00bb1\/2&#8243;][vc_column_text] Investigaci\u00f3n y divulgaci\u00f3n&#8230;<\/p>\n","protected":false},"author":56,"featured_media":0,"parent":26172,"menu_order":2,"comment_status":"closed","ping_status":"closed","template":"templates\/cienciaull.php","meta":{"inline_featured_image":false,"footnotes":""},"acf":[],"yoast_head":"<!-- This site is optimized with the Yoast SEO plugin v21.3 - https:\/\/yoast.com\/wordpress\/plugins\/seo\/ -->\n<title>Multimedia - XII Concurso Divulgaci\u00f3n -<\/title>\n<meta name=\"robots\" content=\"index, follow, max-snippet:-1, max-image-preview:large, max-video-preview:-1\" \/>\n<link rel=\"canonical\" href=\"https:\/\/www.ull.es\/portal\/cienciaull\/xii-concurso-de-divulgacion-cientifica-2024\/multimedia-xii-concurso-divulgacion\/\" \/>\n<meta property=\"og:locale\" content=\"es_ES\" \/>\n<meta property=\"og:type\" content=\"article\" \/>\n<meta property=\"og:title\" content=\"Multimedia - XII Concurso Divulgaci\u00f3n -\" \/>\n<meta property=\"og:description\" content=\"[vc_row][vc_column][vc_separator color=\u00bbsky\u00bb style=\u00bbdouble\u00bb border_width=\u00bb10&#8243;][\/vc_column][\/vc_row][vc_row][vc_column][vc_empty_space height=\u00bb40px\u00bb][vc_custom_heading text=\u00bbCandidaturas presentadas 2024&#8243; font_container=\u00bbtag:h2|text_align:left|color:%23dd9933&#8243; google_fonts=\u00bbfont_family:Roboto%3A100%2C100italic%2C300%2C300italic%2Cregular%2Citalic%2C500%2C500italic%2C700%2C700italic%2C900%2C900italic|font_style:700%20bold%20regular%3A700%3Anormal\u00bb][\/vc_column][\/vc_row][vc_row][vc_column][vc_row_inner][vc_column_inner width=\u00bb1\/2&#8243;][vc_column_text] Infancia y tecnolog\u00eda &#8211; Descubre c\u00f3mo mejorar el futuro [\/vc_column_text][vc_video link=\u00bbhttps:\/\/youtu.be\/bK2_dIykFZs\u00bb align=\u00bbcenter\u00bb css=\u00bb.vc_custom_1727873992625{background-position: center !important;background-repeat: no-repeat !important;background-size: contain !important;}\u00bb][\/vc_column_inner][vc_column_inner width=\u00bb1\/2&#8243;][vc_column_text] Descubriendo las Amebas de Vida Libre: Investigaci\u00f3n y Aplicaci\u00f3n Social [\/vc_column_text][vc_video link=\u00bbhttps:\/\/youtu.be\/21AORue8bno\u00bb align=\u00bbcenter\u00bb css=\u00bb.vc_custom_1727874061202{background-position: center !important;background-repeat: no-repeat !important;background-size: contain !important;}\u00bb][\/vc_column_inner][\/vc_row_inner][vc_row_inner][vc_column_inner width=\u00bb1\/2&#8243;][vc_column_text] Investigaci\u00f3n y divulgaci\u00f3n...\" \/>\n<meta property=\"og:url\" content=\"https:\/\/www.ull.es\/portal\/cienciaull\/xii-concurso-de-divulgacion-cientifica-2024\/multimedia-xii-concurso-divulgacion\/\" \/>\n<meta property=\"article:publisher\" content=\"https:\/\/www.facebook.com\/CienciaULL\/\" \/>\n<meta property=\"article:modified_time\" content=\"2024-10-04T07:03:18+00:00\" \/>\n<meta name=\"twitter:card\" content=\"summary_large_image\" \/>\n<meta name=\"twitter:site\" content=\"@CienciaULL\" \/>\n<meta name=\"twitter:label1\" content=\"Tiempo de lectura\" \/>\n\t<meta name=\"twitter:data1\" content=\"2 minutos\" \/>\n<script type=\"application\/ld+json\" class=\"yoast-schema-graph\">{\"@context\":\"https:\/\/schema.org\",\"@graph\":[{\"@type\":\"WebPage\",\"@id\":\"https:\/\/www.ull.es\/portal\/cienciaull\/xii-concurso-de-divulgacion-cientifica-2024\/multimedia-xii-concurso-divulgacion\/\",\"url\":\"https:\/\/www.ull.es\/portal\/cienciaull\/xii-concurso-de-divulgacion-cientifica-2024\/multimedia-xii-concurso-divulgacion\/\",\"name\":\"Multimedia - XII Concurso Divulgaci\u00f3n -\",\"isPartOf\":{\"@id\":\"https:\/\/www.ull.es\/portal\/cienciaull\/#website\"},\"datePublished\":\"2024-10-02T13:15:58+00:00\",\"dateModified\":\"2024-10-04T07:03:18+00:00\",\"breadcrumb\":{\"@id\":\"https:\/\/www.ull.es\/portal\/cienciaull\/xii-concurso-de-divulgacion-cientifica-2024\/multimedia-xii-concurso-divulgacion\/#breadcrumb\"},\"inLanguage\":\"es\",\"potentialAction\":[{\"@type\":\"ReadAction\",\"target\":[\"https:\/\/www.ull.es\/portal\/cienciaull\/xii-concurso-de-divulgacion-cientifica-2024\/multimedia-xii-concurso-divulgacion\/\"]}]},{\"@type\":\"BreadcrumbList\",\"@id\":\"https:\/\/www.ull.es\/portal\/cienciaull\/xii-concurso-de-divulgacion-cientifica-2024\/multimedia-xii-concurso-divulgacion\/#breadcrumb\",\"itemListElement\":[{\"@type\":\"ListItem\",\"position\":1,\"name\":\"Portada\",\"item\":\"https:\/\/www.ull.es\/portal\/cienciaull\/\"},{\"@type\":\"ListItem\",\"position\":2,\"name\":\"XII Concurso de Divulgaci\u00f3n Cient\u00edfica 2024\",\"item\":\"https:\/\/www.ull.es\/portal\/cienciaull\/xii-concurso-de-divulgacion-cientifica-2024\/\"},{\"@type\":\"ListItem\",\"position\":3,\"name\":\"Multimedia &#8211; XII Concurso Divulgaci\u00f3n\"}]},{\"@type\":\"WebSite\",\"@id\":\"https:\/\/www.ull.es\/portal\/cienciaull\/#website\",\"url\":\"https:\/\/www.ull.es\/portal\/cienciaull\/\",\"name\":\"\",\"description\":\"Unidad de Cultura Cient\u00edfica y de la Innovaci\u00f3n de la Universidad de La Laguna\",\"potentialAction\":[{\"@type\":\"SearchAction\",\"target\":{\"@type\":\"EntryPoint\",\"urlTemplate\":\"https:\/\/www.ull.es\/portal\/cienciaull\/?s={search_term_string}\"},\"query-input\":\"required name=search_term_string\"}],\"inLanguage\":\"es\"}]}<\/script>\n<!-- \/ Yoast SEO plugin. -->","yoast_head_json":{"title":"Multimedia - XII Concurso Divulgaci\u00f3n -","robots":{"index":"index","follow":"follow","max-snippet":"max-snippet:-1","max-image-preview":"max-image-preview:large","max-video-preview":"max-video-preview:-1"},"canonical":"https:\/\/www.ull.es\/portal\/cienciaull\/xii-concurso-de-divulgacion-cientifica-2024\/multimedia-xii-concurso-divulgacion\/","og_locale":"es_ES","og_type":"article","og_title":"Multimedia - XII Concurso Divulgaci\u00f3n -","og_description":"[vc_row][vc_column][vc_separator color=\u00bbsky\u00bb style=\u00bbdouble\u00bb border_width=\u00bb10&#8243;][\/vc_column][\/vc_row][vc_row][vc_column][vc_empty_space height=\u00bb40px\u00bb][vc_custom_heading text=\u00bbCandidaturas presentadas 2024&#8243; font_container=\u00bbtag:h2|text_align:left|color:%23dd9933&#8243; google_fonts=\u00bbfont_family:Roboto%3A100%2C100italic%2C300%2C300italic%2Cregular%2Citalic%2C500%2C500italic%2C700%2C700italic%2C900%2C900italic|font_style:700%20bold%20regular%3A700%3Anormal\u00bb][\/vc_column][\/vc_row][vc_row][vc_column][vc_row_inner][vc_column_inner width=\u00bb1\/2&#8243;][vc_column_text] Infancia y tecnolog\u00eda &#8211; Descubre c\u00f3mo mejorar el futuro [\/vc_column_text][vc_video link=\u00bbhttps:\/\/youtu.be\/bK2_dIykFZs\u00bb align=\u00bbcenter\u00bb css=\u00bb.vc_custom_1727873992625{background-position: center !important;background-repeat: no-repeat !important;background-size: contain !important;}\u00bb][\/vc_column_inner][vc_column_inner width=\u00bb1\/2&#8243;][vc_column_text] Descubriendo las Amebas de Vida Libre: Investigaci\u00f3n y Aplicaci\u00f3n Social [\/vc_column_text][vc_video link=\u00bbhttps:\/\/youtu.be\/21AORue8bno\u00bb align=\u00bbcenter\u00bb css=\u00bb.vc_custom_1727874061202{background-position: center !important;background-repeat: no-repeat !important;background-size: contain !important;}\u00bb][\/vc_column_inner][\/vc_row_inner][vc_row_inner][vc_column_inner width=\u00bb1\/2&#8243;][vc_column_text] Investigaci\u00f3n y divulgaci\u00f3n...","og_url":"https:\/\/www.ull.es\/portal\/cienciaull\/xii-concurso-de-divulgacion-cientifica-2024\/multimedia-xii-concurso-divulgacion\/","article_publisher":"https:\/\/www.facebook.com\/CienciaULL\/","article_modified_time":"2024-10-04T07:03:18+00:00","twitter_card":"summary_large_image","twitter_site":"@CienciaULL","twitter_misc":{"Tiempo de lectura":"2 minutos"},"schema":{"@context":"https:\/\/schema.org","@graph":[{"@type":"WebPage","@id":"https:\/\/www.ull.es\/portal\/cienciaull\/xii-concurso-de-divulgacion-cientifica-2024\/multimedia-xii-concurso-divulgacion\/","url":"https:\/\/www.ull.es\/portal\/cienciaull\/xii-concurso-de-divulgacion-cientifica-2024\/multimedia-xii-concurso-divulgacion\/","name":"Multimedia - XII Concurso Divulgaci\u00f3n -","isPartOf":{"@id":"https:\/\/www.ull.es\/portal\/cienciaull\/#website"},"datePublished":"2024-10-02T13:15:58+00:00","dateModified":"2024-10-04T07:03:18+00:00","breadcrumb":{"@id":"https:\/\/www.ull.es\/portal\/cienciaull\/xii-concurso-de-divulgacion-cientifica-2024\/multimedia-xii-concurso-divulgacion\/#breadcrumb"},"inLanguage":"es","potentialAction":[{"@type":"ReadAction","target":["https:\/\/www.ull.es\/portal\/cienciaull\/xii-concurso-de-divulgacion-cientifica-2024\/multimedia-xii-concurso-divulgacion\/"]}]},{"@type":"BreadcrumbList","@id":"https:\/\/www.ull.es\/portal\/cienciaull\/xii-concurso-de-divulgacion-cientifica-2024\/multimedia-xii-concurso-divulgacion\/#breadcrumb","itemListElement":[{"@type":"ListItem","position":1,"name":"Portada","item":"https:\/\/www.ull.es\/portal\/cienciaull\/"},{"@type":"ListItem","position":2,"name":"XII Concurso de Divulgaci\u00f3n Cient\u00edfica 2024","item":"https:\/\/www.ull.es\/portal\/cienciaull\/xii-concurso-de-divulgacion-cientifica-2024\/"},{"@type":"ListItem","position":3,"name":"Multimedia &#8211; XII Concurso Divulgaci\u00f3n"}]},{"@type":"WebSite","@id":"https:\/\/www.ull.es\/portal\/cienciaull\/#website","url":"https:\/\/www.ull.es\/portal\/cienciaull\/","name":"","description":"Unidad de Cultura Cient\u00edfica y de la Innovaci\u00f3n de la Universidad de La Laguna","potentialAction":[{"@type":"SearchAction","target":{"@type":"EntryPoint","urlTemplate":"https:\/\/www.ull.es\/portal\/cienciaull\/?s={search_term_string}"},"query-input":"required name=search_term_string"}],"inLanguage":"es"}]}},"_links":{"self":[{"href":"https:\/\/www.ull.es\/portal\/cienciaull\/wp-json\/wp\/v2\/pages\/31141"}],"collection":[{"href":"https:\/\/www.ull.es\/portal\/cienciaull\/wp-json\/wp\/v2\/pages"}],"about":[{"href":"https:\/\/www.ull.es\/portal\/cienciaull\/wp-json\/wp\/v2\/types\/page"}],"author":[{"embeddable":true,"href":"https:\/\/www.ull.es\/portal\/cienciaull\/wp-json\/wp\/v2\/users\/56"}],"replies":[{"embeddable":true,"href":"https:\/\/www.ull.es\/portal\/cienciaull\/wp-json\/wp\/v2\/comments?post=31141"}],"version-history":[{"count":7,"href":"https:\/\/www.ull.es\/portal\/cienciaull\/wp-json\/wp\/v2\/pages\/31141\/revisions"}],"predecessor-version":[{"id":31408,"href":"https:\/\/www.ull.es\/portal\/cienciaull\/wp-json\/wp\/v2\/pages\/31141\/revisions\/31408"}],"up":[{"embeddable":true,"href":"https:\/\/www.ull.es\/portal\/cienciaull\/wp-json\/wp\/v2\/pages\/26172"}],"wp:attachment":[{"href":"https:\/\/www.ull.es\/portal\/cienciaull\/wp-json\/wp\/v2\/media?parent=31141"}],"curies":[{"name":"wp","href":"https:\/\/api.w.org\/{rel}","templated":true}]}}