{"id":31588,"date":"2024-10-15T07:29:35","date_gmt":"2024-10-15T07:29:35","guid":{"rendered":"https:\/\/www.ull.es\/portal\/cienciaull\/?page_id=31588"},"modified":"2024-10-15T08:28:34","modified_gmt":"2024-10-15T08:28:34","slug":"nosotras-hacemos-ciencia2023-multimedia","status":"publish","type":"page","link":"https:\/\/www.ull.es\/portal\/cienciaull\/nosotras-hacemos-ciencia\/nosotras-hacemos-ciencia2023-multimedia\/","title":{"rendered":"Nosotras hacemos ciencia2023-Multimedia"},"content":{"rendered":"<p>[vc_row][vc_column]\n<div id=\"rev_slider_300_1_wrapper\" class=\"rev_slider_wrapper fullwidthbanner-container\" data-source=\"gallery\" style=\"margin:0px auto;background:transparent;padding:0px;margin-top:0px;margin-bottom:0px;\">\n<!-- START REVOLUTION SLIDER 5.4.7.3 auto mode -->\n\t<div id=\"rev_slider_300_1\" class=\"rev_slider fullwidthabanner\" style=\"display:none;\" data-version=\"5.4.7.3\">\n<ul>\t<!-- SLIDE  -->\n\t<li data-index=\"rs-350\" data-transition=\"fade\" data-slotamount=\"default\" data-hideafterloop=\"0\" data-hideslideonmobile=\"off\"  data-easein=\"default\" data-easeout=\"default\" data-masterspeed=\"300\"  data-rotate=\"0\"  data-saveperformance=\"off\"  data-title=\"Slide\" data-param1=\"\" data-param2=\"\" data-param3=\"\" data-param4=\"\" data-param5=\"\" data-param6=\"\" data-param7=\"\" data-param8=\"\" data-param9=\"\" data-param10=\"\" data-description=\"\">\n\t\t<!-- MAIN IMAGE -->\n\t\t<img src=\"https:\/\/s1.gifyu.com\/images\/SBaDg.png\"  alt=\"\"  width=\"1920\" height=\"1080\" data-bgposition=\"center center\" data-bgfit=\"cover\" data-bgrepeat=\"no-repeat\" class=\"rev-slidebg\" data-no-retina>\n\t\t<!-- LAYERS -->\n\t<\/li>\n<\/ul>\n<div class=\"tp-bannertimer tp-bottom\" style=\"visibility: hidden !important;\"><\/div>\t<\/div>\n<script>var htmlDiv = document.getElementById(\"rs-plugin-settings-inline-css\"); var htmlDivCss=\"\";\r\n\t\t\t\tif(htmlDiv) {\r\n\t\t\t\t\thtmlDiv.innerHTML = htmlDiv.innerHTML + htmlDivCss;\r\n\t\t\t\t}else{\r\n\t\t\t\t\tvar htmlDiv = document.createElement(\"div\");\r\n\t\t\t\t\thtmlDiv.innerHTML = \"<style>\" + htmlDivCss + \"<\/style>\";\r\n\t\t\t\t\tdocument.getElementsByTagName(\"head\")[0].appendChild(htmlDiv.childNodes[0]);\r\n\t\t\t\t}\r\n\t\t\t<\/script>\n\t\t<script type=\"text\/javascript\">\r\nif (setREVStartSize!==undefined) setREVStartSize(\r\n\t{c: '#rev_slider_300_1', gridwidth: [1500], gridheight: [500], sliderLayout: 'auto'});\r\n\t\t\t\r\nvar revapi300,\r\n\ttpj;\t\r\n(function() {\t\t\t\r\n\tif (!\/loaded|interactive|complete\/.test(document.readyState)) document.addEventListener(\"DOMContentLoaded\",onLoad); else onLoad();\t\r\n\tfunction onLoad() {\t\t\t\t\r\n\t\tif (tpj===undefined) { tpj = jQuery; if(\"off\" == \"on\") tpj.noConflict();}\r\n\tif(tpj(\"#rev_slider_300_1\").revolution == undefined){\n\t\trevslider_showDoubleJqueryError(\"#rev_slider_300_1\");\n\t}else{\n\t\trevapi300 = tpj(\"#rev_slider_300_1\").show().revolution({\n\t\t\tsliderType:\"hero\",\n\t\t\tjsFileLocation:\"\/\/www.ull.es\/portal\/cienciaull\/wp-content\/plugins\/revslider\/public\/assets\/js\/\",\n\t\t\tsliderLayout:\"auto\",\n\t\t\tdottedOverlay:\"none\",\n\t\t\tdelay:9000,\n\t\t\tvisibilityLevels:[1240,1024,778,480],\n\t\t\tgridwidth:1500,\n\t\t\tgridheight:500,\n\t\t\tlazyType:\"none\",\n\t\t\tshadow:0,\n\t\t\tspinner:\"spinner0\",\n\t\t\tautoHeight:\"off\",\n\t\t\tdisableProgressBar:\"on\",\n\t\t\thideThumbsOnMobile:\"off\",\n\t\t\thideSliderAtLimit:0,\n\t\t\thideCaptionAtLimit:0,\n\t\t\thideAllCaptionAtLilmit:0,\n\t\t\tdebugMode:false,\n\t\t\tfallbacks: {\n\t\t\t\tsimplifyAll:\"off\",\n\t\t\t\tdisableFocusListener:false,\n\t\t\t}\n\t\t});\n\t}; \/* END OF revapi call *\/\n\t\n }; \/* END OF ON LOAD FUNCTION *\/\r\n}()); \/* END OF WRAPPING FUNCTION *\/\r\n<\/script>\r\n\t\t<\/div><!-- END REVOLUTION SLIDER -->[vc_separator color=\u00bbpurple\u00bb style=\u00bbdouble\u00bb border_width=\u00bb10&#8243;][\/vc_column][\/vc_row][vc_row][vc_column][vc_empty_space height=\u00bb25px\u00bb][vc_custom_heading text=\u00bbNosotras hacemos ciencia 10 de febrero de 2023&#8243; google_fonts=\u00bbfont_family:Roboto%3A100%2C100italic%2C300%2C300italic%2Cregular%2Citalic%2C500%2C500italic%2C700%2C700italic%2C900%2C900italic|font_style:500%20bold%20regular%3A500%3Anormal\u00bb][vc_row_inner][vc_column_inner][vc_column_text]Investigadoras participantes:<\/p>\n<p><span style=\"font-weight: 400\">Rosa Fregel Lorenzo &#8211; Genetista (investigadora de la Universidad de La Laguna)<\/span><\/p>\n<p><span style=\"font-weight: 400\">Virginia Monteseguro Padr\u00f3n \u2013 F\u00edsica (investigadora Beatriz Galindo en la <\/span><span style=\"font-weight: 400\">Universidad de Cantabria, departamento Ciencias de la Tierra y F\u00edsica )<\/span><\/p>\n<p><span style=\"font-weight: 400\">Irene M\u00e1rquez Corbella \u2013 matem\u00e1ticas (profesora e investigadora del <\/span><span style=\"font-weight: 400\">departamento de Matem\u00e1ticas, Estad\u00edstica e Investigaci\u00f3n Operativa<\/span>[\/vc_column_text][vc_video link=\u00bbhttps:\/\/youtu.be\/sywSc1UBCT4&#8243; el_width=\u00bb70&#8243; align=\u00bbcenter\u00bb][\/vc_column_inner][\/vc_row_inner][\/vc_column][\/vc_row][vc_row][vc_column][vc_empty_space][vc_btn title=\u00bbInicio\u00bb color=\u00bbviolet\u00bb size=\u00bblg\u00bb align=\u00bbcenter\u00bb link=\u00bburl:https%3A%2F%2Fwww.ull.es%2Fportal%2Fcienciaull%2Fnosotras-hacemos-ciencia%2F\u00bb][\/vc_column][\/vc_row]<\/p>\n","protected":false},"excerpt":{"rendered":"<p>[vc_row][vc_column][vc_separator color=\u00bbpurple\u00bb style=\u00bbdouble\u00bb border_width=\u00bb10&#8243;][\/vc_column][\/vc_row][vc_row][vc_column][vc_empty_space height=\u00bb25px\u00bb][vc_custom_heading text=\u00bbNosotras hacemos ciencia 10 de febrero de 2023&#8243; google_fonts=\u00bbfont_family:Roboto%3A100%2C100italic%2C300%2C300italic%2Cregular%2Citalic%2C500%2C500italic%2C700%2C700italic%2C900%2C900italic|font_style:500%20bold%20regular%3A500%3Anormal\u00bb][vc_row_inner][vc_column_inner][vc_column_text]Investigadoras participantes: Rosa Fregel Lorenzo &#8211; Genetista (investigadora de la Universidad de La Laguna) Virginia Monteseguro Padr\u00f3n \u2013 F\u00edsica (investigadora Beatriz Galindo en la Universidad de Cantabria, departamento Ciencias de la Tierra y F\u00edsica ) Irene M\u00e1rquez Corbella \u2013 matem\u00e1ticas (profesora e&#8230;<\/p>\n","protected":false},"author":56,"featured_media":0,"parent":31531,"menu_order":0,"comment_status":"closed","ping_status":"closed","template":"templates\/cienciaull.php","meta":{"inline_featured_image":false,"footnotes":""},"acf":[],"yoast_head":"<!-- This site is optimized with the Yoast SEO plugin v21.3 - https:\/\/yoast.com\/wordpress\/plugins\/seo\/ -->\n<title>Nosotras hacemos ciencia2023-Multimedia -<\/title>\n<meta name=\"robots\" content=\"index, follow, max-snippet:-1, max-image-preview:large, max-video-preview:-1\" \/>\n<link rel=\"canonical\" href=\"https:\/\/www.ull.es\/portal\/cienciaull\/nosotras-hacemos-ciencia\/nosotras-hacemos-ciencia2023-multimedia\/\" \/>\n<meta property=\"og:locale\" content=\"es_ES\" \/>\n<meta property=\"og:type\" content=\"article\" \/>\n<meta property=\"og:title\" content=\"Nosotras hacemos ciencia2023-Multimedia -\" \/>\n<meta property=\"og:description\" content=\"[vc_row][vc_column][vc_separator color=\u00bbpurple\u00bb style=\u00bbdouble\u00bb border_width=\u00bb10&#8243;][\/vc_column][\/vc_row][vc_row][vc_column][vc_empty_space height=\u00bb25px\u00bb][vc_custom_heading text=\u00bbNosotras hacemos ciencia 10 de febrero de 2023&#8243; google_fonts=\u00bbfont_family:Roboto%3A100%2C100italic%2C300%2C300italic%2Cregular%2Citalic%2C500%2C500italic%2C700%2C700italic%2C900%2C900italic|font_style:500%20bold%20regular%3A500%3Anormal\u00bb][vc_row_inner][vc_column_inner][vc_column_text]Investigadoras participantes: Rosa Fregel Lorenzo &#8211; Genetista (investigadora de la Universidad de La Laguna) Virginia Monteseguro Padr\u00f3n \u2013 F\u00edsica (investigadora Beatriz Galindo en la Universidad de Cantabria, departamento Ciencias de la Tierra y F\u00edsica ) Irene M\u00e1rquez Corbella \u2013 matem\u00e1ticas (profesora e...\" \/>\n<meta property=\"og:url\" content=\"https:\/\/www.ull.es\/portal\/cienciaull\/nosotras-hacemos-ciencia\/nosotras-hacemos-ciencia2023-multimedia\/\" \/>\n<meta property=\"article:publisher\" content=\"https:\/\/www.facebook.com\/CienciaULL\/\" \/>\n<meta property=\"article:modified_time\" content=\"2024-10-15T08:28:34+00:00\" \/>\n<meta name=\"twitter:card\" content=\"summary_large_image\" \/>\n<meta name=\"twitter:site\" content=\"@CienciaULL\" \/>\n<meta name=\"twitter:label1\" content=\"Tiempo de lectura\" \/>\n\t<meta name=\"twitter:data1\" content=\"1 minuto\" \/>\n<script type=\"application\/ld+json\" class=\"yoast-schema-graph\">{\"@context\":\"https:\/\/schema.org\",\"@graph\":[{\"@type\":\"WebPage\",\"@id\":\"https:\/\/www.ull.es\/portal\/cienciaull\/nosotras-hacemos-ciencia\/nosotras-hacemos-ciencia2023-multimedia\/\",\"url\":\"https:\/\/www.ull.es\/portal\/cienciaull\/nosotras-hacemos-ciencia\/nosotras-hacemos-ciencia2023-multimedia\/\",\"name\":\"Nosotras hacemos ciencia2023-Multimedia -\",\"isPartOf\":{\"@id\":\"https:\/\/www.ull.es\/portal\/cienciaull\/#website\"},\"datePublished\":\"2024-10-15T07:29:35+00:00\",\"dateModified\":\"2024-10-15T08:28:34+00:00\",\"breadcrumb\":{\"@id\":\"https:\/\/www.ull.es\/portal\/cienciaull\/nosotras-hacemos-ciencia\/nosotras-hacemos-ciencia2023-multimedia\/#breadcrumb\"},\"inLanguage\":\"es\",\"potentialAction\":[{\"@type\":\"ReadAction\",\"target\":[\"https:\/\/www.ull.es\/portal\/cienciaull\/nosotras-hacemos-ciencia\/nosotras-hacemos-ciencia2023-multimedia\/\"]}]},{\"@type\":\"BreadcrumbList\",\"@id\":\"https:\/\/www.ull.es\/portal\/cienciaull\/nosotras-hacemos-ciencia\/nosotras-hacemos-ciencia2023-multimedia\/#breadcrumb\",\"itemListElement\":[{\"@type\":\"ListItem\",\"position\":1,\"name\":\"Portada\",\"item\":\"https:\/\/www.ull.es\/portal\/cienciaull\/\"},{\"@type\":\"ListItem\",\"position\":2,\"name\":\"Nosotras Hacemos Ciencia\",\"item\":\"https:\/\/www.ull.es\/portal\/cienciaull\/nosotras-hacemos-ciencia\/\"},{\"@type\":\"ListItem\",\"position\":3,\"name\":\"Nosotras hacemos ciencia2023-Multimedia\"}]},{\"@type\":\"WebSite\",\"@id\":\"https:\/\/www.ull.es\/portal\/cienciaull\/#website\",\"url\":\"https:\/\/www.ull.es\/portal\/cienciaull\/\",\"name\":\"\",\"description\":\"Unidad de Cultura Cient\u00edfica y de la Innovaci\u00f3n de la Universidad de La Laguna\",\"potentialAction\":[{\"@type\":\"SearchAction\",\"target\":{\"@type\":\"EntryPoint\",\"urlTemplate\":\"https:\/\/www.ull.es\/portal\/cienciaull\/?s={search_term_string}\"},\"query-input\":\"required name=search_term_string\"}],\"inLanguage\":\"es\"}]}<\/script>\n<!-- \/ Yoast SEO plugin. -->","yoast_head_json":{"title":"Nosotras hacemos ciencia2023-Multimedia -","robots":{"index":"index","follow":"follow","max-snippet":"max-snippet:-1","max-image-preview":"max-image-preview:large","max-video-preview":"max-video-preview:-1"},"canonical":"https:\/\/www.ull.es\/portal\/cienciaull\/nosotras-hacemos-ciencia\/nosotras-hacemos-ciencia2023-multimedia\/","og_locale":"es_ES","og_type":"article","og_title":"Nosotras hacemos ciencia2023-Multimedia -","og_description":"[vc_row][vc_column][vc_separator color=\u00bbpurple\u00bb style=\u00bbdouble\u00bb border_width=\u00bb10&#8243;][\/vc_column][\/vc_row][vc_row][vc_column][vc_empty_space height=\u00bb25px\u00bb][vc_custom_heading text=\u00bbNosotras hacemos ciencia 10 de febrero de 2023&#8243; google_fonts=\u00bbfont_family:Roboto%3A100%2C100italic%2C300%2C300italic%2Cregular%2Citalic%2C500%2C500italic%2C700%2C700italic%2C900%2C900italic|font_style:500%20bold%20regular%3A500%3Anormal\u00bb][vc_row_inner][vc_column_inner][vc_column_text]Investigadoras participantes: Rosa Fregel Lorenzo &#8211; Genetista (investigadora de la Universidad de La Laguna) Virginia Monteseguro Padr\u00f3n \u2013 F\u00edsica (investigadora Beatriz Galindo en la Universidad de Cantabria, departamento Ciencias de la Tierra y F\u00edsica ) Irene M\u00e1rquez Corbella \u2013 matem\u00e1ticas (profesora e...","og_url":"https:\/\/www.ull.es\/portal\/cienciaull\/nosotras-hacemos-ciencia\/nosotras-hacemos-ciencia2023-multimedia\/","article_publisher":"https:\/\/www.facebook.com\/CienciaULL\/","article_modified_time":"2024-10-15T08:28:34+00:00","twitter_card":"summary_large_image","twitter_site":"@CienciaULL","twitter_misc":{"Tiempo de lectura":"1 minuto"},"schema":{"@context":"https:\/\/schema.org","@graph":[{"@type":"WebPage","@id":"https:\/\/www.ull.es\/portal\/cienciaull\/nosotras-hacemos-ciencia\/nosotras-hacemos-ciencia2023-multimedia\/","url":"https:\/\/www.ull.es\/portal\/cienciaull\/nosotras-hacemos-ciencia\/nosotras-hacemos-ciencia2023-multimedia\/","name":"Nosotras hacemos ciencia2023-Multimedia -","isPartOf":{"@id":"https:\/\/www.ull.es\/portal\/cienciaull\/#website"},"datePublished":"2024-10-15T07:29:35+00:00","dateModified":"2024-10-15T08:28:34+00:00","breadcrumb":{"@id":"https:\/\/www.ull.es\/portal\/cienciaull\/nosotras-hacemos-ciencia\/nosotras-hacemos-ciencia2023-multimedia\/#breadcrumb"},"inLanguage":"es","potentialAction":[{"@type":"ReadAction","target":["https:\/\/www.ull.es\/portal\/cienciaull\/nosotras-hacemos-ciencia\/nosotras-hacemos-ciencia2023-multimedia\/"]}]},{"@type":"BreadcrumbList","@id":"https:\/\/www.ull.es\/portal\/cienciaull\/nosotras-hacemos-ciencia\/nosotras-hacemos-ciencia2023-multimedia\/#breadcrumb","itemListElement":[{"@type":"ListItem","position":1,"name":"Portada","item":"https:\/\/www.ull.es\/portal\/cienciaull\/"},{"@type":"ListItem","position":2,"name":"Nosotras Hacemos Ciencia","item":"https:\/\/www.ull.es\/portal\/cienciaull\/nosotras-hacemos-ciencia\/"},{"@type":"ListItem","position":3,"name":"Nosotras hacemos ciencia2023-Multimedia"}]},{"@type":"WebSite","@id":"https:\/\/www.ull.es\/portal\/cienciaull\/#website","url":"https:\/\/www.ull.es\/portal\/cienciaull\/","name":"","description":"Unidad de Cultura Cient\u00edfica y de la Innovaci\u00f3n de la Universidad de La Laguna","potentialAction":[{"@type":"SearchAction","target":{"@type":"EntryPoint","urlTemplate":"https:\/\/www.ull.es\/portal\/cienciaull\/?s={search_term_string}"},"query-input":"required name=search_term_string"}],"inLanguage":"es"}]}},"_links":{"self":[{"href":"https:\/\/www.ull.es\/portal\/cienciaull\/wp-json\/wp\/v2\/pages\/31588"}],"collection":[{"href":"https:\/\/www.ull.es\/portal\/cienciaull\/wp-json\/wp\/v2\/pages"}],"about":[{"href":"https:\/\/www.ull.es\/portal\/cienciaull\/wp-json\/wp\/v2\/types\/page"}],"author":[{"embeddable":true,"href":"https:\/\/www.ull.es\/portal\/cienciaull\/wp-json\/wp\/v2\/users\/56"}],"replies":[{"embeddable":true,"href":"https:\/\/www.ull.es\/portal\/cienciaull\/wp-json\/wp\/v2\/comments?post=31588"}],"version-history":[{"count":7,"href":"https:\/\/www.ull.es\/portal\/cienciaull\/wp-json\/wp\/v2\/pages\/31588\/revisions"}],"predecessor-version":[{"id":31596,"href":"https:\/\/www.ull.es\/portal\/cienciaull\/wp-json\/wp\/v2\/pages\/31588\/revisions\/31596"}],"up":[{"embeddable":true,"href":"https:\/\/www.ull.es\/portal\/cienciaull\/wp-json\/wp\/v2\/pages\/31531"}],"wp:attachment":[{"href":"https:\/\/www.ull.es\/portal\/cienciaull\/wp-json\/wp\/v2\/media?parent=31588"}],"curies":[{"name":"wp","href":"https:\/\/api.w.org\/{rel}","templated":true}]}}