{"id":31599,"date":"2024-10-15T12:30:18","date_gmt":"2024-10-15T12:30:18","guid":{"rendered":"https:\/\/www.ull.es\/portal\/cienciaull\/?page_id=31599"},"modified":"2024-12-23T13:05:52","modified_gmt":"2024-12-23T13:05:52","slug":"maria-del-carmen-arevalo-quimica","status":"publish","type":"page","link":"https:\/\/www.ull.es\/portal\/cienciaull\/maria-del-carmen-arevalo-quimica\/","title":{"rendered":"Mar\u00eda del Carmen Ar\u00e9valo &#8211; Qu\u00edmica"},"content":{"rendered":"<p>[vc_row][vc_column][vc_empty_space]\n<div id=\"rev_slider_303_1_wrapper\" class=\"rev_slider_wrapper fullwidthbanner-container\" data-source=\"gallery\" style=\"margin:0px auto;background:transparent;padding:0px;margin-top:0px;margin-bottom:0px;\">\n<!-- START REVOLUTION SLIDER 5.4.7.3 fullwidth mode -->\n\t<div id=\"rev_slider_303_1\" class=\"rev_slider fullwidthabanner\" style=\"display:none;\" data-version=\"5.4.7.3\">\n<ul>\t<!-- SLIDE  -->\n\t<li data-index=\"rs-353\" data-transition=\"fade\" data-slotamount=\"default\" data-hideafterloop=\"0\" data-hideslideonmobile=\"off\"  data-easein=\"default\" data-easeout=\"default\" data-masterspeed=\"300\"  data-rotate=\"0\"  data-saveperformance=\"off\"  data-title=\"Slide\" data-param1=\"\" data-param2=\"\" data-param3=\"\" data-param4=\"\" data-param5=\"\" data-param6=\"\" data-param7=\"\" data-param8=\"\" data-param9=\"\" data-param10=\"\" data-description=\"\">\n\t\t<!-- MAIN IMAGE -->\n\t\t<img src=\"https:\/\/www.ull.es\/portal\/cienciaull\/wp-content\/uploads\/sites\/24\/2024\/11\/Banner-Web-Chicas-con-Cienci@ULL-maria-del-carmen-arevalo.jpg\"  alt=\"\" title=\"Banner Web Chicas con Cienci@ULL maria del carmen arevalo\"  width=\"1500\" height=\"500\" data-bgposition=\"center center\" data-bgfit=\"cover\" data-bgrepeat=\"no-repeat\" class=\"rev-slidebg\" data-no-retina>\n\t\t<!-- LAYERS -->\n\t<\/li>\n<\/ul>\n<div class=\"tp-bannertimer tp-bottom\" style=\"visibility: hidden !important;\"><\/div>\t<\/div>\n<script>var htmlDiv = document.getElementById(\"rs-plugin-settings-inline-css\"); var htmlDivCss=\"\";\r\n\t\t\t\tif(htmlDiv) {\r\n\t\t\t\t\thtmlDiv.innerHTML = htmlDiv.innerHTML + htmlDivCss;\r\n\t\t\t\t}else{\r\n\t\t\t\t\tvar htmlDiv = document.createElement(\"div\");\r\n\t\t\t\t\thtmlDiv.innerHTML = \"<style>\" + htmlDivCss + \"<\/style>\";\r\n\t\t\t\t\tdocument.getElementsByTagName(\"head\")[0].appendChild(htmlDiv.childNodes[0]);\r\n\t\t\t\t}\r\n\t\t\t<\/script>\n\t\t<script type=\"text\/javascript\">\r\nif (setREVStartSize!==undefined) setREVStartSize(\r\n\t{c: '#rev_slider_303_1', gridwidth: [1500], gridheight: [500], sliderLayout: 'auto'});\r\n\t\t\t\r\nvar revapi303,\r\n\ttpj;\t\r\n(function() {\t\t\t\r\n\tif (!\/loaded|interactive|complete\/.test(document.readyState)) document.addEventListener(\"DOMContentLoaded\",onLoad); else onLoad();\t\r\n\tfunction onLoad() {\t\t\t\t\r\n\t\tif (tpj===undefined) { tpj = jQuery; if(\"off\" == \"on\") tpj.noConflict();}\r\n\tif(tpj(\"#rev_slider_303_1\").revolution == undefined){\n\t\trevslider_showDoubleJqueryError(\"#rev_slider_303_1\");\n\t}else{\n\t\trevapi303 = tpj(\"#rev_slider_303_1\").show().revolution({\n\t\t\tsliderType:\"hero\",\n\t\t\tjsFileLocation:\"\/\/www.ull.es\/portal\/cienciaull\/wp-content\/plugins\/revslider\/public\/assets\/js\/\",\n\t\t\tsliderLayout:\"auto\",\n\t\t\tdottedOverlay:\"none\",\n\t\t\tdelay:9000,\n\t\t\tvisibilityLevels:[1240,1024,778,480],\n\t\t\tgridwidth:1500,\n\t\t\tgridheight:500,\n\t\t\tlazyType:\"none\",\n\t\t\tshadow:0,\n\t\t\tspinner:\"spinner0\",\n\t\t\tautoHeight:\"off\",\n\t\t\tdisableProgressBar:\"on\",\n\t\t\thideThumbsOnMobile:\"off\",\n\t\t\thideSliderAtLimit:0,\n\t\t\thideCaptionAtLimit:0,\n\t\t\thideAllCaptionAtLilmit:0,\n\t\t\tdebugMode:false,\n\t\t\tfallbacks: {\n\t\t\t\tsimplifyAll:\"off\",\n\t\t\t\tdisableFocusListener:false,\n\t\t\t}\n\t\t});\n\t}; \/* END OF revapi call *\/\n\t\n }; \/* END OF ON LOAD FUNCTION *\/\r\n}()); \/* END OF WRAPPING FUNCTION *\/\r\n<\/script>\r\n\t\t<\/div><!-- END REVOLUTION SLIDER -->[\/vc_column][\/vc_row][vc_row][vc_column width=\u00bb2\/3&#8243;][vc_empty_space css=\u00bb.vc_custom_1733127193376{margin-bottom: 3px !important;border-bottom-width: 3px !important;padding-bottom: 3px !important;}\u00bb][vc_custom_heading text=\u00bb\u00c1rea Energ\u00eda, Biodiversidad y Medioambiente\u00bb font_container=\u00bbtag:h2|text_align:left|color:%2337a642&#8243; google_fonts=\u00bbfont_family:Roboto%20Slab%3A100%2C300%2Cregular%2C700|font_style:700%20bold%20regular%3A700%3Anormal\u00bb css=\u00bb.vc_custom_1733127199060{margin-bottom: 3px !important;border-bottom-width: 3px !important;padding-bottom: 3px !important;}\u00bb][vc_custom_heading text=\u00bbCap\u00edtulo 01. Mar\u00eda del Carmen Ar\u00e9valo &#8211; Qu\u00edmica\u00bb font_container=\u00bbtag:h3|text_align:left|color:%2337a642&#8243; google_fonts=\u00bbfont_family:Roboto%20Slab%3A100%2C300%2Cregular%2C700|font_style:700%20bold%20regular%3A700%3Anormal\u00bb css=\u00bb.vc_custom_1733127214678{margin-bottom: 5px !important;border-bottom-width: 5px !important;padding-bottom: 5px !important;}\u00bb][vc_custom_heading text=\u00bb<strong>Biograf\u00eda<\/strong>\u00bb font_container=\u00bbtag:h4|text_align:left|color:%23535968&#8243; google_fonts=\u00bbfont_family:Roboto%20Slab%3A100%2C300%2Cregular%2C700|font_style:700%20bold%20regular%3A700%3Anormal\u00bb css=\u00bb.vc_custom_1733127221851{margin-bottom: 5px !important;border-bottom-width: 5px !important;padding-bottom: 5px !important;}\u00bb][vc_column_text css=\u00bb.vc_custom_1733127238254{margin-bottom: 5px !important;border-bottom-width: 5px !important;padding-bottom: 5px !important;}\u00bb]<\/p>\n<p style=\"text-align: justify\">Es catedr\u00e1tica de Qu\u00edmica F\u00edsica en la Universidad de La Laguna (ULL). Termin\u00f3 su Licenciatura en Qu\u00edmica en 1981, obteniendo el Premio Extraordinario de Licenciatura, y realiz\u00f3 su tesis doctoral en la Universidad de Padua (Italia) durante tres a\u00f1os, present\u00e1ndola en 1985 y obteniendo tambi\u00e9n el Premio Extraordinario de Doctorado. Fue becaria FPI del Ministerio de Educaci\u00f3n y Ciencia (MEC) entre 1982 y 1985, becaria posdoctoral en el extranjero (Gobierno de Canarias, 1986), y posteriormente becaria de reincorporaci\u00f3n de doctores del MEC en 1986.<\/p>\n<p style=\"text-align: justify\">Inici\u00f3 su carrera docente como ayudante en 1987, pas\u00f3 a Profesora Titular Interina en octubre de ese mismo a\u00f1o, y en 1990 obtuvo una plaza como Profesora Titular. En marzo de 2012 recibi\u00f3 la acreditaci\u00f3n a Catedr\u00e1tica y en diciembre de 2016 obtuvo la plaza de Catedr\u00e1tica de Qu\u00edmica F\u00edsica. Desde 1987 ha impartido docencia te\u00f3rica y pr\u00e1ctica en diversas titulaciones, como la Licenciatura en Qu\u00edmica, Ingenier\u00eda Qu\u00edmica, y en los grados de Qu\u00edmica, Farmacia, Ciencias Ambientales y Nutrici\u00f3n, as\u00ed como en programas de posgrado, doctorado y m\u00e1ster.<\/p>\n<p style=\"text-align: justify\">Entre 1999 y 2001, y luego de 2004 a 2006, coordin\u00f3 el Programa Interdepartamental de Doctorado en Qu\u00edmica e Ingenier\u00eda, que recibi\u00f3 la Menci\u00f3n de Calidad del MEC. Ha co-dirigido cuatro tesinas de licenciatura, tres proyectos de fin de carrera, dos DEA y siete tesis doctorales, incluyendo la primera tesis en co-tutela de la ULL con la Universidad de Padua (con menci\u00f3n europea), as\u00ed como dos tesis en co-tutela con la Universidad de Santiago de Chile (USACH). Actualmente co-dirige una tesis doctoral y ha supervisado 27 trabajos fin de m\u00e1ster (TFM) y 26 trabajos fin de grado (TFG) en Qu\u00edmica y Farmacia, adem\u00e1s de co-dirigir otros cuatro.<\/p>\n<p style=\"text-align: justify\">Es co-autora de cinco publicaciones docentes y dos libros. Ha participado en numerosos cursos y talleres de formaci\u00f3n del Espacio Europeo de Educaci\u00f3n Superior (EEES) y ha sido ponente en congresos de docencia. Desde 2005 hasta 2017, particip\u00f3 en el Programa de Orientaci\u00f3n y Apoyo Tutorial (POAT) de las facultades de Qu\u00edmica y Farmacia. Ha colaborado en 11 proyectos de innovaci\u00f3n docente y coordina el Grupo Consolidado de Innovaci\u00f3n Educativa \u201cInnovaci\u00f3n en la Ense\u00f1anza de la Qu\u00edmica F\u00edsica\u201d desde 2016. Cuenta con cinco quinquenios de docencia (1982-2009), cuatro complementos retributivos del Gobierno de Canarias (1999-2004) por m\u00e9ritos docentes y ha sido evaluada con calificaci\u00f3n excelente en el programa DOCENTIA (2006-2011 y 2012-2018).<\/p>\n<p style=\"text-align: justify\">Inici\u00f3 en la ULL las l\u00edneas de investigaci\u00f3n en Electroqu\u00edmica Org\u00e1nica y Electrocat\u00e1lisis, y actualmente colabora con un grupo de la USACH en el desarrollo de electrosensores. Ha participado en 36 proyectos de investigaci\u00f3n, liderando 11 de ellos. Adem\u00e1s, ha colaborado en Acciones Integradas con Francia e Italia y en el Programa de Cooperaci\u00f3n Cient\u00edfica con Iberoam\u00e9rica (Argentina). Ha realizado estancias en centros internacionales, como la Universidad de Padua, el CNRS y la Universit\u00e9 Pierre et Marie Curie (Francia), INIFTA en La Plata (Argentina), la Universit\u00e9 de Poitiers (Francia), la USACH y la Pontificia Universidad Cat\u00f3lica de Chile.<\/p>\n<p style=\"text-align: justify\">Es co-autora de 85 publicaciones cient\u00edficas en revistas especializadas y de una patente. Ha participado en 110 congresos nacionales e internacionales, siendo conferenciante invitada en tres congresos internacionales. Ha evaluado proyectos de investigaci\u00f3n y art\u00edculos cient\u00edficos tanto a nivel nacional como internacional (FONDECYT, Chile, y ANEP, Espa\u00f1a) y cuenta con cinco tramos de investigaci\u00f3n otorgados por la CNEAI.<\/p>\n<p style=\"text-align: justify\">Ha ocupado numerosos cargos de representaci\u00f3n y gesti\u00f3n, incluyendo el Consejo de Departamento, la Junta de Facultad, la Comisi\u00f3n de Doctorado y la Comisi\u00f3n Permanente de Doctorado, adem\u00e1s de participar en comisiones para la elaboraci\u00f3n de planes de estudio. Entre sus cargos ejecutivos, ha sido Directora del Secretariado de Grado del Vicerrectorado de Ordenaci\u00f3n Acad\u00e9mica y Directora del Instituto Universitario de Materiales y Nanotecnolog\u00eda (IMN). Ha organizado dos congresos internacionales y uno nacional, y fue Tesorera de la Secci\u00f3n Territorial Canarias de la RSEQ (2010-2015). Asimismo, ha evaluado grados y m\u00e1steres oficiales (2010-2012) y ha sido miembro y secretaria del Comit\u00e9 de Evaluaci\u00f3n de Titulaciones de Ciencias de UNIBASQ (2011-2015).<\/p>\n<p>[\/vc_column_text][vc_custom_heading text=\u00bb<strong>Departamento<\/strong>\u00bb font_container=\u00bbtag:h4|text_align:left|color:%23535968&#8243; google_fonts=\u00bbfont_family:Roboto%20Slab%3A100%2C300%2Cregular%2C700|font_style:700%20bold%20regular%3A700%3Anormal\u00bb css=\u00bb.vc_custom_1733127258219{margin-bottom: 5px !important;border-bottom-width: 5px !important;padding-bottom: 5px !important;}\u00bb][vc_column_text]<\/p>\n<ul>\n<li><a href=\"https:\/\/portalciencia.ull.es\/unidades\/2901\/detalle\" target=\"_blank\" rel=\"noopener\">Qu\u00edmica<\/a><\/li>\n<\/ul>\n<p>[\/vc_column_text][vc_custom_heading text=\u00bb<strong>L\u00edneas de investigaci\u00f3n<\/strong>\u00bb font_container=\u00bbtag:h4|text_align:left|color:%23535968&#8243; google_fonts=\u00bbfont_family:Roboto%20Slab%3A100%2C300%2Cregular%2C700|font_style:700%20bold%20regular%3A700%3Anormal\u00bb css=\u00bb.vc_custom_1733127279185{margin-bottom: 5px !important;border-bottom-width: 5px !important;padding-bottom: 5px !important;}\u00bb][vc_column_text]<\/p>\n<ul>\n<li>Electroqu\u00edmica Org\u00e1nica y Electrocat\u00e1lisis<\/li>\n<li>Desarrollo de electrosensores<\/li>\n<\/ul>\n<p>[\/vc_column_text][vc_custom_heading text=\u00bb<strong>Grupo de investigaci\u00f3n<\/strong>\u00bb font_container=\u00bbtag:h4|text_align:left|color:%23535968&#8243; google_fonts=\u00bbfont_family:Roboto%20Slab%3A100%2C300%2Cregular%2C700|font_style:700%20bold%20regular%3A700%3Anormal\u00bb css=\u00bb.vc_custom_1733127291726{margin-bottom: 5px !important;border-bottom-width: 5px !important;padding-bottom: 5px !important;}\u00bb][vc_column_text]<\/p>\n<ul>\n<li><a href=\"https:\/\/portalciencia.ull.es\/grupos\/6318\/detalle\" target=\"_blank\" rel=\"noopener\">Ciencia de superficies y electrocat\u00e1lisis<\/a><\/li>\n<\/ul>\n<p>[\/vc_column_text][\/vc_column][vc_column width=\u00bb1\/3&#8243;][vc_empty_space height=\u00bb135px\u00bb][vc_custom_heading text=\u00bb<strong>V\u00eddeo<\/strong>\u00bb font_container=\u00bbtag:h4|text_align:center|color:%23535968&#8243; google_fonts=\u00bbfont_family:Roboto%20Slab%3A100%2C300%2Cregular%2C700|font_style:700%20bold%20regular%3A700%3Anormal\u00bb css=\u00bb.vc_custom_1734692556005{margin-bottom: 5px !important;border-bottom-width: 5px !important;padding-bottom: 5px !important;}\u00bb link=\u00bbtarget:_blank\u00bb][vc_video link=\u00bbhttps:\/\/youtu.be\/hTA__up9DDg\u00bb][vc_empty_space][vc_btn title=\u00bbSerie Todas con Cienci@ULL\u00bb color=\u00bbsuccess\u00bb size=\u00bblg\u00bb align=\u00bbcenter\u00bb button_block=\u00bbtrue\u00bb css=\u00bb.vc_custom_1733127365992{margin-bottom: 3px !important;border-bottom-width: 3px !important;padding-bottom: 3px !important;}\u00bb link=\u00bburl:https%3A%2F%2Fwww.ull.es%2Fportal%2Fcienciaull%2F5a-temporada-todas-con-cienciull%2F\u00bb][vc_btn title=\u00bbProducci\u00f3n cient\u00edfica\u00bb color=\u00bbviolet\u00bb size=\u00bblg\u00bb align=\u00bbcenter\u00bb button_block=\u00bbtrue\u00bb css=\u00bb.vc_custom_1730811833803{margin-bottom: 3px !important;border-bottom-width: 3px !important;padding-bottom: 3px !important;}\u00bb link=\u00bburl:https%3A%2F%2Fportalciencia.ull.es%2Finvestigadores%2F82053%2Fdetalle\u00bb][vc_btn title=\u00bbFiguras destacadas\u00bb color=\u00bbwarning\u00bb size=\u00bblg\u00bb align=\u00bbcenter\u00bb button_block=\u00bbtrue\u00bb css=\u00bb.vc_custom_1730806591815{margin-bottom: 3px !important;border-bottom-width: 3px !important;padding-bottom: 3px !important;}\u00bb link=\u00bburl:https%3A%2F%2Fwww.ull.es%2Fportal%2Fcienciaull%2Fcalendario-investigaull%2Ffigurasdesta_investigaull%2F\u00bb][\/vc_column][\/vc_row]<\/p>\n","protected":false},"excerpt":{"rendered":"<p>[vc_row][vc_column][vc_empty_space][\/vc_column][\/vc_row][vc_row][vc_column width=\u00bb2\/3&#8243;][vc_empty_space css=\u00bb.vc_custom_1733127193376{margin-bottom: 3px !important;border-bottom-width: 3px !important;padding-bottom: 3px !important;}\u00bb][vc_custom_heading text=\u00bb\u00c1rea Energ\u00eda, Biodiversidad y Medioambiente\u00bb font_container=\u00bbtag:h2|text_align:left|color:%2337a642&#8243; google_fonts=\u00bbfont_family:Roboto%20Slab%3A100%2C300%2Cregular%2C700|font_style:700%20bold%20regular%3A700%3Anormal\u00bb css=\u00bb.vc_custom_1733127199060{margin-bottom: 3px !important;border-bottom-width: 3px !important;padding-bottom: 3px !important;}\u00bb][vc_custom_heading text=\u00bbCap\u00edtulo 01. Mar\u00eda del Carmen Ar\u00e9valo &#8211; Qu\u00edmica\u00bb font_container=\u00bbtag:h3|text_align:left|color:%2337a642&#8243; google_fonts=\u00bbfont_family:Roboto%20Slab%3A100%2C300%2Cregular%2C700|font_style:700%20bold%20regular%3A700%3Anormal\u00bb css=\u00bb.vc_custom_1733127214678{margin-bottom: 5px !important;border-bottom-width: 5px !important;padding-bottom: 5px !important;}\u00bb][vc_custom_heading text=\u00bbBiograf\u00eda\u00bb font_container=\u00bbtag:h4|text_align:left|color:%23535968&#8243; google_fonts=\u00bbfont_family:Roboto%20Slab%3A100%2C300%2Cregular%2C700|font_style:700%20bold%20regular%3A700%3Anormal\u00bb css=\u00bb.vc_custom_1733127221851{margin-bottom: 5px !important;border-bottom-width: 5px !important;padding-bottom: 5px !important;}\u00bb][vc_column_text css=\u00bb.vc_custom_1733127238254{margin-bottom: 5px !important;border-bottom-width: 5px !important;padding-bottom:&#8230;<\/p>\n","protected":false},"author":56,"featured_media":0,"parent":0,"menu_order":0,"comment_status":"closed","ping_status":"closed","template":"templates\/cienciaull.php","meta":{"inline_featured_image":false,"footnotes":""},"acf":[],"yoast_head":"<!-- This site is optimized with the Yoast SEO plugin v21.3 - https:\/\/yoast.com\/wordpress\/plugins\/seo\/ -->\n<title>Mar\u00eda del Carmen Ar\u00e9valo - Qu\u00edmica -<\/title>\n<meta name=\"robots\" content=\"index, follow, max-snippet:-1, max-image-preview:large, max-video-preview:-1\" \/>\n<link rel=\"canonical\" href=\"https:\/\/www.ull.es\/portal\/cienciaull\/maria-del-carmen-arevalo-quimica\/\" \/>\n<meta property=\"og:locale\" content=\"es_ES\" \/>\n<meta property=\"og:type\" content=\"article\" \/>\n<meta property=\"og:title\" content=\"Mar\u00eda del Carmen Ar\u00e9valo - Qu\u00edmica -\" \/>\n<meta property=\"og:description\" content=\"[vc_row][vc_column][vc_empty_space][\/vc_column][\/vc_row][vc_row][vc_column width=\u00bb2\/3&#8243;][vc_empty_space css=\u00bb.vc_custom_1733127193376{margin-bottom: 3px !important;border-bottom-width: 3px !important;padding-bottom: 3px !important;}\u00bb][vc_custom_heading text=\u00bb\u00c1rea Energ\u00eda, Biodiversidad y Medioambiente\u00bb font_container=\u00bbtag:h2|text_align:left|color:%2337a642&#8243; google_fonts=\u00bbfont_family:Roboto%20Slab%3A100%2C300%2Cregular%2C700|font_style:700%20bold%20regular%3A700%3Anormal\u00bb css=\u00bb.vc_custom_1733127199060{margin-bottom: 3px !important;border-bottom-width: 3px !important;padding-bottom: 3px !important;}\u00bb][vc_custom_heading text=\u00bbCap\u00edtulo 01. Mar\u00eda del Carmen Ar\u00e9valo &#8211; Qu\u00edmica\u00bb font_container=\u00bbtag:h3|text_align:left|color:%2337a642&#8243; google_fonts=\u00bbfont_family:Roboto%20Slab%3A100%2C300%2Cregular%2C700|font_style:700%20bold%20regular%3A700%3Anormal\u00bb css=\u00bb.vc_custom_1733127214678{margin-bottom: 5px !important;border-bottom-width: 5px !important;padding-bottom: 5px !important;}\u00bb][vc_custom_heading text=\u00bbBiograf\u00eda\u00bb font_container=\u00bbtag:h4|text_align:left|color:%23535968&#8243; google_fonts=\u00bbfont_family:Roboto%20Slab%3A100%2C300%2Cregular%2C700|font_style:700%20bold%20regular%3A700%3Anormal\u00bb css=\u00bb.vc_custom_1733127221851{margin-bottom: 5px !important;border-bottom-width: 5px !important;padding-bottom: 5px !important;}\u00bb][vc_column_text css=\u00bb.vc_custom_1733127238254{margin-bottom: 5px !important;border-bottom-width: 5px !important;padding-bottom:...\" \/>\n<meta property=\"og:url\" content=\"https:\/\/www.ull.es\/portal\/cienciaull\/maria-del-carmen-arevalo-quimica\/\" \/>\n<meta property=\"article:publisher\" content=\"https:\/\/www.facebook.com\/CienciaULL\/\" \/>\n<meta property=\"article:modified_time\" content=\"2024-12-23T13:05:52+00:00\" \/>\n<meta name=\"twitter:card\" content=\"summary_large_image\" \/>\n<meta name=\"twitter:site\" content=\"@CienciaULL\" \/>\n<meta name=\"twitter:label1\" content=\"Tiempo de lectura\" \/>\n\t<meta name=\"twitter:data1\" content=\"4 minutos\" \/>\n<script type=\"application\/ld+json\" class=\"yoast-schema-graph\">{\"@context\":\"https:\/\/schema.org\",\"@graph\":[{\"@type\":\"WebPage\",\"@id\":\"https:\/\/www.ull.es\/portal\/cienciaull\/maria-del-carmen-arevalo-quimica\/\",\"url\":\"https:\/\/www.ull.es\/portal\/cienciaull\/maria-del-carmen-arevalo-quimica\/\",\"name\":\"Mar\u00eda del Carmen Ar\u00e9valo - Qu\u00edmica -\",\"isPartOf\":{\"@id\":\"https:\/\/www.ull.es\/portal\/cienciaull\/#website\"},\"datePublished\":\"2024-10-15T12:30:18+00:00\",\"dateModified\":\"2024-12-23T13:05:52+00:00\",\"breadcrumb\":{\"@id\":\"https:\/\/www.ull.es\/portal\/cienciaull\/maria-del-carmen-arevalo-quimica\/#breadcrumb\"},\"inLanguage\":\"es\",\"potentialAction\":[{\"@type\":\"ReadAction\",\"target\":[\"https:\/\/www.ull.es\/portal\/cienciaull\/maria-del-carmen-arevalo-quimica\/\"]}]},{\"@type\":\"BreadcrumbList\",\"@id\":\"https:\/\/www.ull.es\/portal\/cienciaull\/maria-del-carmen-arevalo-quimica\/#breadcrumb\",\"itemListElement\":[{\"@type\":\"ListItem\",\"position\":1,\"name\":\"Portada\",\"item\":\"https:\/\/www.ull.es\/portal\/cienciaull\/\"},{\"@type\":\"ListItem\",\"position\":2,\"name\":\"Mar\u00eda del Carmen Ar\u00e9valo &#8211; Qu\u00edmica\"}]},{\"@type\":\"WebSite\",\"@id\":\"https:\/\/www.ull.es\/portal\/cienciaull\/#website\",\"url\":\"https:\/\/www.ull.es\/portal\/cienciaull\/\",\"name\":\"\",\"description\":\"Unidad de Cultura Cient\u00edfica y de la Innovaci\u00f3n de la Universidad de La Laguna\",\"potentialAction\":[{\"@type\":\"SearchAction\",\"target\":{\"@type\":\"EntryPoint\",\"urlTemplate\":\"https:\/\/www.ull.es\/portal\/cienciaull\/?s={search_term_string}\"},\"query-input\":\"required name=search_term_string\"}],\"inLanguage\":\"es\"}]}<\/script>\n<!-- \/ Yoast SEO plugin. -->","yoast_head_json":{"title":"Mar\u00eda del Carmen Ar\u00e9valo - Qu\u00edmica -","robots":{"index":"index","follow":"follow","max-snippet":"max-snippet:-1","max-image-preview":"max-image-preview:large","max-video-preview":"max-video-preview:-1"},"canonical":"https:\/\/www.ull.es\/portal\/cienciaull\/maria-del-carmen-arevalo-quimica\/","og_locale":"es_ES","og_type":"article","og_title":"Mar\u00eda del Carmen Ar\u00e9valo - Qu\u00edmica -","og_description":"[vc_row][vc_column][vc_empty_space][\/vc_column][\/vc_row][vc_row][vc_column width=\u00bb2\/3&#8243;][vc_empty_space css=\u00bb.vc_custom_1733127193376{margin-bottom: 3px !important;border-bottom-width: 3px !important;padding-bottom: 3px !important;}\u00bb][vc_custom_heading text=\u00bb\u00c1rea Energ\u00eda, Biodiversidad y Medioambiente\u00bb font_container=\u00bbtag:h2|text_align:left|color:%2337a642&#8243; google_fonts=\u00bbfont_family:Roboto%20Slab%3A100%2C300%2Cregular%2C700|font_style:700%20bold%20regular%3A700%3Anormal\u00bb css=\u00bb.vc_custom_1733127199060{margin-bottom: 3px !important;border-bottom-width: 3px !important;padding-bottom: 3px !important;}\u00bb][vc_custom_heading text=\u00bbCap\u00edtulo 01. Mar\u00eda del Carmen Ar\u00e9valo &#8211; Qu\u00edmica\u00bb font_container=\u00bbtag:h3|text_align:left|color:%2337a642&#8243; google_fonts=\u00bbfont_family:Roboto%20Slab%3A100%2C300%2Cregular%2C700|font_style:700%20bold%20regular%3A700%3Anormal\u00bb css=\u00bb.vc_custom_1733127214678{margin-bottom: 5px !important;border-bottom-width: 5px !important;padding-bottom: 5px !important;}\u00bb][vc_custom_heading text=\u00bbBiograf\u00eda\u00bb font_container=\u00bbtag:h4|text_align:left|color:%23535968&#8243; google_fonts=\u00bbfont_family:Roboto%20Slab%3A100%2C300%2Cregular%2C700|font_style:700%20bold%20regular%3A700%3Anormal\u00bb css=\u00bb.vc_custom_1733127221851{margin-bottom: 5px !important;border-bottom-width: 5px !important;padding-bottom: 5px !important;}\u00bb][vc_column_text css=\u00bb.vc_custom_1733127238254{margin-bottom: 5px !important;border-bottom-width: 5px !important;padding-bottom:...","og_url":"https:\/\/www.ull.es\/portal\/cienciaull\/maria-del-carmen-arevalo-quimica\/","article_publisher":"https:\/\/www.facebook.com\/CienciaULL\/","article_modified_time":"2024-12-23T13:05:52+00:00","twitter_card":"summary_large_image","twitter_site":"@CienciaULL","twitter_misc":{"Tiempo de lectura":"4 minutos"},"schema":{"@context":"https:\/\/schema.org","@graph":[{"@type":"WebPage","@id":"https:\/\/www.ull.es\/portal\/cienciaull\/maria-del-carmen-arevalo-quimica\/","url":"https:\/\/www.ull.es\/portal\/cienciaull\/maria-del-carmen-arevalo-quimica\/","name":"Mar\u00eda del Carmen Ar\u00e9valo - Qu\u00edmica -","isPartOf":{"@id":"https:\/\/www.ull.es\/portal\/cienciaull\/#website"},"datePublished":"2024-10-15T12:30:18+00:00","dateModified":"2024-12-23T13:05:52+00:00","breadcrumb":{"@id":"https:\/\/www.ull.es\/portal\/cienciaull\/maria-del-carmen-arevalo-quimica\/#breadcrumb"},"inLanguage":"es","potentialAction":[{"@type":"ReadAction","target":["https:\/\/www.ull.es\/portal\/cienciaull\/maria-del-carmen-arevalo-quimica\/"]}]},{"@type":"BreadcrumbList","@id":"https:\/\/www.ull.es\/portal\/cienciaull\/maria-del-carmen-arevalo-quimica\/#breadcrumb","itemListElement":[{"@type":"ListItem","position":1,"name":"Portada","item":"https:\/\/www.ull.es\/portal\/cienciaull\/"},{"@type":"ListItem","position":2,"name":"Mar\u00eda del Carmen Ar\u00e9valo &#8211; Qu\u00edmica"}]},{"@type":"WebSite","@id":"https:\/\/www.ull.es\/portal\/cienciaull\/#website","url":"https:\/\/www.ull.es\/portal\/cienciaull\/","name":"","description":"Unidad de Cultura Cient\u00edfica y de la Innovaci\u00f3n de la Universidad de La Laguna","potentialAction":[{"@type":"SearchAction","target":{"@type":"EntryPoint","urlTemplate":"https:\/\/www.ull.es\/portal\/cienciaull\/?s={search_term_string}"},"query-input":"required name=search_term_string"}],"inLanguage":"es"}]}},"_links":{"self":[{"href":"https:\/\/www.ull.es\/portal\/cienciaull\/wp-json\/wp\/v2\/pages\/31599"}],"collection":[{"href":"https:\/\/www.ull.es\/portal\/cienciaull\/wp-json\/wp\/v2\/pages"}],"about":[{"href":"https:\/\/www.ull.es\/portal\/cienciaull\/wp-json\/wp\/v2\/types\/page"}],"author":[{"embeddable":true,"href":"https:\/\/www.ull.es\/portal\/cienciaull\/wp-json\/wp\/v2\/users\/56"}],"replies":[{"embeddable":true,"href":"https:\/\/www.ull.es\/portal\/cienciaull\/wp-json\/wp\/v2\/comments?post=31599"}],"version-history":[{"count":16,"href":"https:\/\/www.ull.es\/portal\/cienciaull\/wp-json\/wp\/v2\/pages\/31599\/revisions"}],"predecessor-version":[{"id":32588,"href":"https:\/\/www.ull.es\/portal\/cienciaull\/wp-json\/wp\/v2\/pages\/31599\/revisions\/32588"}],"wp:attachment":[{"href":"https:\/\/www.ull.es\/portal\/cienciaull\/wp-json\/wp\/v2\/media?parent=31599"}],"curies":[{"name":"wp","href":"https:\/\/api.w.org\/{rel}","templated":true}]}}