{"id":31670,"date":"2024-10-16T13:02:46","date_gmt":"2024-10-16T13:02:46","guid":{"rendered":"https:\/\/www.ull.es\/portal\/cienciaull\/?page_id=31670"},"modified":"2025-07-31T09:33:38","modified_gmt":"2025-07-31T09:33:38","slug":"angeles-camacho-ciencia-y-tecnologia","status":"publish","type":"page","link":"https:\/\/www.ull.es\/portal\/cienciaull\/angeles-camacho-ciencia-y-tecnologia\/","title":{"rendered":"\u00c1ngeles Camacho &#8211; Ciencia y Tecnolog\u00eda"},"content":{"rendered":"<p>[vc_row][vc_column][vc_empty_space]\n<div id=\"rev_slider_319_1_wrapper\" class=\"rev_slider_wrapper fullwidthbanner-container\" data-source=\"gallery\" style=\"margin:0px auto;background:transparent;padding:0px;margin-top:0px;margin-bottom:0px;\">\n<!-- START REVOLUTION SLIDER 5.4.7.3 fullwidth mode -->\n\t<div id=\"rev_slider_319_1\" class=\"rev_slider fullwidthabanner\" style=\"display:none;\" data-version=\"5.4.7.3\">\n<ul>\t<!-- SLIDE  -->\n\t<li data-index=\"rs-369\" data-transition=\"fade\" data-slotamount=\"default\" data-hideafterloop=\"0\" data-hideslideonmobile=\"off\"  data-easein=\"default\" data-easeout=\"default\" data-masterspeed=\"300\"  data-rotate=\"0\"  data-saveperformance=\"off\"  data-title=\"Slide\" data-param1=\"\" data-param2=\"\" data-param3=\"\" data-param4=\"\" data-param5=\"\" data-param6=\"\" data-param7=\"\" data-param8=\"\" data-param9=\"\" data-param10=\"\" data-description=\"\">\n\t\t<!-- MAIN IMAGE -->\n\t\t<img src=\"https:\/\/www.ull.es\/portal\/cienciaull\/wp-content\/uploads\/sites\/24\/2024\/12\/Todas-con-Cienci@ULL-V-Temporada-Banner-Ma-Angeles-Camacho.jpg\"  alt=\"\" title=\"[Todas con Cienci@ULL V Temporada] Banner M\u00aa \u00c1ngeles Camacho\"  width=\"1500\" height=\"500\" data-bgposition=\"center center\" data-bgfit=\"cover\" data-bgrepeat=\"no-repeat\" class=\"rev-slidebg\" data-no-retina>\n\t\t<!-- LAYERS -->\n\t<\/li>\n<\/ul>\n<div class=\"tp-bannertimer tp-bottom\" style=\"visibility: hidden !important;\"><\/div>\t<\/div>\n<script>var htmlDiv = document.getElementById(\"rs-plugin-settings-inline-css\"); var htmlDivCss=\"\";\r\n\t\t\t\tif(htmlDiv) {\r\n\t\t\t\t\thtmlDiv.innerHTML = htmlDiv.innerHTML + htmlDivCss;\r\n\t\t\t\t}else{\r\n\t\t\t\t\tvar htmlDiv = document.createElement(\"div\");\r\n\t\t\t\t\thtmlDiv.innerHTML = \"<style>\" + htmlDivCss + \"<\/style>\";\r\n\t\t\t\t\tdocument.getElementsByTagName(\"head\")[0].appendChild(htmlDiv.childNodes[0]);\r\n\t\t\t\t}\r\n\t\t\t<\/script>\n\t\t<script type=\"text\/javascript\">\r\nif (setREVStartSize!==undefined) setREVStartSize(\r\n\t{c: '#rev_slider_319_1', gridwidth: [1500], gridheight: [500], sliderLayout: 'auto'});\r\n\t\t\t\r\nvar revapi319,\r\n\ttpj;\t\r\n(function() {\t\t\t\r\n\tif (!\/loaded|interactive|complete\/.test(document.readyState)) document.addEventListener(\"DOMContentLoaded\",onLoad); else onLoad();\t\r\n\tfunction onLoad() {\t\t\t\t\r\n\t\tif (tpj===undefined) { tpj = jQuery; if(\"off\" == \"on\") tpj.noConflict();}\r\n\tif(tpj(\"#rev_slider_319_1\").revolution == undefined){\n\t\trevslider_showDoubleJqueryError(\"#rev_slider_319_1\");\n\t}else{\n\t\trevapi319 = tpj(\"#rev_slider_319_1\").show().revolution({\n\t\t\tsliderType:\"hero\",\n\t\t\tjsFileLocation:\"\/\/www.ull.es\/portal\/cienciaull\/wp-content\/plugins\/revslider\/public\/assets\/js\/\",\n\t\t\tsliderLayout:\"auto\",\n\t\t\tdottedOverlay:\"none\",\n\t\t\tdelay:9000,\n\t\t\tvisibilityLevels:[1240,1024,778,480],\n\t\t\tgridwidth:1500,\n\t\t\tgridheight:500,\n\t\t\tlazyType:\"none\",\n\t\t\tshadow:0,\n\t\t\tspinner:\"spinner0\",\n\t\t\tautoHeight:\"off\",\n\t\t\tdisableProgressBar:\"on\",\n\t\t\thideThumbsOnMobile:\"off\",\n\t\t\thideSliderAtLimit:0,\n\t\t\thideCaptionAtLimit:0,\n\t\t\thideAllCaptionAtLilmit:0,\n\t\t\tdebugMode:false,\n\t\t\tfallbacks: {\n\t\t\t\tsimplifyAll:\"off\",\n\t\t\t\tdisableFocusListener:false,\n\t\t\t}\n\t\t});\n\t}; \/* END OF revapi call *\/\n\t\n }; \/* END OF ON LOAD FUNCTION *\/\r\n}()); \/* END OF WRAPPING FUNCTION *\/\r\n<\/script>\r\n\t\t<\/div><!-- END REVOLUTION SLIDER -->[\/vc_column][\/vc_row][vc_row][vc_column width=\u00bb2\/3&#8243;][vc_empty_space css=\u00bb.vc_custom_1734953985992{margin-bottom: 3px !important;border-bottom-width: 3px !important;padding-bottom: 3px !important;}\u00bb][vc_custom_heading text=\u00bb\u00c1rea Ciencia y Tecnolog\u00eda\u00bb font_container=\u00bbtag:h2|text_align:left|color:%23ff8034&#8243; google_fonts=\u00bbfont_family:Roboto%20Slab%3A100%2C300%2Cregular%2C700|font_style:700%20bold%20regular%3A700%3Anormal\u00bb css=\u00bb.vc_custom_1734953994757{margin-bottom: 3px !important;border-bottom-width: 3px !important;padding-bottom: 3px !important;}\u00bb][vc_custom_heading text=\u00bbCap\u00edtulo 14. \u00c1ngeles Camacho &#8211; Ingeniera Agr\u00edcola\u00bb font_container=\u00bbtag:h3|text_align:left|color:%23ff8034&#8243; google_fonts=\u00bbfont_family:Roboto%20Slab%3A100%2C300%2Cregular%2C700|font_style:700%20bold%20regular%3A700%3Anormal\u00bb css=\u00bb.vc_custom_1753954417070{margin-bottom: 5px !important;border-bottom-width: 5px !important;padding-bottom: 5px !important;}\u00bb][vc_custom_heading text=\u00bb<strong>Biograf\u00eda<\/strong>\u00bb font_container=\u00bbtag:h4|text_align:left|color:%23535968&#8243; google_fonts=\u00bbfont_family:Roboto%20Slab%3A100%2C300%2Cregular%2C700|font_style:700%20bold%20regular%3A700%3Anormal\u00bb css=\u00bb.vc_custom_1734954011066{margin-bottom: 5px !important;border-bottom-width: 5px !important;padding-bottom: 5px !important;}\u00bb][vc_column_text css=\u00bb.vc_custom_1734954028839{margin-bottom: 5px !important;border-bottom-width: 5px !important;padding-bottom: 5px !important;}\u00bb]<\/p>\n<p style=\"text-align: justify\"><span style=\"font-weight: 400\">Profesora Titular del \u00c1rea de Producci\u00f3n Animal del Departamento de Ingenier\u00eda Agraria y del Medio Natural. Imparte docencia en el Grado de Ingenier\u00eda Agr\u00edcola y del Medio Rural. Actualmente, forma parte del grupo de investigaci\u00f3n BIVAREA (Biodigesti\u00f3n y Valorizaci\u00f3n de residuos agroalimentarios).<\/span><\/p>\n<p style=\"text-align: justify\"><span style=\"font-weight: 400\">Su inicio en la investigaci\u00f3n se produce con sus estudios de Doctorado, en el a\u00f1o 2000, con un trabajo orientado a la gesti\u00f3n del pastoreo en las islas. Una <\/span><span style=\"font-weight: 400\">l\u00ednea de investigaci\u00f3n \u201c<\/span><span style=\"font-weight: 400\">Gesti\u00f3n del pastoreo en los espacios protegidos de Canarias\u201d que se ha venido desarrollado a trav\u00e9s de convenios con los Cabildos insulares, y en la que sigue trabajando hoy en d\u00eda.<\/span><span style=\"font-weight: 400\">\u00a0<\/span><\/p>\n<p style=\"text-align: justify\"><span style=\"font-weight: 400\">No obstante, su labor investigadora m\u00e1s importante se inici\u00f3 en 2006 con la participaci\u00f3n en un proyecto nacional de investigaci\u00f3n financiado por el Instituto Nacional de Investigaciones Agrarias (INIA), bajo el que realiz\u00f3 su tesis doctoral <\/span><i><span style=\"font-weight: 400\">Caracterizaci\u00f3n de la calidad de la canal y de la carne de las razas ovinas canarias<\/span><\/i><span style=\"font-weight: 400\">. Un proyecto que fue posible gracias a la uni\u00f3n del Instituto Canario de Investigaciones Agrarias (ICIA), la Asociaci\u00f3n de Ovino canario de Pelo (OVICAN) y el \u00c1rea de Producci\u00f3n Animal de la ULL.\u00a0<\/span><\/p>\n<p style=\"text-align: justify\"><span style=\"font-weight: 400\">En 2012 form\u00f3 parte de un grupo de investigaci\u00f3n nacional al que le fue concedido un proyecto INIA enfocado al estudio de la \u201cCalidad de la canal y de la carne de ocho razas caprinas espa\u00f1olas\u201d. Un proyecto en el que participaron diferentes centros de investigaci\u00f3n y universidades espa\u00f1olas. Su trabajo en este proyecto se centr\u00f3 en el estudio de las razas caprinas canarias.<\/span><\/p>\n<p style=\"text-align: justify\"><span style=\"font-weight: 400\">Particip\u00f3 como investigadora en un proyecto europeo INTERRET MAC 2014-2020 sobre \u201cBiodigesti\u00f3n anaerobia de residuos ganaderos\u201d. Una l\u00ednea de estudio que se mantiene activa en el \u00c1rea de Producci\u00f3n Animal, permitiendo realizar trabajos de investigaci\u00f3n que se han traducido en diferentes publicaciones cient\u00edficas y trabajos de fin de grado.\u00a0<\/span><\/p>\n<p style=\"text-align: justify\"><span style=\"font-weight: 400\">Fruto de todo este trabajo, ha participado en diferentes Congresos y ha publicado art\u00edculos en revistas cient\u00edficas. Actualmente cuenta con dos sexenios activos de investigaci\u00f3n.\u00a0<\/span><\/p>\n<p style=\"text-align: justify\"><span style=\"font-weight: 400\">Su labor de investigaci\u00f3n la ha compaginado con la docencia y la gesti\u00f3n acad\u00e9mica. Ha sido secretaria de departamento y directora de la Secci\u00f3n de Ingenier\u00eda Agraria (2015-2019). Desde 2019 lleva la direcci\u00f3n de la C\u00e1tedra Cultural \u201cPedro Molina Ramos de Estudios Campesinos\u201d donde desarrolla trabajos de apoyo a la ganader\u00eda tradicional.<\/span><\/p>\n<p>[\/vc_column_text][vc_custom_heading text=\u00bb<strong>Departamento<\/strong>\u00bb font_container=\u00bbtag:h4|text_align:left|color:%23535968&#8243; google_fonts=\u00bbfont_family:Roboto%20Slab%3A100%2C300%2Cregular%2C700|font_style:700%20bold%20regular%3A700%3Anormal\u00bb css=\u00bb.vc_custom_1734954052938{margin-bottom: 5px !important;border-bottom-width: 5px !important;padding-bottom: 5px !important;}\u00bb][vc_column_text]<\/p>\n<ul>\n<li><a href=\"https:\/\/portalciencia.ull.es\/unidades\/5502\/detalle\" target=\"_blank\" rel=\"noopener\"><span style=\"font-weight: 400\">Ingenier\u00eda Agraria y del Medio Natural<\/span><\/a><\/li>\n<\/ul>\n<p>[\/vc_column_text][vc_custom_heading text=\u00bb<strong>L\u00edneas de investigaci\u00f3n<\/strong>\u00bb font_container=\u00bbtag:h4|text_align:left|color:%23535968&#8243; google_fonts=\u00bbfont_family:Roboto%20Slab%3A100%2C300%2Cregular%2C700|font_style:700%20bold%20regular%3A700%3Anormal\u00bb css=\u00bb.vc_custom_1734954045630{margin-bottom: 5px !important;border-bottom-width: 5px !important;padding-bottom: 5px !important;}\u00bb][vc_column_text]<\/p>\n<ul>\n<li style=\"font-weight: 400\"><span style=\"font-weight: 400\">Gesti\u00f3n del pastoreo en los espacios protegidos de Canarias<\/span><\/li>\n<li style=\"font-weight: 400\"><span style=\"font-weight: 400\">Caracterizaci\u00f3n de la calidad de la canal y de la carne de las razas ovinas canarias<\/span><\/li>\n<\/ul>\n<p>[\/vc_column_text][vc_custom_heading text=\u00bb<strong>Grupo de investigaci\u00f3n<\/strong>\u00bb font_container=\u00bbtag:h4|text_align:left|color:%23535968&#8243; google_fonts=\u00bbfont_family:Roboto%20Slab%3A100%2C300%2Cregular%2C700|font_style:700%20bold%20regular%3A700%3Anormal\u00bb css=\u00bb.vc_custom_1734954061234{margin-bottom: 5px !important;border-bottom-width: 5px !important;padding-bottom: 5px !important;}\u00bb][vc_column_text]<\/p>\n<ul>\n<li><a href=\"https:\/\/portalciencia.ull.es\/grupos\/6491\/detalle\" target=\"_blank\" rel=\"noopener\"><span style=\"font-weight: 400\">Biodigesti\u00f3n y valorizaci\u00f3n de residuos agroalimentarios (BIVAREA)<\/span><\/a><\/li>\n<\/ul>\n<p>[\/vc_column_text][\/vc_column][vc_column width=\u00bb1\/3&#8243;][vc_empty_space height=\u00bb135px\u00bb][vc_custom_heading text=\u00bb<strong>V\u00eddeo<\/strong>\u00bb font_container=\u00bbtag:h4|text_align:center|color:%23535968&#8243; google_fonts=\u00bbfont_family:Roboto%20Slab%3A100%2C300%2Cregular%2C700|font_style:700%20bold%20regular%3A700%3Anormal\u00bb css=\u00bb.vc_custom_1734954077118{margin-bottom: 5px !important;border-bottom-width: 5px !important;padding-bottom: 5px !important;}\u00bb][vc_video link=\u00bbhttps:\/\/www.youtube.com\/watch?v=QPUP5cA2T4U\u00bb][vc_btn title=\u00bbSerie Todas con Cienci@ULL\u00bb color=\u00bbsky\u00bb size=\u00bblg\u00bb align=\u00bbcenter\u00bb button_block=\u00bbtrue\u00bb css=\u00bb.vc_custom_1734075340947{margin-bottom: 3px !important;border-bottom-width: 3px !important;padding-bottom: 3px !important;}\u00bb link=\u00bburl:https%3A%2F%2Fwww.ull.es%2Fportal%2Fcienciaull%2F5a-temporada-todas-con-cienciull%2F|target:_blank\u00bb][vc_btn title=\u00bbProducci\u00f3n cient\u00edfica\u00bb color=\u00bbsuccess\u00bb size=\u00bblg\u00bb align=\u00bbcenter\u00bb button_block=\u00bbtrue\u00bb css=\u00bb.vc_custom_1734075381569{margin-bottom: 3px !important;border-bottom-width: 3px !important;padding-bottom: 3px !important;}\u00bb link=\u00bburl:https%3A%2F%2Fportalciencia.ull.es%2Finvestigadores%2F82050%2Fdetalle|target:_blank\u00bb][vc_btn title=\u00bbFiguras destacadas\u00bb color=\u00bborange\u00bb size=\u00bblg\u00bb align=\u00bbcenter\u00bb button_block=\u00bbtrue\u00bb css=\u00bb.vc_custom_1734075362378{margin-bottom: 3px !important;border-bottom-width: 3px !important;padding-bottom: 3px !important;}\u00bb link=\u00bburl:https%3A%2F%2Fwww.ull.es%2Fportal%2Fcienciaull%2Fcalendario-investigaull%2Ffigurasdesta_investigaull%2F|target:_blank\u00bb][\/vc_column][\/vc_row]<\/p>\n","protected":false},"excerpt":{"rendered":"<p>[vc_row][vc_column][vc_empty_space][\/vc_column][\/vc_row][vc_row][vc_column width=\u00bb2\/3&#8243;][vc_empty_space css=\u00bb.vc_custom_1734953985992{margin-bottom: 3px !important;border-bottom-width: 3px !important;padding-bottom: 3px !important;}\u00bb][vc_custom_heading text=\u00bb\u00c1rea Ciencia y Tecnolog\u00eda\u00bb font_container=\u00bbtag:h2|text_align:left|color:%23ff8034&#8243; google_fonts=\u00bbfont_family:Roboto%20Slab%3A100%2C300%2Cregular%2C700|font_style:700%20bold%20regular%3A700%3Anormal\u00bb css=\u00bb.vc_custom_1734953994757{margin-bottom: 3px !important;border-bottom-width: 3px !important;padding-bottom: 3px !important;}\u00bb][vc_custom_heading text=\u00bbCap\u00edtulo 14. \u00c1ngeles Camacho &#8211; Ingeniera Agr\u00edcola\u00bb font_container=\u00bbtag:h3|text_align:left|color:%23ff8034&#8243; google_fonts=\u00bbfont_family:Roboto%20Slab%3A100%2C300%2Cregular%2C700|font_style:700%20bold%20regular%3A700%3Anormal\u00bb css=\u00bb.vc_custom_1753954417070{margin-bottom: 5px !important;border-bottom-width: 5px !important;padding-bottom: 5px !important;}\u00bb][vc_custom_heading text=\u00bbBiograf\u00eda\u00bb font_container=\u00bbtag:h4|text_align:left|color:%23535968&#8243; google_fonts=\u00bbfont_family:Roboto%20Slab%3A100%2C300%2Cregular%2C700|font_style:700%20bold%20regular%3A700%3Anormal\u00bb css=\u00bb.vc_custom_1734954011066{margin-bottom: 5px !important;border-bottom-width: 5px !important;padding-bottom: 5px !important;}\u00bb][vc_column_text css=\u00bb.vc_custom_1734954028839{margin-bottom: 5px !important;border-bottom-width: 5px !important;padding-bottom: 5px !important;}\u00bb]&#8230;<\/p>\n","protected":false},"author":56,"featured_media":0,"parent":0,"menu_order":0,"comment_status":"closed","ping_status":"closed","template":"templates\/cienciaull.php","meta":{"inline_featured_image":false,"footnotes":""},"acf":[],"yoast_head":"<!-- This site is optimized with the Yoast SEO plugin v21.3 - https:\/\/yoast.com\/wordpress\/plugins\/seo\/ -->\n<title>\u00c1ngeles Camacho - Ciencia y Tecnolog\u00eda -<\/title>\n<meta name=\"robots\" content=\"index, follow, max-snippet:-1, max-image-preview:large, max-video-preview:-1\" \/>\n<link rel=\"canonical\" href=\"https:\/\/www.ull.es\/portal\/cienciaull\/angeles-camacho-ciencia-y-tecnologia\/\" \/>\n<meta property=\"og:locale\" content=\"es_ES\" \/>\n<meta property=\"og:type\" content=\"article\" \/>\n<meta property=\"og:title\" content=\"\u00c1ngeles Camacho - Ciencia y Tecnolog\u00eda -\" \/>\n<meta property=\"og:description\" content=\"[vc_row][vc_column][vc_empty_space][\/vc_column][\/vc_row][vc_row][vc_column width=\u00bb2\/3&#8243;][vc_empty_space css=\u00bb.vc_custom_1734953985992{margin-bottom: 3px !important;border-bottom-width: 3px !important;padding-bottom: 3px !important;}\u00bb][vc_custom_heading text=\u00bb\u00c1rea Ciencia y Tecnolog\u00eda\u00bb font_container=\u00bbtag:h2|text_align:left|color:%23ff8034&#8243; google_fonts=\u00bbfont_family:Roboto%20Slab%3A100%2C300%2Cregular%2C700|font_style:700%20bold%20regular%3A700%3Anormal\u00bb css=\u00bb.vc_custom_1734953994757{margin-bottom: 3px !important;border-bottom-width: 3px !important;padding-bottom: 3px !important;}\u00bb][vc_custom_heading text=\u00bbCap\u00edtulo 14. \u00c1ngeles Camacho &#8211; Ingeniera Agr\u00edcola\u00bb font_container=\u00bbtag:h3|text_align:left|color:%23ff8034&#8243; google_fonts=\u00bbfont_family:Roboto%20Slab%3A100%2C300%2Cregular%2C700|font_style:700%20bold%20regular%3A700%3Anormal\u00bb css=\u00bb.vc_custom_1753954417070{margin-bottom: 5px !important;border-bottom-width: 5px !important;padding-bottom: 5px !important;}\u00bb][vc_custom_heading text=\u00bbBiograf\u00eda\u00bb font_container=\u00bbtag:h4|text_align:left|color:%23535968&#8243; google_fonts=\u00bbfont_family:Roboto%20Slab%3A100%2C300%2Cregular%2C700|font_style:700%20bold%20regular%3A700%3Anormal\u00bb css=\u00bb.vc_custom_1734954011066{margin-bottom: 5px !important;border-bottom-width: 5px !important;padding-bottom: 5px !important;}\u00bb][vc_column_text css=\u00bb.vc_custom_1734954028839{margin-bottom: 5px !important;border-bottom-width: 5px !important;padding-bottom: 5px !important;}\u00bb]...\" \/>\n<meta property=\"og:url\" content=\"https:\/\/www.ull.es\/portal\/cienciaull\/angeles-camacho-ciencia-y-tecnologia\/\" \/>\n<meta property=\"article:publisher\" content=\"https:\/\/www.facebook.com\/CienciaULL\/\" \/>\n<meta property=\"article:modified_time\" content=\"2025-07-31T09:33:38+00:00\" \/>\n<meta name=\"twitter:card\" content=\"summary_large_image\" \/>\n<meta name=\"twitter:site\" content=\"@CienciaULL\" \/>\n<meta name=\"twitter:label1\" content=\"Tiempo de lectura\" \/>\n\t<meta name=\"twitter:data1\" content=\"3 minutos\" \/>\n<script type=\"application\/ld+json\" class=\"yoast-schema-graph\">{\"@context\":\"https:\/\/schema.org\",\"@graph\":[{\"@type\":\"WebPage\",\"@id\":\"https:\/\/www.ull.es\/portal\/cienciaull\/angeles-camacho-ciencia-y-tecnologia\/\",\"url\":\"https:\/\/www.ull.es\/portal\/cienciaull\/angeles-camacho-ciencia-y-tecnologia\/\",\"name\":\"\u00c1ngeles Camacho - Ciencia y Tecnolog\u00eda -\",\"isPartOf\":{\"@id\":\"https:\/\/www.ull.es\/portal\/cienciaull\/#website\"},\"datePublished\":\"2024-10-16T13:02:46+00:00\",\"dateModified\":\"2025-07-31T09:33:38+00:00\",\"breadcrumb\":{\"@id\":\"https:\/\/www.ull.es\/portal\/cienciaull\/angeles-camacho-ciencia-y-tecnologia\/#breadcrumb\"},\"inLanguage\":\"es\",\"potentialAction\":[{\"@type\":\"ReadAction\",\"target\":[\"https:\/\/www.ull.es\/portal\/cienciaull\/angeles-camacho-ciencia-y-tecnologia\/\"]}]},{\"@type\":\"BreadcrumbList\",\"@id\":\"https:\/\/www.ull.es\/portal\/cienciaull\/angeles-camacho-ciencia-y-tecnologia\/#breadcrumb\",\"itemListElement\":[{\"@type\":\"ListItem\",\"position\":1,\"name\":\"Portada\",\"item\":\"https:\/\/www.ull.es\/portal\/cienciaull\/\"},{\"@type\":\"ListItem\",\"position\":2,\"name\":\"\u00c1ngeles Camacho &#8211; Ciencia y Tecnolog\u00eda\"}]},{\"@type\":\"WebSite\",\"@id\":\"https:\/\/www.ull.es\/portal\/cienciaull\/#website\",\"url\":\"https:\/\/www.ull.es\/portal\/cienciaull\/\",\"name\":\"\",\"description\":\"Unidad de Cultura Cient\u00edfica y de la Innovaci\u00f3n de la Universidad de La Laguna\",\"potentialAction\":[{\"@type\":\"SearchAction\",\"target\":{\"@type\":\"EntryPoint\",\"urlTemplate\":\"https:\/\/www.ull.es\/portal\/cienciaull\/?s={search_term_string}\"},\"query-input\":\"required name=search_term_string\"}],\"inLanguage\":\"es\"}]}<\/script>\n<!-- \/ Yoast SEO plugin. -->","yoast_head_json":{"title":"\u00c1ngeles Camacho - Ciencia y Tecnolog\u00eda -","robots":{"index":"index","follow":"follow","max-snippet":"max-snippet:-1","max-image-preview":"max-image-preview:large","max-video-preview":"max-video-preview:-1"},"canonical":"https:\/\/www.ull.es\/portal\/cienciaull\/angeles-camacho-ciencia-y-tecnologia\/","og_locale":"es_ES","og_type":"article","og_title":"\u00c1ngeles Camacho - Ciencia y Tecnolog\u00eda -","og_description":"[vc_row][vc_column][vc_empty_space][\/vc_column][\/vc_row][vc_row][vc_column width=\u00bb2\/3&#8243;][vc_empty_space css=\u00bb.vc_custom_1734953985992{margin-bottom: 3px !important;border-bottom-width: 3px !important;padding-bottom: 3px !important;}\u00bb][vc_custom_heading text=\u00bb\u00c1rea Ciencia y Tecnolog\u00eda\u00bb font_container=\u00bbtag:h2|text_align:left|color:%23ff8034&#8243; google_fonts=\u00bbfont_family:Roboto%20Slab%3A100%2C300%2Cregular%2C700|font_style:700%20bold%20regular%3A700%3Anormal\u00bb css=\u00bb.vc_custom_1734953994757{margin-bottom: 3px !important;border-bottom-width: 3px !important;padding-bottom: 3px !important;}\u00bb][vc_custom_heading text=\u00bbCap\u00edtulo 14. \u00c1ngeles Camacho &#8211; Ingeniera Agr\u00edcola\u00bb font_container=\u00bbtag:h3|text_align:left|color:%23ff8034&#8243; google_fonts=\u00bbfont_family:Roboto%20Slab%3A100%2C300%2Cregular%2C700|font_style:700%20bold%20regular%3A700%3Anormal\u00bb css=\u00bb.vc_custom_1753954417070{margin-bottom: 5px !important;border-bottom-width: 5px !important;padding-bottom: 5px !important;}\u00bb][vc_custom_heading text=\u00bbBiograf\u00eda\u00bb font_container=\u00bbtag:h4|text_align:left|color:%23535968&#8243; google_fonts=\u00bbfont_family:Roboto%20Slab%3A100%2C300%2Cregular%2C700|font_style:700%20bold%20regular%3A700%3Anormal\u00bb css=\u00bb.vc_custom_1734954011066{margin-bottom: 5px !important;border-bottom-width: 5px !important;padding-bottom: 5px !important;}\u00bb][vc_column_text css=\u00bb.vc_custom_1734954028839{margin-bottom: 5px !important;border-bottom-width: 5px !important;padding-bottom: 5px !important;}\u00bb]...","og_url":"https:\/\/www.ull.es\/portal\/cienciaull\/angeles-camacho-ciencia-y-tecnologia\/","article_publisher":"https:\/\/www.facebook.com\/CienciaULL\/","article_modified_time":"2025-07-31T09:33:38+00:00","twitter_card":"summary_large_image","twitter_site":"@CienciaULL","twitter_misc":{"Tiempo de lectura":"3 minutos"},"schema":{"@context":"https:\/\/schema.org","@graph":[{"@type":"WebPage","@id":"https:\/\/www.ull.es\/portal\/cienciaull\/angeles-camacho-ciencia-y-tecnologia\/","url":"https:\/\/www.ull.es\/portal\/cienciaull\/angeles-camacho-ciencia-y-tecnologia\/","name":"\u00c1ngeles Camacho - Ciencia y Tecnolog\u00eda -","isPartOf":{"@id":"https:\/\/www.ull.es\/portal\/cienciaull\/#website"},"datePublished":"2024-10-16T13:02:46+00:00","dateModified":"2025-07-31T09:33:38+00:00","breadcrumb":{"@id":"https:\/\/www.ull.es\/portal\/cienciaull\/angeles-camacho-ciencia-y-tecnologia\/#breadcrumb"},"inLanguage":"es","potentialAction":[{"@type":"ReadAction","target":["https:\/\/www.ull.es\/portal\/cienciaull\/angeles-camacho-ciencia-y-tecnologia\/"]}]},{"@type":"BreadcrumbList","@id":"https:\/\/www.ull.es\/portal\/cienciaull\/angeles-camacho-ciencia-y-tecnologia\/#breadcrumb","itemListElement":[{"@type":"ListItem","position":1,"name":"Portada","item":"https:\/\/www.ull.es\/portal\/cienciaull\/"},{"@type":"ListItem","position":2,"name":"\u00c1ngeles Camacho &#8211; Ciencia y Tecnolog\u00eda"}]},{"@type":"WebSite","@id":"https:\/\/www.ull.es\/portal\/cienciaull\/#website","url":"https:\/\/www.ull.es\/portal\/cienciaull\/","name":"","description":"Unidad de Cultura Cient\u00edfica y de la Innovaci\u00f3n de la Universidad de La Laguna","potentialAction":[{"@type":"SearchAction","target":{"@type":"EntryPoint","urlTemplate":"https:\/\/www.ull.es\/portal\/cienciaull\/?s={search_term_string}"},"query-input":"required name=search_term_string"}],"inLanguage":"es"}]}},"_links":{"self":[{"href":"https:\/\/www.ull.es\/portal\/cienciaull\/wp-json\/wp\/v2\/pages\/31670"}],"collection":[{"href":"https:\/\/www.ull.es\/portal\/cienciaull\/wp-json\/wp\/v2\/pages"}],"about":[{"href":"https:\/\/www.ull.es\/portal\/cienciaull\/wp-json\/wp\/v2\/types\/page"}],"author":[{"embeddable":true,"href":"https:\/\/www.ull.es\/portal\/cienciaull\/wp-json\/wp\/v2\/users\/56"}],"replies":[{"embeddable":true,"href":"https:\/\/www.ull.es\/portal\/cienciaull\/wp-json\/wp\/v2\/comments?post=31670"}],"version-history":[{"count":7,"href":"https:\/\/www.ull.es\/portal\/cienciaull\/wp-json\/wp\/v2\/pages\/31670\/revisions"}],"predecessor-version":[{"id":31673,"href":"https:\/\/www.ull.es\/portal\/cienciaull\/wp-json\/wp\/v2\/pages\/31670\/revisions\/31673"}],"wp:attachment":[{"href":"https:\/\/www.ull.es\/portal\/cienciaull\/wp-json\/wp\/v2\/media?parent=31670"}],"curies":[{"name":"wp","href":"https:\/\/api.w.org\/{rel}","templated":true}]}}