{"id":31678,"date":"2024-10-16T13:06:38","date_gmt":"2024-10-16T13:06:38","guid":{"rendered":"https:\/\/www.ull.es\/portal\/cienciaull\/?page_id=31678"},"modified":"2025-07-31T09:34:53","modified_gmt":"2025-07-31T09:34:53","slug":"dulce-cairos-arte-y-humanidades-2","status":"publish","type":"page","link":"https:\/\/www.ull.es\/portal\/cienciaull\/dulce-cairos-arte-y-humanidades-2\/","title":{"rendered":"Dulce Mar\u00eda Cair\u00f3s &#8211; Arte y Humanidades"},"content":{"rendered":"<p>[vc_row][vc_column][vc_empty_space]\n<div id=\"rev_slider_318_1_wrapper\" class=\"rev_slider_wrapper fullwidthbanner-container\" data-source=\"gallery\" style=\"margin:0px auto;background:transparent;padding:0px;margin-top:0px;margin-bottom:0px;\">\n<!-- START REVOLUTION SLIDER 5.4.7.3 fullwidth mode -->\n\t<div id=\"rev_slider_318_1\" class=\"rev_slider fullwidthabanner\" style=\"display:none;\" data-version=\"5.4.7.3\">\n<ul>\t<!-- SLIDE  -->\n\t<li data-index=\"rs-368\" data-transition=\"fade\" data-slotamount=\"default\" data-hideafterloop=\"0\" data-hideslideonmobile=\"off\"  data-easein=\"default\" data-easeout=\"default\" data-masterspeed=\"300\"  data-rotate=\"0\"  data-saveperformance=\"off\"  data-title=\"Slide\" data-param1=\"\" data-param2=\"\" data-param3=\"\" data-param4=\"\" data-param5=\"\" data-param6=\"\" data-param7=\"\" data-param8=\"\" data-param9=\"\" data-param10=\"\" data-description=\"\">\n\t\t<!-- MAIN IMAGE -->\n\t\t<img src=\"https:\/\/www.ull.es\/portal\/cienciaull\/wp-content\/uploads\/sites\/24\/2024\/12\/Todas-con-Cienci@ULL-V-Temporada-Banner-Dulce-Cairos.jpg\"  alt=\"\" title=\"[Todas con Cienci@ULL V Temporada] Banner Dulce Cair\u00f3s\"  width=\"1500\" height=\"500\" data-bgposition=\"center center\" data-bgfit=\"cover\" data-bgrepeat=\"no-repeat\" class=\"rev-slidebg\" data-no-retina>\n\t\t<!-- LAYERS -->\n\t<\/li>\n<\/ul>\n<div class=\"tp-bannertimer tp-bottom\" style=\"visibility: hidden !important;\"><\/div>\t<\/div>\n<script>var htmlDiv = document.getElementById(\"rs-plugin-settings-inline-css\"); var htmlDivCss=\"\";\r\n\t\t\t\tif(htmlDiv) {\r\n\t\t\t\t\thtmlDiv.innerHTML = htmlDiv.innerHTML + htmlDivCss;\r\n\t\t\t\t}else{\r\n\t\t\t\t\tvar htmlDiv = document.createElement(\"div\");\r\n\t\t\t\t\thtmlDiv.innerHTML = \"<style>\" + htmlDivCss + \"<\/style>\";\r\n\t\t\t\t\tdocument.getElementsByTagName(\"head\")[0].appendChild(htmlDiv.childNodes[0]);\r\n\t\t\t\t}\r\n\t\t\t<\/script>\n\t\t<script type=\"text\/javascript\">\r\nif (setREVStartSize!==undefined) setREVStartSize(\r\n\t{c: '#rev_slider_318_1', gridwidth: [1500], gridheight: [500], sliderLayout: 'auto'});\r\n\t\t\t\r\nvar revapi318,\r\n\ttpj;\t\r\n(function() {\t\t\t\r\n\tif (!\/loaded|interactive|complete\/.test(document.readyState)) document.addEventListener(\"DOMContentLoaded\",onLoad); else onLoad();\t\r\n\tfunction onLoad() {\t\t\t\t\r\n\t\tif (tpj===undefined) { tpj = jQuery; if(\"off\" == \"on\") tpj.noConflict();}\r\n\tif(tpj(\"#rev_slider_318_1\").revolution == undefined){\n\t\trevslider_showDoubleJqueryError(\"#rev_slider_318_1\");\n\t}else{\n\t\trevapi318 = tpj(\"#rev_slider_318_1\").show().revolution({\n\t\t\tsliderType:\"hero\",\n\t\t\tjsFileLocation:\"\/\/www.ull.es\/portal\/cienciaull\/wp-content\/plugins\/revslider\/public\/assets\/js\/\",\n\t\t\tsliderLayout:\"auto\",\n\t\t\tdottedOverlay:\"none\",\n\t\t\tdelay:9000,\n\t\t\tvisibilityLevels:[1240,1024,778,480],\n\t\t\tgridwidth:1500,\n\t\t\tgridheight:500,\n\t\t\tlazyType:\"none\",\n\t\t\tshadow:0,\n\t\t\tspinner:\"spinner0\",\n\t\t\tautoHeight:\"off\",\n\t\t\tdisableProgressBar:\"on\",\n\t\t\thideThumbsOnMobile:\"off\",\n\t\t\thideSliderAtLimit:0,\n\t\t\thideCaptionAtLimit:0,\n\t\t\thideAllCaptionAtLilmit:0,\n\t\t\tdebugMode:false,\n\t\t\tfallbacks: {\n\t\t\t\tsimplifyAll:\"off\",\n\t\t\t\tdisableFocusListener:false,\n\t\t\t}\n\t\t});\n\t}; \/* END OF revapi call *\/\n\t\n }; \/* END OF ON LOAD FUNCTION *\/\r\n}()); \/* END OF WRAPPING FUNCTION *\/\r\n<\/script>\r\n\t\t<\/div><!-- END REVOLUTION SLIDER -->[\/vc_column][\/vc_row][vc_row][vc_column width=\u00bb2\/3&#8243;][vc_empty_space css=\u00bb.vc_custom_1734952243285{margin-bottom: 3px !important;border-bottom-width: 3px !important;padding-bottom: 3px !important;}\u00bb][vc_custom_heading text=\u00bb\u00c1rea Arte y Humanidades\u00bb font_container=\u00bbtag:h2|text_align:left|color:%238d4b93&#8243; google_fonts=\u00bbfont_family:Roboto%20Slab%3A100%2C300%2Cregular%2C700|font_style:700%20bold%20regular%3A700%3Anormal\u00bb css=\u00bb.vc_custom_1734952251382{margin-bottom: 3px !important;border-bottom-width: 3px !important;padding-bottom: 3px !important;}\u00bb][vc_custom_heading text=\u00bbCap\u00edtulo 16. Dulce Mar\u00eda Cair\u00f3s Barreto &#8211; Jurista\u00bb font_container=\u00bbtag:h3|text_align:left|color:%238d4b93&#8243; google_fonts=\u00bbfont_family:Roboto%20Slab%3A100%2C300%2Cregular%2C700|font_style:700%20bold%20regular%3A700%3Anormal\u00bb css=\u00bb.vc_custom_1753954491516{margin-bottom: 5px !important;border-bottom-width: 5px !important;padding-bottom: 5px !important;}\u00bb][vc_custom_heading text=\u00bb<strong>Biograf\u00eda<\/strong>\u00bb font_container=\u00bbtag:h4|text_align:left|color:%23535968&#8243; google_fonts=\u00bbfont_family:Roboto%20Slab%3A100%2C300%2Cregular%2C700|font_style:700%20bold%20regular%3A700%3Anormal\u00bb css=\u00bb.vc_custom_1734952266474{margin-bottom: 5px !important;border-bottom-width: 5px !important;padding-bottom: 5px !important;}\u00bb][vc_column_text css=\u00bb.vc_custom_1736434753864{margin-bottom: 5px !important;border-bottom-width: 5px !important;padding-bottom: 5px !important;}\u00bb]<\/p>\n<p style=\"text-align: justify\"><span style=\"font-weight: 400\">Es Profesora Titular de Derecho del Trabajo y de la Seguridad Social en la Universidad de La Laguna (ULL), donde realiz\u00f3 sus estudios de Licenciatura en Derecho (1989-1994) y Doctora en Derecho (2001). Obtuvo beca de investigaci\u00f3n FPI del Ministerio de Educaci\u00f3n y Ciencia (MEC) en el perIodo 1996-1998, renunciando a tal beca de investigaci\u00f3n para incorporarse a la carrera docente en el \u00c1rea de Derecho del Trabajo y de la Seguridad Social como Profesora Asociada en 1998. Durante sus primeros a\u00f1os en la ULL realiz\u00f3 estancias predoctorales en la Universidad de Bolonia (1996) y Saint. \u00c9tienne (1997). Y tras la obtenci\u00f3n del Grado de Doctora realiz\u00f3 estancias en la Organizaci\u00f3n Internacional del Trabajo en Ginebra (2003) y en las Universidades de Salamanca (2004) y Oxford (2005). En 2005 toma posesi\u00f3n como Profesora Contratada Doctora y en 2009 pasa a ocupar la plaza de Profesora Titular de Universidad de la ULL. En 2024 obtiene la acreditaci\u00f3n como Catedr\u00e1tica de Universidad.\u00a0<\/span><\/p>\n<p style=\"text-align: justify\"><span style=\"font-weight: 400\">Sus l\u00edneas de investigaci\u00f3n han partido del Derecho Individual del Trabajo (caracter\u00edsticas identificadoras del contrato de trabajo y distinci\u00f3n de figuras afines, contratas, tiempo de trabajo, salud laboral, principio de igualdad y no discriminaci\u00f3n) y se han extendido al Derecho de la Seguridad Social (sostenibilidad), al Derecho Colectivo del Trabajo (representaci\u00f3n de trabajadores, mayor representatividad empresarial y negociaci\u00f3n colectiva), al Derecho Internacional del Trabajo y a la Pol\u00edtica Social Europea. Tiene m\u00e1s de 100 publicaciones acad\u00e9micas de investigaci\u00f3n, incluyendo monograf\u00edas, art\u00edculos, cap\u00edtulos de libros y comentarios de jurisprudencia. Adem\u00e1s, tiene una amplia trayectoria con rese\u00f1as de bibliograf\u00eda anglosajona y en la revisi\u00f3n de art\u00edculos para revistas jur\u00eddicas espa\u00f1olas e internacionales. Ha participado en m\u00e1s de 10 proyectos de investigaci\u00f3n de \u00e1mbito auton\u00f3mico y nacional y ha dirigido dos proyectos del Plan Nacional de Investigaci\u00f3n. Ha dirigido dos tesis doctorales, 31 Trabajos de Fin de M\u00e1ster y cuenta con 3 sexenios de investigaci\u00f3n. Ha participado en m\u00e1s de 74 congresos, seminarios y jornadas de car\u00e1cter nacional e internacional.<\/span><\/p>\n<p style=\"text-align: justify\"><span style=\"font-weight: 400\">Ha impartido docencia en todas las asignaturas del \u00c1rea de Derecho del Trabajo y de la Seguridad Social, donde acredita m\u00e1s de 5000 horas de docencia en licenciatura, diplomatura, grado, posgrado y doctorado: Derecho del Trabajo, Derecho Sindical, Derecho Laboral, Derecho de la Seguridad Social I y II, Prevenci\u00f3n de Riesgos Laborales y Proceso Laboral en la Licenciatura en Derecho, la Ingenier\u00eda T\u00e9cnica Industrial, especialidad Electr\u00f3nica Industrial y las Diplomaturas en Relaciones Laborales, Trabajo Social, Ciencias Empresariales y Turismo de la ULL, as\u00ed como en los Grados en Derecho, Relaciones Laborales e Ingenier\u00eda Qu\u00edmica. Asimismo, ha impartido docencia en el M\u00e1ster Universitario en Prevenci\u00f3n de Riesgos Laborales, en el M\u00e1ster Universitario en Abogac\u00eda y en el M\u00e1ster Universitario en Direcci\u00f3n de Recursos. Tambi\u00e9n particip\u00f3 en la docencia en el Programa de Doctorado sobre Soluci\u00f3n Extrajudicial de Conflictos de Trabajo. Cuenta con cinco publicaciones docentes, ha dirigido cuatro proyectos de innovaci\u00f3n docente y ha participado en seis m\u00e1s. Cuenta con cinco quinquenios de investigaci\u00f3n y tres acreditaciones positivas del Programa Docentia.<\/span><\/p>\n<p style=\"text-align: justify\"><span style=\"font-weight: 400\">Ha ocupado los siguientes cargos de gesti\u00f3n de car\u00e1cter estatutario en la ULL: desempe\u00f1\u00f3 el cargo de Vicesecretaria General desde enero de 2003 hasta julio de 2004. Fue designada directora de Secretariado de las Pruebas de Acceso a la Universidad desde febrero de 2006 hasta junio de 2007. Con posterioridad, desempe\u00f1\u00f3 el cargo de Coordinadora de Calidad de la Facultad de Derecho de la Universidad de La Laguna desde junio de 2008 hasta abril de 2010.\u00a0<\/span><\/p>\n<p style=\"text-align: justify\"><span style=\"font-weight: 400\">Desempe\u00f1\u00f3 el cargo de Secretaria General de la ULL desde junio de 2015 hasta junio de 2019; Presidenta de la Comisi\u00f3n Electoral General de la ULL desde junio de 2021 hasta julio de 2022. Actualmente, ocupa el cargo de Decana de la Facultad de Derecho de la ULL desde septiembre de 2022.\u00a0<\/span><\/p>\n<p style=\"text-align: justify\"><span style=\"font-weight: 400\">Adem\u00e1s, como ocupaciones de gesti\u00f3n asimiladas, ha desempe\u00f1ado el puesto de directora del M\u00e1ster Universitario en Prevenci\u00f3n de Riesgos Laborales desde el curso 2010-2011 hasta el curso 2013-2014; pertenece a la Comisi\u00f3n Acad\u00e9mica del M\u00e1ster en Direcci\u00f3n de Recursos Humanos de la ULL desde 2015 y a la Comisi\u00f3n Acad\u00e9mica del M\u00e1ster de Abogac\u00eda y Procura desde febrero de 2024. Tambi\u00e9n pertenece a la Comisi\u00f3n Acad\u00e9mica del Programa de Doctorado en Desarrollo Regional desde 2019 y a la Comisi\u00f3n Acad\u00e9mica del Doctorado en Derecho desde 2023.<\/span><\/p>\n<p style=\"text-align: justify\"><span style=\"font-weight: 400\">Fuera de la universidad, ha sido designada \u00c1rbitro para los procesos de elecci\u00f3n de representantes de los trabajadores en las empresas y de los funcionarios en las Administraciones P\u00fablicas, puesto que ha desempe\u00f1ado desde 2003 a 2017.\u00a0 <\/span><\/p>\n<p>[\/vc_column_text][vc_custom_heading text=\u00bb<strong>Departamento<\/strong>\u00bb font_container=\u00bbtag:h4|text_align:left|color:%23535968&#8243; google_fonts=\u00bbfont_family:Roboto%20Slab%3A100%2C300%2Cregular%2C700|font_style:700%20bold%20regular%3A700%3Anormal\u00bb css=\u00bb.vc_custom_1734952296924{margin-bottom: 5px !important;border-bottom-width: 5px !important;padding-bottom: 5px !important;}\u00bb][vc_column_text]<\/p>\n<ul>\n<li><a href=\"https:\/\/portalciencia.ull.es\/unidades\/2920\/detalle\" target=\"_blank\" rel=\"noopener\">Derecho P\u00fablico y Privado Especial y Derecho de la Empresa<\/a><\/li>\n<\/ul>\n<p>[\/vc_column_text][vc_custom_heading text=\u00bb<strong>L\u00edneas de investigaci\u00f3n<\/strong>\u00bb font_container=\u00bbtag:h4|text_align:left|color:%23535968&#8243; google_fonts=\u00bbfont_family:Roboto%20Slab%3A100%2C300%2Cregular%2C700|font_style:700%20bold%20regular%3A700%3Anormal\u00bb css=\u00bb.vc_custom_1734952304745{margin-bottom: 5px !important;border-bottom-width: 5px !important;padding-bottom: 5px !important;}\u00bb][vc_column_text]<\/p>\n<ul>\n<li style=\"text-align: justify\"><span style=\"font-weight: 400\">Derecho Individual del Trabajo<\/span><\/li>\n<li style=\"text-align: justify\"><span style=\"font-weight: 400\">Derecho de la Seguridad Social<\/span><\/li>\n<li style=\"text-align: justify\"><span style=\"font-weight: 400\">Derecho Colectivo del Trabajo<\/span><\/li>\n<li style=\"text-align: justify\"><span style=\"font-weight: 400\">Derecho Internacional del Trabajo y a la Pol\u00edtica Social Europea<\/span><\/li>\n<\/ul>\n<p>[\/vc_column_text][vc_custom_heading text=\u00bb<strong>Grupo de investigaci\u00f3n<\/strong>\u00bb font_container=\u00bbtag:h4|text_align:left|color:%23535968&#8243; google_fonts=\u00bbfont_family:Roboto%20Slab%3A100%2C300%2Cregular%2C700|font_style:700%20bold%20regular%3A700%3Anormal\u00bb css=\u00bb.vc_custom_1734952312809{margin-bottom: 5px !important;border-bottom-width: 5px !important;padding-bottom: 5px !important;}\u00bb][vc_column_text]<\/p>\n<ul>\n<li><a href=\"https:\/\/portalciencia.ull.es\/grupos\/64134\/detalle\" target=\"_blank\" rel=\"noopener\">Derecho, digitalizaci\u00f3n y estado del bienestar<\/a><\/li>\n<li><a href=\"https:\/\/portalciencia.ull.es\/grupos\/6555\/detalle\" target=\"_blank\" rel=\"noopener\">Derecho del Trabajo y de la Seguridad Social, IUSLABOR-ULL<\/a><\/li>\n<\/ul>\n<p>[\/vc_column_text][\/vc_column][vc_column width=\u00bb1\/3&#8243;][vc_empty_space height=\u00bb135px\u00bb][vc_custom_heading text=\u00bb<strong>V\u00eddeo<\/strong>\u00bb font_container=\u00bbtag:h4|text_align:center|color:%23535968&#8243; google_fonts=\u00bbfont_family:Roboto%20Slab%3A100%2C300%2Cregular%2C700|font_style:700%20bold%20regular%3A700%3Anormal\u00bb css=\u00bb.vc_custom_1734952375218{margin-bottom: 5px !important;border-bottom-width: 5px !important;padding-bottom: 5px !important;}\u00bb][vc_video link=\u00bbhttps:\/\/youtu.be\/Lr76cvLi8hs\u00bb][vc_empty_space][vc_btn title=\u00bbSerie Todas con Cienci@ULL\u00bb color=\u00bbviolet\u00bb size=\u00bblg\u00bb align=\u00bbcenter\u00bb button_block=\u00bbtrue\u00bb css=\u00bb.vc_custom_1734520591080{margin-bottom: 3px !important;border-bottom-width: 3px !important;padding-bottom: 3px !important;}\u00bb link=\u00bburl:https%3A%2F%2Fwww.ull.es%2Fportal%2Fcienciaull%2F5a-temporada-todas-con-cienciull%2F|target:_blank\u00bb][vc_btn title=\u00bbProducci\u00f3n cient\u00edfica\u00bb color=\u00bbgreen\u00bb size=\u00bblg\u00bb align=\u00bbcenter\u00bb button_block=\u00bbtrue\u00bb css=\u00bb.vc_custom_1734520603493{margin-bottom: 3px !important;border-bottom-width: 3px !important;padding-bottom: 3px !important;}\u00bb link=\u00bburl:https%3A%2F%2Fportalciencia.ull.es%2Finvestigadores%2F81142%2Fdetalle|target:_blank\u00bb][vc_btn title=\u00bbFiguras destacadas\u00bb color=\u00bbpeacoc\u00bb size=\u00bblg\u00bb align=\u00bbcenter\u00bb button_block=\u00bbtrue\u00bb css=\u00bb.vc_custom_1734520628795{margin-bottom: 3px !important;border-bottom-width: 3px !important;padding-bottom: 3px !important;}\u00bb link=\u00bburl:https%3A%2F%2Fwww.ull.es%2Fportal%2Fcienciaull%2Fcalendario-investigaull%2Ffigurasdesta_investigaull%2F|target:_blank\u00bb][\/vc_column][\/vc_row]<\/p>\n","protected":false},"excerpt":{"rendered":"<p>[vc_row][vc_column][vc_empty_space][\/vc_column][\/vc_row][vc_row][vc_column width=\u00bb2\/3&#8243;][vc_empty_space css=\u00bb.vc_custom_1734952243285{margin-bottom: 3px !important;border-bottom-width: 3px !important;padding-bottom: 3px !important;}\u00bb][vc_custom_heading text=\u00bb\u00c1rea Arte y Humanidades\u00bb font_container=\u00bbtag:h2|text_align:left|color:%238d4b93&#8243; google_fonts=\u00bbfont_family:Roboto%20Slab%3A100%2C300%2Cregular%2C700|font_style:700%20bold%20regular%3A700%3Anormal\u00bb css=\u00bb.vc_custom_1734952251382{margin-bottom: 3px !important;border-bottom-width: 3px !important;padding-bottom: 3px !important;}\u00bb][vc_custom_heading text=\u00bbCap\u00edtulo 16. Dulce Mar\u00eda Cair\u00f3s Barreto &#8211; Jurista\u00bb font_container=\u00bbtag:h3|text_align:left|color:%238d4b93&#8243; google_fonts=\u00bbfont_family:Roboto%20Slab%3A100%2C300%2Cregular%2C700|font_style:700%20bold%20regular%3A700%3Anormal\u00bb css=\u00bb.vc_custom_1753954491516{margin-bottom: 5px !important;border-bottom-width: 5px !important;padding-bottom: 5px !important;}\u00bb][vc_custom_heading text=\u00bbBiograf\u00eda\u00bb font_container=\u00bbtag:h4|text_align:left|color:%23535968&#8243; google_fonts=\u00bbfont_family:Roboto%20Slab%3A100%2C300%2Cregular%2C700|font_style:700%20bold%20regular%3A700%3Anormal\u00bb css=\u00bb.vc_custom_1734952266474{margin-bottom: 5px !important;border-bottom-width: 5px !important;padding-bottom: 5px !important;}\u00bb][vc_column_text css=\u00bb.vc_custom_1736434753864{margin-bottom: 5px !important;border-bottom-width: 5px !important;padding-bottom: 5px&#8230;<\/p>\n","protected":false},"author":56,"featured_media":0,"parent":0,"menu_order":0,"comment_status":"closed","ping_status":"closed","template":"templates\/cienciaull.php","meta":{"inline_featured_image":false,"footnotes":""},"acf":[],"yoast_head":"<!-- This site is optimized with the Yoast SEO plugin v21.3 - https:\/\/yoast.com\/wordpress\/plugins\/seo\/ -->\n<title>Dulce Mar\u00eda Cair\u00f3s - Arte y Humanidades -<\/title>\n<meta name=\"robots\" content=\"index, follow, max-snippet:-1, max-image-preview:large, max-video-preview:-1\" \/>\n<link rel=\"canonical\" href=\"https:\/\/www.ull.es\/portal\/cienciaull\/dulce-cairos-arte-y-humanidades-2\/\" \/>\n<meta property=\"og:locale\" content=\"es_ES\" \/>\n<meta property=\"og:type\" content=\"article\" \/>\n<meta property=\"og:title\" content=\"Dulce Mar\u00eda Cair\u00f3s - Arte y Humanidades -\" \/>\n<meta property=\"og:description\" content=\"[vc_row][vc_column][vc_empty_space][\/vc_column][\/vc_row][vc_row][vc_column width=\u00bb2\/3&#8243;][vc_empty_space css=\u00bb.vc_custom_1734952243285{margin-bottom: 3px !important;border-bottom-width: 3px !important;padding-bottom: 3px !important;}\u00bb][vc_custom_heading text=\u00bb\u00c1rea Arte y Humanidades\u00bb font_container=\u00bbtag:h2|text_align:left|color:%238d4b93&#8243; google_fonts=\u00bbfont_family:Roboto%20Slab%3A100%2C300%2Cregular%2C700|font_style:700%20bold%20regular%3A700%3Anormal\u00bb css=\u00bb.vc_custom_1734952251382{margin-bottom: 3px !important;border-bottom-width: 3px !important;padding-bottom: 3px !important;}\u00bb][vc_custom_heading text=\u00bbCap\u00edtulo 16. Dulce Mar\u00eda Cair\u00f3s Barreto &#8211; Jurista\u00bb font_container=\u00bbtag:h3|text_align:left|color:%238d4b93&#8243; google_fonts=\u00bbfont_family:Roboto%20Slab%3A100%2C300%2Cregular%2C700|font_style:700%20bold%20regular%3A700%3Anormal\u00bb css=\u00bb.vc_custom_1753954491516{margin-bottom: 5px !important;border-bottom-width: 5px !important;padding-bottom: 5px !important;}\u00bb][vc_custom_heading text=\u00bbBiograf\u00eda\u00bb font_container=\u00bbtag:h4|text_align:left|color:%23535968&#8243; google_fonts=\u00bbfont_family:Roboto%20Slab%3A100%2C300%2Cregular%2C700|font_style:700%20bold%20regular%3A700%3Anormal\u00bb css=\u00bb.vc_custom_1734952266474{margin-bottom: 5px !important;border-bottom-width: 5px !important;padding-bottom: 5px !important;}\u00bb][vc_column_text css=\u00bb.vc_custom_1736434753864{margin-bottom: 5px !important;border-bottom-width: 5px !important;padding-bottom: 5px...\" \/>\n<meta property=\"og:url\" content=\"https:\/\/www.ull.es\/portal\/cienciaull\/dulce-cairos-arte-y-humanidades-2\/\" \/>\n<meta property=\"article:publisher\" content=\"https:\/\/www.facebook.com\/CienciaULL\/\" \/>\n<meta property=\"article:modified_time\" content=\"2025-07-31T09:34:53+00:00\" \/>\n<meta name=\"twitter:card\" content=\"summary_large_image\" \/>\n<meta name=\"twitter:site\" content=\"@CienciaULL\" \/>\n<meta name=\"twitter:label1\" content=\"Tiempo de lectura\" \/>\n\t<meta name=\"twitter:data1\" content=\"5 minutos\" \/>\n<script type=\"application\/ld+json\" class=\"yoast-schema-graph\">{\"@context\":\"https:\/\/schema.org\",\"@graph\":[{\"@type\":\"WebPage\",\"@id\":\"https:\/\/www.ull.es\/portal\/cienciaull\/dulce-cairos-arte-y-humanidades-2\/\",\"url\":\"https:\/\/www.ull.es\/portal\/cienciaull\/dulce-cairos-arte-y-humanidades-2\/\",\"name\":\"Dulce Mar\u00eda Cair\u00f3s - Arte y Humanidades -\",\"isPartOf\":{\"@id\":\"https:\/\/www.ull.es\/portal\/cienciaull\/#website\"},\"datePublished\":\"2024-10-16T13:06:38+00:00\",\"dateModified\":\"2025-07-31T09:34:53+00:00\",\"breadcrumb\":{\"@id\":\"https:\/\/www.ull.es\/portal\/cienciaull\/dulce-cairos-arte-y-humanidades-2\/#breadcrumb\"},\"inLanguage\":\"es\",\"potentialAction\":[{\"@type\":\"ReadAction\",\"target\":[\"https:\/\/www.ull.es\/portal\/cienciaull\/dulce-cairos-arte-y-humanidades-2\/\"]}]},{\"@type\":\"BreadcrumbList\",\"@id\":\"https:\/\/www.ull.es\/portal\/cienciaull\/dulce-cairos-arte-y-humanidades-2\/#breadcrumb\",\"itemListElement\":[{\"@type\":\"ListItem\",\"position\":1,\"name\":\"Portada\",\"item\":\"https:\/\/www.ull.es\/portal\/cienciaull\/\"},{\"@type\":\"ListItem\",\"position\":2,\"name\":\"Dulce Mar\u00eda Cair\u00f3s &#8211; Arte y Humanidades\"}]},{\"@type\":\"WebSite\",\"@id\":\"https:\/\/www.ull.es\/portal\/cienciaull\/#website\",\"url\":\"https:\/\/www.ull.es\/portal\/cienciaull\/\",\"name\":\"\",\"description\":\"Unidad de Cultura Cient\u00edfica y de la Innovaci\u00f3n de la Universidad de La Laguna\",\"potentialAction\":[{\"@type\":\"SearchAction\",\"target\":{\"@type\":\"EntryPoint\",\"urlTemplate\":\"https:\/\/www.ull.es\/portal\/cienciaull\/?s={search_term_string}\"},\"query-input\":\"required name=search_term_string\"}],\"inLanguage\":\"es\"}]}<\/script>\n<!-- \/ Yoast SEO plugin. -->","yoast_head_json":{"title":"Dulce Mar\u00eda Cair\u00f3s - Arte y Humanidades -","robots":{"index":"index","follow":"follow","max-snippet":"max-snippet:-1","max-image-preview":"max-image-preview:large","max-video-preview":"max-video-preview:-1"},"canonical":"https:\/\/www.ull.es\/portal\/cienciaull\/dulce-cairos-arte-y-humanidades-2\/","og_locale":"es_ES","og_type":"article","og_title":"Dulce Mar\u00eda Cair\u00f3s - Arte y Humanidades -","og_description":"[vc_row][vc_column][vc_empty_space][\/vc_column][\/vc_row][vc_row][vc_column width=\u00bb2\/3&#8243;][vc_empty_space css=\u00bb.vc_custom_1734952243285{margin-bottom: 3px !important;border-bottom-width: 3px !important;padding-bottom: 3px !important;}\u00bb][vc_custom_heading text=\u00bb\u00c1rea Arte y Humanidades\u00bb font_container=\u00bbtag:h2|text_align:left|color:%238d4b93&#8243; google_fonts=\u00bbfont_family:Roboto%20Slab%3A100%2C300%2Cregular%2C700|font_style:700%20bold%20regular%3A700%3Anormal\u00bb css=\u00bb.vc_custom_1734952251382{margin-bottom: 3px !important;border-bottom-width: 3px !important;padding-bottom: 3px !important;}\u00bb][vc_custom_heading text=\u00bbCap\u00edtulo 16. Dulce Mar\u00eda Cair\u00f3s Barreto &#8211; Jurista\u00bb font_container=\u00bbtag:h3|text_align:left|color:%238d4b93&#8243; google_fonts=\u00bbfont_family:Roboto%20Slab%3A100%2C300%2Cregular%2C700|font_style:700%20bold%20regular%3A700%3Anormal\u00bb css=\u00bb.vc_custom_1753954491516{margin-bottom: 5px !important;border-bottom-width: 5px !important;padding-bottom: 5px !important;}\u00bb][vc_custom_heading text=\u00bbBiograf\u00eda\u00bb font_container=\u00bbtag:h4|text_align:left|color:%23535968&#8243; google_fonts=\u00bbfont_family:Roboto%20Slab%3A100%2C300%2Cregular%2C700|font_style:700%20bold%20regular%3A700%3Anormal\u00bb css=\u00bb.vc_custom_1734952266474{margin-bottom: 5px !important;border-bottom-width: 5px !important;padding-bottom: 5px !important;}\u00bb][vc_column_text css=\u00bb.vc_custom_1736434753864{margin-bottom: 5px !important;border-bottom-width: 5px !important;padding-bottom: 5px...","og_url":"https:\/\/www.ull.es\/portal\/cienciaull\/dulce-cairos-arte-y-humanidades-2\/","article_publisher":"https:\/\/www.facebook.com\/CienciaULL\/","article_modified_time":"2025-07-31T09:34:53+00:00","twitter_card":"summary_large_image","twitter_site":"@CienciaULL","twitter_misc":{"Tiempo de lectura":"5 minutos"},"schema":{"@context":"https:\/\/schema.org","@graph":[{"@type":"WebPage","@id":"https:\/\/www.ull.es\/portal\/cienciaull\/dulce-cairos-arte-y-humanidades-2\/","url":"https:\/\/www.ull.es\/portal\/cienciaull\/dulce-cairos-arte-y-humanidades-2\/","name":"Dulce Mar\u00eda Cair\u00f3s - Arte y Humanidades -","isPartOf":{"@id":"https:\/\/www.ull.es\/portal\/cienciaull\/#website"},"datePublished":"2024-10-16T13:06:38+00:00","dateModified":"2025-07-31T09:34:53+00:00","breadcrumb":{"@id":"https:\/\/www.ull.es\/portal\/cienciaull\/dulce-cairos-arte-y-humanidades-2\/#breadcrumb"},"inLanguage":"es","potentialAction":[{"@type":"ReadAction","target":["https:\/\/www.ull.es\/portal\/cienciaull\/dulce-cairos-arte-y-humanidades-2\/"]}]},{"@type":"BreadcrumbList","@id":"https:\/\/www.ull.es\/portal\/cienciaull\/dulce-cairos-arte-y-humanidades-2\/#breadcrumb","itemListElement":[{"@type":"ListItem","position":1,"name":"Portada","item":"https:\/\/www.ull.es\/portal\/cienciaull\/"},{"@type":"ListItem","position":2,"name":"Dulce Mar\u00eda Cair\u00f3s &#8211; Arte y Humanidades"}]},{"@type":"WebSite","@id":"https:\/\/www.ull.es\/portal\/cienciaull\/#website","url":"https:\/\/www.ull.es\/portal\/cienciaull\/","name":"","description":"Unidad de Cultura Cient\u00edfica y de la Innovaci\u00f3n de la Universidad de La Laguna","potentialAction":[{"@type":"SearchAction","target":{"@type":"EntryPoint","urlTemplate":"https:\/\/www.ull.es\/portal\/cienciaull\/?s={search_term_string}"},"query-input":"required name=search_term_string"}],"inLanguage":"es"}]}},"_links":{"self":[{"href":"https:\/\/www.ull.es\/portal\/cienciaull\/wp-json\/wp\/v2\/pages\/31678"}],"collection":[{"href":"https:\/\/www.ull.es\/portal\/cienciaull\/wp-json\/wp\/v2\/pages"}],"about":[{"href":"https:\/\/www.ull.es\/portal\/cienciaull\/wp-json\/wp\/v2\/types\/page"}],"author":[{"embeddable":true,"href":"https:\/\/www.ull.es\/portal\/cienciaull\/wp-json\/wp\/v2\/users\/56"}],"replies":[{"embeddable":true,"href":"https:\/\/www.ull.es\/portal\/cienciaull\/wp-json\/wp\/v2\/comments?post=31678"}],"version-history":[{"count":9,"href":"https:\/\/www.ull.es\/portal\/cienciaull\/wp-json\/wp\/v2\/pages\/31678\/revisions"}],"predecessor-version":[{"id":35442,"href":"https:\/\/www.ull.es\/portal\/cienciaull\/wp-json\/wp\/v2\/pages\/31678\/revisions\/35442"}],"wp:attachment":[{"href":"https:\/\/www.ull.es\/portal\/cienciaull\/wp-json\/wp\/v2\/media?parent=31678"}],"curies":[{"name":"wp","href":"https:\/\/api.w.org\/{rel}","templated":true}]}}