{"id":31682,"date":"2024-10-16T13:08:33","date_gmt":"2024-10-16T13:08:33","guid":{"rendered":"https:\/\/www.ull.es\/portal\/cienciaull\/?page_id=31682"},"modified":"2025-07-31T09:35:29","modified_gmt":"2025-07-31T09:35:29","slug":"esther-beltran-ciencia-y-sociedad-2","status":"publish","type":"page","link":"https:\/\/www.ull.es\/portal\/cienciaull\/esther-beltran-ciencia-y-sociedad-2\/","title":{"rendered":"Mar\u00eda Esther Beltr\u00e1n &#8211; Ciencia y Sociedad"},"content":{"rendered":"<p>[vc_row][vc_column][vc_empty_space]\n<div id=\"rev_slider_325_1_wrapper\" class=\"rev_slider_wrapper fullwidthbanner-container\" data-source=\"gallery\" style=\"margin:0px auto;background:transparent;padding:0px;margin-top:0px;margin-bottom:0px;\">\n<!-- START REVOLUTION SLIDER 5.4.7.3 fullwidth mode -->\n\t<div id=\"rev_slider_325_1\" class=\"rev_slider fullwidthabanner\" style=\"display:none;\" data-version=\"5.4.7.3\">\n<ul>\t<!-- SLIDE  -->\n\t<li data-index=\"rs-376\" data-transition=\"fade\" data-slotamount=\"default\" data-hideafterloop=\"0\" data-hideslideonmobile=\"off\"  data-easein=\"default\" data-easeout=\"default\" data-masterspeed=\"300\"  data-rotate=\"0\"  data-saveperformance=\"off\"  data-title=\"Slide\" data-param1=\"\" data-param2=\"\" data-param3=\"\" data-param4=\"\" data-param5=\"\" data-param6=\"\" data-param7=\"\" data-param8=\"\" data-param9=\"\" data-param10=\"\" data-description=\"\">\n\t\t<!-- MAIN IMAGE -->\n\t\t<img src=\"https:\/\/www.ull.es\/portal\/cienciaull\/wp-content\/uploads\/sites\/24\/2025\/02\/Banner-Web-Chicas-con-Cienci@ULL-Esther-Beltran-1.jpg\"  alt=\"\" title=\"Banner Web Chicas con Cienci@ULL Esther Beltr\u00e1n\"  width=\"1500\" height=\"500\" data-bgposition=\"center center\" data-bgfit=\"cover\" data-bgrepeat=\"no-repeat\" class=\"rev-slidebg\" data-no-retina>\n\t\t<!-- LAYERS -->\n\t<\/li>\n<\/ul>\n<div class=\"tp-bannertimer tp-bottom\" style=\"visibility: hidden !important;\"><\/div>\t<\/div>\n<script>var htmlDiv = document.getElementById(\"rs-plugin-settings-inline-css\"); var htmlDivCss=\"\";\r\n\t\t\t\tif(htmlDiv) {\r\n\t\t\t\t\thtmlDiv.innerHTML = htmlDiv.innerHTML + htmlDivCss;\r\n\t\t\t\t}else{\r\n\t\t\t\t\tvar htmlDiv = document.createElement(\"div\");\r\n\t\t\t\t\thtmlDiv.innerHTML = \"<style>\" + htmlDivCss + \"<\/style>\";\r\n\t\t\t\t\tdocument.getElementsByTagName(\"head\")[0].appendChild(htmlDiv.childNodes[0]);\r\n\t\t\t\t}\r\n\t\t\t<\/script>\n\t\t<script type=\"text\/javascript\">\r\nif (setREVStartSize!==undefined) setREVStartSize(\r\n\t{c: '#rev_slider_325_1', gridwidth: [1500], gridheight: [500], sliderLayout: 'auto'});\r\n\t\t\t\r\nvar revapi325,\r\n\ttpj;\t\r\n(function() {\t\t\t\r\n\tif (!\/loaded|interactive|complete\/.test(document.readyState)) document.addEventListener(\"DOMContentLoaded\",onLoad); else onLoad();\t\r\n\tfunction onLoad() {\t\t\t\t\r\n\t\tif (tpj===undefined) { tpj = jQuery; if(\"off\" == \"on\") tpj.noConflict();}\r\n\tif(tpj(\"#rev_slider_325_1\").revolution == undefined){\n\t\trevslider_showDoubleJqueryError(\"#rev_slider_325_1\");\n\t}else{\n\t\trevapi325 = tpj(\"#rev_slider_325_1\").show().revolution({\n\t\t\tsliderType:\"hero\",\n\t\t\tjsFileLocation:\"\/\/www.ull.es\/portal\/cienciaull\/wp-content\/plugins\/revslider\/public\/assets\/js\/\",\n\t\t\tsliderLayout:\"auto\",\n\t\t\tdottedOverlay:\"none\",\n\t\t\tdelay:9000,\n\t\t\tvisibilityLevels:[1240,1024,778,480],\n\t\t\tgridwidth:1500,\n\t\t\tgridheight:500,\n\t\t\tlazyType:\"none\",\n\t\t\tshadow:0,\n\t\t\tspinner:\"spinner0\",\n\t\t\tautoHeight:\"off\",\n\t\t\tdisableProgressBar:\"on\",\n\t\t\thideThumbsOnMobile:\"off\",\n\t\t\thideSliderAtLimit:0,\n\t\t\thideCaptionAtLimit:0,\n\t\t\thideAllCaptionAtLilmit:0,\n\t\t\tdebugMode:false,\n\t\t\tfallbacks: {\n\t\t\t\tsimplifyAll:\"off\",\n\t\t\t\tdisableFocusListener:false,\n\t\t\t}\n\t\t});\n\t}; \/* END OF revapi call *\/\n\t\n }; \/* END OF ON LOAD FUNCTION *\/\r\n}()); \/* END OF WRAPPING FUNCTION *\/\r\n<\/script>\r\n\t\t<\/div><!-- END REVOLUTION SLIDER -->[\/vc_column][\/vc_row][vc_row][vc_column width=\u00bb2\/3&#8243;][vc_empty_space css=\u00bb.vc_custom_1738715594792{margin-bottom: 3px !important;border-bottom-width: 3px !important;padding-bottom: 3px !important;}\u00bb][vc_custom_heading text=\u00bb\u00c1rea Ciencia y Sociedad\u00bb font_container=\u00bbtag:h2|text_align:left|color:%23d8478b\u00bb google_fonts=\u00bbfont_family:Roboto%20Slab%3A100%2C300%2Cregular%2C700|font_style:700%20bold%20regular%3A700%3Anormal\u00bb css=\u00bb.vc_custom_1738715600279{margin-bottom: 3px !important;border-bottom-width: 3px !important;padding-bottom: 3px !important;}\u00bb][vc_custom_heading text=\u00bbCap\u00edtulo 17. Mar\u00eda Esther Beltr\u00e1n Yanes &#8211; Ge\u00f3grafa\u00bb font_container=\u00bbtag:h3|text_align:left|color:%23d8478b\u00bb google_fonts=\u00bbfont_family:Roboto%20Slab%3A100%2C300%2Cregular%2C700|font_style:700%20bold%20regular%3A700%3Anormal\u00bb css=\u00bb.vc_custom_1753954527079{margin-bottom: 5px !important;border-bottom-width: 5px !important;padding-bottom: 5px !important;}\u00bb][vc_custom_heading text=\u00bb<strong>Biograf\u00eda<\/strong>\u00bb font_container=\u00bbtag:h4|text_align:left|color:%23535968&#8243; google_fonts=\u00bbfont_family:Roboto%20Slab%3A100%2C300%2Cregular%2C700|font_style:700%20bold%20regular%3A700%3Anormal\u00bb css=\u00bb.vc_custom_1738715667233{margin-bottom: 5px !important;border-bottom-width: 5px !important;padding-bottom: 5px !important;}\u00bb][vc_column_text]<\/p>\n<p style=\"text-align: justify\"><span style=\"font-weight: 400\">Se licenci\u00f3 en Geograf\u00eda e Historia (secci\u00f3n de Geograf\u00eda) por la Universidad de La Laguna en junio de 1987.<\/span><span style=\"font-weight: 400\"> Obtuvo el t\u00edtulo de Doctora <\/span><span style=\"font-weight: 400\">en Geograf\u00eda por la Universidad de La Laguna en julio de 1996, logrando, adem\u00e1s, el premio extraordinario de Doctorado.\u00a0Se incorpor\u00f3 <\/span><span style=\"font-weight: 400\">al Departamento de Geograf\u00eda de la Universidad de La Laguna en el curso 1987-1988 como Becaria del Plan de Formaci\u00f3n de Personal Investigador del M.E.C.<\/span><span style=\"font-weight: 400\"> y continu\u00f3 como profesora ayudante y asociada hasta el a\u00f1o 2000, en el que obtuvo la plaza de Pro<\/span><span style=\"font-weight: 400\">fesora Titular del Departamento de Geograf\u00eda. Su actividad docente se ha vinculado a la Licenciatura de Geograf\u00eda, Grado en Geograf\u00eda y Ordenaci\u00f3n del Territorio y Doctorado.<\/span><\/p>\n<p style=\"text-align: justify\"><span style=\"font-weight: 400\">El estudio de la Geograf\u00eda del Paisaje y la Biogeograf\u00eda han sido el centro de sus investigaciones y docencia universitaria. Sus l\u00edneas de trabajo preferentes se vinculan a la Geograf\u00eda F\u00edsica aplicada, din\u00e1mica y tipolog\u00eda del paisaje, con especial inter\u00e9s en los territorios volc\u00e1nicos recientes e hist\u00f3ricos, y a la Biogeograf\u00eda, con preferencia en din\u00e1mica forestal y colonizaci\u00f3n vegetal en territorios volc\u00e1nicos recientes e hist\u00f3ricos. Otras de sus l\u00edneas de investigaci\u00f3n se relacionan con los valores patrimoniales del Paisaje en los Espacios Protegidos.\u00a0<\/span><\/p>\n<p style=\"text-align: justify\"><span style=\"font-weight: 400\">Fruto de esta trayectoria investigadora ha sido la impartici\u00f3n de conferencias y cursos de especializaci\u00f3n, as\u00ed como la realizaci\u00f3n de numerosos trabajos publicados en revistas cient\u00edficas y presentados en congresos nacionales e internacionales. Entre sus colaboraciones en proyectos de investigaci\u00f3n y transferencia de conocimiento m\u00e1s relevantes en el campo de la Biogeograf\u00eda, destacan los proyectos del Ministerio de Ciencia e Innovaci\u00f3n sobre la din\u00e1mica de los paisajes forestales de laurisilva, la redacci\u00f3n de informes sobre las Bases Ecol\u00f3gicas para la gesti\u00f3n de los Tipos de H\u00e1bitat de Inter\u00e9s Comunitario presentes en Espa\u00f1a (Directiva 92\/43\/ CEE), promovido por el Ministerio de Medio Ambiente y Medio Rural y Marino, y m\u00e1s recientemente,\u00a0 forma parte del equipo redactor que lleva a cabo la actualizaci\u00f3n del Atlas Nacional de Espa\u00f1a, en el campo de la Biogeograf\u00eda para las Islas Canarias, liderada por la red ANEXXI e impulsada por el Instituto Geogr\u00e1fico Nacional.<\/span><span style=\"font-weight: 400\">\u2028<\/span><\/p>\n<p style=\"text-align: justify\"><span style=\"font-weight: 400\">Asimismo, como especialista en Geograf\u00eda del Paisaje, ha participado en la elaboraci\u00f3n de los informes para la candidatura del Teide como Bien Natural del Patrimonio Mundial. UNESCO, del Parque Nacional del Teide, impulsada por el Organismo Aut\u00f3nomo de Parques Nacionales,<\/span><span style=\"font-weight: 400\">\u2028<\/span><span style=\"font-weight: 400\">y en la Asistencia t\u00e9cnica dentro del Marco Territorial para la Recuperaci\u00f3n de La Palma, en el estudio sobre la caracterizaci\u00f3n geomorfol\u00f3gica de la \u00faltima erupci\u00f3n volc\u00e1nica de La Palma 2021, promovida por la empresa p\u00fablica GESPLAN S.A., adscrita a la Consejer\u00eda de Transici\u00f3n Ecol\u00f3gica, Lucha contra el Cambio Clim\u00e1tico y Planificaci\u00f3n Territorial del Gobierno de Canarias.\u00a0<\/span><\/p>\n<p style=\"text-align: justify\"><span style=\"font-weight: 400\">Entre sus \u00faltimos proyectos de investigaci\u00f3n, tambi\u00e9n ha realizado trabajos de aplicaci\u00f3n de estudios del paisaje para la generaci\u00f3n de nuevos productos para al desarrollo territorial, dentro de nuevas modalidades de turismo sostenible de la Naturaleza. En ese sentido, su contribuci\u00f3n en el proyecto europeo para el <\/span><span style=\"font-weight: 400\">Fortalecimiento del volcanoturismo en la Macaronesia VOLTURMAC, adscrito a la convocatoria I<\/span><span style=\"font-weight: 400\">NTERREG MAC, ha permitido la creaci\u00f3n de novedosos itinerarios para la identificaci\u00f3n e interpretaci\u00f3n de los valores patrimoniales naturales y culturales de paisajes volc\u00e1nicos representativos de los archipi\u00e9lagos macaron\u00e9sicos.<\/span><\/p>\n<p>[\/vc_column_text][vc_custom_heading text=\u00bb<strong>Departamento<\/strong>\u00bb font_container=\u00bbtag:h4|text_align:left|color:%23535968&#8243; google_fonts=\u00bbfont_family:Roboto%20Slab%3A100%2C300%2Cregular%2C700|font_style:700%20bold%20regular%3A700%3Anormal\u00bb css=\u00bb.vc_custom_1738715762133{margin-bottom: 5px !important;border-bottom-width: 5px !important;padding-bottom: 5px !important;}\u00bb][vc_column_text]<\/p>\n<ul>\n<li><a href=\"https:\/\/portalciencia.ull.es\/unidades\/2895\/detalle\" target=\"_blank\" rel=\"noopener\">Geograf\u00eda e Historia<\/a><\/li>\n<\/ul>\n<p>[\/vc_column_text][vc_custom_heading text=\u00bb<strong>L\u00edneas de investigaci\u00f3n<\/strong>\u00bb font_container=\u00bbtag:h4|text_align:left|color:%23535968&#8243; google_fonts=\u00bbfont_family:Roboto%20Slab%3A100%2C300%2Cregular%2C700|font_style:700%20bold%20regular%3A700%3Anormal\u00bb css=\u00bb.vc_custom_1738715767564{margin-bottom: 5px !important;border-bottom-width: 5px !important;padding-bottom: 5px !important;}\u00bb][vc_column_text]<\/p>\n<ul>\n<li>Estudios de geograf\u00eda f\u00edsica aplicada, din\u00e1mica y tipolog\u00eda del paisaje, con especial inter\u00e9s en territorios volc\u00e1nicos recientes e hist\u00f3ricos<\/li>\n<li>Biogeograf\u00eda y paisaje vegetal con preferencia por la din\u00e1mica forestal y la colonizaci\u00f3n vegetal en territorios volc\u00e1nicos recientes e hist\u00f3ricos<\/li>\n<li>Valores patrimoniales del paisaje<\/li>\n<li>Paisaje y turismo en espacios protegidos<\/li>\n<\/ul>\n<p>[\/vc_column_text][vc_custom_heading text=\u00bb<strong>Grupo de investigaci\u00f3n<\/strong>\u00bb font_container=\u00bbtag:h4|text_align:left|color:%23535968&#8243; google_fonts=\u00bbfont_family:Roboto%20Slab%3A100%2C300%2Cregular%2C700|font_style:700%20bold%20regular%3A700%3Anormal\u00bb][vc_column_text css=\u00bb.vc_custom_1738742883590{margin-bottom: 5px !important;border-bottom-width: 5px !important;padding-bottom: 5px !important;}\u00bb]<\/p>\n<ul>\n<li><a href=\"https:\/\/portalciencia.ull.es\/grupos\/11535\/detalle\" target=\"_blank\" rel=\"noopener\">Geomorfolog\u00eda, paisaje y sociedad en territorios volc\u00e1nicos<\/a><\/li>\n<li><a href=\"https:\/\/portalciencia.ull.es\/grupos\/6392\/detalle\" target=\"_blank\" rel=\"noopener\">Geopatrimonio y Geoturismo en Espacios Volc\u00e1nicos<\/a><\/li>\n<\/ul>\n<p>[\/vc_column_text][\/vc_column][vc_column width=\u00bb1\/3&#8243;][vc_empty_space height=\u00bb135px\u00bb][vc_custom_heading text=\u00bb<strong>V\u00eddeo<\/strong>\u00bb font_container=\u00bbtag:h4|text_align:center|color:%23535968&#8243; google_fonts=\u00bbfont_family:Roboto%20Slab%3A100%2C300%2Cregular%2C700|font_style:700%20bold%20regular%3A700%3Anormal\u00bb css=\u00bb.vc_custom_1738716072703{margin-bottom: 5px !important;border-bottom-width: 5px !important;padding-bottom: 5px !important;}\u00bb][vc_video link=\u00bbhttps:\/\/youtu.be\/vIaKpqZL9GU\u00bb][vc_empty_space][vc_btn title=\u00bbSerie Todas con Cienci@ULL\u00bb color=\u00bbpeacoc\u00bb size=\u00bblg\u00bb align=\u00bbcenter\u00bb button_block=\u00bbtrue\u00bb css=\u00bb.vc_custom_1738742988754{margin-bottom: 3px !important;border-bottom-width: 3px !important;padding-bottom: 3px !important;}\u00bb link=\u00bburl:https%3A%2F%2Fwww.ull.es%2Fportal%2Fcienciaull%2F5a-temporada-todas-con-cienciull%2F|target:_blank\u00bb][vc_btn title=\u00bbProducci\u00f3n cient\u00edfica\u00bb color=\u00bbdanger\u00bb size=\u00bblg\u00bb align=\u00bbcenter\u00bb button_block=\u00bbtrue\u00bb css=\u00bb.vc_custom_1738742982554{margin-bottom: 3px !important;border-bottom-width: 3px !important;padding-bottom: 3px !important;}\u00bb link=\u00bburl:https%3A%2F%2Fportalciencia.ull.es%2Finvestigadores%2F82333%2Fdetalle|target:_blank\u00bb][vc_btn title=\u00bbFiguras destacadas\u00bb color=\u00bborange\u00bb size=\u00bblg\u00bb align=\u00bbcenter\u00bb button_block=\u00bbtrue\u00bb css=\u00bb.vc_custom_1738743012425{margin-bottom: 3px !important;border-bottom-width: 3px !important;padding-bottom: 3px !important;}\u00bb link=\u00bburl:https%3A%2F%2Fwww.ull.es%2Fportal%2Fcienciaull%2Fcalendario-investigaull%2Ffigurasdesta_investigaull%2F|target:_blank\u00bb][\/vc_column][\/vc_row]<\/p>\n","protected":false},"excerpt":{"rendered":"<p>[vc_row][vc_column][vc_empty_space][\/vc_column][\/vc_row][vc_row][vc_column width=\u00bb2\/3&#8243;][vc_empty_space css=\u00bb.vc_custom_1738715594792{margin-bottom: 3px !important;border-bottom-width: 3px !important;padding-bottom: 3px !important;}\u00bb][vc_custom_heading text=\u00bb\u00c1rea Ciencia y Sociedad\u00bb font_container=\u00bbtag:h2|text_align:left|color:%23d8478b\u00bb google_fonts=\u00bbfont_family:Roboto%20Slab%3A100%2C300%2Cregular%2C700|font_style:700%20bold%20regular%3A700%3Anormal\u00bb css=\u00bb.vc_custom_1738715600279{margin-bottom: 3px !important;border-bottom-width: 3px !important;padding-bottom: 3px !important;}\u00bb][vc_custom_heading text=\u00bbCap\u00edtulo 17. Mar\u00eda Esther Beltr\u00e1n Yanes &#8211; Ge\u00f3grafa\u00bb font_container=\u00bbtag:h3|text_align:left|color:%23d8478b\u00bb google_fonts=\u00bbfont_family:Roboto%20Slab%3A100%2C300%2Cregular%2C700|font_style:700%20bold%20regular%3A700%3Anormal\u00bb css=\u00bb.vc_custom_1753954527079{margin-bottom: 5px !important;border-bottom-width: 5px !important;padding-bottom: 5px !important;}\u00bb][vc_custom_heading text=\u00bbBiograf\u00eda\u00bb font_container=\u00bbtag:h4|text_align:left|color:%23535968&#8243; google_fonts=\u00bbfont_family:Roboto%20Slab%3A100%2C300%2Cregular%2C700|font_style:700%20bold%20regular%3A700%3Anormal\u00bb css=\u00bb.vc_custom_1738715667233{margin-bottom: 5px !important;border-bottom-width: 5px !important;padding-bottom: 5px !important;}\u00bb][vc_column_text] Se licenci\u00f3 en Geograf\u00eda e Historia&#8230;<\/p>\n","protected":false},"author":56,"featured_media":0,"parent":0,"menu_order":0,"comment_status":"closed","ping_status":"closed","template":"templates\/cienciaull.php","meta":{"inline_featured_image":false,"footnotes":""},"acf":[],"yoast_head":"<!-- This site is optimized with the Yoast SEO plugin v21.3 - https:\/\/yoast.com\/wordpress\/plugins\/seo\/ -->\n<title>Mar\u00eda Esther Beltr\u00e1n - Ciencia y Sociedad -<\/title>\n<meta name=\"robots\" content=\"index, follow, max-snippet:-1, max-image-preview:large, max-video-preview:-1\" \/>\n<link rel=\"canonical\" href=\"https:\/\/www.ull.es\/portal\/cienciaull\/esther-beltran-ciencia-y-sociedad-2\/\" \/>\n<meta property=\"og:locale\" content=\"es_ES\" \/>\n<meta property=\"og:type\" content=\"article\" \/>\n<meta property=\"og:title\" content=\"Mar\u00eda Esther Beltr\u00e1n - Ciencia y Sociedad -\" \/>\n<meta property=\"og:description\" content=\"[vc_row][vc_column][vc_empty_space][\/vc_column][\/vc_row][vc_row][vc_column width=\u00bb2\/3&#8243;][vc_empty_space css=\u00bb.vc_custom_1738715594792{margin-bottom: 3px !important;border-bottom-width: 3px !important;padding-bottom: 3px !important;}\u00bb][vc_custom_heading text=\u00bb\u00c1rea Ciencia y Sociedad\u00bb font_container=\u00bbtag:h2|text_align:left|color:%23d8478b\u00bb google_fonts=\u00bbfont_family:Roboto%20Slab%3A100%2C300%2Cregular%2C700|font_style:700%20bold%20regular%3A700%3Anormal\u00bb css=\u00bb.vc_custom_1738715600279{margin-bottom: 3px !important;border-bottom-width: 3px !important;padding-bottom: 3px !important;}\u00bb][vc_custom_heading text=\u00bbCap\u00edtulo 17. Mar\u00eda Esther Beltr\u00e1n Yanes &#8211; Ge\u00f3grafa\u00bb font_container=\u00bbtag:h3|text_align:left|color:%23d8478b\u00bb google_fonts=\u00bbfont_family:Roboto%20Slab%3A100%2C300%2Cregular%2C700|font_style:700%20bold%20regular%3A700%3Anormal\u00bb css=\u00bb.vc_custom_1753954527079{margin-bottom: 5px !important;border-bottom-width: 5px !important;padding-bottom: 5px !important;}\u00bb][vc_custom_heading text=\u00bbBiograf\u00eda\u00bb font_container=\u00bbtag:h4|text_align:left|color:%23535968&#8243; google_fonts=\u00bbfont_family:Roboto%20Slab%3A100%2C300%2Cregular%2C700|font_style:700%20bold%20regular%3A700%3Anormal\u00bb css=\u00bb.vc_custom_1738715667233{margin-bottom: 5px !important;border-bottom-width: 5px !important;padding-bottom: 5px !important;}\u00bb][vc_column_text] Se licenci\u00f3 en Geograf\u00eda e Historia...\" \/>\n<meta property=\"og:url\" content=\"https:\/\/www.ull.es\/portal\/cienciaull\/esther-beltran-ciencia-y-sociedad-2\/\" \/>\n<meta property=\"article:publisher\" content=\"https:\/\/www.facebook.com\/CienciaULL\/\" \/>\n<meta property=\"article:modified_time\" content=\"2025-07-31T09:35:29+00:00\" \/>\n<meta name=\"twitter:card\" content=\"summary_large_image\" \/>\n<meta name=\"twitter:site\" content=\"@CienciaULL\" \/>\n<meta name=\"twitter:label1\" content=\"Tiempo de lectura\" \/>\n\t<meta name=\"twitter:data1\" content=\"4 minutos\" \/>\n<script type=\"application\/ld+json\" class=\"yoast-schema-graph\">{\"@context\":\"https:\/\/schema.org\",\"@graph\":[{\"@type\":\"WebPage\",\"@id\":\"https:\/\/www.ull.es\/portal\/cienciaull\/esther-beltran-ciencia-y-sociedad-2\/\",\"url\":\"https:\/\/www.ull.es\/portal\/cienciaull\/esther-beltran-ciencia-y-sociedad-2\/\",\"name\":\"Mar\u00eda Esther Beltr\u00e1n - Ciencia y Sociedad -\",\"isPartOf\":{\"@id\":\"https:\/\/www.ull.es\/portal\/cienciaull\/#website\"},\"datePublished\":\"2024-10-16T13:08:33+00:00\",\"dateModified\":\"2025-07-31T09:35:29+00:00\",\"breadcrumb\":{\"@id\":\"https:\/\/www.ull.es\/portal\/cienciaull\/esther-beltran-ciencia-y-sociedad-2\/#breadcrumb\"},\"inLanguage\":\"es\",\"potentialAction\":[{\"@type\":\"ReadAction\",\"target\":[\"https:\/\/www.ull.es\/portal\/cienciaull\/esther-beltran-ciencia-y-sociedad-2\/\"]}]},{\"@type\":\"BreadcrumbList\",\"@id\":\"https:\/\/www.ull.es\/portal\/cienciaull\/esther-beltran-ciencia-y-sociedad-2\/#breadcrumb\",\"itemListElement\":[{\"@type\":\"ListItem\",\"position\":1,\"name\":\"Portada\",\"item\":\"https:\/\/www.ull.es\/portal\/cienciaull\/\"},{\"@type\":\"ListItem\",\"position\":2,\"name\":\"Mar\u00eda Esther Beltr\u00e1n &#8211; Ciencia y Sociedad\"}]},{\"@type\":\"WebSite\",\"@id\":\"https:\/\/www.ull.es\/portal\/cienciaull\/#website\",\"url\":\"https:\/\/www.ull.es\/portal\/cienciaull\/\",\"name\":\"\",\"description\":\"Unidad de Cultura Cient\u00edfica y de la Innovaci\u00f3n de la Universidad de La Laguna\",\"potentialAction\":[{\"@type\":\"SearchAction\",\"target\":{\"@type\":\"EntryPoint\",\"urlTemplate\":\"https:\/\/www.ull.es\/portal\/cienciaull\/?s={search_term_string}\"},\"query-input\":\"required name=search_term_string\"}],\"inLanguage\":\"es\"}]}<\/script>\n<!-- \/ Yoast SEO plugin. -->","yoast_head_json":{"title":"Mar\u00eda Esther Beltr\u00e1n - Ciencia y Sociedad -","robots":{"index":"index","follow":"follow","max-snippet":"max-snippet:-1","max-image-preview":"max-image-preview:large","max-video-preview":"max-video-preview:-1"},"canonical":"https:\/\/www.ull.es\/portal\/cienciaull\/esther-beltran-ciencia-y-sociedad-2\/","og_locale":"es_ES","og_type":"article","og_title":"Mar\u00eda Esther Beltr\u00e1n - Ciencia y Sociedad -","og_description":"[vc_row][vc_column][vc_empty_space][\/vc_column][\/vc_row][vc_row][vc_column width=\u00bb2\/3&#8243;][vc_empty_space css=\u00bb.vc_custom_1738715594792{margin-bottom: 3px !important;border-bottom-width: 3px !important;padding-bottom: 3px !important;}\u00bb][vc_custom_heading text=\u00bb\u00c1rea Ciencia y Sociedad\u00bb font_container=\u00bbtag:h2|text_align:left|color:%23d8478b\u00bb google_fonts=\u00bbfont_family:Roboto%20Slab%3A100%2C300%2Cregular%2C700|font_style:700%20bold%20regular%3A700%3Anormal\u00bb css=\u00bb.vc_custom_1738715600279{margin-bottom: 3px !important;border-bottom-width: 3px !important;padding-bottom: 3px !important;}\u00bb][vc_custom_heading text=\u00bbCap\u00edtulo 17. Mar\u00eda Esther Beltr\u00e1n Yanes &#8211; Ge\u00f3grafa\u00bb font_container=\u00bbtag:h3|text_align:left|color:%23d8478b\u00bb google_fonts=\u00bbfont_family:Roboto%20Slab%3A100%2C300%2Cregular%2C700|font_style:700%20bold%20regular%3A700%3Anormal\u00bb css=\u00bb.vc_custom_1753954527079{margin-bottom: 5px !important;border-bottom-width: 5px !important;padding-bottom: 5px !important;}\u00bb][vc_custom_heading text=\u00bbBiograf\u00eda\u00bb font_container=\u00bbtag:h4|text_align:left|color:%23535968&#8243; google_fonts=\u00bbfont_family:Roboto%20Slab%3A100%2C300%2Cregular%2C700|font_style:700%20bold%20regular%3A700%3Anormal\u00bb css=\u00bb.vc_custom_1738715667233{margin-bottom: 5px !important;border-bottom-width: 5px !important;padding-bottom: 5px !important;}\u00bb][vc_column_text] Se licenci\u00f3 en Geograf\u00eda e Historia...","og_url":"https:\/\/www.ull.es\/portal\/cienciaull\/esther-beltran-ciencia-y-sociedad-2\/","article_publisher":"https:\/\/www.facebook.com\/CienciaULL\/","article_modified_time":"2025-07-31T09:35:29+00:00","twitter_card":"summary_large_image","twitter_site":"@CienciaULL","twitter_misc":{"Tiempo de lectura":"4 minutos"},"schema":{"@context":"https:\/\/schema.org","@graph":[{"@type":"WebPage","@id":"https:\/\/www.ull.es\/portal\/cienciaull\/esther-beltran-ciencia-y-sociedad-2\/","url":"https:\/\/www.ull.es\/portal\/cienciaull\/esther-beltran-ciencia-y-sociedad-2\/","name":"Mar\u00eda Esther Beltr\u00e1n - Ciencia y Sociedad -","isPartOf":{"@id":"https:\/\/www.ull.es\/portal\/cienciaull\/#website"},"datePublished":"2024-10-16T13:08:33+00:00","dateModified":"2025-07-31T09:35:29+00:00","breadcrumb":{"@id":"https:\/\/www.ull.es\/portal\/cienciaull\/esther-beltran-ciencia-y-sociedad-2\/#breadcrumb"},"inLanguage":"es","potentialAction":[{"@type":"ReadAction","target":["https:\/\/www.ull.es\/portal\/cienciaull\/esther-beltran-ciencia-y-sociedad-2\/"]}]},{"@type":"BreadcrumbList","@id":"https:\/\/www.ull.es\/portal\/cienciaull\/esther-beltran-ciencia-y-sociedad-2\/#breadcrumb","itemListElement":[{"@type":"ListItem","position":1,"name":"Portada","item":"https:\/\/www.ull.es\/portal\/cienciaull\/"},{"@type":"ListItem","position":2,"name":"Mar\u00eda Esther Beltr\u00e1n &#8211; Ciencia y Sociedad"}]},{"@type":"WebSite","@id":"https:\/\/www.ull.es\/portal\/cienciaull\/#website","url":"https:\/\/www.ull.es\/portal\/cienciaull\/","name":"","description":"Unidad de Cultura Cient\u00edfica y de la Innovaci\u00f3n de la Universidad de La Laguna","potentialAction":[{"@type":"SearchAction","target":{"@type":"EntryPoint","urlTemplate":"https:\/\/www.ull.es\/portal\/cienciaull\/?s={search_term_string}"},"query-input":"required name=search_term_string"}],"inLanguage":"es"}]}},"_links":{"self":[{"href":"https:\/\/www.ull.es\/portal\/cienciaull\/wp-json\/wp\/v2\/pages\/31682"}],"collection":[{"href":"https:\/\/www.ull.es\/portal\/cienciaull\/wp-json\/wp\/v2\/pages"}],"about":[{"href":"https:\/\/www.ull.es\/portal\/cienciaull\/wp-json\/wp\/v2\/types\/page"}],"author":[{"embeddable":true,"href":"https:\/\/www.ull.es\/portal\/cienciaull\/wp-json\/wp\/v2\/users\/56"}],"replies":[{"embeddable":true,"href":"https:\/\/www.ull.es\/portal\/cienciaull\/wp-json\/wp\/v2\/comments?post=31682"}],"version-history":[{"count":7,"href":"https:\/\/www.ull.es\/portal\/cienciaull\/wp-json\/wp\/v2\/pages\/31682\/revisions"}],"predecessor-version":[{"id":33274,"href":"https:\/\/www.ull.es\/portal\/cienciaull\/wp-json\/wp\/v2\/pages\/31682\/revisions\/33274"}],"wp:attachment":[{"href":"https:\/\/www.ull.es\/portal\/cienciaull\/wp-json\/wp\/v2\/media?parent=31682"}],"curies":[{"name":"wp","href":"https:\/\/api.w.org\/{rel}","templated":true}]}}