{"id":31690,"date":"2024-10-16T13:14:38","date_gmt":"2024-10-16T13:14:38","guid":{"rendered":"https:\/\/www.ull.es\/portal\/cienciaull\/?page_id=31690"},"modified":"2025-07-31T09:36:41","modified_gmt":"2025-07-31T09:36:41","slug":"judit-mendoza-ciencia-y-sociedad","status":"publish","type":"page","link":"https:\/\/www.ull.es\/portal\/cienciaull\/judit-mendoza-ciencia-y-sociedad\/","title":{"rendered":"Judit Mendoza &#8211; Ciencia y Sociedad"},"content":{"rendered":"<p>[vc_row][vc_column][vc_empty_space]\n<div id=\"rev_slider_328_1_wrapper\" class=\"rev_slider_wrapper fullwidthbanner-container\" data-source=\"gallery\" style=\"margin:0px auto;background:transparent;padding:0px;margin-top:0px;margin-bottom:0px;\">\n<!-- START REVOLUTION SLIDER 5.4.7.3 fullwidth mode -->\n\t<div id=\"rev_slider_328_1\" class=\"rev_slider fullwidthabanner\" style=\"display:none;\" data-version=\"5.4.7.3\">\n<ul>\t<!-- SLIDE  -->\n\t<li data-index=\"rs-382\" data-transition=\"fade\" data-slotamount=\"default\" data-hideafterloop=\"0\" data-hideslideonmobile=\"off\"  data-easein=\"default\" data-easeout=\"default\" data-masterspeed=\"300\"  data-rotate=\"0\"  data-saveperformance=\"off\"  data-title=\"Slide\" data-param1=\"\" data-param2=\"\" data-param3=\"\" data-param4=\"\" data-param5=\"\" data-param6=\"\" data-param7=\"\" data-param8=\"\" data-param9=\"\" data-param10=\"\" data-description=\"\">\n\t\t<!-- MAIN IMAGE -->\n\t\t<img src=\"https:\/\/www.ull.es\/portal\/cienciaull\/wp-content\/uploads\/sites\/24\/2025\/02\/Todas-con-Cienci@ULL-V-Temporada-Banner-Judit-Mendoza.jpg\"  alt=\"\" title=\"[Todas con Cienci@ULL V Temporada] Banner Judit Mendoza\"  width=\"1500\" height=\"500\" data-bgposition=\"center center\" data-bgfit=\"cover\" data-bgrepeat=\"no-repeat\" class=\"rev-slidebg\" data-no-retina>\n\t\t<!-- LAYERS -->\n\t<\/li>\n<\/ul>\n<div class=\"tp-bannertimer tp-bottom\" style=\"visibility: hidden !important;\"><\/div>\t<\/div>\n<script>var htmlDiv = document.getElementById(\"rs-plugin-settings-inline-css\"); var htmlDivCss=\"\";\r\n\t\t\t\tif(htmlDiv) {\r\n\t\t\t\t\thtmlDiv.innerHTML = htmlDiv.innerHTML + htmlDivCss;\r\n\t\t\t\t}else{\r\n\t\t\t\t\tvar htmlDiv = document.createElement(\"div\");\r\n\t\t\t\t\thtmlDiv.innerHTML = \"<style>\" + htmlDivCss + \"<\/style>\";\r\n\t\t\t\t\tdocument.getElementsByTagName(\"head\")[0].appendChild(htmlDiv.childNodes[0]);\r\n\t\t\t\t}\r\n\t\t\t<\/script>\n\t\t<script type=\"text\/javascript\">\r\nif (setREVStartSize!==undefined) setREVStartSize(\r\n\t{c: '#rev_slider_328_1', gridwidth: [1500], gridheight: [500], sliderLayout: 'auto'});\r\n\t\t\t\r\nvar revapi328,\r\n\ttpj;\t\r\n(function() {\t\t\t\r\n\tif (!\/loaded|interactive|complete\/.test(document.readyState)) document.addEventListener(\"DOMContentLoaded\",onLoad); else onLoad();\t\r\n\tfunction onLoad() {\t\t\t\t\r\n\t\tif (tpj===undefined) { tpj = jQuery; if(\"off\" == \"on\") tpj.noConflict();}\r\n\tif(tpj(\"#rev_slider_328_1\").revolution == undefined){\n\t\trevslider_showDoubleJqueryError(\"#rev_slider_328_1\");\n\t}else{\n\t\trevapi328 = tpj(\"#rev_slider_328_1\").show().revolution({\n\t\t\tsliderType:\"hero\",\n\t\t\tjsFileLocation:\"\/\/www.ull.es\/portal\/cienciaull\/wp-content\/plugins\/revslider\/public\/assets\/js\/\",\n\t\t\tsliderLayout:\"auto\",\n\t\t\tdottedOverlay:\"none\",\n\t\t\tdelay:9000,\n\t\t\tvisibilityLevels:[1240,1024,778,480],\n\t\t\tgridwidth:1500,\n\t\t\tgridheight:500,\n\t\t\tlazyType:\"none\",\n\t\t\tshadow:0,\n\t\t\tspinner:\"spinner0\",\n\t\t\tautoHeight:\"off\",\n\t\t\tdisableProgressBar:\"on\",\n\t\t\thideThumbsOnMobile:\"off\",\n\t\t\thideSliderAtLimit:0,\n\t\t\thideCaptionAtLimit:0,\n\t\t\thideAllCaptionAtLilmit:0,\n\t\t\tdebugMode:false,\n\t\t\tfallbacks: {\n\t\t\t\tsimplifyAll:\"off\",\n\t\t\t\tdisableFocusListener:false,\n\t\t\t}\n\t\t});\n\t}; \/* END OF revapi call *\/\n\t\n }; \/* END OF ON LOAD FUNCTION *\/\r\n}()); \/* END OF WRAPPING FUNCTION *\/\r\n<\/script>\r\n\t\t<\/div><!-- END REVOLUTION SLIDER -->[\/vc_column][\/vc_row][vc_row][vc_column width=\u00bb2\/3&#8243;][vc_empty_space css=\u00bb.vc_custom_1740060254867{margin-bottom: 3px !important;border-bottom-width: 3px !important;padding-bottom: 3px !important;}\u00bb][vc_custom_heading text=\u00bb\u00c1rea Ciencia y Sociedad\u00bb font_container=\u00bbtag:h2|text_align:left|color:%23d8478b\u00bb google_fonts=\u00bbfont_family:Roboto%20Slab%3A100%2C300%2Cregular%2C700|font_style:700%20bold%20regular%3A700%3Anormal\u00bb css=\u00bb.vc_custom_1740060269311{margin-bottom: 3px !important;border-bottom-width: 3px !important;padding-bottom: 3px !important;}\u00bb][vc_custom_heading text=\u00bbCap\u00edtulo 19. Judit Mendoza Aguilar &#8211; Matem\u00e1tica\u00bb font_container=\u00bbtag:h3|text_align:left|color:%23d8478b\u00bb google_fonts=\u00bbfont_family:Roboto%20Slab%3A100%2C300%2Cregular%2C700|font_style:700%20bold%20regular%3A700%3Anormal\u00bb css=\u00bb.vc_custom_1753954600224{margin-bottom: 5px !important;border-bottom-width: 5px !important;padding-bottom: 5px !important;}\u00bb][vc_custom_heading text=\u00bb<strong>Biograf\u00eda<\/strong>\u00bb font_container=\u00bbtag:h4|text_align:left|color:%23535968&#8243; google_fonts=\u00bbfont_family:Roboto%20Slab%3A100%2C300%2Cregular%2C700|font_style:700%20bold%20regular%3A700%3Anormal\u00bb css=\u00bb.vc_custom_1740060286318{margin-bottom: 5px !important;border-bottom-width: 5px !important;padding-bottom: 5px !important;}\u00bb][vc_column_text]<\/p>\n<p style=\"text-align: justify\"><span style=\"font-weight: 400\">Se licenci\u00f3 en Matem\u00e1ticas en el a\u00f1o 2000 por la Universidad de La Laguna (ULL) y despu\u00e9s obtuvo el Doctorado Europeo en Matem\u00e1ticas, con una tesis codirigida entre las secciones de \u00e1lgebra de la ULL y la Universidad de Amberes. En la universidad belga realiz\u00f3 varias estancias de investigaci\u00f3n predoctorales y obtuvo el m\u00e1ster Internacional en \u00c1lgebra y Geometr\u00eda no conmutativa en su primera edici\u00f3n. En 2022, finaliza un segundo m\u00e1ster en Big Data y Business Intelligence, por la Escuela de Organizaci\u00f3n Industrial de Madrid.<\/span><\/p>\n<p style=\"text-align: justify\"><span style=\"font-weight: 400\">Es Contratada Doctora del Departamento de Econom\u00eda, Contabilidad y Finanzas desde 2019 y est\u00e1 vinculada profesionalmente a la ULL desde 2014, como Ayudante Doctora. Ha impartido su docencia en tres grados de la Facultad de Econom\u00eda, Empresa y Turismo y en los m\u00e1steres universitarios en Direcci\u00f3n y Planificaci\u00f3n del Turismo y Energ\u00edas renovables, principalmente en asignaturas relacionadas con la gesti\u00f3n financiera y bancaria. Con anterioridad, adquiri\u00f3 experiencia profesional en el sector bancario, trabajando desde 2005 para el Departamento de Planificaci\u00f3n Comercial y Control de Gesti\u00f3n de Cajacanarias, empresa que le concede un premio de innovaci\u00f3n por su proyecto Eco-oficina, la oficina sostenible de Cajacanarias (2008).<\/span><\/p>\n<p style=\"text-align: justify\"><span style=\"font-weight: 400\">Cuenta con experiencias de internacionalizaci\u00f3n universitaria (organizaci\u00f3n y docencia) en la <\/span><i><span style=\"font-weight: 400\">Green Energy Management International School, <\/span><\/i><span style=\"font-weight: 400\">impulsada por la universidad italiana Bicocca- Milano, o el <\/span><i><span style=\"font-weight: 400\">Blended Intensive Programme-BIP <\/span><\/i><i><span style=\"font-weight: 400\">Circular Innovation Bootcamp, <\/span><\/i><span style=\"font-weight: 400\">liderado por Kempten University of Applied Sciences, en Alemania. Asimismo, en 2022 participa en el programa internacional de desarrollo profesional para profesorado universitario de la fundaci\u00f3n IMFAHE y lleva poniendo en pr\u00e1ctica la metodolog\u00eda ingl\u00e9s como medio de instrucci\u00f3n (EMI, de sus siglas en ingl\u00e9s<\/span><span style=\"font-weight: 400\">) en la asignatura de Gesti\u00f3n Bancaria del grado en Contabilidad y Finanzas desde 2015-16, sum\u00e1ndose ininterrumpidamente al programa FINULL desde su arranque piloto en 2020.<\/span><\/p>\n<p style=\"text-align: justify\"><span style=\"font-weight: 400\">En su experiencia de gesti\u00f3n, como Vicedecana de Igualdad y Relaciones Interuniversitarias de la Facultad de Econom\u00eda, Empresa y Turismo (2019-2023) ha trabajado para el impulso de la internacionalizaci\u00f3n, la movilidad nacional y la igualdad de g\u00e9nero (con acciones como la organizaci\u00f3n de las tres primeras ediciones de Jornadas de la Mujer y la Econom\u00eda). Desde 2023, es Directora de Secretariado de Internacionalizaci\u00f3n del Vicerrectorado de Internacionalizaci\u00f3n y Cooperaci\u00f3n.<\/span><\/p>\n<p style=\"text-align: justify\"><span style=\"font-weight: 400\">Es miembro del consejo de direcci\u00f3n de la C\u00e1tedra Cajasiete Big Data, Open Data y Blockchain, del Centro de Estudios Universitarios de Desigualdad Social y Gobernanza, del Instituto Universitario de la Empresa y de los grupos de investigaci\u00f3n Finanzas cuantitativas y Transici\u00f3n energ\u00e9tica y sostenibilidad.<\/span> <span style=\"font-weight: 400\">Cuenta con cuatro publicaciones en las l\u00edneas de investigaci\u00f3n de geometr\u00eda algebraica no conmutativa, finanzas cuantitativas y pobreza energ\u00e9tica, con comunicaciones en m\u00e1s de 15 congresos nacionales e internacionales de Europa y Asia, y con ocho participaciones en proyectos o convenios de investigaci\u00f3n financiados. Su perfil investigador actual est\u00e1 centrado en el marco de la agenda 2030, abordando trabajos sobre el eje de las finanzas sostenibles, la igualdad de g\u00e9nero y la pobreza energ\u00e9tica.\u00a0<\/span><\/p>\n<p style=\"text-align: justify\"><span style=\"font-weight: 400\">En su trayectoria destaca su activa labor en transferencia e innovaci\u00f3n educativa. Ha dirigido siete proyectos de innovaci\u00f3n docente universitaria sobre tecnolog\u00edas emergentes, ABP y divulgaci\u00f3n del aprendizaje. Adem\u00e1s, es colaboradora en proyectos del \u00e1mbito del aprendizaje con servicio, la creatividad o la coevaluaci\u00f3n. Desde 2016 desarrolla \u00abHilando al Infinito\u00bb, un proyecto pionero articulado sobre el eje de la danza y las matem\u00e1ticas, con una visi\u00f3n integradora del arte y las ciencias, y el doble objetivo de ense\u00f1ar matem\u00e1ticas al mismo tiempo que se utilizan como herramienta en un proceso creativo. En 2018 el proyecto evoluciona hacia la creaci\u00f3n de propuestas esc\u00e9nicas en vivo, con colectivos de personas mayores de 60 a\u00f1os. Son resultados de este proyecto: videodanzas realizadas con adolescentes con dificultades de aprendizaje, participaciones en festivales como Mueca o Canarias dentro y fuera, publicaciones, charlas de divulgaci\u00f3n y comunicaciones en congresos. Continuando con esta labor, en 2022, tras su reciente maternidad, crea la pieza esc\u00e9nica \u00abVOID-Abrazar el vac\u00edo\u00bb, sobre el concepto matem\u00e1tico y humano de \u00abvac\u00edo\u00bb, en la que participa un elenco de mayores de hasta 82 a\u00f1os.\u00a0<\/span><\/p>\n<p>[\/vc_column_text][vc_custom_heading text=\u00bb<strong>Departamento<\/strong>\u00bb font_container=\u00bbtag:h4|text_align:left|color:%23535968&#8243; google_fonts=\u00bbfont_family:Roboto%20Slab%3A100%2C300%2Cregular%2C700|font_style:700%20bold%20regular%3A700%3Anormal\u00bb css=\u00bb.vc_custom_1740060314501{margin-bottom: 5px !important;border-bottom-width: 5px !important;padding-bottom: 5px !important;}\u00bb][vc_column_text]<\/p>\n<ul>\n<li><a href=\"https:\/\/portalciencia.ull.es\/unidades\/2891\/detalle\" target=\"_blank\" rel=\"noopener\">Econom\u00eda, contabilidad y finanzas<\/a><\/li>\n<\/ul>\n<p>[\/vc_column_text][vc_custom_heading text=\u00bb<strong>L\u00edneas de investigaci\u00f3n<\/strong>\u00bb font_container=\u00bbtag:h4|text_align:left|color:%23535968&#8243; google_fonts=\u00bbfont_family:Roboto%20Slab%3A100%2C300%2Cregular%2C700|font_style:700%20bold%20regular%3A700%3Anormal\u00bb css=\u00bb.vc_custom_1740060322926{margin-bottom: 5px !important;border-bottom-width: 5px !important;padding-bottom: 5px !important;}\u00bb][vc_column_text]<\/p>\n<ul>\n<li><span style=\"font-weight: 400\">Geometr\u00eda algebraica no conmutativa<\/span><\/li>\n<li><span style=\"font-weight: 400\">Finanzas cuantitativas<\/span><\/li>\n<li>Igualdad de g\u00e9nero<\/li>\n<li><span style=\"font-weight: 400\">Pobreza energ\u00e9tica<\/span><\/li>\n<\/ul>\n<p>[\/vc_column_text][vc_custom_heading text=\u00bb<strong>Grupos de investigaci\u00f3n<\/strong>\u00bb font_container=\u00bbtag:h4|text_align:left|color:%23535968&#8243; google_fonts=\u00bbfont_family:Roboto%20Slab%3A100%2C300%2Cregular%2C700|font_style:700%20bold%20regular%3A700%3Anormal\u00bb css=\u00bb.vc_custom_1740060332341{margin-bottom: 5px !important;border-bottom-width: 5px !important;padding-bottom: 5px !important;}\u00bb][vc_column_text]<\/p>\n<ul>\n<li class=\"investigador-detalles__detalle\"><a href=\"https:\/\/portalciencia.ull.es\/grupos\/6253\/detalle\" target=\"_blank\" rel=\"noopener\">Finanzas cuantitativas<\/a><\/li>\n<li class=\"investigador-detalles__detalle\"><a href=\"https:\/\/portalciencia.ull.es\/grupos\/24596\/detalle\" target=\"_blank\" rel=\"noopener\">Transici\u00f3n energ\u00e9tica y sostenibilidad<\/a><\/li>\n<\/ul>\n<p>[\/vc_column_text][\/vc_column][vc_column width=\u00bb1\/3&#8243;][vc_empty_space height=\u00bb135px\u00bb][vc_custom_heading text=\u00bb<strong>V\u00eddeo<\/strong>\u00bb font_container=\u00bbtag:h4|text_align:center|color:%23535968&#8243; google_fonts=\u00bbfont_family:Roboto%20Slab%3A100%2C300%2Cregular%2C700|font_style:700%20bold%20regular%3A700%3Anormal\u00bb css=\u00bb.vc_custom_1740060385969{margin-bottom: 5px !important;border-bottom-width: 5px !important;padding-bottom: 5px !important;}\u00bb][vc_video link=\u00bbhttps:\/\/youtu.be\/kh_0cM4G6Hg\u00bb][vc_empty_space][vc_btn title=\u00bbSerie Todas con Cienci@ULL\u00bb color=\u00bbpeacoc\u00bb size=\u00bblg\u00bb align=\u00bbcenter\u00bb button_block=\u00bbtrue\u00bb css=\u00bb.vc_custom_1734436715394{margin-bottom: 3px !important;border-bottom-width: 3px !important;padding-bottom: 3px !important;}\u00bb link=\u00bburl:https%3A%2F%2Fwww.ull.es%2Fportal%2Fcienciaull%2F5a-temporada-todas-con-cienciull%2F|target:_blank\u00bb][vc_btn title=\u00bbProducci\u00f3n cient\u00edfica\u00bb color=\u00bbdanger\u00bb size=\u00bblg\u00bb align=\u00bbcenter\u00bb button_block=\u00bbtrue\u00bb css=\u00bb.vc_custom_1740060400205{margin-bottom: 3px !important;border-bottom-width: 3px !important;padding-bottom: 3px !important;}\u00bb link=\u00bburl:https%3A%2F%2Fportalciencia.ull.es%2Finvestigadores%2F81301%2Fdetalle|target:_blank\u00bb][vc_btn title=\u00bbFiguras destacadas\u00bb color=\u00bborange\u00bb size=\u00bblg\u00bb align=\u00bbcenter\u00bb button_block=\u00bbtrue\u00bb css=\u00bb.vc_custom_1734436739516{margin-bottom: 3px !important;border-bottom-width: 3px !important;padding-bottom: 3px !important;}\u00bb link=\u00bburl:https%3A%2F%2Fwww.ull.es%2Fportal%2Fcienciaull%2Fcalendario-investigaull%2Ffigurasdesta_investigaull%2F|target:_blank\u00bb][\/vc_column][\/vc_row]<\/p>\n","protected":false},"excerpt":{"rendered":"<p>[vc_row][vc_column][vc_empty_space][\/vc_column][\/vc_row][vc_row][vc_column width=\u00bb2\/3&#8243;][vc_empty_space css=\u00bb.vc_custom_1740060254867{margin-bottom: 3px !important;border-bottom-width: 3px !important;padding-bottom: 3px !important;}\u00bb][vc_custom_heading text=\u00bb\u00c1rea Ciencia y Sociedad\u00bb font_container=\u00bbtag:h2|text_align:left|color:%23d8478b\u00bb google_fonts=\u00bbfont_family:Roboto%20Slab%3A100%2C300%2Cregular%2C700|font_style:700%20bold%20regular%3A700%3Anormal\u00bb css=\u00bb.vc_custom_1740060269311{margin-bottom: 3px !important;border-bottom-width: 3px !important;padding-bottom: 3px !important;}\u00bb][vc_custom_heading text=\u00bbCap\u00edtulo 19. Judit Mendoza Aguilar &#8211; Matem\u00e1tica\u00bb font_container=\u00bbtag:h3|text_align:left|color:%23d8478b\u00bb google_fonts=\u00bbfont_family:Roboto%20Slab%3A100%2C300%2Cregular%2C700|font_style:700%20bold%20regular%3A700%3Anormal\u00bb css=\u00bb.vc_custom_1753954600224{margin-bottom: 5px !important;border-bottom-width: 5px !important;padding-bottom: 5px !important;}\u00bb][vc_custom_heading text=\u00bbBiograf\u00eda\u00bb font_container=\u00bbtag:h4|text_align:left|color:%23535968&#8243; google_fonts=\u00bbfont_family:Roboto%20Slab%3A100%2C300%2Cregular%2C700|font_style:700%20bold%20regular%3A700%3Anormal\u00bb css=\u00bb.vc_custom_1740060286318{margin-bottom: 5px !important;border-bottom-width: 5px !important;padding-bottom: 5px !important;}\u00bb][vc_column_text] Se licenci\u00f3 en Matem\u00e1ticas en el a\u00f1o&#8230;<\/p>\n","protected":false},"author":56,"featured_media":0,"parent":0,"menu_order":0,"comment_status":"closed","ping_status":"closed","template":"templates\/cienciaull.php","meta":{"inline_featured_image":false,"footnotes":""},"acf":[],"yoast_head":"<!-- This site is optimized with the Yoast SEO plugin v21.3 - https:\/\/yoast.com\/wordpress\/plugins\/seo\/ -->\n<title>Judit Mendoza - Ciencia y Sociedad -<\/title>\n<meta name=\"robots\" content=\"index, follow, max-snippet:-1, max-image-preview:large, max-video-preview:-1\" \/>\n<link rel=\"canonical\" href=\"https:\/\/www.ull.es\/portal\/cienciaull\/judit-mendoza-ciencia-y-sociedad\/\" \/>\n<meta property=\"og:locale\" content=\"es_ES\" \/>\n<meta property=\"og:type\" content=\"article\" \/>\n<meta property=\"og:title\" content=\"Judit Mendoza - Ciencia y Sociedad -\" \/>\n<meta property=\"og:description\" content=\"[vc_row][vc_column][vc_empty_space][\/vc_column][\/vc_row][vc_row][vc_column width=\u00bb2\/3&#8243;][vc_empty_space css=\u00bb.vc_custom_1740060254867{margin-bottom: 3px !important;border-bottom-width: 3px !important;padding-bottom: 3px !important;}\u00bb][vc_custom_heading text=\u00bb\u00c1rea Ciencia y Sociedad\u00bb font_container=\u00bbtag:h2|text_align:left|color:%23d8478b\u00bb google_fonts=\u00bbfont_family:Roboto%20Slab%3A100%2C300%2Cregular%2C700|font_style:700%20bold%20regular%3A700%3Anormal\u00bb css=\u00bb.vc_custom_1740060269311{margin-bottom: 3px !important;border-bottom-width: 3px !important;padding-bottom: 3px !important;}\u00bb][vc_custom_heading text=\u00bbCap\u00edtulo 19. Judit Mendoza Aguilar &#8211; Matem\u00e1tica\u00bb font_container=\u00bbtag:h3|text_align:left|color:%23d8478b\u00bb google_fonts=\u00bbfont_family:Roboto%20Slab%3A100%2C300%2Cregular%2C700|font_style:700%20bold%20regular%3A700%3Anormal\u00bb css=\u00bb.vc_custom_1753954600224{margin-bottom: 5px !important;border-bottom-width: 5px !important;padding-bottom: 5px !important;}\u00bb][vc_custom_heading text=\u00bbBiograf\u00eda\u00bb font_container=\u00bbtag:h4|text_align:left|color:%23535968&#8243; google_fonts=\u00bbfont_family:Roboto%20Slab%3A100%2C300%2Cregular%2C700|font_style:700%20bold%20regular%3A700%3Anormal\u00bb css=\u00bb.vc_custom_1740060286318{margin-bottom: 5px !important;border-bottom-width: 5px !important;padding-bottom: 5px !important;}\u00bb][vc_column_text] Se licenci\u00f3 en Matem\u00e1ticas en el a\u00f1o...\" \/>\n<meta property=\"og:url\" content=\"https:\/\/www.ull.es\/portal\/cienciaull\/judit-mendoza-ciencia-y-sociedad\/\" \/>\n<meta property=\"article:publisher\" content=\"https:\/\/www.facebook.com\/CienciaULL\/\" \/>\n<meta property=\"article:modified_time\" content=\"2025-07-31T09:36:41+00:00\" \/>\n<meta name=\"twitter:card\" content=\"summary_large_image\" \/>\n<meta name=\"twitter:site\" content=\"@CienciaULL\" \/>\n<meta name=\"twitter:label1\" content=\"Tiempo de lectura\" \/>\n\t<meta name=\"twitter:data1\" content=\"4 minutos\" \/>\n<script type=\"application\/ld+json\" class=\"yoast-schema-graph\">{\"@context\":\"https:\/\/schema.org\",\"@graph\":[{\"@type\":\"WebPage\",\"@id\":\"https:\/\/www.ull.es\/portal\/cienciaull\/judit-mendoza-ciencia-y-sociedad\/\",\"url\":\"https:\/\/www.ull.es\/portal\/cienciaull\/judit-mendoza-ciencia-y-sociedad\/\",\"name\":\"Judit Mendoza - Ciencia y Sociedad -\",\"isPartOf\":{\"@id\":\"https:\/\/www.ull.es\/portal\/cienciaull\/#website\"},\"datePublished\":\"2024-10-16T13:14:38+00:00\",\"dateModified\":\"2025-07-31T09:36:41+00:00\",\"breadcrumb\":{\"@id\":\"https:\/\/www.ull.es\/portal\/cienciaull\/judit-mendoza-ciencia-y-sociedad\/#breadcrumb\"},\"inLanguage\":\"es\",\"potentialAction\":[{\"@type\":\"ReadAction\",\"target\":[\"https:\/\/www.ull.es\/portal\/cienciaull\/judit-mendoza-ciencia-y-sociedad\/\"]}]},{\"@type\":\"BreadcrumbList\",\"@id\":\"https:\/\/www.ull.es\/portal\/cienciaull\/judit-mendoza-ciencia-y-sociedad\/#breadcrumb\",\"itemListElement\":[{\"@type\":\"ListItem\",\"position\":1,\"name\":\"Portada\",\"item\":\"https:\/\/www.ull.es\/portal\/cienciaull\/\"},{\"@type\":\"ListItem\",\"position\":2,\"name\":\"Judit Mendoza &#8211; Ciencia y Sociedad\"}]},{\"@type\":\"WebSite\",\"@id\":\"https:\/\/www.ull.es\/portal\/cienciaull\/#website\",\"url\":\"https:\/\/www.ull.es\/portal\/cienciaull\/\",\"name\":\"\",\"description\":\"Unidad de Cultura Cient\u00edfica y de la Innovaci\u00f3n de la Universidad de La Laguna\",\"potentialAction\":[{\"@type\":\"SearchAction\",\"target\":{\"@type\":\"EntryPoint\",\"urlTemplate\":\"https:\/\/www.ull.es\/portal\/cienciaull\/?s={search_term_string}\"},\"query-input\":\"required name=search_term_string\"}],\"inLanguage\":\"es\"}]}<\/script>\n<!-- \/ Yoast SEO plugin. -->","yoast_head_json":{"title":"Judit Mendoza - Ciencia y Sociedad -","robots":{"index":"index","follow":"follow","max-snippet":"max-snippet:-1","max-image-preview":"max-image-preview:large","max-video-preview":"max-video-preview:-1"},"canonical":"https:\/\/www.ull.es\/portal\/cienciaull\/judit-mendoza-ciencia-y-sociedad\/","og_locale":"es_ES","og_type":"article","og_title":"Judit Mendoza - Ciencia y Sociedad -","og_description":"[vc_row][vc_column][vc_empty_space][\/vc_column][\/vc_row][vc_row][vc_column width=\u00bb2\/3&#8243;][vc_empty_space css=\u00bb.vc_custom_1740060254867{margin-bottom: 3px !important;border-bottom-width: 3px !important;padding-bottom: 3px !important;}\u00bb][vc_custom_heading text=\u00bb\u00c1rea Ciencia y Sociedad\u00bb font_container=\u00bbtag:h2|text_align:left|color:%23d8478b\u00bb google_fonts=\u00bbfont_family:Roboto%20Slab%3A100%2C300%2Cregular%2C700|font_style:700%20bold%20regular%3A700%3Anormal\u00bb css=\u00bb.vc_custom_1740060269311{margin-bottom: 3px !important;border-bottom-width: 3px !important;padding-bottom: 3px !important;}\u00bb][vc_custom_heading text=\u00bbCap\u00edtulo 19. Judit Mendoza Aguilar &#8211; Matem\u00e1tica\u00bb font_container=\u00bbtag:h3|text_align:left|color:%23d8478b\u00bb google_fonts=\u00bbfont_family:Roboto%20Slab%3A100%2C300%2Cregular%2C700|font_style:700%20bold%20regular%3A700%3Anormal\u00bb css=\u00bb.vc_custom_1753954600224{margin-bottom: 5px !important;border-bottom-width: 5px !important;padding-bottom: 5px !important;}\u00bb][vc_custom_heading text=\u00bbBiograf\u00eda\u00bb font_container=\u00bbtag:h4|text_align:left|color:%23535968&#8243; google_fonts=\u00bbfont_family:Roboto%20Slab%3A100%2C300%2Cregular%2C700|font_style:700%20bold%20regular%3A700%3Anormal\u00bb css=\u00bb.vc_custom_1740060286318{margin-bottom: 5px !important;border-bottom-width: 5px !important;padding-bottom: 5px !important;}\u00bb][vc_column_text] Se licenci\u00f3 en Matem\u00e1ticas en el a\u00f1o...","og_url":"https:\/\/www.ull.es\/portal\/cienciaull\/judit-mendoza-ciencia-y-sociedad\/","article_publisher":"https:\/\/www.facebook.com\/CienciaULL\/","article_modified_time":"2025-07-31T09:36:41+00:00","twitter_card":"summary_large_image","twitter_site":"@CienciaULL","twitter_misc":{"Tiempo de lectura":"4 minutos"},"schema":{"@context":"https:\/\/schema.org","@graph":[{"@type":"WebPage","@id":"https:\/\/www.ull.es\/portal\/cienciaull\/judit-mendoza-ciencia-y-sociedad\/","url":"https:\/\/www.ull.es\/portal\/cienciaull\/judit-mendoza-ciencia-y-sociedad\/","name":"Judit Mendoza - Ciencia y Sociedad -","isPartOf":{"@id":"https:\/\/www.ull.es\/portal\/cienciaull\/#website"},"datePublished":"2024-10-16T13:14:38+00:00","dateModified":"2025-07-31T09:36:41+00:00","breadcrumb":{"@id":"https:\/\/www.ull.es\/portal\/cienciaull\/judit-mendoza-ciencia-y-sociedad\/#breadcrumb"},"inLanguage":"es","potentialAction":[{"@type":"ReadAction","target":["https:\/\/www.ull.es\/portal\/cienciaull\/judit-mendoza-ciencia-y-sociedad\/"]}]},{"@type":"BreadcrumbList","@id":"https:\/\/www.ull.es\/portal\/cienciaull\/judit-mendoza-ciencia-y-sociedad\/#breadcrumb","itemListElement":[{"@type":"ListItem","position":1,"name":"Portada","item":"https:\/\/www.ull.es\/portal\/cienciaull\/"},{"@type":"ListItem","position":2,"name":"Judit Mendoza &#8211; Ciencia y Sociedad"}]},{"@type":"WebSite","@id":"https:\/\/www.ull.es\/portal\/cienciaull\/#website","url":"https:\/\/www.ull.es\/portal\/cienciaull\/","name":"","description":"Unidad de Cultura Cient\u00edfica y de la Innovaci\u00f3n de la Universidad de La Laguna","potentialAction":[{"@type":"SearchAction","target":{"@type":"EntryPoint","urlTemplate":"https:\/\/www.ull.es\/portal\/cienciaull\/?s={search_term_string}"},"query-input":"required name=search_term_string"}],"inLanguage":"es"}]}},"_links":{"self":[{"href":"https:\/\/www.ull.es\/portal\/cienciaull\/wp-json\/wp\/v2\/pages\/31690"}],"collection":[{"href":"https:\/\/www.ull.es\/portal\/cienciaull\/wp-json\/wp\/v2\/pages"}],"about":[{"href":"https:\/\/www.ull.es\/portal\/cienciaull\/wp-json\/wp\/v2\/types\/page"}],"author":[{"embeddable":true,"href":"https:\/\/www.ull.es\/portal\/cienciaull\/wp-json\/wp\/v2\/users\/56"}],"replies":[{"embeddable":true,"href":"https:\/\/www.ull.es\/portal\/cienciaull\/wp-json\/wp\/v2\/comments?post=31690"}],"version-history":[{"count":9,"href":"https:\/\/www.ull.es\/portal\/cienciaull\/wp-json\/wp\/v2\/pages\/31690\/revisions"}],"predecessor-version":[{"id":31693,"href":"https:\/\/www.ull.es\/portal\/cienciaull\/wp-json\/wp\/v2\/pages\/31690\/revisions\/31693"}],"wp:attachment":[{"href":"https:\/\/www.ull.es\/portal\/cienciaull\/wp-json\/wp\/v2\/media?parent=31690"}],"curies":[{"name":"wp","href":"https:\/\/api.w.org\/{rel}","templated":true}]}}