{"id":31694,"date":"2024-10-16T13:16:51","date_gmt":"2024-10-16T13:16:51","guid":{"rendered":"https:\/\/www.ull.es\/portal\/cienciaull\/?page_id=31694"},"modified":"2025-07-31T09:37:20","modified_gmt":"2025-07-31T09:37:20","slug":"carmen-ascanio-ciencia-y-sociedad-2","status":"publish","type":"page","link":"https:\/\/www.ull.es\/portal\/cienciaull\/carmen-ascanio-ciencia-y-sociedad-2\/","title":{"rendered":"Carmen Ascanio &#8211; Ciencia y Sociedad"},"content":{"rendered":"<p>[vc_row][vc_column][vc_empty_space]\n<div id=\"rev_slider_329_1_wrapper\" class=\"rev_slider_wrapper fullwidthbanner-container\" data-source=\"gallery\" style=\"margin:0px auto;background:transparent;padding:0px;margin-top:0px;margin-bottom:0px;\">\n<!-- START REVOLUTION SLIDER 5.4.7.3 fullwidth mode -->\n\t<div id=\"rev_slider_329_1\" class=\"rev_slider fullwidthabanner\" style=\"display:none;\" data-version=\"5.4.7.3\">\n<ul>\t<!-- SLIDE  -->\n\t<li data-index=\"rs-383\" data-transition=\"fade\" data-slotamount=\"default\" data-hideafterloop=\"0\" data-hideslideonmobile=\"off\"  data-easein=\"default\" data-easeout=\"default\" data-masterspeed=\"300\"  data-rotate=\"0\"  data-saveperformance=\"off\"  data-title=\"Slide\" data-param1=\"\" data-param2=\"\" data-param3=\"\" data-param4=\"\" data-param5=\"\" data-param6=\"\" data-param7=\"\" data-param8=\"\" data-param9=\"\" data-param10=\"\" data-description=\"\">\n\t\t<!-- MAIN IMAGE -->\n\t\t<img src=\"https:\/\/www.ull.es\/portal\/cienciaull\/wp-content\/uploads\/sites\/24\/2025\/04\/Todas-con-Cienci@ULL-V-Temporada-Banner-Carmen-Ascanio.jpg\"  alt=\"\" title=\"[Todas con Cienci@ULL V Temporada] Banner Carmen Ascanio\"  width=\"1500\" height=\"500\" data-bgposition=\"center center\" data-bgfit=\"cover\" data-bgrepeat=\"no-repeat\" class=\"rev-slidebg\" data-no-retina>\n\t\t<!-- LAYERS -->\n\t<\/li>\n<\/ul>\n<div class=\"tp-bannertimer tp-bottom\" style=\"visibility: hidden !important;\"><\/div>\t<\/div>\n<script>var htmlDiv = document.getElementById(\"rs-plugin-settings-inline-css\"); var htmlDivCss=\"\";\r\n\t\t\t\tif(htmlDiv) {\r\n\t\t\t\t\thtmlDiv.innerHTML = htmlDiv.innerHTML + htmlDivCss;\r\n\t\t\t\t}else{\r\n\t\t\t\t\tvar htmlDiv = document.createElement(\"div\");\r\n\t\t\t\t\thtmlDiv.innerHTML = \"<style>\" + htmlDivCss + \"<\/style>\";\r\n\t\t\t\t\tdocument.getElementsByTagName(\"head\")[0].appendChild(htmlDiv.childNodes[0]);\r\n\t\t\t\t}\r\n\t\t\t<\/script>\n\t\t<script type=\"text\/javascript\">\r\nif (setREVStartSize!==undefined) setREVStartSize(\r\n\t{c: '#rev_slider_329_1', gridwidth: [1500], gridheight: [500], sliderLayout: 'auto'});\r\n\t\t\t\r\nvar revapi329,\r\n\ttpj;\t\r\n(function() {\t\t\t\r\n\tif (!\/loaded|interactive|complete\/.test(document.readyState)) document.addEventListener(\"DOMContentLoaded\",onLoad); else onLoad();\t\r\n\tfunction onLoad() {\t\t\t\t\r\n\t\tif (tpj===undefined) { tpj = jQuery; if(\"off\" == \"on\") tpj.noConflict();}\r\n\tif(tpj(\"#rev_slider_329_1\").revolution == undefined){\n\t\trevslider_showDoubleJqueryError(\"#rev_slider_329_1\");\n\t}else{\n\t\trevapi329 = tpj(\"#rev_slider_329_1\").show().revolution({\n\t\t\tsliderType:\"hero\",\n\t\t\tjsFileLocation:\"\/\/www.ull.es\/portal\/cienciaull\/wp-content\/plugins\/revslider\/public\/assets\/js\/\",\n\t\t\tsliderLayout:\"auto\",\n\t\t\tdottedOverlay:\"none\",\n\t\t\tdelay:9000,\n\t\t\tvisibilityLevels:[1240,1024,778,480],\n\t\t\tgridwidth:1500,\n\t\t\tgridheight:500,\n\t\t\tlazyType:\"none\",\n\t\t\tshadow:0,\n\t\t\tspinner:\"spinner0\",\n\t\t\tautoHeight:\"off\",\n\t\t\tdisableProgressBar:\"on\",\n\t\t\thideThumbsOnMobile:\"off\",\n\t\t\thideSliderAtLimit:0,\n\t\t\thideCaptionAtLimit:0,\n\t\t\thideAllCaptionAtLilmit:0,\n\t\t\tdebugMode:false,\n\t\t\tfallbacks: {\n\t\t\t\tsimplifyAll:\"off\",\n\t\t\t\tdisableFocusListener:false,\n\t\t\t}\n\t\t});\n\t}; \/* END OF revapi call *\/\n\t\n }; \/* END OF ON LOAD FUNCTION *\/\r\n}()); \/* END OF WRAPPING FUNCTION *\/\r\n<\/script>\r\n\t\t<\/div><!-- END REVOLUTION SLIDER -->[\/vc_column][\/vc_row][vc_row][vc_column width=\u00bb2\/3&#8243;][vc_empty_space css=\u00bb.vc_custom_1744113113588{margin-bottom: 3px !important;border-bottom-width: 3px !important;padding-bottom: 3px !important;}\u00bb][vc_custom_heading text=\u00bb\u00c1rea Ciencia y Sociedad\u00bb font_container=\u00bbtag:h2|text_align:left|color:%23d8478b\u00bb google_fonts=\u00bbfont_family:Roboto%20Slab%3A100%2C300%2Cregular%2C700|font_style:700%20bold%20regular%3A700%3Anormal\u00bb css=\u00bb.vc_custom_1744113134873{margin-bottom: 3px !important;border-bottom-width: 3px !important;padding-bottom: 3px !important;}\u00bb][vc_custom_heading text=\u00bbCap\u00edtulo 20. Carmen Ascanio S\u00e1nchez &#8211; Antrop\u00f3loga Social\u00bb font_container=\u00bbtag:h3|text_align:left|color:%23d8478b\u00bb google_fonts=\u00bbfont_family:Roboto%20Slab%3A100%2C300%2Cregular%2C700|font_style:700%20bold%20regular%3A700%3Anormal\u00bb css=\u00bb.vc_custom_1753954638012{margin-bottom: 5px !important;border-bottom-width: 5px !important;padding-bottom: 5px !important;}\u00bb][vc_custom_heading text=\u00bb<strong>Biograf\u00eda<\/strong>\u00bb font_container=\u00bbtag:h4|text_align:left|color:%23535968&#8243; google_fonts=\u00bbfont_family:Roboto%20Slab%3A100%2C300%2Cregular%2C700|font_style:700%20bold%20regular%3A700%3Anormal\u00bb css=\u00bb.vc_custom_1744113230220{margin-bottom: 5px !important;border-bottom-width: 5px !important;padding-bottom: 5px !important;}\u00bb][vc_column_text]<\/p>\n<p style=\"text-align: justify\"><span style=\"font-weight: 400\">Profesora Titular del Departamento de Sociolog\u00eda y Antropolog\u00eda. Ha sido subdirectora del Centro de Estudios Africanos (CEA-ULL, 2006-2019) y Directora de secretariado de Cooperaci\u00f3n y Movilidad con \u00c1frica y Latinoam\u00e9rica (Vicerrectorado de Internacionalizaci\u00f3n y Cooperaci\u00f3n, 2023-2024). Actualmente es directora de la C\u00e1tedra Cultural <\/span><a href=\"https:\/\/www.ull.es\/catedras\/globalizacion-migraciones-ciudadanias\/\" target=\"_blank\" rel=\"noopener\"><span style=\"font-weight: 400\">Globalizaci\u00f3n, migraciones y nuevas ciudadan\u00edas<\/span><\/a><span style=\"font-weight: 400\"> y, desde 2008, coordinadora del grupo de Investigaci\u00f3n de la Universidad de La Laguna (ULL) Migraciones, g\u00e9nero e identidades. An\u00e1lisis y evaluaci\u00f3n de pol\u00edticas (<a href=\"https:\/\/portalciencia.ull.es\/grupos\/6424\/detalle\" target=\"_blank\" rel=\"noopener\">MIGEID<\/a>)<\/span><span style=\"font-weight: 400\">. Es miembro del Instituto Universitario de Estudios de las Mujeres (IUEM, ULL) y participa en comisiones externas como la de los premios Tenerife Rural y la de Patrimonio Inmaterial (Cabildo de Tenerife), en la Asociaci\u00f3n de Mujeres Investigadoras y Tecn\u00f3logas (AMIT) y en otras redes internacionales sobres sus l\u00edneas de trabajo. Desde 2022 ha sido designada miembro del Consejo Cient\u00edfico del Paisaje Cultural de Risco Ca\u00eddo y las Monta\u00f1as Sagradas de Gran Canaria, desde el Instituto Insular para la gesti\u00f3n integrada del patrimonio mundial y la reserva de la biosfera de Gran Canaria, en el \u00e1mbito del patrimonio mundial de Gran Canaria.<\/span><\/p>\n<p style=\"text-align: justify\"><span style=\"font-weight: 400\">Sus l\u00edneas de investigaci\u00f3n son: migraciones, g\u00e9nero, identidades\/patrimonios culturales, pol\u00edticas culturales y de cooperaci\u00f3n al desarrollo, y metodolog\u00edas cualitativas. Participa en grupos de investigaci\u00f3n de la Universidad de las Palmas de Gran Canaria (ULPGC) y de la Universidad de Sevilla (US). Ha dirigido cinco tesis doctorales y ha participado en diversos tribunales de tesis y titularidades. Entre sus estancias de docencia e investigaci\u00f3n destaca en las universidades de Manchester (Reino Unido), Gainesville (EEUU), Burdeos (Francia, Beca Castillejo del Ministerio), Valencia (Venezuela), La Habana (Cuba), Bamako (Mali), Nuakchot (Mauritania) y otras.\u00a0<\/span><\/p>\n<p style=\"text-align: justify\"><span style=\"font-weight: 400\">Ha publicado alrededor de un centenar de obras, incluyendo libros, cap\u00edtulos de libros, art\u00edculos de impacto, documentales e informes. Destaca el grado de internacionalizaci\u00f3n, publicando monograf\u00edas en Brasil, M\u00e9xico, Venezuela, Francia y Espa\u00f1a en editoriales de impacto. Cuatro de los libros publicados tienen numerosas citas al ser publicaciones pioneras sobre migraciones atl\u00e1nticas (emigraci\u00f3n\/retorno) e identidades culturales, as\u00ed como una amplia difusi\u00f3n y rese\u00f1as en revistas como <em>Empiria<\/em> y <em>Revista de Indias<\/em>. (V\u00e9ase Dialnet, Google acad\u00e9mico, C\u00f3digo Orcid 0000-0002-0299-1958).<\/span><\/p>\n<p style=\"text-align: justify\"><span style=\"font-weight: 400\">Ha participado en una treintena de proyectos de investigaci\u00f3n de las l\u00edneas de trabajo mencionadas, gran parte de ellos con universidades espa\u00f1olas, latinoamericanas y africanas; de ellos cinco son I+D auton\u00f3micos (Gobierno de Canarias) y seis I+D nacionales. Tambi\u00e9n ha tenido una l\u00ednea de trabajo continua en proyectos competitivos de cooperaci\u00f3n internacional al desarrollo, subvencionados por la AECID, uno como participante y cuatro como IP; en la misma l\u00ednea ha sido promotora de numerosos convenios internacionales de cooperaci\u00f3n. Junto al grupo de investigaci\u00f3n que coordina ha participado en otros proyectos pre-competitivos, europeos y de innovaci\u00f3n de la ULL. Como evaluadora ha trabajado en programas educativos y de propuestas de movilidad (OAPEE), en proyectos de la Agencia Nacional de Evaluaci\u00f3n y Prospectiva (ANEP), as\u00ed como evaluadora de art\u00edculos para revistas nacionales e internacionales como <\/span><i><span style=\"font-weight: 400\">Identities,<\/span><\/i> <i><span style=\"font-weight: 400\">Anuario de Estudios Atl\u00e1nticos<\/span><\/i><span style=\"font-weight: 400\">, <\/span><i><span style=\"font-weight: 400\">Cuestiones de g\u00e9nero: de la igualdad a la diferencia<\/span><\/i><span style=\"font-weight: 400\">, <\/span><i><span style=\"font-weight: 400\">Words &amp; Silences<\/span><\/i><span style=\"font-weight: 400\">, <\/span><i><span style=\"font-weight: 400\">The Journal of the International Oral History Association<\/span><\/i><span style=\"font-weight: 400\">, <\/span><i><span style=\"font-weight: 400\">Simbi\u00f3tica<\/span><\/i><span style=\"font-weight: 400\">, <\/span><i><span style=\"font-weight: 400\">Culture &amp; History Digital Journal<\/span><\/i><span style=\"font-weight: 400\">, CIDOB, <\/span><i><span style=\"font-weight: 400\">Prisma Social, <\/span><\/i><span style=\"font-weight: 400\">etc.<\/span><\/p>\n<p>[\/vc_column_text][vc_custom_heading text=\u00bb<strong>Departamento<\/strong>\u00bb font_container=\u00bbtag:h4|text_align:left|color:%23535968&#8243; google_fonts=\u00bbfont_family:Roboto%20Slab%3A100%2C300%2Cregular%2C700|font_style:700%20bold%20regular%3A700%3Anormal\u00bb css=\u00bb.vc_custom_1744113423480{margin-bottom: 5px !important;border-bottom-width: 5px !important;padding-bottom: 5px !important;}\u00bb][vc_column_text]<\/p>\n<ul>\n<li><a href=\"https:\/\/portalciencia.ull.es\/unidades\/2904\/detalle\" target=\"_blank\" rel=\"noopener\">Sociolog\u00eda y Antropolog\u00eda<\/a><\/li>\n<\/ul>\n<p>[\/vc_column_text][vc_custom_heading text=\u00bb<strong>L\u00edneas de investigaci\u00f3n<\/strong>\u00bb font_container=\u00bbtag:h4|text_align:left|color:%23535968&#8243; google_fonts=\u00bbfont_family:Roboto%20Slab%3A100%2C300%2Cregular%2C700|font_style:700%20bold%20regular%3A700%3Anormal\u00bb][vc_column_text]<\/p>\n<ul>\n<li><span style=\"font-weight: 400\">Migraciones <\/span><\/li>\n<li><span style=\"font-weight: 400\">G\u00e9nero<\/span><\/li>\n<li><span style=\"font-weight: 400\">Identidades\/patrimonios culturales<\/span><\/li>\n<li><span style=\"font-weight: 400\">Pol\u00edticas culturales y de cooperaci\u00f3n al desarrollo<\/span><\/li>\n<li><span style=\"font-weight: 400\">Metodolog\u00edas cualitativas<\/span><\/li>\n<\/ul>\n<p>[\/vc_column_text][vc_custom_heading text=\u00bb<strong>Grupo de investigaci\u00f3n<\/strong>\u00bb font_container=\u00bbtag:h4|text_align:left|color:%23535968&#8243; google_fonts=\u00bbfont_family:Roboto%20Slab%3A100%2C300%2Cregular%2C700|font_style:700%20bold%20regular%3A700%3Anormal\u00bb css=\u00bb.vc_custom_1744113490634{margin-bottom: 5px !important;border-bottom-width: 5px !important;padding-bottom: 5px !important;}\u00bb][vc_column_text]<\/p>\n<ul>\n<li><a href=\"https:\/\/portalciencia.ull.es\/grupos\/6424\/detalle\" target=\"_blank\" rel=\"noopener\">Migraciones, g\u00e9nero e identidades. An\u00e1lisis y evaluaci\u00f3n de pol\u00edticas<\/a><\/li>\n<\/ul>\n<p>[\/vc_column_text][\/vc_column][vc_column width=\u00bb1\/3&#8243;][vc_empty_space height=\u00bb135px\u00bb][vc_custom_heading text=\u00bb<strong>V\u00eddeo<\/strong>\u00bb font_container=\u00bbtag:h4|text_align:left|color:%23535968&#8243; google_fonts=\u00bbfont_family:Roboto%20Slab%3A100%2C300%2Cregular%2C700|font_style:700%20bold%20regular%3A700%3Anormal\u00bb][vc_video link=\u00bbhttps:\/\/youtu.be\/lx8KAQljs_o\u00bb][vc_empty_space][vc_btn title=\u00bbSerie Todas con Cienci@ULL\u00bb color=\u00bbpeacoc\u00bb size=\u00bblg\u00bb align=\u00bbcenter\u00bb button_block=\u00bbtrue\u00bb css=\u00bb.vc_custom_1733316397775{margin-bottom: 3px !important;border-bottom-width: 3px !important;padding-bottom: 3px !important;}\u00bb link=\u00bburl:https%3A%2F%2Fwww.ull.es%2Fportal%2Fcienciaull%2F5a-temporada-todas-con-cienciull%2F|target:_blank\u00bb][vc_btn title=\u00bbProducci\u00f3n cient\u00edfica\u00bb color=\u00bbdanger\u00bb size=\u00bblg\u00bb align=\u00bbcenter\u00bb button_block=\u00bbtrue\u00bb css=\u00bb.vc_custom_1733316404497{margin-bottom: 3px !important;border-bottom-width: 3px !important;padding-bottom: 3px !important;}\u00bb link=\u00bburl:https%3A%2F%2Fportalciencia.ull.es%2Finvestigadores%2F81047%2Fdetalle|target:_blank\u00bb][vc_btn title=\u00bbFiguras destacadas\u00bb color=\u00bborange\u00bb size=\u00bblg\u00bb align=\u00bbcenter\u00bb button_block=\u00bbtrue\u00bb css=\u00bb.vc_custom_1733316410421{margin-bottom: 3px !important;border-bottom-width: 3px !important;padding-bottom: 3px !important;}\u00bb link=\u00bburl:https%3A%2F%2Fwww.ull.es%2Fportal%2Fcienciaull%2Fcalendario-investigaull%2Ffigurasdesta_investigaull%2F|target:_blank\u00bb][\/vc_column][\/vc_row]<\/p>\n","protected":false},"excerpt":{"rendered":"<p>[vc_row][vc_column][vc_empty_space][\/vc_column][\/vc_row][vc_row][vc_column width=\u00bb2\/3&#8243;][vc_empty_space css=\u00bb.vc_custom_1744113113588{margin-bottom: 3px !important;border-bottom-width: 3px !important;padding-bottom: 3px !important;}\u00bb][vc_custom_heading text=\u00bb\u00c1rea Ciencia y Sociedad\u00bb font_container=\u00bbtag:h2|text_align:left|color:%23d8478b\u00bb google_fonts=\u00bbfont_family:Roboto%20Slab%3A100%2C300%2Cregular%2C700|font_style:700%20bold%20regular%3A700%3Anormal\u00bb css=\u00bb.vc_custom_1744113134873{margin-bottom: 3px !important;border-bottom-width: 3px !important;padding-bottom: 3px !important;}\u00bb][vc_custom_heading text=\u00bbCap\u00edtulo 20. Carmen Ascanio S\u00e1nchez &#8211; Antrop\u00f3loga Social\u00bb font_container=\u00bbtag:h3|text_align:left|color:%23d8478b\u00bb google_fonts=\u00bbfont_family:Roboto%20Slab%3A100%2C300%2Cregular%2C700|font_style:700%20bold%20regular%3A700%3Anormal\u00bb css=\u00bb.vc_custom_1753954638012{margin-bottom: 5px !important;border-bottom-width: 5px !important;padding-bottom: 5px !important;}\u00bb][vc_custom_heading text=\u00bbBiograf\u00eda\u00bb font_container=\u00bbtag:h4|text_align:left|color:%23535968&#8243; google_fonts=\u00bbfont_family:Roboto%20Slab%3A100%2C300%2Cregular%2C700|font_style:700%20bold%20regular%3A700%3Anormal\u00bb css=\u00bb.vc_custom_1744113230220{margin-bottom: 5px !important;border-bottom-width: 5px !important;padding-bottom: 5px !important;}\u00bb][vc_column_text] Profesora Titular del Departamento de Sociolog\u00eda&#8230;<\/p>\n","protected":false},"author":56,"featured_media":0,"parent":0,"menu_order":0,"comment_status":"closed","ping_status":"closed","template":"templates\/cienciaull.php","meta":{"inline_featured_image":false,"footnotes":""},"acf":[],"yoast_head":"<!-- This site is optimized with the Yoast SEO plugin v21.3 - https:\/\/yoast.com\/wordpress\/plugins\/seo\/ -->\n<title>Carmen Ascanio - Ciencia y Sociedad -<\/title>\n<meta name=\"robots\" content=\"index, follow, max-snippet:-1, max-image-preview:large, max-video-preview:-1\" \/>\n<link rel=\"canonical\" href=\"https:\/\/www.ull.es\/portal\/cienciaull\/carmen-ascanio-ciencia-y-sociedad-2\/\" \/>\n<meta property=\"og:locale\" content=\"es_ES\" \/>\n<meta property=\"og:type\" content=\"article\" \/>\n<meta property=\"og:title\" content=\"Carmen Ascanio - Ciencia y Sociedad -\" \/>\n<meta property=\"og:description\" content=\"[vc_row][vc_column][vc_empty_space][\/vc_column][\/vc_row][vc_row][vc_column width=\u00bb2\/3&#8243;][vc_empty_space css=\u00bb.vc_custom_1744113113588{margin-bottom: 3px !important;border-bottom-width: 3px !important;padding-bottom: 3px !important;}\u00bb][vc_custom_heading text=\u00bb\u00c1rea Ciencia y Sociedad\u00bb font_container=\u00bbtag:h2|text_align:left|color:%23d8478b\u00bb google_fonts=\u00bbfont_family:Roboto%20Slab%3A100%2C300%2Cregular%2C700|font_style:700%20bold%20regular%3A700%3Anormal\u00bb css=\u00bb.vc_custom_1744113134873{margin-bottom: 3px !important;border-bottom-width: 3px !important;padding-bottom: 3px !important;}\u00bb][vc_custom_heading text=\u00bbCap\u00edtulo 20. Carmen Ascanio S\u00e1nchez &#8211; Antrop\u00f3loga Social\u00bb font_container=\u00bbtag:h3|text_align:left|color:%23d8478b\u00bb google_fonts=\u00bbfont_family:Roboto%20Slab%3A100%2C300%2Cregular%2C700|font_style:700%20bold%20regular%3A700%3Anormal\u00bb css=\u00bb.vc_custom_1753954638012{margin-bottom: 5px !important;border-bottom-width: 5px !important;padding-bottom: 5px !important;}\u00bb][vc_custom_heading text=\u00bbBiograf\u00eda\u00bb font_container=\u00bbtag:h4|text_align:left|color:%23535968&#8243; google_fonts=\u00bbfont_family:Roboto%20Slab%3A100%2C300%2Cregular%2C700|font_style:700%20bold%20regular%3A700%3Anormal\u00bb css=\u00bb.vc_custom_1744113230220{margin-bottom: 5px !important;border-bottom-width: 5px !important;padding-bottom: 5px !important;}\u00bb][vc_column_text] Profesora Titular del Departamento de Sociolog\u00eda...\" \/>\n<meta property=\"og:url\" content=\"https:\/\/www.ull.es\/portal\/cienciaull\/carmen-ascanio-ciencia-y-sociedad-2\/\" \/>\n<meta property=\"article:publisher\" content=\"https:\/\/www.facebook.com\/CienciaULL\/\" \/>\n<meta property=\"article:modified_time\" content=\"2025-07-31T09:37:20+00:00\" \/>\n<meta name=\"twitter:card\" content=\"summary_large_image\" \/>\n<meta name=\"twitter:site\" content=\"@CienciaULL\" \/>\n<meta name=\"twitter:label1\" content=\"Tiempo de lectura\" \/>\n\t<meta name=\"twitter:data1\" content=\"4 minutos\" \/>\n<script type=\"application\/ld+json\" class=\"yoast-schema-graph\">{\"@context\":\"https:\/\/schema.org\",\"@graph\":[{\"@type\":\"WebPage\",\"@id\":\"https:\/\/www.ull.es\/portal\/cienciaull\/carmen-ascanio-ciencia-y-sociedad-2\/\",\"url\":\"https:\/\/www.ull.es\/portal\/cienciaull\/carmen-ascanio-ciencia-y-sociedad-2\/\",\"name\":\"Carmen Ascanio - Ciencia y Sociedad -\",\"isPartOf\":{\"@id\":\"https:\/\/www.ull.es\/portal\/cienciaull\/#website\"},\"datePublished\":\"2024-10-16T13:16:51+00:00\",\"dateModified\":\"2025-07-31T09:37:20+00:00\",\"breadcrumb\":{\"@id\":\"https:\/\/www.ull.es\/portal\/cienciaull\/carmen-ascanio-ciencia-y-sociedad-2\/#breadcrumb\"},\"inLanguage\":\"es\",\"potentialAction\":[{\"@type\":\"ReadAction\",\"target\":[\"https:\/\/www.ull.es\/portal\/cienciaull\/carmen-ascanio-ciencia-y-sociedad-2\/\"]}]},{\"@type\":\"BreadcrumbList\",\"@id\":\"https:\/\/www.ull.es\/portal\/cienciaull\/carmen-ascanio-ciencia-y-sociedad-2\/#breadcrumb\",\"itemListElement\":[{\"@type\":\"ListItem\",\"position\":1,\"name\":\"Portada\",\"item\":\"https:\/\/www.ull.es\/portal\/cienciaull\/\"},{\"@type\":\"ListItem\",\"position\":2,\"name\":\"Carmen Ascanio &#8211; Ciencia y Sociedad\"}]},{\"@type\":\"WebSite\",\"@id\":\"https:\/\/www.ull.es\/portal\/cienciaull\/#website\",\"url\":\"https:\/\/www.ull.es\/portal\/cienciaull\/\",\"name\":\"\",\"description\":\"Unidad de Cultura Cient\u00edfica y de la Innovaci\u00f3n de la Universidad de La Laguna\",\"potentialAction\":[{\"@type\":\"SearchAction\",\"target\":{\"@type\":\"EntryPoint\",\"urlTemplate\":\"https:\/\/www.ull.es\/portal\/cienciaull\/?s={search_term_string}\"},\"query-input\":\"required name=search_term_string\"}],\"inLanguage\":\"es\"}]}<\/script>\n<!-- \/ Yoast SEO plugin. -->","yoast_head_json":{"title":"Carmen Ascanio - Ciencia y Sociedad -","robots":{"index":"index","follow":"follow","max-snippet":"max-snippet:-1","max-image-preview":"max-image-preview:large","max-video-preview":"max-video-preview:-1"},"canonical":"https:\/\/www.ull.es\/portal\/cienciaull\/carmen-ascanio-ciencia-y-sociedad-2\/","og_locale":"es_ES","og_type":"article","og_title":"Carmen Ascanio - Ciencia y Sociedad -","og_description":"[vc_row][vc_column][vc_empty_space][\/vc_column][\/vc_row][vc_row][vc_column width=\u00bb2\/3&#8243;][vc_empty_space css=\u00bb.vc_custom_1744113113588{margin-bottom: 3px !important;border-bottom-width: 3px !important;padding-bottom: 3px !important;}\u00bb][vc_custom_heading text=\u00bb\u00c1rea Ciencia y Sociedad\u00bb font_container=\u00bbtag:h2|text_align:left|color:%23d8478b\u00bb google_fonts=\u00bbfont_family:Roboto%20Slab%3A100%2C300%2Cregular%2C700|font_style:700%20bold%20regular%3A700%3Anormal\u00bb css=\u00bb.vc_custom_1744113134873{margin-bottom: 3px !important;border-bottom-width: 3px !important;padding-bottom: 3px !important;}\u00bb][vc_custom_heading text=\u00bbCap\u00edtulo 20. Carmen Ascanio S\u00e1nchez &#8211; Antrop\u00f3loga Social\u00bb font_container=\u00bbtag:h3|text_align:left|color:%23d8478b\u00bb google_fonts=\u00bbfont_family:Roboto%20Slab%3A100%2C300%2Cregular%2C700|font_style:700%20bold%20regular%3A700%3Anormal\u00bb css=\u00bb.vc_custom_1753954638012{margin-bottom: 5px !important;border-bottom-width: 5px !important;padding-bottom: 5px !important;}\u00bb][vc_custom_heading text=\u00bbBiograf\u00eda\u00bb font_container=\u00bbtag:h4|text_align:left|color:%23535968&#8243; google_fonts=\u00bbfont_family:Roboto%20Slab%3A100%2C300%2Cregular%2C700|font_style:700%20bold%20regular%3A700%3Anormal\u00bb css=\u00bb.vc_custom_1744113230220{margin-bottom: 5px !important;border-bottom-width: 5px !important;padding-bottom: 5px !important;}\u00bb][vc_column_text] Profesora Titular del Departamento de Sociolog\u00eda...","og_url":"https:\/\/www.ull.es\/portal\/cienciaull\/carmen-ascanio-ciencia-y-sociedad-2\/","article_publisher":"https:\/\/www.facebook.com\/CienciaULL\/","article_modified_time":"2025-07-31T09:37:20+00:00","twitter_card":"summary_large_image","twitter_site":"@CienciaULL","twitter_misc":{"Tiempo de lectura":"4 minutos"},"schema":{"@context":"https:\/\/schema.org","@graph":[{"@type":"WebPage","@id":"https:\/\/www.ull.es\/portal\/cienciaull\/carmen-ascanio-ciencia-y-sociedad-2\/","url":"https:\/\/www.ull.es\/portal\/cienciaull\/carmen-ascanio-ciencia-y-sociedad-2\/","name":"Carmen Ascanio - Ciencia y Sociedad -","isPartOf":{"@id":"https:\/\/www.ull.es\/portal\/cienciaull\/#website"},"datePublished":"2024-10-16T13:16:51+00:00","dateModified":"2025-07-31T09:37:20+00:00","breadcrumb":{"@id":"https:\/\/www.ull.es\/portal\/cienciaull\/carmen-ascanio-ciencia-y-sociedad-2\/#breadcrumb"},"inLanguage":"es","potentialAction":[{"@type":"ReadAction","target":["https:\/\/www.ull.es\/portal\/cienciaull\/carmen-ascanio-ciencia-y-sociedad-2\/"]}]},{"@type":"BreadcrumbList","@id":"https:\/\/www.ull.es\/portal\/cienciaull\/carmen-ascanio-ciencia-y-sociedad-2\/#breadcrumb","itemListElement":[{"@type":"ListItem","position":1,"name":"Portada","item":"https:\/\/www.ull.es\/portal\/cienciaull\/"},{"@type":"ListItem","position":2,"name":"Carmen Ascanio &#8211; Ciencia y Sociedad"}]},{"@type":"WebSite","@id":"https:\/\/www.ull.es\/portal\/cienciaull\/#website","url":"https:\/\/www.ull.es\/portal\/cienciaull\/","name":"","description":"Unidad de Cultura Cient\u00edfica y de la Innovaci\u00f3n de la Universidad de La Laguna","potentialAction":[{"@type":"SearchAction","target":{"@type":"EntryPoint","urlTemplate":"https:\/\/www.ull.es\/portal\/cienciaull\/?s={search_term_string}"},"query-input":"required name=search_term_string"}],"inLanguage":"es"}]}},"_links":{"self":[{"href":"https:\/\/www.ull.es\/portal\/cienciaull\/wp-json\/wp\/v2\/pages\/31694"}],"collection":[{"href":"https:\/\/www.ull.es\/portal\/cienciaull\/wp-json\/wp\/v2\/pages"}],"about":[{"href":"https:\/\/www.ull.es\/portal\/cienciaull\/wp-json\/wp\/v2\/types\/page"}],"author":[{"embeddable":true,"href":"https:\/\/www.ull.es\/portal\/cienciaull\/wp-json\/wp\/v2\/users\/56"}],"replies":[{"embeddable":true,"href":"https:\/\/www.ull.es\/portal\/cienciaull\/wp-json\/wp\/v2\/comments?post=31694"}],"version-history":[{"count":10,"href":"https:\/\/www.ull.es\/portal\/cienciaull\/wp-json\/wp\/v2\/pages\/31694\/revisions"}],"predecessor-version":[{"id":31697,"href":"https:\/\/www.ull.es\/portal\/cienciaull\/wp-json\/wp\/v2\/pages\/31694\/revisions\/31697"}],"wp:attachment":[{"href":"https:\/\/www.ull.es\/portal\/cienciaull\/wp-json\/wp\/v2\/media?parent=31694"}],"curies":[{"name":"wp","href":"https:\/\/api.w.org\/{rel}","templated":true}]}}