{"id":32766,"date":"2025-03-05T12:59:58","date_gmt":"2025-03-05T12:59:58","guid":{"rendered":"https:\/\/www.ull.es\/portal\/cienciaull\/?page_id=32766"},"modified":"2025-03-05T12:59:58","modified_gmt":"2025-03-05T12:59:58","slug":"almudena-gonzalez-brito","status":"publish","type":"page","link":"https:\/\/www.ull.es\/portal\/cienciaull\/almudena-gonzalez-brito\/","title":{"rendered":"Almudena Gonz\u00e1lez Brito"},"content":{"rendered":"<p>[vc_row][vc_column][vc_empty_space]\n<div id=\"rev_slider_29_1_wrapper\" class=\"rev_slider_wrapper fullwidthbanner-container\" data-source=\"gallery\" style=\"margin:0px auto;background:transparent;padding:-0px;margin-top:0px;margin-bottom:0px;\">\n<!-- START REVOLUTION SLIDER 5.4.7.3 fullwidth mode -->\n\t<div id=\"rev_slider_29_1\" class=\"rev_slider fullwidthabanner tp-overflow-hidden\" style=\"display:none;\" data-version=\"5.4.7.3\">\n<ul>\t<!-- SLIDE  -->\n\t<li data-index=\"rs-374\" data-transition=\"fade\" data-slotamount=\"default\" data-hideafterloop=\"0\" data-hideslideonmobile=\"off\"  data-easein=\"default\" data-easeout=\"default\" data-masterspeed=\"300\"  data-rotate=\"0\"  data-saveperformance=\"off\"  data-title=\"Slide\" data-param1=\"\" data-param2=\"\" data-param3=\"\" data-param4=\"\" data-param5=\"\" data-param6=\"\" data-param7=\"\" data-param8=\"\" data-param9=\"\" data-param10=\"\" data-description=\"\">\n\t\t<!-- MAIN IMAGE -->\n\t\t<img src=\"https:\/\/www.ull.es\/portal\/cienciaull\/wp-content\/plugins\/revslider\/admin\/assets\/images\/dummy.png\"  alt=\"\" title=\"Fondo Blanco\"  width=\"1600\" height=\"900\" data-lazyload=\"https:\/\/www.ull.es\/portal\/cienciaull\/wp-content\/uploads\/sites\/24\/2025\/01\/Fondo-Blanco.png\" data-bgposition=\"center center\" data-bgfit=\"cover\" class=\"rev-slidebg\" data-no-retina>\n\t\t<!-- LAYERS -->\n\n\t\t<!-- BACKGROUND VIDEO LAYER -->\n\t\t<div class=\"rs-background-video-layer\" \n\t\t\tdata-forcerewind=\"on\" \n\t\t\tdata-volume=\"mute\" \n\t\t\tdata-ytid=\"-Cg6y7u61ZU\" \n\t\t\tdata-videoattributes=\"version=3&amp;enablejsapi=1&amp;html5=1&amp;hd=1&wmode=opaque&showinfo=0&rel=0;;origin=https:\/\/www.ull.es;\" \n\t\t\tdata-videorate=\"1\" \n\t\t\tdata-videowidth=\"100%\" \n\t\t\tdata-videoheight=\"100%\" \n\t\t\tdata-videocontrols=\"none\" \n\t\t\tdata-videostartat=\"00:01\" \n\t\t\tdata-videoloop=\"loopandnoslidestop\" \n\t\t\tdata-forceCover=\"1\" \n\t\t\tdata-aspectratio=\"4:3\" \n\t\t\tdata-autoplay=\"true\" \n\t\t\tdata-autoplayonlyfirsttime=\"false\" \n><\/div>\t<\/li>\n<\/ul>\n<div class=\"tp-bannertimer tp-bottom\" style=\"visibility: hidden !important;\"><\/div>\t<\/div>\n<script>var htmlDiv = document.getElementById(\"rs-plugin-settings-inline-css\"); var htmlDivCss=\"\";\r\n\t\t\t\tif(htmlDiv) {\r\n\t\t\t\t\thtmlDiv.innerHTML = htmlDiv.innerHTML + htmlDivCss;\r\n\t\t\t\t}else{\r\n\t\t\t\t\tvar htmlDiv = document.createElement(\"div\");\r\n\t\t\t\t\thtmlDiv.innerHTML = \"<style>\" + htmlDivCss + \"<\/style>\";\r\n\t\t\t\t\tdocument.getElementsByTagName(\"head\")[0].appendChild(htmlDiv.childNodes[0]);\r\n\t\t\t\t}\r\n\t\t\t<\/script>\n\t\t<script type=\"text\/javascript\">\r\nif (setREVStartSize!==undefined) setREVStartSize(\r\n\t{c: '#rev_slider_29_1', responsiveLevels: [1240,1024,1024,1024], gridwidth: [3840,1200,1200,1200], gridheight: [800,500,500,500], sliderLayout: 'auto'});\r\n\t\t\t\r\nvar revapi29,\r\n\ttpj;\t\r\n(function() {\t\t\t\r\n\tif (!\/loaded|interactive|complete\/.test(document.readyState)) document.addEventListener(\"DOMContentLoaded\",onLoad); else onLoad();\t\r\n\tfunction onLoad() {\t\t\t\t\r\n\t\tif (tpj===undefined) { tpj = jQuery; if(\"off\" == \"on\") tpj.noConflict();}\r\n\tif(tpj(\"#rev_slider_29_1\").revolution == undefined){\n\t\trevslider_showDoubleJqueryError(\"#rev_slider_29_1\");\n\t}else{\n\t\trevapi29 = tpj(\"#rev_slider_29_1\").show().revolution({\n\t\t\tsliderType:\"carousel\",\n\t\t\tjsFileLocation:\"\/\/www.ull.es\/portal\/cienciaull\/wp-content\/plugins\/revslider\/public\/assets\/js\/\",\n\t\t\tsliderLayout:\"auto\",\n\t\t\tdottedOverlay:\"none\",\n\t\t\tdelay:9000,\n\t\t\tnavigation: {\n\t\t\t\tonHoverStop:\"off\",\n\t\t\t},\n\t\t\tcarousel: {\n\t\t\t\thorizontal_align: \"center\",\n\t\t\t\tvertical_align: \"center\",\n\t\t\t\tfadeout: \"on\",\n\t\t\t\tvary_fade: \"off\",\n\t\t\t\tmaxVisibleItems: 3,\n\t\t\t\tinfinity: \"off\",\n\t\t\t\tspace: 0,\n\t\t\t\tstretch: \"off\",\n \t\t\t\t\t\t\tshowLayersAllTime: \"off\",\n \t\t\t\t\t\t\teasing: \"Power3.easeInOut\",\n \t\t\t\t\t\t\tspeed: \"800\"\n\t\t\t},\n\t\t\tresponsiveLevels:[1240,1024,1024,1024],\n\t\t\tvisibilityLevels:[1240,1024,1024,1024],\n\t\t\tgridwidth:[3840,1200,1200,1200],\n\t\t\tgridheight:[800,500,500,500],\n\t\t\tlazyType:\"all\",\n\t\t\tshadow:0,\n\t\t\tspinner:\"off\",\n\t\t\tstopLoop:\"off\",\n\t\t\tstopAfterLoops:-1,\n\t\t\tstopAtSlide:-1,\n\t\t\tshuffle:\"off\",\n\t\t\tautoHeight:\"on\",\n\t\t\tdisableProgressBar:\"on\",\n\t\t\thideThumbsOnMobile:\"off\",\n\t\t\thideSliderAtLimit:0,\n\t\t\thideCaptionAtLimit:0,\n\t\t\thideAllCaptionAtLilmit:0,\n\t\t\tdebugMode:false,\n\t\t\tfallbacks: {\n\t\t\t\tallowHTML5AutoPlayOnAndroid: false,\n\t\t\t\tsimplifyAll:\"off\",\n\t\t\t\tnextSlideOnWindowFocus:\"off\",\n\t\t\t\tdisableFocusListener:false,\n\t\t\t}\n\t\t});\n\t}; \/* END OF revapi call *\/\n\t\n }; \/* END OF ON LOAD FUNCTION *\/\r\n}()); \/* END OF WRAPPING FUNCTION *\/\r\n<\/script>\r\n\t\t<\/div><!-- END REVOLUTION SLIDER -->[\/vc_column][\/vc_row][vc_row][vc_column width=\u00bb2\/3&#8243;][vc_empty_space css=\u00bb.vc_custom_1733127193376{margin-bottom: 3px !important;border-bottom-width: 3px !important;padding-bottom: 3px !important;}\u00bb][vc_custom_heading text=\u00bbAlmudena Gonz\u00e1lez Brito\u00bb font_container=\u00bbtag:h3|text_align:left|color:%2337a642&#8243; google_fonts=\u00bbfont_family:Roboto%20Slab%3A100%2C300%2Cregular%2C700|font_style:700%20bold%20regular%3A700%3Anormal\u00bb css=\u00bb.vc_custom_1737365287987{margin-bottom: 5px !important;border-bottom-width: 5px !important;padding-bottom: 5px !important;}\u00bb][vc_custom_heading text=\u00bb<strong>Biograf\u00eda<\/strong>\u00bb font_container=\u00bbtag:h4|text_align:left|color:%23535968&#8243; google_fonts=\u00bbfont_family:Roboto%20Slab%3A100%2C300%2Cregular%2C700|font_style:700%20bold%20regular%3A700%3Anormal\u00bb css=\u00bb.vc_custom_1733127221851{margin-bottom: 5px !important;border-bottom-width: 5px !important;padding-bottom: 5px !important;}\u00bb][vc_column_text css=\u00bb.vc_custom_1737365279915{margin-bottom: 5px !important;border-bottom-width: 5px !important;padding-bottom: 5px !important;}\u00bb]<\/p>\n<p style=\"text-align: justify\"><span style=\"font-weight: 400\">Es profesora superior de violonchelo y m\u00fasica de c\u00e1mara por el Conservatorio Superior de Tenerife. Gonz\u00e1lez realiz\u00f3 sus estudios de posgrado en Barcelona y \u00c1msterdam. Curs\u00f3 el m\u00e1ster en interpretaci\u00f3n musical en el Real Conservatorio de Bruselas. Es doctora por la Universidad de La Laguna (ULL) con la tesis <\/span><i><span style=\"font-weight: 400\">El violonchelo en la m\u00fasica contempor\u00e1nea: un estudio de la musicolog\u00eda carnal<\/span><\/i><span style=\"font-weight: 400\">, obteniendo el Premio Extraordinario de Doctorado 2016. Desde el a\u00f1o 2020 desarrolla su labor docente en la ULL.<\/span><\/p>\n<p style=\"text-align: justify\"><span style=\"font-weight: 400\">Su l\u00ednea de investigaci\u00f3n parte del marco conceptual de la musicolog\u00eda carnal y las implicaciones de los lenguajes art\u00edsticos contempor\u00e1neos y actuales mediante el an\u00e1lisis interdisciplinar de la neuromusicolog\u00eda y la neuroest\u00e9tica. Los resultados de sus estudios sobre las respuestas cerebrales a la interpretaci\u00f3n y percepci\u00f3n musical y de la danza muestran cambios significativos a los diferentes estilos musicales y coreogr\u00e1ficos. Sus investigaciones tratan sobre los beneficios de la escucha y la pr\u00e1ctica musical a todas las edades y sobre los gustos y estilos musicales presentes en nuestra sociedad.<\/span><\/p>\n<p style=\"text-align: justify\"><span style=\"font-weight: 400\">Su producci\u00f3n acad\u00e9mica abarca 9 art\u00edculos publicados, 8 cap\u00edtulos de libro, 6 aportaciones a congreso y la autor\u00eda de 1 libro.<\/span><\/p>\n<p style=\"text-align: justify\"><span style=\"font-weight: 400\">Pertenece al departamento de Historia del Arte y Filosof\u00eda de la ULL y a los grupos de investigaci\u00f3n Corporeidad: flujos de la comunicaci\u00f3n en la interpretaci\u00f3n de la neuroest\u00e9tica y el Laboratorio de Neuroqu\u00edmica y Neuroimagen.\u00a0<\/span><\/p>\n<p>[\/vc_column_text][vc_custom_heading text=\u00bb<strong>Departamento<\/strong>\u00bb font_container=\u00bbtag:h4|text_align:left|color:%23535968&#8243; google_fonts=\u00bbfont_family:Roboto%20Slab%3A100%2C300%2Cregular%2C700|font_style:700%20bold%20regular%3A700%3Anormal\u00bb css=\u00bb.vc_custom_1733127258219{margin-bottom: 5px !important;border-bottom-width: 5px !important;padding-bottom: 5px !important;}\u00bb][vc_column_text]<\/p>\n<ul>\n<li><a href=\"https:\/\/portalciencia.ull.es\/unidades\/2909\/detalle\" target=\"_blank\" rel=\"noopener\"><span style=\"font-weight: 400\">Historia del Arte y Filosof\u00eda<\/span><\/a><\/li>\n<\/ul>\n<p>[\/vc_column_text][vc_custom_heading text=\u00bb<strong>L\u00edneas de investigaci\u00f3n<\/strong>\u00bb font_container=\u00bbtag:h4|text_align:left|color:%23535968&#8243; google_fonts=\u00bbfont_family:Roboto%20Slab%3A100%2C300%2Cregular%2C700|font_style:700%20bold%20regular%3A700%3Anormal\u00bb css=\u00bb.vc_custom_1733127279185{margin-bottom: 5px !important;border-bottom-width: 5px !important;padding-bottom: 5px !important;}\u00bb][vc_column_text]<\/p>\n<ul>\n<li style=\"font-weight: 400\"><span style=\"font-weight: 400\">Musicolog\u00eda carnal y las implicaciones de los lenguajes art\u00edsticos contempor\u00e1neos y actuales mediante el an\u00e1lisis interdisciplinar de la neuromusicolog\u00eda y la neuroest\u00e9tica<\/span><\/li>\n<\/ul>\n<p>[\/vc_column_text][vc_custom_heading text=\u00bb<strong>Grupo de investigaci\u00f3n<\/strong>\u00bb font_container=\u00bbtag:h4|text_align:left|color:%23535968&#8243; google_fonts=\u00bbfont_family:Roboto%20Slab%3A100%2C300%2Cregular%2C700|font_style:700%20bold%20regular%3A700%3Anormal\u00bb css=\u00bb.vc_custom_1733127291726{margin-bottom: 5px !important;border-bottom-width: 5px !important;padding-bottom: 5px !important;}\u00bb][vc_column_text]<\/p>\n<ul>\n<li><a href=\"https:\/\/portalciencia.ull.es\/grupos\/24606\/detalle\" target=\"_blank\" rel=\"noopener\"><span style=\"font-weight: 400\">Corporeidad: flujos de la comunicaci\u00f3n en la interpretaci\u00f3n de la neuroest\u00e9tica<\/span><\/a><\/li>\n<li><a href=\"https:\/\/portalciencia.ull.es\/grupos\/6274\/detalle\" target=\"_blank\" rel=\"noopener\"><span style=\"font-weight: 400\">Laboratorio de Neuroqu\u00edmica y Neuroimagen<\/span><\/a><\/li>\n<\/ul>\n<p>[\/vc_column_text][\/vc_column][vc_column width=\u00bb1\/3&#8243;][vc_empty_space height=\u00bb135px\u00bb][vc_empty_space][vc_single_image image=\u00bb32768&#8243;][vc_btn title=\u00bbProducci\u00f3n cient\u00edfica\u00bb color=\u00bbviolet\u00bb size=\u00bblg\u00bb align=\u00bbcenter\u00bb button_block=\u00bbtrue\u00bb css=\u00bb.vc_custom_1737365477200{margin-bottom: 3px !important;border-bottom-width: 3px !important;padding-bottom: 3px !important;}\u00bb link=\u00bburl:https%3A%2F%2Fportalciencia.ull.es%2Finvestigadores%2F82488%2Fpublicaciones\u00bb][vc_btn title=\u00bbFiguras destacadas\u00bb color=\u00bbwarning\u00bb size=\u00bblg\u00bb align=\u00bbcenter\u00bb button_block=\u00bbtrue\u00bb css=\u00bb.vc_custom_1730806591815{margin-bottom: 3px !important;border-bottom-width: 3px !important;padding-bottom: 3px !important;}\u00bb link=\u00bburl:https%3A%2F%2Fwww.ull.es%2Fportal%2Fcienciaull%2Fcalendario-investigaull%2Ffigurasdesta_investigaull%2F\u00bb][\/vc_column][\/vc_row]<\/p>\n","protected":false},"excerpt":{"rendered":"<p>[vc_row][vc_column][vc_empty_space][\/vc_column][\/vc_row][vc_row][vc_column width=\u00bb2\/3&#8243;][vc_empty_space css=\u00bb.vc_custom_1733127193376{margin-bottom: 3px !important;border-bottom-width: 3px !important;padding-bottom: 3px !important;}\u00bb][vc_custom_heading text=\u00bbAlmudena Gonz\u00e1lez Brito\u00bb font_container=\u00bbtag:h3|text_align:left|color:%2337a642&#8243; google_fonts=\u00bbfont_family:Roboto%20Slab%3A100%2C300%2Cregular%2C700|font_style:700%20bold%20regular%3A700%3Anormal\u00bb css=\u00bb.vc_custom_1737365287987{margin-bottom: 5px !important;border-bottom-width: 5px !important;padding-bottom: 5px !important;}\u00bb][vc_custom_heading text=\u00bbBiograf\u00eda\u00bb font_container=\u00bbtag:h4|text_align:left|color:%23535968&#8243; google_fonts=\u00bbfont_family:Roboto%20Slab%3A100%2C300%2Cregular%2C700|font_style:700%20bold%20regular%3A700%3Anormal\u00bb css=\u00bb.vc_custom_1733127221851{margin-bottom: 5px !important;border-bottom-width: 5px !important;padding-bottom: 5px !important;}\u00bb][vc_column_text css=\u00bb.vc_custom_1737365279915{margin-bottom: 5px !important;border-bottom-width: 5px !important;padding-bottom: 5px !important;}\u00bb] Es profesora superior de violonchelo y m\u00fasica de c\u00e1mara por el Conservatorio Superior de Tenerife. Gonz\u00e1lez realiz\u00f3&#8230;<\/p>\n","protected":false},"author":56,"featured_media":0,"parent":0,"menu_order":0,"comment_status":"closed","ping_status":"closed","template":"templates\/cienciaull.php","meta":{"inline_featured_image":false,"footnotes":""},"acf":[],"yoast_head":"<!-- This site is optimized with the Yoast SEO plugin v21.3 - https:\/\/yoast.com\/wordpress\/plugins\/seo\/ -->\n<title>Almudena Gonz\u00e1lez Brito -<\/title>\n<meta name=\"robots\" content=\"index, follow, max-snippet:-1, max-image-preview:large, max-video-preview:-1\" \/>\n<link rel=\"canonical\" href=\"https:\/\/www.ull.es\/portal\/cienciaull\/almudena-gonzalez-brito\/\" \/>\n<meta property=\"og:locale\" content=\"es_ES\" \/>\n<meta property=\"og:type\" content=\"article\" \/>\n<meta property=\"og:title\" content=\"Almudena Gonz\u00e1lez Brito -\" \/>\n<meta property=\"og:description\" content=\"[vc_row][vc_column][vc_empty_space][\/vc_column][\/vc_row][vc_row][vc_column width=\u00bb2\/3&#8243;][vc_empty_space css=\u00bb.vc_custom_1733127193376{margin-bottom: 3px !important;border-bottom-width: 3px !important;padding-bottom: 3px !important;}\u00bb][vc_custom_heading text=\u00bbAlmudena Gonz\u00e1lez Brito\u00bb font_container=\u00bbtag:h3|text_align:left|color:%2337a642&#8243; google_fonts=\u00bbfont_family:Roboto%20Slab%3A100%2C300%2Cregular%2C700|font_style:700%20bold%20regular%3A700%3Anormal\u00bb css=\u00bb.vc_custom_1737365287987{margin-bottom: 5px !important;border-bottom-width: 5px !important;padding-bottom: 5px !important;}\u00bb][vc_custom_heading text=\u00bbBiograf\u00eda\u00bb font_container=\u00bbtag:h4|text_align:left|color:%23535968&#8243; google_fonts=\u00bbfont_family:Roboto%20Slab%3A100%2C300%2Cregular%2C700|font_style:700%20bold%20regular%3A700%3Anormal\u00bb css=\u00bb.vc_custom_1733127221851{margin-bottom: 5px !important;border-bottom-width: 5px !important;padding-bottom: 5px !important;}\u00bb][vc_column_text css=\u00bb.vc_custom_1737365279915{margin-bottom: 5px !important;border-bottom-width: 5px !important;padding-bottom: 5px !important;}\u00bb] Es profesora superior de violonchelo y m\u00fasica de c\u00e1mara por el Conservatorio Superior de Tenerife. Gonz\u00e1lez realiz\u00f3...\" \/>\n<meta property=\"og:url\" content=\"https:\/\/www.ull.es\/portal\/cienciaull\/almudena-gonzalez-brito\/\" \/>\n<meta property=\"article:publisher\" content=\"https:\/\/www.facebook.com\/CienciaULL\/\" \/>\n<meta name=\"twitter:card\" content=\"summary_large_image\" \/>\n<meta name=\"twitter:site\" content=\"@CienciaULL\" \/>\n<meta name=\"twitter:label1\" content=\"Tiempo de lectura\" \/>\n\t<meta name=\"twitter:data1\" content=\"2 minutos\" \/>\n<script type=\"application\/ld+json\" class=\"yoast-schema-graph\">{\"@context\":\"https:\/\/schema.org\",\"@graph\":[{\"@type\":\"WebPage\",\"@id\":\"https:\/\/www.ull.es\/portal\/cienciaull\/almudena-gonzalez-brito\/\",\"url\":\"https:\/\/www.ull.es\/portal\/cienciaull\/almudena-gonzalez-brito\/\",\"name\":\"Almudena Gonz\u00e1lez Brito -\",\"isPartOf\":{\"@id\":\"https:\/\/www.ull.es\/portal\/cienciaull\/#website\"},\"datePublished\":\"2025-03-05T12:59:58+00:00\",\"dateModified\":\"2025-03-05T12:59:58+00:00\",\"breadcrumb\":{\"@id\":\"https:\/\/www.ull.es\/portal\/cienciaull\/almudena-gonzalez-brito\/#breadcrumb\"},\"inLanguage\":\"es\",\"potentialAction\":[{\"@type\":\"ReadAction\",\"target\":[\"https:\/\/www.ull.es\/portal\/cienciaull\/almudena-gonzalez-brito\/\"]}]},{\"@type\":\"BreadcrumbList\",\"@id\":\"https:\/\/www.ull.es\/portal\/cienciaull\/almudena-gonzalez-brito\/#breadcrumb\",\"itemListElement\":[{\"@type\":\"ListItem\",\"position\":1,\"name\":\"Portada\",\"item\":\"https:\/\/www.ull.es\/portal\/cienciaull\/\"},{\"@type\":\"ListItem\",\"position\":2,\"name\":\"Almudena Gonz\u00e1lez Brito\"}]},{\"@type\":\"WebSite\",\"@id\":\"https:\/\/www.ull.es\/portal\/cienciaull\/#website\",\"url\":\"https:\/\/www.ull.es\/portal\/cienciaull\/\",\"name\":\"\",\"description\":\"Unidad de Cultura Cient\u00edfica y de la Innovaci\u00f3n de la Universidad de La Laguna\",\"potentialAction\":[{\"@type\":\"SearchAction\",\"target\":{\"@type\":\"EntryPoint\",\"urlTemplate\":\"https:\/\/www.ull.es\/portal\/cienciaull\/?s={search_term_string}\"},\"query-input\":\"required name=search_term_string\"}],\"inLanguage\":\"es\"}]}<\/script>\n<!-- \/ Yoast SEO plugin. -->","yoast_head_json":{"title":"Almudena Gonz\u00e1lez Brito -","robots":{"index":"index","follow":"follow","max-snippet":"max-snippet:-1","max-image-preview":"max-image-preview:large","max-video-preview":"max-video-preview:-1"},"canonical":"https:\/\/www.ull.es\/portal\/cienciaull\/almudena-gonzalez-brito\/","og_locale":"es_ES","og_type":"article","og_title":"Almudena Gonz\u00e1lez Brito -","og_description":"[vc_row][vc_column][vc_empty_space][\/vc_column][\/vc_row][vc_row][vc_column width=\u00bb2\/3&#8243;][vc_empty_space css=\u00bb.vc_custom_1733127193376{margin-bottom: 3px !important;border-bottom-width: 3px !important;padding-bottom: 3px !important;}\u00bb][vc_custom_heading text=\u00bbAlmudena Gonz\u00e1lez Brito\u00bb font_container=\u00bbtag:h3|text_align:left|color:%2337a642&#8243; google_fonts=\u00bbfont_family:Roboto%20Slab%3A100%2C300%2Cregular%2C700|font_style:700%20bold%20regular%3A700%3Anormal\u00bb css=\u00bb.vc_custom_1737365287987{margin-bottom: 5px !important;border-bottom-width: 5px !important;padding-bottom: 5px !important;}\u00bb][vc_custom_heading text=\u00bbBiograf\u00eda\u00bb font_container=\u00bbtag:h4|text_align:left|color:%23535968&#8243; google_fonts=\u00bbfont_family:Roboto%20Slab%3A100%2C300%2Cregular%2C700|font_style:700%20bold%20regular%3A700%3Anormal\u00bb css=\u00bb.vc_custom_1733127221851{margin-bottom: 5px !important;border-bottom-width: 5px !important;padding-bottom: 5px !important;}\u00bb][vc_column_text css=\u00bb.vc_custom_1737365279915{margin-bottom: 5px !important;border-bottom-width: 5px !important;padding-bottom: 5px !important;}\u00bb] Es profesora superior de violonchelo y m\u00fasica de c\u00e1mara por el Conservatorio Superior de Tenerife. Gonz\u00e1lez realiz\u00f3...","og_url":"https:\/\/www.ull.es\/portal\/cienciaull\/almudena-gonzalez-brito\/","article_publisher":"https:\/\/www.facebook.com\/CienciaULL\/","twitter_card":"summary_large_image","twitter_site":"@CienciaULL","twitter_misc":{"Tiempo de lectura":"2 minutos"},"schema":{"@context":"https:\/\/schema.org","@graph":[{"@type":"WebPage","@id":"https:\/\/www.ull.es\/portal\/cienciaull\/almudena-gonzalez-brito\/","url":"https:\/\/www.ull.es\/portal\/cienciaull\/almudena-gonzalez-brito\/","name":"Almudena Gonz\u00e1lez Brito -","isPartOf":{"@id":"https:\/\/www.ull.es\/portal\/cienciaull\/#website"},"datePublished":"2025-03-05T12:59:58+00:00","dateModified":"2025-03-05T12:59:58+00:00","breadcrumb":{"@id":"https:\/\/www.ull.es\/portal\/cienciaull\/almudena-gonzalez-brito\/#breadcrumb"},"inLanguage":"es","potentialAction":[{"@type":"ReadAction","target":["https:\/\/www.ull.es\/portal\/cienciaull\/almudena-gonzalez-brito\/"]}]},{"@type":"BreadcrumbList","@id":"https:\/\/www.ull.es\/portal\/cienciaull\/almudena-gonzalez-brito\/#breadcrumb","itemListElement":[{"@type":"ListItem","position":1,"name":"Portada","item":"https:\/\/www.ull.es\/portal\/cienciaull\/"},{"@type":"ListItem","position":2,"name":"Almudena Gonz\u00e1lez Brito"}]},{"@type":"WebSite","@id":"https:\/\/www.ull.es\/portal\/cienciaull\/#website","url":"https:\/\/www.ull.es\/portal\/cienciaull\/","name":"","description":"Unidad de Cultura Cient\u00edfica y de la Innovaci\u00f3n de la Universidad de La Laguna","potentialAction":[{"@type":"SearchAction","target":{"@type":"EntryPoint","urlTemplate":"https:\/\/www.ull.es\/portal\/cienciaull\/?s={search_term_string}"},"query-input":"required name=search_term_string"}],"inLanguage":"es"}]}},"_links":{"self":[{"href":"https:\/\/www.ull.es\/portal\/cienciaull\/wp-json\/wp\/v2\/pages\/32766"}],"collection":[{"href":"https:\/\/www.ull.es\/portal\/cienciaull\/wp-json\/wp\/v2\/pages"}],"about":[{"href":"https:\/\/www.ull.es\/portal\/cienciaull\/wp-json\/wp\/v2\/types\/page"}],"author":[{"embeddable":true,"href":"https:\/\/www.ull.es\/portal\/cienciaull\/wp-json\/wp\/v2\/users\/56"}],"replies":[{"embeddable":true,"href":"https:\/\/www.ull.es\/portal\/cienciaull\/wp-json\/wp\/v2\/comments?post=32766"}],"version-history":[{"count":2,"href":"https:\/\/www.ull.es\/portal\/cienciaull\/wp-json\/wp\/v2\/pages\/32766\/revisions"}],"predecessor-version":[{"id":32769,"href":"https:\/\/www.ull.es\/portal\/cienciaull\/wp-json\/wp\/v2\/pages\/32766\/revisions\/32769"}],"wp:attachment":[{"href":"https:\/\/www.ull.es\/portal\/cienciaull\/wp-json\/wp\/v2\/media?parent=32766"}],"curies":[{"name":"wp","href":"https:\/\/api.w.org\/{rel}","templated":true}]}}