{"id":33303,"date":"2025-02-05T11:08:59","date_gmt":"2025-02-05T11:08:59","guid":{"rendered":"https:\/\/www.ull.es\/portal\/cienciaull\/?page_id=33303"},"modified":"2025-02-28T14:29:51","modified_gmt":"2025-02-28T14:29:51","slug":"ii-congreso-escolar-de-paleontologia","status":"publish","type":"page","link":"https:\/\/www.ull.es\/portal\/cienciaull\/ii-congreso-escolar-de-paleontologia\/","title":{"rendered":"II Congreso Escolar de Paleontolog\u00eda"},"content":{"rendered":"<p>[vc_row][vc_column]\n<div id=\"rev_slider_327_1_wrapper\" class=\"rev_slider_wrapper fullwidthbanner-container\" data-source=\"gallery\" style=\"margin:0px auto;background:transparent;padding:0px;margin-top:0px;margin-bottom:0px;\">\n<!-- START REVOLUTION SLIDER 5.4.7.3 fullwidth mode -->\n\t<div id=\"rev_slider_327_1\" class=\"rev_slider fullwidthabanner\" style=\"display:none;\" data-version=\"5.4.7.3\">\n<ul>\t<!-- SLIDE  -->\n\t<li data-index=\"rs-380\" data-transition=\"fade\" data-slotamount=\"default\" data-hideafterloop=\"0\" data-hideslideonmobile=\"off\"  data-easein=\"default\" data-easeout=\"default\" data-masterspeed=\"300\"  data-rotate=\"0\"  data-saveperformance=\"off\"  data-title=\"Slide\" data-param1=\"\" data-param2=\"\" data-param3=\"\" data-param4=\"\" data-param5=\"\" data-param6=\"\" data-param7=\"\" data-param8=\"\" data-param9=\"\" data-param10=\"\" data-description=\"\">\n\t\t<!-- MAIN IMAGE -->\n\t\t<img src=\"https:\/\/www.ull.es\/portal\/cienciaull\/wp-content\/plugins\/revslider\/admin\/assets\/images\/transparent.png\"  alt=\"\" title=\"II Congreso Escolar de Paleontolog\u00eda\"  data-bgposition=\"center center\" data-bgfit=\"cover\" data-bgrepeat=\"no-repeat\" class=\"rev-slidebg\" data-no-retina>\n\t\t<!-- LAYERS -->\n\n\t\t<!-- LAYER NR. 1 -->\n\t\t<div class=\"tp-caption   tp-resizeme\" \n\t\t\t id=\"slide-380-layer-5\" \n\t\t\t data-x=\"4\" \n\t\t\t data-y=\"1\" \n\t\t\t\t\t\tdata-width=\"['none','none','none','none']\"\n\t\t\tdata-height=\"['none','none','none','none']\"\n \n\t\t\tdata-type=\"image\" \n\t\t\tdata-responsive_offset=\"on\" \n\n\t\t\tdata-frames='[{\"delay\":0,\"speed\":300,\"frame\":\"0\",\"from\":\"opacity:0;\",\"to\":\"o:1;\",\"ease\":\"Power3.easeInOut\"},{\"delay\":\"wait\",\"speed\":300,\"frame\":\"999\",\"to\":\"opacity:0;\",\"ease\":\"Power3.easeInOut\"}]'\n\t\t\tdata-textAlign=\"['inherit','inherit','inherit','inherit']\"\n\t\t\tdata-paddingtop=\"[0,0,0,0]\"\n\t\t\tdata-paddingright=\"[0,0,0,0]\"\n\t\t\tdata-paddingbottom=\"[0,0,0,0]\"\n\t\t\tdata-paddingleft=\"[0,0,0,0]\"\n\n\t\t\tstyle=\"z-index: 6;\"><img src=\"https:\/\/www.ull.es\/portal\/cienciaull\/wp-content\/uploads\/sites\/24\/2025\/02\/Diseno-con-loro-parque.jpg\" alt=\"\" data-ww=\"1495px\" data-hh=\"498px\" width=\"1600\" height=\"533\" data-no-retina> <\/div>\n\t<\/li>\n<\/ul>\n<div class=\"tp-bannertimer tp-bottom\" style=\"visibility: hidden !important;\"><\/div>\t<\/div>\n<script>var htmlDiv = document.getElementById(\"rs-plugin-settings-inline-css\"); var htmlDivCss=\"\";\r\n\t\t\t\tif(htmlDiv) {\r\n\t\t\t\t\thtmlDiv.innerHTML = htmlDiv.innerHTML + htmlDivCss;\r\n\t\t\t\t}else{\r\n\t\t\t\t\tvar htmlDiv = document.createElement(\"div\");\r\n\t\t\t\t\thtmlDiv.innerHTML = \"<style>\" + htmlDivCss + \"<\/style>\";\r\n\t\t\t\t\tdocument.getElementsByTagName(\"head\")[0].appendChild(htmlDiv.childNodes[0]);\r\n\t\t\t\t}\r\n\t\t\t<\/script>\n\t\t<script type=\"text\/javascript\">\r\nif (setREVStartSize!==undefined) setREVStartSize(\r\n\t{c: '#rev_slider_327_1', gridwidth: [1500], gridheight: [500], sliderLayout: 'auto'});\r\n\t\t\t\r\nvar revapi327,\r\n\ttpj;\t\r\n(function() {\t\t\t\r\n\tif (!\/loaded|interactive|complete\/.test(document.readyState)) document.addEventListener(\"DOMContentLoaded\",onLoad); else onLoad();\t\r\n\tfunction onLoad() {\t\t\t\t\r\n\t\tif (tpj===undefined) { tpj = jQuery; if(\"off\" == \"on\") tpj.noConflict();}\r\n\tif(tpj(\"#rev_slider_327_1\").revolution == undefined){\n\t\trevslider_showDoubleJqueryError(\"#rev_slider_327_1\");\n\t}else{\n\t\trevapi327 = tpj(\"#rev_slider_327_1\").show().revolution({\n\t\t\tsliderType:\"hero\",\n\t\t\tjsFileLocation:\"\/\/www.ull.es\/portal\/cienciaull\/wp-content\/plugins\/revslider\/public\/assets\/js\/\",\n\t\t\tsliderLayout:\"auto\",\n\t\t\tdottedOverlay:\"none\",\n\t\t\tdelay:9000,\n\t\t\tvisibilityLevels:[1240,1024,778,480],\n\t\t\tgridwidth:1500,\n\t\t\tgridheight:500,\n\t\t\tlazyType:\"none\",\n\t\t\tshadow:0,\n\t\t\tspinner:\"spinner0\",\n\t\t\tautoHeight:\"off\",\n\t\t\tdisableProgressBar:\"on\",\n\t\t\thideThumbsOnMobile:\"off\",\n\t\t\thideSliderAtLimit:0,\n\t\t\thideCaptionAtLimit:0,\n\t\t\thideAllCaptionAtLilmit:0,\n\t\t\tdebugMode:false,\n\t\t\tfallbacks: {\n\t\t\t\tsimplifyAll:\"off\",\n\t\t\t\tdisableFocusListener:false,\n\t\t\t}\n\t\t});\n\t}; \/* END OF revapi call *\/\n\t\n }; \/* END OF ON LOAD FUNCTION *\/\r\n}()); \/* END OF WRAPPING FUNCTION *\/\r\n<\/script>\r\n\t\t<\/div><!-- END REVOLUTION SLIDER -->[vc_separator color=\u00bbturquoise\u00bb style=\u00bbdouble\u00bb border_width=\u00bb5&#8243;][\/vc_column][\/vc_row][vc_row][vc_column][vc_empty_space height=\u00bb40&#8243;][vc_column_text css=\u00bb.vc_custom_1738761379966{padding-top: -15px !important;}\u00bb]<\/p>\n<h1 style=\"text-align: justify\"><span style=\"color: #2c4898\"><strong>Introducci\u00f3n<\/strong><\/span><\/h1>\n<p style=\"text-align: justify\"><span style=\"font-weight: 400\">La Facultad de Ciencias de la Universidad de La Laguna, a trav\u00e9s del \u00e1rea de Paleontolog\u00eda y en colaboraci\u00f3n con Biodelega, Ciencia@ULL, la Sociedad Espa\u00f1ola de Paleontolog\u00eda y Loro Parque Fundaci\u00f3n, organiza el <\/span><b>II Congreso Escolar de Paleontolog\u00eda <\/b><span style=\"font-weight: 400\">de dicha universidad<\/span><b>.<\/b> T<span style=\"font-weight: 400\">iene como principal objetivo fomentar, entre el alumnado escolar, el uso y la valorizaci\u00f3n de los recursos paleontol\u00f3gicos de nuestras islas y contribuir a adquirir competencias sobre la Historia de la Vida, el cambio clim\u00e1tico o el uso de las tecnolog\u00eda 3D a partir de los f\u00f3siles.<\/span><\/p>\n<p style=\"text-align: justify\"><span style=\"font-weight: 400\">Este evento est\u00e1 dirigido a estudiantes de <\/span><b>5\u00ba y 6\u00ba de primaria, ESO y 1\u00ba de Bachillerato<\/b><span style=\"font-weight: 400\">, con el objetivo de fomentar el uso y la valorizaci\u00f3n del patrimonio paleontol\u00f3gico de la Universidad, promoviendo a su vez la adquisici\u00f3n de competencias sobre la Historia de la Vida, el cambio clim\u00e1tico y el uso de tecnolog\u00edas 3D en el an\u00e1lisis de f\u00f3siles.<\/span><\/p>\n<p style=\"text-align: justify\"><span style=\"font-weight: 400\">El congreso se celebrar\u00e1 el <\/span><b>8 de abril de 2025<\/b><span style=\"font-weight: 400\">, en el<\/span><b> Sal\u00f3n de Actos de la Secci\u00f3n de Biolog\u00eda <\/b><span style=\"font-weight: 400\">de la Facultad de Ciencias de la ULL, de <\/span><b>9:00 a 13:00 horas.<\/b><\/p>\n<p>[\/vc_column_text][\/vc_column][\/vc_row][vc_row][vc_column width=\u00bb2\/3&#8243;][vc_column_text]<\/p>\n<h1><strong><span style=\"color: #2c4898\">Modalidad de participaci\u00f3n<\/span><\/strong><\/h1>\n<p><span style=\"font-weight: 400\">El II Congreso Escolar de Paleontolog\u00eda contempla tres modalidades de participaci\u00f3n, de acuerdo al nivel educativo:<\/span><\/p>\n<ul>\n<li style=\"font-weight: 400\"><b>Primaria:<\/b><span style=\"font-weight: 400\"> 5\u00ba y 6\u00ba de educaci\u00f3n primaria<\/span><\/li>\n<li style=\"font-weight: 400\"><b>ESO:<\/b><span style=\"font-weight: 400\"> Educaci\u00f3n Secundaria Obligatoria<\/span><\/li>\n<li style=\"font-weight: 400\"><b>Bachillerato:<\/b><span style=\"font-weight: 400\"> 1\u00ba de Bachillerato<\/span><\/li>\n<\/ul>\n<p style=\"text-align: justify\"><span style=\"font-weight: 400\">Los grupos participantes deber\u00e1n estar conformados por un m\u00ednimo de 8 y un m\u00e1ximo de 15 estudiantes. Cada grupo presentar\u00e1 tanto una comunicaci\u00f3n oral como un p\u00f3ster sobre un recurso paleontol\u00f3gico de Canarias, los cuales ser\u00e1n evaluados de manera conjunta por un tribunal de expertos. Los p\u00f3steres permanecer\u00e1n en exposici\u00f3n en la Universidad de La Laguna tras el evento.<\/span><\/p>\n<p style=\"text-align: justify\"><span style=\"font-weight: 400\">Los resultados ser\u00e1n presentados durante el acto, siendo el tiempo m\u00e1ximo de presentaci\u00f3n estipulado <\/span><b>15 minutos por grupo.\u00a0<\/b><\/p>\n<p style=\"text-align: justify\"><span style=\"font-weight: 400\">Los premios para cada modalidad estar\u00e1n valorados en 400 euros, que se destinar\u00e1n a material escolar para el centro educativo ganador. Este premio tiene como objetivo apoyar el desarrollo educativo de los estudiantes, proporcionando recursos que favorezcan su aprendizaje.<\/span><\/p>\n<p><strong>Fecha l\u00edmite 04\/03\/2025<\/strong>[\/vc_column_text][\/vc_column][vc_column width=\u00bb1\/3&#8243;][vc_empty_space height=\u00bb50px\u00bb][vc_btn title=\u00bbBases\u00bb color=\u00bbprimary\u00bb size=\u00bblg\u00bb align=\u00bbcenter\u00bb button_block=\u00bbtrue\u00bb link=\u00bburl:https%3A%2F%2Fdrive.google.com%2Ffile%2Fd%2F1VSK5HLcRRs-aEunBna3gyqdfse0vcZJZ%2Fview%3Fusp%3Dsharing\u00bb css=\u00bb.vc_custom_1740752982250{margin-bottom: 3px !important;border-bottom-width: 3px !important;padding-bottom: 3px !important;}\u00bb][vc_btn title=\u00bbInscripci\u00f3n\u00bb color=\u00bbwarning\u00bb size=\u00bblg\u00bb align=\u00bbcenter\u00bb button_block=\u00bbtrue\u00bb link=\u00bburl:https%3A%2F%2Fdocs.google.com%2Fforms%2Fd%2Fe%2F1FAIpQLSfJ-QLumw9NQjkqN-ABkJmN9FKRY5ZX3aa0OzPf3fVGDdxQcA%2Fviewform%3Fusp%3Dsharing\u00bb css=\u00bb.vc_custom_1740752962329{margin-top: 3px !important;border-top-width: 3px !important;padding-top: 3px !important;}\u00bb][vc_empty_space][vc_single_image image=\u00bb33324&#8243; alignment=\u00bbcenter\u00bb][\/vc_column][\/vc_row][vc_row][vc_column width=\u00bb2\/3&#8243;][vc_column_text css=\u00bb.vc_custom_1738761983552{padding-top: -15px !important;}\u00bb]<\/p>\n<h1 style=\"text-align: justify\"><span style=\"color: #2c4898\"><strong>Programa del acto<\/strong><\/span><\/h1>\n<p><b>9:00 &#8211; 9:30 h<\/b><span style=\"font-weight: 400\">: Recepci\u00f3n de los participantes e inauguraci\u00f3n<\/span><\/p>\n<p><b>9:30 &#8211; 11:30 h<\/b><span style=\"font-weight: 400\">: Comunicaciones orales<\/span><\/p>\n<p><b>11:30 &#8211; 12:00 h<\/b><span style=\"font-weight: 400\">: Descanso para el almuerzo<\/span><\/p>\n<p style=\"text-align: justify\"><span style=\"font-weight: 400\"><b>12:00 &#8211; 13:00 h<\/b>: Entrega de premios y cierre de la actividad<\/span><b><\/b><\/p>\n<p>[\/vc_column_text][\/vc_column][vc_column width=\u00bb1\/3&#8243;][\/vc_column][\/vc_row]<\/p>\n","protected":false},"excerpt":{"rendered":"<p>[vc_row][vc_column][vc_separator color=\u00bbturquoise\u00bb style=\u00bbdouble\u00bb border_width=\u00bb5&#8243;][\/vc_column][\/vc_row][vc_row][vc_column][vc_empty_space height=\u00bb40&#8243;][vc_column_text css=\u00bb.vc_custom_1738761379966{padding-top: -15px !important;}\u00bb] Introducci\u00f3n La Facultad de Ciencias de la Universidad de La Laguna, a trav\u00e9s del \u00e1rea de Paleontolog\u00eda y en colaboraci\u00f3n con Biodelega, Ciencia@ULL, la Sociedad Espa\u00f1ola de Paleontolog\u00eda y Loro Parque Fundaci\u00f3n, organiza el II Congreso Escolar de Paleontolog\u00eda de dicha universidad. Tiene como principal objetivo fomentar,&#8230;<\/p>\n","protected":false},"author":56,"featured_media":0,"parent":0,"menu_order":0,"comment_status":"closed","ping_status":"closed","template":"templates\/cienciaull.php","meta":{"inline_featured_image":false,"footnotes":""},"acf":[],"yoast_head":"<!-- This site is optimized with the Yoast SEO plugin v21.3 - https:\/\/yoast.com\/wordpress\/plugins\/seo\/ -->\n<title>II Congreso Escolar de Paleontolog\u00eda -<\/title>\n<meta name=\"robots\" content=\"index, follow, max-snippet:-1, max-image-preview:large, max-video-preview:-1\" \/>\n<link rel=\"canonical\" href=\"https:\/\/www.ull.es\/portal\/cienciaull\/ii-congreso-escolar-de-paleontologia\/\" \/>\n<meta property=\"og:locale\" content=\"es_ES\" \/>\n<meta property=\"og:type\" content=\"article\" \/>\n<meta property=\"og:title\" content=\"II Congreso Escolar de Paleontolog\u00eda -\" \/>\n<meta property=\"og:description\" content=\"[vc_row][vc_column][vc_separator color=\u00bbturquoise\u00bb style=\u00bbdouble\u00bb border_width=\u00bb5&#8243;][\/vc_column][\/vc_row][vc_row][vc_column][vc_empty_space height=\u00bb40&#8243;][vc_column_text css=\u00bb.vc_custom_1738761379966{padding-top: -15px !important;}\u00bb] Introducci\u00f3n La Facultad de Ciencias de la Universidad de La Laguna, a trav\u00e9s del \u00e1rea de Paleontolog\u00eda y en colaboraci\u00f3n con Biodelega, Ciencia@ULL, la Sociedad Espa\u00f1ola de Paleontolog\u00eda y Loro Parque Fundaci\u00f3n, organiza el II Congreso Escolar de Paleontolog\u00eda de dicha universidad. Tiene como principal objetivo fomentar,...\" \/>\n<meta property=\"og:url\" content=\"https:\/\/www.ull.es\/portal\/cienciaull\/ii-congreso-escolar-de-paleontologia\/\" \/>\n<meta property=\"article:publisher\" content=\"https:\/\/www.facebook.com\/CienciaULL\/\" \/>\n<meta property=\"article:modified_time\" content=\"2025-02-28T14:29:51+00:00\" \/>\n<meta name=\"twitter:card\" content=\"summary_large_image\" \/>\n<meta name=\"twitter:site\" content=\"@CienciaULL\" \/>\n<meta name=\"twitter:label1\" content=\"Tiempo de lectura\" \/>\n\t<meta name=\"twitter:data1\" content=\"2 minutos\" \/>\n<script type=\"application\/ld+json\" class=\"yoast-schema-graph\">{\"@context\":\"https:\/\/schema.org\",\"@graph\":[{\"@type\":\"WebPage\",\"@id\":\"https:\/\/www.ull.es\/portal\/cienciaull\/ii-congreso-escolar-de-paleontologia\/\",\"url\":\"https:\/\/www.ull.es\/portal\/cienciaull\/ii-congreso-escolar-de-paleontologia\/\",\"name\":\"II Congreso Escolar de Paleontolog\u00eda -\",\"isPartOf\":{\"@id\":\"https:\/\/www.ull.es\/portal\/cienciaull\/#website\"},\"datePublished\":\"2025-02-05T11:08:59+00:00\",\"dateModified\":\"2025-02-28T14:29:51+00:00\",\"breadcrumb\":{\"@id\":\"https:\/\/www.ull.es\/portal\/cienciaull\/ii-congreso-escolar-de-paleontologia\/#breadcrumb\"},\"inLanguage\":\"es\",\"potentialAction\":[{\"@type\":\"ReadAction\",\"target\":[\"https:\/\/www.ull.es\/portal\/cienciaull\/ii-congreso-escolar-de-paleontologia\/\"]}]},{\"@type\":\"BreadcrumbList\",\"@id\":\"https:\/\/www.ull.es\/portal\/cienciaull\/ii-congreso-escolar-de-paleontologia\/#breadcrumb\",\"itemListElement\":[{\"@type\":\"ListItem\",\"position\":1,\"name\":\"Portada\",\"item\":\"https:\/\/www.ull.es\/portal\/cienciaull\/\"},{\"@type\":\"ListItem\",\"position\":2,\"name\":\"II Congreso Escolar de Paleontolog\u00eda\"}]},{\"@type\":\"WebSite\",\"@id\":\"https:\/\/www.ull.es\/portal\/cienciaull\/#website\",\"url\":\"https:\/\/www.ull.es\/portal\/cienciaull\/\",\"name\":\"\",\"description\":\"Unidad de Cultura Cient\u00edfica y de la Innovaci\u00f3n de la Universidad de La Laguna\",\"potentialAction\":[{\"@type\":\"SearchAction\",\"target\":{\"@type\":\"EntryPoint\",\"urlTemplate\":\"https:\/\/www.ull.es\/portal\/cienciaull\/?s={search_term_string}\"},\"query-input\":\"required name=search_term_string\"}],\"inLanguage\":\"es\"}]}<\/script>\n<!-- \/ Yoast SEO plugin. -->","yoast_head_json":{"title":"II Congreso Escolar de Paleontolog\u00eda -","robots":{"index":"index","follow":"follow","max-snippet":"max-snippet:-1","max-image-preview":"max-image-preview:large","max-video-preview":"max-video-preview:-1"},"canonical":"https:\/\/www.ull.es\/portal\/cienciaull\/ii-congreso-escolar-de-paleontologia\/","og_locale":"es_ES","og_type":"article","og_title":"II Congreso Escolar de Paleontolog\u00eda -","og_description":"[vc_row][vc_column][vc_separator color=\u00bbturquoise\u00bb style=\u00bbdouble\u00bb border_width=\u00bb5&#8243;][\/vc_column][\/vc_row][vc_row][vc_column][vc_empty_space height=\u00bb40&#8243;][vc_column_text css=\u00bb.vc_custom_1738761379966{padding-top: -15px !important;}\u00bb] Introducci\u00f3n La Facultad de Ciencias de la Universidad de La Laguna, a trav\u00e9s del \u00e1rea de Paleontolog\u00eda y en colaboraci\u00f3n con Biodelega, Ciencia@ULL, la Sociedad Espa\u00f1ola de Paleontolog\u00eda y Loro Parque Fundaci\u00f3n, organiza el II Congreso Escolar de Paleontolog\u00eda de dicha universidad. Tiene como principal objetivo fomentar,...","og_url":"https:\/\/www.ull.es\/portal\/cienciaull\/ii-congreso-escolar-de-paleontologia\/","article_publisher":"https:\/\/www.facebook.com\/CienciaULL\/","article_modified_time":"2025-02-28T14:29:51+00:00","twitter_card":"summary_large_image","twitter_site":"@CienciaULL","twitter_misc":{"Tiempo de lectura":"2 minutos"},"schema":{"@context":"https:\/\/schema.org","@graph":[{"@type":"WebPage","@id":"https:\/\/www.ull.es\/portal\/cienciaull\/ii-congreso-escolar-de-paleontologia\/","url":"https:\/\/www.ull.es\/portal\/cienciaull\/ii-congreso-escolar-de-paleontologia\/","name":"II Congreso Escolar de Paleontolog\u00eda -","isPartOf":{"@id":"https:\/\/www.ull.es\/portal\/cienciaull\/#website"},"datePublished":"2025-02-05T11:08:59+00:00","dateModified":"2025-02-28T14:29:51+00:00","breadcrumb":{"@id":"https:\/\/www.ull.es\/portal\/cienciaull\/ii-congreso-escolar-de-paleontologia\/#breadcrumb"},"inLanguage":"es","potentialAction":[{"@type":"ReadAction","target":["https:\/\/www.ull.es\/portal\/cienciaull\/ii-congreso-escolar-de-paleontologia\/"]}]},{"@type":"BreadcrumbList","@id":"https:\/\/www.ull.es\/portal\/cienciaull\/ii-congreso-escolar-de-paleontologia\/#breadcrumb","itemListElement":[{"@type":"ListItem","position":1,"name":"Portada","item":"https:\/\/www.ull.es\/portal\/cienciaull\/"},{"@type":"ListItem","position":2,"name":"II Congreso Escolar de Paleontolog\u00eda"}]},{"@type":"WebSite","@id":"https:\/\/www.ull.es\/portal\/cienciaull\/#website","url":"https:\/\/www.ull.es\/portal\/cienciaull\/","name":"","description":"Unidad de Cultura Cient\u00edfica y de la Innovaci\u00f3n de la Universidad de La Laguna","potentialAction":[{"@type":"SearchAction","target":{"@type":"EntryPoint","urlTemplate":"https:\/\/www.ull.es\/portal\/cienciaull\/?s={search_term_string}"},"query-input":"required name=search_term_string"}],"inLanguage":"es"}]}},"_links":{"self":[{"href":"https:\/\/www.ull.es\/portal\/cienciaull\/wp-json\/wp\/v2\/pages\/33303"}],"collection":[{"href":"https:\/\/www.ull.es\/portal\/cienciaull\/wp-json\/wp\/v2\/pages"}],"about":[{"href":"https:\/\/www.ull.es\/portal\/cienciaull\/wp-json\/wp\/v2\/types\/page"}],"author":[{"embeddable":true,"href":"https:\/\/www.ull.es\/portal\/cienciaull\/wp-json\/wp\/v2\/users\/56"}],"replies":[{"embeddable":true,"href":"https:\/\/www.ull.es\/portal\/cienciaull\/wp-json\/wp\/v2\/comments?post=33303"}],"version-history":[{"count":25,"href":"https:\/\/www.ull.es\/portal\/cienciaull\/wp-json\/wp\/v2\/pages\/33303\/revisions"}],"predecessor-version":[{"id":33630,"href":"https:\/\/www.ull.es\/portal\/cienciaull\/wp-json\/wp\/v2\/pages\/33303\/revisions\/33630"}],"wp:attachment":[{"href":"https:\/\/www.ull.es\/portal\/cienciaull\/wp-json\/wp\/v2\/media?parent=33303"}],"curies":[{"name":"wp","href":"https:\/\/api.w.org\/{rel}","templated":true}]}}