{"id":33427,"date":"2025-03-10T10:10:27","date_gmt":"2025-03-10T10:10:27","guid":{"rendered":"https:\/\/www.ull.es\/portal\/cienciaull\/?page_id=33427"},"modified":"2025-03-10T10:10:27","modified_gmt":"2025-03-10T10:10:27","slug":"hipotesis-proyectoeducativo-centros","status":"publish","type":"page","link":"https:\/\/www.ull.es\/portal\/cienciaull\/hipotesis-proyectoeducativo-centros\/","title":{"rendered":"Hip\u00f3tesis &#8211; Proyecto educativo &#8211; Centros #2"},"content":{"rendered":"<p>[vc_row][vc_column]\n<div id=\"rev_slider_274_1_wrapper\" class=\"rev_slider_wrapper fullwidthbanner-container\" data-source=\"gallery\" style=\"margin:0px auto;background:transparent;padding:0px;margin-top:0px;margin-bottom:0px;\">\n<!-- START REVOLUTION SLIDER 5.4.7.3 auto mode -->\n\t<div id=\"rev_slider_274_1\" class=\"rev_slider fullwidthabanner\" style=\"display:none;\" data-version=\"5.4.7.3\">\n<ul>\t<!-- SLIDE  -->\n\t<li data-index=\"rs-323\" data-transition=\"fade\" data-slotamount=\"default\" data-hideafterloop=\"0\" data-hideslideonmobile=\"off\"  data-easein=\"default\" data-easeout=\"default\" data-masterspeed=\"300\"  data-rotate=\"0\"  data-saveperformance=\"off\"  data-title=\"Slide\" data-param1=\"\" data-param2=\"\" data-param3=\"\" data-param4=\"\" data-param5=\"\" data-param6=\"\" data-param7=\"\" data-param8=\"\" data-param9=\"\" data-param10=\"\" data-description=\"\">\n\t\t<!-- MAIN IMAGE -->\n\t\t<img src=\"https:\/\/www.ull.es\/portal\/cienciaull\/wp-content\/uploads\/sites\/24\/2024\/02\/hp_proyectoeduactivo_bn-1-scaled.jpg\"  alt=\"\" title=\"hp_proyectoeduactivo_bn\"  width=\"2560\" height=\"960\" data-bgposition=\"center center\" data-bgfit=\"cover\" data-bgrepeat=\"no-repeat\" class=\"rev-slidebg\" data-no-retina>\n\t\t<!-- LAYERS -->\n\t<\/li>\n<\/ul>\n<div class=\"tp-bannertimer tp-bottom\" style=\"visibility: hidden !important;\"><\/div>\t<\/div>\n<script>var htmlDiv = document.getElementById(\"rs-plugin-settings-inline-css\"); var htmlDivCss=\"\";\r\n\t\t\t\tif(htmlDiv) {\r\n\t\t\t\t\thtmlDiv.innerHTML = htmlDiv.innerHTML + htmlDivCss;\r\n\t\t\t\t}else{\r\n\t\t\t\t\tvar htmlDiv = document.createElement(\"div\");\r\n\t\t\t\t\thtmlDiv.innerHTML = \"<style>\" + htmlDivCss + \"<\/style>\";\r\n\t\t\t\t\tdocument.getElementsByTagName(\"head\")[0].appendChild(htmlDiv.childNodes[0]);\r\n\t\t\t\t}\r\n\t\t\t<\/script>\n\t\t<script type=\"text\/javascript\">\r\nif (setREVStartSize!==undefined) setREVStartSize(\r\n\t{c: '#rev_slider_274_1', gridwidth: [1250], gridheight: [500], sliderLayout: 'auto'});\r\n\t\t\t\r\nvar revapi274,\r\n\ttpj;\t\r\n(function() {\t\t\t\r\n\tif (!\/loaded|interactive|complete\/.test(document.readyState)) document.addEventListener(\"DOMContentLoaded\",onLoad); else onLoad();\t\r\n\tfunction onLoad() {\t\t\t\t\r\n\t\tif (tpj===undefined) { tpj = jQuery; if(\"off\" == \"on\") tpj.noConflict();}\r\n\tif(tpj(\"#rev_slider_274_1\").revolution == undefined){\n\t\trevslider_showDoubleJqueryError(\"#rev_slider_274_1\");\n\t}else{\n\t\trevapi274 = tpj(\"#rev_slider_274_1\").show().revolution({\n\t\t\tsliderType:\"hero\",\n\t\t\tjsFileLocation:\"\/\/www.ull.es\/portal\/cienciaull\/wp-content\/plugins\/revslider\/public\/assets\/js\/\",\n\t\t\tsliderLayout:\"auto\",\n\t\t\tdottedOverlay:\"none\",\n\t\t\tdelay:9000,\n\t\t\tvisibilityLevels:[1240,1024,778,480],\n\t\t\tgridwidth:1250,\n\t\t\tgridheight:500,\n\t\t\tlazyType:\"none\",\n\t\t\tshadow:0,\n\t\t\tspinner:\"spinner0\",\n\t\t\tautoHeight:\"off\",\n\t\t\tdisableProgressBar:\"on\",\n\t\t\thideThumbsOnMobile:\"off\",\n\t\t\thideSliderAtLimit:0,\n\t\t\thideCaptionAtLimit:0,\n\t\t\thideAllCaptionAtLilmit:0,\n\t\t\tdebugMode:false,\n\t\t\tfallbacks: {\n\t\t\t\tsimplifyAll:\"off\",\n\t\t\t\tdisableFocusListener:false,\n\t\t\t}\n\t\t});\n\t}; \/* END OF revapi call *\/\n\t\n }; \/* END OF ON LOAD FUNCTION *\/\r\n}()); \/* END OF WRAPPING FUNCTION *\/\r\n<\/script>\r\n\t\t<\/div><!-- END REVOLUTION SLIDER -->[vc_separator color=\u00bbcustom\u00bb border_width=\u00bb10&#8243; accent_color=\u00bb#ffc1d3&#8243;][\/vc_column][\/vc_row][vc_row][vc_column width=\u00bb2\/3&#8243;][vc_empty_space height=\u00bb40px\u00bb][vc_custom_heading text=\u00bbCentros participantes\u00bb font_container=\u00bbtag:h2|text_align:left|color:%231e73be\u00bb google_fonts=\u00bbfont_family:Roboto%20Slab%3A100%2C300%2Cregular%2C700|font_style:700%20bold%20regular%3A700%3Anormal\u00bb][vc_message icon_fontawesome=\u00bbfas fa-school\u00bb][\/vc_message][vc_empty_space][vc_column_text]<\/p>\n<table dir=\"ltr\" border=\"1\" cellspacing=\"0\" cellpadding=\"0\" data-sheets-root=\"1\" data-sheets-baot=\"1\">\n<colgroup>\n<col width=\"568\" \/>\n<col width=\"100\" \/><\/colgroup>\n<tbody>\n<tr>\n<td>Centro<\/td>\n<td>Isla<\/td>\n<\/tr>\n<tr>\n<td>CIFP Majada Marcial<\/td>\n<td>Fuerteventura<\/td>\n<\/tr>\n<tr>\n<td>IES La Oliva<\/td>\n<td>Fuerteventura<\/td>\n<\/tr>\n<tr>\n<td>IES Corralejo<\/td>\n<td>Fuerteventura<\/td>\n<\/tr>\n<tr>\n<td>IES Garo\u00e9<\/td>\n<td>El Hierro<\/td>\n<\/tr>\n<tr>\n<td>IES Lomo de la Herradura<\/td>\n<td>Gran Canaria<\/td>\n<\/tr>\n<tr>\n<td>IES Costa Teguise<\/td>\n<td>Lanzarote<\/td>\n<\/tr>\n<tr>\n<td>IES Alonso P\u00e9rez D\u00edaz<\/td>\n<td>La Palma<\/td>\n<\/tr>\n<tr>\n<td>IES Luis Diego Cuscoy<\/td>\n<td>Tenerife<\/td>\n<\/tr>\n<tr>\n<td>IES Santa Ana<\/td>\n<td>Tenerife<\/td>\n<\/tr>\n<\/tbody>\n<\/table>\n<p>[\/vc_column_text][\/vc_column][vc_column width=\u00bb1\/3&#8243;][vc_empty_space height=\u00bb120px\u00bb][vc_btn title=\u00bbPresentaci\u00f3n\u00bb color=\u00bbinfo\u00bb size=\u00bblg\u00bb align=\u00bbcenter\u00bb button_block=\u00bbtrue\u00bb css=\u00bb.vc_custom_1710252113192{margin-bottom: 3px !important;border-bottom-width: 3px !important;padding-bottom: 3px !important;}\u00bb link=\u00bburl:https%3A%2F%2Fwww.ull.es%2Fportal%2Fcienciaull%2Fhipotesis-proyecto-educativo%2F\u00bb][vc_btn title=\u00bbInformaci\u00f3n del proyecto\u00bb color=\u00bbviolet\u00bb size=\u00bblg\u00bb align=\u00bbcenter\u00bb button_block=\u00bbtrue\u00bb css=\u00bb.vc_custom_1710253550467{margin-bottom: 3px !important;border-bottom-width: 3px !important;padding-bottom: 3px !important;}\u00bb link=\u00bburl:https%3A%2F%2Fwww.ull.es%2Fportal%2Fcienciaull%2Fhipotesis-proyecto-educativo-proyecto%2F\u00bb][vc_btn title=\u00bbDocumentos de inter\u00e9s\u00bb color=\u00bbpink\u00bb size=\u00bblg\u00bb align=\u00bbcenter\u00bb button_block=\u00bbtrue\u00bb link=\u00bburl:https%3A%2F%2Fwww.ull.es%2Fportal%2Fcienciaull%2Fhipotesis-proyecto-educativo-documentos%2F\u00bb css=\u00bb.vc_custom_1710253566454{margin-bottom: 3px !important;border-bottom-width: 3px !important;padding-bottom: 3px !important;}\u00bb][vc_btn title=\u00bbArt\u00edculos 1\u00aa edici\u00f3n\u00bb color=\u00bbturquoise\u00bb size=\u00bblg\u00bb align=\u00bbcenter\u00bb button_block=\u00bbtrue\u00bb link=\u00bburl:https%3A%2F%2Fwww.ull.es%2Fportal%2Fcienciaull%2Fhipotesis-proyecto-educativo-centros%2F\u00bb css=\u00bb.vc_custom_1710254249682{margin-bottom: 3px !important;border-bottom-width: 3px !important;padding-bottom: 3px !important;}\u00bb][vc_btn title=\u00bbArt\u00edculos 2\u00aa Edici\u00f3n\u00bb color=\u00bbgreen\u00bb size=\u00bblg\u00bb align=\u00bbcenter\u00bb button_block=\u00bbtrue\u00bb css=\u00bb.vc_custom_1715858548227{margin-bottom: 3px !important;border-bottom-width: 3px !important;padding-bottom: 3px !important;}\u00bb link=\u00bburl:https%3A%2F%2Fwww.ull.es%2Fportal%2Fcienciaull%2Fhipotesis-proyecto-educativo-articulos-2a-edicion%2F\u00bb][\/vc_column][\/vc_row][vc_row][vc_column][\/vc_column][\/vc_row]<\/p>\n","protected":false},"excerpt":{"rendered":"<p>[vc_row][vc_column][vc_separator color=\u00bbcustom\u00bb border_width=\u00bb10&#8243; accent_color=\u00bb#ffc1d3&#8243;][\/vc_column][\/vc_row][vc_row][vc_column width=\u00bb2\/3&#8243;][vc_empty_space height=\u00bb40px\u00bb][vc_custom_heading text=\u00bbCentros participantes\u00bb font_container=\u00bbtag:h2|text_align:left|color:%231e73be\u00bb google_fonts=\u00bbfont_family:Roboto%20Slab%3A100%2C300%2Cregular%2C700|font_style:700%20bold%20regular%3A700%3Anormal\u00bb][vc_message icon_fontawesome=\u00bbfas fa-school\u00bb][\/vc_message][vc_empty_space][vc_column_text] Centro Isla CIFP Majada Marcial Fuerteventura IES La Oliva Fuerteventura IES Corralejo Fuerteventura IES Garo\u00e9 El Hierro IES Lomo de la Herradura Gran Canaria IES Costa Teguise Lanzarote IES Alonso P\u00e9rez D\u00edaz La Palma IES Luis Diego Cuscoy Tenerife IES Santa Ana Tenerife&#8230;<\/p>\n","protected":false},"author":56,"featured_media":0,"parent":0,"menu_order":0,"comment_status":"closed","ping_status":"closed","template":"templates\/cienciaull.php","meta":{"inline_featured_image":false,"footnotes":""},"acf":[],"yoast_head":"<!-- This site is optimized with the Yoast SEO plugin v21.3 - https:\/\/yoast.com\/wordpress\/plugins\/seo\/ -->\n<title>Hip\u00f3tesis - Proyecto educativo - Centros #2 -<\/title>\n<meta name=\"robots\" content=\"index, follow, max-snippet:-1, max-image-preview:large, max-video-preview:-1\" \/>\n<link rel=\"canonical\" href=\"https:\/\/www.ull.es\/portal\/cienciaull\/hipotesis-proyectoeducativo-centros\/\" \/>\n<meta property=\"og:locale\" content=\"es_ES\" \/>\n<meta property=\"og:type\" content=\"article\" \/>\n<meta property=\"og:title\" content=\"Hip\u00f3tesis - Proyecto educativo - Centros #2 -\" \/>\n<meta property=\"og:description\" content=\"[vc_row][vc_column][vc_separator color=\u00bbcustom\u00bb border_width=\u00bb10&#8243; accent_color=\u00bb#ffc1d3&#8243;][\/vc_column][\/vc_row][vc_row][vc_column width=\u00bb2\/3&#8243;][vc_empty_space height=\u00bb40px\u00bb][vc_custom_heading text=\u00bbCentros participantes\u00bb font_container=\u00bbtag:h2|text_align:left|color:%231e73be\u00bb google_fonts=\u00bbfont_family:Roboto%20Slab%3A100%2C300%2Cregular%2C700|font_style:700%20bold%20regular%3A700%3Anormal\u00bb][vc_message icon_fontawesome=\u00bbfas fa-school\u00bb][\/vc_message][vc_empty_space][vc_column_text] Centro Isla CIFP Majada Marcial Fuerteventura IES La Oliva Fuerteventura IES Corralejo Fuerteventura IES Garo\u00e9 El Hierro IES Lomo de la Herradura Gran Canaria IES Costa Teguise Lanzarote IES Alonso P\u00e9rez D\u00edaz La Palma IES Luis Diego Cuscoy Tenerife IES Santa Ana Tenerife...\" \/>\n<meta property=\"og:url\" content=\"https:\/\/www.ull.es\/portal\/cienciaull\/hipotesis-proyectoeducativo-centros\/\" \/>\n<meta property=\"article:publisher\" content=\"https:\/\/www.facebook.com\/CienciaULL\/\" \/>\n<meta name=\"twitter:card\" content=\"summary_large_image\" \/>\n<meta name=\"twitter:site\" content=\"@CienciaULL\" \/>\n<meta name=\"twitter:label1\" content=\"Tiempo de lectura\" \/>\n\t<meta name=\"twitter:data1\" content=\"1 minuto\" \/>\n<script type=\"application\/ld+json\" class=\"yoast-schema-graph\">{\"@context\":\"https:\/\/schema.org\",\"@graph\":[{\"@type\":\"WebPage\",\"@id\":\"https:\/\/www.ull.es\/portal\/cienciaull\/hipotesis-proyectoeducativo-centros\/\",\"url\":\"https:\/\/www.ull.es\/portal\/cienciaull\/hipotesis-proyectoeducativo-centros\/\",\"name\":\"Hip\u00f3tesis - Proyecto educativo - Centros #2 -\",\"isPartOf\":{\"@id\":\"https:\/\/www.ull.es\/portal\/cienciaull\/#website\"},\"datePublished\":\"2025-03-10T10:10:27+00:00\",\"dateModified\":\"2025-03-10T10:10:27+00:00\",\"breadcrumb\":{\"@id\":\"https:\/\/www.ull.es\/portal\/cienciaull\/hipotesis-proyectoeducativo-centros\/#breadcrumb\"},\"inLanguage\":\"es\",\"potentialAction\":[{\"@type\":\"ReadAction\",\"target\":[\"https:\/\/www.ull.es\/portal\/cienciaull\/hipotesis-proyectoeducativo-centros\/\"]}]},{\"@type\":\"BreadcrumbList\",\"@id\":\"https:\/\/www.ull.es\/portal\/cienciaull\/hipotesis-proyectoeducativo-centros\/#breadcrumb\",\"itemListElement\":[{\"@type\":\"ListItem\",\"position\":1,\"name\":\"Portada\",\"item\":\"https:\/\/www.ull.es\/portal\/cienciaull\/\"},{\"@type\":\"ListItem\",\"position\":2,\"name\":\"Hip\u00f3tesis &#8211; Proyecto educativo &#8211; Centros #2\"}]},{\"@type\":\"WebSite\",\"@id\":\"https:\/\/www.ull.es\/portal\/cienciaull\/#website\",\"url\":\"https:\/\/www.ull.es\/portal\/cienciaull\/\",\"name\":\"\",\"description\":\"Unidad de Cultura Cient\u00edfica y de la Innovaci\u00f3n de la Universidad de La Laguna\",\"potentialAction\":[{\"@type\":\"SearchAction\",\"target\":{\"@type\":\"EntryPoint\",\"urlTemplate\":\"https:\/\/www.ull.es\/portal\/cienciaull\/?s={search_term_string}\"},\"query-input\":\"required name=search_term_string\"}],\"inLanguage\":\"es\"}]}<\/script>\n<!-- \/ Yoast SEO plugin. -->","yoast_head_json":{"title":"Hip\u00f3tesis - Proyecto educativo - Centros #2 -","robots":{"index":"index","follow":"follow","max-snippet":"max-snippet:-1","max-image-preview":"max-image-preview:large","max-video-preview":"max-video-preview:-1"},"canonical":"https:\/\/www.ull.es\/portal\/cienciaull\/hipotesis-proyectoeducativo-centros\/","og_locale":"es_ES","og_type":"article","og_title":"Hip\u00f3tesis - Proyecto educativo - Centros #2 -","og_description":"[vc_row][vc_column][vc_separator color=\u00bbcustom\u00bb border_width=\u00bb10&#8243; accent_color=\u00bb#ffc1d3&#8243;][\/vc_column][\/vc_row][vc_row][vc_column width=\u00bb2\/3&#8243;][vc_empty_space height=\u00bb40px\u00bb][vc_custom_heading text=\u00bbCentros participantes\u00bb font_container=\u00bbtag:h2|text_align:left|color:%231e73be\u00bb google_fonts=\u00bbfont_family:Roboto%20Slab%3A100%2C300%2Cregular%2C700|font_style:700%20bold%20regular%3A700%3Anormal\u00bb][vc_message icon_fontawesome=\u00bbfas fa-school\u00bb][\/vc_message][vc_empty_space][vc_column_text] Centro Isla CIFP Majada Marcial Fuerteventura IES La Oliva Fuerteventura IES Corralejo Fuerteventura IES Garo\u00e9 El Hierro IES Lomo de la Herradura Gran Canaria IES Costa Teguise Lanzarote IES Alonso P\u00e9rez D\u00edaz La Palma IES Luis Diego Cuscoy Tenerife IES Santa Ana Tenerife...","og_url":"https:\/\/www.ull.es\/portal\/cienciaull\/hipotesis-proyectoeducativo-centros\/","article_publisher":"https:\/\/www.facebook.com\/CienciaULL\/","twitter_card":"summary_large_image","twitter_site":"@CienciaULL","twitter_misc":{"Tiempo de lectura":"1 minuto"},"schema":{"@context":"https:\/\/schema.org","@graph":[{"@type":"WebPage","@id":"https:\/\/www.ull.es\/portal\/cienciaull\/hipotesis-proyectoeducativo-centros\/","url":"https:\/\/www.ull.es\/portal\/cienciaull\/hipotesis-proyectoeducativo-centros\/","name":"Hip\u00f3tesis - Proyecto educativo - Centros #2 -","isPartOf":{"@id":"https:\/\/www.ull.es\/portal\/cienciaull\/#website"},"datePublished":"2025-03-10T10:10:27+00:00","dateModified":"2025-03-10T10:10:27+00:00","breadcrumb":{"@id":"https:\/\/www.ull.es\/portal\/cienciaull\/hipotesis-proyectoeducativo-centros\/#breadcrumb"},"inLanguage":"es","potentialAction":[{"@type":"ReadAction","target":["https:\/\/www.ull.es\/portal\/cienciaull\/hipotesis-proyectoeducativo-centros\/"]}]},{"@type":"BreadcrumbList","@id":"https:\/\/www.ull.es\/portal\/cienciaull\/hipotesis-proyectoeducativo-centros\/#breadcrumb","itemListElement":[{"@type":"ListItem","position":1,"name":"Portada","item":"https:\/\/www.ull.es\/portal\/cienciaull\/"},{"@type":"ListItem","position":2,"name":"Hip\u00f3tesis &#8211; Proyecto educativo &#8211; Centros #2"}]},{"@type":"WebSite","@id":"https:\/\/www.ull.es\/portal\/cienciaull\/#website","url":"https:\/\/www.ull.es\/portal\/cienciaull\/","name":"","description":"Unidad de Cultura Cient\u00edfica y de la Innovaci\u00f3n de la Universidad de La Laguna","potentialAction":[{"@type":"SearchAction","target":{"@type":"EntryPoint","urlTemplate":"https:\/\/www.ull.es\/portal\/cienciaull\/?s={search_term_string}"},"query-input":"required name=search_term_string"}],"inLanguage":"es"}]}},"_links":{"self":[{"href":"https:\/\/www.ull.es\/portal\/cienciaull\/wp-json\/wp\/v2\/pages\/33427"}],"collection":[{"href":"https:\/\/www.ull.es\/portal\/cienciaull\/wp-json\/wp\/v2\/pages"}],"about":[{"href":"https:\/\/www.ull.es\/portal\/cienciaull\/wp-json\/wp\/v2\/types\/page"}],"author":[{"embeddable":true,"href":"https:\/\/www.ull.es\/portal\/cienciaull\/wp-json\/wp\/v2\/users\/56"}],"replies":[{"embeddable":true,"href":"https:\/\/www.ull.es\/portal\/cienciaull\/wp-json\/wp\/v2\/comments?post=33427"}],"version-history":[{"count":1,"href":"https:\/\/www.ull.es\/portal\/cienciaull\/wp-json\/wp\/v2\/pages\/33427\/revisions"}],"predecessor-version":[{"id":33711,"href":"https:\/\/www.ull.es\/portal\/cienciaull\/wp-json\/wp\/v2\/pages\/33427\/revisions\/33711"}],"wp:attachment":[{"href":"https:\/\/www.ull.es\/portal\/cienciaull\/wp-json\/wp\/v2\/media?parent=33427"}],"curies":[{"name":"wp","href":"https:\/\/api.w.org\/{rel}","templated":true}]}}