{"id":33453,"date":"2025-02-21T09:13:19","date_gmt":"2025-02-21T09:13:19","guid":{"rendered":"https:\/\/www.ull.es\/portal\/cienciaull\/?page_id=33453"},"modified":"2025-02-21T11:07:25","modified_gmt":"2025-02-21T11:07:25","slug":"rubi-nieves-rodriguez-diaz","status":"publish","type":"page","link":"https:\/\/www.ull.es\/portal\/cienciaull\/rubi-nieves-rodriguez-diaz\/","title":{"rendered":"#Rubi Nieves Rodr\u00edguez D\u00edaz"},"content":{"rendered":"\t\t<div data-elementor-type=\"wp-page\" data-elementor-id=\"33453\" class=\"elementor elementor-33453\">\n\t\t\t\t\t\t\t<div class=\"elementor-element elementor-element-eb9e299 e-con-boxed e-con\" data-id=\"eb9e299\" data-element_type=\"container\" data-settings=\"{&quot;content_width&quot;:&quot;boxed&quot;}\">\n\t\t\t\t\t<div class=\"e-con-inner\">\n\t\t\t\t<div class=\"elementor-element elementor-element-b013dc4 elementor-widget elementor-widget-image\" data-id=\"b013dc4\" data-element_type=\"widget\" data-widget_type=\"image.default\">\n\t\t\t\t<div class=\"elementor-widget-container\">\n\t\t\t<style>\/*! elementor - v3.9.2 - 21-12-2022 *\/\n.elementor-widget-image{text-align:center}.elementor-widget-image a{display:inline-block}.elementor-widget-image a img[src$=\".svg\"]{width:48px}.elementor-widget-image img{vertical-align:middle;display:inline-block}<\/style>\t\t\t\t\t\t\t\t\t\t\t\t<img decoding=\"async\" loading=\"lazy\" width=\"1140\" height=\"428\" src=\"https:\/\/www.ull.es\/portal\/cienciaull\/wp-content\/uploads\/sites\/24\/2024\/04\/banner_2024-1-1140x428.jpg\" class=\"attachment-page size-page wp-image-27362\" alt=\"\" srcset=\"https:\/\/www.ull.es\/portal\/cienciaull\/wp-content\/uploads\/sites\/24\/2024\/04\/banner_2024-1-1140x428.jpg 1140w, https:\/\/www.ull.es\/portal\/cienciaull\/wp-content\/uploads\/sites\/24\/2024\/04\/banner_2024-1-300x113.jpg 300w, https:\/\/www.ull.es\/portal\/cienciaull\/wp-content\/uploads\/sites\/24\/2024\/04\/banner_2024-1-1024x384.jpg 1024w, https:\/\/www.ull.es\/portal\/cienciaull\/wp-content\/uploads\/sites\/24\/2024\/04\/banner_2024-1-768x288.jpg 768w, https:\/\/www.ull.es\/portal\/cienciaull\/wp-content\/uploads\/sites\/24\/2024\/04\/banner_2024-1-1536x576.jpg 1536w, https:\/\/www.ull.es\/portal\/cienciaull\/wp-content\/uploads\/sites\/24\/2024\/04\/banner_2024-1-2048x768.jpg 2048w, https:\/\/www.ull.es\/portal\/cienciaull\/wp-content\/uploads\/sites\/24\/2024\/04\/banner_2024-1-375x141.jpg 375w, https:\/\/www.ull.es\/portal\/cienciaull\/wp-content\/uploads\/sites\/24\/2024\/04\/banner_2024-1-750x281.jpg 750w\" sizes=\"(max-width: 1140px) 100vw, 1140px\" \/>\t\t\t\t\t\t\t\t\t\t\t\t\t\t\t<\/div>\n\t\t\t\t<\/div>\n\t\t\t\t<div class=\"elementor-element elementor-element-d0b28d6 elementor-grid-3 elementor-grid-tablet-2 elementor-grid-mobile-1 elementor-posts--thumbnail-top elementor-posts--show-avatar elementor-card-shadow-yes elementor-posts__hover-gradient elementor-widget elementor-widget-posts\" data-id=\"d0b28d6\" data-element_type=\"widget\" data-settings=\"{&quot;cards_columns&quot;:&quot;3&quot;,&quot;cards_columns_tablet&quot;:&quot;2&quot;,&quot;cards_columns_mobile&quot;:&quot;1&quot;,&quot;cards_row_gap&quot;:{&quot;unit&quot;:&quot;px&quot;,&quot;size&quot;:35,&quot;sizes&quot;:[]},&quot;cards_row_gap_tablet&quot;:{&quot;unit&quot;:&quot;px&quot;,&quot;size&quot;:&quot;&quot;,&quot;sizes&quot;:[]},&quot;cards_row_gap_mobile&quot;:{&quot;unit&quot;:&quot;px&quot;,&quot;size&quot;:&quot;&quot;,&quot;sizes&quot;:[]}}\" data-widget_type=\"posts.cards\">\n\t\t\t\t<div class=\"elementor-widget-container\">\n\t\t\t<link rel=\"stylesheet\" href=\"https:\/\/www.ull.es\/portal\/cienciaull\/wp-content\/plugins\/elementor-pro\/assets\/css\/widget-posts.min.css\">\t\t<div class=\"elementor-posts-container elementor-posts elementor-posts--skin-cards elementor-grid\">\n\t\t\t\t<article class=\"elementor-post elementor-grid-item post-37271 post type-post status-publish format-standard has-post-thumbnail hentry category-biomedicina-y-salud-areas category-biomedicina-y-salud-areas-notas-hipotesis category-reportajes tag-479 tag-aythamy-gonzalez-darias tag-biomedicina-y-salud tag-dia-mundial-de-la-endometriosis tag-endometriosis tag-marzo tag-reportajes tag-rubi-nieves-rodriguez-diaz\" target=\"_blank\" rel=\"noopener\">\n\t\t\t<div class=\"elementor-post__card\">\n\t\t\t\t<a class=\"elementor-post__thumbnail__link\" href=\"https:\/\/www.ull.es\/portal\/cienciaull\/endometriosis-la-enfermedad-silenciada\/\"  target=\"_blank\" rel=\"noopener\"><div class=\"elementor-post__thumbnail\"><img loading=\"lazy\" width=\"1095\" height=\"838\" src=\"https:\/\/www.ull.es\/portal\/cienciaull\/wp-content\/uploads\/sites\/24\/2026\/03\/Endometriosis-la-enfermedad-silenciada.png\" class=\"attachment-full size-full wp-image-37301\" alt=\"\" decoding=\"async\" srcset=\"https:\/\/www.ull.es\/portal\/cienciaull\/wp-content\/uploads\/sites\/24\/2026\/03\/Endometriosis-la-enfermedad-silenciada.png 1095w, https:\/\/www.ull.es\/portal\/cienciaull\/wp-content\/uploads\/sites\/24\/2026\/03\/Endometriosis-la-enfermedad-silenciada-768x588.png 768w, https:\/\/www.ull.es\/portal\/cienciaull\/wp-content\/uploads\/sites\/24\/2026\/03\/Endometriosis-la-enfermedad-silenciada-375x287.png 375w, https:\/\/www.ull.es\/portal\/cienciaull\/wp-content\/uploads\/sites\/24\/2026\/03\/Endometriosis-la-enfermedad-silenciada-750x574.png 750w\" sizes=\"(max-width: 1095px) 100vw, 1095px\" \/><\/div><\/a>\n\t\t\t\t<div class=\"elementor-post__avatar\">\n\t\t\t<img alt='gciencia' src='https:\/\/secure.gravatar.com\/avatar\/72ccd1b1a4ea47e7b66bc7cc6944b4e5?s=128&#038;d=mm&#038;r=g' srcset='https:\/\/secure.gravatar.com\/avatar\/72ccd1b1a4ea47e7b66bc7cc6944b4e5?s=256&#038;d=mm&#038;r=g 2x' class='avatar avatar-128 photo' height='128' width='128' loading='lazy' decoding='async'\/>\t\t<\/div>\n\t\t\t\t<div class=\"elementor-post__text\">\n\t\t\t\t<h3 class=\"elementor-post__title\">\n\t\t\t<a href=\"https:\/\/www.ull.es\/portal\/cienciaull\/endometriosis-la-enfermedad-silenciada\/\"  target=\"_blank\" rel=\"noopener\">\n\t\t\t\tEndometriosis, la enfermedad silenciada\t\t\t<\/a>\n\t\t<\/h3>\n\t\t\t\t<div class=\"elementor-post__excerpt\">\n\t\t\t<p>Casi 190 millones de mujeres y ni\u00f1as en edad reproductiva en el mundo viven con un dolor considerado \u201cnormal\u201d, seg\u00fan la Organizaci\u00f3n Mundial de la Salud (OMS). Este dolor puede ir desde menstruaciones molestas hasta limitaciones en la vida diaria, el trabajo, los estudios o la vida social. Se estima que una de cada diez mujeres en edad reproductiva padece endometriosis&#8230;<\/p>\n<p><strong><a href=\"https:\/\/www.ull.es\/portal\/cienciaull\/biomedicina-y-salud\/\" target=\"_blank\" rel=\"noopener\">#Biomedicina y Salud<\/a> <a href=\"https:\/\/www.ull.es\/portal\/cienciaull\/dia-mundial-de-la-endometriosis\/\" target=\"_blank\" rel=\"noopener\">#D\u00eda Mundial de la Endometriosis<\/a> <a href=\"https:\/\/www.ull.es\/portal\/cienciaull\/endometriosis\/\" target=\"_blank\" rel=\"noopener\">#Endometriosis<\/a> <a href=\"https:\/\/www.ull.es\/portal\/cienciaull\/aythamy-gonzalez-darias\/\" target=\"_blank\" rel=\"noopener\">#Aythamy Gonz\u00e1lez Darias<\/a> <a href=\"https:\/\/www.ull.es\/portal\/cienciaull\/rubi-nieves-rodriguez-diaz\/\" target=\"_blank\" rel=\"noopener\">#Rubi Nieves Rodr\u00edguez D\u00edaz<\/a> <a href=\"https:\/\/www.ull.es\/portal\/cienciaull\/marzo\/\" target=\"_blank\" rel=\"noopener\">#Marzo<\/a> <a href=\"https:\/\/www.ull.es\/portal\/cienciaull\/2026-2\/\" target=\"_blank\" rel=\"noopener\">#2026<\/a><\/strong><\/p>\n\t\t<\/div>\n\t\t\t\t<\/div>\n\t\t\t\t<div class=\"elementor-post__meta-data\">\n\t\t\t\t\t<span class=\"elementor-post-date\">\n\t\t\t17 marzo, 2026\t\t<\/span>\n\t\t\t\t<span class=\"elementor-post-avatar\">\n\t\t\tNo hay comentarios\t\t<\/span>\n\t\t\t\t<\/div>\n\t\t\t\t\t<\/div>\n\t\t<\/article>\n\t\t\t\t<article class=\"elementor-post elementor-grid-item post-33383 post type-post status-publish format-standard has-post-thumbnail hentry category-biomedicina-y-salud-ciencia-tecnologia-energia-biodiversidad-y-medioambiente-ciencia-y-sociedad-arte-y-humanidades category-reportajes tag-adriana-rodriguez-hernandez tag-arte-y-humanidades tag-beatriz-abdul-jalbar-betancor tag-biomedicina-y-salud tag-ciencia-y-sociedad tag-ciencia-y-tecnologia tag-dia-internacional-de-la-mujer-y-la-nina-en-la-ciencia tag-dulce-maria-gonzalez-doreste tag-energia-biodiversidad-y-medioambiente tag-lidia-esther-santana-vega tag-reportajes tag-rubi-nieves-rodriguez-diaz tag-todas-con-cienciull\" target=\"_blank\" rel=\"noopener\">\n\t\t\t<div class=\"elementor-post__card\">\n\t\t\t\t<a class=\"elementor-post__thumbnail__link\" href=\"https:\/\/www.ull.es\/portal\/cienciaull\/el-talento-de-nuestras-investigadoras\/\"  target=\"_blank\" rel=\"noopener\"><div class=\"elementor-post__thumbnail\"><img loading=\"lazy\" width=\"1200\" height=\"800\" src=\"https:\/\/www.ull.es\/portal\/cienciaull\/wp-content\/uploads\/sites\/24\/2025\/02\/Mujer-Nina-ciencia-05.jpg\" class=\"attachment-full size-full wp-image-33414\" alt=\"\" decoding=\"async\" srcset=\"https:\/\/www.ull.es\/portal\/cienciaull\/wp-content\/uploads\/sites\/24\/2025\/02\/Mujer-Nina-ciencia-05.jpg 1200w, https:\/\/www.ull.es\/portal\/cienciaull\/wp-content\/uploads\/sites\/24\/2025\/02\/Mujer-Nina-ciencia-05-768x512.jpg 768w, https:\/\/www.ull.es\/portal\/cienciaull\/wp-content\/uploads\/sites\/24\/2025\/02\/Mujer-Nina-ciencia-05-375x250.jpg 375w, https:\/\/www.ull.es\/portal\/cienciaull\/wp-content\/uploads\/sites\/24\/2025\/02\/Mujer-Nina-ciencia-05-750x500.jpg 750w, https:\/\/www.ull.es\/portal\/cienciaull\/wp-content\/uploads\/sites\/24\/2025\/02\/Mujer-Nina-ciencia-05-1140x760.jpg 1140w\" sizes=\"(max-width: 1200px) 100vw, 1200px\" \/><\/div><\/a>\n\t\t\t\t<div class=\"elementor-post__avatar\">\n\t\t\t<img alt='gciencia' src='https:\/\/secure.gravatar.com\/avatar\/72ccd1b1a4ea47e7b66bc7cc6944b4e5?s=128&#038;d=mm&#038;r=g' srcset='https:\/\/secure.gravatar.com\/avatar\/72ccd1b1a4ea47e7b66bc7cc6944b4e5?s=256&#038;d=mm&#038;r=g 2x' class='avatar avatar-128 photo' height='128' width='128' loading='lazy' decoding='async'\/>\t\t<\/div>\n\t\t\t\t<div class=\"elementor-post__text\">\n\t\t\t\t<h3 class=\"elementor-post__title\">\n\t\t\t<a href=\"https:\/\/www.ull.es\/portal\/cienciaull\/el-talento-de-nuestras-investigadoras\/\"  target=\"_blank\" rel=\"noopener\">\n\t\t\t\tEl talento de nuestras investigadoras\t\t\t<\/a>\n\t\t<\/h3>\n\t\t\t\t<div class=\"elementor-post__excerpt\">\n\t\t\t<p>La astr\u00f3noma, matem\u00e1tica y fil\u00f3sofa Hipatia fue una de las primeras cient\u00edficas de las que se tiene referencia. La matem\u00e1tica Ada Lovelace es conocida por su trabajo sobre la m\u00e1quina anal\u00edtica de Charles Babbage. La f\u00edsica y qu\u00edmica Marie Curie fue pionera en el campo de la radiactividad. La inventora y actriz Hedy Lamarr cre\u00f3 la primera versi\u00f3n de una t\u00e9cnica de modulaci\u00f3n&#8230;<\/p>\n<p><strong> <a href=\"https:\/\/www.ull.es\/portal\/cienciaull\/dia-internacional-de-la-mujer-y-la-nina-en-la-ciencia\/\/\" target=\"_blank\" rel=\"noopener\">#D\u00eda Internacional de la Mujer y la Ni\u00f1a en la Ciencia<\/a> <a href=\"https:\/\/www.ull.es\/portal\/cienciaull\/todas-con-cienciull\/\" target=\"_blank\" rel=\"noopener\">#Todas con Cienci@ULL<\/a> <a href=\"https:\/\/www.ull.es\/portal\/cienciaull\/biomedicina-y-salud\/\" target=\"_blank\" rel=\"noopener\">#Biomedicina y Salud<\/a> <a href=\"https:\/\/www.ull.es\/portal\/cienciaull\/ciencia-y-tecnologia\/\" target=\"_blank\" rel=\"noopener\">#Ciencia y Tecnolog\u00eda<\/a> <a href=\"https:\/\/www.ull.es\/portal\/cienciaull\/energia-biodiversidad-y-medioambiente\/\" target=\"_blank\" rel=\"noopener\">#Energ\u00eda, Biodiversidad y Medioambiente<\/a> <a href=\"https:\/\/www.ull.es\/portal\/cienciaull\/ciencia-y-sociedad\/\" target=\"_blank\" rel=\"noopener\">#Ciencia y Sociedad<\/a> <a href=\"https:\/\/www.ull.es\/portal\/cienciaull\/arte-y-humanidades\/\" target=\"_blank\" rel=\"noopener\">#Arte y Humanidades<\/a> <a href=\"https:\/\/www.ull.es\/portal\/cienciaull\/rubi-nieves-rodriguez-diaz\/\" target=\"_blank\" rel=\"noopener\">#Rubi Nieves Rodr\u00edguez D\u00edaz<\/a> <a href=\"https:\/\/www.ull.es\/portal\/cienciaull\/beatriz-abdul-jalbar-betancor\/\" target=\"_blank\" rel=\"noopener\">#Beatriz Abdul-Jalbar Betancor<\/a> <a href=\"https:\/\/www.ull.es\/portal\/cienciaull\/adriana-rodriguez-hernandez\/\" target=\"_blank\" rel=\"noopener\">#Adriana Rodr\u00edguez Hern\u00e1ndez<\/a>, <a href=\"https:\/\/www.ull.es\/portal\/cienciaull\/lidia-esther-santana-vega\/\" target=\"_blank\" rel=\"noopener\">#Lidia Esther Santana Vega<\/a> <a href=\"https:\/\/www.ull.es\/portal\/cienciaull\/dulce-maria-gonzalez-doreste\/\" target=\"_blank\" rel=\"noopener\">#Dulce Mar\u00eda Gonz\u00e1lez Doreste<\/a> <a href=\"https:\/\/www.ull.es\/portal\/cienciaull\/febrero\/\" target=\"_blank\" rel=\"noopener\">#febrero<\/a> <a href=\"https:\/\/www.ull.es\/portal\/cienciaull\/2025-2\/\" target=\"_blank\" rel=\"noopener\">#2025<\/a><\/strong><\/p>\n\t\t<\/div>\n\t\t\t\t<\/div>\n\t\t\t\t<div class=\"elementor-post__meta-data\">\n\t\t\t\t\t<span class=\"elementor-post-date\">\n\t\t\t14 febrero, 2025\t\t<\/span>\n\t\t\t\t<span class=\"elementor-post-avatar\">\n\t\t\tNo hay comentarios\t\t<\/span>\n\t\t\t\t<\/div>\n\t\t\t\t\t<\/div>\n\t\t<\/article>\n\t\t\t\t<\/div>\n\t\t\n\t\t\t\t<\/div>\n\t\t\t\t<\/div>\n\t\t\t\t\t<\/div>\n\t\t\t\t<\/div>\n\t\t\t\t\t\t\t<\/div>\n\t\t","protected":false},"excerpt":{"rendered":"El talento de nuestras investigadoraslunes 10 de febrero de 2025 - 14:40 GMT+0000CompartirFacebookXWhatsAppCopy LinkDe izquierda a derecha, Beatriz Abdul-Jalbar, Dulce Gonz\u00e1lez, Rub\u00ed Rodr\u00edguez, Lidia Santana y Adriana Rodr\u00edguez.La astr\u00f3noma, matem\u00e1tica y fil\u00f3sofa Hipatia fue una de las primeras cient\u00edficas de las que se tiene referencia. La matem\u00e1tica Ada Lovelace es conocida por su trabajo sobre...","protected":false},"author":56,"featured_media":0,"parent":0,"menu_order":0,"comment_status":"closed","ping_status":"closed","template":"","meta":{"inline_featured_image":false,"footnotes":""},"acf":[],"yoast_head":"<!-- This site is optimized with the Yoast SEO plugin v21.3 - https:\/\/yoast.com\/wordpress\/plugins\/seo\/ -->\n<title>#Rubi Nieves Rodr\u00edguez D\u00edaz -<\/title>\n<meta name=\"robots\" content=\"index, follow, max-snippet:-1, max-image-preview:large, max-video-preview:-1\" \/>\n<link rel=\"canonical\" href=\"https:\/\/www.ull.es\/portal\/cienciaull\/rubi-nieves-rodriguez-diaz\/\" \/>\n<meta property=\"og:locale\" content=\"es_ES\" \/>\n<meta property=\"og:type\" content=\"article\" \/>\n<meta property=\"og:title\" content=\"#Rubi Nieves Rodr\u00edguez D\u00edaz -\" \/>\n<meta property=\"og:url\" content=\"https:\/\/www.ull.es\/portal\/cienciaull\/rubi-nieves-rodriguez-diaz\/\" \/>\n<meta property=\"article:publisher\" content=\"https:\/\/www.facebook.com\/CienciaULL\/\" \/>\n<meta property=\"article:modified_time\" content=\"2025-02-21T11:07:25+00:00\" \/>\n<meta property=\"og:image\" content=\"https:\/\/www.ull.es\/portal\/cienciaull\/wp-content\/uploads\/sites\/24\/2024\/04\/banner_2024-1-1140x428.jpg\" \/>\n<meta name=\"twitter:card\" content=\"summary_large_image\" \/>\n<meta name=\"twitter:site\" content=\"@CienciaULL\" \/>\n<meta name=\"twitter:label1\" content=\"Tiempo de lectura\" \/>\n\t<meta name=\"twitter:data1\" content=\"2 minutos\" \/>\n<script type=\"application\/ld+json\" class=\"yoast-schema-graph\">{\"@context\":\"https:\/\/schema.org\",\"@graph\":[{\"@type\":\"WebPage\",\"@id\":\"https:\/\/www.ull.es\/portal\/cienciaull\/rubi-nieves-rodriguez-diaz\/\",\"url\":\"https:\/\/www.ull.es\/portal\/cienciaull\/rubi-nieves-rodriguez-diaz\/\",\"name\":\"#Rubi Nieves Rodr\u00edguez D\u00edaz -\",\"isPartOf\":{\"@id\":\"https:\/\/www.ull.es\/portal\/cienciaull\/#website\"},\"datePublished\":\"2025-02-21T09:13:19+00:00\",\"dateModified\":\"2025-02-21T11:07:25+00:00\",\"breadcrumb\":{\"@id\":\"https:\/\/www.ull.es\/portal\/cienciaull\/rubi-nieves-rodriguez-diaz\/#breadcrumb\"},\"inLanguage\":\"es\",\"potentialAction\":[{\"@type\":\"ReadAction\",\"target\":[\"https:\/\/www.ull.es\/portal\/cienciaull\/rubi-nieves-rodriguez-diaz\/\"]}]},{\"@type\":\"BreadcrumbList\",\"@id\":\"https:\/\/www.ull.es\/portal\/cienciaull\/rubi-nieves-rodriguez-diaz\/#breadcrumb\",\"itemListElement\":[{\"@type\":\"ListItem\",\"position\":1,\"name\":\"Portada\",\"item\":\"https:\/\/www.ull.es\/portal\/cienciaull\/\"},{\"@type\":\"ListItem\",\"position\":2,\"name\":\"#Rubi Nieves Rodr\u00edguez D\u00edaz\"}]},{\"@type\":\"WebSite\",\"@id\":\"https:\/\/www.ull.es\/portal\/cienciaull\/#website\",\"url\":\"https:\/\/www.ull.es\/portal\/cienciaull\/\",\"name\":\"\",\"description\":\"Unidad de Cultura Cient\u00edfica y de la Innovaci\u00f3n de la Universidad de La Laguna\",\"potentialAction\":[{\"@type\":\"SearchAction\",\"target\":{\"@type\":\"EntryPoint\",\"urlTemplate\":\"https:\/\/www.ull.es\/portal\/cienciaull\/?s={search_term_string}\"},\"query-input\":\"required name=search_term_string\"}],\"inLanguage\":\"es\"}]}<\/script>\n<!-- \/ Yoast SEO plugin. -->","yoast_head_json":{"title":"#Rubi Nieves Rodr\u00edguez D\u00edaz -","robots":{"index":"index","follow":"follow","max-snippet":"max-snippet:-1","max-image-preview":"max-image-preview:large","max-video-preview":"max-video-preview:-1"},"canonical":"https:\/\/www.ull.es\/portal\/cienciaull\/rubi-nieves-rodriguez-diaz\/","og_locale":"es_ES","og_type":"article","og_title":"#Rubi Nieves Rodr\u00edguez D\u00edaz -","og_url":"https:\/\/www.ull.es\/portal\/cienciaull\/rubi-nieves-rodriguez-diaz\/","article_publisher":"https:\/\/www.facebook.com\/CienciaULL\/","article_modified_time":"2025-02-21T11:07:25+00:00","og_image":[{"url":"https:\/\/www.ull.es\/portal\/cienciaull\/wp-content\/uploads\/sites\/24\/2024\/04\/banner_2024-1-1140x428.jpg"}],"twitter_card":"summary_large_image","twitter_site":"@CienciaULL","twitter_misc":{"Tiempo de lectura":"2 minutos"},"schema":{"@context":"https:\/\/schema.org","@graph":[{"@type":"WebPage","@id":"https:\/\/www.ull.es\/portal\/cienciaull\/rubi-nieves-rodriguez-diaz\/","url":"https:\/\/www.ull.es\/portal\/cienciaull\/rubi-nieves-rodriguez-diaz\/","name":"#Rubi Nieves Rodr\u00edguez D\u00edaz -","isPartOf":{"@id":"https:\/\/www.ull.es\/portal\/cienciaull\/#website"},"datePublished":"2025-02-21T09:13:19+00:00","dateModified":"2025-02-21T11:07:25+00:00","breadcrumb":{"@id":"https:\/\/www.ull.es\/portal\/cienciaull\/rubi-nieves-rodriguez-diaz\/#breadcrumb"},"inLanguage":"es","potentialAction":[{"@type":"ReadAction","target":["https:\/\/www.ull.es\/portal\/cienciaull\/rubi-nieves-rodriguez-diaz\/"]}]},{"@type":"BreadcrumbList","@id":"https:\/\/www.ull.es\/portal\/cienciaull\/rubi-nieves-rodriguez-diaz\/#breadcrumb","itemListElement":[{"@type":"ListItem","position":1,"name":"Portada","item":"https:\/\/www.ull.es\/portal\/cienciaull\/"},{"@type":"ListItem","position":2,"name":"#Rubi Nieves Rodr\u00edguez D\u00edaz"}]},{"@type":"WebSite","@id":"https:\/\/www.ull.es\/portal\/cienciaull\/#website","url":"https:\/\/www.ull.es\/portal\/cienciaull\/","name":"","description":"Unidad de Cultura Cient\u00edfica y de la Innovaci\u00f3n de la Universidad de La Laguna","potentialAction":[{"@type":"SearchAction","target":{"@type":"EntryPoint","urlTemplate":"https:\/\/www.ull.es\/portal\/cienciaull\/?s={search_term_string}"},"query-input":"required name=search_term_string"}],"inLanguage":"es"}]}},"_links":{"self":[{"href":"https:\/\/www.ull.es\/portal\/cienciaull\/wp-json\/wp\/v2\/pages\/33453"}],"collection":[{"href":"https:\/\/www.ull.es\/portal\/cienciaull\/wp-json\/wp\/v2\/pages"}],"about":[{"href":"https:\/\/www.ull.es\/portal\/cienciaull\/wp-json\/wp\/v2\/types\/page"}],"author":[{"embeddable":true,"href":"https:\/\/www.ull.es\/portal\/cienciaull\/wp-json\/wp\/v2\/users\/56"}],"replies":[{"embeddable":true,"href":"https:\/\/www.ull.es\/portal\/cienciaull\/wp-json\/wp\/v2\/comments?post=33453"}],"version-history":[{"count":4,"href":"https:\/\/www.ull.es\/portal\/cienciaull\/wp-json\/wp\/v2\/pages\/33453\/revisions"}],"predecessor-version":[{"id":33482,"href":"https:\/\/www.ull.es\/portal\/cienciaull\/wp-json\/wp\/v2\/pages\/33453\/revisions\/33482"}],"wp:attachment":[{"href":"https:\/\/www.ull.es\/portal\/cienciaull\/wp-json\/wp\/v2\/media?parent=33453"}],"curies":[{"name":"wp","href":"https:\/\/api.w.org\/{rel}","templated":true}]}}