{"id":33589,"date":"2025-02-25T09:27:48","date_gmt":"2025-02-25T09:27:48","guid":{"rendered":"https:\/\/www.ull.es\/portal\/cienciaull\/?page_id=33589"},"modified":"2025-07-28T14:27:36","modified_gmt":"2025-07-28T14:27:36","slug":"taller-06-se-puede-modelar-con-atomos","status":"publish","type":"page","link":"https:\/\/www.ull.es\/portal\/cienciaull\/laboratorio-virtual-conecta-cienciull\/ciencias-sociales-humanidades-y-arte\/taller-06-se-puede-modelar-con-atomos\/","title":{"rendered":"Taller 06. \u00ab\u00bfSe puede modelar con \u00e1tomos?\u00bb"},"content":{"rendered":"<p>[vc_row][vc_column][vc_custom_heading source=\u00bbpost_title\u00bb font_container=\u00bbtag:h2|text_align:left|color:%23e2c661&#8243; google_fonts=\u00bbfont_family:Roboto%20Slab%3A100%2C300%2Cregular%2C700|font_style:700%20bold%20regular%3A700%3Anormal\u00bb][vc_video link=\u00bbhttps:\/\/www.youtube.com\/watch?v=VZGlshEsbzc\u00bb][\/vc_column][\/vc_row][vc_row][vc_column][vc_empty_space][vc_column_text]<\/p>\n<table style=\"height: 9px\" width=\"1195\">\n<tbody>\n<tr>\n<td width=\"120\"><strong>Breve descripci\u00f3n<\/strong><\/td>\n<\/tr>\n<tr>\n<td>\n<p style=\"text-align: justify\"><span style=\"font-weight: 400\">El electroformado o electroforming es una t\u00e9cnica novedosa para el campo de la escultura que consiste en generar piezas met\u00e1licas, en este caso cobre, bajo un proceso de reducci\u00f3n-oxidaci\u00f3n (REDOX) de los \u00e1tomos, al que se llama electr\u00f3lisis. En este taller comprenderemos los principios de los ba\u00f1os electrol\u00edticos mediante la realizaci\u00f3n de un experimento por el que podremos grabar un bajo relieve en una chapa de cobre. Con este peque\u00f1o experimento el alumnado podr\u00e1 desarrollar sus capacidades creativas a la vez que comprender\u00e1 la variedad de las t\u00e9cnicas que se pueden emplear en las artes y en este caso la escultura.<\/span><\/p>\n<\/td>\n<\/tr>\n<\/tbody>\n<\/table>\n<p>[\/vc_column_text][vc_column_text]<\/p>\n<table style=\"height: 61px\" width=\"1207\">\n<tbody>\n<tr>\n<td width=\"120\"><strong>P\u00fablico al que se dirige<\/strong><\/td>\n<td width=\"65\"><strong>Duraci\u00f3n<\/strong><\/td>\n<\/tr>\n<tr>\n<td>Alumnado de 4\u00ba ESO y Bachillerato<\/td>\n<td>15 min<\/td>\n<\/tr>\n<\/tbody>\n<\/table>\n<p>[\/vc_column_text][vc_column_text]<\/p>\n<table style=\"height: 116px\" width=\"367\">\n<tbody>\n<tr>\n<td width=\"152\"><strong>Materiales y recursos<\/strong><\/td>\n<\/tr>\n<tr>\n<td>\n<ul>\n<li>Pila D (R20-1.5V)<\/li>\n<li>2 planchas de cobre mayor a 1mm grosor<\/li>\n<li>Aguafuerte<\/li>\n<li>Cinta adhesiva<\/li>\n<li>Alcohol<\/li>\n<li>Lija<\/li>\n<li>Enmascarador de acuarela<\/li>\n<li>Guantes y gafas de protecci\u00f3n<\/li>\n<li>Trabas de la ropa<\/li>\n<li>2 tarros de cristal<\/li>\n<li>Bicarbonato<\/li>\n<li>2 cables<\/li>\n<\/ul>\n<p>&nbsp;<\/td>\n<\/tr>\n<\/tbody>\n<\/table>\n<p>[\/vc_column_text][vc_column_text]<\/p>\n<table style=\"height: 70px\" width=\"1173\">\n<tbody>\n<tr>\n<td width=\"120\"><strong>Investigadora<\/strong><\/td>\n<td width=\"65\"><span style=\"font-weight: 400\">Alejandro Hern\u00e1ndez P\u00e9rez<\/span><\/td>\n<\/tr>\n<tr>\n<td><strong>Departamento<\/strong><\/td>\n<td><span style=\"font-weight: 400\">Bellas Artes<\/span><\/td>\n<\/tr>\n<\/tbody>\n<\/table>\n<p>[\/vc_column_text][vc_empty_space][vc_btn title=\u00bbDescargar ficha del taller\u00bb color=\u00bborange\u00bb align=\u00bbcenter\u00bb link=\u00bburl:https%3A%2F%2Fdrive.google.com%2Ffile%2Fd%2F1GF8urwNmtadkqfXyZZs4gwWs1oRlNkFm%2Fview%3Fusp%3Dsharing|target:_blank\u00bb][\/vc_column][\/vc_row]<\/p>\n","protected":false},"excerpt":{"rendered":"<p>[vc_row][vc_column][vc_custom_heading source=\u00bbpost_title\u00bb font_container=\u00bbtag:h2|text_align:left|color:%23e2c661&#8243; google_fonts=\u00bbfont_family:Roboto%20Slab%3A100%2C300%2Cregular%2C700|font_style:700%20bold%20regular%3A700%3Anormal\u00bb][vc_video link=\u00bbhttps:\/\/www.youtube.com\/watch?v=VZGlshEsbzc\u00bb][\/vc_column][\/vc_row][vc_row][vc_column][vc_empty_space][vc_column_text] Breve descripci\u00f3n El electroformado o electroforming es una t\u00e9cnica novedosa para el campo de la escultura que consiste en generar piezas met\u00e1licas, en este caso cobre, bajo un proceso de reducci\u00f3n-oxidaci\u00f3n (REDOX) de los \u00e1tomos, al que se llama electr\u00f3lisis. En este taller comprenderemos los principios de los ba\u00f1os electrol\u00edticos&#8230;<\/p>\n","protected":false},"author":56,"featured_media":0,"parent":27022,"menu_order":6,"comment_status":"closed","ping_status":"closed","template":"","meta":{"inline_featured_image":false,"footnotes":""},"acf":[],"yoast_head":"<!-- This site is optimized with the Yoast SEO plugin v21.3 - https:\/\/yoast.com\/wordpress\/plugins\/seo\/ -->\n<title>Taller 06. \u00ab\u00bfSe puede modelar con \u00e1tomos?\u00bb -<\/title>\n<meta name=\"robots\" content=\"index, follow, max-snippet:-1, max-image-preview:large, max-video-preview:-1\" \/>\n<link rel=\"canonical\" href=\"https:\/\/www.ull.es\/portal\/cienciaull\/laboratorio-virtual-conecta-cienciull\/ciencias-sociales-humanidades-y-arte\/taller-06-se-puede-modelar-con-atomos\/\" \/>\n<meta property=\"og:locale\" content=\"es_ES\" \/>\n<meta property=\"og:type\" content=\"article\" \/>\n<meta property=\"og:title\" content=\"Taller 06. \u00ab\u00bfSe puede modelar con \u00e1tomos?\u00bb -\" \/>\n<meta property=\"og:description\" content=\"[vc_row][vc_column][vc_custom_heading source=\u00bbpost_title\u00bb font_container=\u00bbtag:h2|text_align:left|color:%23e2c661&#8243; google_fonts=\u00bbfont_family:Roboto%20Slab%3A100%2C300%2Cregular%2C700|font_style:700%20bold%20regular%3A700%3Anormal\u00bb][vc_video link=\u00bbhttps:\/\/www.youtube.com\/watch?v=VZGlshEsbzc\u00bb][\/vc_column][\/vc_row][vc_row][vc_column][vc_empty_space][vc_column_text] Breve descripci\u00f3n El electroformado o electroforming es una t\u00e9cnica novedosa para el campo de la escultura que consiste en generar piezas met\u00e1licas, en este caso cobre, bajo un proceso de reducci\u00f3n-oxidaci\u00f3n (REDOX) de los \u00e1tomos, al que se llama electr\u00f3lisis. En este taller comprenderemos los principios de los ba\u00f1os electrol\u00edticos...\" \/>\n<meta property=\"og:url\" content=\"https:\/\/www.ull.es\/portal\/cienciaull\/laboratorio-virtual-conecta-cienciull\/ciencias-sociales-humanidades-y-arte\/taller-06-se-puede-modelar-con-atomos\/\" \/>\n<meta property=\"article:publisher\" content=\"https:\/\/www.facebook.com\/CienciaULL\/\" \/>\n<meta property=\"article:modified_time\" content=\"2025-07-28T14:27:36+00:00\" \/>\n<meta name=\"twitter:card\" content=\"summary_large_image\" \/>\n<meta name=\"twitter:site\" content=\"@CienciaULL\" \/>\n<meta name=\"twitter:label1\" content=\"Tiempo de lectura\" \/>\n\t<meta name=\"twitter:data1\" content=\"1 minuto\" \/>\n<script type=\"application\/ld+json\" class=\"yoast-schema-graph\">{\"@context\":\"https:\/\/schema.org\",\"@graph\":[{\"@type\":\"WebPage\",\"@id\":\"https:\/\/www.ull.es\/portal\/cienciaull\/laboratorio-virtual-conecta-cienciull\/ciencias-sociales-humanidades-y-arte\/taller-06-se-puede-modelar-con-atomos\/\",\"url\":\"https:\/\/www.ull.es\/portal\/cienciaull\/laboratorio-virtual-conecta-cienciull\/ciencias-sociales-humanidades-y-arte\/taller-06-se-puede-modelar-con-atomos\/\",\"name\":\"Taller 06. \u00ab\u00bfSe puede modelar con \u00e1tomos?\u00bb -\",\"isPartOf\":{\"@id\":\"https:\/\/www.ull.es\/portal\/cienciaull\/#website\"},\"datePublished\":\"2025-02-25T09:27:48+00:00\",\"dateModified\":\"2025-07-28T14:27:36+00:00\",\"breadcrumb\":{\"@id\":\"https:\/\/www.ull.es\/portal\/cienciaull\/laboratorio-virtual-conecta-cienciull\/ciencias-sociales-humanidades-y-arte\/taller-06-se-puede-modelar-con-atomos\/#breadcrumb\"},\"inLanguage\":\"es\",\"potentialAction\":[{\"@type\":\"ReadAction\",\"target\":[\"https:\/\/www.ull.es\/portal\/cienciaull\/laboratorio-virtual-conecta-cienciull\/ciencias-sociales-humanidades-y-arte\/taller-06-se-puede-modelar-con-atomos\/\"]}]},{\"@type\":\"BreadcrumbList\",\"@id\":\"https:\/\/www.ull.es\/portal\/cienciaull\/laboratorio-virtual-conecta-cienciull\/ciencias-sociales-humanidades-y-arte\/taller-06-se-puede-modelar-con-atomos\/#breadcrumb\",\"itemListElement\":[{\"@type\":\"ListItem\",\"position\":1,\"name\":\"Portada\",\"item\":\"https:\/\/www.ull.es\/portal\/cienciaull\/\"},{\"@type\":\"ListItem\",\"position\":2,\"name\":\"Laboratorio Virtual Conecta Cienci@ULL\",\"item\":\"https:\/\/www.ull.es\/portal\/cienciaull\/laboratorio-virtual-conecta-cienciull\/\"},{\"@type\":\"ListItem\",\"position\":3,\"name\":\"Ciencias Sociales, Humanidades y Arte\",\"item\":\"https:\/\/www.ull.es\/portal\/cienciaull\/laboratorio-virtual-conecta-cienciull\/ciencias-sociales-humanidades-y-arte\/\"},{\"@type\":\"ListItem\",\"position\":4,\"name\":\"Taller 06. \u00ab\u00bfSe puede modelar con \u00e1tomos?\u00bb\"}]},{\"@type\":\"WebSite\",\"@id\":\"https:\/\/www.ull.es\/portal\/cienciaull\/#website\",\"url\":\"https:\/\/www.ull.es\/portal\/cienciaull\/\",\"name\":\"\",\"description\":\"Unidad de Cultura Cient\u00edfica y de la Innovaci\u00f3n de la Universidad de La Laguna\",\"potentialAction\":[{\"@type\":\"SearchAction\",\"target\":{\"@type\":\"EntryPoint\",\"urlTemplate\":\"https:\/\/www.ull.es\/portal\/cienciaull\/?s={search_term_string}\"},\"query-input\":\"required name=search_term_string\"}],\"inLanguage\":\"es\"}]}<\/script>\n<!-- \/ Yoast SEO plugin. -->","yoast_head_json":{"title":"Taller 06. \u00ab\u00bfSe puede modelar con \u00e1tomos?\u00bb -","robots":{"index":"index","follow":"follow","max-snippet":"max-snippet:-1","max-image-preview":"max-image-preview:large","max-video-preview":"max-video-preview:-1"},"canonical":"https:\/\/www.ull.es\/portal\/cienciaull\/laboratorio-virtual-conecta-cienciull\/ciencias-sociales-humanidades-y-arte\/taller-06-se-puede-modelar-con-atomos\/","og_locale":"es_ES","og_type":"article","og_title":"Taller 06. \u00ab\u00bfSe puede modelar con \u00e1tomos?\u00bb -","og_description":"[vc_row][vc_column][vc_custom_heading source=\u00bbpost_title\u00bb font_container=\u00bbtag:h2|text_align:left|color:%23e2c661&#8243; google_fonts=\u00bbfont_family:Roboto%20Slab%3A100%2C300%2Cregular%2C700|font_style:700%20bold%20regular%3A700%3Anormal\u00bb][vc_video link=\u00bbhttps:\/\/www.youtube.com\/watch?v=VZGlshEsbzc\u00bb][\/vc_column][\/vc_row][vc_row][vc_column][vc_empty_space][vc_column_text] Breve descripci\u00f3n El electroformado o electroforming es una t\u00e9cnica novedosa para el campo de la escultura que consiste en generar piezas met\u00e1licas, en este caso cobre, bajo un proceso de reducci\u00f3n-oxidaci\u00f3n (REDOX) de los \u00e1tomos, al que se llama electr\u00f3lisis. En este taller comprenderemos los principios de los ba\u00f1os electrol\u00edticos...","og_url":"https:\/\/www.ull.es\/portal\/cienciaull\/laboratorio-virtual-conecta-cienciull\/ciencias-sociales-humanidades-y-arte\/taller-06-se-puede-modelar-con-atomos\/","article_publisher":"https:\/\/www.facebook.com\/CienciaULL\/","article_modified_time":"2025-07-28T14:27:36+00:00","twitter_card":"summary_large_image","twitter_site":"@CienciaULL","twitter_misc":{"Tiempo de lectura":"1 minuto"},"schema":{"@context":"https:\/\/schema.org","@graph":[{"@type":"WebPage","@id":"https:\/\/www.ull.es\/portal\/cienciaull\/laboratorio-virtual-conecta-cienciull\/ciencias-sociales-humanidades-y-arte\/taller-06-se-puede-modelar-con-atomos\/","url":"https:\/\/www.ull.es\/portal\/cienciaull\/laboratorio-virtual-conecta-cienciull\/ciencias-sociales-humanidades-y-arte\/taller-06-se-puede-modelar-con-atomos\/","name":"Taller 06. \u00ab\u00bfSe puede modelar con \u00e1tomos?\u00bb -","isPartOf":{"@id":"https:\/\/www.ull.es\/portal\/cienciaull\/#website"},"datePublished":"2025-02-25T09:27:48+00:00","dateModified":"2025-07-28T14:27:36+00:00","breadcrumb":{"@id":"https:\/\/www.ull.es\/portal\/cienciaull\/laboratorio-virtual-conecta-cienciull\/ciencias-sociales-humanidades-y-arte\/taller-06-se-puede-modelar-con-atomos\/#breadcrumb"},"inLanguage":"es","potentialAction":[{"@type":"ReadAction","target":["https:\/\/www.ull.es\/portal\/cienciaull\/laboratorio-virtual-conecta-cienciull\/ciencias-sociales-humanidades-y-arte\/taller-06-se-puede-modelar-con-atomos\/"]}]},{"@type":"BreadcrumbList","@id":"https:\/\/www.ull.es\/portal\/cienciaull\/laboratorio-virtual-conecta-cienciull\/ciencias-sociales-humanidades-y-arte\/taller-06-se-puede-modelar-con-atomos\/#breadcrumb","itemListElement":[{"@type":"ListItem","position":1,"name":"Portada","item":"https:\/\/www.ull.es\/portal\/cienciaull\/"},{"@type":"ListItem","position":2,"name":"Laboratorio Virtual Conecta Cienci@ULL","item":"https:\/\/www.ull.es\/portal\/cienciaull\/laboratorio-virtual-conecta-cienciull\/"},{"@type":"ListItem","position":3,"name":"Ciencias Sociales, Humanidades y Arte","item":"https:\/\/www.ull.es\/portal\/cienciaull\/laboratorio-virtual-conecta-cienciull\/ciencias-sociales-humanidades-y-arte\/"},{"@type":"ListItem","position":4,"name":"Taller 06. \u00ab\u00bfSe puede modelar con \u00e1tomos?\u00bb"}]},{"@type":"WebSite","@id":"https:\/\/www.ull.es\/portal\/cienciaull\/#website","url":"https:\/\/www.ull.es\/portal\/cienciaull\/","name":"","description":"Unidad de Cultura Cient\u00edfica y de la Innovaci\u00f3n de la Universidad de La Laguna","potentialAction":[{"@type":"SearchAction","target":{"@type":"EntryPoint","urlTemplate":"https:\/\/www.ull.es\/portal\/cienciaull\/?s={search_term_string}"},"query-input":"required name=search_term_string"}],"inLanguage":"es"}]}},"_links":{"self":[{"href":"https:\/\/www.ull.es\/portal\/cienciaull\/wp-json\/wp\/v2\/pages\/33589"}],"collection":[{"href":"https:\/\/www.ull.es\/portal\/cienciaull\/wp-json\/wp\/v2\/pages"}],"about":[{"href":"https:\/\/www.ull.es\/portal\/cienciaull\/wp-json\/wp\/v2\/types\/page"}],"author":[{"embeddable":true,"href":"https:\/\/www.ull.es\/portal\/cienciaull\/wp-json\/wp\/v2\/users\/56"}],"replies":[{"embeddable":true,"href":"https:\/\/www.ull.es\/portal\/cienciaull\/wp-json\/wp\/v2\/comments?post=33589"}],"version-history":[{"count":9,"href":"https:\/\/www.ull.es\/portal\/cienciaull\/wp-json\/wp\/v2\/pages\/33589\/revisions"}],"predecessor-version":[{"id":33732,"href":"https:\/\/www.ull.es\/portal\/cienciaull\/wp-json\/wp\/v2\/pages\/33589\/revisions\/33732"}],"up":[{"embeddable":true,"href":"https:\/\/www.ull.es\/portal\/cienciaull\/wp-json\/wp\/v2\/pages\/27022"}],"wp:attachment":[{"href":"https:\/\/www.ull.es\/portal\/cienciaull\/wp-json\/wp\/v2\/media?parent=33589"}],"curies":[{"name":"wp","href":"https:\/\/api.w.org\/{rel}","templated":true}]}}