{"id":33605,"date":"2025-02-25T10:37:43","date_gmt":"2025-02-25T10:37:43","guid":{"rendered":"https:\/\/www.ull.es\/portal\/cienciaull\/?page_id=33605"},"modified":"2025-07-28T10:59:20","modified_gmt":"2025-07-28T10:59:20","slug":"taller-21-calculando-coberturas-de-macrofitos-marinos","status":"publish","type":"page","link":"https:\/\/www.ull.es\/portal\/cienciaull\/laboratorio-virtual-conecta-cienciull\/energia-biodiversidad-y-medioambiente\/taller-21-calculando-coberturas-de-macrofitos-marinos\/","title":{"rendered":"Taller 21. \u00abCalculando coberturas de macr\u00f3fitos marinos\u00bb"},"content":{"rendered":"<p>[vc_row][vc_column][vc_custom_heading source=\u00bbpost_title\u00bb font_container=\u00bbtag:h2|text_align:left|color:%236aaa3a\u00bb google_fonts=\u00bbfont_family:Roboto%20Slab%3A100%2C300%2Cregular%2C700|font_style:700%20bold%20regular%3A700%3Anormal\u00bb][vc_video link=\u00bbhttps:\/\/www.youtube.com\/watch?v=3WC93U0IV5A\u00bb][vc_column_text]<\/p>\n<table width=\"1029\">\n<tbody>\n<tr>\n<td width=\"1025\"><strong>Breve descripci\u00f3n<\/strong><\/td>\n<\/tr>\n<tr>\n<td>\n<p style=\"text-align: justify\"><span style=\"font-weight: 400\">En este taller el alumnado aprender\u00e1 c\u00f3mo se realiza el c\u00e1lculo de coberturas de macr\u00f3fitos marinos en el campo, tanto en el intermareal como en el submareal, para caracterizar las comunidades. Esta es una de las principales actividades que lleva a cabo un bot\u00e1nico marino en el campo.<\/span><\/p>\n<\/td>\n<\/tr>\n<\/tbody>\n<\/table>\n<p>[\/vc_column_text][vc_column_text]<\/p>\n<table style=\"height: 57px\" width=\"744\">\n<tbody>\n<tr>\n<td width=\"152\"><strong>P\u00fablico al que se dirige<\/strong><\/td>\n<td width=\"80\"><strong>Duraci\u00f3n\u00a0<\/strong><\/td>\n<\/tr>\n<tr>\n<td><span style=\"font-weight: 400\">Alumnado de <\/span><span style=\"font-weight: 400\">ESO y Bachillerato<\/span><\/td>\n<td>14 minutos<\/td>\n<\/tr>\n<\/tbody>\n<\/table>\n<p>[\/vc_column_text][vc_column_text]<\/p>\n<table>\n<tbody>\n<tr>\n<td colspan=\"2\" width=\"566\"><strong>Materiales y recursos<\/strong><\/td>\n<\/tr>\n<tr>\n<td width=\"283\">\n<ul>\n<li><span style=\"font-weight: 400\">Cuadrantes de 20&#215;20 cm<\/span><\/li>\n<li><span style=\"font-weight: 400\">L\u00e1piz y libreta<\/span><\/li>\n<\/ul>\n<\/td>\n<td width=\"283\">\n<ul>\n<li><span style=\"font-weight: 400\">Im\u00e1genes reales de comunidades del campo<\/span><\/li>\n<\/ul>\n<\/td>\n<\/tr>\n<\/tbody>\n<\/table>\n<p>[\/vc_column_text][vc_column_text]<\/p>\n<table style=\"height: 35px\" width=\"741\">\n<tbody>\n<tr>\n<td width=\"97\"><strong>Investigadora<\/strong><\/td>\n<td width=\"80\">Bel\u00e9n Roger Baynat<\/td>\n<\/tr>\n<tr>\n<td><strong>Departamento<\/strong><\/td>\n<td>Departamento de Bot\u00e1nica, Ecolog\u00eda y Fisiolog\u00eda Vegetal<\/td>\n<\/tr>\n<\/tbody>\n<\/table>\n<p>[\/vc_column_text][vc_empty_space][\/vc_column][\/vc_row][vc_row][vc_column][vc_btn title=\u00bbDescargar ficha del taller\u00bb color=\u00bbgreen\u00bb align=\u00bbcenter\u00bb button_block=\u00bbtrue\u00bb link=\u00bburl:https%3A%2F%2Fdrive.google.com%2Ffile%2Fd%2F12hoQxDkU6H-m2I5SrnzF_M_d4w4BoQIB%2Fview%3Fusp%3Dsharing|target:_blank\u00bb][\/vc_column][\/vc_row]<\/p>\n","protected":false},"excerpt":{"rendered":"<p>[vc_row][vc_column][vc_custom_heading source=\u00bbpost_title\u00bb font_container=\u00bbtag:h2|text_align:left|color:%236aaa3a\u00bb google_fonts=\u00bbfont_family:Roboto%20Slab%3A100%2C300%2Cregular%2C700|font_style:700%20bold%20regular%3A700%3Anormal\u00bb][vc_video link=\u00bbhttps:\/\/www.youtube.com\/watch?v=3WC93U0IV5A\u00bb][vc_column_text] Breve descripci\u00f3n En este taller el alumnado aprender\u00e1 c\u00f3mo se realiza el c\u00e1lculo de coberturas de macr\u00f3fitos marinos en el campo, tanto en el intermareal como en el submareal, para caracterizar las comunidades. Esta es una de las principales actividades que lleva a cabo un bot\u00e1nico marino en el campo&#8230;.<\/p>\n","protected":false},"author":56,"featured_media":0,"parent":26989,"menu_order":21,"comment_status":"closed","ping_status":"closed","template":"","meta":{"inline_featured_image":false,"footnotes":""},"acf":[],"yoast_head":"<!-- This site is optimized with the Yoast SEO plugin v21.3 - https:\/\/yoast.com\/wordpress\/plugins\/seo\/ -->\n<title>Taller 21. \u00abCalculando coberturas de macr\u00f3fitos marinos\u00bb -<\/title>\n<meta name=\"robots\" content=\"index, follow, max-snippet:-1, max-image-preview:large, max-video-preview:-1\" \/>\n<link rel=\"canonical\" href=\"https:\/\/www.ull.es\/portal\/cienciaull\/laboratorio-virtual-conecta-cienciull\/energia-biodiversidad-y-medioambiente\/taller-21-calculando-coberturas-de-macrofitos-marinos\/\" \/>\n<meta property=\"og:locale\" content=\"es_ES\" \/>\n<meta property=\"og:type\" content=\"article\" \/>\n<meta property=\"og:title\" content=\"Taller 21. \u00abCalculando coberturas de macr\u00f3fitos marinos\u00bb -\" \/>\n<meta property=\"og:description\" content=\"[vc_row][vc_column][vc_custom_heading source=\u00bbpost_title\u00bb font_container=\u00bbtag:h2|text_align:left|color:%236aaa3a\u00bb google_fonts=\u00bbfont_family:Roboto%20Slab%3A100%2C300%2Cregular%2C700|font_style:700%20bold%20regular%3A700%3Anormal\u00bb][vc_video link=\u00bbhttps:\/\/www.youtube.com\/watch?v=3WC93U0IV5A\u00bb][vc_column_text] Breve descripci\u00f3n En este taller el alumnado aprender\u00e1 c\u00f3mo se realiza el c\u00e1lculo de coberturas de macr\u00f3fitos marinos en el campo, tanto en el intermareal como en el submareal, para caracterizar las comunidades. Esta es una de las principales actividades que lleva a cabo un bot\u00e1nico marino en el campo....\" \/>\n<meta property=\"og:url\" content=\"https:\/\/www.ull.es\/portal\/cienciaull\/laboratorio-virtual-conecta-cienciull\/energia-biodiversidad-y-medioambiente\/taller-21-calculando-coberturas-de-macrofitos-marinos\/\" \/>\n<meta property=\"article:publisher\" content=\"https:\/\/www.facebook.com\/CienciaULL\/\" \/>\n<meta property=\"article:modified_time\" content=\"2025-07-28T10:59:20+00:00\" \/>\n<meta name=\"twitter:card\" content=\"summary_large_image\" \/>\n<meta name=\"twitter:site\" content=\"@CienciaULL\" \/>\n<meta name=\"twitter:label1\" content=\"Tiempo de lectura\" \/>\n\t<meta name=\"twitter:data1\" content=\"1 minuto\" \/>\n<script type=\"application\/ld+json\" class=\"yoast-schema-graph\">{\"@context\":\"https:\/\/schema.org\",\"@graph\":[{\"@type\":\"WebPage\",\"@id\":\"https:\/\/www.ull.es\/portal\/cienciaull\/laboratorio-virtual-conecta-cienciull\/energia-biodiversidad-y-medioambiente\/taller-21-calculando-coberturas-de-macrofitos-marinos\/\",\"url\":\"https:\/\/www.ull.es\/portal\/cienciaull\/laboratorio-virtual-conecta-cienciull\/energia-biodiversidad-y-medioambiente\/taller-21-calculando-coberturas-de-macrofitos-marinos\/\",\"name\":\"Taller 21. \u00abCalculando coberturas de macr\u00f3fitos marinos\u00bb -\",\"isPartOf\":{\"@id\":\"https:\/\/www.ull.es\/portal\/cienciaull\/#website\"},\"datePublished\":\"2025-02-25T10:37:43+00:00\",\"dateModified\":\"2025-07-28T10:59:20+00:00\",\"breadcrumb\":{\"@id\":\"https:\/\/www.ull.es\/portal\/cienciaull\/laboratorio-virtual-conecta-cienciull\/energia-biodiversidad-y-medioambiente\/taller-21-calculando-coberturas-de-macrofitos-marinos\/#breadcrumb\"},\"inLanguage\":\"es\",\"potentialAction\":[{\"@type\":\"ReadAction\",\"target\":[\"https:\/\/www.ull.es\/portal\/cienciaull\/laboratorio-virtual-conecta-cienciull\/energia-biodiversidad-y-medioambiente\/taller-21-calculando-coberturas-de-macrofitos-marinos\/\"]}]},{\"@type\":\"BreadcrumbList\",\"@id\":\"https:\/\/www.ull.es\/portal\/cienciaull\/laboratorio-virtual-conecta-cienciull\/energia-biodiversidad-y-medioambiente\/taller-21-calculando-coberturas-de-macrofitos-marinos\/#breadcrumb\",\"itemListElement\":[{\"@type\":\"ListItem\",\"position\":1,\"name\":\"Portada\",\"item\":\"https:\/\/www.ull.es\/portal\/cienciaull\/\"},{\"@type\":\"ListItem\",\"position\":2,\"name\":\"Laboratorio Virtual Conecta Cienci@ULL\",\"item\":\"https:\/\/www.ull.es\/portal\/cienciaull\/laboratorio-virtual-conecta-cienciull\/\"},{\"@type\":\"ListItem\",\"position\":3,\"name\":\"Energ\u00eda, Biodiversidad y Medioambiente\",\"item\":\"https:\/\/www.ull.es\/portal\/cienciaull\/laboratorio-virtual-conecta-cienciull\/energia-biodiversidad-y-medioambiente\/\"},{\"@type\":\"ListItem\",\"position\":4,\"name\":\"Taller 21. \u00abCalculando coberturas de macr\u00f3fitos marinos\u00bb\"}]},{\"@type\":\"WebSite\",\"@id\":\"https:\/\/www.ull.es\/portal\/cienciaull\/#website\",\"url\":\"https:\/\/www.ull.es\/portal\/cienciaull\/\",\"name\":\"\",\"description\":\"Unidad de Cultura Cient\u00edfica y de la Innovaci\u00f3n de la Universidad de La Laguna\",\"potentialAction\":[{\"@type\":\"SearchAction\",\"target\":{\"@type\":\"EntryPoint\",\"urlTemplate\":\"https:\/\/www.ull.es\/portal\/cienciaull\/?s={search_term_string}\"},\"query-input\":\"required name=search_term_string\"}],\"inLanguage\":\"es\"}]}<\/script>\n<!-- \/ Yoast SEO plugin. -->","yoast_head_json":{"title":"Taller 21. \u00abCalculando coberturas de macr\u00f3fitos marinos\u00bb -","robots":{"index":"index","follow":"follow","max-snippet":"max-snippet:-1","max-image-preview":"max-image-preview:large","max-video-preview":"max-video-preview:-1"},"canonical":"https:\/\/www.ull.es\/portal\/cienciaull\/laboratorio-virtual-conecta-cienciull\/energia-biodiversidad-y-medioambiente\/taller-21-calculando-coberturas-de-macrofitos-marinos\/","og_locale":"es_ES","og_type":"article","og_title":"Taller 21. \u00abCalculando coberturas de macr\u00f3fitos marinos\u00bb -","og_description":"[vc_row][vc_column][vc_custom_heading source=\u00bbpost_title\u00bb font_container=\u00bbtag:h2|text_align:left|color:%236aaa3a\u00bb google_fonts=\u00bbfont_family:Roboto%20Slab%3A100%2C300%2Cregular%2C700|font_style:700%20bold%20regular%3A700%3Anormal\u00bb][vc_video link=\u00bbhttps:\/\/www.youtube.com\/watch?v=3WC93U0IV5A\u00bb][vc_column_text] Breve descripci\u00f3n En este taller el alumnado aprender\u00e1 c\u00f3mo se realiza el c\u00e1lculo de coberturas de macr\u00f3fitos marinos en el campo, tanto en el intermareal como en el submareal, para caracterizar las comunidades. Esta es una de las principales actividades que lleva a cabo un bot\u00e1nico marino en el campo....","og_url":"https:\/\/www.ull.es\/portal\/cienciaull\/laboratorio-virtual-conecta-cienciull\/energia-biodiversidad-y-medioambiente\/taller-21-calculando-coberturas-de-macrofitos-marinos\/","article_publisher":"https:\/\/www.facebook.com\/CienciaULL\/","article_modified_time":"2025-07-28T10:59:20+00:00","twitter_card":"summary_large_image","twitter_site":"@CienciaULL","twitter_misc":{"Tiempo de lectura":"1 minuto"},"schema":{"@context":"https:\/\/schema.org","@graph":[{"@type":"WebPage","@id":"https:\/\/www.ull.es\/portal\/cienciaull\/laboratorio-virtual-conecta-cienciull\/energia-biodiversidad-y-medioambiente\/taller-21-calculando-coberturas-de-macrofitos-marinos\/","url":"https:\/\/www.ull.es\/portal\/cienciaull\/laboratorio-virtual-conecta-cienciull\/energia-biodiversidad-y-medioambiente\/taller-21-calculando-coberturas-de-macrofitos-marinos\/","name":"Taller 21. \u00abCalculando coberturas de macr\u00f3fitos marinos\u00bb -","isPartOf":{"@id":"https:\/\/www.ull.es\/portal\/cienciaull\/#website"},"datePublished":"2025-02-25T10:37:43+00:00","dateModified":"2025-07-28T10:59:20+00:00","breadcrumb":{"@id":"https:\/\/www.ull.es\/portal\/cienciaull\/laboratorio-virtual-conecta-cienciull\/energia-biodiversidad-y-medioambiente\/taller-21-calculando-coberturas-de-macrofitos-marinos\/#breadcrumb"},"inLanguage":"es","potentialAction":[{"@type":"ReadAction","target":["https:\/\/www.ull.es\/portal\/cienciaull\/laboratorio-virtual-conecta-cienciull\/energia-biodiversidad-y-medioambiente\/taller-21-calculando-coberturas-de-macrofitos-marinos\/"]}]},{"@type":"BreadcrumbList","@id":"https:\/\/www.ull.es\/portal\/cienciaull\/laboratorio-virtual-conecta-cienciull\/energia-biodiversidad-y-medioambiente\/taller-21-calculando-coberturas-de-macrofitos-marinos\/#breadcrumb","itemListElement":[{"@type":"ListItem","position":1,"name":"Portada","item":"https:\/\/www.ull.es\/portal\/cienciaull\/"},{"@type":"ListItem","position":2,"name":"Laboratorio Virtual Conecta Cienci@ULL","item":"https:\/\/www.ull.es\/portal\/cienciaull\/laboratorio-virtual-conecta-cienciull\/"},{"@type":"ListItem","position":3,"name":"Energ\u00eda, Biodiversidad y Medioambiente","item":"https:\/\/www.ull.es\/portal\/cienciaull\/laboratorio-virtual-conecta-cienciull\/energia-biodiversidad-y-medioambiente\/"},{"@type":"ListItem","position":4,"name":"Taller 21. \u00abCalculando coberturas de macr\u00f3fitos marinos\u00bb"}]},{"@type":"WebSite","@id":"https:\/\/www.ull.es\/portal\/cienciaull\/#website","url":"https:\/\/www.ull.es\/portal\/cienciaull\/","name":"","description":"Unidad de Cultura Cient\u00edfica y de la Innovaci\u00f3n de la Universidad de La Laguna","potentialAction":[{"@type":"SearchAction","target":{"@type":"EntryPoint","urlTemplate":"https:\/\/www.ull.es\/portal\/cienciaull\/?s={search_term_string}"},"query-input":"required name=search_term_string"}],"inLanguage":"es"}]}},"_links":{"self":[{"href":"https:\/\/www.ull.es\/portal\/cienciaull\/wp-json\/wp\/v2\/pages\/33605"}],"collection":[{"href":"https:\/\/www.ull.es\/portal\/cienciaull\/wp-json\/wp\/v2\/pages"}],"about":[{"href":"https:\/\/www.ull.es\/portal\/cienciaull\/wp-json\/wp\/v2\/types\/page"}],"author":[{"embeddable":true,"href":"https:\/\/www.ull.es\/portal\/cienciaull\/wp-json\/wp\/v2\/users\/56"}],"replies":[{"embeddable":true,"href":"https:\/\/www.ull.es\/portal\/cienciaull\/wp-json\/wp\/v2\/comments?post=33605"}],"version-history":[{"count":6,"href":"https:\/\/www.ull.es\/portal\/cienciaull\/wp-json\/wp\/v2\/pages\/33605\/revisions"}],"predecessor-version":[{"id":35021,"href":"https:\/\/www.ull.es\/portal\/cienciaull\/wp-json\/wp\/v2\/pages\/33605\/revisions\/35021"}],"up":[{"embeddable":true,"href":"https:\/\/www.ull.es\/portal\/cienciaull\/wp-json\/wp\/v2\/pages\/26989"}],"wp:attachment":[{"href":"https:\/\/www.ull.es\/portal\/cienciaull\/wp-json\/wp\/v2\/media?parent=33605"}],"curies":[{"name":"wp","href":"https:\/\/api.w.org\/{rel}","templated":true}]}}