{"id":33613,"date":"2025-02-25T11:27:48","date_gmt":"2025-02-25T11:27:48","guid":{"rendered":"https:\/\/www.ull.es\/portal\/cienciaull\/?page_id=33613"},"modified":"2025-07-28T12:03:01","modified_gmt":"2025-07-28T12:03:01","slug":"taller-19-flota-seguro-la-ciencia-detras-del-chaleco-salvavidas","status":"publish","type":"page","link":"https:\/\/www.ull.es\/portal\/cienciaull\/laboratorio-virtual-conecta-cienciull\/ciencia-y-tecnologia\/taller-19-flota-seguro-la-ciencia-detras-del-chaleco-salvavidas\/","title":{"rendered":"Taller 19. \u00ab\u00a1Flota seguro! La Ciencia detr\u00e1s del chaleco salvavidas\u00bb"},"content":{"rendered":"<p>[vc_row][vc_column][vc_custom_heading source=\u00bbpost_title\u00bb font_container=\u00bbtag:h2|text_align:left|color:%23dd9933&#8243; google_fonts=\u00bbfont_family:Roboto%20Slab%3A100%2C300%2Cregular%2C700|font_style:700%20bold%20regular%3A700%3Anormal\u00bb][vc_video link=\u00bbhttps:\/\/youtu.be\/bYkf2kFL2co\u00bb][vc_empty_space][vc_column_text]<\/p>\n<table style=\"height: 31px\" width=\"969\">\n<tbody>\n<tr>\n<td width=\"118\"><strong>Breve descripci\u00f3n<\/strong><\/td>\n<\/tr>\n<tr>\n<td style=\"text-align: justify\"><span style=\"font-weight: 400\">Este taller pr\u00e1ctico ense\u00f1a a estudiantes de secundaria los pasos\u00a0 esenciales para colocar y ajustar correctamente un chaleco\u00a0 salvavidas, garantizando su eficacia en situaciones de emergencia\u00a0 en alta mar. Adem\u00e1s, se explican los principios cient\u00edficos detr\u00e1s\u00a0 del funcionamiento del chaleco, los materiales con los que est\u00e1\u00a0 fabricado y su importancia en la seguridad mar\u00edtima. La finalidad\u00a0 es promover la seguridad mar\u00edtima y fomentar el inter\u00e9s por la\u00a0 ciencia y la tecnolog\u00eda aplicada.<\/span><\/td>\n<\/tr>\n<\/tbody>\n<\/table>\n<p>[\/vc_column_text][vc_column_text]<\/p>\n<table style=\"height: 92px\" width=\"653\">\n<tbody>\n<tr>\n<td width=\"152\"><strong>Publico al que se dirige<\/strong><\/td>\n<td width=\"80\"><strong>Duraci\u00f3n<\/strong><\/td>\n<\/tr>\n<tr>\n<td><span style=\"font-weight: 400\">Alumnado de E.S.O<\/span><\/td>\n<td><span style=\"font-weight: 400\">15 min<\/span><\/td>\n<\/tr>\n<\/tbody>\n<\/table>\n<p>[\/vc_column_text][vc_column_text]<\/p>\n<table style=\"height: 116px\" width=\"367\">\n<tbody>\n<tr>\n<td width=\"152\"><strong>Materiales y recursos<\/strong><\/td>\n<\/tr>\n<tr>\n<td>\n<ul>\n<li><b>Chaleco salvavidas homologado <\/b><span style=\"font-weight: 400\">(talla adulto o infantil, seg\u00fan el p\u00fablico objetivo).<\/span><\/li>\n<li><b>Modelo humano o maniqu\u00ed <\/b><span style=\"font-weight: 400\">para demostraci\u00f3n.<\/span><\/li>\n<li><b><b>Im\u00e1genes de apoyo: <\/b><\/b><\/li>\n<\/ul>\n<p><span style=\"font-weight: 400\">\u00a0 \u00a0 \u00a0 \u00a0 \u00a0 <strong>&#8211;<\/strong> Etiqueta de homologaci\u00f3n.<br \/>\n<\/span><span style=\"font-weight: 400\">\u00a0 \u00a0 \u00a0 \u00a0 \u00a0 <strong>&#8211;<\/strong> Tipos de chalecos (fijos vs. inflables).<br \/>\n<\/span><span style=\"font-weight: 400\">\u00a0 \u00a0 \u00a0 \u00a0 \u00a0 <strong>&#8211; <\/strong>Materiales de fabricaci\u00f3n (espumas de polietileno, poliuretano, etc.).<br \/>\n<\/span><span style=\"font-weight: 400\">\u00a0 \u00a0 \u00a0 \u00a0 \u00a0 <strong>&#8211;<\/strong> Ajuste de correas y cinchas.\u00a0<\/span><\/p>\n<ul>\n<li><b>Recursos Audiovisuales: <\/b><\/li>\n<\/ul>\n<p><span style=\"font-weight: 400\">\u00a0 \u00a0 \u00a0 \u00a0 \u00a0 <strong>&#8211;<\/strong> V\u00eddeo explicativo sobre el principio de flotabilidad (Arqu\u00edmedes).<br \/>\n<\/span><span style=\"font-weight: 400\">\u00a0 \u00a0 \u00a0 \u00a0 \u00a0 <strong>&#8211;<\/strong> Animaci\u00f3n de los materiales utilizados en la fabricaci\u00f3n del chaleco.<br \/>\n<\/span><span style=\"font-weight: 400\">\u00a0 \u00a0 \u00a0 \u00a0 \u00a0 <strong>&#8211; <\/strong>Materiales de fabricaci\u00f3n (espumas de polietileno, poliuretano, etc.).<br \/>\n<\/span><span style=\"font-weight: 400\">\u00a0 \u00a0 \u00a0 \u00a0 \u00a0 <strong>&#8211;<\/strong> V\u00eddeo demostrativo de c\u00f3mo colocarse y ajustar el chaleco correctamente.<br \/>\n<strong>\u00a0 \u00a0 \u00a0 \u00a0 \u00a0 &#8211;<\/strong> Animaci\u00f3n de la posici\u00f3n correcta para saltar al mar.<\/span><\/td>\n<\/tr>\n<\/tbody>\n<\/table>\n<p>[\/vc_column_text][vc_column_text]<\/p>\n<table style=\"height: 71px\" width=\"390\">\n<tbody>\n<tr>\n<td width=\"152\"><strong>Investigador<\/strong><\/td>\n<td width=\"152\">Celeste Santaella Garc\u00eda<\/td>\n<\/tr>\n<tr>\n<td><strong>Departamento<\/strong><\/td>\n<td>Dpto. de Ingenier\u00eda Civil, N\u00e1utica y Mar\u00edtima<\/td>\n<\/tr>\n<\/tbody>\n<\/table>\n<p>[\/vc_column_text][vc_empty_space][vc_btn title=\u00bbDescargar ficha del taller\u00bb color=\u00bborange\u00bb align=\u00bbcenter\u00bb link=\u00bburl:https%3A%2F%2Fdrive.google.com%2Ffile%2Fd%2F1gUaOjssVUS1bQY-aWGmO7whYP9jujj2Y%2Fview%3Fusp%3Dsharing|target:_blank\u00bb][\/vc_column][\/vc_row]<\/p>\n","protected":false},"excerpt":{"rendered":"<p>[vc_row][vc_column][vc_custom_heading source=\u00bbpost_title\u00bb font_container=\u00bbtag:h2|text_align:left|color:%23dd9933&#8243; google_fonts=\u00bbfont_family:Roboto%20Slab%3A100%2C300%2Cregular%2C700|font_style:700%20bold%20regular%3A700%3Anormal\u00bb][vc_video link=\u00bbhttps:\/\/youtu.be\/bYkf2kFL2co\u00bb][vc_empty_space][vc_column_text] Breve descripci\u00f3n Este taller pr\u00e1ctico ense\u00f1a a estudiantes de secundaria los pasos\u00a0 esenciales para colocar y ajustar correctamente un chaleco\u00a0 salvavidas, garantizando su eficacia en situaciones de emergencia\u00a0 en alta mar. Adem\u00e1s, se explican los principios cient\u00edficos detr\u00e1s\u00a0 del funcionamiento del chaleco, los materiales con los que est\u00e1\u00a0 fabricado y&#8230;<\/p>\n","protected":false},"author":56,"featured_media":0,"parent":27036,"menu_order":19,"comment_status":"closed","ping_status":"closed","template":"","meta":{"inline_featured_image":false,"footnotes":""},"acf":[],"yoast_head":"<!-- This site is optimized with the Yoast SEO plugin v21.3 - https:\/\/yoast.com\/wordpress\/plugins\/seo\/ -->\n<title>Taller 19. \u00ab\u00a1Flota seguro! La Ciencia detr\u00e1s del chaleco salvavidas\u00bb -<\/title>\n<meta name=\"robots\" content=\"index, follow, max-snippet:-1, max-image-preview:large, max-video-preview:-1\" \/>\n<link rel=\"canonical\" href=\"https:\/\/www.ull.es\/portal\/cienciaull\/laboratorio-virtual-conecta-cienciull\/ciencia-y-tecnologia\/taller-19-flota-seguro-la-ciencia-detras-del-chaleco-salvavidas\/\" \/>\n<meta property=\"og:locale\" content=\"es_ES\" \/>\n<meta property=\"og:type\" content=\"article\" \/>\n<meta property=\"og:title\" content=\"Taller 19. \u00ab\u00a1Flota seguro! La Ciencia detr\u00e1s del chaleco salvavidas\u00bb -\" \/>\n<meta property=\"og:description\" content=\"[vc_row][vc_column][vc_custom_heading source=\u00bbpost_title\u00bb font_container=\u00bbtag:h2|text_align:left|color:%23dd9933&#8243; google_fonts=\u00bbfont_family:Roboto%20Slab%3A100%2C300%2Cregular%2C700|font_style:700%20bold%20regular%3A700%3Anormal\u00bb][vc_video link=\u00bbhttps:\/\/youtu.be\/bYkf2kFL2co\u00bb][vc_empty_space][vc_column_text] Breve descripci\u00f3n Este taller pr\u00e1ctico ense\u00f1a a estudiantes de secundaria los pasos\u00a0 esenciales para colocar y ajustar correctamente un chaleco\u00a0 salvavidas, garantizando su eficacia en situaciones de emergencia\u00a0 en alta mar. Adem\u00e1s, se explican los principios cient\u00edficos detr\u00e1s\u00a0 del funcionamiento del chaleco, los materiales con los que est\u00e1\u00a0 fabricado y...\" \/>\n<meta property=\"og:url\" content=\"https:\/\/www.ull.es\/portal\/cienciaull\/laboratorio-virtual-conecta-cienciull\/ciencia-y-tecnologia\/taller-19-flota-seguro-la-ciencia-detras-del-chaleco-salvavidas\/\" \/>\n<meta property=\"article:publisher\" content=\"https:\/\/www.facebook.com\/CienciaULL\/\" \/>\n<meta property=\"article:modified_time\" content=\"2025-07-28T12:03:01+00:00\" \/>\n<meta name=\"twitter:card\" content=\"summary_large_image\" \/>\n<meta name=\"twitter:site\" content=\"@CienciaULL\" \/>\n<meta name=\"twitter:label1\" content=\"Tiempo de lectura\" \/>\n\t<meta name=\"twitter:data1\" content=\"1 minuto\" \/>\n<script type=\"application\/ld+json\" class=\"yoast-schema-graph\">{\"@context\":\"https:\/\/schema.org\",\"@graph\":[{\"@type\":\"WebPage\",\"@id\":\"https:\/\/www.ull.es\/portal\/cienciaull\/laboratorio-virtual-conecta-cienciull\/ciencia-y-tecnologia\/taller-19-flota-seguro-la-ciencia-detras-del-chaleco-salvavidas\/\",\"url\":\"https:\/\/www.ull.es\/portal\/cienciaull\/laboratorio-virtual-conecta-cienciull\/ciencia-y-tecnologia\/taller-19-flota-seguro-la-ciencia-detras-del-chaleco-salvavidas\/\",\"name\":\"Taller 19. \u00ab\u00a1Flota seguro! La Ciencia detr\u00e1s del chaleco salvavidas\u00bb -\",\"isPartOf\":{\"@id\":\"https:\/\/www.ull.es\/portal\/cienciaull\/#website\"},\"datePublished\":\"2025-02-25T11:27:48+00:00\",\"dateModified\":\"2025-07-28T12:03:01+00:00\",\"breadcrumb\":{\"@id\":\"https:\/\/www.ull.es\/portal\/cienciaull\/laboratorio-virtual-conecta-cienciull\/ciencia-y-tecnologia\/taller-19-flota-seguro-la-ciencia-detras-del-chaleco-salvavidas\/#breadcrumb\"},\"inLanguage\":\"es\",\"potentialAction\":[{\"@type\":\"ReadAction\",\"target\":[\"https:\/\/www.ull.es\/portal\/cienciaull\/laboratorio-virtual-conecta-cienciull\/ciencia-y-tecnologia\/taller-19-flota-seguro-la-ciencia-detras-del-chaleco-salvavidas\/\"]}]},{\"@type\":\"BreadcrumbList\",\"@id\":\"https:\/\/www.ull.es\/portal\/cienciaull\/laboratorio-virtual-conecta-cienciull\/ciencia-y-tecnologia\/taller-19-flota-seguro-la-ciencia-detras-del-chaleco-salvavidas\/#breadcrumb\",\"itemListElement\":[{\"@type\":\"ListItem\",\"position\":1,\"name\":\"Portada\",\"item\":\"https:\/\/www.ull.es\/portal\/cienciaull\/\"},{\"@type\":\"ListItem\",\"position\":2,\"name\":\"Laboratorio Virtual Conecta Cienci@ULL\",\"item\":\"https:\/\/www.ull.es\/portal\/cienciaull\/laboratorio-virtual-conecta-cienciull\/\"},{\"@type\":\"ListItem\",\"position\":3,\"name\":\"Ciencia y Tecnolog\u00eda\",\"item\":\"https:\/\/www.ull.es\/portal\/cienciaull\/laboratorio-virtual-conecta-cienciull\/ciencia-y-tecnologia\/\"},{\"@type\":\"ListItem\",\"position\":4,\"name\":\"Taller 19. \u00ab\u00a1Flota seguro! La Ciencia detr\u00e1s del chaleco salvavidas\u00bb\"}]},{\"@type\":\"WebSite\",\"@id\":\"https:\/\/www.ull.es\/portal\/cienciaull\/#website\",\"url\":\"https:\/\/www.ull.es\/portal\/cienciaull\/\",\"name\":\"\",\"description\":\"Unidad de Cultura Cient\u00edfica y de la Innovaci\u00f3n de la Universidad de La Laguna\",\"potentialAction\":[{\"@type\":\"SearchAction\",\"target\":{\"@type\":\"EntryPoint\",\"urlTemplate\":\"https:\/\/www.ull.es\/portal\/cienciaull\/?s={search_term_string}\"},\"query-input\":\"required name=search_term_string\"}],\"inLanguage\":\"es\"}]}<\/script>\n<!-- \/ Yoast SEO plugin. -->","yoast_head_json":{"title":"Taller 19. \u00ab\u00a1Flota seguro! La Ciencia detr\u00e1s del chaleco salvavidas\u00bb -","robots":{"index":"index","follow":"follow","max-snippet":"max-snippet:-1","max-image-preview":"max-image-preview:large","max-video-preview":"max-video-preview:-1"},"canonical":"https:\/\/www.ull.es\/portal\/cienciaull\/laboratorio-virtual-conecta-cienciull\/ciencia-y-tecnologia\/taller-19-flota-seguro-la-ciencia-detras-del-chaleco-salvavidas\/","og_locale":"es_ES","og_type":"article","og_title":"Taller 19. \u00ab\u00a1Flota seguro! La Ciencia detr\u00e1s del chaleco salvavidas\u00bb -","og_description":"[vc_row][vc_column][vc_custom_heading source=\u00bbpost_title\u00bb font_container=\u00bbtag:h2|text_align:left|color:%23dd9933&#8243; google_fonts=\u00bbfont_family:Roboto%20Slab%3A100%2C300%2Cregular%2C700|font_style:700%20bold%20regular%3A700%3Anormal\u00bb][vc_video link=\u00bbhttps:\/\/youtu.be\/bYkf2kFL2co\u00bb][vc_empty_space][vc_column_text] Breve descripci\u00f3n Este taller pr\u00e1ctico ense\u00f1a a estudiantes de secundaria los pasos\u00a0 esenciales para colocar y ajustar correctamente un chaleco\u00a0 salvavidas, garantizando su eficacia en situaciones de emergencia\u00a0 en alta mar. Adem\u00e1s, se explican los principios cient\u00edficos detr\u00e1s\u00a0 del funcionamiento del chaleco, los materiales con los que est\u00e1\u00a0 fabricado y...","og_url":"https:\/\/www.ull.es\/portal\/cienciaull\/laboratorio-virtual-conecta-cienciull\/ciencia-y-tecnologia\/taller-19-flota-seguro-la-ciencia-detras-del-chaleco-salvavidas\/","article_publisher":"https:\/\/www.facebook.com\/CienciaULL\/","article_modified_time":"2025-07-28T12:03:01+00:00","twitter_card":"summary_large_image","twitter_site":"@CienciaULL","twitter_misc":{"Tiempo de lectura":"1 minuto"},"schema":{"@context":"https:\/\/schema.org","@graph":[{"@type":"WebPage","@id":"https:\/\/www.ull.es\/portal\/cienciaull\/laboratorio-virtual-conecta-cienciull\/ciencia-y-tecnologia\/taller-19-flota-seguro-la-ciencia-detras-del-chaleco-salvavidas\/","url":"https:\/\/www.ull.es\/portal\/cienciaull\/laboratorio-virtual-conecta-cienciull\/ciencia-y-tecnologia\/taller-19-flota-seguro-la-ciencia-detras-del-chaleco-salvavidas\/","name":"Taller 19. \u00ab\u00a1Flota seguro! La Ciencia detr\u00e1s del chaleco salvavidas\u00bb -","isPartOf":{"@id":"https:\/\/www.ull.es\/portal\/cienciaull\/#website"},"datePublished":"2025-02-25T11:27:48+00:00","dateModified":"2025-07-28T12:03:01+00:00","breadcrumb":{"@id":"https:\/\/www.ull.es\/portal\/cienciaull\/laboratorio-virtual-conecta-cienciull\/ciencia-y-tecnologia\/taller-19-flota-seguro-la-ciencia-detras-del-chaleco-salvavidas\/#breadcrumb"},"inLanguage":"es","potentialAction":[{"@type":"ReadAction","target":["https:\/\/www.ull.es\/portal\/cienciaull\/laboratorio-virtual-conecta-cienciull\/ciencia-y-tecnologia\/taller-19-flota-seguro-la-ciencia-detras-del-chaleco-salvavidas\/"]}]},{"@type":"BreadcrumbList","@id":"https:\/\/www.ull.es\/portal\/cienciaull\/laboratorio-virtual-conecta-cienciull\/ciencia-y-tecnologia\/taller-19-flota-seguro-la-ciencia-detras-del-chaleco-salvavidas\/#breadcrumb","itemListElement":[{"@type":"ListItem","position":1,"name":"Portada","item":"https:\/\/www.ull.es\/portal\/cienciaull\/"},{"@type":"ListItem","position":2,"name":"Laboratorio Virtual Conecta Cienci@ULL","item":"https:\/\/www.ull.es\/portal\/cienciaull\/laboratorio-virtual-conecta-cienciull\/"},{"@type":"ListItem","position":3,"name":"Ciencia y Tecnolog\u00eda","item":"https:\/\/www.ull.es\/portal\/cienciaull\/laboratorio-virtual-conecta-cienciull\/ciencia-y-tecnologia\/"},{"@type":"ListItem","position":4,"name":"Taller 19. \u00ab\u00a1Flota seguro! La Ciencia detr\u00e1s del chaleco salvavidas\u00bb"}]},{"@type":"WebSite","@id":"https:\/\/www.ull.es\/portal\/cienciaull\/#website","url":"https:\/\/www.ull.es\/portal\/cienciaull\/","name":"","description":"Unidad de Cultura Cient\u00edfica y de la Innovaci\u00f3n de la Universidad de La Laguna","potentialAction":[{"@type":"SearchAction","target":{"@type":"EntryPoint","urlTemplate":"https:\/\/www.ull.es\/portal\/cienciaull\/?s={search_term_string}"},"query-input":"required name=search_term_string"}],"inLanguage":"es"}]}},"_links":{"self":[{"href":"https:\/\/www.ull.es\/portal\/cienciaull\/wp-json\/wp\/v2\/pages\/33613"}],"collection":[{"href":"https:\/\/www.ull.es\/portal\/cienciaull\/wp-json\/wp\/v2\/pages"}],"about":[{"href":"https:\/\/www.ull.es\/portal\/cienciaull\/wp-json\/wp\/v2\/types\/page"}],"author":[{"embeddable":true,"href":"https:\/\/www.ull.es\/portal\/cienciaull\/wp-json\/wp\/v2\/users\/56"}],"replies":[{"embeddable":true,"href":"https:\/\/www.ull.es\/portal\/cienciaull\/wp-json\/wp\/v2\/comments?post=33613"}],"version-history":[{"count":16,"href":"https:\/\/www.ull.es\/portal\/cienciaull\/wp-json\/wp\/v2\/pages\/33613\/revisions"}],"predecessor-version":[{"id":33903,"href":"https:\/\/www.ull.es\/portal\/cienciaull\/wp-json\/wp\/v2\/pages\/33613\/revisions\/33903"}],"up":[{"embeddable":true,"href":"https:\/\/www.ull.es\/portal\/cienciaull\/wp-json\/wp\/v2\/pages\/27036"}],"wp:attachment":[{"href":"https:\/\/www.ull.es\/portal\/cienciaull\/wp-json\/wp\/v2\/media?parent=33613"}],"curies":[{"name":"wp","href":"https:\/\/api.w.org\/{rel}","templated":true}]}}