{"id":34152,"date":"2025-05-12T10:35:05","date_gmt":"2025-05-12T10:35:05","guid":{"rendered":"https:\/\/www.ull.es\/portal\/cienciaull\/?page_id=34152"},"modified":"2025-07-14T06:49:33","modified_gmt":"2025-07-14T06:49:33","slug":"accion-1-4-v-laboratorio-de-verano-de-ciencia-y-tecnologia-arn-innova-2","status":"publish","type":"page","link":"https:\/\/www.ull.es\/portal\/cienciaull\/accion-1-4-v-laboratorio-de-verano-de-ciencia-y-tecnologia-arn-innova-2\/","title":{"rendered":"Acci\u00f3n 1.4. V Laboratorio de Verano de Ciencia y Tecnolog\u00eda ARN Innova"},"content":{"rendered":"<p>[vc_row][vc_column]\n<div id=\"rev_slider_334_1_wrapper\" class=\"rev_slider_wrapper fullwidthbanner-container\" data-source=\"gallery\" style=\"margin:0px auto;background:transparent;padding:0px;margin-top:0px;margin-bottom:0px;\">\n<!-- START REVOLUTION SLIDER 5.4.7.3 auto mode -->\n\t<div id=\"rev_slider_334_1\" class=\"rev_slider fullwidthabanner\" style=\"display:none;\" data-version=\"5.4.7.3\">\n<ul>\t<!-- SLIDE  -->\n\t<li data-index=\"rs-388\" data-transition=\"fade\" data-slotamount=\"default\" data-hideafterloop=\"0\" data-hideslideonmobile=\"off\"  data-easein=\"default\" data-easeout=\"default\" data-masterspeed=\"300\"  data-rotate=\"0\"  data-saveperformance=\"off\"  data-title=\"Slide\" data-param1=\"\" data-param2=\"\" data-param3=\"\" data-param4=\"\" data-param5=\"\" data-param6=\"\" data-param7=\"\" data-param8=\"\" data-param9=\"\" data-param10=\"\" data-description=\"\">\n\t\t<!-- MAIN IMAGE -->\n\t\t<img src=\"https:\/\/www.ull.es\/portal\/cienciaull\/wp-content\/plugins\/revslider\/admin\/assets\/images\/transparent.png\"  alt=\"\" title=\"Acci\u00f3n 1.4. V Laboratorio de Verano de Ciencia y Tecnolog\u00eda ARN Innova\"  data-bgposition=\"center center\" data-bgfit=\"cover\" data-bgrepeat=\"no-repeat\" class=\"rev-slidebg\" data-no-retina>\n\t\t<!-- LAYERS -->\n\n\t\t<!-- LAYER NR. 1 -->\n\t\t<div class=\"tp-caption   tp-resizeme\" \n\t\t\t id=\"slide-388-layer-1\" \n\t\t\t data-x=\"-8\" \n\t\t\t data-y=\"1\" \n\t\t\t\t\t\tdata-width=\"['none','none','none','none']\"\n\t\t\tdata-height=\"['none','none','none','none']\"\n \n\t\t\tdata-type=\"image\" \n\t\t\tdata-responsive_offset=\"on\" \n\n\t\t\tdata-frames='[{\"delay\":0,\"speed\":300,\"frame\":\"0\",\"from\":\"opacity:0;\",\"to\":\"o:1;\",\"ease\":\"Power3.easeInOut\"},{\"delay\":\"wait\",\"speed\":300,\"frame\":\"999\",\"to\":\"opacity:0;\",\"ease\":\"Power3.easeInOut\"}]'\n\t\t\tdata-textAlign=\"['inherit','inherit','inherit','inherit']\"\n\t\t\tdata-paddingtop=\"[0,0,0,0]\"\n\t\t\tdata-paddingright=\"[0,0,0,0]\"\n\t\t\tdata-paddingbottom=\"[0,0,0,0]\"\n\t\t\tdata-paddingleft=\"[0,0,0,0]\"\n\n\t\t\tstyle=\"z-index: 5;\"><img src=\"https:\/\/www.ull.es\/portal\/cienciaull\/wp-content\/uploads\/sites\/24\/2025\/05\/Laboratorio-de-Verano_2025.png\" alt=\"\" data-ww=\"1500px\" data-hh=\"500px\" width=\"1500\" height=\"500\" data-no-retina> <\/div>\n\n\t\t<!-- LAYER NR. 2 -->\n\t\t<div class=\"tp-caption   tp-resizeme\" \n\t\t\t id=\"slide-388-layer-7\" \n\t\t\t data-x=\"-11\" \n\t\t\t data-y=\"-30\" \n\t\t\t\t\t\tdata-width=\"['none','none','none','none']\"\n\t\t\tdata-height=\"['none','none','none','none']\"\n \n\t\t\tdata-type=\"image\" \n\t\t\tdata-responsive_offset=\"on\" \n\n\t\t\tdata-frames='[{\"delay\":0,\"speed\":300,\"frame\":\"0\",\"from\":\"opacity:0;\",\"to\":\"o:1;\",\"ease\":\"Power3.easeInOut\"},{\"delay\":\"wait\",\"speed\":300,\"frame\":\"999\",\"to\":\"opacity:0;\",\"ease\":\"Power3.easeInOut\"}]'\n\t\t\tdata-textAlign=\"['inherit','inherit','inherit','inherit']\"\n\t\t\tdata-paddingtop=\"[0,0,0,0]\"\n\t\t\tdata-paddingright=\"[0,0,0,0]\"\n\t\t\tdata-paddingbottom=\"[0,0,0,0]\"\n\t\t\tdata-paddingleft=\"[0,0,0,0]\"\n\n\t\t\tstyle=\"z-index: 10;\"><img src=\"https:\/\/www.ull.es\/portal\/cienciaull\/wp-content\/uploads\/sites\/24\/2025\/07\/laboratorio_verano_primaria_bn_tw.jpg\" alt=\"\" data-ww=\"1600px\" data-hh=\"534px\" width=\"1600\" height=\"534\" data-no-retina> <\/div>\n\t<\/li>\n<\/ul>\n<div class=\"tp-bannertimer tp-bottom\" style=\"visibility: hidden !important;\"><\/div>\t<\/div>\n<script>var htmlDiv = document.getElementById(\"rs-plugin-settings-inline-css\"); var htmlDivCss=\"\";\r\n\t\t\t\tif(htmlDiv) {\r\n\t\t\t\t\thtmlDiv.innerHTML = htmlDiv.innerHTML + htmlDivCss;\r\n\t\t\t\t}else{\r\n\t\t\t\t\tvar htmlDiv = document.createElement(\"div\");\r\n\t\t\t\t\thtmlDiv.innerHTML = \"<style>\" + htmlDivCss + \"<\/style>\";\r\n\t\t\t\t\tdocument.getElementsByTagName(\"head\")[0].appendChild(htmlDiv.childNodes[0]);\r\n\t\t\t\t}\r\n\t\t\t<\/script>\n\t\t<script type=\"text\/javascript\">\r\nif (setREVStartSize!==undefined) setREVStartSize(\r\n\t{c: '#rev_slider_334_1', gridwidth: [1500], gridheight: [500], sliderLayout: 'auto'});\r\n\t\t\t\r\nvar revapi334,\r\n\ttpj;\t\r\n(function() {\t\t\t\r\n\tif (!\/loaded|interactive|complete\/.test(document.readyState)) document.addEventListener(\"DOMContentLoaded\",onLoad); else onLoad();\t\r\n\tfunction onLoad() {\t\t\t\t\r\n\t\tif (tpj===undefined) { tpj = jQuery; if(\"off\" == \"on\") tpj.noConflict();}\r\n\tif(tpj(\"#rev_slider_334_1\").revolution == undefined){\n\t\trevslider_showDoubleJqueryError(\"#rev_slider_334_1\");\n\t}else{\n\t\trevapi334 = tpj(\"#rev_slider_334_1\").show().revolution({\n\t\t\tsliderType:\"standard\",\n\t\t\tjsFileLocation:\"\/\/www.ull.es\/portal\/cienciaull\/wp-content\/plugins\/revslider\/public\/assets\/js\/\",\n\t\t\tsliderLayout:\"auto\",\n\t\t\tdottedOverlay:\"none\",\n\t\t\tdelay:9000,\n\t\t\tnavigation: {\n\t\t\t\tonHoverStop:\"off\",\n\t\t\t},\n\t\t\tvisibilityLevels:[1240,1024,778,480],\n\t\t\tgridwidth:1500,\n\t\t\tgridheight:500,\n\t\t\tlazyType:\"none\",\n\t\t\tshadow:0,\n\t\t\tspinner:\"spinner0\",\n\t\t\tstopLoop:\"off\",\n\t\t\tstopAfterLoops:-1,\n\t\t\tstopAtSlide:-1,\n\t\t\tshuffle:\"off\",\n\t\t\tautoHeight:\"off\",\n\t\t\tdisableProgressBar:\"on\",\n\t\t\thideThumbsOnMobile:\"off\",\n\t\t\thideSliderAtLimit:0,\n\t\t\thideCaptionAtLimit:0,\n\t\t\thideAllCaptionAtLilmit:0,\n\t\t\tdebugMode:false,\n\t\t\tfallbacks: {\n\t\t\t\tsimplifyAll:\"off\",\n\t\t\t\tnextSlideOnWindowFocus:\"off\",\n\t\t\t\tdisableFocusListener:false,\n\t\t\t}\n\t\t});\n\t}; \/* END OF revapi call *\/\n\t\n }; \/* END OF ON LOAD FUNCTION *\/\r\n}()); \/* END OF WRAPPING FUNCTION *\/\r\n<\/script>\r\n\t\t<\/div><!-- END REVOLUTION SLIDER -->[vc_separator color=\u00bbjuicy_pink\u00bb style=\u00bbdouble\u00bb border_width=\u00bb10&#8243;][\/vc_column][\/vc_row][vc_row][vc_column width=\u00bb1\/2&#8243;][vc_empty_space][vc_btn title=\u00bbPresentaci\u00f3n\u00bb color=\u00bbblue\u00bb size=\u00bblg\u00bb align=\u00bbcenter\u00bb button_block=\u00bbtrue\u00bb link=\u00bburl:https%3A%2F%2Fwww.ull.es%2Fportal%2Fcienciaull%2Flaboratorio-arn-innova-2%2F\u00bb][\/vc_column][vc_column width=\u00bb1\/2&#8243;][vc_empty_space][vc_btn title=\u00bbPrograma de actividades\u00bb color=\u00bbwarning\u00bb size=\u00bblg\u00bb align=\u00bbcenter\u00bb button_block=\u00bbtrue\u00bb link=\u00bburl:https%3A%2F%2Fwww.ull.es%2Fportal%2Fcienciaull%2Flaboratorio-arn-innova-2%2F\u00bb][\/vc_column][\/vc_row][vc_row][vc_column][vc_empty_space][vc_custom_heading text=\u00bb1.4. V Laboratorio de Verano de Ciencia y Tecnolog\u00eda ARN Innova\u00bb font_container=\u00bbtag:h2|text_align:left|color:%233966b7&#8243; google_fonts=\u00bbfont_family:Roboto%20Slab%3A100%2C300%2Cregular%2C700|font_style:700%20bold%20regular%3A700%3Anormal\u00bb][\/vc_column][\/vc_row][vc_row][vc_column width=\u00bb2\/3&#8243;][vc_column_text]Es un programa formativo, de car\u00e1cter pr\u00e1ctico y l\u00fadico, que tiene como principal finalidad potenciar la <span style=\"color: #747f31\"><em><strong>\u201ccuriosidad cient\u00edfica del alumnado de 9 a 14 a\u00f1os del municipio de Arona\u201d<\/strong><\/em>,<\/span>\u00a0 a trav\u00e9s de la realizaci\u00f3n de un itinerario de talleres cient\u00edficos y actividades educativas (experimentos, talleres cient\u00edficos, salidas de campos,\u2026) impartidas por j\u00f3venes cient\u00edficos\/as de la Universidad de La Laguna, que se desarrollar\u00e1 durante tres d\u00edas (consecutivos de una semana) en el Centro Empresarial de las Galletas.<\/p>\n<p>El principal objetivo de esta actividad es <span style=\"color: #747f31\"><em><strong>\u201cfomentar las vocaciones cient\u00edficas entre los escolares del municipio de Arona, para la identificaci\u00f3n de los\/as futuros\/as cient\u00edficos\/as y tecn\u00f3logos\/as\u201d<\/strong>, <\/em><\/span>para ello a los\/as participantes se les:<\/p>\n<p><strong>(i)<\/strong> Proporciona una experiencia investigadora real de la mano del personal investigador de la ULL.<\/p>\n<p><strong>(ii)<\/strong> Aumentan su conocimiento en los \u00e1mbitos tem\u00e1ticos del Laboratorio, desde un punto de vista te\u00f3rico-pr\u00e1ctico.<\/p>\n<p><strong>(iii)<\/strong> Se forman sobre pensamiento computacional y emociones.<\/p>\n<p><strong>(vi)<\/strong> Facilita establecer contacto con alumnado de otros centros escolares del municipio.<\/p>\n<p>La actividad se realizar\u00e1 del <span style=\"color: #747f31\"><strong>23 de julio al 1 de agosto de 2025<\/strong>,<\/span> en horario de 9:30 a 13:30 h,\u00a0 y contar\u00e1 con un aforo m\u00e1ximo por semana de 20 alumnos\/as.[\/vc_column_text][vc_column_text]Las inscripciones estar\u00e1n abiertas desde el <strong>12\u00a0de mayo hasta el 9 de julio de 2025\u00a0<\/strong>o hasta completar aforo[\/vc_column_text][vc_btn title=\u00bbFormulario inscripci\u00f3n Alumnado de 4\u00ba 5\u00ba y 6\u00ba primaria\u00bb color=\u00bbdanger\u00bb align=\u00bbleft\u00bb add_icon=\u00bbtrue\u00bb link=\u00bburl:https%3A%2F%2Fforms.gle%2FQuCzEYaERLeJKAHq6%20&#8243;][vc_btn title=\u00bbFormulario inscripci\u00f3n Alumnado de 1\u00ba y 2\u00ba ESO\u00bb color=\u00bbsandy-brown\u00bb align=\u00bbleft\u00bb add_icon=\u00bbtrue\u00bb link=\u00bburl:https%3A%2F%2Fforms.gle%2FQGu1XkLxEVHLF6En8&#8243;][vc_column_text]<\/p>\n<p style=\"text-align: justify\">El Laboratorio de Verano de Ciencia y Tecnolog\u00eda ARN Innova se enmarca en el programa de pre-actividades de MacaroNight 2025 (Noche Europea de los Investigadores e investigadoras de la Macaronesia). Este proyecto es una iniciativa promovida por La Palma Research Centre, Observatorio Do Mar Dos A\u00e7ores, Big Van Ciencia, la Universidad da Madeira, la Fundaci\u00f3n General de la Universidad de La Laguna. Es cofinanciada por la Comisi\u00f3n Europea bajo las Acciones Marie Sk\u0142odowska-Curie (MSCA); iniciativa para fomentar las carreras cient\u00edficas en Europa, que se enmarca en Horizonte Europa, Programa Marco de Investigaci\u00f3n e Innovaci\u00f3n de la Uni\u00f3n Europea. En Tenerife, cuenta con la colaboraci\u00f3n de Cajasiete, la Agencia Canaria de Investigaci\u00f3n, Innovaci\u00f3n y Sociedad de la Informaci\u00f3n del Gobierno de Canarias y el Ayuntamiento de Arona.<\/p>\n<p>[\/vc_column_text][\/vc_column][vc_column width=\u00bb1\/3&#8243;][vc_btn title=\u00bbIV Laboratorio de Verano de Ciencia y Tecnolog\u00eda ARN Innova\u00bb color=\u00bbsuccess\u00bb size=\u00bblg\u00bb align=\u00bbcenter\u00bb button_block=\u00bbtrue\u00bb link=\u00bburl:https%3A%2F%2Fwww.ull.es%2Fportal%2Fcienciaull%2Faccion-1-4-iv-laboratorio-de-verano-de-ciencia-y-tecnologia-arn-innova%2F\u00bb][vc_column_text]<\/p>\n<p style=\"text-align: center\"><strong><span style=\"color: #de8300\">\u00a0Modalidad Primaria 2024<\/span><\/strong><\/p>\n<p>[\/vc_column_text][vc_video link=\u00bbhttps:\/\/www.youtube.com\/watch?v=Bost08tFhFc\u00bb][vc_empty_space height=\u00bb10&#8243;][vc_column_text]<\/p>\n<p style=\"text-align: center\"><strong><span style=\"color: #de8300\">\u00a0Modalidad Secundaria 2024<\/span><\/strong><\/p>\n<p>[\/vc_column_text][vc_video link=\u00bbhttps:\/\/www.youtube.com\/watch?v=tr6r7KQMa98&#8243;][vc_empty_space height=\u00bb20&#8243;][vc_btn title=\u00bbItinerario Primaria\u00bb color=\u00bbblue\u00bb align=\u00bbcenter\u00bb button_block=\u00bbtrue\u00bb link=\u00bburl:https%3A%2F%2Fdrive.google.com%2Ffile%2Fd%2F1fJdTRjUi1EeNUsJogjIbt89DWvce1dA8%2Fview%3Fusp%3Dsharing\u00bb][vc_btn title=\u00bbItinerario Secundaria\u00bb color=\u00bbwarning\u00bb align=\u00bbcenter\u00bb button_block=\u00bbtrue\u00bb link=\u00bburl:https%3A%2F%2Fdrive.google.com%2Ffile%2Fd%2F1zRrBJX5qpgM8ID15fJpT9VqTdoNA-ZOF%2Fview%3Fusp%3Dsharing\u00bb][vc_btn title=\u00bbListado de Admitidos\/as Provisional Primaria\u00bb color=\u00bbpink\u00bb align=\u00bbcenter\u00bb button_block=\u00bbtrue\u00bb link=\u00bburl:https%3A%2F%2Fdrive.google.com%2Ffile%2Fd%2F1mMl0hTrFwr2cHKYrmVgXknIxjZtmkF_2%2Fview%3Fusp%3Dsharing\u00bb][vc_btn title=\u00bbListado definitivo de Admitidos\/as Primaria\u00bb color=\u00bbsandy-brown\u00bb align=\u00bbcenter\u00bb button_block=\u00bbtrue\u00bb link=\u00bburl:https%3A%2F%2Fdrive.google.com%2Ffile%2Fd%2F1fKFaVo2aghTcXOITImqrI4AueWPStkhd%2Fview%3Fusp%3Dsharing\u00bb][vc_btn title=\u00bbListado de Admitidos\/as Provisional Secundaria\u00bb color=\u00bbpink\u00bb align=\u00bbcenter\u00bb button_block=\u00bbtrue\u00bb link=\u00bburl:https%3A%2F%2Fdrive.google.com%2Ffile%2Fd%2F1PtEt0XLCOQExuMysN23qb0YYE6_WSTL7%2Fview%3Fusp%3Dsharing\u00bb][vc_btn title=\u00bbListado definitivo de Admitidos\/as Secundaria\u00bb color=\u00bbsandy-brown\u00bb align=\u00bbcenter\u00bb button_block=\u00bbtrue\u00bb link=\u00bburl:https%3A%2F%2Fdrive.google.com%2Ffile%2Fd%2F1_CoVdLSVpF5ReJ-NBpDpa0XGSh8qTDQs%2Fview%3Fusp%3Dsharing\u00bb][vc_empty_space height=\u00bb20&#8243;][\/vc_column][\/vc_row]<\/p>\n","protected":false},"excerpt":{"rendered":"<p>[vc_row][vc_column][vc_separator color=\u00bbjuicy_pink\u00bb style=\u00bbdouble\u00bb border_width=\u00bb10&#8243;][\/vc_column][\/vc_row][vc_row][vc_column width=\u00bb1\/2&#8243;][vc_empty_space][vc_btn title=\u00bbPresentaci\u00f3n\u00bb color=\u00bbblue\u00bb size=\u00bblg\u00bb align=\u00bbcenter\u00bb button_block=\u00bbtrue\u00bb link=\u00bburl:https%3A%2F%2Fwww.ull.es%2Fportal%2Fcienciaull%2Flaboratorio-arn-innova-2%2F\u00bb][\/vc_column][vc_column width=\u00bb1\/2&#8243;][vc_empty_space][vc_btn title=\u00bbPrograma de actividades\u00bb color=\u00bbwarning\u00bb size=\u00bblg\u00bb align=\u00bbcenter\u00bb button_block=\u00bbtrue\u00bb link=\u00bburl:https%3A%2F%2Fwww.ull.es%2Fportal%2Fcienciaull%2Flaboratorio-arn-innova-2%2F\u00bb][\/vc_column][\/vc_row][vc_row][vc_column][vc_empty_space][vc_custom_heading text=\u00bb1.4. V Laboratorio de Verano de Ciencia y Tecnolog\u00eda ARN Innova\u00bb font_container=\u00bbtag:h2|text_align:left|color:%233966b7&#8243; google_fonts=\u00bbfont_family:Roboto%20Slab%3A100%2C300%2Cregular%2C700|font_style:700%20bold%20regular%3A700%3Anormal\u00bb][\/vc_column][\/vc_row][vc_row][vc_column width=\u00bb2\/3&#8243;][vc_column_text]Es un programa formativo, de car\u00e1cter pr\u00e1ctico y l\u00fadico, que tiene como principal finalidad potenciar la \u201ccuriosidad cient\u00edfica del alumnado de 9&#8230;<\/p>\n","protected":false},"author":56,"featured_media":0,"parent":0,"menu_order":0,"comment_status":"closed","ping_status":"closed","template":"templates\/cienciaull.php","meta":{"inline_featured_image":false,"footnotes":""},"acf":[],"yoast_head":"<!-- This site is optimized with the Yoast SEO plugin v21.3 - https:\/\/yoast.com\/wordpress\/plugins\/seo\/ -->\n<title>Acci\u00f3n 1.4. V Laboratorio de Verano de Ciencia y Tecnolog\u00eda ARN Innova -<\/title>\n<meta name=\"robots\" content=\"index, follow, max-snippet:-1, max-image-preview:large, max-video-preview:-1\" \/>\n<link rel=\"canonical\" href=\"https:\/\/www.ull.es\/portal\/cienciaull\/accion-1-4-v-laboratorio-de-verano-de-ciencia-y-tecnologia-arn-innova-2\/\" \/>\n<meta property=\"og:locale\" content=\"es_ES\" \/>\n<meta property=\"og:type\" content=\"article\" \/>\n<meta property=\"og:title\" content=\"Acci\u00f3n 1.4. V Laboratorio de Verano de Ciencia y Tecnolog\u00eda ARN Innova -\" \/>\n<meta property=\"og:description\" content=\"[vc_row][vc_column][vc_separator color=\u00bbjuicy_pink\u00bb style=\u00bbdouble\u00bb border_width=\u00bb10&#8243;][\/vc_column][\/vc_row][vc_row][vc_column width=\u00bb1\/2&#8243;][vc_empty_space][vc_btn title=\u00bbPresentaci\u00f3n\u00bb color=\u00bbblue\u00bb size=\u00bblg\u00bb align=\u00bbcenter\u00bb button_block=\u00bbtrue\u00bb link=\u00bburl:https%3A%2F%2Fwww.ull.es%2Fportal%2Fcienciaull%2Flaboratorio-arn-innova-2%2F\u00bb][\/vc_column][vc_column width=\u00bb1\/2&#8243;][vc_empty_space][vc_btn title=\u00bbPrograma de actividades\u00bb color=\u00bbwarning\u00bb size=\u00bblg\u00bb align=\u00bbcenter\u00bb button_block=\u00bbtrue\u00bb link=\u00bburl:https%3A%2F%2Fwww.ull.es%2Fportal%2Fcienciaull%2Flaboratorio-arn-innova-2%2F\u00bb][\/vc_column][\/vc_row][vc_row][vc_column][vc_empty_space][vc_custom_heading text=\u00bb1.4. V Laboratorio de Verano de Ciencia y Tecnolog\u00eda ARN Innova\u00bb font_container=\u00bbtag:h2|text_align:left|color:%233966b7&#8243; google_fonts=\u00bbfont_family:Roboto%20Slab%3A100%2C300%2Cregular%2C700|font_style:700%20bold%20regular%3A700%3Anormal\u00bb][\/vc_column][\/vc_row][vc_row][vc_column width=\u00bb2\/3&#8243;][vc_column_text]Es un programa formativo, de car\u00e1cter pr\u00e1ctico y l\u00fadico, que tiene como principal finalidad potenciar la \u201ccuriosidad cient\u00edfica del alumnado de 9...\" \/>\n<meta property=\"og:url\" content=\"https:\/\/www.ull.es\/portal\/cienciaull\/accion-1-4-v-laboratorio-de-verano-de-ciencia-y-tecnologia-arn-innova-2\/\" \/>\n<meta property=\"article:publisher\" content=\"https:\/\/www.facebook.com\/CienciaULL\/\" \/>\n<meta property=\"article:modified_time\" content=\"2025-07-14T06:49:33+00:00\" \/>\n<meta name=\"twitter:card\" content=\"summary_large_image\" \/>\n<meta name=\"twitter:site\" content=\"@CienciaULL\" \/>\n<meta name=\"twitter:label1\" content=\"Tiempo de lectura\" \/>\n\t<meta name=\"twitter:data1\" content=\"3 minutos\" \/>\n<script type=\"application\/ld+json\" class=\"yoast-schema-graph\">{\"@context\":\"https:\/\/schema.org\",\"@graph\":[{\"@type\":\"WebPage\",\"@id\":\"https:\/\/www.ull.es\/portal\/cienciaull\/accion-1-4-v-laboratorio-de-verano-de-ciencia-y-tecnologia-arn-innova-2\/\",\"url\":\"https:\/\/www.ull.es\/portal\/cienciaull\/accion-1-4-v-laboratorio-de-verano-de-ciencia-y-tecnologia-arn-innova-2\/\",\"name\":\"Acci\u00f3n 1.4. V Laboratorio de Verano de Ciencia y Tecnolog\u00eda ARN Innova -\",\"isPartOf\":{\"@id\":\"https:\/\/www.ull.es\/portal\/cienciaull\/#website\"},\"datePublished\":\"2025-05-12T10:35:05+00:00\",\"dateModified\":\"2025-07-14T06:49:33+00:00\",\"breadcrumb\":{\"@id\":\"https:\/\/www.ull.es\/portal\/cienciaull\/accion-1-4-v-laboratorio-de-verano-de-ciencia-y-tecnologia-arn-innova-2\/#breadcrumb\"},\"inLanguage\":\"es\",\"potentialAction\":[{\"@type\":\"ReadAction\",\"target\":[\"https:\/\/www.ull.es\/portal\/cienciaull\/accion-1-4-v-laboratorio-de-verano-de-ciencia-y-tecnologia-arn-innova-2\/\"]}]},{\"@type\":\"BreadcrumbList\",\"@id\":\"https:\/\/www.ull.es\/portal\/cienciaull\/accion-1-4-v-laboratorio-de-verano-de-ciencia-y-tecnologia-arn-innova-2\/#breadcrumb\",\"itemListElement\":[{\"@type\":\"ListItem\",\"position\":1,\"name\":\"Portada\",\"item\":\"https:\/\/www.ull.es\/portal\/cienciaull\/\"},{\"@type\":\"ListItem\",\"position\":2,\"name\":\"Acci\u00f3n 1.4. V Laboratorio de Verano de Ciencia y Tecnolog\u00eda ARN Innova\"}]},{\"@type\":\"WebSite\",\"@id\":\"https:\/\/www.ull.es\/portal\/cienciaull\/#website\",\"url\":\"https:\/\/www.ull.es\/portal\/cienciaull\/\",\"name\":\"\",\"description\":\"Unidad de Cultura Cient\u00edfica y de la Innovaci\u00f3n de la Universidad de La Laguna\",\"potentialAction\":[{\"@type\":\"SearchAction\",\"target\":{\"@type\":\"EntryPoint\",\"urlTemplate\":\"https:\/\/www.ull.es\/portal\/cienciaull\/?s={search_term_string}\"},\"query-input\":\"required name=search_term_string\"}],\"inLanguage\":\"es\"}]}<\/script>\n<!-- \/ Yoast SEO plugin. -->","yoast_head_json":{"title":"Acci\u00f3n 1.4. V Laboratorio de Verano de Ciencia y Tecnolog\u00eda ARN Innova -","robots":{"index":"index","follow":"follow","max-snippet":"max-snippet:-1","max-image-preview":"max-image-preview:large","max-video-preview":"max-video-preview:-1"},"canonical":"https:\/\/www.ull.es\/portal\/cienciaull\/accion-1-4-v-laboratorio-de-verano-de-ciencia-y-tecnologia-arn-innova-2\/","og_locale":"es_ES","og_type":"article","og_title":"Acci\u00f3n 1.4. V Laboratorio de Verano de Ciencia y Tecnolog\u00eda ARN Innova -","og_description":"[vc_row][vc_column][vc_separator color=\u00bbjuicy_pink\u00bb style=\u00bbdouble\u00bb border_width=\u00bb10&#8243;][\/vc_column][\/vc_row][vc_row][vc_column width=\u00bb1\/2&#8243;][vc_empty_space][vc_btn title=\u00bbPresentaci\u00f3n\u00bb color=\u00bbblue\u00bb size=\u00bblg\u00bb align=\u00bbcenter\u00bb button_block=\u00bbtrue\u00bb link=\u00bburl:https%3A%2F%2Fwww.ull.es%2Fportal%2Fcienciaull%2Flaboratorio-arn-innova-2%2F\u00bb][\/vc_column][vc_column width=\u00bb1\/2&#8243;][vc_empty_space][vc_btn title=\u00bbPrograma de actividades\u00bb color=\u00bbwarning\u00bb size=\u00bblg\u00bb align=\u00bbcenter\u00bb button_block=\u00bbtrue\u00bb link=\u00bburl:https%3A%2F%2Fwww.ull.es%2Fportal%2Fcienciaull%2Flaboratorio-arn-innova-2%2F\u00bb][\/vc_column][\/vc_row][vc_row][vc_column][vc_empty_space][vc_custom_heading text=\u00bb1.4. V Laboratorio de Verano de Ciencia y Tecnolog\u00eda ARN Innova\u00bb font_container=\u00bbtag:h2|text_align:left|color:%233966b7&#8243; google_fonts=\u00bbfont_family:Roboto%20Slab%3A100%2C300%2Cregular%2C700|font_style:700%20bold%20regular%3A700%3Anormal\u00bb][\/vc_column][\/vc_row][vc_row][vc_column width=\u00bb2\/3&#8243;][vc_column_text]Es un programa formativo, de car\u00e1cter pr\u00e1ctico y l\u00fadico, que tiene como principal finalidad potenciar la \u201ccuriosidad cient\u00edfica del alumnado de 9...","og_url":"https:\/\/www.ull.es\/portal\/cienciaull\/accion-1-4-v-laboratorio-de-verano-de-ciencia-y-tecnologia-arn-innova-2\/","article_publisher":"https:\/\/www.facebook.com\/CienciaULL\/","article_modified_time":"2025-07-14T06:49:33+00:00","twitter_card":"summary_large_image","twitter_site":"@CienciaULL","twitter_misc":{"Tiempo de lectura":"3 minutos"},"schema":{"@context":"https:\/\/schema.org","@graph":[{"@type":"WebPage","@id":"https:\/\/www.ull.es\/portal\/cienciaull\/accion-1-4-v-laboratorio-de-verano-de-ciencia-y-tecnologia-arn-innova-2\/","url":"https:\/\/www.ull.es\/portal\/cienciaull\/accion-1-4-v-laboratorio-de-verano-de-ciencia-y-tecnologia-arn-innova-2\/","name":"Acci\u00f3n 1.4. V Laboratorio de Verano de Ciencia y Tecnolog\u00eda ARN Innova -","isPartOf":{"@id":"https:\/\/www.ull.es\/portal\/cienciaull\/#website"},"datePublished":"2025-05-12T10:35:05+00:00","dateModified":"2025-07-14T06:49:33+00:00","breadcrumb":{"@id":"https:\/\/www.ull.es\/portal\/cienciaull\/accion-1-4-v-laboratorio-de-verano-de-ciencia-y-tecnologia-arn-innova-2\/#breadcrumb"},"inLanguage":"es","potentialAction":[{"@type":"ReadAction","target":["https:\/\/www.ull.es\/portal\/cienciaull\/accion-1-4-v-laboratorio-de-verano-de-ciencia-y-tecnologia-arn-innova-2\/"]}]},{"@type":"BreadcrumbList","@id":"https:\/\/www.ull.es\/portal\/cienciaull\/accion-1-4-v-laboratorio-de-verano-de-ciencia-y-tecnologia-arn-innova-2\/#breadcrumb","itemListElement":[{"@type":"ListItem","position":1,"name":"Portada","item":"https:\/\/www.ull.es\/portal\/cienciaull\/"},{"@type":"ListItem","position":2,"name":"Acci\u00f3n 1.4. V Laboratorio de Verano de Ciencia y Tecnolog\u00eda ARN Innova"}]},{"@type":"WebSite","@id":"https:\/\/www.ull.es\/portal\/cienciaull\/#website","url":"https:\/\/www.ull.es\/portal\/cienciaull\/","name":"","description":"Unidad de Cultura Cient\u00edfica y de la Innovaci\u00f3n de la Universidad de La Laguna","potentialAction":[{"@type":"SearchAction","target":{"@type":"EntryPoint","urlTemplate":"https:\/\/www.ull.es\/portal\/cienciaull\/?s={search_term_string}"},"query-input":"required name=search_term_string"}],"inLanguage":"es"}]}},"_links":{"self":[{"href":"https:\/\/www.ull.es\/portal\/cienciaull\/wp-json\/wp\/v2\/pages\/34152"}],"collection":[{"href":"https:\/\/www.ull.es\/portal\/cienciaull\/wp-json\/wp\/v2\/pages"}],"about":[{"href":"https:\/\/www.ull.es\/portal\/cienciaull\/wp-json\/wp\/v2\/types\/page"}],"author":[{"embeddable":true,"href":"https:\/\/www.ull.es\/portal\/cienciaull\/wp-json\/wp\/v2\/users\/56"}],"replies":[{"embeddable":true,"href":"https:\/\/www.ull.es\/portal\/cienciaull\/wp-json\/wp\/v2\/comments?post=34152"}],"version-history":[{"count":16,"href":"https:\/\/www.ull.es\/portal\/cienciaull\/wp-json\/wp\/v2\/pages\/34152\/revisions"}],"predecessor-version":[{"id":34767,"href":"https:\/\/www.ull.es\/portal\/cienciaull\/wp-json\/wp\/v2\/pages\/34152\/revisions\/34767"}],"wp:attachment":[{"href":"https:\/\/www.ull.es\/portal\/cienciaull\/wp-json\/wp\/v2\/media?parent=34152"}],"curies":[{"name":"wp","href":"https:\/\/api.w.org\/{rel}","templated":true}]}}