{"id":34648,"date":"2025-06-27T07:14:38","date_gmt":"2025-06-27T07:14:38","guid":{"rendered":"https:\/\/www.ull.es\/portal\/cienciaull\/?page_id=34648"},"modified":"2025-07-28T14:26:21","modified_gmt":"2025-07-28T14:26:21","slug":"taller-5-pensamiento-visual-y-sketchnotes-dibujar-para-pensar-y-comunicar","status":"publish","type":"page","link":"https:\/\/www.ull.es\/portal\/cienciaull\/laboratorio-virtual-conecta-cienciull\/ciencias-sociales-humanidades-y-arte\/taller-5-pensamiento-visual-y-sketchnotes-dibujar-para-pensar-y-comunicar\/","title":{"rendered":"Taller 5. \u00abPensamiento visual y  sketchnotes: dibujar para  pensar y comunicar\u00bb"},"content":{"rendered":"<p>[vc_row][vc_column][vc_custom_heading source=\u00bbpost_title\u00bb font_container=\u00bbtag:h2|text_align:left|color:%23e2c661&#8243; google_fonts=\u00bbfont_family:Roboto%20Slab%3A100%2C300%2Cregular%2C700|font_style:700%20bold%20regular%3A700%3Anormal\u00bb][vc_video link=\u00bbhttps:\/\/youtu.be\/EOgx-sQdfsk\u00bb][\/vc_column][\/vc_row][vc_row][vc_column][vc_empty_space][vc_column_text]<\/p>\n<table style=\"height: 9px\" width=\"1195\">\n<tbody>\n<tr>\n<td width=\"120\"><strong>Breve descripci\u00f3n<\/strong><\/td>\n<\/tr>\n<tr>\n<td>\n<p style=\"text-align: justify\">Taller pr\u00e1ctico sobre pensamiento visual y sketchnotes como herramientas para comunicar, aprender y organizar ideas. Se estimula la creatividad, la s\u00edntesis visual y el desarrollo de una comunicaci\u00f3n eficaz a trav\u00e9s del dibujo.<\/p>\n<\/td>\n<\/tr>\n<\/tbody>\n<\/table>\n<p>[\/vc_column_text][vc_column_text]<\/p>\n<table style=\"height: 61px\" width=\"1207\">\n<tbody>\n<tr>\n<td width=\"120\"><strong>P\u00fablico al que se dirige<\/strong><\/td>\n<td width=\"65\"><strong>Duraci\u00f3n<\/strong><\/td>\n<\/tr>\n<tr>\n<td><span style=\"font-weight: 400\">Alumnado de ESO,\u00a0 Bachillerato y primeros\u00a0 cursos universitarios<\/span><\/td>\n<td>Sin definir<\/td>\n<\/tr>\n<\/tbody>\n<\/table>\n<p>[\/vc_column_text][vc_column_text]<\/p>\n<table style=\"height: 116px\" width=\"367\">\n<tbody>\n<tr>\n<td width=\"152\"><strong>Materiales y recursos<\/strong><\/td>\n<\/tr>\n<tr>\n<td>\n<ul>\n<li><span style=\"font-weight: 400\">Papel A4<\/span><\/li>\n<li><span style=\"font-weight: 400\">Rotulador negro punta redonda (por\u00a0 ejemplo, Sharpie)<\/span><\/li>\n<li><span style=\"font-weight: 400\">Rotulador gris para sombreados (por\u00a0 ejemplo, Promarker)\u00a0<\/span><\/li>\n<li><span style=\"font-weight: 400\">Rotulador de un tono para detalles (por\u00a0 ejemplo, Promarker) <\/span><\/li>\n<\/ul>\n<\/td>\n<\/tr>\n<\/tbody>\n<\/table>\n<p>[\/vc_column_text][vc_column_text]<\/p>\n<table style=\"height: 70px\" width=\"1173\">\n<tbody>\n<tr>\n<td width=\"120\"><strong>Investigadora<\/strong><\/td>\n<td width=\"65\">Carla Garrido Puerta<\/td>\n<\/tr>\n<tr>\n<td><strong>Departamento<\/strong><\/td>\n<td><span style=\"font-weight: 400\">Bellas Artes<\/span><\/td>\n<\/tr>\n<\/tbody>\n<\/table>\n<p>[\/vc_column_text][vc_empty_space][vc_btn title=\u00bbDescargar ficha del taller\u00bb color=\u00bborange\u00bb align=\u00bbcenter\u00bb link=\u00bburl:https%3A%2F%2Fdrive.google.com%2Ffile%2Fd%2F1y3XEEhF46aUIotrmzDKAR6F1fw8iqhoZ%2Fview%3Fusp%3Dsharing|target:_blank\u00bb][\/vc_column][\/vc_row]<\/p>\n","protected":false},"excerpt":{"rendered":"<p>[vc_row][vc_column][vc_custom_heading source=\u00bbpost_title\u00bb font_container=\u00bbtag:h2|text_align:left|color:%23e2c661&#8243; google_fonts=\u00bbfont_family:Roboto%20Slab%3A100%2C300%2Cregular%2C700|font_style:700%20bold%20regular%3A700%3Anormal\u00bb][vc_video link=\u00bbhttps:\/\/youtu.be\/EOgx-sQdfsk\u00bb][\/vc_column][\/vc_row][vc_row][vc_column][vc_empty_space][vc_column_text] Breve descripci\u00f3n Taller pr\u00e1ctico sobre pensamiento visual y sketchnotes como herramientas para comunicar, aprender y organizar ideas. Se estimula la creatividad, la s\u00edntesis visual y el desarrollo de una comunicaci\u00f3n eficaz a trav\u00e9s del dibujo. [\/vc_column_text][vc_column_text] P\u00fablico al que se dirige Duraci\u00f3n Alumnado de ESO,\u00a0 Bachillerato y primeros\u00a0 cursos universitarios&#8230;<\/p>\n","protected":false},"author":56,"featured_media":0,"parent":27022,"menu_order":5,"comment_status":"closed","ping_status":"closed","template":"","meta":{"inline_featured_image":false,"footnotes":""},"acf":[],"yoast_head":"<!-- This site is optimized with the Yoast SEO plugin v21.3 - https:\/\/yoast.com\/wordpress\/plugins\/seo\/ -->\n<title>Taller 5. \u00abPensamiento visual y sketchnotes: dibujar para pensar y comunicar\u00bb -<\/title>\n<meta name=\"robots\" content=\"index, follow, max-snippet:-1, max-image-preview:large, max-video-preview:-1\" \/>\n<link rel=\"canonical\" href=\"https:\/\/www.ull.es\/portal\/cienciaull\/laboratorio-virtual-conecta-cienciull\/ciencias-sociales-humanidades-y-arte\/taller-5-pensamiento-visual-y-sketchnotes-dibujar-para-pensar-y-comunicar\/\" \/>\n<meta property=\"og:locale\" content=\"es_ES\" \/>\n<meta property=\"og:type\" content=\"article\" \/>\n<meta property=\"og:title\" content=\"Taller 5. \u00abPensamiento visual y sketchnotes: dibujar para pensar y comunicar\u00bb -\" \/>\n<meta property=\"og:description\" content=\"[vc_row][vc_column][vc_custom_heading source=\u00bbpost_title\u00bb font_container=\u00bbtag:h2|text_align:left|color:%23e2c661&#8243; google_fonts=\u00bbfont_family:Roboto%20Slab%3A100%2C300%2Cregular%2C700|font_style:700%20bold%20regular%3A700%3Anormal\u00bb][vc_video link=\u00bbhttps:\/\/youtu.be\/EOgx-sQdfsk\u00bb][\/vc_column][\/vc_row][vc_row][vc_column][vc_empty_space][vc_column_text] Breve descripci\u00f3n Taller pr\u00e1ctico sobre pensamiento visual y sketchnotes como herramientas para comunicar, aprender y organizar ideas. Se estimula la creatividad, la s\u00edntesis visual y el desarrollo de una comunicaci\u00f3n eficaz a trav\u00e9s del dibujo. [\/vc_column_text][vc_column_text] P\u00fablico al que se dirige Duraci\u00f3n Alumnado de ESO,\u00a0 Bachillerato y primeros\u00a0 cursos universitarios...\" \/>\n<meta property=\"og:url\" content=\"https:\/\/www.ull.es\/portal\/cienciaull\/laboratorio-virtual-conecta-cienciull\/ciencias-sociales-humanidades-y-arte\/taller-5-pensamiento-visual-y-sketchnotes-dibujar-para-pensar-y-comunicar\/\" \/>\n<meta property=\"article:publisher\" content=\"https:\/\/www.facebook.com\/CienciaULL\/\" \/>\n<meta property=\"article:modified_time\" content=\"2025-07-28T14:26:21+00:00\" \/>\n<meta name=\"twitter:card\" content=\"summary_large_image\" \/>\n<meta name=\"twitter:site\" content=\"@CienciaULL\" \/>\n<meta name=\"twitter:label1\" content=\"Tiempo de lectura\" \/>\n\t<meta name=\"twitter:data1\" content=\"1 minuto\" \/>\n<script type=\"application\/ld+json\" class=\"yoast-schema-graph\">{\"@context\":\"https:\/\/schema.org\",\"@graph\":[{\"@type\":\"WebPage\",\"@id\":\"https:\/\/www.ull.es\/portal\/cienciaull\/laboratorio-virtual-conecta-cienciull\/ciencias-sociales-humanidades-y-arte\/taller-5-pensamiento-visual-y-sketchnotes-dibujar-para-pensar-y-comunicar\/\",\"url\":\"https:\/\/www.ull.es\/portal\/cienciaull\/laboratorio-virtual-conecta-cienciull\/ciencias-sociales-humanidades-y-arte\/taller-5-pensamiento-visual-y-sketchnotes-dibujar-para-pensar-y-comunicar\/\",\"name\":\"Taller 5. \u00abPensamiento visual y sketchnotes: dibujar para pensar y comunicar\u00bb -\",\"isPartOf\":{\"@id\":\"https:\/\/www.ull.es\/portal\/cienciaull\/#website\"},\"datePublished\":\"2025-06-27T07:14:38+00:00\",\"dateModified\":\"2025-07-28T14:26:21+00:00\",\"breadcrumb\":{\"@id\":\"https:\/\/www.ull.es\/portal\/cienciaull\/laboratorio-virtual-conecta-cienciull\/ciencias-sociales-humanidades-y-arte\/taller-5-pensamiento-visual-y-sketchnotes-dibujar-para-pensar-y-comunicar\/#breadcrumb\"},\"inLanguage\":\"es\",\"potentialAction\":[{\"@type\":\"ReadAction\",\"target\":[\"https:\/\/www.ull.es\/portal\/cienciaull\/laboratorio-virtual-conecta-cienciull\/ciencias-sociales-humanidades-y-arte\/taller-5-pensamiento-visual-y-sketchnotes-dibujar-para-pensar-y-comunicar\/\"]}]},{\"@type\":\"BreadcrumbList\",\"@id\":\"https:\/\/www.ull.es\/portal\/cienciaull\/laboratorio-virtual-conecta-cienciull\/ciencias-sociales-humanidades-y-arte\/taller-5-pensamiento-visual-y-sketchnotes-dibujar-para-pensar-y-comunicar\/#breadcrumb\",\"itemListElement\":[{\"@type\":\"ListItem\",\"position\":1,\"name\":\"Portada\",\"item\":\"https:\/\/www.ull.es\/portal\/cienciaull\/\"},{\"@type\":\"ListItem\",\"position\":2,\"name\":\"Laboratorio Virtual Conecta Cienci@ULL\",\"item\":\"https:\/\/www.ull.es\/portal\/cienciaull\/laboratorio-virtual-conecta-cienciull\/\"},{\"@type\":\"ListItem\",\"position\":3,\"name\":\"Ciencias Sociales, Humanidades y Arte\",\"item\":\"https:\/\/www.ull.es\/portal\/cienciaull\/laboratorio-virtual-conecta-cienciull\/ciencias-sociales-humanidades-y-arte\/\"},{\"@type\":\"ListItem\",\"position\":4,\"name\":\"Taller 5. \u00abPensamiento visual y sketchnotes: dibujar para pensar y comunicar\u00bb\"}]},{\"@type\":\"WebSite\",\"@id\":\"https:\/\/www.ull.es\/portal\/cienciaull\/#website\",\"url\":\"https:\/\/www.ull.es\/portal\/cienciaull\/\",\"name\":\"\",\"description\":\"Unidad de Cultura Cient\u00edfica y de la Innovaci\u00f3n de la Universidad de La Laguna\",\"potentialAction\":[{\"@type\":\"SearchAction\",\"target\":{\"@type\":\"EntryPoint\",\"urlTemplate\":\"https:\/\/www.ull.es\/portal\/cienciaull\/?s={search_term_string}\"},\"query-input\":\"required name=search_term_string\"}],\"inLanguage\":\"es\"}]}<\/script>\n<!-- \/ Yoast SEO plugin. -->","yoast_head_json":{"title":"Taller 5. \u00abPensamiento visual y sketchnotes: dibujar para pensar y comunicar\u00bb -","robots":{"index":"index","follow":"follow","max-snippet":"max-snippet:-1","max-image-preview":"max-image-preview:large","max-video-preview":"max-video-preview:-1"},"canonical":"https:\/\/www.ull.es\/portal\/cienciaull\/laboratorio-virtual-conecta-cienciull\/ciencias-sociales-humanidades-y-arte\/taller-5-pensamiento-visual-y-sketchnotes-dibujar-para-pensar-y-comunicar\/","og_locale":"es_ES","og_type":"article","og_title":"Taller 5. \u00abPensamiento visual y sketchnotes: dibujar para pensar y comunicar\u00bb -","og_description":"[vc_row][vc_column][vc_custom_heading source=\u00bbpost_title\u00bb font_container=\u00bbtag:h2|text_align:left|color:%23e2c661&#8243; google_fonts=\u00bbfont_family:Roboto%20Slab%3A100%2C300%2Cregular%2C700|font_style:700%20bold%20regular%3A700%3Anormal\u00bb][vc_video link=\u00bbhttps:\/\/youtu.be\/EOgx-sQdfsk\u00bb][\/vc_column][\/vc_row][vc_row][vc_column][vc_empty_space][vc_column_text] Breve descripci\u00f3n Taller pr\u00e1ctico sobre pensamiento visual y sketchnotes como herramientas para comunicar, aprender y organizar ideas. Se estimula la creatividad, la s\u00edntesis visual y el desarrollo de una comunicaci\u00f3n eficaz a trav\u00e9s del dibujo. [\/vc_column_text][vc_column_text] P\u00fablico al que se dirige Duraci\u00f3n Alumnado de ESO,\u00a0 Bachillerato y primeros\u00a0 cursos universitarios...","og_url":"https:\/\/www.ull.es\/portal\/cienciaull\/laboratorio-virtual-conecta-cienciull\/ciencias-sociales-humanidades-y-arte\/taller-5-pensamiento-visual-y-sketchnotes-dibujar-para-pensar-y-comunicar\/","article_publisher":"https:\/\/www.facebook.com\/CienciaULL\/","article_modified_time":"2025-07-28T14:26:21+00:00","twitter_card":"summary_large_image","twitter_site":"@CienciaULL","twitter_misc":{"Tiempo de lectura":"1 minuto"},"schema":{"@context":"https:\/\/schema.org","@graph":[{"@type":"WebPage","@id":"https:\/\/www.ull.es\/portal\/cienciaull\/laboratorio-virtual-conecta-cienciull\/ciencias-sociales-humanidades-y-arte\/taller-5-pensamiento-visual-y-sketchnotes-dibujar-para-pensar-y-comunicar\/","url":"https:\/\/www.ull.es\/portal\/cienciaull\/laboratorio-virtual-conecta-cienciull\/ciencias-sociales-humanidades-y-arte\/taller-5-pensamiento-visual-y-sketchnotes-dibujar-para-pensar-y-comunicar\/","name":"Taller 5. \u00abPensamiento visual y sketchnotes: dibujar para pensar y comunicar\u00bb -","isPartOf":{"@id":"https:\/\/www.ull.es\/portal\/cienciaull\/#website"},"datePublished":"2025-06-27T07:14:38+00:00","dateModified":"2025-07-28T14:26:21+00:00","breadcrumb":{"@id":"https:\/\/www.ull.es\/portal\/cienciaull\/laboratorio-virtual-conecta-cienciull\/ciencias-sociales-humanidades-y-arte\/taller-5-pensamiento-visual-y-sketchnotes-dibujar-para-pensar-y-comunicar\/#breadcrumb"},"inLanguage":"es","potentialAction":[{"@type":"ReadAction","target":["https:\/\/www.ull.es\/portal\/cienciaull\/laboratorio-virtual-conecta-cienciull\/ciencias-sociales-humanidades-y-arte\/taller-5-pensamiento-visual-y-sketchnotes-dibujar-para-pensar-y-comunicar\/"]}]},{"@type":"BreadcrumbList","@id":"https:\/\/www.ull.es\/portal\/cienciaull\/laboratorio-virtual-conecta-cienciull\/ciencias-sociales-humanidades-y-arte\/taller-5-pensamiento-visual-y-sketchnotes-dibujar-para-pensar-y-comunicar\/#breadcrumb","itemListElement":[{"@type":"ListItem","position":1,"name":"Portada","item":"https:\/\/www.ull.es\/portal\/cienciaull\/"},{"@type":"ListItem","position":2,"name":"Laboratorio Virtual Conecta Cienci@ULL","item":"https:\/\/www.ull.es\/portal\/cienciaull\/laboratorio-virtual-conecta-cienciull\/"},{"@type":"ListItem","position":3,"name":"Ciencias Sociales, Humanidades y Arte","item":"https:\/\/www.ull.es\/portal\/cienciaull\/laboratorio-virtual-conecta-cienciull\/ciencias-sociales-humanidades-y-arte\/"},{"@type":"ListItem","position":4,"name":"Taller 5. \u00abPensamiento visual y sketchnotes: dibujar para pensar y comunicar\u00bb"}]},{"@type":"WebSite","@id":"https:\/\/www.ull.es\/portal\/cienciaull\/#website","url":"https:\/\/www.ull.es\/portal\/cienciaull\/","name":"","description":"Unidad de Cultura Cient\u00edfica y de la Innovaci\u00f3n de la Universidad de La Laguna","potentialAction":[{"@type":"SearchAction","target":{"@type":"EntryPoint","urlTemplate":"https:\/\/www.ull.es\/portal\/cienciaull\/?s={search_term_string}"},"query-input":"required name=search_term_string"}],"inLanguage":"es"}]}},"_links":{"self":[{"href":"https:\/\/www.ull.es\/portal\/cienciaull\/wp-json\/wp\/v2\/pages\/34648"}],"collection":[{"href":"https:\/\/www.ull.es\/portal\/cienciaull\/wp-json\/wp\/v2\/pages"}],"about":[{"href":"https:\/\/www.ull.es\/portal\/cienciaull\/wp-json\/wp\/v2\/types\/page"}],"author":[{"embeddable":true,"href":"https:\/\/www.ull.es\/portal\/cienciaull\/wp-json\/wp\/v2\/users\/56"}],"replies":[{"embeddable":true,"href":"https:\/\/www.ull.es\/portal\/cienciaull\/wp-json\/wp\/v2\/comments?post=34648"}],"version-history":[{"count":3,"href":"https:\/\/www.ull.es\/portal\/cienciaull\/wp-json\/wp\/v2\/pages\/34648\/revisions"}],"predecessor-version":[{"id":35175,"href":"https:\/\/www.ull.es\/portal\/cienciaull\/wp-json\/wp\/v2\/pages\/34648\/revisions\/35175"}],"up":[{"embeddable":true,"href":"https:\/\/www.ull.es\/portal\/cienciaull\/wp-json\/wp\/v2\/pages\/27022"}],"wp:attachment":[{"href":"https:\/\/www.ull.es\/portal\/cienciaull\/wp-json\/wp\/v2\/media?parent=34648"}],"curies":[{"name":"wp","href":"https:\/\/api.w.org\/{rel}","templated":true}]}}