{"id":34693,"date":"2025-07-04T09:41:06","date_gmt":"2025-07-04T09:41:06","guid":{"rendered":"https:\/\/www.ull.es\/portal\/cienciaull\/?page_id=34693"},"modified":"2025-07-28T09:43:31","modified_gmt":"2025-07-28T09:43:31","slug":"taller-12-aprende-a-realizar-una-placa-de-actividad","status":"publish","type":"page","link":"https:\/\/www.ull.es\/portal\/cienciaull\/laboratorio-virtual-conecta-cienciull\/biomedicina-y-salud\/taller-12-aprende-a-realizar-una-placa-de-actividad\/","title":{"rendered":"Taller 12. \u00abAprende a realizar una placa de actividad\u00bb"},"content":{"rendered":"<p>[vc_row][vc_column][vc_custom_heading source=\u00bbpost_title\u00bb font_container=\u00bbtag:h2|text_align:left|color:%235499c7&#8243; google_fonts=\u00bbfont_family:Roboto%20Slab%3A100%2C300%2Cregular%2C700|font_style:700%20bold%20regular%3A700%3Anormal\u00bb][\/vc_column][\/vc_row][vc_row][vc_column][vc_video link=\u00bbhttps:\/\/www.youtube.com\/watch?v=Di0VsnXOJvI\u00bb][vc_empty_space][vc_column_text]<\/p>\n<table style=\"height: 76px\" width=\"1223\">\n<tbody>\n<tr>\n<td width=\"120\"><strong>Breve descripci\u00f3n<\/strong><\/td>\n<\/tr>\n<tr>\n<td style=\"text-align: justify\">Este taller consiste en el desarrollo de una placa de actividad con compuestos quimioterap\u00e9uticos frente a par\u00e1sitos. Al finalizar, los alumnos tendr\u00e1n el conocimiento necesario para reproducir esta t\u00e9cnica en un laboratorio y se quedar\u00e1n con conceptos clave relacionados con este experimento. Se explicar\u00e1n los conceptos de par\u00e1sito, tratamiento quimioterap\u00e9utico, cultivo celular y tambi\u00e9n se ense\u00f1ar\u00e1 a emplear material de laboratorio como las micropipetas y la c\u00e1mara de Neubauer.<\/td>\n<\/tr>\n<\/tbody>\n<\/table>\n<p>[\/vc_column_text][vc_column_text]<\/p>\n<table style=\"height: 98px\" width=\"1232\">\n<tbody>\n<tr>\n<td width=\"120\"><strong>P\u00fablico al que se dirige<\/strong><\/td>\n<td width=\"65\"><strong>Duraci\u00f3n<\/strong><\/td>\n<\/tr>\n<tr>\n<td>Alumnado de ESO y Bachillerato<\/td>\n<td>19 min<\/td>\n<\/tr>\n<\/tbody>\n<\/table>\n<p>[\/vc_column_text][vc_column_text]<strong>Materiales y recursos<\/strong><\/p>\n<p>Muchos de estos materiales\/sustancias no se deben utilizar fuera de una campana de flujo por tanto se sustituir\u00e1n todos aquellos que sean necesarios para simular el ensayo. Lo que interesa es que los alumnos se familiaricen con los conceptos y uso de los diferentes materiales.<\/p>\n<table>\n<tbody>\n<tr>\n<td colspan=\"2\" width=\"566\"><\/td>\n<\/tr>\n<tr>\n<td width=\"283\">\n<ul>\n<li>Bata y guantes<\/li>\n<li>Desinfectante<\/li>\n<li>1 Placa de cultivo de 96 pocillos<\/li>\n<li>Agua destilada (en este caso agua normal)<\/li>\n<li>1 Rotulador<\/li>\n<li>2 Placas de petri peque\u00f1as<\/li>\n<li>1 C\u00e1mara de Neubauer<\/li>\n<li>1 Tubo de Eppendorf<\/li>\n<li>3 Tubos de Eppendorfs con los tratamientos<\/li>\n<\/ul>\n<\/td>\n<td width=\"283\">\n<ul>\n<li>1 Caja de puntas de pipetas (amarillas)<\/li>\n<li>Pipetas: 1 micropipeta de 100uL, 1 micropipeta multiple, 1 pipeta de 3ml desechable<\/li>\n<li>Papel para limpiar<\/li>\n<li>1 Bote de medio de cultivo (agua con color)<\/li>\n<li>1 Bote de cultivo del par\u00e1sito (no se meplear\u00e1n par\u00e1sitos debido al riesgo que conlleva, sino agua con color<\/li>\n<li>AlarmarBlue<\/li>\n<li>PBS 1X esteril y Paraformaldehido<\/li>\n<\/ul>\n<\/td>\n<\/tr>\n<\/tbody>\n<\/table>\n<p>[\/vc_column_text][vc_column_text]<\/p>\n<table style=\"height: 38px\" width=\"1229\">\n<tbody>\n<tr>\n<td width=\"120\"><strong>Investigadora<\/strong><\/td>\n<td width=\"65\">Isabel Mar\u00eda Calero Docina<\/td>\n<\/tr>\n<tr>\n<td><strong>Departamento<\/strong><\/td>\n<td>Obstetricia y Ginecolog\u00eda, Pediatr\u00eda, Medicina Preventiva y Salud P\u00fablica, Toxicolog\u00eda, Medicina Legal y Forense y Parasitolog\u00eda \/ Instituto Universitario de Enfermedades Tropicales y Salud P\u00fablica de Canarias.<\/td>\n<\/tr>\n<\/tbody>\n<\/table>\n<p>[\/vc_column_text][vc_empty_space][vc_btn title=\u00bbDescargar ficha del taller\u00bb color=\u00bbsky\u00bb size=\u00bblg\u00bb align=\u00bbcenter\u00bb link=\u00bburl:https%3A%2F%2Fdrive.google.com%2Ffile%2Fd%2F1hURUxBGGoTlQPA47WrAxLqwurAUyMFOi%2Fview%3Fusp%3Dsharing|target:_blank\u00bb][\/vc_column][\/vc_row]<\/p>\n","protected":false},"excerpt":{"rendered":"<p>[vc_row][vc_column][vc_custom_heading source=\u00bbpost_title\u00bb font_container=\u00bbtag:h2|text_align:left|color:%235499c7&#8243; google_fonts=\u00bbfont_family:Roboto%20Slab%3A100%2C300%2Cregular%2C700|font_style:700%20bold%20regular%3A700%3Anormal\u00bb][\/vc_column][\/vc_row][vc_row][vc_column][vc_video link=\u00bbhttps:\/\/www.youtube.com\/watch?v=Di0VsnXOJvI\u00bb][vc_empty_space][vc_column_text] Breve descripci\u00f3n Este taller consiste en el desarrollo de una placa de actividad con compuestos quimioterap\u00e9uticos frente a par\u00e1sitos. Al finalizar, los alumnos tendr\u00e1n el conocimiento necesario para reproducir esta t\u00e9cnica en un laboratorio y se quedar\u00e1n con conceptos clave relacionados con este experimento. Se explicar\u00e1n los conceptos de par\u00e1sito,&#8230;<\/p>\n","protected":false},"author":56,"featured_media":0,"parent":26937,"menu_order":12,"comment_status":"closed","ping_status":"closed","template":"","meta":{"inline_featured_image":false,"footnotes":""},"acf":[],"yoast_head":"<!-- This site is optimized with the Yoast SEO plugin v21.3 - https:\/\/yoast.com\/wordpress\/plugins\/seo\/ -->\n<title>Taller 12. \u00abAprende a realizar una placa de actividad\u00bb -<\/title>\n<meta name=\"robots\" content=\"index, follow, max-snippet:-1, max-image-preview:large, max-video-preview:-1\" \/>\n<link rel=\"canonical\" href=\"https:\/\/www.ull.es\/portal\/cienciaull\/laboratorio-virtual-conecta-cienciull\/biomedicina-y-salud\/taller-12-aprende-a-realizar-una-placa-de-actividad\/\" \/>\n<meta property=\"og:locale\" content=\"es_ES\" \/>\n<meta property=\"og:type\" content=\"article\" \/>\n<meta property=\"og:title\" content=\"Taller 12. \u00abAprende a realizar una placa de actividad\u00bb -\" \/>\n<meta property=\"og:description\" content=\"[vc_row][vc_column][vc_custom_heading source=\u00bbpost_title\u00bb font_container=\u00bbtag:h2|text_align:left|color:%235499c7&#8243; google_fonts=\u00bbfont_family:Roboto%20Slab%3A100%2C300%2Cregular%2C700|font_style:700%20bold%20regular%3A700%3Anormal\u00bb][\/vc_column][\/vc_row][vc_row][vc_column][vc_video link=\u00bbhttps:\/\/www.youtube.com\/watch?v=Di0VsnXOJvI\u00bb][vc_empty_space][vc_column_text] Breve descripci\u00f3n Este taller consiste en el desarrollo de una placa de actividad con compuestos quimioterap\u00e9uticos frente a par\u00e1sitos. Al finalizar, los alumnos tendr\u00e1n el conocimiento necesario para reproducir esta t\u00e9cnica en un laboratorio y se quedar\u00e1n con conceptos clave relacionados con este experimento. Se explicar\u00e1n los conceptos de par\u00e1sito,...\" \/>\n<meta property=\"og:url\" content=\"https:\/\/www.ull.es\/portal\/cienciaull\/laboratorio-virtual-conecta-cienciull\/biomedicina-y-salud\/taller-12-aprende-a-realizar-una-placa-de-actividad\/\" \/>\n<meta property=\"article:publisher\" content=\"https:\/\/www.facebook.com\/CienciaULL\/\" \/>\n<meta property=\"article:modified_time\" content=\"2025-07-28T09:43:31+00:00\" \/>\n<meta name=\"twitter:card\" content=\"summary_large_image\" \/>\n<meta name=\"twitter:site\" content=\"@CienciaULL\" \/>\n<meta name=\"twitter:label1\" content=\"Tiempo de lectura\" \/>\n\t<meta name=\"twitter:data1\" content=\"2 minutos\" \/>\n<script type=\"application\/ld+json\" class=\"yoast-schema-graph\">{\"@context\":\"https:\/\/schema.org\",\"@graph\":[{\"@type\":\"WebPage\",\"@id\":\"https:\/\/www.ull.es\/portal\/cienciaull\/laboratorio-virtual-conecta-cienciull\/biomedicina-y-salud\/taller-12-aprende-a-realizar-una-placa-de-actividad\/\",\"url\":\"https:\/\/www.ull.es\/portal\/cienciaull\/laboratorio-virtual-conecta-cienciull\/biomedicina-y-salud\/taller-12-aprende-a-realizar-una-placa-de-actividad\/\",\"name\":\"Taller 12. \u00abAprende a realizar una placa de actividad\u00bb -\",\"isPartOf\":{\"@id\":\"https:\/\/www.ull.es\/portal\/cienciaull\/#website\"},\"datePublished\":\"2025-07-04T09:41:06+00:00\",\"dateModified\":\"2025-07-28T09:43:31+00:00\",\"breadcrumb\":{\"@id\":\"https:\/\/www.ull.es\/portal\/cienciaull\/laboratorio-virtual-conecta-cienciull\/biomedicina-y-salud\/taller-12-aprende-a-realizar-una-placa-de-actividad\/#breadcrumb\"},\"inLanguage\":\"es\",\"potentialAction\":[{\"@type\":\"ReadAction\",\"target\":[\"https:\/\/www.ull.es\/portal\/cienciaull\/laboratorio-virtual-conecta-cienciull\/biomedicina-y-salud\/taller-12-aprende-a-realizar-una-placa-de-actividad\/\"]}]},{\"@type\":\"BreadcrumbList\",\"@id\":\"https:\/\/www.ull.es\/portal\/cienciaull\/laboratorio-virtual-conecta-cienciull\/biomedicina-y-salud\/taller-12-aprende-a-realizar-una-placa-de-actividad\/#breadcrumb\",\"itemListElement\":[{\"@type\":\"ListItem\",\"position\":1,\"name\":\"Portada\",\"item\":\"https:\/\/www.ull.es\/portal\/cienciaull\/\"},{\"@type\":\"ListItem\",\"position\":2,\"name\":\"Laboratorio Virtual Conecta Cienci@ULL\",\"item\":\"https:\/\/www.ull.es\/portal\/cienciaull\/laboratorio-virtual-conecta-cienciull\/\"},{\"@type\":\"ListItem\",\"position\":3,\"name\":\"Biomedicina y Salud\",\"item\":\"https:\/\/www.ull.es\/portal\/cienciaull\/laboratorio-virtual-conecta-cienciull\/biomedicina-y-salud\/\"},{\"@type\":\"ListItem\",\"position\":4,\"name\":\"Taller 12. \u00abAprende a realizar una placa de actividad\u00bb\"}]},{\"@type\":\"WebSite\",\"@id\":\"https:\/\/www.ull.es\/portal\/cienciaull\/#website\",\"url\":\"https:\/\/www.ull.es\/portal\/cienciaull\/\",\"name\":\"\",\"description\":\"Unidad de Cultura Cient\u00edfica y de la Innovaci\u00f3n de la Universidad de La Laguna\",\"potentialAction\":[{\"@type\":\"SearchAction\",\"target\":{\"@type\":\"EntryPoint\",\"urlTemplate\":\"https:\/\/www.ull.es\/portal\/cienciaull\/?s={search_term_string}\"},\"query-input\":\"required name=search_term_string\"}],\"inLanguage\":\"es\"}]}<\/script>\n<!-- \/ Yoast SEO plugin. -->","yoast_head_json":{"title":"Taller 12. \u00abAprende a realizar una placa de actividad\u00bb -","robots":{"index":"index","follow":"follow","max-snippet":"max-snippet:-1","max-image-preview":"max-image-preview:large","max-video-preview":"max-video-preview:-1"},"canonical":"https:\/\/www.ull.es\/portal\/cienciaull\/laboratorio-virtual-conecta-cienciull\/biomedicina-y-salud\/taller-12-aprende-a-realizar-una-placa-de-actividad\/","og_locale":"es_ES","og_type":"article","og_title":"Taller 12. \u00abAprende a realizar una placa de actividad\u00bb -","og_description":"[vc_row][vc_column][vc_custom_heading source=\u00bbpost_title\u00bb font_container=\u00bbtag:h2|text_align:left|color:%235499c7&#8243; google_fonts=\u00bbfont_family:Roboto%20Slab%3A100%2C300%2Cregular%2C700|font_style:700%20bold%20regular%3A700%3Anormal\u00bb][\/vc_column][\/vc_row][vc_row][vc_column][vc_video link=\u00bbhttps:\/\/www.youtube.com\/watch?v=Di0VsnXOJvI\u00bb][vc_empty_space][vc_column_text] Breve descripci\u00f3n Este taller consiste en el desarrollo de una placa de actividad con compuestos quimioterap\u00e9uticos frente a par\u00e1sitos. Al finalizar, los alumnos tendr\u00e1n el conocimiento necesario para reproducir esta t\u00e9cnica en un laboratorio y se quedar\u00e1n con conceptos clave relacionados con este experimento. Se explicar\u00e1n los conceptos de par\u00e1sito,...","og_url":"https:\/\/www.ull.es\/portal\/cienciaull\/laboratorio-virtual-conecta-cienciull\/biomedicina-y-salud\/taller-12-aprende-a-realizar-una-placa-de-actividad\/","article_publisher":"https:\/\/www.facebook.com\/CienciaULL\/","article_modified_time":"2025-07-28T09:43:31+00:00","twitter_card":"summary_large_image","twitter_site":"@CienciaULL","twitter_misc":{"Tiempo de lectura":"2 minutos"},"schema":{"@context":"https:\/\/schema.org","@graph":[{"@type":"WebPage","@id":"https:\/\/www.ull.es\/portal\/cienciaull\/laboratorio-virtual-conecta-cienciull\/biomedicina-y-salud\/taller-12-aprende-a-realizar-una-placa-de-actividad\/","url":"https:\/\/www.ull.es\/portal\/cienciaull\/laboratorio-virtual-conecta-cienciull\/biomedicina-y-salud\/taller-12-aprende-a-realizar-una-placa-de-actividad\/","name":"Taller 12. \u00abAprende a realizar una placa de actividad\u00bb -","isPartOf":{"@id":"https:\/\/www.ull.es\/portal\/cienciaull\/#website"},"datePublished":"2025-07-04T09:41:06+00:00","dateModified":"2025-07-28T09:43:31+00:00","breadcrumb":{"@id":"https:\/\/www.ull.es\/portal\/cienciaull\/laboratorio-virtual-conecta-cienciull\/biomedicina-y-salud\/taller-12-aprende-a-realizar-una-placa-de-actividad\/#breadcrumb"},"inLanguage":"es","potentialAction":[{"@type":"ReadAction","target":["https:\/\/www.ull.es\/portal\/cienciaull\/laboratorio-virtual-conecta-cienciull\/biomedicina-y-salud\/taller-12-aprende-a-realizar-una-placa-de-actividad\/"]}]},{"@type":"BreadcrumbList","@id":"https:\/\/www.ull.es\/portal\/cienciaull\/laboratorio-virtual-conecta-cienciull\/biomedicina-y-salud\/taller-12-aprende-a-realizar-una-placa-de-actividad\/#breadcrumb","itemListElement":[{"@type":"ListItem","position":1,"name":"Portada","item":"https:\/\/www.ull.es\/portal\/cienciaull\/"},{"@type":"ListItem","position":2,"name":"Laboratorio Virtual Conecta Cienci@ULL","item":"https:\/\/www.ull.es\/portal\/cienciaull\/laboratorio-virtual-conecta-cienciull\/"},{"@type":"ListItem","position":3,"name":"Biomedicina y Salud","item":"https:\/\/www.ull.es\/portal\/cienciaull\/laboratorio-virtual-conecta-cienciull\/biomedicina-y-salud\/"},{"@type":"ListItem","position":4,"name":"Taller 12. \u00abAprende a realizar una placa de actividad\u00bb"}]},{"@type":"WebSite","@id":"https:\/\/www.ull.es\/portal\/cienciaull\/#website","url":"https:\/\/www.ull.es\/portal\/cienciaull\/","name":"","description":"Unidad de Cultura Cient\u00edfica y de la Innovaci\u00f3n de la Universidad de La Laguna","potentialAction":[{"@type":"SearchAction","target":{"@type":"EntryPoint","urlTemplate":"https:\/\/www.ull.es\/portal\/cienciaull\/?s={search_term_string}"},"query-input":"required name=search_term_string"}],"inLanguage":"es"}]}},"_links":{"self":[{"href":"https:\/\/www.ull.es\/portal\/cienciaull\/wp-json\/wp\/v2\/pages\/34693"}],"collection":[{"href":"https:\/\/www.ull.es\/portal\/cienciaull\/wp-json\/wp\/v2\/pages"}],"about":[{"href":"https:\/\/www.ull.es\/portal\/cienciaull\/wp-json\/wp\/v2\/types\/page"}],"author":[{"embeddable":true,"href":"https:\/\/www.ull.es\/portal\/cienciaull\/wp-json\/wp\/v2\/users\/56"}],"replies":[{"embeddable":true,"href":"https:\/\/www.ull.es\/portal\/cienciaull\/wp-json\/wp\/v2\/comments?post=34693"}],"version-history":[{"count":6,"href":"https:\/\/www.ull.es\/portal\/cienciaull\/wp-json\/wp\/v2\/pages\/34693\/revisions"}],"predecessor-version":[{"id":34962,"href":"https:\/\/www.ull.es\/portal\/cienciaull\/wp-json\/wp\/v2\/pages\/34693\/revisions\/34962"}],"up":[{"embeddable":true,"href":"https:\/\/www.ull.es\/portal\/cienciaull\/wp-json\/wp\/v2\/pages\/26937"}],"wp:attachment":[{"href":"https:\/\/www.ull.es\/portal\/cienciaull\/wp-json\/wp\/v2\/media?parent=34693"}],"curies":[{"name":"wp","href":"https:\/\/api.w.org\/{rel}","templated":true}]}}