{"id":34714,"date":"2025-07-07T12:20:33","date_gmt":"2025-07-07T12:20:33","guid":{"rendered":"https:\/\/www.ull.es\/portal\/cienciaull\/?page_id=34714"},"modified":"2025-07-28T09:44:36","modified_gmt":"2025-07-28T09:44:36","slug":"taller-13-busqueda-de-protozoos-en-muestras-ambientales","status":"publish","type":"page","link":"https:\/\/www.ull.es\/portal\/cienciaull\/laboratorio-virtual-conecta-cienciull\/biomedicina-y-salud\/taller-13-busqueda-de-protozoos-en-muestras-ambientales\/","title":{"rendered":"Taller 13. \u00abB\u00fasqueda de protozoos en muestras ambientales\u00bb"},"content":{"rendered":"<p>[vc_row][vc_column][vc_custom_heading source=\u00bbpost_title\u00bb font_container=\u00bbtag:h2|text_align:left|color:%235499c7&#8243; google_fonts=\u00bbfont_family:Roboto%20Slab%3A100%2C300%2Cregular%2C700|font_style:700%20bold%20regular%3A700%3Anormal\u00bb][\/vc_column][\/vc_row][vc_row][vc_column][vc_video link=\u00bbhttps:\/\/youtu.be\/-fl_X19uB9Q\u00bb][vc_empty_space][vc_column_text]<\/p>\n<table style=\"height: 76px\" width=\"1223\">\n<tbody>\n<tr>\n<td width=\"120\"><strong>Breve descripci\u00f3n<\/strong><\/td>\n<\/tr>\n<tr>\n<td style=\"text-align: justify\">Este taller aprenderemos a encontrar y aislar los protozoos que nos interesan a partir de muestras de suelo o agua con el objetivo de obtener cultivos monox\u00e9nicos o extraer ADN.<\/td>\n<\/tr>\n<\/tbody>\n<\/table>\n<p>[\/vc_column_text][vc_column_text]<\/p>\n<table style=\"height: 98px\" width=\"1232\">\n<tbody>\n<tr>\n<td width=\"120\"><strong>P\u00fablico al que se dirige<\/strong><\/td>\n<td width=\"65\"><strong>Duraci\u00f3n<\/strong><\/td>\n<\/tr>\n<tr>\n<td>Alumnado de ESO y Bachillerato<\/td>\n<td>9 min<\/td>\n<\/tr>\n<\/tbody>\n<\/table>\n<p>[\/vc_column_text][vc_column_text]<\/p>\n<table>\n<tbody>\n<tr>\n<td colspan=\"2\" width=\"566\"><strong>Materiales y recursos<\/strong><\/td>\n<\/tr>\n<tr>\n<td width=\"283\">\n<ul>\n<li>Placa de Petri con agar<\/li>\n<li>Agua destilada<\/li>\n<li>Mechero Bunsen o de alcohol<\/li>\n<li>Cuchara o esp\u00e1tula met\u00e1lica peque\u00f1a<\/li>\n<li>Pipeta Pasteur de pl\u00e1stico<\/li>\n<\/ul>\n<\/td>\n<td width=\"283\">\n<ul>\n<li>Microscopio (preferiblemente invertido)<\/li>\n<li>Sistema de filtraci\u00f3n por vac\u00edo<\/li>\n<li>Filtros de nitrocelulosa<\/li>\n<li>Rotulador<\/li>\n<li>EPI: Guantes, gafas (opcional) y bata<\/li>\n<\/ul>\n<\/td>\n<\/tr>\n<\/tbody>\n<\/table>\n<p>[\/vc_column_text][vc_column_text]<\/p>\n<table style=\"height: 38px\" width=\"1229\">\n<tbody>\n<tr>\n<td width=\"120\"><strong>Investigador<\/strong><\/td>\n<td width=\"65\">Marco David Pe\u00f1a Prunell<\/td>\n<\/tr>\n<tr>\n<td><strong>Departamento<\/strong><\/td>\n<td>IUETSPC &#8211; Laboratorio de Amebas de Vida Libre<\/td>\n<\/tr>\n<\/tbody>\n<\/table>\n<p>[\/vc_column_text][vc_empty_space][vc_btn title=\u00bbDescargar ficha del taller\u00bb color=\u00bbsky\u00bb size=\u00bblg\u00bb align=\u00bbcenter\u00bb link=\u00bburl:https%3A%2F%2Fdrive.google.com%2Ffile%2Fd%2F1vbRsT93PK3lKXeAHU8kmzdl2li8wiJia%2Fview%3Fusp%3Dsharing|target:_blank\u00bb][\/vc_column][\/vc_row]<\/p>\n","protected":false},"excerpt":{"rendered":"<p>[vc_row][vc_column][vc_custom_heading source=\u00bbpost_title\u00bb font_container=\u00bbtag:h2|text_align:left|color:%235499c7&#8243; google_fonts=\u00bbfont_family:Roboto%20Slab%3A100%2C300%2Cregular%2C700|font_style:700%20bold%20regular%3A700%3Anormal\u00bb][\/vc_column][\/vc_row][vc_row][vc_column][vc_video link=\u00bbhttps:\/\/youtu.be\/-fl_X19uB9Q\u00bb][vc_empty_space][vc_column_text] Breve descripci\u00f3n Este taller aprenderemos a encontrar y aislar los protozoos que nos interesan a partir de muestras de suelo o agua con el objetivo de obtener cultivos monox\u00e9nicos o extraer ADN. [\/vc_column_text][vc_column_text] P\u00fablico al que se dirige Duraci\u00f3n Alumnado de ESO y Bachillerato 9 min [\/vc_column_text][vc_column_text] Materiales y recursos&#8230;<\/p>\n","protected":false},"author":56,"featured_media":0,"parent":26937,"menu_order":13,"comment_status":"closed","ping_status":"closed","template":"","meta":{"inline_featured_image":false,"footnotes":""},"acf":[],"yoast_head":"<!-- This site is optimized with the Yoast SEO plugin v21.3 - https:\/\/yoast.com\/wordpress\/plugins\/seo\/ -->\n<title>Taller 13. \u00abB\u00fasqueda de protozoos en muestras ambientales\u00bb -<\/title>\n<meta name=\"robots\" content=\"index, follow, max-snippet:-1, max-image-preview:large, max-video-preview:-1\" \/>\n<link rel=\"canonical\" href=\"https:\/\/www.ull.es\/portal\/cienciaull\/laboratorio-virtual-conecta-cienciull\/biomedicina-y-salud\/taller-13-busqueda-de-protozoos-en-muestras-ambientales\/\" \/>\n<meta property=\"og:locale\" content=\"es_ES\" \/>\n<meta property=\"og:type\" content=\"article\" \/>\n<meta property=\"og:title\" content=\"Taller 13. \u00abB\u00fasqueda de protozoos en muestras ambientales\u00bb -\" \/>\n<meta property=\"og:description\" content=\"[vc_row][vc_column][vc_custom_heading source=\u00bbpost_title\u00bb font_container=\u00bbtag:h2|text_align:left|color:%235499c7&#8243; google_fonts=\u00bbfont_family:Roboto%20Slab%3A100%2C300%2Cregular%2C700|font_style:700%20bold%20regular%3A700%3Anormal\u00bb][\/vc_column][\/vc_row][vc_row][vc_column][vc_video link=\u00bbhttps:\/\/youtu.be\/-fl_X19uB9Q\u00bb][vc_empty_space][vc_column_text] Breve descripci\u00f3n Este taller aprenderemos a encontrar y aislar los protozoos que nos interesan a partir de muestras de suelo o agua con el objetivo de obtener cultivos monox\u00e9nicos o extraer ADN. [\/vc_column_text][vc_column_text] P\u00fablico al que se dirige Duraci\u00f3n Alumnado de ESO y Bachillerato 9 min [\/vc_column_text][vc_column_text] Materiales y recursos...\" \/>\n<meta property=\"og:url\" content=\"https:\/\/www.ull.es\/portal\/cienciaull\/laboratorio-virtual-conecta-cienciull\/biomedicina-y-salud\/taller-13-busqueda-de-protozoos-en-muestras-ambientales\/\" \/>\n<meta property=\"article:publisher\" content=\"https:\/\/www.facebook.com\/CienciaULL\/\" \/>\n<meta property=\"article:modified_time\" content=\"2025-07-28T09:44:36+00:00\" \/>\n<meta name=\"twitter:card\" content=\"summary_large_image\" \/>\n<meta name=\"twitter:site\" content=\"@CienciaULL\" \/>\n<meta name=\"twitter:label1\" content=\"Tiempo de lectura\" \/>\n\t<meta name=\"twitter:data1\" content=\"1 minuto\" \/>\n<script type=\"application\/ld+json\" class=\"yoast-schema-graph\">{\"@context\":\"https:\/\/schema.org\",\"@graph\":[{\"@type\":\"WebPage\",\"@id\":\"https:\/\/www.ull.es\/portal\/cienciaull\/laboratorio-virtual-conecta-cienciull\/biomedicina-y-salud\/taller-13-busqueda-de-protozoos-en-muestras-ambientales\/\",\"url\":\"https:\/\/www.ull.es\/portal\/cienciaull\/laboratorio-virtual-conecta-cienciull\/biomedicina-y-salud\/taller-13-busqueda-de-protozoos-en-muestras-ambientales\/\",\"name\":\"Taller 13. \u00abB\u00fasqueda de protozoos en muestras ambientales\u00bb -\",\"isPartOf\":{\"@id\":\"https:\/\/www.ull.es\/portal\/cienciaull\/#website\"},\"datePublished\":\"2025-07-07T12:20:33+00:00\",\"dateModified\":\"2025-07-28T09:44:36+00:00\",\"breadcrumb\":{\"@id\":\"https:\/\/www.ull.es\/portal\/cienciaull\/laboratorio-virtual-conecta-cienciull\/biomedicina-y-salud\/taller-13-busqueda-de-protozoos-en-muestras-ambientales\/#breadcrumb\"},\"inLanguage\":\"es\",\"potentialAction\":[{\"@type\":\"ReadAction\",\"target\":[\"https:\/\/www.ull.es\/portal\/cienciaull\/laboratorio-virtual-conecta-cienciull\/biomedicina-y-salud\/taller-13-busqueda-de-protozoos-en-muestras-ambientales\/\"]}]},{\"@type\":\"BreadcrumbList\",\"@id\":\"https:\/\/www.ull.es\/portal\/cienciaull\/laboratorio-virtual-conecta-cienciull\/biomedicina-y-salud\/taller-13-busqueda-de-protozoos-en-muestras-ambientales\/#breadcrumb\",\"itemListElement\":[{\"@type\":\"ListItem\",\"position\":1,\"name\":\"Portada\",\"item\":\"https:\/\/www.ull.es\/portal\/cienciaull\/\"},{\"@type\":\"ListItem\",\"position\":2,\"name\":\"Laboratorio Virtual Conecta Cienci@ULL\",\"item\":\"https:\/\/www.ull.es\/portal\/cienciaull\/laboratorio-virtual-conecta-cienciull\/\"},{\"@type\":\"ListItem\",\"position\":3,\"name\":\"Biomedicina y Salud\",\"item\":\"https:\/\/www.ull.es\/portal\/cienciaull\/laboratorio-virtual-conecta-cienciull\/biomedicina-y-salud\/\"},{\"@type\":\"ListItem\",\"position\":4,\"name\":\"Taller 13. \u00abB\u00fasqueda de protozoos en muestras ambientales\u00bb\"}]},{\"@type\":\"WebSite\",\"@id\":\"https:\/\/www.ull.es\/portal\/cienciaull\/#website\",\"url\":\"https:\/\/www.ull.es\/portal\/cienciaull\/\",\"name\":\"\",\"description\":\"Unidad de Cultura Cient\u00edfica y de la Innovaci\u00f3n de la Universidad de La Laguna\",\"potentialAction\":[{\"@type\":\"SearchAction\",\"target\":{\"@type\":\"EntryPoint\",\"urlTemplate\":\"https:\/\/www.ull.es\/portal\/cienciaull\/?s={search_term_string}\"},\"query-input\":\"required name=search_term_string\"}],\"inLanguage\":\"es\"}]}<\/script>\n<!-- \/ Yoast SEO plugin. -->","yoast_head_json":{"title":"Taller 13. \u00abB\u00fasqueda de protozoos en muestras ambientales\u00bb -","robots":{"index":"index","follow":"follow","max-snippet":"max-snippet:-1","max-image-preview":"max-image-preview:large","max-video-preview":"max-video-preview:-1"},"canonical":"https:\/\/www.ull.es\/portal\/cienciaull\/laboratorio-virtual-conecta-cienciull\/biomedicina-y-salud\/taller-13-busqueda-de-protozoos-en-muestras-ambientales\/","og_locale":"es_ES","og_type":"article","og_title":"Taller 13. \u00abB\u00fasqueda de protozoos en muestras ambientales\u00bb -","og_description":"[vc_row][vc_column][vc_custom_heading source=\u00bbpost_title\u00bb font_container=\u00bbtag:h2|text_align:left|color:%235499c7&#8243; google_fonts=\u00bbfont_family:Roboto%20Slab%3A100%2C300%2Cregular%2C700|font_style:700%20bold%20regular%3A700%3Anormal\u00bb][\/vc_column][\/vc_row][vc_row][vc_column][vc_video link=\u00bbhttps:\/\/youtu.be\/-fl_X19uB9Q\u00bb][vc_empty_space][vc_column_text] Breve descripci\u00f3n Este taller aprenderemos a encontrar y aislar los protozoos que nos interesan a partir de muestras de suelo o agua con el objetivo de obtener cultivos monox\u00e9nicos o extraer ADN. [\/vc_column_text][vc_column_text] P\u00fablico al que se dirige Duraci\u00f3n Alumnado de ESO y Bachillerato 9 min [\/vc_column_text][vc_column_text] Materiales y recursos...","og_url":"https:\/\/www.ull.es\/portal\/cienciaull\/laboratorio-virtual-conecta-cienciull\/biomedicina-y-salud\/taller-13-busqueda-de-protozoos-en-muestras-ambientales\/","article_publisher":"https:\/\/www.facebook.com\/CienciaULL\/","article_modified_time":"2025-07-28T09:44:36+00:00","twitter_card":"summary_large_image","twitter_site":"@CienciaULL","twitter_misc":{"Tiempo de lectura":"1 minuto"},"schema":{"@context":"https:\/\/schema.org","@graph":[{"@type":"WebPage","@id":"https:\/\/www.ull.es\/portal\/cienciaull\/laboratorio-virtual-conecta-cienciull\/biomedicina-y-salud\/taller-13-busqueda-de-protozoos-en-muestras-ambientales\/","url":"https:\/\/www.ull.es\/portal\/cienciaull\/laboratorio-virtual-conecta-cienciull\/biomedicina-y-salud\/taller-13-busqueda-de-protozoos-en-muestras-ambientales\/","name":"Taller 13. \u00abB\u00fasqueda de protozoos en muestras ambientales\u00bb -","isPartOf":{"@id":"https:\/\/www.ull.es\/portal\/cienciaull\/#website"},"datePublished":"2025-07-07T12:20:33+00:00","dateModified":"2025-07-28T09:44:36+00:00","breadcrumb":{"@id":"https:\/\/www.ull.es\/portal\/cienciaull\/laboratorio-virtual-conecta-cienciull\/biomedicina-y-salud\/taller-13-busqueda-de-protozoos-en-muestras-ambientales\/#breadcrumb"},"inLanguage":"es","potentialAction":[{"@type":"ReadAction","target":["https:\/\/www.ull.es\/portal\/cienciaull\/laboratorio-virtual-conecta-cienciull\/biomedicina-y-salud\/taller-13-busqueda-de-protozoos-en-muestras-ambientales\/"]}]},{"@type":"BreadcrumbList","@id":"https:\/\/www.ull.es\/portal\/cienciaull\/laboratorio-virtual-conecta-cienciull\/biomedicina-y-salud\/taller-13-busqueda-de-protozoos-en-muestras-ambientales\/#breadcrumb","itemListElement":[{"@type":"ListItem","position":1,"name":"Portada","item":"https:\/\/www.ull.es\/portal\/cienciaull\/"},{"@type":"ListItem","position":2,"name":"Laboratorio Virtual Conecta Cienci@ULL","item":"https:\/\/www.ull.es\/portal\/cienciaull\/laboratorio-virtual-conecta-cienciull\/"},{"@type":"ListItem","position":3,"name":"Biomedicina y Salud","item":"https:\/\/www.ull.es\/portal\/cienciaull\/laboratorio-virtual-conecta-cienciull\/biomedicina-y-salud\/"},{"@type":"ListItem","position":4,"name":"Taller 13. \u00abB\u00fasqueda de protozoos en muestras ambientales\u00bb"}]},{"@type":"WebSite","@id":"https:\/\/www.ull.es\/portal\/cienciaull\/#website","url":"https:\/\/www.ull.es\/portal\/cienciaull\/","name":"","description":"Unidad de Cultura Cient\u00edfica y de la Innovaci\u00f3n de la Universidad de La Laguna","potentialAction":[{"@type":"SearchAction","target":{"@type":"EntryPoint","urlTemplate":"https:\/\/www.ull.es\/portal\/cienciaull\/?s={search_term_string}"},"query-input":"required name=search_term_string"}],"inLanguage":"es"}]}},"_links":{"self":[{"href":"https:\/\/www.ull.es\/portal\/cienciaull\/wp-json\/wp\/v2\/pages\/34714"}],"collection":[{"href":"https:\/\/www.ull.es\/portal\/cienciaull\/wp-json\/wp\/v2\/pages"}],"about":[{"href":"https:\/\/www.ull.es\/portal\/cienciaull\/wp-json\/wp\/v2\/types\/page"}],"author":[{"embeddable":true,"href":"https:\/\/www.ull.es\/portal\/cienciaull\/wp-json\/wp\/v2\/users\/56"}],"replies":[{"embeddable":true,"href":"https:\/\/www.ull.es\/portal\/cienciaull\/wp-json\/wp\/v2\/comments?post=34714"}],"version-history":[{"count":4,"href":"https:\/\/www.ull.es\/portal\/cienciaull\/wp-json\/wp\/v2\/pages\/34714\/revisions"}],"predecessor-version":[{"id":34963,"href":"https:\/\/www.ull.es\/portal\/cienciaull\/wp-json\/wp\/v2\/pages\/34714\/revisions\/34963"}],"up":[{"embeddable":true,"href":"https:\/\/www.ull.es\/portal\/cienciaull\/wp-json\/wp\/v2\/pages\/26937"}],"wp:attachment":[{"href":"https:\/\/www.ull.es\/portal\/cienciaull\/wp-json\/wp\/v2\/media?parent=34714"}],"curies":[{"name":"wp","href":"https:\/\/api.w.org\/{rel}","templated":true}]}}