{"id":35367,"date":"2025-07-30T12:25:09","date_gmt":"2025-07-30T12:25:09","guid":{"rendered":"https:\/\/www.ull.es\/portal\/cienciaull\/?page_id=35367"},"modified":"2025-12-17T14:36:39","modified_gmt":"2025-12-17T14:36:39","slug":"karina-elvira-rodriguez-espinoza-energia-biodiversidad-y-medioambiente","status":"publish","type":"page","link":"https:\/\/www.ull.es\/portal\/cienciaull\/karina-elvira-rodriguez-espinoza-energia-biodiversidad-y-medioambiente\/","title":{"rendered":"Karina Elvira Rodr\u00edguez Espinoza &#8211; Energ\u00eda, Biodiversidad y Medioambiente"},"content":{"rendered":"<p>[vc_row][vc_column][vc_empty_space]\n<div id=\"rev_slider_354_1_wrapper\" class=\"rev_slider_wrapper fullwidthbanner-container\" data-source=\"gallery\" style=\"margin:0px auto;background:transparent;padding:0px;margin-top:0px;margin-bottom:0px;\">\n<!-- START REVOLUTION SLIDER 5.4.7.3 fullwidth mode -->\n\t<div id=\"rev_slider_354_1\" class=\"rev_slider fullwidthabanner\" style=\"display:none;\" data-version=\"5.4.7.3\">\n<ul>\t<!-- SLIDE  -->\n\t<li data-index=\"rs-408\" data-transition=\"fade\" data-slotamount=\"default\" data-hideafterloop=\"0\" data-hideslideonmobile=\"off\"  data-easein=\"default\" data-easeout=\"default\" data-masterspeed=\"300\"  data-rotate=\"0\"  data-saveperformance=\"off\"  data-title=\"Slide\" data-param1=\"\" data-param2=\"\" data-param3=\"\" data-param4=\"\" data-param5=\"\" data-param6=\"\" data-param7=\"\" data-param8=\"\" data-param9=\"\" data-param10=\"\" data-description=\"\">\n\t\t<!-- MAIN IMAGE -->\n\t\t<img src=\"https:\/\/www.ull.es\/portal\/cienciaull\/wp-content\/uploads\/sites\/24\/2025\/12\/Banner-Web-Chicas-con-Cienci@ULL-Karina.jpg\"  alt=\"\" title=\"Banner Web Chicas con Cienci@ULL Karina\"  width=\"1500\" height=\"500\" data-bgposition=\"center center\" data-bgfit=\"cover\" data-bgrepeat=\"no-repeat\" class=\"rev-slidebg\" data-no-retina>\n\t\t<!-- LAYERS -->\n\t<\/li>\n<\/ul>\n<div class=\"tp-bannertimer tp-bottom\" style=\"visibility: hidden !important;\"><\/div>\t<\/div>\n<script>var htmlDiv = document.getElementById(\"rs-plugin-settings-inline-css\"); var htmlDivCss=\"\";\r\n\t\t\t\tif(htmlDiv) {\r\n\t\t\t\t\thtmlDiv.innerHTML = htmlDiv.innerHTML + htmlDivCss;\r\n\t\t\t\t}else{\r\n\t\t\t\t\tvar htmlDiv = document.createElement(\"div\");\r\n\t\t\t\t\thtmlDiv.innerHTML = \"<style>\" + htmlDivCss + \"<\/style>\";\r\n\t\t\t\t\tdocument.getElementsByTagName(\"head\")[0].appendChild(htmlDiv.childNodes[0]);\r\n\t\t\t\t}\r\n\t\t\t<\/script>\n\t\t<script type=\"text\/javascript\">\r\nif (setREVStartSize!==undefined) setREVStartSize(\r\n\t{c: '#rev_slider_354_1', gridwidth: [1500], gridheight: [500], sliderLayout: 'auto'});\r\n\t\t\t\r\nvar revapi354,\r\n\ttpj;\t\r\n(function() {\t\t\t\r\n\tif (!\/loaded|interactive|complete\/.test(document.readyState)) document.addEventListener(\"DOMContentLoaded\",onLoad); else onLoad();\t\r\n\tfunction onLoad() {\t\t\t\t\r\n\t\tif (tpj===undefined) { tpj = jQuery; if(\"off\" == \"on\") tpj.noConflict();}\r\n\tif(tpj(\"#rev_slider_354_1\").revolution == undefined){\n\t\trevslider_showDoubleJqueryError(\"#rev_slider_354_1\");\n\t}else{\n\t\trevapi354 = tpj(\"#rev_slider_354_1\").show().revolution({\n\t\t\tsliderType:\"hero\",\n\t\t\tjsFileLocation:\"\/\/www.ull.es\/portal\/cienciaull\/wp-content\/plugins\/revslider\/public\/assets\/js\/\",\n\t\t\tsliderLayout:\"auto\",\n\t\t\tdottedOverlay:\"none\",\n\t\t\tdelay:9000,\n\t\t\tvisibilityLevels:[1240,1024,778,480],\n\t\t\tgridwidth:1500,\n\t\t\tgridheight:500,\n\t\t\tlazyType:\"none\",\n\t\t\tshadow:0,\n\t\t\tspinner:\"spinner0\",\n\t\t\tautoHeight:\"off\",\n\t\t\tdisableProgressBar:\"on\",\n\t\t\thideThumbsOnMobile:\"off\",\n\t\t\thideSliderAtLimit:0,\n\t\t\thideCaptionAtLimit:0,\n\t\t\thideAllCaptionAtLilmit:0,\n\t\t\tdebugMode:false,\n\t\t\tfallbacks: {\n\t\t\t\tsimplifyAll:\"off\",\n\t\t\t\tdisableFocusListener:false,\n\t\t\t}\n\t\t});\n\t}; \/* END OF revapi call *\/\n\t\n }; \/* END OF ON LOAD FUNCTION *\/\r\n}()); \/* END OF WRAPPING FUNCTION *\/\r\n<\/script>\r\n\t\t<\/div><!-- END REVOLUTION SLIDER -->[\/vc_column][\/vc_row][vc_row][vc_column width=\u00bb2\/3&#8243;][vc_empty_space css=\u00bb.vc_custom_1733127193376{margin-bottom: 3px !important;border-bottom-width: 3px !important;padding-bottom: 3px !important;}\u00bb][vc_custom_heading text=\u00bbEnerg\u00eda, Biodiversidad y Medioambiente\u00bb font_container=\u00bbtag:h2|text_align:left|color:%2337a642&#8243; google_fonts=\u00bbfont_family:Roboto%20Slab%3A100%2C300%2Cregular%2C700|font_style:700%20bold%20regular%3A700%3Anormal\u00bb css=\u00bb.vc_custom_1753871351165{margin-bottom: 3px !important;border-bottom-width: 3px !important;padding-bottom: 3px !important;}\u00bb][vc_custom_heading text=\u00bbCap\u00edtulo 14. Karina Elvira Rodr\u00edguez Espinoza &#8211; Energ\u00eda, Biodiversidad y Medioambiente\u00bb font_container=\u00bbtag:h3|text_align:left|color:%2337a642&#8243; google_fonts=\u00bbfont_family:Roboto%20Slab%3A100%2C300%2Cregular%2C700|font_style:700%20bold%20regular%3A700%3Anormal\u00bb css=\u00bb.vc_custom_1759483755398{margin-bottom: 5px !important;border-bottom-width: 5px !important;padding-bottom: 5px !important;}\u00bb][vc_custom_heading text=\u00bb<strong>Biograf\u00eda<\/strong>\u00bb font_container=\u00bbtag:h4|text_align:left|color:%23535968&#8243; google_fonts=\u00bbfont_family:Roboto%20Slab%3A100%2C300%2Cregular%2C700|font_style:700%20bold%20regular%3A700%3Anormal\u00bb css=\u00bb.vc_custom_1733127221851{margin-bottom: 5px !important;border-bottom-width: 5px !important;padding-bottom: 5px !important;}\u00bb][vc_column_text css=\u00bb.vc_custom_1753873659979{margin-bottom: 5px !important;border-bottom-width: 5px !important;padding-bottom: 5px !important;}\u00bb]<\/p>\n<p style=\"text-align: justify\">Karina Elvira Rodr\u00edguez Espinosa obtuvo su licenciatura en Qu\u00edmica opci\u00f3n Tecnolog\u00eda (1995) y su doctorado en Ciencias menci\u00f3n Qu\u00edmica (2003) en la Universidad Central de Venezuela (UCV). En la UCV, fue docente e investigadora, participando en varios proyectos de investigaci\u00f3n entre 1996 y 2008 en el \u00e1rea de Cat\u00e1lisis Heterog\u00e9nea Aplicada a Procesos Industriales. Sintetiz\u00f3 y caracteriz\u00f3 diversos catalizadores para su uso tanto en qu\u00edmica fina como en la industria petrolera. Adem\u00e1s, fue miembro principal del comit\u00e9 del Centro de Cat\u00e1lisis y Petroqu\u00edmica de la Universidad Central de Venezuela.<br \/>\nEn 2006, realiz\u00f3 una estancia de investigaci\u00f3n como profesora en el Departamento de Ingenier\u00eda Qu\u00edmica y Tecnolog\u00eda Farmac\u00e9utica de la Universidad de La Laguna, donde estudi\u00f3 la obtenci\u00f3n de biodiesel a partir de aceites de fritura mediante cat\u00e1lisis heterog\u00e9nea.<br \/>\nEn 2011, se incorpor\u00f3 al Departamento de Ingenier\u00eda Qu\u00edmica y Tecnolog\u00eda Farmac\u00e9utica de la Universidad de La Laguna (ULL), donde ha participado como investigadora en diez proyectos p\u00fablicos financiados sobre energ\u00edas renovables, eficiencia energ\u00e9tica, producci\u00f3n de biocombustibles, valorizaci\u00f3n de residuos, cat\u00e1lisis heterog\u00e9nea, entre otros. Pertenece al grupo de investigaci\u00f3n Cat\u00e1lisis Heterog\u00e9nea de la ULL desde septiembre de 2011 y trabaj\u00f3 como investigadora contratada durante cuatro a\u00f1os en un proyecto financiado por DISA RENOVABLES S.L.U.<br \/>\nHa codirigido una tesis doctoral y actualmente codirige otras tres en el \u00e1rea de Ingenier\u00eda Qu\u00edmica, una de ellas en colaboraci\u00f3n con CEPSA como tesis industrial. Adem\u00e1s, ha supervisado m\u00e1s de diez trabajos de fin de m\u00e1ster, siete trabajos de fin de carrera y m\u00e1s de quince proyectos de fin de grado, todos en el \u00e1rea de la Ingenier\u00eda Qu\u00edmica, cat\u00e1lisis heterog\u00e9nea, aprovechamiento de residuos y biocombustibles. Ha redactado cuatro informes t\u00e9cnicos sobre biotecnolog\u00eda. Actualmente, es profesora, investigadora y secretaria en el mismo departamento.<br \/>\nEs coautora de diecinueve publicaciones, diez de ellas art\u00edculos indexados en JCR, y el resto en revistas o libros especializados, as\u00ed como m\u00e1s de cuarenta ponencias en congresos. Gran parte de su actividad investigadora se centra en la s\u00edntesis y caracterizaci\u00f3n de materiales para aplicaciones industriales, producci\u00f3n de biocombustibles, valorizaci\u00f3n energ\u00e9tica de residuos y econom\u00eda circular.<\/p>\n<p>[\/vc_column_text][vc_custom_heading text=\u00bb<strong>Departamento<\/strong>\u00bb font_container=\u00bbtag:h4|text_align:left|color:%23535968&#8243; google_fonts=\u00bbfont_family:Roboto%20Slab%3A100%2C300%2Cregular%2C700|font_style:700%20bold%20regular%3A700%3Anormal\u00bb css=\u00bb.vc_custom_1733127258219{margin-bottom: 5px !important;border-bottom-width: 5px !important;padding-bottom: 5px !important;}\u00bb][vc_column_text]<\/p>\n<ul>\n<li><a href=\"https:\/\/portalciencia.ull.es\/unidades\/2896\/detalle\" target=\"_blank\" rel=\"noopener\">Ingenier\u00eda Qu\u00edmica y Tecnolog\u00eda Farmac\u00e9utica<\/a><\/li>\n<\/ul>\n<p>[\/vc_column_text][vc_custom_heading text=\u00bb<strong>L\u00edneas de investigaci\u00f3n<\/strong>\u00bb font_container=\u00bbtag:h4|text_align:left|color:%23535968&#8243; google_fonts=\u00bbfont_family:Roboto%20Slab%3A100%2C300%2Cregular%2C700|font_style:700%20bold%20regular%3A700%3Anormal\u00bb css=\u00bb.vc_custom_1733127279185{margin-bottom: 5px !important;border-bottom-width: 5px !important;padding-bottom: 5px !important;}\u00bb][vc_column_text]<\/p>\n<ul>\n<li style=\"font-weight: 400;text-align: justify\"><span style=\"font-weight: 400\">S\u00edntesis y caracterizaci\u00f3n de catalizadores heterog\u00e9neos para procesos industriales.<\/span><\/li>\n<li style=\"font-weight: 400;text-align: justify\"><span style=\"font-weight: 400\">Obtenci\u00f3n de biodi\u00e9sel a partir de aceites vegetales limpios y procedentes de fritura, as\u00ed como de cultivos energ\u00e9ticos como <\/span><i><span style=\"font-weight: 400\">Jatropha curcas<\/span><\/i><span style=\"font-weight: 400\">.<\/span><\/li>\n<li style=\"font-weight: 400;text-align: justify\"><span style=\"font-weight: 400\">Valorizaci\u00f3n energ\u00e9tica de residuos mediante procesos t\u00e9rmicos como pir\u00f3lisis y gasificaci\u00f3n.<\/span><\/li>\n<li style=\"font-weight: 400;text-align: justify\"><span style=\"font-weight: 400\">Producci\u00f3n de biocombustibles a partir de residuos, incluyendo biog\u00e1s y dimetil \u00e9ter (BioDME).<\/span><\/li>\n<li style=\"font-weight: 400;text-align: justify\"><span style=\"font-weight: 400\">Reciclaje y aprovechamiento de residuos textiles.<\/span><\/li>\n<li style=\"font-weight: 400;text-align: justify\"><span style=\"font-weight: 400\">Aplicaci\u00f3n de la fotocat\u00e1lisis para la producci\u00f3n de hidr\u00f3geno.<\/span><\/li>\n<li style=\"font-weight: 400;text-align: justify\"><span style=\"font-weight: 400\">Econom\u00eda circular en procesos industriales.<\/span><\/li>\n<li style=\"font-weight: 400;text-align: justify\"><span style=\"font-weight: 400\">Mitigaci\u00f3n del cambio clim\u00e1tico a trav\u00e9s de tecnolog\u00edas sostenibles.<\/span><\/li>\n<\/ul>\n<p>[\/vc_column_text][vc_custom_heading text=\u00bb<strong>Grupo de investigaci\u00f3n<\/strong>\u00bb font_container=\u00bbtag:h4|text_align:left|color:%23535968&#8243; google_fonts=\u00bbfont_family:Roboto%20Slab%3A100%2C300%2Cregular%2C700|font_style:700%20bold%20regular%3A700%3Anormal\u00bb css=\u00bb.vc_custom_1733127291726{margin-bottom: 5px !important;border-bottom-width: 5px !important;padding-bottom: 5px !important;}\u00bb][vc_column_text]<\/p>\n<ul>\n<li><a href=\"https:\/\/portalciencia.ull.es\/grupos\/6288\/detalle\" target=\"_blank\" rel=\"noopener\"><span class=\"grupo__acronimo\">CAHE<\/span>\u00a0Cat\u00e1lisis heterog\u00e9nea<\/a><\/li>\n<\/ul>\n<p>[\/vc_column_text][\/vc_column][vc_column width=\u00bb1\/3&#8243;][vc_empty_space height=\u00bb135px\u00bb][vc_custom_heading text=\u00bb<strong>V\u00eddeo<\/strong>\u00bb font_container=\u00bbtag:h4|text_align:center|color:%23535968&#8243; google_fonts=\u00bbfont_family:Roboto%20Slab%3A100%2C300%2Cregular%2C700|font_style:700%20bold%20regular%3A700%3Anormal\u00bb css=\u00bb.vc_custom_1734692556005{margin-bottom: 5px !important;border-bottom-width: 5px !important;padding-bottom: 5px !important;}\u00bb link=\u00bbtarget:_blank\u00bb][vc_video link=\u00bbhttps:\/\/youtu.be\/0CUmkiGUb9A\u00bb][vc_empty_space][vc_btn title=\u00bbSerie Todas con Cienci@ULL\u00bb color=\u00bbsuccess\u00bb size=\u00bblg\u00bb align=\u00bbcenter\u00bb button_block=\u00bbtrue\u00bb css=\u00bb.vc_custom_1753708064257{margin-bottom: 3px !important;border-bottom-width: 3px !important;padding-bottom: 3px !important;}\u00bb link=\u00bburl:https%3A%2F%2Fwww.ull.es%2Fportal%2Fcienciaull%2F6a-temporada-todas-con-cienciull%2F|title:Vocaciones%20Tacoronte%20Actividad%201%202025&#8243;][vc_btn title=\u00bbProducci\u00f3n cient\u00edfica\u00bb color=\u00bbviolet\u00bb size=\u00bblg\u00bb align=\u00bbcenter\u00bb button_block=\u00bbtrue\u00bb css=\u00bb.vc_custom_1753872087316{margin-bottom: 3px !important;border-bottom-width: 3px !important;padding-bottom: 3px !important;}\u00bb link=\u00bburl:https%3A%2F%2Fportalciencia.ull.es%2Finvestigadores%2F81314%2Fdetalle\u00bb][vc_btn title=\u00bbFiguras destacadas\u00bb color=\u00bbwarning\u00bb size=\u00bblg\u00bb align=\u00bbcenter\u00bb button_block=\u00bbtrue\u00bb css=\u00bb.vc_custom_1730806591815{margin-bottom: 3px !important;border-bottom-width: 3px !important;padding-bottom: 3px !important;}\u00bb link=\u00bburl:https%3A%2F%2Fwww.ull.es%2Fportal%2Fcienciaull%2Fcalendario-investigaull%2Ffigurasdesta_investigaull%2F\u00bb][\/vc_column][\/vc_row][vc_row][vc_column width=\u00bb5\/6&#8243;][vc_empty_space][vc_single_image image=\u00bb36084&#8243; img_size=\u00bb720&#215;200&#8243; style=\u00bbvc_box_shadow\u00bb][\/vc_column][vc_column width=\u00bb1\/6&#8243;][\/vc_column][\/vc_row]<\/p>\n","protected":false},"excerpt":{"rendered":"<p>[vc_row][vc_column][vc_empty_space][\/vc_column][\/vc_row][vc_row][vc_column width=\u00bb2\/3&#8243;][vc_empty_space css=\u00bb.vc_custom_1733127193376{margin-bottom: 3px !important;border-bottom-width: 3px !important;padding-bottom: 3px !important;}\u00bb][vc_custom_heading text=\u00bbEnerg\u00eda, Biodiversidad y Medioambiente\u00bb font_container=\u00bbtag:h2|text_align:left|color:%2337a642&#8243; google_fonts=\u00bbfont_family:Roboto%20Slab%3A100%2C300%2Cregular%2C700|font_style:700%20bold%20regular%3A700%3Anormal\u00bb css=\u00bb.vc_custom_1753871351165{margin-bottom: 3px !important;border-bottom-width: 3px !important;padding-bottom: 3px !important;}\u00bb][vc_custom_heading text=\u00bbCap\u00edtulo 14. Karina Elvira Rodr\u00edguez Espinoza &#8211; Energ\u00eda, Biodiversidad y Medioambiente\u00bb font_container=\u00bbtag:h3|text_align:left|color:%2337a642&#8243; google_fonts=\u00bbfont_family:Roboto%20Slab%3A100%2C300%2Cregular%2C700|font_style:700%20bold%20regular%3A700%3Anormal\u00bb css=\u00bb.vc_custom_1759483755398{margin-bottom: 5px !important;border-bottom-width: 5px !important;padding-bottom: 5px !important;}\u00bb][vc_custom_heading text=\u00bbBiograf\u00eda\u00bb font_container=\u00bbtag:h4|text_align:left|color:%23535968&#8243; google_fonts=\u00bbfont_family:Roboto%20Slab%3A100%2C300%2Cregular%2C700|font_style:700%20bold%20regular%3A700%3Anormal\u00bb css=\u00bb.vc_custom_1733127221851{margin-bottom: 5px !important;border-bottom-width: 5px !important;padding-bottom: 5px !important;}\u00bb][vc_column_text css=\u00bb.vc_custom_1753873659979{margin-bottom: 5px !important;border-bottom-width:&#8230;<\/p>\n","protected":false},"author":56,"featured_media":0,"parent":0,"menu_order":0,"comment_status":"closed","ping_status":"closed","template":"templates\/cienciaull.php","meta":{"inline_featured_image":false,"footnotes":""},"acf":[],"yoast_head":"<!-- This site is optimized with the Yoast SEO plugin v21.3 - https:\/\/yoast.com\/wordpress\/plugins\/seo\/ -->\n<title>Karina Elvira Rodr\u00edguez Espinoza - Energ\u00eda, Biodiversidad y Medioambiente -<\/title>\n<meta name=\"robots\" content=\"index, follow, max-snippet:-1, max-image-preview:large, max-video-preview:-1\" \/>\n<link rel=\"canonical\" href=\"https:\/\/www.ull.es\/portal\/cienciaull\/karina-elvira-rodriguez-espinoza-energia-biodiversidad-y-medioambiente\/\" \/>\n<meta property=\"og:locale\" content=\"es_ES\" \/>\n<meta property=\"og:type\" content=\"article\" \/>\n<meta property=\"og:title\" content=\"Karina Elvira Rodr\u00edguez Espinoza - Energ\u00eda, Biodiversidad y Medioambiente -\" \/>\n<meta property=\"og:description\" content=\"[vc_row][vc_column][vc_empty_space][\/vc_column][\/vc_row][vc_row][vc_column width=\u00bb2\/3&#8243;][vc_empty_space css=\u00bb.vc_custom_1733127193376{margin-bottom: 3px !important;border-bottom-width: 3px !important;padding-bottom: 3px !important;}\u00bb][vc_custom_heading text=\u00bbEnerg\u00eda, Biodiversidad y Medioambiente\u00bb font_container=\u00bbtag:h2|text_align:left|color:%2337a642&#8243; google_fonts=\u00bbfont_family:Roboto%20Slab%3A100%2C300%2Cregular%2C700|font_style:700%20bold%20regular%3A700%3Anormal\u00bb css=\u00bb.vc_custom_1753871351165{margin-bottom: 3px !important;border-bottom-width: 3px !important;padding-bottom: 3px !important;}\u00bb][vc_custom_heading text=\u00bbCap\u00edtulo 14. Karina Elvira Rodr\u00edguez Espinoza &#8211; Energ\u00eda, Biodiversidad y Medioambiente\u00bb font_container=\u00bbtag:h3|text_align:left|color:%2337a642&#8243; google_fonts=\u00bbfont_family:Roboto%20Slab%3A100%2C300%2Cregular%2C700|font_style:700%20bold%20regular%3A700%3Anormal\u00bb css=\u00bb.vc_custom_1759483755398{margin-bottom: 5px !important;border-bottom-width: 5px !important;padding-bottom: 5px !important;}\u00bb][vc_custom_heading text=\u00bbBiograf\u00eda\u00bb font_container=\u00bbtag:h4|text_align:left|color:%23535968&#8243; google_fonts=\u00bbfont_family:Roboto%20Slab%3A100%2C300%2Cregular%2C700|font_style:700%20bold%20regular%3A700%3Anormal\u00bb css=\u00bb.vc_custom_1733127221851{margin-bottom: 5px !important;border-bottom-width: 5px !important;padding-bottom: 5px !important;}\u00bb][vc_column_text css=\u00bb.vc_custom_1753873659979{margin-bottom: 5px !important;border-bottom-width:...\" \/>\n<meta property=\"og:url\" content=\"https:\/\/www.ull.es\/portal\/cienciaull\/karina-elvira-rodriguez-espinoza-energia-biodiversidad-y-medioambiente\/\" \/>\n<meta property=\"article:publisher\" content=\"https:\/\/www.facebook.com\/CienciaULL\/\" \/>\n<meta property=\"article:modified_time\" content=\"2025-12-17T14:36:39+00:00\" \/>\n<meta name=\"twitter:card\" content=\"summary_large_image\" \/>\n<meta name=\"twitter:site\" content=\"@CienciaULL\" \/>\n<meta name=\"twitter:label1\" content=\"Tiempo de lectura\" \/>\n\t<meta name=\"twitter:data1\" content=\"3 minutos\" \/>\n<script type=\"application\/ld+json\" class=\"yoast-schema-graph\">{\"@context\":\"https:\/\/schema.org\",\"@graph\":[{\"@type\":\"WebPage\",\"@id\":\"https:\/\/www.ull.es\/portal\/cienciaull\/karina-elvira-rodriguez-espinoza-energia-biodiversidad-y-medioambiente\/\",\"url\":\"https:\/\/www.ull.es\/portal\/cienciaull\/karina-elvira-rodriguez-espinoza-energia-biodiversidad-y-medioambiente\/\",\"name\":\"Karina Elvira Rodr\u00edguez Espinoza - Energ\u00eda, Biodiversidad y Medioambiente -\",\"isPartOf\":{\"@id\":\"https:\/\/www.ull.es\/portal\/cienciaull\/#website\"},\"datePublished\":\"2025-07-30T12:25:09+00:00\",\"dateModified\":\"2025-12-17T14:36:39+00:00\",\"breadcrumb\":{\"@id\":\"https:\/\/www.ull.es\/portal\/cienciaull\/karina-elvira-rodriguez-espinoza-energia-biodiversidad-y-medioambiente\/#breadcrumb\"},\"inLanguage\":\"es\",\"potentialAction\":[{\"@type\":\"ReadAction\",\"target\":[\"https:\/\/www.ull.es\/portal\/cienciaull\/karina-elvira-rodriguez-espinoza-energia-biodiversidad-y-medioambiente\/\"]}]},{\"@type\":\"BreadcrumbList\",\"@id\":\"https:\/\/www.ull.es\/portal\/cienciaull\/karina-elvira-rodriguez-espinoza-energia-biodiversidad-y-medioambiente\/#breadcrumb\",\"itemListElement\":[{\"@type\":\"ListItem\",\"position\":1,\"name\":\"Portada\",\"item\":\"https:\/\/www.ull.es\/portal\/cienciaull\/\"},{\"@type\":\"ListItem\",\"position\":2,\"name\":\"Karina Elvira Rodr\u00edguez Espinoza &#8211; Energ\u00eda, Biodiversidad y Medioambiente\"}]},{\"@type\":\"WebSite\",\"@id\":\"https:\/\/www.ull.es\/portal\/cienciaull\/#website\",\"url\":\"https:\/\/www.ull.es\/portal\/cienciaull\/\",\"name\":\"\",\"description\":\"Unidad de Cultura Cient\u00edfica y de la Innovaci\u00f3n de la Universidad de La Laguna\",\"potentialAction\":[{\"@type\":\"SearchAction\",\"target\":{\"@type\":\"EntryPoint\",\"urlTemplate\":\"https:\/\/www.ull.es\/portal\/cienciaull\/?s={search_term_string}\"},\"query-input\":\"required name=search_term_string\"}],\"inLanguage\":\"es\"}]}<\/script>\n<!-- \/ Yoast SEO plugin. -->","yoast_head_json":{"title":"Karina Elvira Rodr\u00edguez Espinoza - Energ\u00eda, Biodiversidad y Medioambiente -","robots":{"index":"index","follow":"follow","max-snippet":"max-snippet:-1","max-image-preview":"max-image-preview:large","max-video-preview":"max-video-preview:-1"},"canonical":"https:\/\/www.ull.es\/portal\/cienciaull\/karina-elvira-rodriguez-espinoza-energia-biodiversidad-y-medioambiente\/","og_locale":"es_ES","og_type":"article","og_title":"Karina Elvira Rodr\u00edguez Espinoza - Energ\u00eda, Biodiversidad y Medioambiente -","og_description":"[vc_row][vc_column][vc_empty_space][\/vc_column][\/vc_row][vc_row][vc_column width=\u00bb2\/3&#8243;][vc_empty_space css=\u00bb.vc_custom_1733127193376{margin-bottom: 3px !important;border-bottom-width: 3px !important;padding-bottom: 3px !important;}\u00bb][vc_custom_heading text=\u00bbEnerg\u00eda, Biodiversidad y Medioambiente\u00bb font_container=\u00bbtag:h2|text_align:left|color:%2337a642&#8243; google_fonts=\u00bbfont_family:Roboto%20Slab%3A100%2C300%2Cregular%2C700|font_style:700%20bold%20regular%3A700%3Anormal\u00bb css=\u00bb.vc_custom_1753871351165{margin-bottom: 3px !important;border-bottom-width: 3px !important;padding-bottom: 3px !important;}\u00bb][vc_custom_heading text=\u00bbCap\u00edtulo 14. Karina Elvira Rodr\u00edguez Espinoza &#8211; Energ\u00eda, Biodiversidad y Medioambiente\u00bb font_container=\u00bbtag:h3|text_align:left|color:%2337a642&#8243; google_fonts=\u00bbfont_family:Roboto%20Slab%3A100%2C300%2Cregular%2C700|font_style:700%20bold%20regular%3A700%3Anormal\u00bb css=\u00bb.vc_custom_1759483755398{margin-bottom: 5px !important;border-bottom-width: 5px !important;padding-bottom: 5px !important;}\u00bb][vc_custom_heading text=\u00bbBiograf\u00eda\u00bb font_container=\u00bbtag:h4|text_align:left|color:%23535968&#8243; google_fonts=\u00bbfont_family:Roboto%20Slab%3A100%2C300%2Cregular%2C700|font_style:700%20bold%20regular%3A700%3Anormal\u00bb css=\u00bb.vc_custom_1733127221851{margin-bottom: 5px !important;border-bottom-width: 5px !important;padding-bottom: 5px !important;}\u00bb][vc_column_text css=\u00bb.vc_custom_1753873659979{margin-bottom: 5px !important;border-bottom-width:...","og_url":"https:\/\/www.ull.es\/portal\/cienciaull\/karina-elvira-rodriguez-espinoza-energia-biodiversidad-y-medioambiente\/","article_publisher":"https:\/\/www.facebook.com\/CienciaULL\/","article_modified_time":"2025-12-17T14:36:39+00:00","twitter_card":"summary_large_image","twitter_site":"@CienciaULL","twitter_misc":{"Tiempo de lectura":"3 minutos"},"schema":{"@context":"https:\/\/schema.org","@graph":[{"@type":"WebPage","@id":"https:\/\/www.ull.es\/portal\/cienciaull\/karina-elvira-rodriguez-espinoza-energia-biodiversidad-y-medioambiente\/","url":"https:\/\/www.ull.es\/portal\/cienciaull\/karina-elvira-rodriguez-espinoza-energia-biodiversidad-y-medioambiente\/","name":"Karina Elvira Rodr\u00edguez Espinoza - Energ\u00eda, Biodiversidad y Medioambiente -","isPartOf":{"@id":"https:\/\/www.ull.es\/portal\/cienciaull\/#website"},"datePublished":"2025-07-30T12:25:09+00:00","dateModified":"2025-12-17T14:36:39+00:00","breadcrumb":{"@id":"https:\/\/www.ull.es\/portal\/cienciaull\/karina-elvira-rodriguez-espinoza-energia-biodiversidad-y-medioambiente\/#breadcrumb"},"inLanguage":"es","potentialAction":[{"@type":"ReadAction","target":["https:\/\/www.ull.es\/portal\/cienciaull\/karina-elvira-rodriguez-espinoza-energia-biodiversidad-y-medioambiente\/"]}]},{"@type":"BreadcrumbList","@id":"https:\/\/www.ull.es\/portal\/cienciaull\/karina-elvira-rodriguez-espinoza-energia-biodiversidad-y-medioambiente\/#breadcrumb","itemListElement":[{"@type":"ListItem","position":1,"name":"Portada","item":"https:\/\/www.ull.es\/portal\/cienciaull\/"},{"@type":"ListItem","position":2,"name":"Karina Elvira Rodr\u00edguez Espinoza &#8211; Energ\u00eda, Biodiversidad y Medioambiente"}]},{"@type":"WebSite","@id":"https:\/\/www.ull.es\/portal\/cienciaull\/#website","url":"https:\/\/www.ull.es\/portal\/cienciaull\/","name":"","description":"Unidad de Cultura Cient\u00edfica y de la Innovaci\u00f3n de la Universidad de La Laguna","potentialAction":[{"@type":"SearchAction","target":{"@type":"EntryPoint","urlTemplate":"https:\/\/www.ull.es\/portal\/cienciaull\/?s={search_term_string}"},"query-input":"required name=search_term_string"}],"inLanguage":"es"}]}},"_links":{"self":[{"href":"https:\/\/www.ull.es\/portal\/cienciaull\/wp-json\/wp\/v2\/pages\/35367"}],"collection":[{"href":"https:\/\/www.ull.es\/portal\/cienciaull\/wp-json\/wp\/v2\/pages"}],"about":[{"href":"https:\/\/www.ull.es\/portal\/cienciaull\/wp-json\/wp\/v2\/types\/page"}],"author":[{"embeddable":true,"href":"https:\/\/www.ull.es\/portal\/cienciaull\/wp-json\/wp\/v2\/users\/56"}],"replies":[{"embeddable":true,"href":"https:\/\/www.ull.es\/portal\/cienciaull\/wp-json\/wp\/v2\/comments?post=35367"}],"version-history":[{"count":16,"href":"https:\/\/www.ull.es\/portal\/cienciaull\/wp-json\/wp\/v2\/pages\/35367\/revisions"}],"predecessor-version":[{"id":36410,"href":"https:\/\/www.ull.es\/portal\/cienciaull\/wp-json\/wp\/v2\/pages\/35367\/revisions\/36410"}],"wp:attachment":[{"href":"https:\/\/www.ull.es\/portal\/cienciaull\/wp-json\/wp\/v2\/media?parent=35367"}],"curies":[{"name":"wp","href":"https:\/\/api.w.org\/{rel}","templated":true}]}}