{"id":36323,"date":"2025-12-09T13:18:51","date_gmt":"2025-12-09T13:18:51","guid":{"rendered":"https:\/\/www.ull.es\/portal\/cienciaull\/?page_id=36323"},"modified":"2026-03-17T12:33:06","modified_gmt":"2026-03-17T12:33:06","slug":"diana-de-las-nieves-sosa-martin-ciencia-y-sociedad","status":"publish","type":"page","link":"https:\/\/www.ull.es\/portal\/cienciaull\/diana-de-las-nieves-sosa-martin-ciencia-y-sociedad\/","title":{"rendered":"Diana de las Nieves Sosa Mart\u00edn &#8211; Ciencia y Sociedad"},"content":{"rendered":"<p>[vc_row][vc_column][vc_empty_space]\n<div id=\"rev_slider_374_1_wrapper\" class=\"rev_slider_wrapper fullwidthbanner-container\" data-source=\"gallery\" style=\"margin:0px auto;background:transparent;padding:0px;margin-top:0px;margin-bottom:0px;\">\n<!-- START REVOLUTION SLIDER 5.4.7.3 fullwidth mode -->\n\t<div id=\"rev_slider_374_1\" class=\"rev_slider fullwidthabanner\" style=\"display:none;\" data-version=\"5.4.7.3\">\n<ul>\t<!-- SLIDE  -->\n\t<li data-index=\"rs-428\" data-transition=\"fade\" data-slotamount=\"default\" data-hideafterloop=\"0\" data-hideslideonmobile=\"off\"  data-easein=\"default\" data-easeout=\"default\" data-masterspeed=\"300\"  data-rotate=\"0\"  data-saveperformance=\"off\"  data-title=\"Slide\" data-param1=\"\" data-param2=\"\" data-param3=\"\" data-param4=\"\" data-param5=\"\" data-param6=\"\" data-param7=\"\" data-param8=\"\" data-param9=\"\" data-param10=\"\" data-description=\"\">\n\t\t<!-- MAIN IMAGE -->\n\t\t<img src=\"https:\/\/www.ull.es\/portal\/cienciaull\/wp-content\/uploads\/sites\/24\/2025\/12\/Chicas-con-Cienci@ULL-VI-Temporada-Banner-Diana-Sosa-Martin.jpg\"  alt=\"\" title=\"[Chicas con Cienci@ULL VI Temporada] Banner Diana Sosa Mart\u00edn\"  width=\"1500\" height=\"500\" data-bgposition=\"center center\" data-bgfit=\"cover\" data-bgrepeat=\"no-repeat\" class=\"rev-slidebg\" data-no-retina>\n\t\t<!-- LAYERS -->\n\t<\/li>\n<\/ul>\n<div class=\"tp-bannertimer tp-bottom\" style=\"visibility: hidden !important;\"><\/div>\t<\/div>\n<script>var htmlDiv = document.getElementById(\"rs-plugin-settings-inline-css\"); var htmlDivCss=\"\";\r\n\t\t\t\tif(htmlDiv) {\r\n\t\t\t\t\thtmlDiv.innerHTML = htmlDiv.innerHTML + htmlDivCss;\r\n\t\t\t\t}else{\r\n\t\t\t\t\tvar htmlDiv = document.createElement(\"div\");\r\n\t\t\t\t\thtmlDiv.innerHTML = \"<style>\" + htmlDivCss + \"<\/style>\";\r\n\t\t\t\t\tdocument.getElementsByTagName(\"head\")[0].appendChild(htmlDiv.childNodes[0]);\r\n\t\t\t\t}\r\n\t\t\t<\/script>\n\t\t<script type=\"text\/javascript\">\r\nif (setREVStartSize!==undefined) setREVStartSize(\r\n\t{c: '#rev_slider_374_1', gridwidth: [1500], gridheight: [500], sliderLayout: 'auto'});\r\n\t\t\t\r\nvar revapi374,\r\n\ttpj;\t\r\n(function() {\t\t\t\r\n\tif (!\/loaded|interactive|complete\/.test(document.readyState)) document.addEventListener(\"DOMContentLoaded\",onLoad); else onLoad();\t\r\n\tfunction onLoad() {\t\t\t\t\r\n\t\tif (tpj===undefined) { tpj = jQuery; if(\"off\" == \"on\") tpj.noConflict();}\r\n\tif(tpj(\"#rev_slider_374_1\").revolution == undefined){\n\t\trevslider_showDoubleJqueryError(\"#rev_slider_374_1\");\n\t}else{\n\t\trevapi374 = tpj(\"#rev_slider_374_1\").show().revolution({\n\t\t\tsliderType:\"hero\",\n\t\t\tjsFileLocation:\"\/\/www.ull.es\/portal\/cienciaull\/wp-content\/plugins\/revslider\/public\/assets\/js\/\",\n\t\t\tsliderLayout:\"auto\",\n\t\t\tdottedOverlay:\"none\",\n\t\t\tdelay:9000,\n\t\t\tvisibilityLevels:[1240,1024,778,480],\n\t\t\tgridwidth:1500,\n\t\t\tgridheight:500,\n\t\t\tlazyType:\"none\",\n\t\t\tshadow:0,\n\t\t\tspinner:\"spinner0\",\n\t\t\tautoHeight:\"off\",\n\t\t\tdisableProgressBar:\"on\",\n\t\t\thideThumbsOnMobile:\"off\",\n\t\t\thideSliderAtLimit:0,\n\t\t\thideCaptionAtLimit:0,\n\t\t\thideAllCaptionAtLilmit:0,\n\t\t\tdebugMode:false,\n\t\t\tfallbacks: {\n\t\t\t\tsimplifyAll:\"off\",\n\t\t\t\tdisableFocusListener:false,\n\t\t\t}\n\t\t});\n\t}; \/* END OF revapi call *\/\n\t\n }; \/* END OF ON LOAD FUNCTION *\/\r\n}()); \/* END OF WRAPPING FUNCTION *\/\r\n<\/script>\r\n\t\t<\/div><!-- END REVOLUTION SLIDER -->[\/vc_column][\/vc_row][vc_row][vc_column width=\u00bb2\/3&#8243;][vc_empty_space css=\u00bb.vc_custom_1733127193376{margin-bottom: 3px !important;border-bottom-width: 3px !important;padding-bottom: 3px !important;}\u00bb][vc_custom_heading text=\u00bbCiencia y Sociedad\u00bb font_container=\u00bbtag:h2|text_align:left|color:%23ff3e8f\u00bb google_fonts=\u00bbfont_family:Roboto%20Slab%3A100%2C300%2Cregular%2C700|font_style:700%20bold%20regular%3A700%3Anormal\u00bb css=\u00bb.vc_custom_1765550567912{margin-bottom: 3px !important;border-bottom-width: 3px !important;padding-bottom: 3px !important;}\u00bb][vc_custom_heading text=\u00bbCap\u00edtulo 18. Diana de las Nieves Sosa Mart\u00edn &#8211; Ciencia y Tecnolog\u00eda\u00bb font_container=\u00bbtag:h3|text_align:left|color:%23ff3e8f\u00bb google_fonts=\u00bbfont_family:Roboto%20Slab%3A100%2C300%2Cregular%2C700|font_style:700%20bold%20regular%3A700%3Anormal\u00bb css=\u00bb.vc_custom_1765550582932{margin-bottom: 5px !important;border-bottom-width: 5px !important;padding-bottom: 5px !important;}\u00bb][vc_custom_heading text=\u00bb<strong>Biograf\u00eda<\/strong>\u00bb font_container=\u00bbtag:h4|text_align:left|color:%23535968&#8243; google_fonts=\u00bbfont_family:Roboto%20Slab%3A100%2C300%2Cregular%2C700|font_style:700%20bold%20regular%3A700%3Anormal\u00bb css=\u00bb.vc_custom_1733127221851{margin-bottom: 5px !important;border-bottom-width: 5px !important;padding-bottom: 5px !important;}\u00bb][vc_column_text css=\u00bb.vc_custom_1765361295791{margin-bottom: 5px !important;border-bottom-width: 5px !important;padding-bottom: 5px !important;}\u00bb]<\/p>\n<p style=\"text-align: justify\">Profesora e investigadora del Departamento de An\u00e1lisis Matem\u00e1tico de la Universidad de La Laguna (ULL) del \u00e1rea de Did\u00e1ctica de la Matem\u00e1tica.<\/p>\n<p style=\"text-align: justify\">Aunque realiz\u00f3 sus estudios de doctorado en Geometr\u00eda Diferencial y realiz\u00f3 su tesis doctoral en Geometr\u00eda Mec\u00e1nica en la que obtuvo la m\u00e1xima calificaci\u00f3n sobresaliente cum laude, su campo de investigaci\u00f3n desde el a\u00f1o 2019 es en Educaci\u00f3n Matem\u00e1tica. En 2002 comenz\u00f3 su carrera como docente en la ULL como profesora asociada (a tiempo parcial) lo que compagin\u00f3 con su formaci\u00f3n investigadora, hasta el a\u00f1o 2019 que se incorpor\u00f3 como docente a tiempo completo en su actual departamento, comenzando con ello su l\u00ednea de investigaci\u00f3n en el \u00e1rea de la Did\u00e1ctica de la Matem\u00e1tica.<\/p>\n<p style=\"text-align: justify\">Durante estos a\u00f1os ha participado en proyectos de investigaci\u00f3n auton\u00f3micos y nacionales, desarrollado proyectos de innovaci\u00f3n docente en la aplicaci\u00f3n de metodolog\u00edas activas para mejorar el aprendizaje de las matem\u00e1ticas y un proyecto de innovaci\u00f3n interuniversitario con la ULPGC centrado en la interdisciplinariedad. Tambi\u00e9n ha participado en otros proyectos europeos para mejora de la pr\u00e1ctica docente abordando la inclusi\u00f3n de los objetivos de desarrollo sostenible (ODS) en el curr\u00edculo universitario, el fomento del uso de las TIC y el Aprendizaje Basado en Proyecto (ABP). Es miembro del grupo de investigaci\u00f3n de Did\u00e1ctica de las Matem\u00e1ticas en la ense\u00f1anza postobligatoria, Formulaci\u00f3n, Resoluci\u00f3n de problemas y Tecnolog\u00eda en la ense\u00f1anza y aprendizaje de las matem\u00e1ticas (FOREyTEAM) de la ULL, que trabaja en colaboraci\u00f3n con varias universidades e instituciones cient\u00edficas internacionales. Su l\u00ednea de investigaci\u00f3n se desarrolla principalmente en la formaci\u00f3n de futuros docentes de matem\u00e1ticas y, en concreto, en la resoluci\u00f3n y formulaci\u00f3n de problemas matem\u00e1ticos, en c\u00f3mo abordar los ODS a trav\u00e9s de las matem\u00e1ticas y, m\u00e1s recientemente, en la Inteligencia Artificial.<\/p>\n<p style=\"text-align: justify\">Cuenta con varias publicaciones cient\u00edficas, incluyendo art\u00edculos de alto \u00edndice de impacto (JCR y SJR) y contribuciones a congresos nacionales e internacionales. Adem\u00e1s, cuenta un sexenio de investigaci\u00f3n reconocido por la Comisi\u00f3n Nacional Evaluadora de la Actividad Investigadora (CNEAI).<\/p>\n<p>[\/vc_column_text][vc_custom_heading text=\u00bb<strong>Departamento<\/strong>\u00bb font_container=\u00bbtag:h4|text_align:left|color:%23535968&#8243; google_fonts=\u00bbfont_family:Roboto%20Slab%3A100%2C300%2Cregular%2C700|font_style:700%20bold%20regular%3A700%3Anormal\u00bb css=\u00bb.vc_custom_1733127258219{margin-bottom: 5px !important;border-bottom-width: 5px !important;padding-bottom: 5px !important;}\u00bb][vc_column_text]<\/p>\n<ul>\n<li><a href=\"https:\/\/portalciencia.ull.es\/unidades\/2881\/detalle\" target=\"_blank\" rel=\"noopener\">An\u00e1lisis Matem\u00e1tico<\/a><\/li>\n<\/ul>\n<p>[\/vc_column_text][vc_custom_heading text=\u00bb<strong>L\u00edneas de investigaci\u00f3n<\/strong>\u00bb font_container=\u00bbtag:h4|text_align:left|color:%23535968&#8243; google_fonts=\u00bbfont_family:Roboto%20Slab%3A100%2C300%2Cregular%2C700|font_style:700%20bold%20regular%3A700%3Anormal\u00bb css=\u00bb.vc_custom_1733127279185{margin-bottom: 5px !important;border-bottom-width: 5px !important;padding-bottom: 5px !important;}\u00bb][vc_column_text]<\/p>\n<ul>\n<li>Formaci\u00f3n de futuro profesorado de matem\u00e1ticas<\/li>\n<li>Resoluci\u00f3n y Formulaci\u00f3n de problemas matem\u00e1ticos<\/li>\n<li>Educaci\u00f3n para el Desarrollo Sostenible<\/li>\n<li>Inteligencia Artificial<\/li>\n<\/ul>\n<p>[\/vc_column_text][vc_custom_heading text=\u00bb<strong>Grupo de investigaci\u00f3n<\/strong>\u00bb font_container=\u00bbtag:h4|text_align:left|color:%23535968&#8243; google_fonts=\u00bbfont_family:Roboto%20Slab%3A100%2C300%2Cregular%2C700|font_style:700%20bold%20regular%3A700%3Anormal\u00bb css=\u00bb.vc_custom_1765361347368{margin-bottom: 5px !important;border-bottom-width: 5px !important;padding-bottom: 5px !important;}\u00bb][vc_column_text]<\/p>\n<p style=\"text-align: justify\">Did\u00e1ctica de las Matem\u00e1ticas en la ense\u00f1anza postobligatoria, Formulaci\u00f3n, Resoluci\u00f3n de problemas y Tecnolog\u00eda en la ense\u00f1anza y aprendizaje de las matem\u00e1ticas (FOREyTEAM) de la ULL.<\/p>\n<p>[\/vc_column_text][\/vc_column][vc_column width=\u00bb1\/3&#8243;][vc_empty_space height=\u00bb135px\u00bb][vc_custom_heading text=\u00bb<strong>V\u00eddeo<\/strong>\u00bb font_container=\u00bbtag:h4|text_align:center|color:%23535968&#8243; google_fonts=\u00bbfont_family:Roboto%20Slab%3A100%2C300%2Cregular%2C700|font_style:700%20bold%20regular%3A700%3Anormal\u00bb css=\u00bb.vc_custom_1734692556005{margin-bottom: 5px !important;border-bottom-width: 5px !important;padding-bottom: 5px !important;}\u00bb link=\u00bbtarget:_blank\u00bb][vc_video link=\u00bbhttps:\/\/youtu.be\/OwJK7MFRA4g\u00bb][vc_empty_space][vc_btn title=\u00bbSerie Todas con Cienci@ULL\u00bb color=\u00bbsuccess\u00bb size=\u00bblg\u00bb align=\u00bbcenter\u00bb button_block=\u00bbtrue\u00bb css=\u00bb.vc_custom_1753790311577{margin-bottom: 3px !important;border-bottom-width: 3px !important;padding-bottom: 3px !important;}\u00bb link=\u00bburl:https%3A%2F%2Fwww.ull.es%2Fportal%2Fcienciaull%2F6a-temporada-todas-con-cienciull%2F\u00bb][vc_btn title=\u00bbProducci\u00f3n cient\u00edfica\u00bb color=\u00bbviolet\u00bb size=\u00bblg\u00bb align=\u00bbcenter\u00bb button_block=\u00bbtrue\u00bb css=\u00bb.vc_custom_1773750784065{margin-bottom: 3px !important;border-bottom-width: 3px !important;padding-bottom: 3px !important;}\u00bb link=\u00bburl:https%3A%2F%2Fportalciencia.ull.es%2Finvestigadores%2F81107%2Fdetalle\u00bb][vc_btn title=\u00bbFiguras destacadas\u00bb color=\u00bbwarning\u00bb size=\u00bblg\u00bb align=\u00bbcenter\u00bb button_block=\u00bbtrue\u00bb css=\u00bb.vc_custom_1730806591815{margin-bottom: 3px !important;border-bottom-width: 3px !important;padding-bottom: 3px !important;}\u00bb link=\u00bburl:https%3A%2F%2Fwww.ull.es%2Fportal%2Fcienciaull%2Fcalendario-investigaull%2Ffigurasdesta_investigaull%2F\u00bb][\/vc_column][\/vc_row][vc_row][vc_column width=\u00bb5\/6&#8243;][vc_empty_space][vc_single_image image=\u00bb36084&#8243; img_size=\u00bb720&#215;200&#8243; style=\u00bbvc_box_shadow\u00bb][\/vc_column][vc_column width=\u00bb1\/6&#8243;][\/vc_column][\/vc_row]<\/p>\n","protected":false},"excerpt":{"rendered":"<p>[vc_row][vc_column][vc_empty_space][\/vc_column][\/vc_row][vc_row][vc_column width=\u00bb2\/3&#8243;][vc_empty_space css=\u00bb.vc_custom_1733127193376{margin-bottom: 3px !important;border-bottom-width: 3px !important;padding-bottom: 3px !important;}\u00bb][vc_custom_heading text=\u00bbCiencia y Sociedad\u00bb font_container=\u00bbtag:h2|text_align:left|color:%23ff3e8f\u00bb google_fonts=\u00bbfont_family:Roboto%20Slab%3A100%2C300%2Cregular%2C700|font_style:700%20bold%20regular%3A700%3Anormal\u00bb css=\u00bb.vc_custom_1765550567912{margin-bottom: 3px !important;border-bottom-width: 3px !important;padding-bottom: 3px !important;}\u00bb][vc_custom_heading text=\u00bbCap\u00edtulo 18. Diana de las Nieves Sosa Mart\u00edn &#8211; Ciencia y Tecnolog\u00eda\u00bb font_container=\u00bbtag:h3|text_align:left|color:%23ff3e8f\u00bb google_fonts=\u00bbfont_family:Roboto%20Slab%3A100%2C300%2Cregular%2C700|font_style:700%20bold%20regular%3A700%3Anormal\u00bb css=\u00bb.vc_custom_1765550582932{margin-bottom: 5px !important;border-bottom-width: 5px !important;padding-bottom: 5px !important;}\u00bb][vc_custom_heading text=\u00bbBiograf\u00eda\u00bb font_container=\u00bbtag:h4|text_align:left|color:%23535968&#8243; google_fonts=\u00bbfont_family:Roboto%20Slab%3A100%2C300%2Cregular%2C700|font_style:700%20bold%20regular%3A700%3Anormal\u00bb css=\u00bb.vc_custom_1733127221851{margin-bottom: 5px !important;border-bottom-width: 5px !important;padding-bottom: 5px !important;}\u00bb][vc_column_text css=\u00bb.vc_custom_1765361295791{margin-bottom: 5px !important;border-bottom-width:&#8230;<\/p>\n","protected":false},"author":56,"featured_media":0,"parent":0,"menu_order":0,"comment_status":"closed","ping_status":"closed","template":"templates\/cienciaull.php","meta":{"inline_featured_image":false,"footnotes":""},"acf":[],"yoast_head":"<!-- This site is optimized with the Yoast SEO plugin v21.3 - https:\/\/yoast.com\/wordpress\/plugins\/seo\/ -->\n<title>Diana de las Nieves Sosa Mart\u00edn - Ciencia y Sociedad -<\/title>\n<meta name=\"robots\" content=\"index, follow, max-snippet:-1, max-image-preview:large, max-video-preview:-1\" \/>\n<link rel=\"canonical\" href=\"https:\/\/www.ull.es\/portal\/cienciaull\/diana-de-las-nieves-sosa-martin-ciencia-y-sociedad\/\" \/>\n<meta property=\"og:locale\" content=\"es_ES\" \/>\n<meta property=\"og:type\" content=\"article\" \/>\n<meta property=\"og:title\" content=\"Diana de las Nieves Sosa Mart\u00edn - Ciencia y Sociedad -\" \/>\n<meta property=\"og:description\" content=\"[vc_row][vc_column][vc_empty_space][\/vc_column][\/vc_row][vc_row][vc_column width=\u00bb2\/3&#8243;][vc_empty_space css=\u00bb.vc_custom_1733127193376{margin-bottom: 3px !important;border-bottom-width: 3px !important;padding-bottom: 3px !important;}\u00bb][vc_custom_heading text=\u00bbCiencia y Sociedad\u00bb font_container=\u00bbtag:h2|text_align:left|color:%23ff3e8f\u00bb google_fonts=\u00bbfont_family:Roboto%20Slab%3A100%2C300%2Cregular%2C700|font_style:700%20bold%20regular%3A700%3Anormal\u00bb css=\u00bb.vc_custom_1765550567912{margin-bottom: 3px !important;border-bottom-width: 3px !important;padding-bottom: 3px !important;}\u00bb][vc_custom_heading text=\u00bbCap\u00edtulo 18. Diana de las Nieves Sosa Mart\u00edn &#8211; Ciencia y Tecnolog\u00eda\u00bb font_container=\u00bbtag:h3|text_align:left|color:%23ff3e8f\u00bb google_fonts=\u00bbfont_family:Roboto%20Slab%3A100%2C300%2Cregular%2C700|font_style:700%20bold%20regular%3A700%3Anormal\u00bb css=\u00bb.vc_custom_1765550582932{margin-bottom: 5px !important;border-bottom-width: 5px !important;padding-bottom: 5px !important;}\u00bb][vc_custom_heading text=\u00bbBiograf\u00eda\u00bb font_container=\u00bbtag:h4|text_align:left|color:%23535968&#8243; google_fonts=\u00bbfont_family:Roboto%20Slab%3A100%2C300%2Cregular%2C700|font_style:700%20bold%20regular%3A700%3Anormal\u00bb css=\u00bb.vc_custom_1733127221851{margin-bottom: 5px !important;border-bottom-width: 5px !important;padding-bottom: 5px !important;}\u00bb][vc_column_text css=\u00bb.vc_custom_1765361295791{margin-bottom: 5px !important;border-bottom-width:...\" \/>\n<meta property=\"og:url\" content=\"https:\/\/www.ull.es\/portal\/cienciaull\/diana-de-las-nieves-sosa-martin-ciencia-y-sociedad\/\" \/>\n<meta property=\"article:publisher\" content=\"https:\/\/www.facebook.com\/CienciaULL\/\" \/>\n<meta property=\"article:modified_time\" content=\"2026-03-17T12:33:06+00:00\" \/>\n<meta name=\"twitter:card\" content=\"summary_large_image\" \/>\n<meta name=\"twitter:site\" content=\"@CienciaULL\" \/>\n<meta name=\"twitter:label1\" content=\"Tiempo de lectura\" \/>\n\t<meta name=\"twitter:data1\" content=\"3 minutos\" \/>\n<script type=\"application\/ld+json\" class=\"yoast-schema-graph\">{\"@context\":\"https:\/\/schema.org\",\"@graph\":[{\"@type\":\"WebPage\",\"@id\":\"https:\/\/www.ull.es\/portal\/cienciaull\/diana-de-las-nieves-sosa-martin-ciencia-y-sociedad\/\",\"url\":\"https:\/\/www.ull.es\/portal\/cienciaull\/diana-de-las-nieves-sosa-martin-ciencia-y-sociedad\/\",\"name\":\"Diana de las Nieves Sosa Mart\u00edn - Ciencia y Sociedad -\",\"isPartOf\":{\"@id\":\"https:\/\/www.ull.es\/portal\/cienciaull\/#website\"},\"datePublished\":\"2025-12-09T13:18:51+00:00\",\"dateModified\":\"2026-03-17T12:33:06+00:00\",\"breadcrumb\":{\"@id\":\"https:\/\/www.ull.es\/portal\/cienciaull\/diana-de-las-nieves-sosa-martin-ciencia-y-sociedad\/#breadcrumb\"},\"inLanguage\":\"es\",\"potentialAction\":[{\"@type\":\"ReadAction\",\"target\":[\"https:\/\/www.ull.es\/portal\/cienciaull\/diana-de-las-nieves-sosa-martin-ciencia-y-sociedad\/\"]}]},{\"@type\":\"BreadcrumbList\",\"@id\":\"https:\/\/www.ull.es\/portal\/cienciaull\/diana-de-las-nieves-sosa-martin-ciencia-y-sociedad\/#breadcrumb\",\"itemListElement\":[{\"@type\":\"ListItem\",\"position\":1,\"name\":\"Portada\",\"item\":\"https:\/\/www.ull.es\/portal\/cienciaull\/\"},{\"@type\":\"ListItem\",\"position\":2,\"name\":\"Diana de las Nieves Sosa Mart\u00edn &#8211; Ciencia y Sociedad\"}]},{\"@type\":\"WebSite\",\"@id\":\"https:\/\/www.ull.es\/portal\/cienciaull\/#website\",\"url\":\"https:\/\/www.ull.es\/portal\/cienciaull\/\",\"name\":\"\",\"description\":\"Unidad de Cultura Cient\u00edfica y de la Innovaci\u00f3n de la Universidad de La Laguna\",\"potentialAction\":[{\"@type\":\"SearchAction\",\"target\":{\"@type\":\"EntryPoint\",\"urlTemplate\":\"https:\/\/www.ull.es\/portal\/cienciaull\/?s={search_term_string}\"},\"query-input\":\"required name=search_term_string\"}],\"inLanguage\":\"es\"}]}<\/script>\n<!-- \/ Yoast SEO plugin. -->","yoast_head_json":{"title":"Diana de las Nieves Sosa Mart\u00edn - Ciencia y Sociedad -","robots":{"index":"index","follow":"follow","max-snippet":"max-snippet:-1","max-image-preview":"max-image-preview:large","max-video-preview":"max-video-preview:-1"},"canonical":"https:\/\/www.ull.es\/portal\/cienciaull\/diana-de-las-nieves-sosa-martin-ciencia-y-sociedad\/","og_locale":"es_ES","og_type":"article","og_title":"Diana de las Nieves Sosa Mart\u00edn - Ciencia y Sociedad -","og_description":"[vc_row][vc_column][vc_empty_space][\/vc_column][\/vc_row][vc_row][vc_column width=\u00bb2\/3&#8243;][vc_empty_space css=\u00bb.vc_custom_1733127193376{margin-bottom: 3px !important;border-bottom-width: 3px !important;padding-bottom: 3px !important;}\u00bb][vc_custom_heading text=\u00bbCiencia y Sociedad\u00bb font_container=\u00bbtag:h2|text_align:left|color:%23ff3e8f\u00bb google_fonts=\u00bbfont_family:Roboto%20Slab%3A100%2C300%2Cregular%2C700|font_style:700%20bold%20regular%3A700%3Anormal\u00bb css=\u00bb.vc_custom_1765550567912{margin-bottom: 3px !important;border-bottom-width: 3px !important;padding-bottom: 3px !important;}\u00bb][vc_custom_heading text=\u00bbCap\u00edtulo 18. Diana de las Nieves Sosa Mart\u00edn &#8211; Ciencia y Tecnolog\u00eda\u00bb font_container=\u00bbtag:h3|text_align:left|color:%23ff3e8f\u00bb google_fonts=\u00bbfont_family:Roboto%20Slab%3A100%2C300%2Cregular%2C700|font_style:700%20bold%20regular%3A700%3Anormal\u00bb css=\u00bb.vc_custom_1765550582932{margin-bottom: 5px !important;border-bottom-width: 5px !important;padding-bottom: 5px !important;}\u00bb][vc_custom_heading text=\u00bbBiograf\u00eda\u00bb font_container=\u00bbtag:h4|text_align:left|color:%23535968&#8243; google_fonts=\u00bbfont_family:Roboto%20Slab%3A100%2C300%2Cregular%2C700|font_style:700%20bold%20regular%3A700%3Anormal\u00bb css=\u00bb.vc_custom_1733127221851{margin-bottom: 5px !important;border-bottom-width: 5px !important;padding-bottom: 5px !important;}\u00bb][vc_column_text css=\u00bb.vc_custom_1765361295791{margin-bottom: 5px !important;border-bottom-width:...","og_url":"https:\/\/www.ull.es\/portal\/cienciaull\/diana-de-las-nieves-sosa-martin-ciencia-y-sociedad\/","article_publisher":"https:\/\/www.facebook.com\/CienciaULL\/","article_modified_time":"2026-03-17T12:33:06+00:00","twitter_card":"summary_large_image","twitter_site":"@CienciaULL","twitter_misc":{"Tiempo de lectura":"3 minutos"},"schema":{"@context":"https:\/\/schema.org","@graph":[{"@type":"WebPage","@id":"https:\/\/www.ull.es\/portal\/cienciaull\/diana-de-las-nieves-sosa-martin-ciencia-y-sociedad\/","url":"https:\/\/www.ull.es\/portal\/cienciaull\/diana-de-las-nieves-sosa-martin-ciencia-y-sociedad\/","name":"Diana de las Nieves Sosa Mart\u00edn - Ciencia y Sociedad -","isPartOf":{"@id":"https:\/\/www.ull.es\/portal\/cienciaull\/#website"},"datePublished":"2025-12-09T13:18:51+00:00","dateModified":"2026-03-17T12:33:06+00:00","breadcrumb":{"@id":"https:\/\/www.ull.es\/portal\/cienciaull\/diana-de-las-nieves-sosa-martin-ciencia-y-sociedad\/#breadcrumb"},"inLanguage":"es","potentialAction":[{"@type":"ReadAction","target":["https:\/\/www.ull.es\/portal\/cienciaull\/diana-de-las-nieves-sosa-martin-ciencia-y-sociedad\/"]}]},{"@type":"BreadcrumbList","@id":"https:\/\/www.ull.es\/portal\/cienciaull\/diana-de-las-nieves-sosa-martin-ciencia-y-sociedad\/#breadcrumb","itemListElement":[{"@type":"ListItem","position":1,"name":"Portada","item":"https:\/\/www.ull.es\/portal\/cienciaull\/"},{"@type":"ListItem","position":2,"name":"Diana de las Nieves Sosa Mart\u00edn &#8211; Ciencia y Sociedad"}]},{"@type":"WebSite","@id":"https:\/\/www.ull.es\/portal\/cienciaull\/#website","url":"https:\/\/www.ull.es\/portal\/cienciaull\/","name":"","description":"Unidad de Cultura Cient\u00edfica y de la Innovaci\u00f3n de la Universidad de La Laguna","potentialAction":[{"@type":"SearchAction","target":{"@type":"EntryPoint","urlTemplate":"https:\/\/www.ull.es\/portal\/cienciaull\/?s={search_term_string}"},"query-input":"required name=search_term_string"}],"inLanguage":"es"}]}},"_links":{"self":[{"href":"https:\/\/www.ull.es\/portal\/cienciaull\/wp-json\/wp\/v2\/pages\/36323"}],"collection":[{"href":"https:\/\/www.ull.es\/portal\/cienciaull\/wp-json\/wp\/v2\/pages"}],"about":[{"href":"https:\/\/www.ull.es\/portal\/cienciaull\/wp-json\/wp\/v2\/types\/page"}],"author":[{"embeddable":true,"href":"https:\/\/www.ull.es\/portal\/cienciaull\/wp-json\/wp\/v2\/users\/56"}],"replies":[{"embeddable":true,"href":"https:\/\/www.ull.es\/portal\/cienciaull\/wp-json\/wp\/v2\/comments?post=36323"}],"version-history":[{"count":8,"href":"https:\/\/www.ull.es\/portal\/cienciaull\/wp-json\/wp\/v2\/pages\/36323\/revisions"}],"predecessor-version":[{"id":37262,"href":"https:\/\/www.ull.es\/portal\/cienciaull\/wp-json\/wp\/v2\/pages\/36323\/revisions\/37262"}],"wp:attachment":[{"href":"https:\/\/www.ull.es\/portal\/cienciaull\/wp-json\/wp\/v2\/media?parent=36323"}],"curies":[{"name":"wp","href":"https:\/\/api.w.org\/{rel}","templated":true}]}}