{"id":36860,"date":"2026-01-15T14:20:11","date_gmt":"2026-01-15T14:20:11","guid":{"rendered":"https:\/\/www.ull.es\/portal\/cienciaull\/?page_id=36860"},"modified":"2026-03-16T08:35:45","modified_gmt":"2026-03-16T08:35:45","slug":"taller-15-preparacion-de-un-compuesto-antitumoral","status":"publish","type":"page","link":"https:\/\/www.ull.es\/portal\/cienciaull\/laboratorio-virtual-conecta-cienciull\/biomedicina-y-salud\/taller-15-preparacion-de-un-compuesto-antitumoral\/","title":{"rendered":"Taller 16. \u00abPreparaci\u00f3n de un compuesto antitumoral\u00bb"},"content":{"rendered":"<p>[vc_row][vc_column][vc_custom_heading source=\u00bbpost_title\u00bb font_container=\u00bbtag:h2|text_align:left|color:%235499c7&#8243; google_fonts=\u00bbfont_family:Roboto%20Slab%3A100%2C300%2Cregular%2C700|font_style:700%20bold%20regular%3A700%3Anormal\u00bb][vc_video link=\u00bbhttps:\/\/www.youtube.com\/watch?v=82BprwPWFAU\u00bb][\/vc_column][\/vc_row][vc_row][vc_column][vc_empty_space][vc_column_text]<\/p>\n<table style=\"height: 76px\" width=\"1223\">\n<tbody>\n<tr>\n<td width=\"120\"><strong>Breve descripci\u00f3n<\/strong><\/td>\n<\/tr>\n<tr>\n<td style=\"text-align: justify\"><span style=\"font-weight: 400\">El taller consiste en la preparaci\u00f3n de un compuesto que posee actividad antitumoral, mediante una reacci\u00f3n multicomponente. El procedimiento implica el uso de la t\u00e9cnica de reflujo y la realizaci\u00f3n de cromatograf\u00eda en capa fina.<\/span><\/td>\n<\/tr>\n<\/tbody>\n<\/table>\n<p>[\/vc_column_text][vc_column_text]<\/p>\n<table style=\"height: 98px\" width=\"1232\">\n<tbody>\n<tr>\n<td width=\"120\"><strong>P\u00fablico al que se dirige<\/strong><\/td>\n<td width=\"65\"><strong>Duraci\u00f3n<\/strong><\/td>\n<\/tr>\n<tr>\n<td>Alumnado de ESO, Bachillerato.<\/td>\n<td>\u00a08 minutos<\/td>\n<\/tr>\n<\/tbody>\n<\/table>\n<p>[\/vc_column_text][vc_column_text]<\/p>\n<table>\n<tbody>\n<tr>\n<td colspan=\"2\" width=\"566\"><strong>Materiales y recursos<\/strong><\/td>\n<\/tr>\n<tr>\n<td width=\"283\">\n<ul>\n<li><span style=\"font-weight: 400\">El bal\u00f3n de vidrio de dos bocas sellado con reactivos y agitador magn\u00e9tico.<\/span><\/li>\n<li><span style=\"font-weight: 400\"> Refrigerante.<\/span><\/li>\n<li><span style=\"font-weight: 400\">Elevador, placa calefactora y ba\u00f1o de glicerina.<\/span><\/li>\n<li style=\"font-weight: 400\"><span style=\"font-weight: 400\">Soporte y pinzas.<\/span><\/li>\n<\/ul>\n<\/td>\n<td width=\"283\">\n<ul>\n<li style=\"font-weight: 400\"><span style=\"font-weight: 400\">C\u00e1mara de separaci\u00f3n, jeringa, placas de cromatograf\u00eda y la mezcla de disolventes.<\/span><\/li>\n<li><span style=\"font-weight: 400\">Globo con nitr\u00f3geno.<\/span><\/li>\n<li><span style=\"font-weight: 400\">Equipo de protecci\u00f3n individual.<\/span><\/li>\n<\/ul>\n<p>&nbsp;<\/td>\n<\/tr>\n<\/tbody>\n<\/table>\n<p>[\/vc_column_text][vc_column_text]<\/p>\n<table style=\"height: 38px\" width=\"1229\">\n<tbody>\n<tr>\n<td width=\"120\"><strong>Investigadora<\/strong><\/td>\n<td width=\"65\"><span style=\"font-weight: 400\">Maksim Bratukhin<\/span><\/td>\n<\/tr>\n<tr>\n<td><strong>Departamento<\/strong><\/td>\n<td><span style=\"font-weight: 400\">Departamento de Qu\u00edmica Org\u00e1nica<\/span><\/td>\n<\/tr>\n<\/tbody>\n<\/table>\n<p>[\/vc_column_text][vc_empty_space][vc_btn title=\u00bbDescargar ficha del taller\u00bb color=\u00bbsky\u00bb size=\u00bblg\u00bb align=\u00bbcenter\u00bb link=\u00bburl:https%3A%2F%2Fdrive.google.com%2Ffile%2Fd%2F1EbEFH96GgVLRgLbfqdt4IwzX0TRlwXhi|target:_blank\u00bb][\/vc_column][\/vc_row]<\/p>\n","protected":false},"excerpt":{"rendered":"<p>[vc_row][vc_column][vc_custom_heading source=\u00bbpost_title\u00bb font_container=\u00bbtag:h2|text_align:left|color:%235499c7&#8243; google_fonts=\u00bbfont_family:Roboto%20Slab%3A100%2C300%2Cregular%2C700|font_style:700%20bold%20regular%3A700%3Anormal\u00bb][vc_video link=\u00bbhttps:\/\/www.youtube.com\/watch?v=82BprwPWFAU\u00bb][\/vc_column][\/vc_row][vc_row][vc_column][vc_empty_space][vc_column_text] Breve descripci\u00f3n El taller consiste en la preparaci\u00f3n de un compuesto que posee actividad antitumoral, mediante una reacci\u00f3n multicomponente. El procedimiento implica el uso de la t\u00e9cnica de reflujo y la realizaci\u00f3n de cromatograf\u00eda en capa fina. [\/vc_column_text][vc_column_text] P\u00fablico al que se dirige Duraci\u00f3n Alumnado de ESO, Bachillerato. \u00a08 minutos&#8230;<\/p>\n","protected":false},"author":56,"featured_media":0,"parent":26937,"menu_order":16,"comment_status":"closed","ping_status":"closed","template":"","meta":{"inline_featured_image":false,"footnotes":""},"acf":[],"yoast_head":"<!-- This site is optimized with the Yoast SEO plugin v21.3 - https:\/\/yoast.com\/wordpress\/plugins\/seo\/ -->\n<title>Taller 16. \u00abPreparaci\u00f3n de un compuesto antitumoral\u00bb -<\/title>\n<meta name=\"robots\" content=\"index, follow, max-snippet:-1, max-image-preview:large, max-video-preview:-1\" \/>\n<link rel=\"canonical\" href=\"https:\/\/www.ull.es\/portal\/cienciaull\/laboratorio-virtual-conecta-cienciull\/biomedicina-y-salud\/taller-15-preparacion-de-un-compuesto-antitumoral\/\" \/>\n<meta property=\"og:locale\" content=\"es_ES\" \/>\n<meta property=\"og:type\" content=\"article\" \/>\n<meta property=\"og:title\" content=\"Taller 16. \u00abPreparaci\u00f3n de un compuesto antitumoral\u00bb -\" \/>\n<meta property=\"og:description\" content=\"[vc_row][vc_column][vc_custom_heading source=\u00bbpost_title\u00bb font_container=\u00bbtag:h2|text_align:left|color:%235499c7&#8243; google_fonts=\u00bbfont_family:Roboto%20Slab%3A100%2C300%2Cregular%2C700|font_style:700%20bold%20regular%3A700%3Anormal\u00bb][vc_video link=\u00bbhttps:\/\/www.youtube.com\/watch?v=82BprwPWFAU\u00bb][\/vc_column][\/vc_row][vc_row][vc_column][vc_empty_space][vc_column_text] Breve descripci\u00f3n El taller consiste en la preparaci\u00f3n de un compuesto que posee actividad antitumoral, mediante una reacci\u00f3n multicomponente. El procedimiento implica el uso de la t\u00e9cnica de reflujo y la realizaci\u00f3n de cromatograf\u00eda en capa fina. [\/vc_column_text][vc_column_text] P\u00fablico al que se dirige Duraci\u00f3n Alumnado de ESO, Bachillerato. \u00a08 minutos...\" \/>\n<meta property=\"og:url\" content=\"https:\/\/www.ull.es\/portal\/cienciaull\/laboratorio-virtual-conecta-cienciull\/biomedicina-y-salud\/taller-15-preparacion-de-un-compuesto-antitumoral\/\" \/>\n<meta property=\"article:publisher\" content=\"https:\/\/www.facebook.com\/CienciaULL\/\" \/>\n<meta property=\"article:modified_time\" content=\"2026-03-16T08:35:45+00:00\" \/>\n<meta name=\"twitter:card\" content=\"summary_large_image\" \/>\n<meta name=\"twitter:site\" content=\"@CienciaULL\" \/>\n<meta name=\"twitter:label1\" content=\"Tiempo de lectura\" \/>\n\t<meta name=\"twitter:data1\" content=\"1 minuto\" \/>\n<script type=\"application\/ld+json\" class=\"yoast-schema-graph\">{\"@context\":\"https:\/\/schema.org\",\"@graph\":[{\"@type\":\"WebPage\",\"@id\":\"https:\/\/www.ull.es\/portal\/cienciaull\/laboratorio-virtual-conecta-cienciull\/biomedicina-y-salud\/taller-15-preparacion-de-un-compuesto-antitumoral\/\",\"url\":\"https:\/\/www.ull.es\/portal\/cienciaull\/laboratorio-virtual-conecta-cienciull\/biomedicina-y-salud\/taller-15-preparacion-de-un-compuesto-antitumoral\/\",\"name\":\"Taller 16. \u00abPreparaci\u00f3n de un compuesto antitumoral\u00bb -\",\"isPartOf\":{\"@id\":\"https:\/\/www.ull.es\/portal\/cienciaull\/#website\"},\"datePublished\":\"2026-01-15T14:20:11+00:00\",\"dateModified\":\"2026-03-16T08:35:45+00:00\",\"breadcrumb\":{\"@id\":\"https:\/\/www.ull.es\/portal\/cienciaull\/laboratorio-virtual-conecta-cienciull\/biomedicina-y-salud\/taller-15-preparacion-de-un-compuesto-antitumoral\/#breadcrumb\"},\"inLanguage\":\"es\",\"potentialAction\":[{\"@type\":\"ReadAction\",\"target\":[\"https:\/\/www.ull.es\/portal\/cienciaull\/laboratorio-virtual-conecta-cienciull\/biomedicina-y-salud\/taller-15-preparacion-de-un-compuesto-antitumoral\/\"]}]},{\"@type\":\"BreadcrumbList\",\"@id\":\"https:\/\/www.ull.es\/portal\/cienciaull\/laboratorio-virtual-conecta-cienciull\/biomedicina-y-salud\/taller-15-preparacion-de-un-compuesto-antitumoral\/#breadcrumb\",\"itemListElement\":[{\"@type\":\"ListItem\",\"position\":1,\"name\":\"Portada\",\"item\":\"https:\/\/www.ull.es\/portal\/cienciaull\/\"},{\"@type\":\"ListItem\",\"position\":2,\"name\":\"Laboratorio Virtual Conecta Cienci@ULL\",\"item\":\"https:\/\/www.ull.es\/portal\/cienciaull\/laboratorio-virtual-conecta-cienciull\/\"},{\"@type\":\"ListItem\",\"position\":3,\"name\":\"Biomedicina y Salud\",\"item\":\"https:\/\/www.ull.es\/portal\/cienciaull\/laboratorio-virtual-conecta-cienciull\/biomedicina-y-salud\/\"},{\"@type\":\"ListItem\",\"position\":4,\"name\":\"Taller 16. \u00abPreparaci\u00f3n de un compuesto antitumoral\u00bb\"}]},{\"@type\":\"WebSite\",\"@id\":\"https:\/\/www.ull.es\/portal\/cienciaull\/#website\",\"url\":\"https:\/\/www.ull.es\/portal\/cienciaull\/\",\"name\":\"\",\"description\":\"Unidad de Cultura Cient\u00edfica y de la Innovaci\u00f3n de la Universidad de La Laguna\",\"potentialAction\":[{\"@type\":\"SearchAction\",\"target\":{\"@type\":\"EntryPoint\",\"urlTemplate\":\"https:\/\/www.ull.es\/portal\/cienciaull\/?s={search_term_string}\"},\"query-input\":\"required name=search_term_string\"}],\"inLanguage\":\"es\"}]}<\/script>\n<!-- \/ Yoast SEO plugin. -->","yoast_head_json":{"title":"Taller 16. \u00abPreparaci\u00f3n de un compuesto antitumoral\u00bb -","robots":{"index":"index","follow":"follow","max-snippet":"max-snippet:-1","max-image-preview":"max-image-preview:large","max-video-preview":"max-video-preview:-1"},"canonical":"https:\/\/www.ull.es\/portal\/cienciaull\/laboratorio-virtual-conecta-cienciull\/biomedicina-y-salud\/taller-15-preparacion-de-un-compuesto-antitumoral\/","og_locale":"es_ES","og_type":"article","og_title":"Taller 16. \u00abPreparaci\u00f3n de un compuesto antitumoral\u00bb -","og_description":"[vc_row][vc_column][vc_custom_heading source=\u00bbpost_title\u00bb font_container=\u00bbtag:h2|text_align:left|color:%235499c7&#8243; google_fonts=\u00bbfont_family:Roboto%20Slab%3A100%2C300%2Cregular%2C700|font_style:700%20bold%20regular%3A700%3Anormal\u00bb][vc_video link=\u00bbhttps:\/\/www.youtube.com\/watch?v=82BprwPWFAU\u00bb][\/vc_column][\/vc_row][vc_row][vc_column][vc_empty_space][vc_column_text] Breve descripci\u00f3n El taller consiste en la preparaci\u00f3n de un compuesto que posee actividad antitumoral, mediante una reacci\u00f3n multicomponente. El procedimiento implica el uso de la t\u00e9cnica de reflujo y la realizaci\u00f3n de cromatograf\u00eda en capa fina. [\/vc_column_text][vc_column_text] P\u00fablico al que se dirige Duraci\u00f3n Alumnado de ESO, Bachillerato. \u00a08 minutos...","og_url":"https:\/\/www.ull.es\/portal\/cienciaull\/laboratorio-virtual-conecta-cienciull\/biomedicina-y-salud\/taller-15-preparacion-de-un-compuesto-antitumoral\/","article_publisher":"https:\/\/www.facebook.com\/CienciaULL\/","article_modified_time":"2026-03-16T08:35:45+00:00","twitter_card":"summary_large_image","twitter_site":"@CienciaULL","twitter_misc":{"Tiempo de lectura":"1 minuto"},"schema":{"@context":"https:\/\/schema.org","@graph":[{"@type":"WebPage","@id":"https:\/\/www.ull.es\/portal\/cienciaull\/laboratorio-virtual-conecta-cienciull\/biomedicina-y-salud\/taller-15-preparacion-de-un-compuesto-antitumoral\/","url":"https:\/\/www.ull.es\/portal\/cienciaull\/laboratorio-virtual-conecta-cienciull\/biomedicina-y-salud\/taller-15-preparacion-de-un-compuesto-antitumoral\/","name":"Taller 16. \u00abPreparaci\u00f3n de un compuesto antitumoral\u00bb -","isPartOf":{"@id":"https:\/\/www.ull.es\/portal\/cienciaull\/#website"},"datePublished":"2026-01-15T14:20:11+00:00","dateModified":"2026-03-16T08:35:45+00:00","breadcrumb":{"@id":"https:\/\/www.ull.es\/portal\/cienciaull\/laboratorio-virtual-conecta-cienciull\/biomedicina-y-salud\/taller-15-preparacion-de-un-compuesto-antitumoral\/#breadcrumb"},"inLanguage":"es","potentialAction":[{"@type":"ReadAction","target":["https:\/\/www.ull.es\/portal\/cienciaull\/laboratorio-virtual-conecta-cienciull\/biomedicina-y-salud\/taller-15-preparacion-de-un-compuesto-antitumoral\/"]}]},{"@type":"BreadcrumbList","@id":"https:\/\/www.ull.es\/portal\/cienciaull\/laboratorio-virtual-conecta-cienciull\/biomedicina-y-salud\/taller-15-preparacion-de-un-compuesto-antitumoral\/#breadcrumb","itemListElement":[{"@type":"ListItem","position":1,"name":"Portada","item":"https:\/\/www.ull.es\/portal\/cienciaull\/"},{"@type":"ListItem","position":2,"name":"Laboratorio Virtual Conecta Cienci@ULL","item":"https:\/\/www.ull.es\/portal\/cienciaull\/laboratorio-virtual-conecta-cienciull\/"},{"@type":"ListItem","position":3,"name":"Biomedicina y Salud","item":"https:\/\/www.ull.es\/portal\/cienciaull\/laboratorio-virtual-conecta-cienciull\/biomedicina-y-salud\/"},{"@type":"ListItem","position":4,"name":"Taller 16. \u00abPreparaci\u00f3n de un compuesto antitumoral\u00bb"}]},{"@type":"WebSite","@id":"https:\/\/www.ull.es\/portal\/cienciaull\/#website","url":"https:\/\/www.ull.es\/portal\/cienciaull\/","name":"","description":"Unidad de Cultura Cient\u00edfica y de la Innovaci\u00f3n de la Universidad de La Laguna","potentialAction":[{"@type":"SearchAction","target":{"@type":"EntryPoint","urlTemplate":"https:\/\/www.ull.es\/portal\/cienciaull\/?s={search_term_string}"},"query-input":"required name=search_term_string"}],"inLanguage":"es"}]}},"_links":{"self":[{"href":"https:\/\/www.ull.es\/portal\/cienciaull\/wp-json\/wp\/v2\/pages\/36860"}],"collection":[{"href":"https:\/\/www.ull.es\/portal\/cienciaull\/wp-json\/wp\/v2\/pages"}],"about":[{"href":"https:\/\/www.ull.es\/portal\/cienciaull\/wp-json\/wp\/v2\/types\/page"}],"author":[{"embeddable":true,"href":"https:\/\/www.ull.es\/portal\/cienciaull\/wp-json\/wp\/v2\/users\/56"}],"replies":[{"embeddable":true,"href":"https:\/\/www.ull.es\/portal\/cienciaull\/wp-json\/wp\/v2\/comments?post=36860"}],"version-history":[{"count":9,"href":"https:\/\/www.ull.es\/portal\/cienciaull\/wp-json\/wp\/v2\/pages\/36860\/revisions"}],"predecessor-version":[{"id":37197,"href":"https:\/\/www.ull.es\/portal\/cienciaull\/wp-json\/wp\/v2\/pages\/36860\/revisions\/37197"}],"up":[{"embeddable":true,"href":"https:\/\/www.ull.es\/portal\/cienciaull\/wp-json\/wp\/v2\/pages\/26937"}],"wp:attachment":[{"href":"https:\/\/www.ull.es\/portal\/cienciaull\/wp-json\/wp\/v2\/media?parent=36860"}],"curies":[{"name":"wp","href":"https:\/\/api.w.org\/{rel}","templated":true}]}}