{"id":36893,"date":"2026-01-21T08:16:20","date_gmt":"2026-01-21T08:16:20","guid":{"rendered":"https:\/\/www.ull.es\/portal\/cienciaull\/?page_id=36893"},"modified":"2026-04-06T13:04:46","modified_gmt":"2026-04-06T13:04:46","slug":"taller-18-descubriendo-el-mundo-invisible-tincion-de-kinyoun-en-accion","status":"publish","type":"page","link":"https:\/\/www.ull.es\/portal\/cienciaull\/laboratorio-virtual-conecta-cienciull\/biomedicina-y-salud\/taller-18-descubriendo-el-mundo-invisible-tincion-de-kinyoun-en-accion\/","title":{"rendered":"Taller 18. \u00abDescubriendo el mundo invisible: Tinci\u00f3n de Kinyoun en acci\u00f3n\u00bb"},"content":{"rendered":"<p>[vc_row][vc_column][vc_custom_heading source=\u00bbpost_title\u00bb font_container=\u00bbtag:h2|text_align:left|color:%235499c7&#8243; google_fonts=\u00bbfont_family:Roboto%20Slab%3A100%2C300%2Cregular%2C700|font_style:700%20bold%20regular%3A700%3Anormal\u00bb][\/vc_column][\/vc_row][vc_row][vc_column][vc_video link=\u00bbhttps:\/\/youtu.be\/yKtHm2tPyt8&#8243;][vc_empty_space][vc_column_text]<\/p>\n<table style=\"height: 76px\" width=\"1223\">\n<tbody>\n<tr>\n<td width=\"120\"><strong>Breve descripci\u00f3n<\/strong><\/td>\n<\/tr>\n<tr>\n<td style=\"text-align: justify\"><span style=\"font-weight: 400\">En este taller te\u00f3rico-pr\u00e1ctico, el alumnado aprender\u00e1 sobre la tinci\u00f3n de Kinyoun, y c\u00f3mo \u00e9sta se utiliza para detectar pat\u00f3genos \u00e1cido- alcohol resistentes. Tambi\u00e9n conocer\u00e1 el procedimiento paso a paso y su observaci\u00f3n al microscopio \u00f3ptico, relacionando los resultados con su relevancia cl\u00ednica.<\/span><\/td>\n<\/tr>\n<\/tbody>\n<\/table>\n<p>[\/vc_column_text][vc_column_text]<\/p>\n<table style=\"height: 98px\" width=\"1232\">\n<tbody>\n<tr>\n<td width=\"120\"><strong>P\u00fablico al que se dirige<\/strong><\/td>\n<td width=\"65\"><strong>Duraci\u00f3n<\/strong><\/td>\n<\/tr>\n<tr>\n<td>Alumnado de ESO, Bachillerato.<\/td>\n<td>1 hora<\/td>\n<\/tr>\n<\/tbody>\n<\/table>\n<p>[\/vc_column_text][vc_column_text]<\/p>\n<table>\n<tbody>\n<tr>\n<td colspan=\"2\" width=\"566\"><strong>Materiales y recursos<\/strong><\/td>\n<\/tr>\n<tr>\n<td width=\"283\">\n<ul>\n<li style=\"font-weight: 400\"><span style=\"font-weight: 400\">Muestra biol\u00f3gica<\/span><\/li>\n<li style=\"font-weight: 400\"><span style=\"font-weight: 400\">EPI: guantes, gafas (opcional) y bata<\/span><\/li>\n<li style=\"font-weight: 400\"><span style=\"font-weight: 400\">Papel de filtro<\/span><\/li>\n<li style=\"font-weight: 400\"><span style=\"font-weight: 400\">Isopos<\/span><\/li>\n<li style=\"font-weight: 400\"><span style=\"font-weight: 400\">Portaobjetos esmerilados<\/span><\/li>\n<li style=\"font-weight: 400\"><span style=\"font-weight: 400\">L\u00e1piz<\/span><\/li>\n<li style=\"font-weight: 400\"><span style=\"font-weight: 400\">Frasco lavador<\/span><\/li>\n<li style=\"font-weight: 400\"><span style=\"font-weight: 400\">Agua destilada<\/span><\/li>\n<li style=\"font-weight: 400\"><span style=\"font-weight: 400\">Bandeja para lavado de portaobjetos<\/span><\/li>\n<li style=\"font-weight: 400\"><span style=\"font-weight: 400\">Papel de aluminio<\/span><\/li>\n<li style=\"font-weight: 400\"><span style=\"font-weight: 400\">Pinzas (de madera o met\u00e1licas)<\/span><\/li>\n<li style=\"font-weight: 400\"><span style=\"font-weight: 400\">Contenedor para residuos biol\u00f3gicos<\/span><\/li>\n<\/ul>\n<\/td>\n<td width=\"283\">\n<ul>\n<li style=\"font-weight: 400\"><span style=\"font-weight: 400\">Contenedores para residuos qu\u00edmicos<\/span><\/li>\n<li style=\"font-weight: 400\"><span style=\"font-weight: 400\">4 vasos de Coplin<\/span><\/li>\n<li style=\"font-weight: 400\"><span style=\"font-weight: 400\">Metanol absoluto (listo para usar)<\/span><\/li>\n<li style=\"font-weight: 400\"><span style=\"font-weight: 400\">Fucsina b\u00e1sica fenicada (listo para usar)<\/span><\/li>\n<li style=\"font-weight: 400\"><span style=\"font-weight: 400\">\u00c1cido sulf\u00farico al 4% (preparar)<\/span><\/li>\n<li style=\"font-weight: 400\"><span style=\"font-weight: 400\">Verde malaquita al 2% (preparar)<\/span><\/li>\n<li style=\"font-weight: 400\"><span style=\"font-weight: 400\">Cron\u00f3metro<\/span><\/li>\n<li style=\"font-weight: 400\"><span style=\"font-weight: 400\">Microscopio \u00f3ptico<\/span><\/li>\n<li style=\"font-weight: 400\"><span style=\"font-weight: 400\">Aceite de inmersi\u00f3n<\/span><\/li>\n<li style=\"font-weight: 400\"><span style=\"font-weight: 400\">Papel absorbente para limpiar<\/span><\/li>\n<li style=\"font-weight: 400\"><span style=\"font-weight: 400\">Desinfectante (alcohol 96\u02dade farmacia)<\/span><\/li>\n<\/ul>\n<\/td>\n<\/tr>\n<\/tbody>\n<\/table>\n<p>[\/vc_column_text][vc_column_text]<\/p>\n<table style=\"height: 38px\" width=\"1229\">\n<tbody>\n<tr>\n<td width=\"120\"><strong>Investigadora<\/strong><\/td>\n<td width=\"65\"><span style=\"font-weight: 400\">Katherine Garc\u00eda Livia<\/span><\/td>\n<\/tr>\n<tr>\n<td><strong>Departamento<\/strong><\/td>\n<td><span style=\"font-weight: 400\">Departamento de Obstetricia y Ginecolog\u00eda, Pediatr\u00eda, Medicina Preventiva y Salud Publica, Toxicolog\u00eda, Medicina Legal y Forense y Parasitolog\u00eda.<\/span><\/td>\n<\/tr>\n<\/tbody>\n<\/table>\n<p>[\/vc_column_text][vc_empty_space][vc_btn title=\u00bbDescargar ficha del taller\u00bb color=\u00bbsky\u00bb size=\u00bblg\u00bb align=\u00bbcenter\u00bb link=\u00bburl:https%3A%2F%2Fdrive.google.com%2Ffile%2Fd%2F1nIEiD_a5WaH8GjPLrh3ay7msF7f78wRx%2Fview%3Fusp%3Dsharing|target:_blank\u00bb][\/vc_column][\/vc_row]<\/p>\n","protected":false},"excerpt":{"rendered":"<p>[vc_row][vc_column][vc_custom_heading source=\u00bbpost_title\u00bb font_container=\u00bbtag:h2|text_align:left|color:%235499c7&#8243; google_fonts=\u00bbfont_family:Roboto%20Slab%3A100%2C300%2Cregular%2C700|font_style:700%20bold%20regular%3A700%3Anormal\u00bb][\/vc_column][\/vc_row][vc_row][vc_column][vc_video link=\u00bbhttps:\/\/youtu.be\/yKtHm2tPyt8&#8243;][vc_empty_space][vc_column_text] Breve descripci\u00f3n En este taller te\u00f3rico-pr\u00e1ctico, el alumnado aprender\u00e1 sobre la tinci\u00f3n de Kinyoun, y c\u00f3mo \u00e9sta se utiliza para detectar pat\u00f3genos \u00e1cido- alcohol resistentes. Tambi\u00e9n conocer\u00e1 el procedimiento paso a paso y su observaci\u00f3n al microscopio \u00f3ptico, relacionando los resultados con su relevancia cl\u00ednica. [\/vc_column_text][vc_column_text] P\u00fablico al que se&#8230;<\/p>\n","protected":false},"author":56,"featured_media":0,"parent":26937,"menu_order":18,"comment_status":"closed","ping_status":"closed","template":"","meta":{"inline_featured_image":false,"footnotes":""},"acf":[],"yoast_head":"<!-- This site is optimized with the Yoast SEO plugin v21.3 - https:\/\/yoast.com\/wordpress\/plugins\/seo\/ -->\n<title>Taller 18. \u00abDescubriendo el mundo invisible: Tinci\u00f3n de Kinyoun en acci\u00f3n\u00bb -<\/title>\n<meta name=\"robots\" content=\"index, follow, max-snippet:-1, max-image-preview:large, max-video-preview:-1\" \/>\n<link rel=\"canonical\" href=\"https:\/\/www.ull.es\/portal\/cienciaull\/laboratorio-virtual-conecta-cienciull\/biomedicina-y-salud\/taller-18-descubriendo-el-mundo-invisible-tincion-de-kinyoun-en-accion\/\" \/>\n<meta property=\"og:locale\" content=\"es_ES\" \/>\n<meta property=\"og:type\" content=\"article\" \/>\n<meta property=\"og:title\" content=\"Taller 18. \u00abDescubriendo el mundo invisible: Tinci\u00f3n de Kinyoun en acci\u00f3n\u00bb -\" \/>\n<meta property=\"og:description\" content=\"[vc_row][vc_column][vc_custom_heading source=\u00bbpost_title\u00bb font_container=\u00bbtag:h2|text_align:left|color:%235499c7&#8243; google_fonts=\u00bbfont_family:Roboto%20Slab%3A100%2C300%2Cregular%2C700|font_style:700%20bold%20regular%3A700%3Anormal\u00bb][\/vc_column][\/vc_row][vc_row][vc_column][vc_video link=\u00bbhttps:\/\/youtu.be\/yKtHm2tPyt8&#8243;][vc_empty_space][vc_column_text] Breve descripci\u00f3n En este taller te\u00f3rico-pr\u00e1ctico, el alumnado aprender\u00e1 sobre la tinci\u00f3n de Kinyoun, y c\u00f3mo \u00e9sta se utiliza para detectar pat\u00f3genos \u00e1cido- alcohol resistentes. Tambi\u00e9n conocer\u00e1 el procedimiento paso a paso y su observaci\u00f3n al microscopio \u00f3ptico, relacionando los resultados con su relevancia cl\u00ednica. [\/vc_column_text][vc_column_text] P\u00fablico al que se...\" \/>\n<meta property=\"og:url\" content=\"https:\/\/www.ull.es\/portal\/cienciaull\/laboratorio-virtual-conecta-cienciull\/biomedicina-y-salud\/taller-18-descubriendo-el-mundo-invisible-tincion-de-kinyoun-en-accion\/\" \/>\n<meta property=\"article:publisher\" content=\"https:\/\/www.facebook.com\/CienciaULL\/\" \/>\n<meta property=\"article:modified_time\" content=\"2026-04-06T13:04:46+00:00\" \/>\n<meta name=\"twitter:card\" content=\"summary_large_image\" \/>\n<meta name=\"twitter:site\" content=\"@CienciaULL\" \/>\n<meta name=\"twitter:label1\" content=\"Tiempo de lectura\" \/>\n\t<meta name=\"twitter:data1\" content=\"1 minuto\" \/>\n<script type=\"application\/ld+json\" class=\"yoast-schema-graph\">{\"@context\":\"https:\/\/schema.org\",\"@graph\":[{\"@type\":\"WebPage\",\"@id\":\"https:\/\/www.ull.es\/portal\/cienciaull\/laboratorio-virtual-conecta-cienciull\/biomedicina-y-salud\/taller-18-descubriendo-el-mundo-invisible-tincion-de-kinyoun-en-accion\/\",\"url\":\"https:\/\/www.ull.es\/portal\/cienciaull\/laboratorio-virtual-conecta-cienciull\/biomedicina-y-salud\/taller-18-descubriendo-el-mundo-invisible-tincion-de-kinyoun-en-accion\/\",\"name\":\"Taller 18. \u00abDescubriendo el mundo invisible: Tinci\u00f3n de Kinyoun en acci\u00f3n\u00bb -\",\"isPartOf\":{\"@id\":\"https:\/\/www.ull.es\/portal\/cienciaull\/#website\"},\"datePublished\":\"2026-01-21T08:16:20+00:00\",\"dateModified\":\"2026-04-06T13:04:46+00:00\",\"breadcrumb\":{\"@id\":\"https:\/\/www.ull.es\/portal\/cienciaull\/laboratorio-virtual-conecta-cienciull\/biomedicina-y-salud\/taller-18-descubriendo-el-mundo-invisible-tincion-de-kinyoun-en-accion\/#breadcrumb\"},\"inLanguage\":\"es\",\"potentialAction\":[{\"@type\":\"ReadAction\",\"target\":[\"https:\/\/www.ull.es\/portal\/cienciaull\/laboratorio-virtual-conecta-cienciull\/biomedicina-y-salud\/taller-18-descubriendo-el-mundo-invisible-tincion-de-kinyoun-en-accion\/\"]}]},{\"@type\":\"BreadcrumbList\",\"@id\":\"https:\/\/www.ull.es\/portal\/cienciaull\/laboratorio-virtual-conecta-cienciull\/biomedicina-y-salud\/taller-18-descubriendo-el-mundo-invisible-tincion-de-kinyoun-en-accion\/#breadcrumb\",\"itemListElement\":[{\"@type\":\"ListItem\",\"position\":1,\"name\":\"Portada\",\"item\":\"https:\/\/www.ull.es\/portal\/cienciaull\/\"},{\"@type\":\"ListItem\",\"position\":2,\"name\":\"Laboratorio Virtual Conecta Cienci@ULL\",\"item\":\"https:\/\/www.ull.es\/portal\/cienciaull\/laboratorio-virtual-conecta-cienciull\/\"},{\"@type\":\"ListItem\",\"position\":3,\"name\":\"Biomedicina y Salud\",\"item\":\"https:\/\/www.ull.es\/portal\/cienciaull\/laboratorio-virtual-conecta-cienciull\/biomedicina-y-salud\/\"},{\"@type\":\"ListItem\",\"position\":4,\"name\":\"Taller 18. \u00abDescubriendo el mundo invisible: Tinci\u00f3n de Kinyoun en acci\u00f3n\u00bb\"}]},{\"@type\":\"WebSite\",\"@id\":\"https:\/\/www.ull.es\/portal\/cienciaull\/#website\",\"url\":\"https:\/\/www.ull.es\/portal\/cienciaull\/\",\"name\":\"\",\"description\":\"Unidad de Cultura Cient\u00edfica y de la Innovaci\u00f3n de la Universidad de La Laguna\",\"potentialAction\":[{\"@type\":\"SearchAction\",\"target\":{\"@type\":\"EntryPoint\",\"urlTemplate\":\"https:\/\/www.ull.es\/portal\/cienciaull\/?s={search_term_string}\"},\"query-input\":\"required name=search_term_string\"}],\"inLanguage\":\"es\"}]}<\/script>\n<!-- \/ Yoast SEO plugin. -->","yoast_head_json":{"title":"Taller 18. \u00abDescubriendo el mundo invisible: Tinci\u00f3n de Kinyoun en acci\u00f3n\u00bb -","robots":{"index":"index","follow":"follow","max-snippet":"max-snippet:-1","max-image-preview":"max-image-preview:large","max-video-preview":"max-video-preview:-1"},"canonical":"https:\/\/www.ull.es\/portal\/cienciaull\/laboratorio-virtual-conecta-cienciull\/biomedicina-y-salud\/taller-18-descubriendo-el-mundo-invisible-tincion-de-kinyoun-en-accion\/","og_locale":"es_ES","og_type":"article","og_title":"Taller 18. \u00abDescubriendo el mundo invisible: Tinci\u00f3n de Kinyoun en acci\u00f3n\u00bb -","og_description":"[vc_row][vc_column][vc_custom_heading source=\u00bbpost_title\u00bb font_container=\u00bbtag:h2|text_align:left|color:%235499c7&#8243; google_fonts=\u00bbfont_family:Roboto%20Slab%3A100%2C300%2Cregular%2C700|font_style:700%20bold%20regular%3A700%3Anormal\u00bb][\/vc_column][\/vc_row][vc_row][vc_column][vc_video link=\u00bbhttps:\/\/youtu.be\/yKtHm2tPyt8&#8243;][vc_empty_space][vc_column_text] Breve descripci\u00f3n En este taller te\u00f3rico-pr\u00e1ctico, el alumnado aprender\u00e1 sobre la tinci\u00f3n de Kinyoun, y c\u00f3mo \u00e9sta se utiliza para detectar pat\u00f3genos \u00e1cido- alcohol resistentes. Tambi\u00e9n conocer\u00e1 el procedimiento paso a paso y su observaci\u00f3n al microscopio \u00f3ptico, relacionando los resultados con su relevancia cl\u00ednica. [\/vc_column_text][vc_column_text] P\u00fablico al que se...","og_url":"https:\/\/www.ull.es\/portal\/cienciaull\/laboratorio-virtual-conecta-cienciull\/biomedicina-y-salud\/taller-18-descubriendo-el-mundo-invisible-tincion-de-kinyoun-en-accion\/","article_publisher":"https:\/\/www.facebook.com\/CienciaULL\/","article_modified_time":"2026-04-06T13:04:46+00:00","twitter_card":"summary_large_image","twitter_site":"@CienciaULL","twitter_misc":{"Tiempo de lectura":"1 minuto"},"schema":{"@context":"https:\/\/schema.org","@graph":[{"@type":"WebPage","@id":"https:\/\/www.ull.es\/portal\/cienciaull\/laboratorio-virtual-conecta-cienciull\/biomedicina-y-salud\/taller-18-descubriendo-el-mundo-invisible-tincion-de-kinyoun-en-accion\/","url":"https:\/\/www.ull.es\/portal\/cienciaull\/laboratorio-virtual-conecta-cienciull\/biomedicina-y-salud\/taller-18-descubriendo-el-mundo-invisible-tincion-de-kinyoun-en-accion\/","name":"Taller 18. \u00abDescubriendo el mundo invisible: Tinci\u00f3n de Kinyoun en acci\u00f3n\u00bb -","isPartOf":{"@id":"https:\/\/www.ull.es\/portal\/cienciaull\/#website"},"datePublished":"2026-01-21T08:16:20+00:00","dateModified":"2026-04-06T13:04:46+00:00","breadcrumb":{"@id":"https:\/\/www.ull.es\/portal\/cienciaull\/laboratorio-virtual-conecta-cienciull\/biomedicina-y-salud\/taller-18-descubriendo-el-mundo-invisible-tincion-de-kinyoun-en-accion\/#breadcrumb"},"inLanguage":"es","potentialAction":[{"@type":"ReadAction","target":["https:\/\/www.ull.es\/portal\/cienciaull\/laboratorio-virtual-conecta-cienciull\/biomedicina-y-salud\/taller-18-descubriendo-el-mundo-invisible-tincion-de-kinyoun-en-accion\/"]}]},{"@type":"BreadcrumbList","@id":"https:\/\/www.ull.es\/portal\/cienciaull\/laboratorio-virtual-conecta-cienciull\/biomedicina-y-salud\/taller-18-descubriendo-el-mundo-invisible-tincion-de-kinyoun-en-accion\/#breadcrumb","itemListElement":[{"@type":"ListItem","position":1,"name":"Portada","item":"https:\/\/www.ull.es\/portal\/cienciaull\/"},{"@type":"ListItem","position":2,"name":"Laboratorio Virtual Conecta Cienci@ULL","item":"https:\/\/www.ull.es\/portal\/cienciaull\/laboratorio-virtual-conecta-cienciull\/"},{"@type":"ListItem","position":3,"name":"Biomedicina y Salud","item":"https:\/\/www.ull.es\/portal\/cienciaull\/laboratorio-virtual-conecta-cienciull\/biomedicina-y-salud\/"},{"@type":"ListItem","position":4,"name":"Taller 18. \u00abDescubriendo el mundo invisible: Tinci\u00f3n de Kinyoun en acci\u00f3n\u00bb"}]},{"@type":"WebSite","@id":"https:\/\/www.ull.es\/portal\/cienciaull\/#website","url":"https:\/\/www.ull.es\/portal\/cienciaull\/","name":"","description":"Unidad de Cultura Cient\u00edfica y de la Innovaci\u00f3n de la Universidad de La Laguna","potentialAction":[{"@type":"SearchAction","target":{"@type":"EntryPoint","urlTemplate":"https:\/\/www.ull.es\/portal\/cienciaull\/?s={search_term_string}"},"query-input":"required name=search_term_string"}],"inLanguage":"es"}]}},"_links":{"self":[{"href":"https:\/\/www.ull.es\/portal\/cienciaull\/wp-json\/wp\/v2\/pages\/36893"}],"collection":[{"href":"https:\/\/www.ull.es\/portal\/cienciaull\/wp-json\/wp\/v2\/pages"}],"about":[{"href":"https:\/\/www.ull.es\/portal\/cienciaull\/wp-json\/wp\/v2\/types\/page"}],"author":[{"embeddable":true,"href":"https:\/\/www.ull.es\/portal\/cienciaull\/wp-json\/wp\/v2\/users\/56"}],"replies":[{"embeddable":true,"href":"https:\/\/www.ull.es\/portal\/cienciaull\/wp-json\/wp\/v2\/comments?post=36893"}],"version-history":[{"count":4,"href":"https:\/\/www.ull.es\/portal\/cienciaull\/wp-json\/wp\/v2\/pages\/36893\/revisions"}],"predecessor-version":[{"id":37191,"href":"https:\/\/www.ull.es\/portal\/cienciaull\/wp-json\/wp\/v2\/pages\/36893\/revisions\/37191"}],"up":[{"embeddable":true,"href":"https:\/\/www.ull.es\/portal\/cienciaull\/wp-json\/wp\/v2\/pages\/26937"}],"wp:attachment":[{"href":"https:\/\/www.ull.es\/portal\/cienciaull\/wp-json\/wp\/v2\/media?parent=36893"}],"curies":[{"name":"wp","href":"https:\/\/api.w.org\/{rel}","templated":true}]}}