{"id":37455,"date":"2026-05-05T10:52:45","date_gmt":"2026-05-05T10:52:45","guid":{"rendered":"https:\/\/www.ull.es\/portal\/cienciaull\/?page_id=37455"},"modified":"2026-05-05T10:57:11","modified_gmt":"2026-05-05T10:57:11","slug":"taller-24-principio-de-pascal","status":"publish","type":"page","link":"https:\/\/www.ull.es\/portal\/cienciaull\/laboratorio-virtual-conecta-cienciull\/ciencia-y-tecnologia\/taller-24-principio-de-pascal\/","title":{"rendered":"Taller 24. \u00abPrincipio de  Pascal\u00bb"},"content":{"rendered":"<p>[vc_row][vc_column][vc_custom_heading source=\u00bbpost_title\u00bb font_container=\u00bbtag:h2|text_align:left|color:%23dd9933&#8243; google_fonts=\u00bbfont_family:Roboto%20Slab%3A100%2C300%2Cregular%2C700|font_style:700%20bold%20regular%3A700%3Anormal\u00bb][vc_single_image image=\u00bb37456&#8243;][vc_empty_space][vc_column_text]<\/p>\n<table style=\"height: 31px\" width=\"969\">\n<tbody>\n<tr>\n<td width=\"118\"><strong>Breve descripci\u00f3n<\/strong><\/td>\n<\/tr>\n<tr>\n<td style=\"text-align: justify\">En este taller se describir\u00e1 el principio de Pascal, el cual se aprovecha para transmitir presiones y amplificar fuerzas, siendo la<br \/>\nbase de numerosos dispositivos hidr\u00e1ulicos como elevadores (gatos hidr\u00e1ulicos), prensas hidr\u00e1ulicas o sistemas de freno.<br \/>\nA trav\u00e9s de experimentos sencillos con jeringuillas y circuitos hidr\u00e1ulicos b\u00e1sicos, el alumnado podr\u00e1 aplicar el principio de Pascal<br \/>\ny visualizar de forma directa c\u00f3mo la presi\u00f3n se transmite en un fluido y c\u00f3mo se puede utilizar para multiplicar la fuerza.<\/td>\n<\/tr>\n<\/tbody>\n<\/table>\n<p>[\/vc_column_text][vc_column_text]<\/p>\n<table style=\"height: 92px\" width=\"653\">\n<tbody>\n<tr>\n<td width=\"152\"><strong>Publico al que se dirige<\/strong><\/td>\n<td width=\"80\"><strong>Duraci\u00f3n<\/strong><\/td>\n<\/tr>\n<tr>\n<td><span style=\"font-weight: 400\">Alumnado de ESO y Bachillerato<\/span><\/td>\n<td><span style=\"font-weight: 400\">10 min<\/span><\/td>\n<\/tr>\n<\/tbody>\n<\/table>\n<p>[\/vc_column_text][vc_column_text]<\/p>\n<table style=\"height: 116px\" width=\"367\">\n<tbody>\n<tr>\n<td width=\"152\"><strong>Materiales y recursos<\/strong><\/td>\n<\/tr>\n<tr>\n<td>\n<table>\n<tbody>\n<tr>\n<td colspan=\"2\">\n<ul>\n<li style=\"font-weight: 400\">Jeringuillas de diferentes tama\u00f1os<\/li>\n<li style=\"font-weight: 400\">Mangueras de 6 mm \u00f8<\/li>\n<li style=\"font-weight: 400\">Disco de pesas<\/li>\n<li style=\"font-weight: 400\">V\u00e1lvulas antirretorno 6 mm \u00f8<\/li>\n<\/ul>\n<\/td>\n<td colspan=\"2\">\n<ul>\n<li style=\"font-weight: 400\">Tee para manguera de 6 mm \u00f8<\/li>\n<li style=\"font-weight: 400\">Pizarra<\/li>\n<li style=\"font-weight: 400\">Calculadora<\/li>\n<li style=\"font-weight: 400\">Calibre<\/li>\n<\/ul>\n<\/td>\n<\/tr>\n<\/tbody>\n<\/table>\n<\/td>\n<\/tr>\n<\/tbody>\n<\/table>\n<p>[\/vc_column_text][vc_column_text]<\/p>\n<table style=\"height: 71px\" width=\"390\">\n<tbody>\n<tr>\n<td width=\"152\"><strong>Investigador<\/strong><\/td>\n<td width=\"152\">Aar\u00f3n Miguel Acevedo Rever\u00f3n<\/td>\n<\/tr>\n<tr>\n<td><strong>Departamento<\/strong><\/td>\n<td>Ingenier\u00eda Civil, N\u00e1utica y Mar\u00edtima<\/td>\n<\/tr>\n<\/tbody>\n<\/table>\n<p>[\/vc_column_text][vc_empty_space][vc_btn title=\u00bbDescargar ficha del taller\u00bb color=\u00bborange\u00bb align=\u00bbcenter\u00bb link=\u00bburl:https%3A%2F%2Fdrive.google.com%2Ffile%2Fd%2F1_-Etc2wA1IheqW0sZKVGJhljb8W8qAqU%2Fview%3Fusp%3Dsharing|target:_blank\u00bb][\/vc_column][\/vc_row]<\/p>\n","protected":false},"excerpt":{"rendered":"<p>[vc_row][vc_column][vc_custom_heading source=\u00bbpost_title\u00bb font_container=\u00bbtag:h2|text_align:left|color:%23dd9933&#8243; google_fonts=\u00bbfont_family:Roboto%20Slab%3A100%2C300%2Cregular%2C700|font_style:700%20bold%20regular%3A700%3Anormal\u00bb][vc_single_image image=\u00bb37456&#8243;][vc_empty_space][vc_column_text] Breve descripci\u00f3n En este taller se describir\u00e1 el principio de Pascal, el cual se aprovecha para transmitir presiones y amplificar fuerzas, siendo la base de numerosos dispositivos hidr\u00e1ulicos como elevadores (gatos hidr\u00e1ulicos), prensas hidr\u00e1ulicas o sistemas de freno. A trav\u00e9s de experimentos sencillos con jeringuillas y circuitos hidr\u00e1ulicos b\u00e1sicos, el&#8230;<\/p>\n","protected":false},"author":56,"featured_media":0,"parent":27036,"menu_order":24,"comment_status":"closed","ping_status":"closed","template":"","meta":{"inline_featured_image":false,"footnotes":""},"acf":[],"yoast_head":"<!-- This site is optimized with the Yoast SEO plugin v21.3 - https:\/\/yoast.com\/wordpress\/plugins\/seo\/ -->\n<title>Taller 24. \u00abPrincipio de Pascal\u00bb -<\/title>\n<meta name=\"robots\" content=\"index, follow, max-snippet:-1, max-image-preview:large, max-video-preview:-1\" \/>\n<link rel=\"canonical\" href=\"https:\/\/www.ull.es\/portal\/cienciaull\/laboratorio-virtual-conecta-cienciull\/ciencia-y-tecnologia\/taller-24-principio-de-pascal\/\" \/>\n<meta property=\"og:locale\" content=\"es_ES\" \/>\n<meta property=\"og:type\" content=\"article\" \/>\n<meta property=\"og:title\" content=\"Taller 24. \u00abPrincipio de Pascal\u00bb -\" \/>\n<meta property=\"og:description\" content=\"[vc_row][vc_column][vc_custom_heading source=\u00bbpost_title\u00bb font_container=\u00bbtag:h2|text_align:left|color:%23dd9933&#8243; google_fonts=\u00bbfont_family:Roboto%20Slab%3A100%2C300%2Cregular%2C700|font_style:700%20bold%20regular%3A700%3Anormal\u00bb][vc_single_image image=\u00bb37456&#8243;][vc_empty_space][vc_column_text] Breve descripci\u00f3n En este taller se describir\u00e1 el principio de Pascal, el cual se aprovecha para transmitir presiones y amplificar fuerzas, siendo la base de numerosos dispositivos hidr\u00e1ulicos como elevadores (gatos hidr\u00e1ulicos), prensas hidr\u00e1ulicas o sistemas de freno. A trav\u00e9s de experimentos sencillos con jeringuillas y circuitos hidr\u00e1ulicos b\u00e1sicos, el...\" \/>\n<meta property=\"og:url\" content=\"https:\/\/www.ull.es\/portal\/cienciaull\/laboratorio-virtual-conecta-cienciull\/ciencia-y-tecnologia\/taller-24-principio-de-pascal\/\" \/>\n<meta property=\"article:publisher\" content=\"https:\/\/www.facebook.com\/CienciaULL\/\" \/>\n<meta property=\"article:modified_time\" content=\"2026-05-05T10:57:11+00:00\" \/>\n<meta name=\"twitter:card\" content=\"summary_large_image\" \/>\n<meta name=\"twitter:site\" content=\"@CienciaULL\" \/>\n<meta name=\"twitter:label1\" content=\"Tiempo de lectura\" \/>\n\t<meta name=\"twitter:data1\" content=\"1 minuto\" \/>\n<script type=\"application\/ld+json\" class=\"yoast-schema-graph\">{\"@context\":\"https:\/\/schema.org\",\"@graph\":[{\"@type\":\"WebPage\",\"@id\":\"https:\/\/www.ull.es\/portal\/cienciaull\/laboratorio-virtual-conecta-cienciull\/ciencia-y-tecnologia\/taller-24-principio-de-pascal\/\",\"url\":\"https:\/\/www.ull.es\/portal\/cienciaull\/laboratorio-virtual-conecta-cienciull\/ciencia-y-tecnologia\/taller-24-principio-de-pascal\/\",\"name\":\"Taller 24. \u00abPrincipio de Pascal\u00bb -\",\"isPartOf\":{\"@id\":\"https:\/\/www.ull.es\/portal\/cienciaull\/#website\"},\"datePublished\":\"2026-05-05T10:52:45+00:00\",\"dateModified\":\"2026-05-05T10:57:11+00:00\",\"breadcrumb\":{\"@id\":\"https:\/\/www.ull.es\/portal\/cienciaull\/laboratorio-virtual-conecta-cienciull\/ciencia-y-tecnologia\/taller-24-principio-de-pascal\/#breadcrumb\"},\"inLanguage\":\"es\",\"potentialAction\":[{\"@type\":\"ReadAction\",\"target\":[\"https:\/\/www.ull.es\/portal\/cienciaull\/laboratorio-virtual-conecta-cienciull\/ciencia-y-tecnologia\/taller-24-principio-de-pascal\/\"]}]},{\"@type\":\"BreadcrumbList\",\"@id\":\"https:\/\/www.ull.es\/portal\/cienciaull\/laboratorio-virtual-conecta-cienciull\/ciencia-y-tecnologia\/taller-24-principio-de-pascal\/#breadcrumb\",\"itemListElement\":[{\"@type\":\"ListItem\",\"position\":1,\"name\":\"Portada\",\"item\":\"https:\/\/www.ull.es\/portal\/cienciaull\/\"},{\"@type\":\"ListItem\",\"position\":2,\"name\":\"Laboratorio Virtual Conecta Cienci@ULL\",\"item\":\"https:\/\/www.ull.es\/portal\/cienciaull\/laboratorio-virtual-conecta-cienciull\/\"},{\"@type\":\"ListItem\",\"position\":3,\"name\":\"Ciencia y Tecnolog\u00eda\",\"item\":\"https:\/\/www.ull.es\/portal\/cienciaull\/laboratorio-virtual-conecta-cienciull\/ciencia-y-tecnologia\/\"},{\"@type\":\"ListItem\",\"position\":4,\"name\":\"Taller 24. \u00abPrincipio de Pascal\u00bb\"}]},{\"@type\":\"WebSite\",\"@id\":\"https:\/\/www.ull.es\/portal\/cienciaull\/#website\",\"url\":\"https:\/\/www.ull.es\/portal\/cienciaull\/\",\"name\":\"\",\"description\":\"Unidad de Cultura Cient\u00edfica y de la Innovaci\u00f3n de la Universidad de La Laguna\",\"potentialAction\":[{\"@type\":\"SearchAction\",\"target\":{\"@type\":\"EntryPoint\",\"urlTemplate\":\"https:\/\/www.ull.es\/portal\/cienciaull\/?s={search_term_string}\"},\"query-input\":\"required name=search_term_string\"}],\"inLanguage\":\"es\"}]}<\/script>\n<!-- \/ Yoast SEO plugin. -->","yoast_head_json":{"title":"Taller 24. \u00abPrincipio de Pascal\u00bb -","robots":{"index":"index","follow":"follow","max-snippet":"max-snippet:-1","max-image-preview":"max-image-preview:large","max-video-preview":"max-video-preview:-1"},"canonical":"https:\/\/www.ull.es\/portal\/cienciaull\/laboratorio-virtual-conecta-cienciull\/ciencia-y-tecnologia\/taller-24-principio-de-pascal\/","og_locale":"es_ES","og_type":"article","og_title":"Taller 24. \u00abPrincipio de Pascal\u00bb -","og_description":"[vc_row][vc_column][vc_custom_heading source=\u00bbpost_title\u00bb font_container=\u00bbtag:h2|text_align:left|color:%23dd9933&#8243; google_fonts=\u00bbfont_family:Roboto%20Slab%3A100%2C300%2Cregular%2C700|font_style:700%20bold%20regular%3A700%3Anormal\u00bb][vc_single_image image=\u00bb37456&#8243;][vc_empty_space][vc_column_text] Breve descripci\u00f3n En este taller se describir\u00e1 el principio de Pascal, el cual se aprovecha para transmitir presiones y amplificar fuerzas, siendo la base de numerosos dispositivos hidr\u00e1ulicos como elevadores (gatos hidr\u00e1ulicos), prensas hidr\u00e1ulicas o sistemas de freno. A trav\u00e9s de experimentos sencillos con jeringuillas y circuitos hidr\u00e1ulicos b\u00e1sicos, el...","og_url":"https:\/\/www.ull.es\/portal\/cienciaull\/laboratorio-virtual-conecta-cienciull\/ciencia-y-tecnologia\/taller-24-principio-de-pascal\/","article_publisher":"https:\/\/www.facebook.com\/CienciaULL\/","article_modified_time":"2026-05-05T10:57:11+00:00","twitter_card":"summary_large_image","twitter_site":"@CienciaULL","twitter_misc":{"Tiempo de lectura":"1 minuto"},"schema":{"@context":"https:\/\/schema.org","@graph":[{"@type":"WebPage","@id":"https:\/\/www.ull.es\/portal\/cienciaull\/laboratorio-virtual-conecta-cienciull\/ciencia-y-tecnologia\/taller-24-principio-de-pascal\/","url":"https:\/\/www.ull.es\/portal\/cienciaull\/laboratorio-virtual-conecta-cienciull\/ciencia-y-tecnologia\/taller-24-principio-de-pascal\/","name":"Taller 24. \u00abPrincipio de Pascal\u00bb -","isPartOf":{"@id":"https:\/\/www.ull.es\/portal\/cienciaull\/#website"},"datePublished":"2026-05-05T10:52:45+00:00","dateModified":"2026-05-05T10:57:11+00:00","breadcrumb":{"@id":"https:\/\/www.ull.es\/portal\/cienciaull\/laboratorio-virtual-conecta-cienciull\/ciencia-y-tecnologia\/taller-24-principio-de-pascal\/#breadcrumb"},"inLanguage":"es","potentialAction":[{"@type":"ReadAction","target":["https:\/\/www.ull.es\/portal\/cienciaull\/laboratorio-virtual-conecta-cienciull\/ciencia-y-tecnologia\/taller-24-principio-de-pascal\/"]}]},{"@type":"BreadcrumbList","@id":"https:\/\/www.ull.es\/portal\/cienciaull\/laboratorio-virtual-conecta-cienciull\/ciencia-y-tecnologia\/taller-24-principio-de-pascal\/#breadcrumb","itemListElement":[{"@type":"ListItem","position":1,"name":"Portada","item":"https:\/\/www.ull.es\/portal\/cienciaull\/"},{"@type":"ListItem","position":2,"name":"Laboratorio Virtual Conecta Cienci@ULL","item":"https:\/\/www.ull.es\/portal\/cienciaull\/laboratorio-virtual-conecta-cienciull\/"},{"@type":"ListItem","position":3,"name":"Ciencia y Tecnolog\u00eda","item":"https:\/\/www.ull.es\/portal\/cienciaull\/laboratorio-virtual-conecta-cienciull\/ciencia-y-tecnologia\/"},{"@type":"ListItem","position":4,"name":"Taller 24. \u00abPrincipio de Pascal\u00bb"}]},{"@type":"WebSite","@id":"https:\/\/www.ull.es\/portal\/cienciaull\/#website","url":"https:\/\/www.ull.es\/portal\/cienciaull\/","name":"","description":"Unidad de Cultura Cient\u00edfica y de la Innovaci\u00f3n de la Universidad de La Laguna","potentialAction":[{"@type":"SearchAction","target":{"@type":"EntryPoint","urlTemplate":"https:\/\/www.ull.es\/portal\/cienciaull\/?s={search_term_string}"},"query-input":"required name=search_term_string"}],"inLanguage":"es"}]}},"_links":{"self":[{"href":"https:\/\/www.ull.es\/portal\/cienciaull\/wp-json\/wp\/v2\/pages\/37455"}],"collection":[{"href":"https:\/\/www.ull.es\/portal\/cienciaull\/wp-json\/wp\/v2\/pages"}],"about":[{"href":"https:\/\/www.ull.es\/portal\/cienciaull\/wp-json\/wp\/v2\/types\/page"}],"author":[{"embeddable":true,"href":"https:\/\/www.ull.es\/portal\/cienciaull\/wp-json\/wp\/v2\/users\/56"}],"replies":[{"embeddable":true,"href":"https:\/\/www.ull.es\/portal\/cienciaull\/wp-json\/wp\/v2\/comments?post=37455"}],"version-history":[{"count":4,"href":"https:\/\/www.ull.es\/portal\/cienciaull\/wp-json\/wp\/v2\/pages\/37455\/revisions"}],"predecessor-version":[{"id":37459,"href":"https:\/\/www.ull.es\/portal\/cienciaull\/wp-json\/wp\/v2\/pages\/37455\/revisions\/37459"}],"up":[{"embeddable":true,"href":"https:\/\/www.ull.es\/portal\/cienciaull\/wp-json\/wp\/v2\/pages\/27036"}],"wp:attachment":[{"href":"https:\/\/www.ull.es\/portal\/cienciaull\/wp-json\/wp\/v2\/media?parent=37455"}],"curies":[{"name":"wp","href":"https:\/\/api.w.org\/{rel}","templated":true}]}}