{"id":37480,"date":"2026-05-08T07:56:53","date_gmt":"2026-05-08T07:56:53","guid":{"rendered":"https:\/\/www.ull.es\/portal\/cienciaull\/?page_id=37480"},"modified":"2026-05-08T07:57:36","modified_gmt":"2026-05-08T07:57:36","slug":"taller-10-microondas-aplicadas-a-la-escultura-ceramica","status":"publish","type":"page","link":"https:\/\/www.ull.es\/portal\/cienciaull\/laboratorio-virtual-conecta-cienciull\/ciencias-sociales-humanidades-y-arte\/taller-10-microondas-aplicadas-a-la-escultura-ceramica\/","title":{"rendered":"Taller 10. \u00abMicroondas aplicadas a la Escultura Cer\u00e1mica\u00bb"},"content":{"rendered":"<p>[vc_row][vc_column][vc_custom_heading source=\u00bbpost_title\u00bb font_container=\u00bbtag:h2|text_align:left|color:%235499c7&#8243; google_fonts=\u00bbfont_family:Roboto%20Slab%3A100%2C300%2Cregular%2C700|font_style:700%20bold%20regular%3A700%3Anormal\u00bb][vc_video link=\u00bbhttps:\/\/youtu.be\/UHQZnkkQJrI\u00bb][\/vc_column][\/vc_row][vc_row][vc_column][vc_empty_space][vc_column_text]<\/p>\n<table style=\"height: 76px\" width=\"1223\">\n<tbody>\n<tr>\n<td width=\"120\">Breve descripci\u00f3n<\/td>\n<\/tr>\n<tr>\n<td style=\"text-align: justify\">\n<div class=\"\" data-turn-id-container=\"a1a7b047-d77d-41c1-9880-6285151fe71e\" data-is-intersecting=\"true\">\n<p><span style=\"font-weight: 400\">El taller \u201cMicroondas aplicadas a la Escultura Cer\u00e1mica\u201d, propone una experiencia breve, din\u00e1mica y segura, que combina creatividad art\u00edstica, ciencia y tecnolog\u00eda. <\/span><span style=\"font-weight: 400\">Durante el taller, el alumnado conocer\u00e1 de forma sencilla los principios<\/span> <span style=\"font-weight: 400\">b\u00e1sicos de la cer\u00e1mica, el modelado tridimensional y el funcionamiento del microondas como fuente de energ\u00eda t\u00e9rmica. A partir de una peque\u00f1a pieza previamente modelada o realizada in situ, se mostrar\u00e1 c\u00f3mo la cer\u00e1mica puede endurecerse y transformarse en 3 min, aplicando la tecnolog\u00eda por microondas, frente a los largos tiempos de cocci\u00f3n tradicionales, los cuales en emisi\u00f3n de gases, tiempo y rapidez, optimizamos por completo estos procesos.<\/span><\/p>\n<\/div>\n<\/td>\n<\/tr>\n<\/tbody>\n<\/table>\n<p>[\/vc_column_text][vc_column_text]<\/p>\n<table style=\"height: 98px\" width=\"1232\">\n<tbody>\n<tr>\n<td width=\"120\"><strong>P\u00fablico al que se dirige<\/strong><\/td>\n<td width=\"65\"><strong>Duraci\u00f3n<\/strong><\/td>\n<\/tr>\n<tr>\n<td>Alumnado de ESO y Bachillerato<\/td>\n<td>10 minutos<\/td>\n<\/tr>\n<\/tbody>\n<\/table>\n<p>[\/vc_column_text][vc_column_text]<\/p>\n<table>\n<tbody>\n<tr>\n<td colspan=\"2\" width=\"566\"><strong>Materiales y recursos<\/strong><\/td>\n<\/tr>\n<tr>\n<td width=\"283\">\n<ul>\n<li style=\"font-weight: 400\"><span style=\"font-weight: 400\">Arcilla Blanca o roja<\/span><\/li>\n<li style=\"font-weight: 400\"><span style=\"font-weight: 400\">Molde\u00a0<\/span><\/li>\n<li style=\"font-weight: 400\"><span style=\"font-weight: 400\">Herramientas de modelado<\/span><\/li>\n<li style=\"font-weight: 400\"><span style=\"font-weight: 400\">Vaciadores<\/span><\/li>\n<\/ul>\n<\/td>\n<td width=\"283\">\n<ul>\n<li style=\"font-weight: 400\"><span style=\"font-weight: 400\">Bolsa de papel de palomitas<\/span><\/li>\n<li style=\"font-weight: 400\"><span style=\"font-weight: 400\">Microondas<\/span><\/li>\n<li style=\"font-weight: 400\"><span style=\"font-weight: 400\">Guante de cuero<\/span><\/li>\n<\/ul>\n<\/td>\n<\/tr>\n<\/tbody>\n<\/table>\n<p>[\/vc_column_text][vc_column_text]<\/p>\n<table style=\"height: 38px\" width=\"1229\">\n<tbody>\n<tr>\n<td width=\"120\"><strong>Investigadoras<\/strong><\/td>\n<td width=\"65\"><span style=\"font-weight: 400\">Claudia Hern\u00e1ndez Bola\u00f1os<\/span><\/td>\n<\/tr>\n<tr>\n<td><strong>Departamento<\/strong><\/td>\n<td><span style=\"font-weight: 400\">Grupo de Investigaci\u00f3n \u201cT\u00e9cnicas, procedimientos y discursos escult\u00f3ricos contempor\u00e1neos\u201d ( TCPER) \u00c1rea de artes y Humanidades, Facultad de Bellas Artes de la Univesidad de La Laguna<\/span><\/td>\n<\/tr>\n<\/tbody>\n<\/table>\n<p>[\/vc_column_text][vc_empty_space][vc_btn title=\u00bbDescargar ficha del taller\u00bb color=\u00bborange\u00bb size=\u00bblg\u00bb align=\u00bbcenter\u00bb link=\u00bburl:https%3A%2F%2Fdrive.google.com%2Ffile%2Fd%2F1pKbaJI8A2hWnBBkBCkacEp81Y0sJz5Z-%2Fview%3Fusp%3Dsharing|target:_blank\u00bb][\/vc_column][\/vc_row]<\/p>\n","protected":false},"excerpt":{"rendered":"<p>[vc_row][vc_column][vc_custom_heading source=\u00bbpost_title\u00bb font_container=\u00bbtag:h2|text_align:left|color:%235499c7&#8243; google_fonts=\u00bbfont_family:Roboto%20Slab%3A100%2C300%2Cregular%2C700|font_style:700%20bold%20regular%3A700%3Anormal\u00bb][vc_video link=\u00bbhttps:\/\/youtu.be\/UHQZnkkQJrI\u00bb][\/vc_column][\/vc_row][vc_row][vc_column][vc_empty_space][vc_column_text] Breve descripci\u00f3n El taller \u201cMicroondas aplicadas a la Escultura Cer\u00e1mica\u201d, propone una experiencia breve, din\u00e1mica y segura, que combina creatividad art\u00edstica, ciencia y tecnolog\u00eda. Durante el taller, el alumnado conocer\u00e1 de forma sencilla los principios b\u00e1sicos de la cer\u00e1mica, el modelado tridimensional y el funcionamiento del microondas como fuente de&#8230;<\/p>\n","protected":false},"author":56,"featured_media":0,"parent":27022,"menu_order":10,"comment_status":"closed","ping_status":"closed","template":"","meta":{"inline_featured_image":false,"footnotes":""},"acf":[],"yoast_head":"<!-- This site is optimized with the Yoast SEO plugin v21.3 - https:\/\/yoast.com\/wordpress\/plugins\/seo\/ -->\n<title>Taller 10. \u00abMicroondas aplicadas a la Escultura Cer\u00e1mica\u00bb -<\/title>\n<meta name=\"robots\" content=\"index, follow, max-snippet:-1, max-image-preview:large, max-video-preview:-1\" \/>\n<link rel=\"canonical\" href=\"https:\/\/www.ull.es\/portal\/cienciaull\/laboratorio-virtual-conecta-cienciull\/ciencias-sociales-humanidades-y-arte\/taller-10-microondas-aplicadas-a-la-escultura-ceramica\/\" \/>\n<meta property=\"og:locale\" content=\"es_ES\" \/>\n<meta property=\"og:type\" content=\"article\" \/>\n<meta property=\"og:title\" content=\"Taller 10. \u00abMicroondas aplicadas a la Escultura Cer\u00e1mica\u00bb -\" \/>\n<meta property=\"og:description\" content=\"[vc_row][vc_column][vc_custom_heading source=\u00bbpost_title\u00bb font_container=\u00bbtag:h2|text_align:left|color:%235499c7&#8243; google_fonts=\u00bbfont_family:Roboto%20Slab%3A100%2C300%2Cregular%2C700|font_style:700%20bold%20regular%3A700%3Anormal\u00bb][vc_video link=\u00bbhttps:\/\/youtu.be\/UHQZnkkQJrI\u00bb][\/vc_column][\/vc_row][vc_row][vc_column][vc_empty_space][vc_column_text] Breve descripci\u00f3n El taller \u201cMicroondas aplicadas a la Escultura Cer\u00e1mica\u201d, propone una experiencia breve, din\u00e1mica y segura, que combina creatividad art\u00edstica, ciencia y tecnolog\u00eda. Durante el taller, el alumnado conocer\u00e1 de forma sencilla los principios b\u00e1sicos de la cer\u00e1mica, el modelado tridimensional y el funcionamiento del microondas como fuente de...\" \/>\n<meta property=\"og:url\" content=\"https:\/\/www.ull.es\/portal\/cienciaull\/laboratorio-virtual-conecta-cienciull\/ciencias-sociales-humanidades-y-arte\/taller-10-microondas-aplicadas-a-la-escultura-ceramica\/\" \/>\n<meta property=\"article:publisher\" content=\"https:\/\/www.facebook.com\/CienciaULL\/\" \/>\n<meta property=\"article:modified_time\" content=\"2026-05-08T07:57:36+00:00\" \/>\n<meta name=\"twitter:card\" content=\"summary_large_image\" \/>\n<meta name=\"twitter:site\" content=\"@CienciaULL\" \/>\n<meta name=\"twitter:label1\" content=\"Tiempo de lectura\" \/>\n\t<meta name=\"twitter:data1\" content=\"1 minuto\" \/>\n<script type=\"application\/ld+json\" class=\"yoast-schema-graph\">{\"@context\":\"https:\/\/schema.org\",\"@graph\":[{\"@type\":\"WebPage\",\"@id\":\"https:\/\/www.ull.es\/portal\/cienciaull\/laboratorio-virtual-conecta-cienciull\/ciencias-sociales-humanidades-y-arte\/taller-10-microondas-aplicadas-a-la-escultura-ceramica\/\",\"url\":\"https:\/\/www.ull.es\/portal\/cienciaull\/laboratorio-virtual-conecta-cienciull\/ciencias-sociales-humanidades-y-arte\/taller-10-microondas-aplicadas-a-la-escultura-ceramica\/\",\"name\":\"Taller 10. \u00abMicroondas aplicadas a la Escultura Cer\u00e1mica\u00bb -\",\"isPartOf\":{\"@id\":\"https:\/\/www.ull.es\/portal\/cienciaull\/#website\"},\"datePublished\":\"2026-05-08T07:56:53+00:00\",\"dateModified\":\"2026-05-08T07:57:36+00:00\",\"breadcrumb\":{\"@id\":\"https:\/\/www.ull.es\/portal\/cienciaull\/laboratorio-virtual-conecta-cienciull\/ciencias-sociales-humanidades-y-arte\/taller-10-microondas-aplicadas-a-la-escultura-ceramica\/#breadcrumb\"},\"inLanguage\":\"es\",\"potentialAction\":[{\"@type\":\"ReadAction\",\"target\":[\"https:\/\/www.ull.es\/portal\/cienciaull\/laboratorio-virtual-conecta-cienciull\/ciencias-sociales-humanidades-y-arte\/taller-10-microondas-aplicadas-a-la-escultura-ceramica\/\"]}]},{\"@type\":\"BreadcrumbList\",\"@id\":\"https:\/\/www.ull.es\/portal\/cienciaull\/laboratorio-virtual-conecta-cienciull\/ciencias-sociales-humanidades-y-arte\/taller-10-microondas-aplicadas-a-la-escultura-ceramica\/#breadcrumb\",\"itemListElement\":[{\"@type\":\"ListItem\",\"position\":1,\"name\":\"Portada\",\"item\":\"https:\/\/www.ull.es\/portal\/cienciaull\/\"},{\"@type\":\"ListItem\",\"position\":2,\"name\":\"Laboratorio Virtual Conecta Cienci@ULL\",\"item\":\"https:\/\/www.ull.es\/portal\/cienciaull\/laboratorio-virtual-conecta-cienciull\/\"},{\"@type\":\"ListItem\",\"position\":3,\"name\":\"Ciencias Sociales, Humanidades y Arte\",\"item\":\"https:\/\/www.ull.es\/portal\/cienciaull\/laboratorio-virtual-conecta-cienciull\/ciencias-sociales-humanidades-y-arte\/\"},{\"@type\":\"ListItem\",\"position\":4,\"name\":\"Taller 10. \u00abMicroondas aplicadas a la Escultura Cer\u00e1mica\u00bb\"}]},{\"@type\":\"WebSite\",\"@id\":\"https:\/\/www.ull.es\/portal\/cienciaull\/#website\",\"url\":\"https:\/\/www.ull.es\/portal\/cienciaull\/\",\"name\":\"\",\"description\":\"Unidad de Cultura Cient\u00edfica y de la Innovaci\u00f3n de la Universidad de La Laguna\",\"potentialAction\":[{\"@type\":\"SearchAction\",\"target\":{\"@type\":\"EntryPoint\",\"urlTemplate\":\"https:\/\/www.ull.es\/portal\/cienciaull\/?s={search_term_string}\"},\"query-input\":\"required name=search_term_string\"}],\"inLanguage\":\"es\"}]}<\/script>\n<!-- \/ Yoast SEO plugin. -->","yoast_head_json":{"title":"Taller 10. \u00abMicroondas aplicadas a la Escultura Cer\u00e1mica\u00bb -","robots":{"index":"index","follow":"follow","max-snippet":"max-snippet:-1","max-image-preview":"max-image-preview:large","max-video-preview":"max-video-preview:-1"},"canonical":"https:\/\/www.ull.es\/portal\/cienciaull\/laboratorio-virtual-conecta-cienciull\/ciencias-sociales-humanidades-y-arte\/taller-10-microondas-aplicadas-a-la-escultura-ceramica\/","og_locale":"es_ES","og_type":"article","og_title":"Taller 10. \u00abMicroondas aplicadas a la Escultura Cer\u00e1mica\u00bb -","og_description":"[vc_row][vc_column][vc_custom_heading source=\u00bbpost_title\u00bb font_container=\u00bbtag:h2|text_align:left|color:%235499c7&#8243; google_fonts=\u00bbfont_family:Roboto%20Slab%3A100%2C300%2Cregular%2C700|font_style:700%20bold%20regular%3A700%3Anormal\u00bb][vc_video link=\u00bbhttps:\/\/youtu.be\/UHQZnkkQJrI\u00bb][\/vc_column][\/vc_row][vc_row][vc_column][vc_empty_space][vc_column_text] Breve descripci\u00f3n El taller \u201cMicroondas aplicadas a la Escultura Cer\u00e1mica\u201d, propone una experiencia breve, din\u00e1mica y segura, que combina creatividad art\u00edstica, ciencia y tecnolog\u00eda. Durante el taller, el alumnado conocer\u00e1 de forma sencilla los principios b\u00e1sicos de la cer\u00e1mica, el modelado tridimensional y el funcionamiento del microondas como fuente de...","og_url":"https:\/\/www.ull.es\/portal\/cienciaull\/laboratorio-virtual-conecta-cienciull\/ciencias-sociales-humanidades-y-arte\/taller-10-microondas-aplicadas-a-la-escultura-ceramica\/","article_publisher":"https:\/\/www.facebook.com\/CienciaULL\/","article_modified_time":"2026-05-08T07:57:36+00:00","twitter_card":"summary_large_image","twitter_site":"@CienciaULL","twitter_misc":{"Tiempo de lectura":"1 minuto"},"schema":{"@context":"https:\/\/schema.org","@graph":[{"@type":"WebPage","@id":"https:\/\/www.ull.es\/portal\/cienciaull\/laboratorio-virtual-conecta-cienciull\/ciencias-sociales-humanidades-y-arte\/taller-10-microondas-aplicadas-a-la-escultura-ceramica\/","url":"https:\/\/www.ull.es\/portal\/cienciaull\/laboratorio-virtual-conecta-cienciull\/ciencias-sociales-humanidades-y-arte\/taller-10-microondas-aplicadas-a-la-escultura-ceramica\/","name":"Taller 10. \u00abMicroondas aplicadas a la Escultura Cer\u00e1mica\u00bb -","isPartOf":{"@id":"https:\/\/www.ull.es\/portal\/cienciaull\/#website"},"datePublished":"2026-05-08T07:56:53+00:00","dateModified":"2026-05-08T07:57:36+00:00","breadcrumb":{"@id":"https:\/\/www.ull.es\/portal\/cienciaull\/laboratorio-virtual-conecta-cienciull\/ciencias-sociales-humanidades-y-arte\/taller-10-microondas-aplicadas-a-la-escultura-ceramica\/#breadcrumb"},"inLanguage":"es","potentialAction":[{"@type":"ReadAction","target":["https:\/\/www.ull.es\/portal\/cienciaull\/laboratorio-virtual-conecta-cienciull\/ciencias-sociales-humanidades-y-arte\/taller-10-microondas-aplicadas-a-la-escultura-ceramica\/"]}]},{"@type":"BreadcrumbList","@id":"https:\/\/www.ull.es\/portal\/cienciaull\/laboratorio-virtual-conecta-cienciull\/ciencias-sociales-humanidades-y-arte\/taller-10-microondas-aplicadas-a-la-escultura-ceramica\/#breadcrumb","itemListElement":[{"@type":"ListItem","position":1,"name":"Portada","item":"https:\/\/www.ull.es\/portal\/cienciaull\/"},{"@type":"ListItem","position":2,"name":"Laboratorio Virtual Conecta Cienci@ULL","item":"https:\/\/www.ull.es\/portal\/cienciaull\/laboratorio-virtual-conecta-cienciull\/"},{"@type":"ListItem","position":3,"name":"Ciencias Sociales, Humanidades y Arte","item":"https:\/\/www.ull.es\/portal\/cienciaull\/laboratorio-virtual-conecta-cienciull\/ciencias-sociales-humanidades-y-arte\/"},{"@type":"ListItem","position":4,"name":"Taller 10. \u00abMicroondas aplicadas a la Escultura Cer\u00e1mica\u00bb"}]},{"@type":"WebSite","@id":"https:\/\/www.ull.es\/portal\/cienciaull\/#website","url":"https:\/\/www.ull.es\/portal\/cienciaull\/","name":"","description":"Unidad de Cultura Cient\u00edfica y de la Innovaci\u00f3n de la Universidad de La Laguna","potentialAction":[{"@type":"SearchAction","target":{"@type":"EntryPoint","urlTemplate":"https:\/\/www.ull.es\/portal\/cienciaull\/?s={search_term_string}"},"query-input":"required name=search_term_string"}],"inLanguage":"es"}]}},"_links":{"self":[{"href":"https:\/\/www.ull.es\/portal\/cienciaull\/wp-json\/wp\/v2\/pages\/37480"}],"collection":[{"href":"https:\/\/www.ull.es\/portal\/cienciaull\/wp-json\/wp\/v2\/pages"}],"about":[{"href":"https:\/\/www.ull.es\/portal\/cienciaull\/wp-json\/wp\/v2\/types\/page"}],"author":[{"embeddable":true,"href":"https:\/\/www.ull.es\/portal\/cienciaull\/wp-json\/wp\/v2\/users\/56"}],"replies":[{"embeddable":true,"href":"https:\/\/www.ull.es\/portal\/cienciaull\/wp-json\/wp\/v2\/comments?post=37480"}],"version-history":[{"count":5,"href":"https:\/\/www.ull.es\/portal\/cienciaull\/wp-json\/wp\/v2\/pages\/37480\/revisions"}],"predecessor-version":[{"id":37491,"href":"https:\/\/www.ull.es\/portal\/cienciaull\/wp-json\/wp\/v2\/pages\/37480\/revisions\/37491"}],"up":[{"embeddable":true,"href":"https:\/\/www.ull.es\/portal\/cienciaull\/wp-json\/wp\/v2\/pages\/27022"}],"wp:attachment":[{"href":"https:\/\/www.ull.es\/portal\/cienciaull\/wp-json\/wp\/v2\/media?parent=37480"}],"curies":[{"name":"wp","href":"https:\/\/api.w.org\/{rel}","templated":true}]}}